{"id":6431,"date":"2019-08-01T13:06:43","date_gmt":"2019-08-01T13:06:43","guid":{"rendered":"https:\/\/penosil.com\/sealant-consumption-calculator\/"},"modified":"2025-04-04T18:18:38","modified_gmt":"2025-04-04T18:18:38","slug":"kalkulator-zuzycia-uszczelniacza","status":"publish","type":"page","link":"https:\/\/penosil.com\/pl\/baza-wiedzy\/kalkulatory\/kalkulator-zuzycia-uszczelniacza\/","title":{"rendered":"Kalkulator zu\u017cycia uszczelniacza"},"content":{"rendered":"<div id=\"pnsl-calculator-block_5d43e0cbf7ed5\" class=\"pnsl-calculator-block sealant-consumption-calculator\" role=\"form\" aria-label=\"Kalkulator zu\u017cycia uszczelniacza\">\n   <h2 class=\"mb24\">Kalkulator zu\u017cycia uszczelniacza<\/h2>\n   <fieldset class=\"calculator-part\">\n\n      <legend class=\"calculator-part-title\">\n         <h3>Wymiary spoiny <\/h3>\n      <\/legend>\n\n      <div class=\"calculator-part-inputs d-flex align-items-center flex-wrap\">\n\n         <div class=\"calculator-input mr32\">\n            <label for=\"sealant-consumption-joint-length\" class=\"input-label\">D\u0142ugo\u015b\u0107<\/label>\n            <div class=\"input-field\">\n               <input type=\"number\" id=\"sealant-consumption-joint-length\" name=\"sealant-consumption-joint-length\" aria-required=\"true\">\n               <span class=\"unit\" aria-label=\"meters\">m<\/span>\n            <\/div>\n         <\/div>\n\n         <div class=\"calculator-input mr32\">\n            <label for=\"sealant-consumption-joint-width\" class=\"input-label\">Szeroko\u015b\u0107<\/label>\n            <div class=\"input-field\">\n               <input type=\"number\" id=\"sealant-consumption-joint-width\" name=\"sealant-consumption-joint-width\" aria-required=\"true\">\n               <span class=\"unit\" aria-label=\"millimeters\">mm<\/span>\n            <\/div>\n         <\/div>\n\n         <div class=\"calculator-input\">\n            <label for=\"sealant-consumption-joint-depth\" class=\"input-label\">G\u0142\u0119boko\u015b\u0107<\/label>\n            <div class=\"input-field\">\n               <input type=\"number\" id=\"sealant-consumption-joint-depth\" name=\"sealant-consumption-joint-depth\" aria-required=\"true\">\n               <span class=\"unit\" aria-label=\"millimeters\">mm<\/span>\n            <\/div>\n         <\/div>\n\n      <\/div>\n   <\/fieldset>\n\n   <fieldset class=\"calculator-part\">\n      <legend class=\"calculator-part-title\">\n         <h3>Pojemno\u015bci naboj\u00f3w i opakowa\u0144 folii<\/h3>\n      <\/legend>\n\n      <div class=\"calculator-part-inputs d-flex align-items-center flex-wrap\">\n\n         <div class=\"calculator-input mr32\">\n            <label for=\"sealant-consumption-cartriges-capacity\" class=\"input-label\"> Pojemno\u015b\u0107 naboj\u00f3w<\/label>\n            <div class=\"input-field\">\n               <input type=\"number\" id=\"sealant-consumption-cartriges-capacity\" name=\"sealant-consumption-cartriges-capacity\" value=\"310\" aria-required=\"true\">\n               <span class=\"unit\" aria-label=\"milliliters\">ml<\/span>\n            <\/div>\n         <\/div>\n\n         <div class=\"calculator-input\">\n            <label for=\"sealant-consumption-foil-pack-capacity\" class=\"input-label\">Pojemno\u015b\u0107 opakowa\u0144 foliowych<\/label>\n            <div class=\"input-field\">\n               <input type=\"number\" id=\"sealant-consumption-foil-pack-capacity\" name=\"sealant-consumption-foil-pack-capacity\" value=\"600\" aria-required=\"true\">\n               <span class=\"unit\" aria-label=\"milliliters\">ml<\/span>\n            <\/div>\n         <\/div>\n\n      <\/div>\n   <\/fieldset>\n\n   <div class=\"calculator-output\" role=\"region\" aria-live=\"polite\" aria-label=\"Calculation results\">\n      <h3 class=\"sr-only\">Results<\/h3>\n      <div class=\"output-block output-side d-flex flex-wrap\">\n         <div class=\"output-title w100\">\n            <span>Naboje<\/span>\n         <\/div>\n         <div class=\"output-result w100\" id=\"sealant-consumption-nr-cartridges\" aria-label=\"Number of cartridges needed\">\n            0\n         <\/div>\n      <\/div>\n\n      <div class=\"output-block output-side d-flex flex-wrap\">\n         <div class=\"output-title w100\">\n            <span>Opakowania folii<\/span>\n         <\/div>\n         <div class=\"output-result w100\" id=\"sealant-consumption-nr-foil-pack\" aria-label=\"Number of foil packs needed\">\n            0\n         <\/div>\n      <\/div>\n   <\/div>\n<\/div>","protected":false},"excerpt":{"rendered":"","protected":false},"author":1,"featured_media":0,"parent":6465,"menu_order":406,"comment_status":"closed","ping_status":"closed","template":"page-templates\/template-calculators.php","meta":{"_acf_changed":false,"advgb_blocks_editor_width":"","advgb_blocks_columns_visual_guide":"","footnotes":""},"class_list":["post-6431","page","type-page","status-publish","hentry"],"acf":[],"yoast_head":"<!-- This site is optimized with the Yoast SEO plugin v27.2 - https:\/\/yoast.com\/product\/yoast-seo-wordpress\/ -->\n<title>Kalkulator zu\u017cycia uszczelniacza - PENOSIL Polska<\/title>\n<meta name=\"description\" content=\"My\u015bl ekologicznie i skorzystaj z kalkulatora zu\u017cycia uszczelniacza PENOSIL, aby obliczy\u0107, ile uszczelniacza b\u0119dziesz potrzebowa\u0107.\" \/>\n<meta name=\"robots\" content=\"index, follow, max-snippet:-1, max-image-preview:large, max-video-preview:-1\" \/>\n<link rel=\"canonical\" href=\"https:\/\/penosil.com\/pl\/baza-wiedzy\/kalkulatory\/kalkulator-zuzycia-uszczelniacza\/\" \/>\n<meta property=\"og:locale\" content=\"pl_PL\" \/>\n<meta property=\"og:type\" content=\"article\" \/>\n<meta property=\"og:title\" content=\"Kalkulator zu\u017cycia uszczelniacza - PENOSIL Polska\" \/>\n<meta property=\"og:description\" content=\"My\u015bl ekologicznie i skorzystaj z kalkulatora zu\u017cycia uszczelniacza PENOSIL, aby obliczy\u0107, ile uszczelniacza b\u0119dziesz potrzebowa\u0107.\" \/>\n<meta property=\"og:url\" content=\"https:\/\/penosil.com\/pl\/baza-wiedzy\/kalkulatory\/kalkulator-zuzycia-uszczelniacza\/\" \/>\n<meta property=\"og:site_name\" content=\"PENOSIL Polska\" \/>\n<meta property=\"article:modified_time\" content=\"2025-04-04T18:18:38+00:00\" \/>\n<meta name=\"twitter:card\" content=\"summary_large_image\" \/>\n<meta name=\"twitter:label1\" content=\"Szacowany czas czytania\" \/>\n\t<meta name=\"twitter:data1\" content=\"1 minuta\" \/>\n<script type=\"application\/ld+json\" class=\"yoast-schema-graph\">{\"@context\":\"https:\/\/schema.org\",\"@graph\":[{\"@type\":\"WebPage\",\"@id\":\"https:\/\/penosil.com\/pl\/baza-wiedzy\/kalkulatory\/kalkulator-zuzycia-uszczelniacza\/\",\"url\":\"https:\/\/penosil.com\/pl\/baza-wiedzy\/kalkulatory\/kalkulator-zuzycia-uszczelniacza\/\",\"name\":\"Kalkulator zu\u017cycia uszczelniacza - PENOSIL Polska\",\"isPartOf\":{\"@id\":\"https:\/\/penosil.com\/pl\/#website\"},\"datePublished\":\"2019-08-01T13:06:43+00:00\",\"dateModified\":\"2025-04-04T18:18:38+00:00\",\"description\":\"My\u015bl ekologicznie i skorzystaj z kalkulatora zu\u017cycia uszczelniacza PENOSIL, aby obliczy\u0107, ile uszczelniacza b\u0119dziesz potrzebowa\u0107.\",\"breadcrumb\":{\"@id\":\"https:\/\/penosil.com\/pl\/baza-wiedzy\/kalkulatory\/kalkulator-zuzycia-uszczelniacza\/#breadcrumb\"},\"inLanguage\":\"pl-PL\",\"potentialAction\":[{\"@type\":\"ReadAction\",\"target\":[\"https:\/\/penosil.com\/pl\/baza-wiedzy\/kalkulatory\/kalkulator-zuzycia-uszczelniacza\/\"]}]},{\"@type\":\"BreadcrumbList\",\"@id\":\"https:\/\/penosil.com\/pl\/baza-wiedzy\/kalkulatory\/kalkulator-zuzycia-uszczelniacza\/#breadcrumb\",\"itemListElement\":[{\"@type\":\"ListItem\",\"position\":1,\"name\":\"Home\",\"item\":\"https:\/\/penosil.com\/pl\/\"},{\"@type\":\"ListItem\",\"position\":2,\"name\":\"Baza wiedzy\",\"item\":\"https:\/\/penosil.com\/pl\/baza-wiedzy\/\"},{\"@type\":\"ListItem\",\"position\":3,\"name\":\"Kalkulatory\",\"item\":\"https:\/\/penosil.com\/pl\/baza-wiedzy\/kalkulatory\/\"},{\"@type\":\"ListItem\",\"position\":4,\"name\":\"Kalkulator zu\u017cycia uszczelniacza\"}]},{\"@type\":\"WebSite\",\"@id\":\"https:\/\/penosil.com\/pl\/#website\",\"url\":\"https:\/\/penosil.com\/pl\/\",\"name\":\"PENOSIL Polska\",\"description\":\"\",\"potentialAction\":[{\"@type\":\"SearchAction\",\"target\":{\"@type\":\"EntryPoint\",\"urlTemplate\":\"https:\/\/penosil.com\/pl\/?s={search_term_string}\"},\"query-input\":{\"@type\":\"PropertyValueSpecification\",\"valueRequired\":true,\"valueName\":\"search_term_string\"}}],\"inLanguage\":\"pl-PL\"}]}<\/script>\n<!-- \/ Yoast SEO plugin. -->","yoast_head_json":{"title":"Kalkulator zu\u017cycia uszczelniacza - PENOSIL Polska","description":"My\u015bl ekologicznie i skorzystaj z kalkulatora zu\u017cycia uszczelniacza PENOSIL, aby obliczy\u0107, ile uszczelniacza b\u0119dziesz potrzebowa\u0107.","robots":{"index":"index","follow":"follow","max-snippet":"max-snippet:-1","max-image-preview":"max-image-preview:large","max-video-preview":"max-video-preview:-1"},"canonical":"https:\/\/penosil.com\/pl\/baza-wiedzy\/kalkulatory\/kalkulator-zuzycia-uszczelniacza\/","og_locale":"pl_PL","og_type":"article","og_title":"Kalkulator zu\u017cycia uszczelniacza - PENOSIL Polska","og_description":"My\u015bl ekologicznie i skorzystaj z kalkulatora zu\u017cycia uszczelniacza PENOSIL, aby obliczy\u0107, ile uszczelniacza b\u0119dziesz potrzebowa\u0107.","og_url":"https:\/\/penosil.com\/pl\/baza-wiedzy\/kalkulatory\/kalkulator-zuzycia-uszczelniacza\/","og_site_name":"PENOSIL Polska","article_modified_time":"2025-04-04T18:18:38+00:00","twitter_card":"summary_large_image","twitter_misc":{"Szacowany czas czytania":"1 minuta"},"schema":{"@context":"https:\/\/schema.org","@graph":[{"@type":"WebPage","@id":"https:\/\/penosil.com\/pl\/baza-wiedzy\/kalkulatory\/kalkulator-zuzycia-uszczelniacza\/","url":"https:\/\/penosil.com\/pl\/baza-wiedzy\/kalkulatory\/kalkulator-zuzycia-uszczelniacza\/","name":"Kalkulator zu\u017cycia uszczelniacza - PENOSIL Polska","isPartOf":{"@id":"https:\/\/penosil.com\/pl\/#website"},"datePublished":"2019-08-01T13:06:43+00:00","dateModified":"2025-04-04T18:18:38+00:00","description":"My\u015bl ekologicznie i skorzystaj z kalkulatora zu\u017cycia uszczelniacza PENOSIL, aby obliczy\u0107, ile uszczelniacza b\u0119dziesz potrzebowa\u0107.","breadcrumb":{"@id":"https:\/\/penosil.com\/pl\/baza-wiedzy\/kalkulatory\/kalkulator-zuzycia-uszczelniacza\/#breadcrumb"},"inLanguage":"pl-PL","potentialAction":[{"@type":"ReadAction","target":["https:\/\/penosil.com\/pl\/baza-wiedzy\/kalkulatory\/kalkulator-zuzycia-uszczelniacza\/"]}]},{"@type":"BreadcrumbList","@id":"https:\/\/penosil.com\/pl\/baza-wiedzy\/kalkulatory\/kalkulator-zuzycia-uszczelniacza\/#breadcrumb","itemListElement":[{"@type":"ListItem","position":1,"name":"Home","item":"https:\/\/penosil.com\/pl\/"},{"@type":"ListItem","position":2,"name":"Baza wiedzy","item":"https:\/\/penosil.com\/pl\/baza-wiedzy\/"},{"@type":"ListItem","position":3,"name":"Kalkulatory","item":"https:\/\/penosil.com\/pl\/baza-wiedzy\/kalkulatory\/"},{"@type":"ListItem","position":4,"name":"Kalkulator zu\u017cycia uszczelniacza"}]},{"@type":"WebSite","@id":"https:\/\/penosil.com\/pl\/#website","url":"https:\/\/penosil.com\/pl\/","name":"PENOSIL Polska","description":"","potentialAction":[{"@type":"SearchAction","target":{"@type":"EntryPoint","urlTemplate":"https:\/\/penosil.com\/pl\/?s={search_term_string}"},"query-input":{"@type":"PropertyValueSpecification","valueRequired":true,"valueName":"search_term_string"}}],"inLanguage":"pl-PL"}]}},"coauthors":[],"author_meta":{"author_link":"https:\/\/penosil.com\/pl\/author\/reaktiiv-pe\/","display_name":"reaktiiv-pe"},"relative_dates":{"created":"Posted 7 lat ago","modified":"Updated 1 rok ago"},"absolute_dates":{"created":"Posted on 01\/08\/2019","modified":"Updated on 04\/04\/2025"},"absolute_dates_time":{"created":"Posted on 01\/08\/2019 13:06","modified":"Updated on 04\/04\/2025 18:18"},"featured_img_caption":"","featured_img":false,"series_order":"","_links":{"self":[{"href":"https:\/\/penosil.com\/pl\/wp-json\/wp\/v2\/pages\/6431","targetHints":{"allow":["GET"]}}],"collection":[{"href":"https:\/\/penosil.com\/pl\/wp-json\/wp\/v2\/pages"}],"about":[{"href":"https:\/\/penosil.com\/pl\/wp-json\/wp\/v2\/types\/page"}],"author":[{"embeddable":true,"href":"https:\/\/penosil.com\/pl\/wp-json\/wp\/v2\/users\/1"}],"replies":[{"embeddable":true,"href":"https:\/\/penosil.com\/pl\/wp-json\/wp\/v2\/comments?post=6431"}],"version-history":[{"count":3,"href":"https:\/\/penosil.com\/pl\/wp-json\/wp\/v2\/pages\/6431\/revisions"}],"predecessor-version":[{"id":37331,"href":"https:\/\/penosil.com\/pl\/wp-json\/wp\/v2\/pages\/6431\/revisions\/37331"}],"up":[{"embeddable":true,"href":"https:\/\/penosil.com\/pl\/wp-json\/wp\/v2\/pages\/6465"}],"wp:attachment":[{"href":"https:\/\/penosil.com\/pl\/wp-json\/wp\/v2\/media?parent=6431"}],"curies":[{"name":"wp","href":"https:\/\/api.w.org\/{rel}","templated":true}]}}