{"id":6444,"date":"2019-08-01T13:04:38","date_gmt":"2019-08-01T13:04:38","guid":{"rendered":"https:\/\/penosil.com\/stone-adhesive-consumption-calculator\/"},"modified":"2025-04-04T18:17:43","modified_gmt":"2025-04-04T18:17:43","slug":"kalkulator-zuzycia-kleju-do-kamienia","status":"publish","type":"page","link":"https:\/\/penosil.com\/pl\/baza-wiedzy\/kalkulatory\/kalkulator-zuzycia-kleju-do-kamienia\/","title":{"rendered":"Kalkulator zu\u017cycia kleju do kamienia"},"content":{"rendered":"<div id=\"pnsl-calculator-block_5d42ef2d5760b\" class=\"pnsl-calculator-block stone-adhesive-calculator\" role=\"form\" aria-label=\"Kalkulator zu\u017cycia kleju do kamienia\">\n   <h2 class=\"mb24\">Kalkulator zu\u017cycia kleju do kamienia<\/h2>\n   <fieldset class=\"calculator-part\">\n      <legend class=\"calculator-part-title\">\n         <h3>Wymiary ceg\u0142y <\/h3>\n      <\/legend>\n\n      <div class=\"calculator-part-inputs d-flex align-items-center flex-wrap\">\n\n         <div class=\"calculator-input\">\n            <label for=\"stone-consumption-brick-thickness\" class=\"input-label\">Grubo\u015b\u0107<\/label>\n            <div class=\"input-field\">\n               <input type=\"number\" id=\"stone-consumption-brick-thickness\" name=\"stone-consumption-brick-thickness\" aria-required=\"true\">\n               <span class=\"unit\" aria-label=\"millimeters\">mm<\/span>\n            <\/div>\n         <\/div>\n\n         <div class=\"calculator-separator\" aria-hidden=\"true\">x<\/div>\n\n         <div class=\"calculator-input\">\n            <label for=\"stone-consumption-brick-length\" class=\"input-label\">D\u0142ugo\u015b\u0107<\/label>\n            <div class=\"input-field\">\n               <input type=\"number\" id=\"stone-consumption-brick-length\" name=\"stone-consumption-brick-length\" aria-required=\"true\">\n               <span class=\"unit\" aria-label=\"millimeters\">mm<\/span>\n            <\/div>\n         <\/div>\n\n         <div class=\"calculator-separator\" aria-hidden=\"true\">x<\/div>\n\n         <div class=\"calculator-input\">\n            <label for=\"stone-consumption-brick-height\" class=\"input-label\">Wysoko\u015b\u0107<\/label>\n            <div class=\"input-field\">\n               <input type=\"number\" id=\"stone-consumption-brick-height\" name=\"stone-consumption-brick-height\" aria-required=\"true\">\n               <span class=\"unit\" aria-label=\"millimeters\">mm<\/span>\n            <\/div>\n         <\/div>\n      <\/div>\n   <\/fieldset>\n\n   <fieldset class=\"calculator-part\">\n      <legend class=\"calculator-part-title\">\n         <h3>Wymiary \u015bciany <\/h3>\n      <\/legend>\n\n      <div class=\"calculator-part-inputs d-flex align-items-center flex-wrap\">\n\n         <div class=\"calculator-input\">\n            <label for=\"stone-consumption-wall-height\" class=\"input-label\">Wysoko\u015b\u0107<\/label>\n            <div class=\"input-field\">\n               <input type=\"number\" id=\"stone-consumption-wall-height\" name=\"stone-consumption-wall-height\" onchange=\"this.value = this.value.replace(\/,\/g, '.')\" aria-required=\"true\">\n               <span class=\"unit\" aria-label=\"meters\">m<\/span>\n            <\/div>\n         <\/div>\n\n         <div class=\"calculator-separator\" aria-hidden=\"true\">x<\/div>\n\n         <div class=\"calculator-input\">\n            <label for=\"stone-consumption-wall-width\" class=\"input-label\">Szeroko\u015b\u0107<\/label>\n            <div class=\"input-field\">\n               <input type=\"number\" id=\"stone-consumption-wall-width\" name=\"stone-consumption-wall-width\" onchange=\"this.value = this.value.replace(\/,\/g, '.')\" aria-required=\"true\">\n               <span class=\"unit\" aria-label=\"meters\">m<\/span>\n            <\/div>\n         <\/div>\n\n      <\/div>\n   <\/fieldset>\n\n   <div class=\"calculator-output\" role=\"region\" aria-live=\"polite\" aria-label=\"Calculation results\">\n      <h3 class=\"sr-only\">Results<\/h3>\n      <div class=\"output-block output-side d-flex flex-wrap\">\n         <div class=\"output-title w100\">\n            <span>Liczba cegie\u0142<\/span>\n         <\/div>\n         <div class=\"output-result w100\" id=\"stone-consumption-nr-blocks\" aria-label=\"Number of blocks needed\">\n            0\n         <\/div>\n      <\/div>\n\n      <div class=\"output-block output-side d-flex flex-wrap\">\n         <div class=\"output-title w100\">\n            <span>Puszki<\/span>\n         <\/div>\n         <div class=\"output-result w100\" id=\"stone-consumption-nr-cans\" aria-label=\"Number of cans needed\">\n            0\n         <\/div>\n      <\/div>\n   <\/div>\n<\/div>","protected":false},"excerpt":{"rendered":"","protected":false},"author":1,"featured_media":0,"parent":6465,"menu_order":224,"comment_status":"closed","ping_status":"closed","template":"page-templates\/template-calculators.php","meta":{"_acf_changed":false,"advgb_blocks_editor_width":"","advgb_blocks_columns_visual_guide":"","footnotes":""},"class_list":["post-6444","page","type-page","status-publish","hentry"],"acf":[],"yoast_head":"<!-- This site is optimized with the Yoast SEO plugin v27.2 - https:\/\/yoast.com\/product\/yoast-seo-wordpress\/ -->\n<title>Kalkulator zu\u017cycia kleju do kamienia - PENOSIL Polska<\/title>\n<meta name=\"description\" content=\"My\u015bl ekologicznie i u\u017cyj kalkulatora kleju do kamienia PENOSIL, aby obliczy\u0107, ile kleju b\u0119dziesz potrzebowa\u0107. U\u017cyj kalkulatora\" \/>\n<meta name=\"robots\" content=\"index, follow, max-snippet:-1, max-image-preview:large, max-video-preview:-1\" \/>\n<link rel=\"canonical\" href=\"https:\/\/penosil.com\/pl\/baza-wiedzy\/kalkulatory\/kalkulator-zuzycia-kleju-do-kamienia\/\" \/>\n<meta property=\"og:locale\" content=\"pl_PL\" \/>\n<meta property=\"og:type\" content=\"article\" \/>\n<meta property=\"og:title\" content=\"Kalkulator zu\u017cycia kleju do kamienia - PENOSIL Polska\" \/>\n<meta property=\"og:description\" content=\"My\u015bl ekologicznie i u\u017cyj kalkulatora kleju do kamienia PENOSIL, aby obliczy\u0107, ile kleju b\u0119dziesz potrzebowa\u0107. U\u017cyj kalkulatora\" \/>\n<meta property=\"og:url\" content=\"https:\/\/penosil.com\/pl\/baza-wiedzy\/kalkulatory\/kalkulator-zuzycia-kleju-do-kamienia\/\" \/>\n<meta property=\"og:site_name\" content=\"PENOSIL Polska\" \/>\n<meta property=\"article:modified_time\" content=\"2025-04-04T18:17:43+00:00\" \/>\n<meta name=\"twitter:card\" content=\"summary_large_image\" \/>\n<meta name=\"twitter:label1\" content=\"Szacowany czas czytania\" \/>\n\t<meta name=\"twitter:data1\" content=\"1 minuta\" \/>\n<script type=\"application\/ld+json\" class=\"yoast-schema-graph\">{\"@context\":\"https:\/\/schema.org\",\"@graph\":[{\"@type\":\"WebPage\",\"@id\":\"https:\/\/penosil.com\/pl\/baza-wiedzy\/kalkulatory\/kalkulator-zuzycia-kleju-do-kamienia\/\",\"url\":\"https:\/\/penosil.com\/pl\/baza-wiedzy\/kalkulatory\/kalkulator-zuzycia-kleju-do-kamienia\/\",\"name\":\"Kalkulator zu\u017cycia kleju do kamienia - PENOSIL Polska\",\"isPartOf\":{\"@id\":\"https:\/\/penosil.com\/pl\/#website\"},\"datePublished\":\"2019-08-01T13:04:38+00:00\",\"dateModified\":\"2025-04-04T18:17:43+00:00\",\"description\":\"My\u015bl ekologicznie i u\u017cyj kalkulatora kleju do kamienia PENOSIL, aby obliczy\u0107, ile kleju b\u0119dziesz potrzebowa\u0107. U\u017cyj kalkulatora\",\"breadcrumb\":{\"@id\":\"https:\/\/penosil.com\/pl\/baza-wiedzy\/kalkulatory\/kalkulator-zuzycia-kleju-do-kamienia\/#breadcrumb\"},\"inLanguage\":\"pl-PL\",\"potentialAction\":[{\"@type\":\"ReadAction\",\"target\":[\"https:\/\/penosil.com\/pl\/baza-wiedzy\/kalkulatory\/kalkulator-zuzycia-kleju-do-kamienia\/\"]}]},{\"@type\":\"BreadcrumbList\",\"@id\":\"https:\/\/penosil.com\/pl\/baza-wiedzy\/kalkulatory\/kalkulator-zuzycia-kleju-do-kamienia\/#breadcrumb\",\"itemListElement\":[{\"@type\":\"ListItem\",\"position\":1,\"name\":\"Home\",\"item\":\"https:\/\/penosil.com\/pl\/\"},{\"@type\":\"ListItem\",\"position\":2,\"name\":\"Baza wiedzy\",\"item\":\"https:\/\/penosil.com\/pl\/baza-wiedzy\/\"},{\"@type\":\"ListItem\",\"position\":3,\"name\":\"Kalkulatory\",\"item\":\"https:\/\/penosil.com\/pl\/baza-wiedzy\/kalkulatory\/\"},{\"@type\":\"ListItem\",\"position\":4,\"name\":\"Kalkulator zu\u017cycia kleju do kamienia\"}]},{\"@type\":\"WebSite\",\"@id\":\"https:\/\/penosil.com\/pl\/#website\",\"url\":\"https:\/\/penosil.com\/pl\/\",\"name\":\"PENOSIL Polska\",\"description\":\"\",\"potentialAction\":[{\"@type\":\"SearchAction\",\"target\":{\"@type\":\"EntryPoint\",\"urlTemplate\":\"https:\/\/penosil.com\/pl\/?s={search_term_string}\"},\"query-input\":{\"@type\":\"PropertyValueSpecification\",\"valueRequired\":true,\"valueName\":\"search_term_string\"}}],\"inLanguage\":\"pl-PL\"}]}<\/script>\n<!-- \/ Yoast SEO plugin. -->","yoast_head_json":{"title":"Kalkulator zu\u017cycia kleju do kamienia - PENOSIL Polska","description":"My\u015bl ekologicznie i u\u017cyj kalkulatora kleju do kamienia PENOSIL, aby obliczy\u0107, ile kleju b\u0119dziesz potrzebowa\u0107. U\u017cyj kalkulatora","robots":{"index":"index","follow":"follow","max-snippet":"max-snippet:-1","max-image-preview":"max-image-preview:large","max-video-preview":"max-video-preview:-1"},"canonical":"https:\/\/penosil.com\/pl\/baza-wiedzy\/kalkulatory\/kalkulator-zuzycia-kleju-do-kamienia\/","og_locale":"pl_PL","og_type":"article","og_title":"Kalkulator zu\u017cycia kleju do kamienia - PENOSIL Polska","og_description":"My\u015bl ekologicznie i u\u017cyj kalkulatora kleju do kamienia PENOSIL, aby obliczy\u0107, ile kleju b\u0119dziesz potrzebowa\u0107. U\u017cyj kalkulatora","og_url":"https:\/\/penosil.com\/pl\/baza-wiedzy\/kalkulatory\/kalkulator-zuzycia-kleju-do-kamienia\/","og_site_name":"PENOSIL Polska","article_modified_time":"2025-04-04T18:17:43+00:00","twitter_card":"summary_large_image","twitter_misc":{"Szacowany czas czytania":"1 minuta"},"schema":{"@context":"https:\/\/schema.org","@graph":[{"@type":"WebPage","@id":"https:\/\/penosil.com\/pl\/baza-wiedzy\/kalkulatory\/kalkulator-zuzycia-kleju-do-kamienia\/","url":"https:\/\/penosil.com\/pl\/baza-wiedzy\/kalkulatory\/kalkulator-zuzycia-kleju-do-kamienia\/","name":"Kalkulator zu\u017cycia kleju do kamienia - PENOSIL Polska","isPartOf":{"@id":"https:\/\/penosil.com\/pl\/#website"},"datePublished":"2019-08-01T13:04:38+00:00","dateModified":"2025-04-04T18:17:43+00:00","description":"My\u015bl ekologicznie i u\u017cyj kalkulatora kleju do kamienia PENOSIL, aby obliczy\u0107, ile kleju b\u0119dziesz potrzebowa\u0107. U\u017cyj kalkulatora","breadcrumb":{"@id":"https:\/\/penosil.com\/pl\/baza-wiedzy\/kalkulatory\/kalkulator-zuzycia-kleju-do-kamienia\/#breadcrumb"},"inLanguage":"pl-PL","potentialAction":[{"@type":"ReadAction","target":["https:\/\/penosil.com\/pl\/baza-wiedzy\/kalkulatory\/kalkulator-zuzycia-kleju-do-kamienia\/"]}]},{"@type":"BreadcrumbList","@id":"https:\/\/penosil.com\/pl\/baza-wiedzy\/kalkulatory\/kalkulator-zuzycia-kleju-do-kamienia\/#breadcrumb","itemListElement":[{"@type":"ListItem","position":1,"name":"Home","item":"https:\/\/penosil.com\/pl\/"},{"@type":"ListItem","position":2,"name":"Baza wiedzy","item":"https:\/\/penosil.com\/pl\/baza-wiedzy\/"},{"@type":"ListItem","position":3,"name":"Kalkulatory","item":"https:\/\/penosil.com\/pl\/baza-wiedzy\/kalkulatory\/"},{"@type":"ListItem","position":4,"name":"Kalkulator zu\u017cycia kleju do kamienia"}]},{"@type":"WebSite","@id":"https:\/\/penosil.com\/pl\/#website","url":"https:\/\/penosil.com\/pl\/","name":"PENOSIL Polska","description":"","potentialAction":[{"@type":"SearchAction","target":{"@type":"EntryPoint","urlTemplate":"https:\/\/penosil.com\/pl\/?s={search_term_string}"},"query-input":{"@type":"PropertyValueSpecification","valueRequired":true,"valueName":"search_term_string"}}],"inLanguage":"pl-PL"}]}},"coauthors":[],"author_meta":{"author_link":"https:\/\/penosil.com\/pl\/author\/reaktiiv-pe\/","display_name":"reaktiiv-pe"},"relative_dates":{"created":"Posted 7 lat ago","modified":"Updated 1 rok ago"},"absolute_dates":{"created":"Posted on 01\/08\/2019","modified":"Updated on 04\/04\/2025"},"absolute_dates_time":{"created":"Posted on 01\/08\/2019 13:04","modified":"Updated on 04\/04\/2025 18:17"},"featured_img_caption":"","featured_img":false,"series_order":"","_links":{"self":[{"href":"https:\/\/penosil.com\/pl\/wp-json\/wp\/v2\/pages\/6444","targetHints":{"allow":["GET"]}}],"collection":[{"href":"https:\/\/penosil.com\/pl\/wp-json\/wp\/v2\/pages"}],"about":[{"href":"https:\/\/penosil.com\/pl\/wp-json\/wp\/v2\/types\/page"}],"author":[{"embeddable":true,"href":"https:\/\/penosil.com\/pl\/wp-json\/wp\/v2\/users\/1"}],"replies":[{"embeddable":true,"href":"https:\/\/penosil.com\/pl\/wp-json\/wp\/v2\/comments?post=6444"}],"version-history":[{"count":4,"href":"https:\/\/penosil.com\/pl\/wp-json\/wp\/v2\/pages\/6444\/revisions"}],"predecessor-version":[{"id":37764,"href":"https:\/\/penosil.com\/pl\/wp-json\/wp\/v2\/pages\/6444\/revisions\/37764"}],"up":[{"embeddable":true,"href":"https:\/\/penosil.com\/pl\/wp-json\/wp\/v2\/pages\/6465"}],"wp:attachment":[{"href":"https:\/\/penosil.com\/pl\/wp-json\/wp\/v2\/media?parent=6444"}],"curies":[{"name":"wp","href":"https:\/\/api.w.org\/{rel}","templated":true}]}}