{"id":6526,"date":"2019-07-24T13:17:19","date_gmt":"2019-07-24T13:17:19","guid":{"rendered":"https:\/\/penosil.com\/about-us\/"},"modified":"2026-02-13T11:27:04","modified_gmt":"2026-02-13T09:27:04","slug":"o-nas","status":"publish","type":"page","link":"https:\/\/penosil.com\/pl\/o-nas\/","title":{"rendered":"O nas"},"content":{"rendered":"\n<div class=\"wp-block-columns has-2-columns is-layout-flex wp-container-core-columns-is-layout-9d6595d7 wp-block-columns-is-layout-flex\">\n<div class=\"wp-block-column is-layout-flow wp-block-column-is-layout-flow\">\n<p>W klimacie p\u00f3\u0142nocnoeuropejskim, gdzie powsta\u0142a marka PENOSIL, przez wi\u0119ksz\u0105 cz\u0119\u015b\u0107 roku panuje wyra\u017any ch\u0142\u00f3d. Jednak pierwsi osadnicy w tym cz\u0119sto surowym \u015brodowisku nie postrzegali zimna jako przeszkody, ale raczej jako wyzwanie, kt\u00f3re nale\u017cy podj\u0105\u0107 i cieszy\u0107 si\u0119 nim. Przez tysi\u0105clecia prymitywne schronienia ewoluowa\u0142y \u2013 od prostych dom\u00f3w z bali izolowanych mchem do z\u0142o\u017conych budynk\u00f3w \u2013 zawsze zaprojektowanych tak, aby chroni\u0107 przed zimowym ch\u0142odem i letnim upa\u0142em. Nic wi\u0119c dziwnego, \u017ce firma PENOSIL powsta\u0142a w\u0142a\u015bnie w tych wymagaj\u0105cych warunkach.<\/p>\n\n\n\n<p>Dzisiaj innowacyjne receptury i \u0142atwe w u\u017cyciu produkty PENOSIL zosta\u0142y opracowane tak, aby skutecznie dzia\u0142a\u0107 w ka\u017cdej strefie klimatycznej i na ka\u017cdym kontynencie. Jeste\u015bmy pionierami w naszej dziedzinie, zawsze podejmuj\u0105c wyzwania zwi\u0105zane z naszym \u015brodowiskiem i przesuwaj\u0105c granice.<\/p>\n\n\n\n<p><br><\/p>\n<\/div>\n\n\n\n<div class=\"wp-block-column is-layout-flow wp-block-column-is-layout-flow\">\n<p>Efektywno\u015b\u0107 energetyczna i zr\u00f3wnowa\u017cone my\u015blenie sta\u0142y si\u0119 integraln\u0105 cz\u0119\u015bci\u0105 naszego \u017cycia. Produkty PENOSIL to ma\u0142y, ale skuteczny krok dla indywidualnego u\u017cytkownika, ale ogromny, energooszcz\u0119dny skok dla ludzko\u015bci. Od du\u017cych projekt\u00f3w komercyjnych po indywidualne domy, nasze produkty s\u0105 numerem jeden w ponad 40 krajach, gdzie liczy si\u0119 jako\u015b\u0107 i obowi\u0105zuj\u0105 surowe wymagania budowlane.<\/p>\n\n\n\n<p>Prawa natury pomog\u0142y ukszta\u0142towa\u0107 nas takimi, jakimi jeste\u015bmy dzisiaj, i sprawi\u0142y, \u017ce potrafimy dostosowa\u0107 si\u0119 do przysz\u0142o\u015bci. <a href=\"https:\/\/penosil.com\/pl\/wp-content\/uploads\/sites\/39\/2026\/02\/penosil-story-PT.pdf\" target=\"_blank\" rel=\"noreferrer noopener\">Dowiedz si\u0119 wi\u0119cej o historii PENOSIL<\/a>.<br><\/p>\n\n\n\n<div class=\"wp-block-advgb-button alignnone is-style-outlined advgb-dyn-114fcb74\"><a class=\"wp-block-advgb-button_link advgbbtn-c27f9ead-b581-450f-90ff-ac868b8895ff\" href=\"https:\/\/penosil.com\/pl\/wp-content\/uploads\/sites\/39\/2024\/05\/PENOSIL_FACT-SHEET_AW_DIGITAL-1.pdf\" target=\"_blank\" rel=\"noopener noreferrer\"><span>Zapoznaj si\u0119 z informacjami o PENOSIL<\/span><\/a><\/div>\n<\/div>\n<\/div>\n<style class=\"advgb-styles-renderer\">.advgbbtn-c27f9ead-b581-450f-90ff-ac868b8895ff{font-size:18px;color:#b52d00 !important;background-color:#2196f3 !important;margin:0px 0px 0px 0px !important;padding:10px 30px 10px 30px;border-width:1px !important;border-style:none;border-radius:50px !important;}.advgbbtn-c27f9ead-b581-450f-90ff-ac868b8895ff:hover{color:#000000 !important;box-shadow:1px 1px 12px 0px #b52d00;opacity:1;transition:all 0.2s ease;}.advgbbtn-c27f9ead-b581-450f-90ff-ac868b8895ff > i {display: none !important;}.advgbbtn-c27f9ead-b581-450f-90ff-ac868b8895ff{font-size:18px;color:#b52d00 !important;background-color:#2196f3 !important;margin:0px 0px 0px 0px !important;padding:10px 30px 10px 30px;border-width:1px !important;border-style:none;border-radius:50px !important;}.advgbbtn-c27f9ead-b581-450f-90ff-ac868b8895ff:hover{color:#000000 !important;box-shadow:1px 1px 12px 0px #b52d00;opacity:1;transition:all 0.2s ease;}.advgbbtn-c27f9ead-b581-450f-90ff-ac868b8895ff > i {display: none !important;}.advgbbtn-c27f9ead-b581-450f-90ff-ac868b8895ff{font-size:18px;color:#b52d00 !important;background-color:#2196f3 !important;margin:0px 0px 0px 0px !important;padding:10px 30px 10px 30px;border-width:1px !important;border-style:none;border-radius:50px !important;}.advgbbtn-c27f9ead-b581-450f-90ff-ac868b8895ff:hover{color:#000000 !important;box-shadow:1px 1px 12px 0px #b52d00;opacity:1;transition:all 0.2s ease;}.advgbbtn-c27f9ead-b581-450f-90ff-ac868b8895ff > i {display: none !important;}<\/style>","protected":false},"excerpt":{"rendered":"W klimacie p\u00f3\u0142nocnoeuropejskim, gdzie powsta\u0142a marka PENOSIL, przez wi\u0119ksz\u0105 cz\u0119\u015b\u0107 roku panuje wyra\u017any ch\u0142\u00f3d. Jednak pierwsi osadnicy w tym cz\u0119sto surowym \u015brodowisku nie postrzegali zimna jako przeszkody, ale raczej jako wyzwanie, kt\u00f3re nale\u017cy podj\u0105\u0107 i cieszy\u0107 si\u0119 nim. Przez tysi\u0105clecia prymitywne schronienia ewoluowa\u0142y \u2013 od prostych dom\u00f3w z bali izolowanych mchem do z\u0142o\u017conych budynk\u00f3w \u2013 [&hellip;]","protected":false},"author":1,"featured_media":0,"parent":0,"menu_order":321,"comment_status":"closed","ping_status":"closed","template":"page-templates\/template-aboutus.php","meta":{"_acf_changed":false,"advgb_blocks_editor_width":"","advgb_blocks_columns_visual_guide":"","footnotes":""},"class_list":["post-6526","page","type-page","status-publish","hentry"],"acf":[],"yoast_head":"<!-- This site is optimized with the Yoast SEO plugin v27.2 - https:\/\/yoast.com\/product\/yoast-seo-wordpress\/ -->\n<title>O nas - PENOSIL Polska<\/title>\n<meta name=\"description\" content=\"PENOSIL to jedna z wiod\u0105cych europejskich marek oferuj\u0105cych energooszcz\u0119dne rozwi\u0105zania w zakresie uszczelniania i klejenia.\" \/>\n<meta name=\"robots\" content=\"index, follow, max-snippet:-1, max-image-preview:large, max-video-preview:-1\" \/>\n<link rel=\"canonical\" href=\"https:\/\/penosil.com\/pl\/o-nas\/\" \/>\n<meta property=\"og:locale\" content=\"pl_PL\" \/>\n<meta property=\"og:type\" content=\"article\" \/>\n<meta property=\"og:title\" content=\"O nas - PENOSIL Polska\" \/>\n<meta property=\"og:description\" content=\"PENOSIL to jedna z wiod\u0105cych europejskich marek oferuj\u0105cych energooszcz\u0119dne rozwi\u0105zania w zakresie uszczelniania i klejenia.\" \/>\n<meta property=\"og:url\" content=\"https:\/\/penosil.com\/pl\/o-nas\/\" \/>\n<meta property=\"og:site_name\" content=\"PENOSIL Polska\" \/>\n<meta property=\"article:modified_time\" content=\"2026-02-13T09:27:04+00:00\" \/>\n<meta name=\"twitter:card\" content=\"summary_large_image\" \/>\n<meta name=\"twitter:label1\" content=\"Szacowany czas czytania\" \/>\n\t<meta name=\"twitter:data1\" content=\"3 minuty\" \/>\n<script type=\"application\/ld+json\" class=\"yoast-schema-graph\">{\"@context\":\"https:\/\/schema.org\",\"@graph\":[{\"@type\":\"WebPage\",\"@id\":\"https:\/\/penosil.com\/pl\/o-nas\/\",\"url\":\"https:\/\/penosil.com\/pl\/o-nas\/\",\"name\":\"O nas - PENOSIL Polska\",\"isPartOf\":{\"@id\":\"https:\/\/penosil.com\/pl\/#website\"},\"datePublished\":\"2019-07-24T13:17:19+00:00\",\"dateModified\":\"2026-02-13T09:27:04+00:00\",\"description\":\"PENOSIL to jedna z wiod\u0105cych europejskich marek oferuj\u0105cych energooszcz\u0119dne rozwi\u0105zania w zakresie uszczelniania i klejenia.\",\"breadcrumb\":{\"@id\":\"https:\/\/penosil.com\/pl\/o-nas\/#breadcrumb\"},\"inLanguage\":\"pl-PL\",\"potentialAction\":[{\"@type\":\"ReadAction\",\"target\":[\"https:\/\/penosil.com\/pl\/o-nas\/\"]}]},{\"@type\":\"BreadcrumbList\",\"@id\":\"https:\/\/penosil.com\/pl\/o-nas\/#breadcrumb\",\"itemListElement\":[{\"@type\":\"ListItem\",\"position\":1,\"name\":\"Home\",\"item\":\"https:\/\/penosil.com\/pl\/\"},{\"@type\":\"ListItem\",\"position\":2,\"name\":\"O nas\"}]},{\"@type\":\"WebSite\",\"@id\":\"https:\/\/penosil.com\/pl\/#website\",\"url\":\"https:\/\/penosil.com\/pl\/\",\"name\":\"PENOSIL Polska\",\"description\":\"\",\"potentialAction\":[{\"@type\":\"SearchAction\",\"target\":{\"@type\":\"EntryPoint\",\"urlTemplate\":\"https:\/\/penosil.com\/pl\/?s={search_term_string}\"},\"query-input\":{\"@type\":\"PropertyValueSpecification\",\"valueRequired\":true,\"valueName\":\"search_term_string\"}}],\"inLanguage\":\"pl-PL\"}]}<\/script>\n<!-- \/ Yoast SEO plugin. -->","yoast_head_json":{"title":"O nas - PENOSIL Polska","description":"PENOSIL to jedna z wiod\u0105cych europejskich marek oferuj\u0105cych energooszcz\u0119dne rozwi\u0105zania w zakresie uszczelniania i klejenia.","robots":{"index":"index","follow":"follow","max-snippet":"max-snippet:-1","max-image-preview":"max-image-preview:large","max-video-preview":"max-video-preview:-1"},"canonical":"https:\/\/penosil.com\/pl\/o-nas\/","og_locale":"pl_PL","og_type":"article","og_title":"O nas - PENOSIL Polska","og_description":"PENOSIL to jedna z wiod\u0105cych europejskich marek oferuj\u0105cych energooszcz\u0119dne rozwi\u0105zania w zakresie uszczelniania i klejenia.","og_url":"https:\/\/penosil.com\/pl\/o-nas\/","og_site_name":"PENOSIL Polska","article_modified_time":"2026-02-13T09:27:04+00:00","twitter_card":"summary_large_image","twitter_misc":{"Szacowany czas czytania":"3 minuty"},"schema":{"@context":"https:\/\/schema.org","@graph":[{"@type":"WebPage","@id":"https:\/\/penosil.com\/pl\/o-nas\/","url":"https:\/\/penosil.com\/pl\/o-nas\/","name":"O nas - PENOSIL Polska","isPartOf":{"@id":"https:\/\/penosil.com\/pl\/#website"},"datePublished":"2019-07-24T13:17:19+00:00","dateModified":"2026-02-13T09:27:04+00:00","description":"PENOSIL to jedna z wiod\u0105cych europejskich marek oferuj\u0105cych energooszcz\u0119dne rozwi\u0105zania w zakresie uszczelniania i klejenia.","breadcrumb":{"@id":"https:\/\/penosil.com\/pl\/o-nas\/#breadcrumb"},"inLanguage":"pl-PL","potentialAction":[{"@type":"ReadAction","target":["https:\/\/penosil.com\/pl\/o-nas\/"]}]},{"@type":"BreadcrumbList","@id":"https:\/\/penosil.com\/pl\/o-nas\/#breadcrumb","itemListElement":[{"@type":"ListItem","position":1,"name":"Home","item":"https:\/\/penosil.com\/pl\/"},{"@type":"ListItem","position":2,"name":"O nas"}]},{"@type":"WebSite","@id":"https:\/\/penosil.com\/pl\/#website","url":"https:\/\/penosil.com\/pl\/","name":"PENOSIL Polska","description":"","potentialAction":[{"@type":"SearchAction","target":{"@type":"EntryPoint","urlTemplate":"https:\/\/penosil.com\/pl\/?s={search_term_string}"},"query-input":{"@type":"PropertyValueSpecification","valueRequired":true,"valueName":"search_term_string"}}],"inLanguage":"pl-PL"}]}},"coauthors":[],"author_meta":{"author_link":"https:\/\/penosil.com\/pl\/author\/reaktiiv-pe\/","display_name":"reaktiiv-pe"},"relative_dates":{"created":"Posted 7 lat ago","modified":"Updated 2 miesi\u0105ce ago"},"absolute_dates":{"created":"Posted on 24\/07\/2019","modified":"Updated on 13\/02\/2026"},"absolute_dates_time":{"created":"Posted on 24\/07\/2019 13:17","modified":"Updated on 13\/02\/2026 11:27"},"featured_img_caption":"","featured_img":false,"series_order":"","_links":{"self":[{"href":"https:\/\/penosil.com\/pl\/wp-json\/wp\/v2\/pages\/6526","targetHints":{"allow":["GET"]}}],"collection":[{"href":"https:\/\/penosil.com\/pl\/wp-json\/wp\/v2\/pages"}],"about":[{"href":"https:\/\/penosil.com\/pl\/wp-json\/wp\/v2\/types\/page"}],"author":[{"embeddable":true,"href":"https:\/\/penosil.com\/pl\/wp-json\/wp\/v2\/users\/1"}],"replies":[{"embeddable":true,"href":"https:\/\/penosil.com\/pl\/wp-json\/wp\/v2\/comments?post=6526"}],"version-history":[{"count":40,"href":"https:\/\/penosil.com\/pl\/wp-json\/wp\/v2\/pages\/6526\/revisions"}],"predecessor-version":[{"id":38331,"href":"https:\/\/penosil.com\/pl\/wp-json\/wp\/v2\/pages\/6526\/revisions\/38331"}],"wp:attachment":[{"href":"https:\/\/penosil.com\/pl\/wp-json\/wp\/v2\/media?parent=6526"}],"curies":[{"name":"wp","href":"https:\/\/api.w.org\/{rel}","templated":true}]}}