{"id":6540,"date":"2019-07-24T13:17:09","date_gmt":"2019-07-24T13:17:09","guid":{"rendered":"https:\/\/penosil.com\/knowledge-center\/"},"modified":"2025-03-28T08:48:23","modified_gmt":"2025-03-28T08:48:23","slug":"baza-wiedzy","status":"publish","type":"page","link":"https:\/\/penosil.com\/pl\/baza-wiedzy\/","title":{"rendered":"Baza wiedzy"},"content":{"rendered":"\n<div class=\"wp-block-columns has-3-columns is-layout-flex wp-container-core-columns-is-layout-9d6595d7 wp-block-columns-is-layout-flex\">\n<div class=\"wp-block-column is-layout-flow wp-block-column-is-layout-flow\"><article id=\"pnsl-contact-block_54adf842704f731e3b1269982bf048a7\" class=\"pnsl-information-block\" role=\"article\" aria-labelledby=\"pnsl-contact-block_54adf842704f731e3b1269982bf048a7-title\">\n         <div class=\"pnsl-list-item d-flex align-items-center justify-content-between flex-column\">\n         <div class=\"lst-item-cnt\">\n            <!-- Single comprehensive link wrapping all content for better accessibility -->\n            <a href=\"https:\/\/penosil.com\/pl\/wideo\/\"\n               class=\"information-block-link\"\n                              aria-label=\"View Wideo\"\n               >\n\n                                                   <div class=\"lst-item-image d-flex align-items-end justify-content-center\">\n                     <img decoding=\"async\" src=\"https:\/\/penosil.com\/pl\/wp-content\/uploads\/sites\/39\/2019\/08\/videos-1.svg\"\n                        alt=\"Image for Wideo\"\n                        role=\"presentation\" \/>\n                  <\/div>\n               \n               <div class=\"information-block-header\">\n                  <h2 id=\"pnsl-contact-block_54adf842704f731e3b1269982bf048a7-title\">Wideo<\/h2>\n               <\/div>\n                                 <div class=\"information-block-content\"><p><span style=\"font-weight: 400;\">Odwied\u017a kana\u0142 wideo PENOSIL, dowiedz si\u0119, jak korzysta\u0107 z naszych produkt\u00f3w oraz poznaj nowo\u015bci i trendy w \u015bwiecie budownictwa. Znajdziesz tu filmy zar\u00f3wno dla profesjonalist\u00f3w, jak i mi\u0142o\u015bnik\u00f3w majsterkowania.<\/span><\/p>\n<\/div>\n                              \n               <!-- Button styled element inside the parent link - maintains accessibility and styling -->\n               <div class=\"lst-item-btn\">\n                  <span class=\"btn rbtn\">\n                     Ogl\u0105daj filmy                  <\/span>\n               <\/div>\n               \n                           <\/a>\n         <\/div>\n      <\/div>\n   <\/article><\/div>\n\n\n\n<div class=\"wp-block-column is-layout-flow wp-block-column-is-layout-flow\"><article id=\"pnsl-contact-block_4abca59c730c1f329843340b083c55a0\" class=\"pnsl-information-block\" role=\"article\" aria-labelledby=\"pnsl-contact-block_4abca59c730c1f329843340b083c55a0-title\">\n         <div class=\"pnsl-list-item d-flex align-items-center justify-content-between flex-column\">\n         <div class=\"lst-item-cnt\">\n            <!-- Single comprehensive link wrapping all content for better accessibility -->\n            <a href=\"https:\/\/penosil.com\/pl\/baza-wiedzy\/dokumentacja-techniczna\/\"\n               class=\"information-block-link\"\n                              aria-label=\"View Dokumentacja techniczna\"\n               >\n\n                                                   <div class=\"lst-item-image d-flex align-items-end justify-content-center\">\n                     <img decoding=\"async\" src=\"https:\/\/penosil.com\/pl\/wp-content\/uploads\/sites\/39\/2019\/08\/manuals-1.svg\"\n                        alt=\"Image for Dokumentacja techniczna\"\n                        role=\"presentation\" \/>\n                  <\/div>\n               \n               <div class=\"information-block-header\">\n                  <h2 id=\"pnsl-contact-block_4abca59c730c1f329843340b083c55a0-title\">Dokumentacja techniczna<\/h2>\n               <\/div>\n                                 <div class=\"information-block-content\"><p><span style=\"font-weight: 400;\">Pobierz karty techniczne produkt\u00f3w PENOSIL, karty bezpiecze\u0144stwa, deklaracje w\u0142a\u015bciwo\u015bci u\u017cytkowych oraz certyfikaty.<\/span><\/p>\n<\/div>\n                              \n               <!-- Button styled element inside the parent link - maintains accessibility and styling -->\n               <div class=\"lst-item-btn\">\n                  <span class=\"btn rbtn\">\n                     Zobacz dokumentacj\u0119                  <\/span>\n               <\/div>\n               \n                           <\/a>\n         <\/div>\n      <\/div>\n   <\/article>\n\n\n<p><\/p>\n<\/div>\n\n\n\n<div class=\"wp-block-column is-layout-flow wp-block-column-is-layout-flow\"><article id=\"pnsl-contact-block_36e9b2d0f64e510cb86b03bd81a025e8\" class=\"pnsl-information-block\" role=\"article\" aria-labelledby=\"pnsl-contact-block_36e9b2d0f64e510cb86b03bd81a025e8-title\">\n         <div class=\"pnsl-list-item d-flex align-items-center justify-content-between flex-column\">\n         <div class=\"lst-item-cnt\">\n            <!-- Single comprehensive link wrapping all content for better accessibility -->\n            <a href=\"https:\/\/penosil.com\/pl\/baza-wiedzy\/katalogi\/\"\n               class=\"information-block-link\"\n                              aria-label=\"View Katalogi\"\n               >\n\n                                                   <div class=\"lst-item-image d-flex align-items-end justify-content-center\">\n                     <img decoding=\"async\" src=\"https:\/\/penosil.com\/pl\/wp-content\/uploads\/sites\/39\/2019\/10\/pruoddcu_manual.svg\"\n                        alt=\"Image for Katalogi\"\n                        role=\"presentation\" \/>\n                  <\/div>\n               \n               <div class=\"information-block-header\">\n                  <h2 id=\"pnsl-contact-block_36e9b2d0f64e510cb86b03bd81a025e8-title\">Katalogi<\/h2>\n               <\/div>\n                                 <div class=\"information-block-content\"><p>Biblioteka katalog\u00f3w i ulotek PENOSIL.<\/p>\n<\/div>\n                              \n               <!-- Button styled element inside the parent link - maintains accessibility and styling -->\n               <div class=\"lst-item-btn\">\n                  <span class=\"btn rbtn\">\n                     Zabacz katalogi                  <\/span>\n               <\/div>\n               \n                           <\/a>\n         <\/div>\n      <\/div>\n   <\/article><\/div>\n<\/div>\n\n\n\n<div class=\"wp-block-columns has-3-columns is-layout-flex wp-container-core-columns-is-layout-9d6595d7 wp-block-columns-is-layout-flex\">\n<div class=\"wp-block-column is-layout-flow wp-block-column-is-layout-flow\"><article id=\"pnsl-contact-block_8eb38ce1535d3a94ea7b91aac998072a\" class=\"pnsl-information-block\" role=\"article\" aria-labelledby=\"pnsl-contact-block_8eb38ce1535d3a94ea7b91aac998072a-title\">\n         <div class=\"pnsl-list-item d-flex align-items-center justify-content-between flex-column\">\n         <div class=\"lst-item-cnt\">\n            <!-- Single comprehensive link wrapping all content for better accessibility -->\n            <a href=\"https:\/\/penosil.com\/pl\/baza-wiedzy\/kalkulatory\/\"\n               class=\"information-block-link\"\n                              aria-label=\"View Kalkulatory\"\n               >\n\n                                                   <div class=\"lst-item-image d-flex align-items-end justify-content-center\">\n                     <img decoding=\"async\" src=\"https:\/\/penosil.com\/pl\/wp-content\/uploads\/sites\/39\/2019\/08\/calculator.svg\"\n                        alt=\"Image for Kalkulatory\"\n                        role=\"presentation\" \/>\n                  <\/div>\n               \n               <div class=\"information-block-header\">\n                  <h2 id=\"pnsl-contact-block_8eb38ce1535d3a94ea7b91aac998072a-title\">Kalkulatory<\/h2>\n               <\/div>\n                                 <div class=\"information-block-content\"><p><span style=\"font-weight: 400;\">My\u015bl ekologicznie i skorzystaj z naszych narz\u0119dzi, aby \u0142atwo obliczy\u0107 zu\u017cycie materia\u0142\u00f3w i zminimalizowa\u0107 odpady.<\/span><\/p>\n<\/div>\n                              \n               <!-- Button styled element inside the parent link - maintains accessibility and styling -->\n               <div class=\"lst-item-btn\">\n                  <span class=\"btn rbtn\">\n                     Przejd\u017a do kalkulator\u00f3w                  <\/span>\n               <\/div>\n               \n                           <\/a>\n         <\/div>\n      <\/div>\n   <\/article><\/div>\n\n\n\n<div class=\"wp-block-column is-layout-flow wp-block-column-is-layout-flow\"><article id=\"pnsl-contact-block_88092d56dd0f5517ed02b4ae318727a5\" class=\"pnsl-information-block\" role=\"article\" aria-labelledby=\"pnsl-contact-block_88092d56dd0f5517ed02b4ae318727a5-title\">\n         <div class=\"pnsl-list-item d-flex align-items-center justify-content-between flex-column\">\n         <div class=\"lst-item-cnt\">\n            <!-- Single comprehensive link wrapping all content for better accessibility -->\n            <a href=\"https:\/\/penosil.com\/pl\/baza-wiedzy\/artykuly-edukacyjne\/\"\n               class=\"information-block-link\"\n                              aria-label=\"View Artyku\u0142y edukacyjne\"\n               >\n\n                                                   <div class=\"lst-item-image d-flex align-items-end justify-content-center\">\n                     <img decoding=\"async\" src=\"https:\/\/penosil.com\/pl\/wp-content\/uploads\/sites\/39\/2019\/10\/artiklid.svg\"\n                        alt=\"Image for Artyku\u0142y edukacyjne\"\n                        role=\"presentation\" \/>\n                  <\/div>\n               \n               <div class=\"information-block-header\">\n                  <h2 id=\"pnsl-contact-block_88092d56dd0f5517ed02b4ae318727a5-title\">Artyku\u0142y edukacyjne<\/h2>\n               <\/div>\n                                 <div class=\"information-block-content\"><p><span style=\"font-weight: 400;\">Znajdziesz tu ciekawe informacje na temat energooszcz\u0119dnego i przyjaznego dla \u015brodowiska budownictwa oraz nowo\u015bci z bran\u017cy chemicznej i materia\u0142\u00f3w budowlanych.<\/span><\/p>\n<\/div>\n                              \n               <!-- Button styled element inside the parent link - maintains accessibility and styling -->\n               <div class=\"lst-item-btn\">\n                  <span class=\"btn rbtn\">\n                     Czytaj artyku\u0142y                  <\/span>\n               <\/div>\n               \n                           <\/a>\n         <\/div>\n      <\/div>\n   <\/article><\/div>\n\n\n\n<div class=\"wp-block-column is-layout-flow wp-block-column-is-layout-flow\"><article id=\"pnsl-contact-block_67412e10c838ce611e4c29260aeff585\" class=\"pnsl-information-block\" role=\"article\" aria-labelledby=\"pnsl-contact-block_67412e10c838ce611e4c29260aeff585-title\">\n         <div class=\"pnsl-list-item d-flex align-items-center justify-content-between flex-column\">\n         <div class=\"lst-item-cnt\">\n            <!-- Single comprehensive link wrapping all content for better accessibility -->\n            <a href=\"https:\/\/penosil.com\/pl\/baza-wiedzy\/rysunki-techniczne\/\"\n               class=\"information-block-link\"\n                              aria-label=\"View Rysunki techniczne\"\n               >\n\n                                                   <div class=\"lst-item-image d-flex align-items-end justify-content-center\">\n                     <img decoding=\"async\" src=\"https:\/\/penosil.com\/pl\/wp-content\/uploads\/sites\/39\/2019\/10\/joonis-e1571403880736.png\"\n                        alt=\"Image for Rysunki techniczne\"\n                        role=\"presentation\" \/>\n                  <\/div>\n               \n               <div class=\"information-block-header\">\n                  <h2 id=\"pnsl-contact-block_67412e10c838ce611e4c29260aeff585-title\">Rysunki techniczne<\/h2>\n               <\/div>\n                                 <div class=\"information-block-content\"><p><span style=\"font-weight: 400;\">Rysunki element\u00f3w konstrukcyjnych dla r\u00f3\u017cnych typ\u00f3w budynk\u00f3w dost\u0119pne w formatach PDF i DWG.<\/span><\/p>\n<\/div>\n                              \n               <!-- Button styled element inside the parent link - maintains accessibility and styling -->\n               <div class=\"lst-item-btn\">\n                  <span class=\"btn rbtn\">\n                     Zobacz rysunki techniczne                  <\/span>\n               <\/div>\n               \n                           <\/a>\n         <\/div>\n      <\/div>\n   <\/article><\/div>\n<\/div>\n\n\n\n<div class=\"wp-block-columns is-layout-flex wp-container-core-columns-is-layout-9d6595d7 wp-block-columns-is-layout-flex\">\n<div class=\"wp-block-column is-layout-flow wp-block-column-is-layout-flow\"><article id=\"pnsl-contact-block_e552f3840ca51af2f0a490d2910aac63\" class=\"pnsl-information-block\" role=\"article\" aria-labelledby=\"pnsl-contact-block_e552f3840ca51af2f0a490d2910aac63-title\">\n         <div class=\"pnsl-list-item d-flex align-items-center justify-content-between flex-column\">\n         <div class=\"lst-item-cnt\">\n            <!-- Single comprehensive link wrapping all content for better accessibility -->\n            <a href=\"https:\/\/penosil.com\/pl\/baza-wiedzy\/faq\/\"\n               class=\"information-block-link\"\n                              aria-label=\"View FAQ\"\n               >\n\n                                                   <div class=\"lst-item-image d-flex align-items-end justify-content-center\">\n                     <img decoding=\"async\" src=\"https:\/\/penosil.com\/pl\/wp-content\/uploads\/sites\/39\/2021\/08\/faq.svg\"\n                        alt=\"Image for FAQ\"\n                        role=\"presentation\" \/>\n                  <\/div>\n               \n               <div class=\"information-block-header\">\n                  <h2 id=\"pnsl-contact-block_e552f3840ca51af2f0a490d2910aac63-title\">FAQ<\/h2>\n               <\/div>\n                                 <div class=\"information-block-content\"><p><span style=\"font-weight: 400;\">Witamy w sekcji Najcz\u0119\u015bciej Zadawanych Pyta\u0144, gdzie znajdziesz porady ekspert\u00f3w oraz odpowiedzi na pytania dotycz\u0105ce produkt\u00f3w PENOSIL.<\/span><\/p>\n<\/div>\n                              \n               <!-- Button styled element inside the parent link - maintains accessibility and styling -->\n               <div class=\"lst-item-btn\">\n                  <span class=\"btn rbtn\">\n                     Znajd\u017a odpowiedzi                  <\/span>\n               <\/div>\n               \n                           <\/a>\n         <\/div>\n      <\/div>\n   <\/article><\/div>\n\n\n\n<div class=\"wp-block-column is-layout-flow wp-block-column-is-layout-flow\"><\/div>\n\n\n\n<div class=\"wp-block-column is-layout-flow wp-block-column-is-layout-flow\"><\/div>\n<\/div>\n\n\n\n<p><\/p>\n","protected":false},"excerpt":{"rendered":"","protected":false},"author":1,"featured_media":0,"parent":0,"menu_order":334,"comment_status":"closed","ping_status":"closed","template":"page-templates\/template-knowledge.php","meta":{"_acf_changed":false,"advgb_blocks_editor_width":"","advgb_blocks_columns_visual_guide":"","footnotes":""},"class_list":["post-6540","page","type-page","status-publish","hentry"],"acf":[],"yoast_head":"<!-- This site is optimized with the Yoast SEO plugin v27.2 - https:\/\/yoast.com\/product\/yoast-seo-wordpress\/ -->\n<title>Baza wiedzy | PENOSIL Polska<\/title>\n<meta name=\"description\" content=\"Witamy w bazie wiedzy \u2013 znajdziesz tu filmy, dokumentacje, wiedz\u0119 produktow\u0105, kalkulatory, artyku\u0142y oraz rysunki techniczne\" \/>\n<meta name=\"robots\" content=\"index, follow, max-snippet:-1, max-image-preview:large, max-video-preview:-1\" \/>\n<link rel=\"canonical\" href=\"https:\/\/penosil.com\/pl\/baza-wiedzy\/\" \/>\n<meta property=\"og:locale\" content=\"pl_PL\" \/>\n<meta property=\"og:type\" content=\"article\" \/>\n<meta property=\"og:title\" content=\"Baza wiedzy | PENOSIL Polska\" \/>\n<meta property=\"og:description\" content=\"Witamy w bazie wiedzy \u2013 znajdziesz tu filmy, dokumentacje, wiedz\u0119 produktow\u0105, kalkulatory, artyku\u0142y oraz rysunki techniczne\" \/>\n<meta property=\"og:url\" content=\"https:\/\/penosil.com\/pl\/baza-wiedzy\/\" \/>\n<meta property=\"og:site_name\" content=\"PENOSIL Polska\" \/>\n<meta property=\"article:modified_time\" content=\"2025-03-28T08:48:23+00:00\" \/>\n<meta name=\"twitter:card\" content=\"summary_large_image\" \/>\n<meta name=\"twitter:label1\" content=\"Szacowany czas czytania\" \/>\n\t<meta name=\"twitter:data1\" content=\"1 minuta\" \/>\n<script type=\"application\/ld+json\" class=\"yoast-schema-graph\">{\"@context\":\"https:\/\/schema.org\",\"@graph\":[{\"@type\":\"WebPage\",\"@id\":\"https:\/\/penosil.com\/pl\/baza-wiedzy\/\",\"url\":\"https:\/\/penosil.com\/pl\/baza-wiedzy\/\",\"name\":\"Baza wiedzy | PENOSIL Polska\",\"isPartOf\":{\"@id\":\"https:\/\/penosil.com\/pl\/#website\"},\"datePublished\":\"2019-07-24T13:17:09+00:00\",\"dateModified\":\"2025-03-28T08:48:23+00:00\",\"description\":\"Witamy w bazie wiedzy \u2013 znajdziesz tu filmy, dokumentacje, wiedz\u0119 produktow\u0105, kalkulatory, artyku\u0142y oraz rysunki techniczne\",\"breadcrumb\":{\"@id\":\"https:\/\/penosil.com\/pl\/baza-wiedzy\/#breadcrumb\"},\"inLanguage\":\"pl-PL\",\"potentialAction\":[{\"@type\":\"ReadAction\",\"target\":[\"https:\/\/penosil.com\/pl\/baza-wiedzy\/\"]}]},{\"@type\":\"BreadcrumbList\",\"@id\":\"https:\/\/penosil.com\/pl\/baza-wiedzy\/#breadcrumb\",\"itemListElement\":[{\"@type\":\"ListItem\",\"position\":1,\"name\":\"Home\",\"item\":\"https:\/\/penosil.com\/pl\/\"},{\"@type\":\"ListItem\",\"position\":2,\"name\":\"Baza wiedzy\"}]},{\"@type\":\"WebSite\",\"@id\":\"https:\/\/penosil.com\/pl\/#website\",\"url\":\"https:\/\/penosil.com\/pl\/\",\"name\":\"PENOSIL Polska\",\"description\":\"\",\"potentialAction\":[{\"@type\":\"SearchAction\",\"target\":{\"@type\":\"EntryPoint\",\"urlTemplate\":\"https:\/\/penosil.com\/pl\/?s={search_term_string}\"},\"query-input\":{\"@type\":\"PropertyValueSpecification\",\"valueRequired\":true,\"valueName\":\"search_term_string\"}}],\"inLanguage\":\"pl-PL\"}]}<\/script>\n<!-- \/ Yoast SEO plugin. -->","yoast_head_json":{"title":"Baza wiedzy | PENOSIL Polska","description":"Witamy w bazie wiedzy \u2013 znajdziesz tu filmy, dokumentacje, wiedz\u0119 produktow\u0105, kalkulatory, artyku\u0142y oraz rysunki techniczne","robots":{"index":"index","follow":"follow","max-snippet":"max-snippet:-1","max-image-preview":"max-image-preview:large","max-video-preview":"max-video-preview:-1"},"canonical":"https:\/\/penosil.com\/pl\/baza-wiedzy\/","og_locale":"pl_PL","og_type":"article","og_title":"Baza wiedzy | PENOSIL Polska","og_description":"Witamy w bazie wiedzy \u2013 znajdziesz tu filmy, dokumentacje, wiedz\u0119 produktow\u0105, kalkulatory, artyku\u0142y oraz rysunki techniczne","og_url":"https:\/\/penosil.com\/pl\/baza-wiedzy\/","og_site_name":"PENOSIL Polska","article_modified_time":"2025-03-28T08:48:23+00:00","twitter_card":"summary_large_image","twitter_misc":{"Szacowany czas czytania":"1 minuta"},"schema":{"@context":"https:\/\/schema.org","@graph":[{"@type":"WebPage","@id":"https:\/\/penosil.com\/pl\/baza-wiedzy\/","url":"https:\/\/penosil.com\/pl\/baza-wiedzy\/","name":"Baza wiedzy | PENOSIL Polska","isPartOf":{"@id":"https:\/\/penosil.com\/pl\/#website"},"datePublished":"2019-07-24T13:17:09+00:00","dateModified":"2025-03-28T08:48:23+00:00","description":"Witamy w bazie wiedzy \u2013 znajdziesz tu filmy, dokumentacje, wiedz\u0119 produktow\u0105, kalkulatory, artyku\u0142y oraz rysunki techniczne","breadcrumb":{"@id":"https:\/\/penosil.com\/pl\/baza-wiedzy\/#breadcrumb"},"inLanguage":"pl-PL","potentialAction":[{"@type":"ReadAction","target":["https:\/\/penosil.com\/pl\/baza-wiedzy\/"]}]},{"@type":"BreadcrumbList","@id":"https:\/\/penosil.com\/pl\/baza-wiedzy\/#breadcrumb","itemListElement":[{"@type":"ListItem","position":1,"name":"Home","item":"https:\/\/penosil.com\/pl\/"},{"@type":"ListItem","position":2,"name":"Baza wiedzy"}]},{"@type":"WebSite","@id":"https:\/\/penosil.com\/pl\/#website","url":"https:\/\/penosil.com\/pl\/","name":"PENOSIL Polska","description":"","potentialAction":[{"@type":"SearchAction","target":{"@type":"EntryPoint","urlTemplate":"https:\/\/penosil.com\/pl\/?s={search_term_string}"},"query-input":{"@type":"PropertyValueSpecification","valueRequired":true,"valueName":"search_term_string"}}],"inLanguage":"pl-PL"}]}},"coauthors":[],"author_meta":{"author_link":"https:\/\/penosil.com\/pl\/author\/reaktiiv-pe\/","display_name":"reaktiiv-pe"},"relative_dates":{"created":"Posted 7 lat ago","modified":"Updated 1 rok ago"},"absolute_dates":{"created":"Posted on 24\/07\/2019","modified":"Updated on 28\/03\/2025"},"absolute_dates_time":{"created":"Posted on 24\/07\/2019 13:17","modified":"Updated on 28\/03\/2025 08:48"},"featured_img_caption":"","featured_img":false,"series_order":"","_links":{"self":[{"href":"https:\/\/penosil.com\/pl\/wp-json\/wp\/v2\/pages\/6540","targetHints":{"allow":["GET"]}}],"collection":[{"href":"https:\/\/penosil.com\/pl\/wp-json\/wp\/v2\/pages"}],"about":[{"href":"https:\/\/penosil.com\/pl\/wp-json\/wp\/v2\/types\/page"}],"author":[{"embeddable":true,"href":"https:\/\/penosil.com\/pl\/wp-json\/wp\/v2\/users\/1"}],"replies":[{"embeddable":true,"href":"https:\/\/penosil.com\/pl\/wp-json\/wp\/v2\/comments?post=6540"}],"version-history":[{"count":16,"href":"https:\/\/penosil.com\/pl\/wp-json\/wp\/v2\/pages\/6540\/revisions"}],"predecessor-version":[{"id":37127,"href":"https:\/\/penosil.com\/pl\/wp-json\/wp\/v2\/pages\/6540\/revisions\/37127"}],"wp:attachment":[{"href":"https:\/\/penosil.com\/pl\/wp-json\/wp\/v2\/media?parent=6540"}],"curies":[{"name":"wp","href":"https:\/\/api.w.org\/{rel}","templated":true}]}}