{"id":6599,"date":"2019-07-22T08:38:55","date_gmt":"2019-07-22T08:38:55","guid":{"rendered":"https:\/\/penosil.com\/privacy-policy\/"},"modified":"2025-04-07T08:45:32","modified_gmt":"2025-04-07T08:45:32","slug":"polityka-prywatnosci","status":"publish","type":"page","link":"https:\/\/penosil.com\/pl\/polityka-prywatnosci\/","title":{"rendered":"Polityka prywatno\u015bci"},"content":{"rendered":"\n<h2 class=\"wp-block-heading has-medium-font-size\" id=\"data-use-principles-of-wolf-group-ou-d9659eef-a4c9-4f2f-81e9-01b5c0a49027\" style=\"font-style:normal;font-weight:600\">1. Informacje og\u00f3lne<\/h2>\n\n\n\n<p>Niniejsza Polityka Prywatno\u015bci okre\u015bla zasady i warunki, na jakich Wolf Group Central Europe Sp\u00f3\u0142ka z ograniczon\u0105 odpowiedzialno\u015bci\u0105 z siedzib\u0105 we Wroc\u0142awiu, ul. Grabiszy\u0144ska 214\/7, 53-235 Wroc\u0142aw, wpisana do rejestru przedsi\u0119biorc\u00f3w KRS przez S\u0105d Rejonowy we Wroc\u0142awiu pod nr KRS 0001096180, NIP 8943232633 (dalej jako \u201eWolf Group Central Europe\u201d) przetwarza i chroni dane osobowe, kt\u00f3re u\u017cytkownik udost\u0119pnia lub przekazuje w zwi\u0105zku z korzystaniem z us\u0142ug Wolf Group Central Europe lub podczas korzystania z witryny <a href=\"https:\/\/penosil.com\/pl\">www.penosil.com<\/a> (zwanej dalej \u201eSerwisem\u201d).<\/p>\n\n\n\n<p>Podstaw\u0105 prawn\u0105 przetwarzania danych osobowych jest Rozporz\u0105dzenie Parlamentu Europejskiego i Rady (UE) 2016\/679 z dnia 27 kwietnia 2016 r. w sprawie ochrony os\u00f3b fizycznych w zwi\u0105zku z przetwarzaniem danych osobowych i w sprawie swobodnego przep\u0142ywu takich danych oraz uchylenia dyrektywy 95\/46\/WE (zwane dalej \u201eRozporz\u0105dzeniem\u201d).<\/p>\n\n\n\n<p>Podanie danych osobowych jest dobrowolne, ale mo\u017ce by\u0107 niezb\u0119dne do korzystania z us\u0142ug Wolf Group Central Europe lub korzystania z witryny <a href=\"https:\/\/penosil.com\/pl\">www.penosil.com<\/a>.<\/p>\n\n\n\n<p>Przed skorzystaniem z us\u0142ug Wolf Group Central Europe lub funkcjonalno\u015bci Serwisu nale\u017cy zapozna\u0107 si\u0119 z niniejsz\u0105 Polityk\u0105 Prywatno\u015bci.<\/p>\n\n\n\n<p>Administratorem danych osobowych zawartych w Serwisie jest Wolf Group Central Europe.<\/p>\n\n\n\n<p>Wolf Group Central Europe stosuje odpowiednie \u015brodki techniczne i organizacyjne zapewniaj\u0105ce bezpiecze\u0144stwo przetwarzanych danych osobowych adekwatne do zagro\u017ce\u0144 oraz kategorii danych obj\u0119tych ochron\u0105.<\/p>\n\n\n\n<div style=\"height:24px\" aria-hidden=\"true\" class=\"wp-block-spacer advgb-dyn-9821cc03\"><\/div>\n\n\n\n<h2 class=\"wp-block-heading has-medium-font-size\" id=\"who-is-the-controller-of-your-personal-data-0edbc280-4bf1-4ebc-a4e1-118cc521b0b4\" style=\"font-style:normal;font-weight:600\">2. Cele i podstawy przetwarzania danych osobowych<\/h2>\n\n\n\n<p>Administrator przetwarza dane osobowe klient\u00f3w Wolf Group Central Europe lub u\u017cytkownik\u00f3w Serwisu w nast\u0119puj\u0105cych celach:<\/p>\n\n\n\n<ul class=\"wp-block-list\">\n<li>Realizacja umowy zawartej z Wolf Group Central Europe (art. 6 ust. 1 lit. b) Rozporz\u0105dzenia).<\/li>\n\n\n\n<li>Marketing w\u0142asnych produkt\u00f3w lub us\u0142ug Wolf Group Central Europe (art. 6 ust. 1 lit. f) Rozporz\u0105dzenia), w szczeg\u00f3lno\u015bci przy wykorzystaniu newslattera<\/li>\n\n\n\n<li>Analiza ruchu w Witrynie, prowadzenie statystyk (art. 6 ust. 1 lit. f) Rozporz\u0105dzenia).<\/li>\n<\/ul>\n\n\n\n<p>Podstaw\u0105 prawn\u0105 przetwarzania danych osobowych jest zgoda klient\u00f3w Wolf Group Central Europe lub u\u017cytkownik\u00f3w Serwisu (art. 6 ust. 1 lit. a) Rozporz\u0105dzenia)<\/p>\n\n\n\n<div style=\"height:24px\" aria-hidden=\"true\" class=\"wp-block-spacer advgb-dyn-9821cc03\"><\/div>\n\n\n\n<h2 class=\"wp-block-heading has-medium-font-size\" id=\"what-type-of-personal-data-we-process-d4d514e6-cda7-474b-94bc-b9412cde5339\" style=\"font-style:normal;font-weight:600\">3. Okres przechowywania danych<\/h2>\n\n\n\n<p>Dane osobowe klient\u00f3w Wolf Group Central Europe lub u\u017cytkownik\u00f3w Serwisu b\u0119d\u0105 przechowywane przez okres:<\/p>\n\n\n\n<ul class=\"wp-block-list\">\n<li>W przypadku realizacji umowy zawartej z Wolf Group Central Europe przez czas jej trwania i do czasu up\u0142ywu terminu przedawnienia roszcze\u0144 wynikaj\u0105cych z tej umowy.<\/li>\n\n\n\n<li>W przypadku marketingu w\u0142asnych produkt\u00f3w lub us\u0142ug Wolf Group Central Europe do czasu wniesienia sprzeciwu wobec takiego przetwarzania.<\/li>\n\n\n\n<li>W przypadku analiz i statystyk do czasu wniesienia sprzeciwu wobec takiego przetwarzania.<\/li>\n<\/ul>\n\n\n\n<div style=\"height:24px\" aria-hidden=\"true\" class=\"wp-block-spacer advgb-dyn-9821cc03\"><\/div>\n\n\n\n<h2 class=\"wp-block-heading has-medium-font-size\" id=\"why-do-we-process-your-data-6ac8b6ad-2b79-4198-8891-3739af43d8ca\" style=\"font-style:normal;font-weight:600\">4. Odbiorcy danych<\/h2>\n\n\n\n<p>Odbiorcami danych osobowych klient\u00f3w Wolf Group Central Europe lub u\u017cytkownik\u00f3w Serwisu, poza Wolf Group Central Europe, mog\u0105 by\u0107:<\/p>\n\n\n\n<ul class=\"wp-block-list\">\n<li>Podmioty przetwarzaj\u0105ce dane na zlecenie Wolf Group Central Europe w zakresie realizacji cel\u00f3w okre\u015blonych w pkt 2 powy\u017cej.<\/li>\n\n\n\n<li>Podmioty uprawnione do uzyskania danych na podstawie obowi\u0105zuj\u0105cego prawa.<\/li>\n<\/ul>\n\n\n\n<p><\/p>\n\n\n\n<h2 class=\"wp-block-heading has-medium-font-size\" id=\"what-do-we-do-with-social-media-359754d6-f8d9-433d-8085-61d0038d1d1d\" style=\"font-style:normal;font-weight:600\">5. Uprawnienia klient\u00f3w i u\u017cytkownik\u00f3w<\/h2>\n\n\n\n<p>Klientom Wolf Group Central Europe lub u\u017cytkownikom Serwisu przys\u0142uguj\u0105 nast\u0119puj\u0105ce prawa zwi\u0105zane z przetwarzaniem ich danych osobowych przez Wolf Group Central Europe:<\/p>\n\n\n\n<ul class=\"wp-block-list\">\n<li>Prawo dost\u0119pu do swoich danych osobowych oraz otrzymania ich kopii<\/li>\n\n\n\n<li>Prawo do sprostowania (poprawiania) swoich danych osobowych<\/li>\n\n\n\n<li>Prawo do usuni\u0119cia danych osobowych<\/li>\n\n\n\n<li>Prawo do ograniczenia przetwarzania danych osobowych<\/li>\n\n\n\n<li>Prawo do wniesienia sprzeciwu wobec przetwarzania danych osobowych<\/li>\n\n\n\n<li>Prawo do przenoszenia danych osobowych<\/li>\n\n\n\n<li>Prawo do wniesienia skargi do organu nadzorczego (Prezes Urz\u0119du Ochrony Danych Osobowych)<\/li>\n<\/ul>\n\n\n\n<div style=\"height:24px\" aria-hidden=\"true\" class=\"wp-block-spacer\"><\/div>\n\n\n\n<h2 class=\"wp-block-heading has-medium-font-size\" id=\"do-we-make-any-automated-decisions-26a58918-a38f-4597-a8e8-4a52e9cae436\" style=\"font-style:normal;font-weight:600\">6. Postanowienia ko\u0144cowe<\/h2>\n\n\n\n<p>Wolf Group Central Europe zastrzega sobie prawo do zmiany niniejszej Polityki Prywatno\u015bci. O wszelkich zmianach U\u017cytkownicy b\u0119d\u0105 informowani poprzez publikacj\u0119 aktualizacji na stronie Serwisu.<\/p>\n\n\n\n<p>W sprawach zwi\u0105zanych z danymi osobowymi prosimy o kontakt pod adresem e-mail: <a href=\"mailto:info.ce@wolf-group.com\">info.ce@wolf-group.com<\/a> lub telefonicznie: +48 79 77 50000<\/p>\n\n\n\n<p>Data ostatniej aktualizacji: 07.04.2025 r.<\/p>\n","protected":false},"excerpt":{"rendered":"1. Informacje og\u00f3lne Niniejsza Polityka Prywatno\u015bci okre\u015bla zasady i warunki, na jakich Wolf Group Central Europe Sp\u00f3\u0142ka z ograniczon\u0105 odpowiedzialno\u015bci\u0105 z siedzib\u0105 we Wroc\u0142awiu, ul. Grabiszy\u0144ska 214\/7, 53-235 Wroc\u0142aw, wpisana do rejestru przedsi\u0119biorc\u00f3w KRS przez S\u0105d Rejonowy we Wroc\u0142awiu pod nr KRS 0001096180, NIP 8943232633 (dalej jako \u201eWolf Group Central Europe\u201d) przetwarza i chroni dane [&hellip;]","protected":false},"author":1,"featured_media":0,"parent":0,"menu_order":392,"comment_status":"closed","ping_status":"closed","template":"page-templates\/template-narrow-page.php","meta":{"_acf_changed":false,"advgb_blocks_editor_width":"","advgb_blocks_columns_visual_guide":"","footnotes":""},"class_list":["post-6599","page","type-page","status-publish","hentry"],"acf":[],"yoast_head":"<!-- This site is optimized with the Yoast SEO plugin v27.2 - https:\/\/yoast.com\/product\/yoast-seo-wordpress\/ -->\n<title>Polityka prywatno\u015bci - PENOSIL Polska<\/title>\n<meta name=\"robots\" content=\"index, follow, max-snippet:-1, max-image-preview:large, max-video-preview:-1\" \/>\n<link rel=\"canonical\" href=\"https:\/\/penosil.com\/pl\/polityka-prywatnosci\/\" \/>\n<meta property=\"og:locale\" content=\"pl_PL\" \/>\n<meta property=\"og:type\" content=\"article\" \/>\n<meta property=\"og:title\" content=\"Polityka prywatno\u015bci - PENOSIL Polska\" \/>\n<meta property=\"og:description\" content=\"1. Informacje og\u00f3lne Niniejsza Polityka Prywatno\u015bci okre\u015bla zasady i warunki, na jakich Wolf Group Central Europe Sp\u00f3\u0142ka z ograniczon\u0105 odpowiedzialno\u015bci\u0105 z siedzib\u0105 we Wroc\u0142awiu, ul. Grabiszy\u0144ska 214\/7, 53-235 Wroc\u0142aw, wpisana do rejestru przedsi\u0119biorc\u00f3w KRS przez S\u0105d Rejonowy we Wroc\u0142awiu pod nr KRS 0001096180, NIP 8943232633 (dalej jako \u201eWolf Group Central Europe\u201d) przetwarza i chroni dane [&hellip;]\" \/>\n<meta property=\"og:url\" content=\"https:\/\/penosil.com\/pl\/polityka-prywatnosci\/\" \/>\n<meta property=\"og:site_name\" content=\"PENOSIL Polska\" \/>\n<meta property=\"article:modified_time\" content=\"2025-04-07T08:45:32+00:00\" \/>\n<meta name=\"twitter:card\" content=\"summary_large_image\" \/>\n<meta name=\"twitter:label1\" content=\"Szacowany czas czytania\" \/>\n\t<meta name=\"twitter:data1\" content=\"4 minuty\" \/>\n<script type=\"application\/ld+json\" class=\"yoast-schema-graph\">{\"@context\":\"https:\/\/schema.org\",\"@graph\":[{\"@type\":\"WebPage\",\"@id\":\"https:\/\/penosil.com\/pl\/polityka-prywatnosci\/\",\"url\":\"https:\/\/penosil.com\/pl\/polityka-prywatnosci\/\",\"name\":\"Polityka prywatno\u015bci - PENOSIL Polska\",\"isPartOf\":{\"@id\":\"https:\/\/penosil.com\/pl\/#website\"},\"datePublished\":\"2019-07-22T08:38:55+00:00\",\"dateModified\":\"2025-04-07T08:45:32+00:00\",\"breadcrumb\":{\"@id\":\"https:\/\/penosil.com\/pl\/polityka-prywatnosci\/#breadcrumb\"},\"inLanguage\":\"pl-PL\",\"potentialAction\":[{\"@type\":\"ReadAction\",\"target\":[\"https:\/\/penosil.com\/pl\/polityka-prywatnosci\/\"]}]},{\"@type\":\"BreadcrumbList\",\"@id\":\"https:\/\/penosil.com\/pl\/polityka-prywatnosci\/#breadcrumb\",\"itemListElement\":[{\"@type\":\"ListItem\",\"position\":1,\"name\":\"Home\",\"item\":\"https:\/\/penosil.com\/pl\/\"},{\"@type\":\"ListItem\",\"position\":2,\"name\":\"Polityka prywatno\u015bci\"}]},{\"@type\":\"WebSite\",\"@id\":\"https:\/\/penosil.com\/pl\/#website\",\"url\":\"https:\/\/penosil.com\/pl\/\",\"name\":\"PENOSIL Polska\",\"description\":\"\",\"potentialAction\":[{\"@type\":\"SearchAction\",\"target\":{\"@type\":\"EntryPoint\",\"urlTemplate\":\"https:\/\/penosil.com\/pl\/?s={search_term_string}\"},\"query-input\":{\"@type\":\"PropertyValueSpecification\",\"valueRequired\":true,\"valueName\":\"search_term_string\"}}],\"inLanguage\":\"pl-PL\"}]}<\/script>\n<!-- \/ Yoast SEO plugin. -->","yoast_head_json":{"title":"Polityka prywatno\u015bci - PENOSIL Polska","robots":{"index":"index","follow":"follow","max-snippet":"max-snippet:-1","max-image-preview":"max-image-preview:large","max-video-preview":"max-video-preview:-1"},"canonical":"https:\/\/penosil.com\/pl\/polityka-prywatnosci\/","og_locale":"pl_PL","og_type":"article","og_title":"Polityka prywatno\u015bci - PENOSIL Polska","og_description":"1. Informacje og\u00f3lne Niniejsza Polityka Prywatno\u015bci okre\u015bla zasady i warunki, na jakich Wolf Group Central Europe Sp\u00f3\u0142ka z ograniczon\u0105 odpowiedzialno\u015bci\u0105 z siedzib\u0105 we Wroc\u0142awiu, ul. Grabiszy\u0144ska 214\/7, 53-235 Wroc\u0142aw, wpisana do rejestru przedsi\u0119biorc\u00f3w KRS przez S\u0105d Rejonowy we Wroc\u0142awiu pod nr KRS 0001096180, NIP 8943232633 (dalej jako \u201eWolf Group Central Europe\u201d) przetwarza i chroni dane [&hellip;]","og_url":"https:\/\/penosil.com\/pl\/polityka-prywatnosci\/","og_site_name":"PENOSIL Polska","article_modified_time":"2025-04-07T08:45:32+00:00","twitter_card":"summary_large_image","twitter_misc":{"Szacowany czas czytania":"4 minuty"},"schema":{"@context":"https:\/\/schema.org","@graph":[{"@type":"WebPage","@id":"https:\/\/penosil.com\/pl\/polityka-prywatnosci\/","url":"https:\/\/penosil.com\/pl\/polityka-prywatnosci\/","name":"Polityka prywatno\u015bci - PENOSIL Polska","isPartOf":{"@id":"https:\/\/penosil.com\/pl\/#website"},"datePublished":"2019-07-22T08:38:55+00:00","dateModified":"2025-04-07T08:45:32+00:00","breadcrumb":{"@id":"https:\/\/penosil.com\/pl\/polityka-prywatnosci\/#breadcrumb"},"inLanguage":"pl-PL","potentialAction":[{"@type":"ReadAction","target":["https:\/\/penosil.com\/pl\/polityka-prywatnosci\/"]}]},{"@type":"BreadcrumbList","@id":"https:\/\/penosil.com\/pl\/polityka-prywatnosci\/#breadcrumb","itemListElement":[{"@type":"ListItem","position":1,"name":"Home","item":"https:\/\/penosil.com\/pl\/"},{"@type":"ListItem","position":2,"name":"Polityka prywatno\u015bci"}]},{"@type":"WebSite","@id":"https:\/\/penosil.com\/pl\/#website","url":"https:\/\/penosil.com\/pl\/","name":"PENOSIL Polska","description":"","potentialAction":[{"@type":"SearchAction","target":{"@type":"EntryPoint","urlTemplate":"https:\/\/penosil.com\/pl\/?s={search_term_string}"},"query-input":{"@type":"PropertyValueSpecification","valueRequired":true,"valueName":"search_term_string"}}],"inLanguage":"pl-PL"}]}},"coauthors":[],"author_meta":{"author_link":"https:\/\/penosil.com\/pl\/author\/reaktiiv-pe\/","display_name":"reaktiiv-pe"},"relative_dates":{"created":"Posted 7 lat ago","modified":"Updated 1 rok ago"},"absolute_dates":{"created":"Posted on 22\/07\/2019","modified":"Updated on 07\/04\/2025"},"absolute_dates_time":{"created":"Posted on 22\/07\/2019 08:38","modified":"Updated on 07\/04\/2025 08:45"},"featured_img_caption":"","featured_img":false,"series_order":"","_links":{"self":[{"href":"https:\/\/penosil.com\/pl\/wp-json\/wp\/v2\/pages\/6599","targetHints":{"allow":["GET"]}}],"collection":[{"href":"https:\/\/penosil.com\/pl\/wp-json\/wp\/v2\/pages"}],"about":[{"href":"https:\/\/penosil.com\/pl\/wp-json\/wp\/v2\/types\/page"}],"author":[{"embeddable":true,"href":"https:\/\/penosil.com\/pl\/wp-json\/wp\/v2\/users\/1"}],"replies":[{"embeddable":true,"href":"https:\/\/penosil.com\/pl\/wp-json\/wp\/v2\/comments?post=6599"}],"version-history":[{"count":24,"href":"https:\/\/penosil.com\/pl\/wp-json\/wp\/v2\/pages\/6599\/revisions"}],"predecessor-version":[{"id":37743,"href":"https:\/\/penosil.com\/pl\/wp-json\/wp\/v2\/pages\/6599\/revisions\/37743"}],"wp:attachment":[{"href":"https:\/\/penosil.com\/pl\/wp-json\/wp\/v2\/media?parent=6599"}],"curies":[{"name":"wp","href":"https:\/\/api.w.org\/{rel}","templated":true}]}}