{"id":35682,"date":"2024-09-04T12:14:20","date_gmt":"2024-09-04T12:14:20","guid":{"rendered":"https:\/\/penosil.rktv.ee\/pl\/product\/sealant-remover-990-cleaner-for-cured-sealants\/"},"modified":"2025-11-18T16:03:34","modified_gmt":"2025-11-18T14:03:34","slug":"czyscik-do-utwardzonych-uszczelniaczy","status":"publish","type":"product","link":"https:\/\/penosil.com\/pl\/produkt\/czyscik-do-utwardzonych-uszczelniaczy\/","title":{"rendered":"Sealant Remover 990"},"content":{"rendered":"<p><span style=\"font-weight: 400;\">PENOSIL Sealant Remover 990 to skuteczny i silny \u015brodek czyszcz\u0105cy do usuwania utwardzonych uszczelniaczy, silikon\u00f3w, klej\u00f3w, smar\u00f3w, olej\u00f3w, wosk\u00f3w, zabrudze\u0144 oraz pozosta\u0142o\u015bci po smo\u0142ach z r\u00f3\u017cnych powierzchni.<\/span><\/p>\n","protected":false},"excerpt":{"rendered":"<span style=\"font-weight: 400;\">\u015arodek do usuwania utwardzonych uszczelniaczy<\/span>","protected":false},"author":2,"featured_media":37017,"template":"","meta":{"_acf_changed":false,"advgb_blocks_editor_width":"","advgb_blocks_columns_visual_guide":"","footnotes":""},"product_brand":[],"product_cat":[2848,2850,2849,2855,1815],"product_tag":[],"class_list":{"0":"post-35682","1":"product","2":"type-product","3":"status-publish","4":"has-post-thumbnail","6":"product_cat-obszary-zastosowania","7":"product_cat-grupy-produktowe","8":"product_cat-nowosci","9":"product_cat-czyszczenie","10":"product_cat-akcesoria-i-czysciki","12":"first","13":"instock","14":"taxable","15":"shipping-taxable","16":"purchasable","17":"product-type-simple"},"acf":[],"yoast_head":"<!-- This site is optimized with the Yoast SEO plugin v27.2 - https:\/\/yoast.com\/product\/yoast-seo-wordpress\/ -->\n<title>PENOSIL Sealant Remover 990 - Czy\u015bcik do uszczelniaczy<\/title>\n<meta name=\"description\" content=\"PENOSIL Sealant Remover 990 \u2013 preparat do usuwania utwardzonych silikon\u00f3w, uszczelniaczy i klej\u00f3w. Dzia\u0142a natychmiastowo i skutecznie.\" \/>\n<meta name=\"robots\" content=\"index, follow, max-snippet:-1, max-image-preview:large, max-video-preview:-1\" \/>\n<link rel=\"canonical\" href=\"https:\/\/penosil.com\/pl\/produkt\/czyscik-do-utwardzonych-uszczelniaczy\/\" \/>\n<meta property=\"og:locale\" content=\"pl_PL\" \/>\n<meta property=\"og:type\" content=\"article\" \/>\n<meta property=\"og:title\" content=\"PENOSIL Sealant Remover 990 - Czy\u015bcik do uszczelniaczy\" \/>\n<meta property=\"og:description\" content=\"PENOSIL Sealant Remover 990 \u2013 preparat do usuwania utwardzonych silikon\u00f3w, uszczelniaczy i klej\u00f3w. Dzia\u0142a natychmiastowo i skutecznie.\" \/>\n<meta property=\"og:url\" content=\"https:\/\/penosil.com\/pl\/produkt\/czyscik-do-utwardzonych-uszczelniaczy\/\" \/>\n<meta property=\"og:site_name\" content=\"PENOSIL Polska\" \/>\n<meta property=\"article:modified_time\" content=\"2025-11-18T14:03:34+00:00\" \/>\n<meta property=\"og:image\" content=\"https:\/\/penosil.com\/pl\/wp-content\/uploads\/sites\/39\/2024\/09\/990_Sealant_Remover_990_CZPLSK.png\" \/>\n\t<meta property=\"og:image:width\" content=\"523\" \/>\n\t<meta property=\"og:image:height\" content=\"1080\" \/>\n\t<meta property=\"og:image:type\" content=\"image\/png\" \/>\n<meta name=\"twitter:card\" content=\"summary_large_image\" \/>\n<meta name=\"twitter:label1\" content=\"Szacowany czas czytania\" \/>\n\t<meta name=\"twitter:data1\" content=\"4 minuty\" \/>\n<script type=\"application\/ld+json\" class=\"yoast-schema-graph\">{\"@context\":\"https:\/\/schema.org\",\"@graph\":[{\"@type\":\"WebPage\",\"@id\":\"https:\/\/penosil.com\/pl\/produkt\/czyscik-do-utwardzonych-uszczelniaczy\/\",\"url\":\"https:\/\/penosil.com\/pl\/produkt\/czyscik-do-utwardzonych-uszczelniaczy\/\",\"name\":\"PENOSIL Sealant Remover 990 - Czy\u015bcik do uszczelniaczy\",\"isPartOf\":{\"@id\":\"https:\/\/penosil.com\/pl\/#website\"},\"primaryImageOfPage\":{\"@id\":\"https:\/\/penosil.com\/pl\/produkt\/czyscik-do-utwardzonych-uszczelniaczy\/#primaryimage\"},\"image\":{\"@id\":\"https:\/\/penosil.com\/pl\/produkt\/czyscik-do-utwardzonych-uszczelniaczy\/#primaryimage\"},\"thumbnailUrl\":\"https:\/\/penosil.com\/pl\/wp-content\/uploads\/sites\/39\/2024\/09\/990_Sealant_Remover_990_CZPLSK.png\",\"datePublished\":\"2024-09-04T12:14:20+00:00\",\"dateModified\":\"2025-11-18T14:03:34+00:00\",\"description\":\"PENOSIL Sealant Remover 990 \u2013 preparat do usuwania utwardzonych silikon\u00f3w, uszczelniaczy i klej\u00f3w. Dzia\u0142a natychmiastowo i skutecznie.\",\"breadcrumb\":{\"@id\":\"https:\/\/penosil.com\/pl\/produkt\/czyscik-do-utwardzonych-uszczelniaczy\/#breadcrumb\"},\"inLanguage\":\"pl-PL\",\"potentialAction\":[{\"@type\":\"ReadAction\",\"target\":[\"https:\/\/penosil.com\/pl\/produkt\/czyscik-do-utwardzonych-uszczelniaczy\/\"]}]},{\"@type\":\"ImageObject\",\"inLanguage\":\"pl-PL\",\"@id\":\"https:\/\/penosil.com\/pl\/produkt\/czyscik-do-utwardzonych-uszczelniaczy\/#primaryimage\",\"url\":\"https:\/\/penosil.com\/pl\/wp-content\/uploads\/sites\/39\/2024\/09\/990_Sealant_Remover_990_CZPLSK.png\",\"contentUrl\":\"https:\/\/penosil.com\/pl\/wp-content\/uploads\/sites\/39\/2024\/09\/990_Sealant_Remover_990_CZPLSK.png\",\"width\":523,\"height\":1080},{\"@type\":\"BreadcrumbList\",\"@id\":\"https:\/\/penosil.com\/pl\/produkt\/czyscik-do-utwardzonych-uszczelniaczy\/#breadcrumb\",\"itemListElement\":[{\"@type\":\"ListItem\",\"position\":1,\"name\":\"Home\",\"item\":\"https:\/\/penosil.com\/pl\/\"},{\"@type\":\"ListItem\",\"position\":2,\"name\":\"Produkty\",\"item\":\"https:\/\/penosil.com\/pl\/produkty\/\"},{\"@type\":\"ListItem\",\"position\":3,\"name\":\"Sealant Remover 990\"}]},{\"@type\":\"WebSite\",\"@id\":\"https:\/\/penosil.com\/pl\/#website\",\"url\":\"https:\/\/penosil.com\/pl\/\",\"name\":\"PENOSIL Polska\",\"description\":\"\",\"potentialAction\":[{\"@type\":\"SearchAction\",\"target\":{\"@type\":\"EntryPoint\",\"urlTemplate\":\"https:\/\/penosil.com\/pl\/?s={search_term_string}\"},\"query-input\":{\"@type\":\"PropertyValueSpecification\",\"valueRequired\":true,\"valueName\":\"search_term_string\"}}],\"inLanguage\":\"pl-PL\"}]}<\/script>\n<!-- \/ Yoast SEO plugin. -->","yoast_head_json":{"title":"PENOSIL Sealant Remover 990 - Czy\u015bcik do uszczelniaczy","description":"PENOSIL Sealant Remover 990 \u2013 preparat do usuwania utwardzonych silikon\u00f3w, uszczelniaczy i klej\u00f3w. Dzia\u0142a natychmiastowo i skutecznie.","robots":{"index":"index","follow":"follow","max-snippet":"max-snippet:-1","max-image-preview":"max-image-preview:large","max-video-preview":"max-video-preview:-1"},"canonical":"https:\/\/penosil.com\/pl\/produkt\/czyscik-do-utwardzonych-uszczelniaczy\/","og_locale":"pl_PL","og_type":"article","og_title":"PENOSIL Sealant Remover 990 - Czy\u015bcik do uszczelniaczy","og_description":"PENOSIL Sealant Remover 990 \u2013 preparat do usuwania utwardzonych silikon\u00f3w, uszczelniaczy i klej\u00f3w. Dzia\u0142a natychmiastowo i skutecznie.","og_url":"https:\/\/penosil.com\/pl\/produkt\/czyscik-do-utwardzonych-uszczelniaczy\/","og_site_name":"PENOSIL Polska","article_modified_time":"2025-11-18T14:03:34+00:00","og_image":[{"width":523,"height":1080,"url":"https:\/\/penosil.com\/pl\/wp-content\/uploads\/sites\/39\/2024\/09\/990_Sealant_Remover_990_CZPLSK.png","type":"image\/png"}],"twitter_card":"summary_large_image","twitter_misc":{"Szacowany czas czytania":"4 minuty"},"schema":{"@context":"https:\/\/schema.org","@graph":[{"@type":"WebPage","@id":"https:\/\/penosil.com\/pl\/produkt\/czyscik-do-utwardzonych-uszczelniaczy\/","url":"https:\/\/penosil.com\/pl\/produkt\/czyscik-do-utwardzonych-uszczelniaczy\/","name":"PENOSIL Sealant Remover 990 - Czy\u015bcik do uszczelniaczy","isPartOf":{"@id":"https:\/\/penosil.com\/pl\/#website"},"primaryImageOfPage":{"@id":"https:\/\/penosil.com\/pl\/produkt\/czyscik-do-utwardzonych-uszczelniaczy\/#primaryimage"},"image":{"@id":"https:\/\/penosil.com\/pl\/produkt\/czyscik-do-utwardzonych-uszczelniaczy\/#primaryimage"},"thumbnailUrl":"https:\/\/penosil.com\/pl\/wp-content\/uploads\/sites\/39\/2024\/09\/990_Sealant_Remover_990_CZPLSK.png","datePublished":"2024-09-04T12:14:20+00:00","dateModified":"2025-11-18T14:03:34+00:00","description":"PENOSIL Sealant Remover 990 \u2013 preparat do usuwania utwardzonych silikon\u00f3w, uszczelniaczy i klej\u00f3w. Dzia\u0142a natychmiastowo i skutecznie.","breadcrumb":{"@id":"https:\/\/penosil.com\/pl\/produkt\/czyscik-do-utwardzonych-uszczelniaczy\/#breadcrumb"},"inLanguage":"pl-PL","potentialAction":[{"@type":"ReadAction","target":["https:\/\/penosil.com\/pl\/produkt\/czyscik-do-utwardzonych-uszczelniaczy\/"]}]},{"@type":"ImageObject","inLanguage":"pl-PL","@id":"https:\/\/penosil.com\/pl\/produkt\/czyscik-do-utwardzonych-uszczelniaczy\/#primaryimage","url":"https:\/\/penosil.com\/pl\/wp-content\/uploads\/sites\/39\/2024\/09\/990_Sealant_Remover_990_CZPLSK.png","contentUrl":"https:\/\/penosil.com\/pl\/wp-content\/uploads\/sites\/39\/2024\/09\/990_Sealant_Remover_990_CZPLSK.png","width":523,"height":1080},{"@type":"BreadcrumbList","@id":"https:\/\/penosil.com\/pl\/produkt\/czyscik-do-utwardzonych-uszczelniaczy\/#breadcrumb","itemListElement":[{"@type":"ListItem","position":1,"name":"Home","item":"https:\/\/penosil.com\/pl\/"},{"@type":"ListItem","position":2,"name":"Produkty","item":"https:\/\/penosil.com\/pl\/produkty\/"},{"@type":"ListItem","position":3,"name":"Sealant Remover 990"}]},{"@type":"WebSite","@id":"https:\/\/penosil.com\/pl\/#website","url":"https:\/\/penosil.com\/pl\/","name":"PENOSIL Polska","description":"","potentialAction":[{"@type":"SearchAction","target":{"@type":"EntryPoint","urlTemplate":"https:\/\/penosil.com\/pl\/?s={search_term_string}"},"query-input":{"@type":"PropertyValueSpecification","valueRequired":true,"valueName":"search_term_string"}}],"inLanguage":"pl-PL"}]}},"featured_img":"https:\/\/penosil.com\/pl\/wp-content\/uploads\/sites\/39\/2024\/09\/990_Sealant_Remover_990_CZPLSK.png","coauthors":[],"author_meta":{"author_link":"https:\/\/penosil.com\/pl\/author\/katlin\/","display_name":"Katlin"},"relative_dates":{"created":"Posted 2 lata ago","modified":"Updated 5 miesi\u0119cy ago"},"absolute_dates":{"created":"Posted on 04\/09\/2024","modified":"Updated on 18\/11\/2025"},"absolute_dates_time":{"created":"Posted on 04\/09\/2024 12:14","modified":"Updated on 18\/11\/2025 16:03"},"featured_img_caption":"","tax_additional":{"product_brand":{"linked":[],"unlinked":[],"slug":"product_brand","name":"Marki"},"product_type":{"linked":["<a href=\"https:\/\/penosil.com\/pl\/?taxonomy=product_type&#038;term=simple\" class=\"advgb-post-tax-term\">simple<\/a>"],"unlinked":["<span class=\"advgb-post-tax-term\">simple<\/span>"],"slug":"product_type","name":"Typ produktu"},"product_visibility":{"linked":[],"unlinked":[],"slug":"product_visibility","name":"Widoczno\u015b\u0107 produktu"},"product_cat":{"linked":["<a href=\"https:\/\/penosil.com\/pl\/kategoria-produktu\/obszary-zastosowania\/\" class=\"advgb-post-tax-term\">Obszary zastosowania<\/a>","<a href=\"https:\/\/penosil.com\/pl\/kategoria-produktu\/grupy-produktowe\/\" class=\"advgb-post-tax-term\">Grupy produktowe<\/a>","<a href=\"https:\/\/penosil.com\/pl\/kategoria-produktu\/nowosci\/\" class=\"advgb-post-tax-term\">NOWO\u015aCI!<\/a>","<a href=\"https:\/\/penosil.com\/pl\/kategoria-produktu\/obszary-zastosowania\/czyszczenie\/\" class=\"advgb-post-tax-term\">Czyszczenie<\/a>","<a href=\"https:\/\/penosil.com\/pl\/kategoria-produktu\/grupy-produktowe\/akcesoria-i-czysciki\/\" class=\"advgb-post-tax-term\">Akcesoria i czy\u015bciki<\/a>"],"unlinked":["<span class=\"advgb-post-tax-term\">Obszary zastosowania<\/span>","<span class=\"advgb-post-tax-term\">Grupy produktowe<\/span>","<span class=\"advgb-post-tax-term\">NOWO\u015aCI!<\/span>","<span class=\"advgb-post-tax-term\">Czyszczenie<\/span>","<span class=\"advgb-post-tax-term\">Akcesoria i czy\u015bciki<\/span>"],"slug":"product_cat","name":"Kategorie produkt\u00f3w"},"product_tag":{"linked":[],"unlinked":[],"slug":"product_tag","name":"Znaczniki produktu"},"product_shipping_class":{"linked":[],"unlinked":[],"slug":"product_shipping_class","name":"Klasy wysy\u0142kowe produktu"},"pos_product_visibility":{"linked":[],"unlinked":[],"slug":"pos_product_visibility","name":"Widoczno\u015b\u0107 produktu w punkcie sprzeda\u017cy (POS)"},"pa_kolor":{"linked":[],"unlinked":[],"slug":"pa_kolor","name":"Product Kolor"},"pa_opakowanie":{"linked":["<a href=\"https:\/\/penosil.com\/pl\/?taxonomy=pa_opakowanie&#038;term=200-ml\" class=\"advgb-post-tax-term\">200 ml<\/a>"],"unlinked":["<span class=\"advgb-post-tax-term\">200 ml<\/span>"],"slug":"pa_opakowanie","name":"Product Opakowanie"},"pa_rolka":{"linked":[],"unlinked":[],"slug":"pa_rolka","name":"Product Rolka"},"pa_srednica":{"linked":[],"unlinked":[],"slug":"pa_srednica","name":"Product \u015arednica"},"pa_szerokosc":{"linked":[],"unlinked":[],"slug":"pa_szerokosc","name":"Product Szeroko\u015b\u0107"},"translation_priority":{"linked":["<a href=\"https:\/\/penosil.com\/pl\/?taxonomy=translation_priority&#038;term=opcjonalne\" class=\"advgb-post-tax-term\">Opcjonalne<\/a>"],"unlinked":["<span class=\"advgb-post-tax-term\">Opcjonalne<\/span>"],"slug":"translation_priority","name":"Priorytety t\u0142umaczenia"}},"series_order":"","_links":{"self":[{"href":"https:\/\/penosil.com\/pl\/wp-json\/wp\/v2\/product\/35682","targetHints":{"allow":["GET"]}}],"collection":[{"href":"https:\/\/penosil.com\/pl\/wp-json\/wp\/v2\/product"}],"about":[{"href":"https:\/\/penosil.com\/pl\/wp-json\/wp\/v2\/types\/product"}],"version-history":[{"count":8,"href":"https:\/\/penosil.com\/pl\/wp-json\/wp\/v2\/product\/35682\/revisions"}],"predecessor-version":[{"id":38273,"href":"https:\/\/penosil.com\/pl\/wp-json\/wp\/v2\/product\/35682\/revisions\/38273"}],"wp:featuredmedia":[{"embeddable":true,"href":"https:\/\/penosil.com\/pl\/wp-json\/wp\/v2\/media\/37017"}],"wp:attachment":[{"href":"https:\/\/penosil.com\/pl\/wp-json\/wp\/v2\/media?parent=35682"}],"wp:term":[{"taxonomy":"product_brand","embeddable":true,"href":"https:\/\/penosil.com\/pl\/wp-json\/wp\/v2\/product_brand?post=35682"},{"taxonomy":"product_cat","embeddable":true,"href":"https:\/\/penosil.com\/pl\/wp-json\/wp\/v2\/product_cat?post=35682"},{"taxonomy":"product_tag","embeddable":true,"href":"https:\/\/penosil.com\/pl\/wp-json\/wp\/v2\/product_tag?post=35682"}],"curies":[{"name":"wp","href":"https:\/\/api.w.org\/{rel}","templated":true}]}}