{"id":35708,"date":"2023-04-08T08:09:00","date_gmt":"2023-04-08T08:09:00","guid":{"rendered":"https:\/\/penosil.rktv.ee\/pl\/product\/gun-foam-for-summer-use\/"},"modified":"2025-10-03T11:30:08","modified_gmt":"2025-10-03T09:30:08","slug":"piana-montazowa-do-okien-i-drzwi","status":"publish","type":"product","link":"https:\/\/penosil.com\/pl\/produkt\/piana-montazowa-do-okien-i-drzwi\/","title":{"rendered":"Installation Gunfoam 65 156"},"content":{"rendered":"<p>PENOSIL Installation Gunfoam 65 156 to wysokowydajna piana poliuretanowa do prac instalacyjnych i uszczelniaj\u0105cych, takich jak monta\u017c okien i drzwi itp. Nadaje si\u0119 do aplikacji w wysokich temperaturach. Zapewnia d\u017awi\u0119koizolacyjne uszczelnienie po\u0142\u0105cze\u0144, szczelin i p\u0119kni\u0119\u0107.<\/p>\n","protected":false},"excerpt":{"rendered":"Wysokowydajna piana monta\u017cowa do okien i drzwi","protected":false},"author":22,"featured_media":37996,"template":"","meta":{"_acf_changed":false,"advgb_blocks_editor_width":"","advgb_blocks_columns_visual_guide":"","footnotes":""},"product_brand":[],"product_cat":[2848,2862,2850,2852,2861],"product_tag":[],"class_list":{"0":"post-35708","1":"product","2":"type-product","3":"status-publish","4":"has-post-thumbnail","6":"product_cat-obszary-zastosowania","7":"product_cat-piany-pistoletowe","8":"product_cat-grupy-produktowe","9":"product_cat-okna-i-drzwi","10":"product_cat-piany-poliuretanowe","12":"first","13":"instock","14":"taxable","15":"shipping-taxable","16":"purchasable","17":"product-type-simple"},"acf":[],"yoast_head":"<!-- This site is optimized with the Yoast SEO plugin v27.2 - https:\/\/yoast.com\/product\/yoast-seo-wordpress\/ -->\n<title>PENOSIL Installation Gunfoam 65 156 - Wysokowydajna piana<\/title>\n<meta name=\"description\" content=\"PENOSIL Installation Gunfoam 65 156 to wysokowydajna piana letnia do prac instalacyjnych, wype\u0142niaj\u0105cych i uszczelniaj\u0105cych. Dowiedz si\u0119 wi\u0119cej!\" \/>\n<meta name=\"robots\" content=\"index, follow, max-snippet:-1, max-image-preview:large, max-video-preview:-1\" \/>\n<link rel=\"canonical\" href=\"https:\/\/penosil.com\/pl\/produkt\/piana-montazowa-do-okien-i-drzwi\/\" \/>\n<meta property=\"og:locale\" content=\"pl_PL\" \/>\n<meta property=\"og:type\" content=\"article\" \/>\n<meta property=\"og:title\" content=\"PENOSIL Installation Gunfoam 65 156 - Wysokowydajna piana\" \/>\n<meta property=\"og:description\" content=\"PENOSIL Installation Gunfoam 65 156 to wysokowydajna piana letnia do prac instalacyjnych, wype\u0142niaj\u0105cych i uszczelniaj\u0105cych. Dowiedz si\u0119 wi\u0119cej!\" \/>\n<meta property=\"og:url\" content=\"https:\/\/penosil.com\/pl\/produkt\/piana-montazowa-do-okien-i-drzwi\/\" \/>\n<meta property=\"og:site_name\" content=\"PENOSIL Polska\" \/>\n<meta property=\"article:modified_time\" content=\"2025-10-03T09:30:08+00:00\" \/>\n<meta property=\"og:image\" content=\"https:\/\/penosil.com\/pl\/wp-content\/uploads\/sites\/39\/2023\/04\/156_PENOSIL-Installation-Gunfoam-65_156_PL_FRONT.png\" \/>\n\t<meta property=\"og:image:width\" content=\"1046\" \/>\n\t<meta property=\"og:image:height\" content=\"2168\" \/>\n\t<meta property=\"og:image:type\" content=\"image\/png\" \/>\n<meta name=\"twitter:card\" content=\"summary_large_image\" \/>\n<meta name=\"twitter:label1\" content=\"Szacowany czas czytania\" \/>\n\t<meta name=\"twitter:data1\" content=\"3 minuty\" \/>\n<script type=\"application\/ld+json\" class=\"yoast-schema-graph\">{\"@context\":\"https:\/\/schema.org\",\"@graph\":[{\"@type\":\"WebPage\",\"@id\":\"https:\/\/penosil.com\/pl\/produkt\/piana-montazowa-do-okien-i-drzwi\/\",\"url\":\"https:\/\/penosil.com\/pl\/produkt\/piana-montazowa-do-okien-i-drzwi\/\",\"name\":\"PENOSIL Installation Gunfoam 65 156 - Wysokowydajna piana\",\"isPartOf\":{\"@id\":\"https:\/\/penosil.com\/pl\/#website\"},\"primaryImageOfPage\":{\"@id\":\"https:\/\/penosil.com\/pl\/produkt\/piana-montazowa-do-okien-i-drzwi\/#primaryimage\"},\"image\":{\"@id\":\"https:\/\/penosil.com\/pl\/produkt\/piana-montazowa-do-okien-i-drzwi\/#primaryimage\"},\"thumbnailUrl\":\"https:\/\/penosil.com\/pl\/wp-content\/uploads\/sites\/39\/2023\/04\/156_PENOSIL-Installation-Gunfoam-65_156_PL_FRONT.png\",\"datePublished\":\"2023-04-08T08:09:00+00:00\",\"dateModified\":\"2025-10-03T09:30:08+00:00\",\"description\":\"PENOSIL Installation Gunfoam 65 156 to wysokowydajna piana letnia do prac instalacyjnych, wype\u0142niaj\u0105cych i uszczelniaj\u0105cych. Dowiedz si\u0119 wi\u0119cej!\",\"breadcrumb\":{\"@id\":\"https:\/\/penosil.com\/pl\/produkt\/piana-montazowa-do-okien-i-drzwi\/#breadcrumb\"},\"inLanguage\":\"pl-PL\",\"potentialAction\":[{\"@type\":\"ReadAction\",\"target\":[\"https:\/\/penosil.com\/pl\/produkt\/piana-montazowa-do-okien-i-drzwi\/\"]}]},{\"@type\":\"ImageObject\",\"inLanguage\":\"pl-PL\",\"@id\":\"https:\/\/penosil.com\/pl\/produkt\/piana-montazowa-do-okien-i-drzwi\/#primaryimage\",\"url\":\"https:\/\/penosil.com\/pl\/wp-content\/uploads\/sites\/39\/2023\/04\/156_PENOSIL-Installation-Gunfoam-65_156_PL_FRONT.png\",\"contentUrl\":\"https:\/\/penosil.com\/pl\/wp-content\/uploads\/sites\/39\/2023\/04\/156_PENOSIL-Installation-Gunfoam-65_156_PL_FRONT.png\",\"width\":1046,\"height\":2168},{\"@type\":\"BreadcrumbList\",\"@id\":\"https:\/\/penosil.com\/pl\/produkt\/piana-montazowa-do-okien-i-drzwi\/#breadcrumb\",\"itemListElement\":[{\"@type\":\"ListItem\",\"position\":1,\"name\":\"Home\",\"item\":\"https:\/\/penosil.com\/pl\/\"},{\"@type\":\"ListItem\",\"position\":2,\"name\":\"Produkty\",\"item\":\"https:\/\/penosil.com\/pl\/produkty\/\"},{\"@type\":\"ListItem\",\"position\":3,\"name\":\"Installation Gunfoam 65 156\"}]},{\"@type\":\"WebSite\",\"@id\":\"https:\/\/penosil.com\/pl\/#website\",\"url\":\"https:\/\/penosil.com\/pl\/\",\"name\":\"PENOSIL Polska\",\"description\":\"\",\"potentialAction\":[{\"@type\":\"SearchAction\",\"target\":{\"@type\":\"EntryPoint\",\"urlTemplate\":\"https:\/\/penosil.com\/pl\/?s={search_term_string}\"},\"query-input\":{\"@type\":\"PropertyValueSpecification\",\"valueRequired\":true,\"valueName\":\"search_term_string\"}}],\"inLanguage\":\"pl-PL\"}]}<\/script>\n<!-- \/ Yoast SEO plugin. -->","yoast_head_json":{"title":"PENOSIL Installation Gunfoam 65 156 - Wysokowydajna piana","description":"PENOSIL Installation Gunfoam 65 156 to wysokowydajna piana letnia do prac instalacyjnych, wype\u0142niaj\u0105cych i uszczelniaj\u0105cych. Dowiedz si\u0119 wi\u0119cej!","robots":{"index":"index","follow":"follow","max-snippet":"max-snippet:-1","max-image-preview":"max-image-preview:large","max-video-preview":"max-video-preview:-1"},"canonical":"https:\/\/penosil.com\/pl\/produkt\/piana-montazowa-do-okien-i-drzwi\/","og_locale":"pl_PL","og_type":"article","og_title":"PENOSIL Installation Gunfoam 65 156 - Wysokowydajna piana","og_description":"PENOSIL Installation Gunfoam 65 156 to wysokowydajna piana letnia do prac instalacyjnych, wype\u0142niaj\u0105cych i uszczelniaj\u0105cych. Dowiedz si\u0119 wi\u0119cej!","og_url":"https:\/\/penosil.com\/pl\/produkt\/piana-montazowa-do-okien-i-drzwi\/","og_site_name":"PENOSIL Polska","article_modified_time":"2025-10-03T09:30:08+00:00","og_image":[{"width":1046,"height":2168,"url":"https:\/\/penosil.com\/pl\/wp-content\/uploads\/sites\/39\/2023\/04\/156_PENOSIL-Installation-Gunfoam-65_156_PL_FRONT.png","type":"image\/png"}],"twitter_card":"summary_large_image","twitter_misc":{"Szacowany czas czytania":"3 minuty"},"schema":{"@context":"https:\/\/schema.org","@graph":[{"@type":"WebPage","@id":"https:\/\/penosil.com\/pl\/produkt\/piana-montazowa-do-okien-i-drzwi\/","url":"https:\/\/penosil.com\/pl\/produkt\/piana-montazowa-do-okien-i-drzwi\/","name":"PENOSIL Installation Gunfoam 65 156 - Wysokowydajna piana","isPartOf":{"@id":"https:\/\/penosil.com\/pl\/#website"},"primaryImageOfPage":{"@id":"https:\/\/penosil.com\/pl\/produkt\/piana-montazowa-do-okien-i-drzwi\/#primaryimage"},"image":{"@id":"https:\/\/penosil.com\/pl\/produkt\/piana-montazowa-do-okien-i-drzwi\/#primaryimage"},"thumbnailUrl":"https:\/\/penosil.com\/pl\/wp-content\/uploads\/sites\/39\/2023\/04\/156_PENOSIL-Installation-Gunfoam-65_156_PL_FRONT.png","datePublished":"2023-04-08T08:09:00+00:00","dateModified":"2025-10-03T09:30:08+00:00","description":"PENOSIL Installation Gunfoam 65 156 to wysokowydajna piana letnia do prac instalacyjnych, wype\u0142niaj\u0105cych i uszczelniaj\u0105cych. Dowiedz si\u0119 wi\u0119cej!","breadcrumb":{"@id":"https:\/\/penosil.com\/pl\/produkt\/piana-montazowa-do-okien-i-drzwi\/#breadcrumb"},"inLanguage":"pl-PL","potentialAction":[{"@type":"ReadAction","target":["https:\/\/penosil.com\/pl\/produkt\/piana-montazowa-do-okien-i-drzwi\/"]}]},{"@type":"ImageObject","inLanguage":"pl-PL","@id":"https:\/\/penosil.com\/pl\/produkt\/piana-montazowa-do-okien-i-drzwi\/#primaryimage","url":"https:\/\/penosil.com\/pl\/wp-content\/uploads\/sites\/39\/2023\/04\/156_PENOSIL-Installation-Gunfoam-65_156_PL_FRONT.png","contentUrl":"https:\/\/penosil.com\/pl\/wp-content\/uploads\/sites\/39\/2023\/04\/156_PENOSIL-Installation-Gunfoam-65_156_PL_FRONT.png","width":1046,"height":2168},{"@type":"BreadcrumbList","@id":"https:\/\/penosil.com\/pl\/produkt\/piana-montazowa-do-okien-i-drzwi\/#breadcrumb","itemListElement":[{"@type":"ListItem","position":1,"name":"Home","item":"https:\/\/penosil.com\/pl\/"},{"@type":"ListItem","position":2,"name":"Produkty","item":"https:\/\/penosil.com\/pl\/produkty\/"},{"@type":"ListItem","position":3,"name":"Installation Gunfoam 65 156"}]},{"@type":"WebSite","@id":"https:\/\/penosil.com\/pl\/#website","url":"https:\/\/penosil.com\/pl\/","name":"PENOSIL Polska","description":"","potentialAction":[{"@type":"SearchAction","target":{"@type":"EntryPoint","urlTemplate":"https:\/\/penosil.com\/pl\/?s={search_term_string}"},"query-input":{"@type":"PropertyValueSpecification","valueRequired":true,"valueName":"search_term_string"}}],"inLanguage":"pl-PL"}]}},"featured_img":"https:\/\/penosil.com\/pl\/wp-content\/uploads\/sites\/39\/2023\/04\/156_PENOSIL-Installation-Gunfoam-65_156_PL_FRONT.png","coauthors":[],"author_meta":{"author_link":"https:\/\/penosil.com\/pl\/author\/kristin\/","display_name":"kristin"},"relative_dates":{"created":"Posted 3 lata ago","modified":"Updated 6 miesi\u0119cy ago"},"absolute_dates":{"created":"Posted on 08\/04\/2023","modified":"Updated on 03\/10\/2025"},"absolute_dates_time":{"created":"Posted on 08\/04\/2023 08:09","modified":"Updated on 03\/10\/2025 11:30"},"featured_img_caption":"","tax_additional":{"product_brand":{"linked":[],"unlinked":[],"slug":"product_brand","name":"Marki"},"product_type":{"linked":["<a href=\"https:\/\/penosil.com\/pl\/?taxonomy=product_type&#038;term=simple\" class=\"advgb-post-tax-term\">simple<\/a>"],"unlinked":["<span class=\"advgb-post-tax-term\">simple<\/span>"],"slug":"product_type","name":"Typ produktu"},"product_visibility":{"linked":[],"unlinked":[],"slug":"product_visibility","name":"Widoczno\u015b\u0107 produktu"},"product_cat":{"linked":["<a href=\"https:\/\/penosil.com\/pl\/kategoria-produktu\/obszary-zastosowania\/\" class=\"advgb-post-tax-term\">Obszary zastosowania<\/a>","<a href=\"https:\/\/penosil.com\/pl\/kategoria-produktu\/grupy-produktowe\/piany-poliuretanowe\/piany-pistoletowe\/\" class=\"advgb-post-tax-term\">Piany pistoletowe<\/a>","<a href=\"https:\/\/penosil.com\/pl\/kategoria-produktu\/grupy-produktowe\/\" class=\"advgb-post-tax-term\">Grupy produktowe<\/a>","<a href=\"https:\/\/penosil.com\/pl\/kategoria-produktu\/obszary-zastosowania\/okna-i-drzwi\/\" class=\"advgb-post-tax-term\">Okna i drzwi<\/a>","<a href=\"https:\/\/penosil.com\/pl\/kategoria-produktu\/grupy-produktowe\/piany-poliuretanowe\/\" class=\"advgb-post-tax-term\">Piany poliuretanowe<\/a>"],"unlinked":["<span class=\"advgb-post-tax-term\">Obszary zastosowania<\/span>","<span class=\"advgb-post-tax-term\">Piany pistoletowe<\/span>","<span class=\"advgb-post-tax-term\">Grupy produktowe<\/span>","<span class=\"advgb-post-tax-term\">Okna i drzwi<\/span>","<span class=\"advgb-post-tax-term\">Piany poliuretanowe<\/span>"],"slug":"product_cat","name":"Kategorie produkt\u00f3w"},"product_tag":{"linked":[],"unlinked":[],"slug":"product_tag","name":"Znaczniki produktu"},"product_shipping_class":{"linked":[],"unlinked":[],"slug":"product_shipping_class","name":"Klasy wysy\u0142kowe produktu"},"pos_product_visibility":{"linked":[],"unlinked":[],"slug":"pos_product_visibility","name":"Widoczno\u015b\u0107 produktu w punkcie sprzeda\u017cy (POS)"},"pa_kolor":{"linked":["<a href=\"https:\/\/penosil.com\/pl\/?taxonomy=pa_kolor&#038;term=jasnozolty\" class=\"advgb-post-tax-term\">Jasno\u017c\u00f3\u0142ty<\/a>"],"unlinked":["<span class=\"advgb-post-tax-term\">Jasno\u017c\u00f3\u0142ty<\/span>"],"slug":"pa_kolor","name":"Product Kolor"},"pa_opakowanie":{"linked":[],"unlinked":[],"slug":"pa_opakowanie","name":"Product Opakowanie"},"pa_rolka":{"linked":[],"unlinked":[],"slug":"pa_rolka","name":"Product Rolka"},"pa_srednica":{"linked":[],"unlinked":[],"slug":"pa_srednica","name":"Product \u015arednica"},"pa_szerokosc":{"linked":[],"unlinked":[],"slug":"pa_szerokosc","name":"Product Szeroko\u015b\u0107"},"translation_priority":{"linked":["<a href=\"https:\/\/penosil.com\/pl\/?taxonomy=translation_priority&#038;term=opcjonalne\" class=\"advgb-post-tax-term\">Opcjonalne<\/a>"],"unlinked":["<span class=\"advgb-post-tax-term\">Opcjonalne<\/span>"],"slug":"translation_priority","name":"Priorytety t\u0142umaczenia"}},"series_order":"","_links":{"self":[{"href":"https:\/\/penosil.com\/pl\/wp-json\/wp\/v2\/product\/35708","targetHints":{"allow":["GET"]}}],"collection":[{"href":"https:\/\/penosil.com\/pl\/wp-json\/wp\/v2\/product"}],"about":[{"href":"https:\/\/penosil.com\/pl\/wp-json\/wp\/v2\/types\/product"}],"version-history":[{"count":17,"href":"https:\/\/penosil.com\/pl\/wp-json\/wp\/v2\/product\/35708\/revisions"}],"predecessor-version":[{"id":37977,"href":"https:\/\/penosil.com\/pl\/wp-json\/wp\/v2\/product\/35708\/revisions\/37977"}],"wp:featuredmedia":[{"embeddable":true,"href":"https:\/\/penosil.com\/pl\/wp-json\/wp\/v2\/media\/37996"}],"wp:attachment":[{"href":"https:\/\/penosil.com\/pl\/wp-json\/wp\/v2\/media?parent=35708"}],"wp:term":[{"taxonomy":"product_brand","embeddable":true,"href":"https:\/\/penosil.com\/pl\/wp-json\/wp\/v2\/product_brand?post=35708"},{"taxonomy":"product_cat","embeddable":true,"href":"https:\/\/penosil.com\/pl\/wp-json\/wp\/v2\/product_cat?post=35708"},{"taxonomy":"product_tag","embeddable":true,"href":"https:\/\/penosil.com\/pl\/wp-json\/wp\/v2\/product_tag?post=35708"}],"curies":[{"name":"wp","href":"https:\/\/api.w.org\/{rel}","templated":true}]}}