{"id":35750,"date":"2023-04-11T08:34:21","date_gmt":"2023-04-11T08:34:21","guid":{"rendered":"https:\/\/penosil.rktv.ee\/pl\/product\/sprayable-gun-foam\/"},"modified":"2025-11-18T20:07:40","modified_gmt":"2025-11-18T18:07:40","slug":"piana-termoizolacyjna-natryskowa","status":"publish","type":"product","link":"https:\/\/penosil.com\/pl\/produkt\/piana-termoizolacyjna-natryskowa\/","title":{"rendered":"EasySpray Foam 111"},"content":{"rendered":"<p>PENOSIL EasySpray Foam 111 to jednosk\u0142adnikowa, gotowa do u\u017cycia natryskowa piana pistoletowa, przeznaczona do uszczelniania i izolowania trudno dost\u0119pnych miejsc i powierzchni, gdzie zastosowanie tradycyjnych materia\u0142\u00f3w izolacyjnych jest utrudnione. Charakteryzuje si\u0119 bardzo nisk\u0105 zawarto\u015bci\u0105 diizocyjanian\u00f3w oraz szybkim i wygodnym u\u017cytkowaniem. Specjalna ko\u0144c\u00f3wka natryskowa jest kompatybilna z wi\u0119kszo\u015bci\u0105 pistolet\u00f3w do piany.<\/p>\n","protected":false},"excerpt":{"rendered":"<span style=\"font-weight: 400;\">Piana termoizolacyjna natryskowa<\/span>","protected":false},"author":22,"featured_media":37039,"template":"","meta":{"_acf_changed":false,"advgb_blocks_editor_width":"","advgb_blocks_columns_visual_guide":"","footnotes":""},"product_brand":[],"product_cat":[2848,2861,2850,2853,2865],"product_tag":[],"class_list":{"0":"post-35750","1":"product","2":"type-product","3":"status-publish","4":"has-post-thumbnail","6":"product_cat-obszary-zastosowania","7":"product_cat-piany-poliuretanowe","8":"product_cat-grupy-produktowe","9":"product_cat-dachy-i-fasady","10":"product_cat-easy-spray","12":"first","13":"instock","14":"taxable","15":"shipping-taxable","16":"purchasable","17":"product-type-simple"},"acf":[],"yoast_head":"<!-- This site is optimized with the Yoast SEO plugin v27.2 - https:\/\/yoast.com\/product\/yoast-seo-wordpress\/ -->\n<title>PENOSIL EasySpray Foam 111 - Piana termoizolacyjna<\/title>\n<meta name=\"description\" content=\"PENOSIL EasySpray Foam 111 \u2013 piana natryskowa do izolacji nier\u00f3wnych i trudno dost\u0119pnych powierzchni, takich jak rury, zbiorniki czy konstrukcje rurowe.\" \/>\n<meta name=\"robots\" content=\"index, follow, max-snippet:-1, max-image-preview:large, max-video-preview:-1\" \/>\n<link rel=\"canonical\" href=\"https:\/\/penosil.com\/pl\/produkt\/piana-termoizolacyjna-natryskowa\/\" \/>\n<meta property=\"og:locale\" content=\"pl_PL\" \/>\n<meta property=\"og:type\" content=\"article\" \/>\n<meta property=\"og:title\" content=\"PENOSIL EasySpray Foam 111 - Piana termoizolacyjna\" \/>\n<meta property=\"og:description\" content=\"PENOSIL EasySpray Foam 111 \u2013 piana natryskowa do izolacji nier\u00f3wnych i trudno dost\u0119pnych powierzchni, takich jak rury, zbiorniki czy konstrukcje rurowe.\" \/>\n<meta property=\"og:url\" content=\"https:\/\/penosil.com\/pl\/produkt\/piana-termoizolacyjna-natryskowa\/\" \/>\n<meta property=\"og:site_name\" content=\"PENOSIL Polska\" \/>\n<meta property=\"article:modified_time\" content=\"2025-11-18T18:07:40+00:00\" \/>\n<meta property=\"og:image\" content=\"https:\/\/penosil.com\/pl\/wp-content\/uploads\/sites\/39\/2023\/04\/111_EasySpray_Foam_111_700ml_white_CZPLSK.png\" \/>\n\t<meta property=\"og:image:width\" content=\"523\" \/>\n\t<meta property=\"og:image:height\" content=\"1080\" \/>\n\t<meta property=\"og:image:type\" content=\"image\/png\" \/>\n<meta name=\"twitter:card\" content=\"summary_large_image\" \/>\n<meta name=\"twitter:label1\" content=\"Szacowany czas czytania\" \/>\n\t<meta name=\"twitter:data1\" content=\"5 minut\" \/>\n<script type=\"application\/ld+json\" class=\"yoast-schema-graph\">{\"@context\":\"https:\/\/schema.org\",\"@graph\":[{\"@type\":\"WebPage\",\"@id\":\"https:\/\/penosil.com\/pl\/produkt\/piana-termoizolacyjna-natryskowa\/\",\"url\":\"https:\/\/penosil.com\/pl\/produkt\/piana-termoizolacyjna-natryskowa\/\",\"name\":\"PENOSIL EasySpray Foam 111 - Piana termoizolacyjna\",\"isPartOf\":{\"@id\":\"https:\/\/penosil.com\/pl\/#website\"},\"primaryImageOfPage\":{\"@id\":\"https:\/\/penosil.com\/pl\/produkt\/piana-termoizolacyjna-natryskowa\/#primaryimage\"},\"image\":{\"@id\":\"https:\/\/penosil.com\/pl\/produkt\/piana-termoizolacyjna-natryskowa\/#primaryimage\"},\"thumbnailUrl\":\"https:\/\/penosil.com\/pl\/wp-content\/uploads\/sites\/39\/2023\/04\/111_EasySpray_Foam_111_700ml_white_CZPLSK.png\",\"datePublished\":\"2023-04-11T08:34:21+00:00\",\"dateModified\":\"2025-11-18T18:07:40+00:00\",\"description\":\"PENOSIL EasySpray Foam 111 \u2013 piana natryskowa do izolacji nier\u00f3wnych i trudno dost\u0119pnych powierzchni, takich jak rury, zbiorniki czy konstrukcje rurowe.\",\"breadcrumb\":{\"@id\":\"https:\/\/penosil.com\/pl\/produkt\/piana-termoizolacyjna-natryskowa\/#breadcrumb\"},\"inLanguage\":\"pl-PL\",\"potentialAction\":[{\"@type\":\"ReadAction\",\"target\":[\"https:\/\/penosil.com\/pl\/produkt\/piana-termoizolacyjna-natryskowa\/\"]}]},{\"@type\":\"ImageObject\",\"inLanguage\":\"pl-PL\",\"@id\":\"https:\/\/penosil.com\/pl\/produkt\/piana-termoizolacyjna-natryskowa\/#primaryimage\",\"url\":\"https:\/\/penosil.com\/pl\/wp-content\/uploads\/sites\/39\/2023\/04\/111_EasySpray_Foam_111_700ml_white_CZPLSK.png\",\"contentUrl\":\"https:\/\/penosil.com\/pl\/wp-content\/uploads\/sites\/39\/2023\/04\/111_EasySpray_Foam_111_700ml_white_CZPLSK.png\",\"width\":523,\"height\":1080},{\"@type\":\"BreadcrumbList\",\"@id\":\"https:\/\/penosil.com\/pl\/produkt\/piana-termoizolacyjna-natryskowa\/#breadcrumb\",\"itemListElement\":[{\"@type\":\"ListItem\",\"position\":1,\"name\":\"Home\",\"item\":\"https:\/\/penosil.com\/pl\/\"},{\"@type\":\"ListItem\",\"position\":2,\"name\":\"Produkty\",\"item\":\"https:\/\/penosil.com\/pl\/produkty\/\"},{\"@type\":\"ListItem\",\"position\":3,\"name\":\"EasySpray Foam 111\"}]},{\"@type\":\"WebSite\",\"@id\":\"https:\/\/penosil.com\/pl\/#website\",\"url\":\"https:\/\/penosil.com\/pl\/\",\"name\":\"PENOSIL Polska\",\"description\":\"\",\"potentialAction\":[{\"@type\":\"SearchAction\",\"target\":{\"@type\":\"EntryPoint\",\"urlTemplate\":\"https:\/\/penosil.com\/pl\/?s={search_term_string}\"},\"query-input\":{\"@type\":\"PropertyValueSpecification\",\"valueRequired\":true,\"valueName\":\"search_term_string\"}}],\"inLanguage\":\"pl-PL\"}]}<\/script>\n<!-- \/ Yoast SEO plugin. -->","yoast_head_json":{"title":"PENOSIL EasySpray Foam 111 - Piana termoizolacyjna","description":"PENOSIL EasySpray Foam 111 \u2013 piana natryskowa do izolacji nier\u00f3wnych i trudno dost\u0119pnych powierzchni, takich jak rury, zbiorniki czy konstrukcje rurowe.","robots":{"index":"index","follow":"follow","max-snippet":"max-snippet:-1","max-image-preview":"max-image-preview:large","max-video-preview":"max-video-preview:-1"},"canonical":"https:\/\/penosil.com\/pl\/produkt\/piana-termoizolacyjna-natryskowa\/","og_locale":"pl_PL","og_type":"article","og_title":"PENOSIL EasySpray Foam 111 - Piana termoizolacyjna","og_description":"PENOSIL EasySpray Foam 111 \u2013 piana natryskowa do izolacji nier\u00f3wnych i trudno dost\u0119pnych powierzchni, takich jak rury, zbiorniki czy konstrukcje rurowe.","og_url":"https:\/\/penosil.com\/pl\/produkt\/piana-termoizolacyjna-natryskowa\/","og_site_name":"PENOSIL Polska","article_modified_time":"2025-11-18T18:07:40+00:00","og_image":[{"width":523,"height":1080,"url":"https:\/\/penosil.com\/pl\/wp-content\/uploads\/sites\/39\/2023\/04\/111_EasySpray_Foam_111_700ml_white_CZPLSK.png","type":"image\/png"}],"twitter_card":"summary_large_image","twitter_misc":{"Szacowany czas czytania":"5 minut"},"schema":{"@context":"https:\/\/schema.org","@graph":[{"@type":"WebPage","@id":"https:\/\/penosil.com\/pl\/produkt\/piana-termoizolacyjna-natryskowa\/","url":"https:\/\/penosil.com\/pl\/produkt\/piana-termoizolacyjna-natryskowa\/","name":"PENOSIL EasySpray Foam 111 - Piana termoizolacyjna","isPartOf":{"@id":"https:\/\/penosil.com\/pl\/#website"},"primaryImageOfPage":{"@id":"https:\/\/penosil.com\/pl\/produkt\/piana-termoizolacyjna-natryskowa\/#primaryimage"},"image":{"@id":"https:\/\/penosil.com\/pl\/produkt\/piana-termoizolacyjna-natryskowa\/#primaryimage"},"thumbnailUrl":"https:\/\/penosil.com\/pl\/wp-content\/uploads\/sites\/39\/2023\/04\/111_EasySpray_Foam_111_700ml_white_CZPLSK.png","datePublished":"2023-04-11T08:34:21+00:00","dateModified":"2025-11-18T18:07:40+00:00","description":"PENOSIL EasySpray Foam 111 \u2013 piana natryskowa do izolacji nier\u00f3wnych i trudno dost\u0119pnych powierzchni, takich jak rury, zbiorniki czy konstrukcje rurowe.","breadcrumb":{"@id":"https:\/\/penosil.com\/pl\/produkt\/piana-termoizolacyjna-natryskowa\/#breadcrumb"},"inLanguage":"pl-PL","potentialAction":[{"@type":"ReadAction","target":["https:\/\/penosil.com\/pl\/produkt\/piana-termoizolacyjna-natryskowa\/"]}]},{"@type":"ImageObject","inLanguage":"pl-PL","@id":"https:\/\/penosil.com\/pl\/produkt\/piana-termoizolacyjna-natryskowa\/#primaryimage","url":"https:\/\/penosil.com\/pl\/wp-content\/uploads\/sites\/39\/2023\/04\/111_EasySpray_Foam_111_700ml_white_CZPLSK.png","contentUrl":"https:\/\/penosil.com\/pl\/wp-content\/uploads\/sites\/39\/2023\/04\/111_EasySpray_Foam_111_700ml_white_CZPLSK.png","width":523,"height":1080},{"@type":"BreadcrumbList","@id":"https:\/\/penosil.com\/pl\/produkt\/piana-termoizolacyjna-natryskowa\/#breadcrumb","itemListElement":[{"@type":"ListItem","position":1,"name":"Home","item":"https:\/\/penosil.com\/pl\/"},{"@type":"ListItem","position":2,"name":"Produkty","item":"https:\/\/penosil.com\/pl\/produkty\/"},{"@type":"ListItem","position":3,"name":"EasySpray Foam 111"}]},{"@type":"WebSite","@id":"https:\/\/penosil.com\/pl\/#website","url":"https:\/\/penosil.com\/pl\/","name":"PENOSIL Polska","description":"","potentialAction":[{"@type":"SearchAction","target":{"@type":"EntryPoint","urlTemplate":"https:\/\/penosil.com\/pl\/?s={search_term_string}"},"query-input":{"@type":"PropertyValueSpecification","valueRequired":true,"valueName":"search_term_string"}}],"inLanguage":"pl-PL"}]}},"featured_img":"https:\/\/penosil.com\/pl\/wp-content\/uploads\/sites\/39\/2023\/04\/111_EasySpray_Foam_111_700ml_white_CZPLSK.png","coauthors":[],"author_meta":{"author_link":"https:\/\/penosil.com\/pl\/author\/kristin\/","display_name":"kristin"},"relative_dates":{"created":"Posted 3 lata ago","modified":"Updated 5 miesi\u0119cy ago"},"absolute_dates":{"created":"Posted on 11\/04\/2023","modified":"Updated on 18\/11\/2025"},"absolute_dates_time":{"created":"Posted on 11\/04\/2023 08:34","modified":"Updated on 18\/11\/2025 20:07"},"featured_img_caption":"","tax_additional":{"product_brand":{"linked":[],"unlinked":[],"slug":"product_brand","name":"Marki"},"product_type":{"linked":["<a href=\"https:\/\/penosil.com\/pl\/?taxonomy=product_type&#038;term=simple\" class=\"advgb-post-tax-term\">simple<\/a>"],"unlinked":["<span class=\"advgb-post-tax-term\">simple<\/span>"],"slug":"product_type","name":"Typ produktu"},"product_visibility":{"linked":[],"unlinked":[],"slug":"product_visibility","name":"Widoczno\u015b\u0107 produktu"},"product_cat":{"linked":["<a href=\"https:\/\/penosil.com\/pl\/kategoria-produktu\/obszary-zastosowania\/\" class=\"advgb-post-tax-term\">Obszary zastosowania<\/a>","<a href=\"https:\/\/penosil.com\/pl\/kategoria-produktu\/grupy-produktowe\/piany-poliuretanowe\/\" class=\"advgb-post-tax-term\">Piany poliuretanowe<\/a>","<a href=\"https:\/\/penosil.com\/pl\/kategoria-produktu\/grupy-produktowe\/\" class=\"advgb-post-tax-term\">Grupy produktowe<\/a>","<a href=\"https:\/\/penosil.com\/pl\/kategoria-produktu\/obszary-zastosowania\/dachy-i-fasady\/\" class=\"advgb-post-tax-term\">Dachy i fasady<\/a>","<a href=\"https:\/\/penosil.com\/pl\/kategoria-produktu\/grupy-produktowe\/piany-poliuretanowe\/easy-spray\/\" class=\"advgb-post-tax-term\">Easy Spray<\/a>"],"unlinked":["<span class=\"advgb-post-tax-term\">Obszary zastosowania<\/span>","<span class=\"advgb-post-tax-term\">Piany poliuretanowe<\/span>","<span class=\"advgb-post-tax-term\">Grupy produktowe<\/span>","<span class=\"advgb-post-tax-term\">Dachy i fasady<\/span>","<span class=\"advgb-post-tax-term\">Easy Spray<\/span>"],"slug":"product_cat","name":"Kategorie produkt\u00f3w"},"product_tag":{"linked":[],"unlinked":[],"slug":"product_tag","name":"Znaczniki produktu"},"product_shipping_class":{"linked":[],"unlinked":[],"slug":"product_shipping_class","name":"Klasy wysy\u0142kowe produktu"},"pos_product_visibility":{"linked":[],"unlinked":[],"slug":"pos_product_visibility","name":"Widoczno\u015b\u0107 produktu w punkcie sprzeda\u017cy (POS)"},"pa_kolor":{"linked":["<a href=\"https:\/\/penosil.com\/pl\/?taxonomy=pa_kolor&#038;term=kremowy\" class=\"advgb-post-tax-term\">Kremowy<\/a>"],"unlinked":["<span class=\"advgb-post-tax-term\">Kremowy<\/span>"],"slug":"pa_kolor","name":"Product Kolor"},"pa_opakowanie":{"linked":["<a href=\"https:\/\/penosil.com\/pl\/?taxonomy=pa_opakowanie&#038;term=700-ml\" class=\"advgb-post-tax-term\">700 ml<\/a>"],"unlinked":["<span class=\"advgb-post-tax-term\">700 ml<\/span>"],"slug":"pa_opakowanie","name":"Product Opakowanie"},"pa_rolka":{"linked":[],"unlinked":[],"slug":"pa_rolka","name":"Product Rolka"},"pa_srednica":{"linked":[],"unlinked":[],"slug":"pa_srednica","name":"Product \u015arednica"},"pa_szerokosc":{"linked":[],"unlinked":[],"slug":"pa_szerokosc","name":"Product Szeroko\u015b\u0107"},"translation_priority":{"linked":["<a href=\"https:\/\/penosil.com\/pl\/?taxonomy=translation_priority&#038;term=opcjonalne\" class=\"advgb-post-tax-term\">Opcjonalne<\/a>"],"unlinked":["<span class=\"advgb-post-tax-term\">Opcjonalne<\/span>"],"slug":"translation_priority","name":"Priorytety t\u0142umaczenia"}},"series_order":"","_links":{"self":[{"href":"https:\/\/penosil.com\/pl\/wp-json\/wp\/v2\/product\/35750","targetHints":{"allow":["GET"]}}],"collection":[{"href":"https:\/\/penosil.com\/pl\/wp-json\/wp\/v2\/product"}],"about":[{"href":"https:\/\/penosil.com\/pl\/wp-json\/wp\/v2\/types\/product"}],"version-history":[{"count":8,"href":"https:\/\/penosil.com\/pl\/wp-json\/wp\/v2\/product\/35750\/revisions"}],"predecessor-version":[{"id":38303,"href":"https:\/\/penosil.com\/pl\/wp-json\/wp\/v2\/product\/35750\/revisions\/38303"}],"wp:featuredmedia":[{"embeddable":true,"href":"https:\/\/penosil.com\/pl\/wp-json\/wp\/v2\/media\/37039"}],"wp:attachment":[{"href":"https:\/\/penosil.com\/pl\/wp-json\/wp\/v2\/media?parent=35750"}],"wp:term":[{"taxonomy":"product_brand","embeddable":true,"href":"https:\/\/penosil.com\/pl\/wp-json\/wp\/v2\/product_brand?post=35750"},{"taxonomy":"product_cat","embeddable":true,"href":"https:\/\/penosil.com\/pl\/wp-json\/wp\/v2\/product_cat?post=35750"},{"taxonomy":"product_tag","embeddable":true,"href":"https:\/\/penosil.com\/pl\/wp-json\/wp\/v2\/product_tag?post=35750"}],"curies":[{"name":"wp","href":"https:\/\/api.w.org\/{rel}","templated":true}]}}