{"id":35783,"date":"2023-04-08T09:51:00","date_gmt":"2023-04-08T09:51:00","guid":{"rendered":"https:\/\/penosil.rktv.ee\/pl\/product\/lightweight-ready-mixed-plaster\/"},"modified":"2025-03-28T21:53:42","modified_gmt":"2025-03-28T21:53:42","slug":"gotowa-masa-szpachlowa","status":"publish","type":"product","link":"https:\/\/penosil.com\/pl\/produkt\/gotowa-masa-szpachlowa\/","title":{"rendered":"PlasterSeal 650"},"content":{"rendered":"<p>PENOSIL PlasterSeal 650 to szybkoschn\u0105ca, lekka gotowa masa szpachlowa do wype\u0142niania spoin p\u0142yt gipsowo-kartonowych. Jest wyj\u0105tkowo \u0142atwa i szybka w aplikacji, poniewa\u017c nie wymaga stosowania ta\u015bm zbroj\u0105cych, a dzi\u0119ki bardzo niskiej tendencji do kurczenia si\u0119 wystarczy jedna warstwa.<\/p>\n","protected":false},"excerpt":{"rendered":"Gotowa do u\u017cycia lekka masa szpachlowa","protected":false},"author":22,"featured_media":37646,"template":"","meta":{"_acf_changed":false,"advgb_blocks_editor_width":"","advgb_blocks_columns_visual_guide":"","footnotes":""},"product_brand":[],"product_cat":[2848,2850,2856,2889],"product_tag":[],"class_list":{"0":"post-35783","1":"product","2":"type-product","3":"status-publish","4":"has-post-thumbnail","6":"product_cat-obszary-zastosowania","7":"product_cat-grupy-produktowe","8":"product_cat-wykonczenie-wnetrz","9":"product_cat-masy-szpachlowe","11":"first","12":"instock","13":"taxable","14":"shipping-taxable","15":"purchasable","16":"product-type-variable","17":"has-default-attributes"},"acf":[],"yoast_head":"<!-- This site is optimized with the Yoast SEO plugin v27.2 - https:\/\/yoast.com\/product\/yoast-seo-wordpress\/ -->\n<title>PENOSIL PlasterSeal 650 - Gotowa lekka masa szpachlowa<\/title>\n<meta name=\"description\" content=\"PENOSIL PlasterSeal 650 \u2013 gotowa do u\u017cycia lekka masa szpachlowa do jednowarstwowego wype\u0142niania spoin p\u0142yt g-k, bez konieczno\u015bci stosowania ta\u015bmy.\" \/>\n<meta name=\"robots\" content=\"index, follow, max-snippet:-1, max-image-preview:large, max-video-preview:-1\" \/>\n<link rel=\"canonical\" href=\"https:\/\/penosil.com\/pl\/produkt\/gotowa-masa-szpachlowa\/\" \/>\n<meta property=\"og:locale\" content=\"pl_PL\" \/>\n<meta property=\"og:type\" content=\"article\" \/>\n<meta property=\"og:title\" content=\"PENOSIL PlasterSeal 650 - Gotowa lekka masa szpachlowa\" \/>\n<meta property=\"og:description\" content=\"PENOSIL PlasterSeal 650 \u2013 gotowa do u\u017cycia lekka masa szpachlowa do jednowarstwowego wype\u0142niania spoin p\u0142yt g-k, bez konieczno\u015bci stosowania ta\u015bmy.\" \/>\n<meta property=\"og:url\" content=\"https:\/\/penosil.com\/pl\/produkt\/gotowa-masa-szpachlowa\/\" \/>\n<meta property=\"og:site_name\" content=\"PENOSIL Polska\" \/>\n<meta property=\"article:modified_time\" content=\"2025-03-28T21:53:42+00:00\" \/>\n<meta property=\"og:image\" content=\"https:\/\/penosil.com\/pl\/wp-content\/uploads\/sites\/39\/2023\/04\/650_PlasterSeal_650_5Lt_PLCZSK.png\" \/>\n\t<meta property=\"og:image:width\" content=\"1080\" \/>\n\t<meta property=\"og:image:height\" content=\"608\" \/>\n\t<meta property=\"og:image:type\" content=\"image\/png\" \/>\n<meta name=\"twitter:card\" content=\"summary_large_image\" \/>\n<meta name=\"twitter:label1\" content=\"Szacowany czas czytania\" \/>\n\t<meta name=\"twitter:data1\" content=\"2 minuty\" \/>\n<script type=\"application\/ld+json\" class=\"yoast-schema-graph\">{\"@context\":\"https:\/\/schema.org\",\"@graph\":[{\"@type\":\"WebPage\",\"@id\":\"https:\/\/penosil.com\/pl\/produkt\/gotowa-masa-szpachlowa\/\",\"url\":\"https:\/\/penosil.com\/pl\/produkt\/gotowa-masa-szpachlowa\/\",\"name\":\"PENOSIL PlasterSeal 650 - Gotowa lekka masa szpachlowa\",\"isPartOf\":{\"@id\":\"https:\/\/penosil.com\/pl\/#website\"},\"primaryImageOfPage\":{\"@id\":\"https:\/\/penosil.com\/pl\/produkt\/gotowa-masa-szpachlowa\/#primaryimage\"},\"image\":{\"@id\":\"https:\/\/penosil.com\/pl\/produkt\/gotowa-masa-szpachlowa\/#primaryimage\"},\"thumbnailUrl\":\"https:\/\/penosil.com\/pl\/wp-content\/uploads\/sites\/39\/2023\/04\/650_PlasterSeal_650_5Lt_PLCZSK.png\",\"datePublished\":\"2023-04-08T09:51:00+00:00\",\"dateModified\":\"2025-03-28T21:53:42+00:00\",\"description\":\"PENOSIL PlasterSeal 650 \u2013 gotowa do u\u017cycia lekka masa szpachlowa do jednowarstwowego wype\u0142niania spoin p\u0142yt g-k, bez konieczno\u015bci stosowania ta\u015bmy.\",\"breadcrumb\":{\"@id\":\"https:\/\/penosil.com\/pl\/produkt\/gotowa-masa-szpachlowa\/#breadcrumb\"},\"inLanguage\":\"pl-PL\",\"potentialAction\":[{\"@type\":\"ReadAction\",\"target\":[\"https:\/\/penosil.com\/pl\/produkt\/gotowa-masa-szpachlowa\/\"]}]},{\"@type\":\"ImageObject\",\"inLanguage\":\"pl-PL\",\"@id\":\"https:\/\/penosil.com\/pl\/produkt\/gotowa-masa-szpachlowa\/#primaryimage\",\"url\":\"https:\/\/penosil.com\/pl\/wp-content\/uploads\/sites\/39\/2023\/04\/650_PlasterSeal_650_5Lt_PLCZSK.png\",\"contentUrl\":\"https:\/\/penosil.com\/pl\/wp-content\/uploads\/sites\/39\/2023\/04\/650_PlasterSeal_650_5Lt_PLCZSK.png\",\"width\":1080,\"height\":608},{\"@type\":\"BreadcrumbList\",\"@id\":\"https:\/\/penosil.com\/pl\/produkt\/gotowa-masa-szpachlowa\/#breadcrumb\",\"itemListElement\":[{\"@type\":\"ListItem\",\"position\":1,\"name\":\"Home\",\"item\":\"https:\/\/penosil.com\/pl\/\"},{\"@type\":\"ListItem\",\"position\":2,\"name\":\"Produkty\",\"item\":\"https:\/\/penosil.com\/pl\/produkty\/\"},{\"@type\":\"ListItem\",\"position\":3,\"name\":\"PlasterSeal 650\"}]},{\"@type\":\"WebSite\",\"@id\":\"https:\/\/penosil.com\/pl\/#website\",\"url\":\"https:\/\/penosil.com\/pl\/\",\"name\":\"PENOSIL Polska\",\"description\":\"\",\"potentialAction\":[{\"@type\":\"SearchAction\",\"target\":{\"@type\":\"EntryPoint\",\"urlTemplate\":\"https:\/\/penosil.com\/pl\/?s={search_term_string}\"},\"query-input\":{\"@type\":\"PropertyValueSpecification\",\"valueRequired\":true,\"valueName\":\"search_term_string\"}}],\"inLanguage\":\"pl-PL\"}]}<\/script>\n<!-- \/ Yoast SEO plugin. -->","yoast_head_json":{"title":"PENOSIL PlasterSeal 650 - Gotowa lekka masa szpachlowa","description":"PENOSIL PlasterSeal 650 \u2013 gotowa do u\u017cycia lekka masa szpachlowa do jednowarstwowego wype\u0142niania spoin p\u0142yt g-k, bez konieczno\u015bci stosowania ta\u015bmy.","robots":{"index":"index","follow":"follow","max-snippet":"max-snippet:-1","max-image-preview":"max-image-preview:large","max-video-preview":"max-video-preview:-1"},"canonical":"https:\/\/penosil.com\/pl\/produkt\/gotowa-masa-szpachlowa\/","og_locale":"pl_PL","og_type":"article","og_title":"PENOSIL PlasterSeal 650 - Gotowa lekka masa szpachlowa","og_description":"PENOSIL PlasterSeal 650 \u2013 gotowa do u\u017cycia lekka masa szpachlowa do jednowarstwowego wype\u0142niania spoin p\u0142yt g-k, bez konieczno\u015bci stosowania ta\u015bmy.","og_url":"https:\/\/penosil.com\/pl\/produkt\/gotowa-masa-szpachlowa\/","og_site_name":"PENOSIL Polska","article_modified_time":"2025-03-28T21:53:42+00:00","og_image":[{"width":1080,"height":608,"url":"https:\/\/penosil.com\/pl\/wp-content\/uploads\/sites\/39\/2023\/04\/650_PlasterSeal_650_5Lt_PLCZSK.png","type":"image\/png"}],"twitter_card":"summary_large_image","twitter_misc":{"Szacowany czas czytania":"2 minuty"},"schema":{"@context":"https:\/\/schema.org","@graph":[{"@type":"WebPage","@id":"https:\/\/penosil.com\/pl\/produkt\/gotowa-masa-szpachlowa\/","url":"https:\/\/penosil.com\/pl\/produkt\/gotowa-masa-szpachlowa\/","name":"PENOSIL PlasterSeal 650 - Gotowa lekka masa szpachlowa","isPartOf":{"@id":"https:\/\/penosil.com\/pl\/#website"},"primaryImageOfPage":{"@id":"https:\/\/penosil.com\/pl\/produkt\/gotowa-masa-szpachlowa\/#primaryimage"},"image":{"@id":"https:\/\/penosil.com\/pl\/produkt\/gotowa-masa-szpachlowa\/#primaryimage"},"thumbnailUrl":"https:\/\/penosil.com\/pl\/wp-content\/uploads\/sites\/39\/2023\/04\/650_PlasterSeal_650_5Lt_PLCZSK.png","datePublished":"2023-04-08T09:51:00+00:00","dateModified":"2025-03-28T21:53:42+00:00","description":"PENOSIL PlasterSeal 650 \u2013 gotowa do u\u017cycia lekka masa szpachlowa do jednowarstwowego wype\u0142niania spoin p\u0142yt g-k, bez konieczno\u015bci stosowania ta\u015bmy.","breadcrumb":{"@id":"https:\/\/penosil.com\/pl\/produkt\/gotowa-masa-szpachlowa\/#breadcrumb"},"inLanguage":"pl-PL","potentialAction":[{"@type":"ReadAction","target":["https:\/\/penosil.com\/pl\/produkt\/gotowa-masa-szpachlowa\/"]}]},{"@type":"ImageObject","inLanguage":"pl-PL","@id":"https:\/\/penosil.com\/pl\/produkt\/gotowa-masa-szpachlowa\/#primaryimage","url":"https:\/\/penosil.com\/pl\/wp-content\/uploads\/sites\/39\/2023\/04\/650_PlasterSeal_650_5Lt_PLCZSK.png","contentUrl":"https:\/\/penosil.com\/pl\/wp-content\/uploads\/sites\/39\/2023\/04\/650_PlasterSeal_650_5Lt_PLCZSK.png","width":1080,"height":608},{"@type":"BreadcrumbList","@id":"https:\/\/penosil.com\/pl\/produkt\/gotowa-masa-szpachlowa\/#breadcrumb","itemListElement":[{"@type":"ListItem","position":1,"name":"Home","item":"https:\/\/penosil.com\/pl\/"},{"@type":"ListItem","position":2,"name":"Produkty","item":"https:\/\/penosil.com\/pl\/produkty\/"},{"@type":"ListItem","position":3,"name":"PlasterSeal 650"}]},{"@type":"WebSite","@id":"https:\/\/penosil.com\/pl\/#website","url":"https:\/\/penosil.com\/pl\/","name":"PENOSIL Polska","description":"","potentialAction":[{"@type":"SearchAction","target":{"@type":"EntryPoint","urlTemplate":"https:\/\/penosil.com\/pl\/?s={search_term_string}"},"query-input":{"@type":"PropertyValueSpecification","valueRequired":true,"valueName":"search_term_string"}}],"inLanguage":"pl-PL"}]}},"featured_img":"https:\/\/penosil.com\/pl\/wp-content\/uploads\/sites\/39\/2023\/04\/650_PlasterSeal_650_5Lt_PLCZSK.png","coauthors":[],"author_meta":{"author_link":"https:\/\/penosil.com\/pl\/author\/kristin\/","display_name":"kristin"},"relative_dates":{"created":"Posted 3 lata ago","modified":"Updated 1 rok ago"},"absolute_dates":{"created":"Posted on 08\/04\/2023","modified":"Updated on 28\/03\/2025"},"absolute_dates_time":{"created":"Posted on 08\/04\/2023 09:51","modified":"Updated on 28\/03\/2025 21:53"},"featured_img_caption":"","tax_additional":{"product_brand":{"linked":[],"unlinked":[],"slug":"product_brand","name":"Marki"},"product_type":{"linked":["<a href=\"https:\/\/penosil.com\/pl\/?taxonomy=product_type&#038;term=variable\" class=\"advgb-post-tax-term\">variable<\/a>"],"unlinked":["<span class=\"advgb-post-tax-term\">variable<\/span>"],"slug":"product_type","name":"Typ produktu"},"product_visibility":{"linked":[],"unlinked":[],"slug":"product_visibility","name":"Widoczno\u015b\u0107 produktu"},"product_cat":{"linked":["<a href=\"https:\/\/penosil.com\/pl\/kategoria-produktu\/obszary-zastosowania\/\" class=\"advgb-post-tax-term\">Obszary zastosowania<\/a>","<a href=\"https:\/\/penosil.com\/pl\/kategoria-produktu\/grupy-produktowe\/\" class=\"advgb-post-tax-term\">Grupy produktowe<\/a>","<a href=\"https:\/\/penosil.com\/pl\/kategoria-produktu\/obszary-zastosowania\/wykonczenie-wnetrz\/\" class=\"advgb-post-tax-term\">Wyko\u0144czenie wn\u0119trz<\/a>","<a href=\"https:\/\/penosil.com\/pl\/kategoria-produktu\/grupy-produktowe\/masy-szpachlowe\/\" class=\"advgb-post-tax-term\">Masy szpachlowe<\/a>"],"unlinked":["<span class=\"advgb-post-tax-term\">Obszary zastosowania<\/span>","<span class=\"advgb-post-tax-term\">Grupy produktowe<\/span>","<span class=\"advgb-post-tax-term\">Wyko\u0144czenie wn\u0119trz<\/span>","<span class=\"advgb-post-tax-term\">Masy szpachlowe<\/span>"],"slug":"product_cat","name":"Kategorie produkt\u00f3w"},"product_tag":{"linked":[],"unlinked":[],"slug":"product_tag","name":"Znaczniki produktu"},"product_shipping_class":{"linked":[],"unlinked":[],"slug":"product_shipping_class","name":"Klasy wysy\u0142kowe produktu"},"pos_product_visibility":{"linked":[],"unlinked":[],"slug":"pos_product_visibility","name":"Widoczno\u015b\u0107 produktu w punkcie sprzeda\u017cy (POS)"},"pa_kolor":{"linked":["<a href=\"https:\/\/penosil.com\/pl\/?taxonomy=pa_kolor&#038;term=bialy\" class=\"advgb-post-tax-term\">Bia\u0142y<\/a>"],"unlinked":["<span class=\"advgb-post-tax-term\">Bia\u0142y<\/span>"],"slug":"pa_kolor","name":"Product Kolor"},"pa_opakowanie":{"linked":["<a href=\"https:\/\/penosil.com\/pl\/?taxonomy=pa_opakowanie&#038;term=5-l-2-pl\" class=\"advgb-post-tax-term\">5 L<\/a>","<a href=\"https:\/\/penosil.com\/pl\/?taxonomy=pa_opakowanie&#038;term=16-l-pl\" class=\"advgb-post-tax-term\">16 L<\/a>"],"unlinked":["<span class=\"advgb-post-tax-term\">5 L<\/span>","<span class=\"advgb-post-tax-term\">16 L<\/span>"],"slug":"pa_opakowanie","name":"Product Opakowanie"},"pa_rolka":{"linked":[],"unlinked":[],"slug":"pa_rolka","name":"Product Rolka"},"pa_srednica":{"linked":[],"unlinked":[],"slug":"pa_srednica","name":"Product \u015arednica"},"pa_szerokosc":{"linked":[],"unlinked":[],"slug":"pa_szerokosc","name":"Product Szeroko\u015b\u0107"},"translation_priority":{"linked":["<a href=\"https:\/\/penosil.com\/pl\/?taxonomy=translation_priority&#038;term=opcjonalne\" class=\"advgb-post-tax-term\">Opcjonalne<\/a>"],"unlinked":["<span class=\"advgb-post-tax-term\">Opcjonalne<\/span>"],"slug":"translation_priority","name":"Priorytety t\u0142umaczenia"}},"series_order":"","_links":{"self":[{"href":"https:\/\/penosil.com\/pl\/wp-json\/wp\/v2\/product\/35783","targetHints":{"allow":["GET"]}}],"collection":[{"href":"https:\/\/penosil.com\/pl\/wp-json\/wp\/v2\/product"}],"about":[{"href":"https:\/\/penosil.com\/pl\/wp-json\/wp\/v2\/types\/product"}],"version-history":[{"count":6,"href":"https:\/\/penosil.com\/pl\/wp-json\/wp\/v2\/product\/35783\/revisions"}],"predecessor-version":[{"id":37645,"href":"https:\/\/penosil.com\/pl\/wp-json\/wp\/v2\/product\/35783\/revisions\/37645"}],"wp:featuredmedia":[{"embeddable":true,"href":"https:\/\/penosil.com\/pl\/wp-json\/wp\/v2\/media\/37646"}],"wp:attachment":[{"href":"https:\/\/penosil.com\/pl\/wp-json\/wp\/v2\/media?parent=35783"}],"wp:term":[{"taxonomy":"product_brand","embeddable":true,"href":"https:\/\/penosil.com\/pl\/wp-json\/wp\/v2\/product_brand?post=35783"},{"taxonomy":"product_cat","embeddable":true,"href":"https:\/\/penosil.com\/pl\/wp-json\/wp\/v2\/product_cat?post=35783"},{"taxonomy":"product_tag","embeddable":true,"href":"https:\/\/penosil.com\/pl\/wp-json\/wp\/v2\/product_tag?post=35783"}],"curies":[{"name":"wp","href":"https:\/\/api.w.org\/{rel}","templated":true}]}}