{"id":35800,"date":"2023-04-10T13:12:00","date_gmt":"2023-04-10T13:12:00","guid":{"rendered":"https:\/\/penosil.rktv.ee\/pl\/product\/high-temperature-resistant-sealant\/"},"modified":"2025-11-18T19:55:58","modified_gmt":"2025-11-18T17:55:58","slug":"uszczelniacz-kominkowy","status":"publish","type":"product","link":"https:\/\/penosil.com\/pl\/produkt\/uszczelniacz-kominkowy\/","title":{"rendered":"Fireplace Sealant +1500\u00b0C"},"content":{"rendered":"<p>PENOSIL Fireplace Sealant +1500\u00b0C to uszczelniacz na bazie krzemian\u00f3w, odporny na wysokie temperatury, przeznaczony do wype\u0142niania i izolowania spoin oraz p\u0119kni\u0119\u0107 w kominach, piecach, kominkach i kuchenkach. Po utwardzeniu pod wp\u0142ywem ciep\u0142a uszczelniacz staje si\u0119 ciemnoszary, wyj\u0105tkowo twardy i odporny na wysokie temperatury (kr\u00f3tkotrwale wytrzymuje temperatury do +1500\u00b0C).<\/p>\n","protected":false},"excerpt":{"rendered":"Uszczelniacz kominkowy","protected":false},"author":22,"featured_media":37143,"template":"","meta":{"_acf_changed":false,"advgb_blocks_editor_width":"","advgb_blocks_columns_visual_guide":"","footnotes":""},"product_brand":[],"product_cat":[2848,2850,2867,2872,2857],"product_tag":[],"class_list":{"0":"post-35800","1":"product","2":"type-product","3":"status-publish","4":"has-post-thumbnail","6":"product_cat-obszary-zastosowania","7":"product_cat-grupy-produktowe","8":"product_cat-uszczelniacze","9":"product_cat-uszczelniacze-specjalne","10":"product_cat-ognioodpornosc-wysoka-temperatura","12":"first","13":"instock","14":"taxable","15":"shipping-taxable","16":"purchasable","17":"product-type-simple"},"acf":[],"yoast_head":"<!-- This site is optimized with the Yoast SEO plugin v27.2 - https:\/\/yoast.com\/product\/yoast-seo-wordpress\/ -->\n<title>PENOSIL Fireplace Sealant +1500\u00b0C - Uszczelniacz kominkowy<\/title>\n<meta name=\"description\" content=\"PENOSIL Fireplace Sealant +1500\u202f\u00b0C \u2013 ognioodporny uszczelniacz do szczelin i po\u0142\u0105cze\u0144 w kominkach, piecach, komorach spalania i przewodach kominowych.\" \/>\n<meta name=\"robots\" content=\"index, follow, max-snippet:-1, max-image-preview:large, max-video-preview:-1\" \/>\n<link rel=\"canonical\" href=\"https:\/\/penosil.com\/pl\/produkt\/uszczelniacz-kominkowy\/\" \/>\n<meta property=\"og:locale\" content=\"pl_PL\" \/>\n<meta property=\"og:type\" content=\"article\" \/>\n<meta property=\"og:title\" content=\"PENOSIL Fireplace Sealant +1500\u00b0C - Uszczelniacz kominkowy\" \/>\n<meta property=\"og:description\" content=\"PENOSIL Fireplace Sealant +1500\u202f\u00b0C \u2013 ognioodporny uszczelniacz do szczelin i po\u0142\u0105cze\u0144 w kominkach, piecach, komorach spalania i przewodach kominowych.\" \/>\n<meta property=\"og:url\" content=\"https:\/\/penosil.com\/pl\/produkt\/uszczelniacz-kominkowy\/\" \/>\n<meta property=\"og:site_name\" content=\"PENOSIL Polska\" \/>\n<meta property=\"article:modified_time\" content=\"2025-11-18T17:55:58+00:00\" \/>\n<meta property=\"og:image\" content=\"https:\/\/penosil.com\/pl\/wp-content\/uploads\/sites\/39\/2023\/04\/1500C_Fireplace_Sealant_1500\u00b0C_Black_CZPLSK.png\" \/>\n\t<meta property=\"og:image:width\" content=\"387\" \/>\n\t<meta property=\"og:image:height\" content=\"1080\" \/>\n\t<meta property=\"og:image:type\" content=\"image\/png\" \/>\n<meta name=\"twitter:card\" content=\"summary_large_image\" \/>\n<meta name=\"twitter:label1\" content=\"Szacowany czas czytania\" \/>\n\t<meta name=\"twitter:data1\" content=\"4 minuty\" \/>\n<script type=\"application\/ld+json\" class=\"yoast-schema-graph\">{\"@context\":\"https:\/\/schema.org\",\"@graph\":[{\"@type\":\"WebPage\",\"@id\":\"https:\/\/penosil.com\/pl\/produkt\/uszczelniacz-kominkowy\/\",\"url\":\"https:\/\/penosil.com\/pl\/produkt\/uszczelniacz-kominkowy\/\",\"name\":\"PENOSIL Fireplace Sealant +1500\u00b0C - Uszczelniacz kominkowy\",\"isPartOf\":{\"@id\":\"https:\/\/penosil.com\/pl\/#website\"},\"primaryImageOfPage\":{\"@id\":\"https:\/\/penosil.com\/pl\/produkt\/uszczelniacz-kominkowy\/#primaryimage\"},\"image\":{\"@id\":\"https:\/\/penosil.com\/pl\/produkt\/uszczelniacz-kominkowy\/#primaryimage\"},\"thumbnailUrl\":\"https:\/\/penosil.com\/pl\/wp-content\/uploads\/sites\/39\/2023\/04\/1500C_Fireplace_Sealant_1500\u00b0C_Black_CZPLSK.png\",\"datePublished\":\"2023-04-10T13:12:00+00:00\",\"dateModified\":\"2025-11-18T17:55:58+00:00\",\"description\":\"PENOSIL Fireplace Sealant +1500\u202f\u00b0C \u2013 ognioodporny uszczelniacz do szczelin i po\u0142\u0105cze\u0144 w kominkach, piecach, komorach spalania i przewodach kominowych.\",\"breadcrumb\":{\"@id\":\"https:\/\/penosil.com\/pl\/produkt\/uszczelniacz-kominkowy\/#breadcrumb\"},\"inLanguage\":\"pl-PL\",\"potentialAction\":[{\"@type\":\"ReadAction\",\"target\":[\"https:\/\/penosil.com\/pl\/produkt\/uszczelniacz-kominkowy\/\"]}]},{\"@type\":\"ImageObject\",\"inLanguage\":\"pl-PL\",\"@id\":\"https:\/\/penosil.com\/pl\/produkt\/uszczelniacz-kominkowy\/#primaryimage\",\"url\":\"https:\/\/penosil.com\/pl\/wp-content\/uploads\/sites\/39\/2023\/04\/1500C_Fireplace_Sealant_1500\u00b0C_Black_CZPLSK.png\",\"contentUrl\":\"https:\/\/penosil.com\/pl\/wp-content\/uploads\/sites\/39\/2023\/04\/1500C_Fireplace_Sealant_1500\u00b0C_Black_CZPLSK.png\",\"width\":387,\"height\":1080},{\"@type\":\"BreadcrumbList\",\"@id\":\"https:\/\/penosil.com\/pl\/produkt\/uszczelniacz-kominkowy\/#breadcrumb\",\"itemListElement\":[{\"@type\":\"ListItem\",\"position\":1,\"name\":\"Home\",\"item\":\"https:\/\/penosil.com\/pl\/\"},{\"@type\":\"ListItem\",\"position\":2,\"name\":\"Produkty\",\"item\":\"https:\/\/penosil.com\/pl\/produkty\/\"},{\"@type\":\"ListItem\",\"position\":3,\"name\":\"Fireplace Sealant +1500\u00b0C\"}]},{\"@type\":\"WebSite\",\"@id\":\"https:\/\/penosil.com\/pl\/#website\",\"url\":\"https:\/\/penosil.com\/pl\/\",\"name\":\"PENOSIL Polska\",\"description\":\"\",\"potentialAction\":[{\"@type\":\"SearchAction\",\"target\":{\"@type\":\"EntryPoint\",\"urlTemplate\":\"https:\/\/penosil.com\/pl\/?s={search_term_string}\"},\"query-input\":{\"@type\":\"PropertyValueSpecification\",\"valueRequired\":true,\"valueName\":\"search_term_string\"}}],\"inLanguage\":\"pl-PL\"}]}<\/script>\n<!-- \/ Yoast SEO plugin. -->","yoast_head_json":{"title":"PENOSIL Fireplace Sealant +1500\u00b0C - Uszczelniacz kominkowy","description":"PENOSIL Fireplace Sealant +1500\u202f\u00b0C \u2013 ognioodporny uszczelniacz do szczelin i po\u0142\u0105cze\u0144 w kominkach, piecach, komorach spalania i przewodach kominowych.","robots":{"index":"index","follow":"follow","max-snippet":"max-snippet:-1","max-image-preview":"max-image-preview:large","max-video-preview":"max-video-preview:-1"},"canonical":"https:\/\/penosil.com\/pl\/produkt\/uszczelniacz-kominkowy\/","og_locale":"pl_PL","og_type":"article","og_title":"PENOSIL Fireplace Sealant +1500\u00b0C - Uszczelniacz kominkowy","og_description":"PENOSIL Fireplace Sealant +1500\u202f\u00b0C \u2013 ognioodporny uszczelniacz do szczelin i po\u0142\u0105cze\u0144 w kominkach, piecach, komorach spalania i przewodach kominowych.","og_url":"https:\/\/penosil.com\/pl\/produkt\/uszczelniacz-kominkowy\/","og_site_name":"PENOSIL Polska","article_modified_time":"2025-11-18T17:55:58+00:00","og_image":[{"width":387,"height":1080,"url":"https:\/\/penosil.com\/pl\/wp-content\/uploads\/sites\/39\/2023\/04\/1500C_Fireplace_Sealant_1500\u00b0C_Black_CZPLSK.png","type":"image\/png"}],"twitter_card":"summary_large_image","twitter_misc":{"Szacowany czas czytania":"4 minuty"},"schema":{"@context":"https:\/\/schema.org","@graph":[{"@type":"WebPage","@id":"https:\/\/penosil.com\/pl\/produkt\/uszczelniacz-kominkowy\/","url":"https:\/\/penosil.com\/pl\/produkt\/uszczelniacz-kominkowy\/","name":"PENOSIL Fireplace Sealant +1500\u00b0C - Uszczelniacz kominkowy","isPartOf":{"@id":"https:\/\/penosil.com\/pl\/#website"},"primaryImageOfPage":{"@id":"https:\/\/penosil.com\/pl\/produkt\/uszczelniacz-kominkowy\/#primaryimage"},"image":{"@id":"https:\/\/penosil.com\/pl\/produkt\/uszczelniacz-kominkowy\/#primaryimage"},"thumbnailUrl":"https:\/\/penosil.com\/pl\/wp-content\/uploads\/sites\/39\/2023\/04\/1500C_Fireplace_Sealant_1500\u00b0C_Black_CZPLSK.png","datePublished":"2023-04-10T13:12:00+00:00","dateModified":"2025-11-18T17:55:58+00:00","description":"PENOSIL Fireplace Sealant +1500\u202f\u00b0C \u2013 ognioodporny uszczelniacz do szczelin i po\u0142\u0105cze\u0144 w kominkach, piecach, komorach spalania i przewodach kominowych.","breadcrumb":{"@id":"https:\/\/penosil.com\/pl\/produkt\/uszczelniacz-kominkowy\/#breadcrumb"},"inLanguage":"pl-PL","potentialAction":[{"@type":"ReadAction","target":["https:\/\/penosil.com\/pl\/produkt\/uszczelniacz-kominkowy\/"]}]},{"@type":"ImageObject","inLanguage":"pl-PL","@id":"https:\/\/penosil.com\/pl\/produkt\/uszczelniacz-kominkowy\/#primaryimage","url":"https:\/\/penosil.com\/pl\/wp-content\/uploads\/sites\/39\/2023\/04\/1500C_Fireplace_Sealant_1500\u00b0C_Black_CZPLSK.png","contentUrl":"https:\/\/penosil.com\/pl\/wp-content\/uploads\/sites\/39\/2023\/04\/1500C_Fireplace_Sealant_1500\u00b0C_Black_CZPLSK.png","width":387,"height":1080},{"@type":"BreadcrumbList","@id":"https:\/\/penosil.com\/pl\/produkt\/uszczelniacz-kominkowy\/#breadcrumb","itemListElement":[{"@type":"ListItem","position":1,"name":"Home","item":"https:\/\/penosil.com\/pl\/"},{"@type":"ListItem","position":2,"name":"Produkty","item":"https:\/\/penosil.com\/pl\/produkty\/"},{"@type":"ListItem","position":3,"name":"Fireplace Sealant +1500\u00b0C"}]},{"@type":"WebSite","@id":"https:\/\/penosil.com\/pl\/#website","url":"https:\/\/penosil.com\/pl\/","name":"PENOSIL Polska","description":"","potentialAction":[{"@type":"SearchAction","target":{"@type":"EntryPoint","urlTemplate":"https:\/\/penosil.com\/pl\/?s={search_term_string}"},"query-input":{"@type":"PropertyValueSpecification","valueRequired":true,"valueName":"search_term_string"}}],"inLanguage":"pl-PL"}]}},"featured_img":"https:\/\/penosil.com\/pl\/wp-content\/uploads\/sites\/39\/2023\/04\/1500C_Fireplace_Sealant_1500\u00b0C_Black_CZPLSK.png","coauthors":[],"author_meta":{"author_link":"https:\/\/penosil.com\/pl\/author\/kristin\/","display_name":"kristin"},"relative_dates":{"created":"Posted 3 lata ago","modified":"Updated 5 miesi\u0119cy ago"},"absolute_dates":{"created":"Posted on 10\/04\/2023","modified":"Updated on 18\/11\/2025"},"absolute_dates_time":{"created":"Posted on 10\/04\/2023 13:12","modified":"Updated on 18\/11\/2025 19:55"},"featured_img_caption":"","tax_additional":{"product_brand":{"linked":[],"unlinked":[],"slug":"product_brand","name":"Marki"},"product_type":{"linked":["<a href=\"https:\/\/penosil.com\/pl\/?taxonomy=product_type&#038;term=simple\" class=\"advgb-post-tax-term\">simple<\/a>"],"unlinked":["<span class=\"advgb-post-tax-term\">simple<\/span>"],"slug":"product_type","name":"Typ produktu"},"product_visibility":{"linked":[],"unlinked":[],"slug":"product_visibility","name":"Widoczno\u015b\u0107 produktu"},"product_cat":{"linked":["<a href=\"https:\/\/penosil.com\/pl\/kategoria-produktu\/obszary-zastosowania\/\" class=\"advgb-post-tax-term\">Obszary zastosowania<\/a>","<a href=\"https:\/\/penosil.com\/pl\/kategoria-produktu\/grupy-produktowe\/\" class=\"advgb-post-tax-term\">Grupy produktowe<\/a>","<a href=\"https:\/\/penosil.com\/pl\/kategoria-produktu\/grupy-produktowe\/uszczelniacze\/\" class=\"advgb-post-tax-term\">Uszczelniacze<\/a>","<a href=\"https:\/\/penosil.com\/pl\/kategoria-produktu\/grupy-produktowe\/uszczelniacze\/uszczelniacze-specjalne\/\" class=\"advgb-post-tax-term\">Uszczelniacze specjalne<\/a>","<a href=\"https:\/\/penosil.com\/pl\/kategoria-produktu\/obszary-zastosowania\/ognioodpornosc-wysoka-temperatura\/\" class=\"advgb-post-tax-term\">Ognioodporno\u015b\u0107\/wysoka temperatura<\/a>"],"unlinked":["<span class=\"advgb-post-tax-term\">Obszary zastosowania<\/span>","<span class=\"advgb-post-tax-term\">Grupy produktowe<\/span>","<span class=\"advgb-post-tax-term\">Uszczelniacze<\/span>","<span class=\"advgb-post-tax-term\">Uszczelniacze specjalne<\/span>","<span class=\"advgb-post-tax-term\">Ognioodporno\u015b\u0107\/wysoka temperatura<\/span>"],"slug":"product_cat","name":"Kategorie produkt\u00f3w"},"product_tag":{"linked":[],"unlinked":[],"slug":"product_tag","name":"Znaczniki produktu"},"product_shipping_class":{"linked":[],"unlinked":[],"slug":"product_shipping_class","name":"Klasy wysy\u0142kowe produktu"},"pos_product_visibility":{"linked":[],"unlinked":[],"slug":"pos_product_visibility","name":"Widoczno\u015b\u0107 produktu w punkcie sprzeda\u017cy (POS)"},"pa_kolor":{"linked":["<a href=\"https:\/\/penosil.com\/pl\/?taxonomy=pa_kolor&#038;term=czarny\" class=\"advgb-post-tax-term\">Czarny<\/a>"],"unlinked":["<span class=\"advgb-post-tax-term\">Czarny<\/span>"],"slug":"pa_kolor","name":"Product Kolor"},"pa_opakowanie":{"linked":["<a href=\"https:\/\/penosil.com\/pl\/?taxonomy=pa_opakowanie&#038;term=280-ml-2-pl\" class=\"advgb-post-tax-term\">280 ml<\/a>"],"unlinked":["<span class=\"advgb-post-tax-term\">280 ml<\/span>"],"slug":"pa_opakowanie","name":"Product Opakowanie"},"pa_rolka":{"linked":[],"unlinked":[],"slug":"pa_rolka","name":"Product Rolka"},"pa_srednica":{"linked":[],"unlinked":[],"slug":"pa_srednica","name":"Product \u015arednica"},"pa_szerokosc":{"linked":[],"unlinked":[],"slug":"pa_szerokosc","name":"Product Szeroko\u015b\u0107"},"translation_priority":{"linked":["<a href=\"https:\/\/penosil.com\/pl\/?taxonomy=translation_priority&#038;term=opcjonalne\" class=\"advgb-post-tax-term\">Opcjonalne<\/a>"],"unlinked":["<span class=\"advgb-post-tax-term\">Opcjonalne<\/span>"],"slug":"translation_priority","name":"Priorytety t\u0142umaczenia"}},"series_order":"","_links":{"self":[{"href":"https:\/\/penosil.com\/pl\/wp-json\/wp\/v2\/product\/35800","targetHints":{"allow":["GET"]}}],"collection":[{"href":"https:\/\/penosil.com\/pl\/wp-json\/wp\/v2\/product"}],"about":[{"href":"https:\/\/penosil.com\/pl\/wp-json\/wp\/v2\/types\/product"}],"version-history":[{"count":10,"href":"https:\/\/penosil.com\/pl\/wp-json\/wp\/v2\/product\/35800\/revisions"}],"predecessor-version":[{"id":38298,"href":"https:\/\/penosil.com\/pl\/wp-json\/wp\/v2\/product\/35800\/revisions\/38298"}],"wp:featuredmedia":[{"embeddable":true,"href":"https:\/\/penosil.com\/pl\/wp-json\/wp\/v2\/media\/37143"}],"wp:attachment":[{"href":"https:\/\/penosil.com\/pl\/wp-json\/wp\/v2\/media?parent=35800"}],"wp:term":[{"taxonomy":"product_brand","embeddable":true,"href":"https:\/\/penosil.com\/pl\/wp-json\/wp\/v2\/product_brand?post=35800"},{"taxonomy":"product_cat","embeddable":true,"href":"https:\/\/penosil.com\/pl\/wp-json\/wp\/v2\/product_cat?post=35800"},{"taxonomy":"product_tag","embeddable":true,"href":"https:\/\/penosil.com\/pl\/wp-json\/wp\/v2\/product_tag?post=35800"}],"curies":[{"name":"wp","href":"https:\/\/api.w.org\/{rel}","templated":true}]}}