{"id":35826,"date":"2023-04-08T12:09:05","date_gmt":"2023-04-08T12:09:05","guid":{"rendered":"https:\/\/penosil.rktv.ee\/pl\/product\/foam-adhesive-with-easygun-applicator\/"},"modified":"2025-11-18T14:26:47","modified_gmt":"2025-11-18T12:26:47","slug":"wielosezonowy-pianoklej-do-styropianu","status":"publish","type":"product","link":"https:\/\/penosil.com\/pl\/produkt\/wielosezonowy-pianoklej-do-styropianu\/","title":{"rendered":"Polystyrol EasyGun Foam 878"},"content":{"rendered":"<p>PENOSIL Polystyrol EasyGun Foam 878 to pianoklej wyposa\u017cony w innowacyjny aplikator EasyGun, przeznaczony do monta\u017cu p\u0142yt izolacyjnych, parapet\u00f3w, bloczk\u00f3w konstrukcyjnych itp. Nadaje si\u0119 do stosowania wewn\u0119trznego i zewn\u0119trznego, zapewniaj\u0105c doskona\u0142e w\u0142a\u015bciwo\u015bci klej\u0105ce oraz termoizolacyjne. <strong>UWAGA!<\/strong> W przypadku profesjonalengo u\u017cycia tego produktu wymagane jest uko\u0144czenie szkolenia. Wi\u0119cej informacji znajdziesz <a href=\"https:\/\/penosil.com\/pl\/bezplatny-dostep-do-obowiazkowego-szkolenia-pu\/\" target=\"_blank\" rel=\"noopener\">TUTAJ<\/a>.<\/p>\n","protected":false},"excerpt":{"rendered":"<span style=\"font-weight: 400;\">EasyGun wielosezonowy pianoklej do styropianu<\/span>","protected":false},"author":22,"featured_media":37636,"template":"","meta":{"_acf_changed":false,"advgb_blocks_editor_width":"","advgb_blocks_columns_visual_guide":"","footnotes":""},"product_brand":[],"product_cat":[2848,2850,2854,2881,2882],"product_tag":[],"class_list":{"0":"post-35826","1":"product","2":"type-product","3":"status-publish","4":"has-post-thumbnail","6":"product_cat-obszary-zastosowania","7":"product_cat-grupy-produktowe","8":"product_cat-klejenie","9":"product_cat-kleje","10":"product_cat-pianokleje","12":"first","13":"instock","14":"taxable","15":"shipping-taxable","16":"purchasable","17":"product-type-simple"},"acf":[],"yoast_head":"<!-- This site is optimized with the Yoast SEO plugin v27.2 - https:\/\/yoast.com\/product\/yoast-seo-wordpress\/ -->\n<title>PENOSIL Polystyrol EasyGun Foam 878 - Pianoklej do styropianu<\/title>\n<meta name=\"description\" content=\"PENOSIL Polystyrol EasyGun Foam 878 \u2013 pianoklej z aplikatorem EasyGun do mocowania p\u0142yt termoizolacyjnych, parapet\u00f3w i innych element\u00f3w.\" \/>\n<meta name=\"robots\" content=\"index, follow, max-snippet:-1, max-image-preview:large, max-video-preview:-1\" \/>\n<link rel=\"canonical\" href=\"https:\/\/penosil.com\/pl\/produkt\/wielosezonowy-pianoklej-do-styropianu\/\" \/>\n<meta property=\"og:locale\" content=\"pl_PL\" \/>\n<meta property=\"og:type\" content=\"article\" \/>\n<meta property=\"og:title\" content=\"PENOSIL Polystyrol EasyGun Foam 878 - Pianoklej do styropianu\" \/>\n<meta property=\"og:description\" content=\"PENOSIL Polystyrol EasyGun Foam 878 \u2013 pianoklej z aplikatorem EasyGun do mocowania p\u0142yt termoizolacyjnych, parapet\u00f3w i innych element\u00f3w.\" \/>\n<meta property=\"og:url\" content=\"https:\/\/penosil.com\/pl\/produkt\/wielosezonowy-pianoklej-do-styropianu\/\" \/>\n<meta property=\"og:site_name\" content=\"PENOSIL Polska\" \/>\n<meta property=\"article:modified_time\" content=\"2025-11-18T12:26:47+00:00\" \/>\n<meta property=\"og:image\" content=\"https:\/\/penosil.com\/pl\/wp-content\/uploads\/sites\/39\/2023\/04\/878_Polystyrol_EasyGun_Foam_878_750ml_Grey_CZPLSK-1.png\" \/>\n\t<meta property=\"og:image:width\" content=\"523\" \/>\n\t<meta property=\"og:image:height\" content=\"1080\" \/>\n\t<meta property=\"og:image:type\" content=\"image\/png\" \/>\n<meta name=\"twitter:card\" content=\"summary_large_image\" \/>\n<meta name=\"twitter:label1\" content=\"Szacowany czas czytania\" \/>\n\t<meta name=\"twitter:data1\" content=\"7 minut\" \/>\n<script type=\"application\/ld+json\" class=\"yoast-schema-graph\">{\"@context\":\"https:\/\/schema.org\",\"@graph\":[{\"@type\":\"WebPage\",\"@id\":\"https:\/\/penosil.com\/pl\/produkt\/wielosezonowy-pianoklej-do-styropianu\/\",\"url\":\"https:\/\/penosil.com\/pl\/produkt\/wielosezonowy-pianoklej-do-styropianu\/\",\"name\":\"PENOSIL Polystyrol EasyGun Foam 878 - Pianoklej do styropianu\",\"isPartOf\":{\"@id\":\"https:\/\/penosil.com\/pl\/#website\"},\"primaryImageOfPage\":{\"@id\":\"https:\/\/penosil.com\/pl\/produkt\/wielosezonowy-pianoklej-do-styropianu\/#primaryimage\"},\"image\":{\"@id\":\"https:\/\/penosil.com\/pl\/produkt\/wielosezonowy-pianoklej-do-styropianu\/#primaryimage\"},\"thumbnailUrl\":\"https:\/\/penosil.com\/pl\/wp-content\/uploads\/sites\/39\/2023\/04\/878_Polystyrol_EasyGun_Foam_878_750ml_Grey_CZPLSK-1.png\",\"datePublished\":\"2023-04-08T12:09:05+00:00\",\"dateModified\":\"2025-11-18T12:26:47+00:00\",\"description\":\"PENOSIL Polystyrol EasyGun Foam 878 \u2013 pianoklej z aplikatorem EasyGun do mocowania p\u0142yt termoizolacyjnych, parapet\u00f3w i innych element\u00f3w.\",\"breadcrumb\":{\"@id\":\"https:\/\/penosil.com\/pl\/produkt\/wielosezonowy-pianoklej-do-styropianu\/#breadcrumb\"},\"inLanguage\":\"pl-PL\",\"potentialAction\":[{\"@type\":\"ReadAction\",\"target\":[\"https:\/\/penosil.com\/pl\/produkt\/wielosezonowy-pianoklej-do-styropianu\/\"]}]},{\"@type\":\"ImageObject\",\"inLanguage\":\"pl-PL\",\"@id\":\"https:\/\/penosil.com\/pl\/produkt\/wielosezonowy-pianoklej-do-styropianu\/#primaryimage\",\"url\":\"https:\/\/penosil.com\/pl\/wp-content\/uploads\/sites\/39\/2023\/04\/878_Polystyrol_EasyGun_Foam_878_750ml_Grey_CZPLSK-1.png\",\"contentUrl\":\"https:\/\/penosil.com\/pl\/wp-content\/uploads\/sites\/39\/2023\/04\/878_Polystyrol_EasyGun_Foam_878_750ml_Grey_CZPLSK-1.png\",\"width\":523,\"height\":1080},{\"@type\":\"BreadcrumbList\",\"@id\":\"https:\/\/penosil.com\/pl\/produkt\/wielosezonowy-pianoklej-do-styropianu\/#breadcrumb\",\"itemListElement\":[{\"@type\":\"ListItem\",\"position\":1,\"name\":\"Home\",\"item\":\"https:\/\/penosil.com\/pl\/\"},{\"@type\":\"ListItem\",\"position\":2,\"name\":\"Produkty\",\"item\":\"https:\/\/penosil.com\/pl\/produkty\/\"},{\"@type\":\"ListItem\",\"position\":3,\"name\":\"Polystyrol EasyGun Foam 878\"}]},{\"@type\":\"WebSite\",\"@id\":\"https:\/\/penosil.com\/pl\/#website\",\"url\":\"https:\/\/penosil.com\/pl\/\",\"name\":\"PENOSIL Polska\",\"description\":\"\",\"potentialAction\":[{\"@type\":\"SearchAction\",\"target\":{\"@type\":\"EntryPoint\",\"urlTemplate\":\"https:\/\/penosil.com\/pl\/?s={search_term_string}\"},\"query-input\":{\"@type\":\"PropertyValueSpecification\",\"valueRequired\":true,\"valueName\":\"search_term_string\"}}],\"inLanguage\":\"pl-PL\"}]}<\/script>\n<!-- \/ Yoast SEO plugin. -->","yoast_head_json":{"title":"PENOSIL Polystyrol EasyGun Foam 878 - Pianoklej do styropianu","description":"PENOSIL Polystyrol EasyGun Foam 878 \u2013 pianoklej z aplikatorem EasyGun do mocowania p\u0142yt termoizolacyjnych, parapet\u00f3w i innych element\u00f3w.","robots":{"index":"index","follow":"follow","max-snippet":"max-snippet:-1","max-image-preview":"max-image-preview:large","max-video-preview":"max-video-preview:-1"},"canonical":"https:\/\/penosil.com\/pl\/produkt\/wielosezonowy-pianoklej-do-styropianu\/","og_locale":"pl_PL","og_type":"article","og_title":"PENOSIL Polystyrol EasyGun Foam 878 - Pianoklej do styropianu","og_description":"PENOSIL Polystyrol EasyGun Foam 878 \u2013 pianoklej z aplikatorem EasyGun do mocowania p\u0142yt termoizolacyjnych, parapet\u00f3w i innych element\u00f3w.","og_url":"https:\/\/penosil.com\/pl\/produkt\/wielosezonowy-pianoklej-do-styropianu\/","og_site_name":"PENOSIL Polska","article_modified_time":"2025-11-18T12:26:47+00:00","og_image":[{"width":523,"height":1080,"url":"https:\/\/penosil.com\/pl\/wp-content\/uploads\/sites\/39\/2023\/04\/878_Polystyrol_EasyGun_Foam_878_750ml_Grey_CZPLSK-1.png","type":"image\/png"}],"twitter_card":"summary_large_image","twitter_misc":{"Szacowany czas czytania":"7 minut"},"schema":{"@context":"https:\/\/schema.org","@graph":[{"@type":"WebPage","@id":"https:\/\/penosil.com\/pl\/produkt\/wielosezonowy-pianoklej-do-styropianu\/","url":"https:\/\/penosil.com\/pl\/produkt\/wielosezonowy-pianoklej-do-styropianu\/","name":"PENOSIL Polystyrol EasyGun Foam 878 - Pianoklej do styropianu","isPartOf":{"@id":"https:\/\/penosil.com\/pl\/#website"},"primaryImageOfPage":{"@id":"https:\/\/penosil.com\/pl\/produkt\/wielosezonowy-pianoklej-do-styropianu\/#primaryimage"},"image":{"@id":"https:\/\/penosil.com\/pl\/produkt\/wielosezonowy-pianoklej-do-styropianu\/#primaryimage"},"thumbnailUrl":"https:\/\/penosil.com\/pl\/wp-content\/uploads\/sites\/39\/2023\/04\/878_Polystyrol_EasyGun_Foam_878_750ml_Grey_CZPLSK-1.png","datePublished":"2023-04-08T12:09:05+00:00","dateModified":"2025-11-18T12:26:47+00:00","description":"PENOSIL Polystyrol EasyGun Foam 878 \u2013 pianoklej z aplikatorem EasyGun do mocowania p\u0142yt termoizolacyjnych, parapet\u00f3w i innych element\u00f3w.","breadcrumb":{"@id":"https:\/\/penosil.com\/pl\/produkt\/wielosezonowy-pianoklej-do-styropianu\/#breadcrumb"},"inLanguage":"pl-PL","potentialAction":[{"@type":"ReadAction","target":["https:\/\/penosil.com\/pl\/produkt\/wielosezonowy-pianoklej-do-styropianu\/"]}]},{"@type":"ImageObject","inLanguage":"pl-PL","@id":"https:\/\/penosil.com\/pl\/produkt\/wielosezonowy-pianoklej-do-styropianu\/#primaryimage","url":"https:\/\/penosil.com\/pl\/wp-content\/uploads\/sites\/39\/2023\/04\/878_Polystyrol_EasyGun_Foam_878_750ml_Grey_CZPLSK-1.png","contentUrl":"https:\/\/penosil.com\/pl\/wp-content\/uploads\/sites\/39\/2023\/04\/878_Polystyrol_EasyGun_Foam_878_750ml_Grey_CZPLSK-1.png","width":523,"height":1080},{"@type":"BreadcrumbList","@id":"https:\/\/penosil.com\/pl\/produkt\/wielosezonowy-pianoklej-do-styropianu\/#breadcrumb","itemListElement":[{"@type":"ListItem","position":1,"name":"Home","item":"https:\/\/penosil.com\/pl\/"},{"@type":"ListItem","position":2,"name":"Produkty","item":"https:\/\/penosil.com\/pl\/produkty\/"},{"@type":"ListItem","position":3,"name":"Polystyrol EasyGun Foam 878"}]},{"@type":"WebSite","@id":"https:\/\/penosil.com\/pl\/#website","url":"https:\/\/penosil.com\/pl\/","name":"PENOSIL Polska","description":"","potentialAction":[{"@type":"SearchAction","target":{"@type":"EntryPoint","urlTemplate":"https:\/\/penosil.com\/pl\/?s={search_term_string}"},"query-input":{"@type":"PropertyValueSpecification","valueRequired":true,"valueName":"search_term_string"}}],"inLanguage":"pl-PL"}]}},"featured_img":"https:\/\/penosil.com\/pl\/wp-content\/uploads\/sites\/39\/2023\/04\/878_Polystyrol_EasyGun_Foam_878_750ml_Grey_CZPLSK-1.png","coauthors":[],"author_meta":{"author_link":"https:\/\/penosil.com\/pl\/author\/kristin\/","display_name":"kristin"},"relative_dates":{"created":"Posted 3 lata ago","modified":"Updated 5 miesi\u0119cy ago"},"absolute_dates":{"created":"Posted on 08\/04\/2023","modified":"Updated on 18\/11\/2025"},"absolute_dates_time":{"created":"Posted on 08\/04\/2023 12:09","modified":"Updated on 18\/11\/2025 14:26"},"featured_img_caption":"","tax_additional":{"product_brand":{"linked":[],"unlinked":[],"slug":"product_brand","name":"Marki"},"product_type":{"linked":["<a href=\"https:\/\/penosil.com\/pl\/?taxonomy=product_type&#038;term=simple\" class=\"advgb-post-tax-term\">simple<\/a>"],"unlinked":["<span class=\"advgb-post-tax-term\">simple<\/span>"],"slug":"product_type","name":"Typ produktu"},"product_visibility":{"linked":[],"unlinked":[],"slug":"product_visibility","name":"Widoczno\u015b\u0107 produktu"},"product_cat":{"linked":["<a href=\"https:\/\/penosil.com\/pl\/kategoria-produktu\/obszary-zastosowania\/\" class=\"advgb-post-tax-term\">Obszary zastosowania<\/a>","<a href=\"https:\/\/penosil.com\/pl\/kategoria-produktu\/grupy-produktowe\/\" class=\"advgb-post-tax-term\">Grupy produktowe<\/a>","<a href=\"https:\/\/penosil.com\/pl\/kategoria-produktu\/obszary-zastosowania\/klejenie\/\" class=\"advgb-post-tax-term\">Klejenie<\/a>","<a href=\"https:\/\/penosil.com\/pl\/kategoria-produktu\/grupy-produktowe\/kleje\/\" class=\"advgb-post-tax-term\">Kleje<\/a>","<a href=\"https:\/\/penosil.com\/pl\/kategoria-produktu\/grupy-produktowe\/pianokleje\/\" class=\"advgb-post-tax-term\">Pianokleje<\/a>"],"unlinked":["<span class=\"advgb-post-tax-term\">Obszary zastosowania<\/span>","<span class=\"advgb-post-tax-term\">Grupy produktowe<\/span>","<span class=\"advgb-post-tax-term\">Klejenie<\/span>","<span class=\"advgb-post-tax-term\">Kleje<\/span>","<span class=\"advgb-post-tax-term\">Pianokleje<\/span>"],"slug":"product_cat","name":"Kategorie produkt\u00f3w"},"product_tag":{"linked":[],"unlinked":[],"slug":"product_tag","name":"Znaczniki produktu"},"product_shipping_class":{"linked":[],"unlinked":[],"slug":"product_shipping_class","name":"Klasy wysy\u0142kowe produktu"},"pos_product_visibility":{"linked":[],"unlinked":[],"slug":"pos_product_visibility","name":"Widoczno\u015b\u0107 produktu w punkcie sprzeda\u017cy (POS)"},"pa_kolor":{"linked":["<a href=\"https:\/\/penosil.com\/pl\/?taxonomy=pa_kolor&#038;term=szary\" class=\"advgb-post-tax-term\">Szary<\/a>"],"unlinked":["<span class=\"advgb-post-tax-term\">Szary<\/span>"],"slug":"pa_kolor","name":"Product Kolor"},"pa_opakowanie":{"linked":["<a href=\"https:\/\/penosil.com\/pl\/?taxonomy=pa_opakowanie&#038;term=750-ml-pl-2\" class=\"advgb-post-tax-term\">750 ml<\/a>"],"unlinked":["<span class=\"advgb-post-tax-term\">750 ml<\/span>"],"slug":"pa_opakowanie","name":"Product Opakowanie"},"pa_rolka":{"linked":[],"unlinked":[],"slug":"pa_rolka","name":"Product Rolka"},"pa_srednica":{"linked":[],"unlinked":[],"slug":"pa_srednica","name":"Product \u015arednica"},"pa_szerokosc":{"linked":[],"unlinked":[],"slug":"pa_szerokosc","name":"Product Szeroko\u015b\u0107"},"translation_priority":{"linked":["<a href=\"https:\/\/penosil.com\/pl\/?taxonomy=translation_priority&#038;term=opcjonalne\" class=\"advgb-post-tax-term\">Opcjonalne<\/a>"],"unlinked":["<span class=\"advgb-post-tax-term\">Opcjonalne<\/span>"],"slug":"translation_priority","name":"Priorytety t\u0142umaczenia"}},"series_order":"","_links":{"self":[{"href":"https:\/\/penosil.com\/pl\/wp-json\/wp\/v2\/product\/35826","targetHints":{"allow":["GET"]}}],"collection":[{"href":"https:\/\/penosil.com\/pl\/wp-json\/wp\/v2\/product"}],"about":[{"href":"https:\/\/penosil.com\/pl\/wp-json\/wp\/v2\/types\/product"}],"version-history":[{"count":15,"href":"https:\/\/penosil.com\/pl\/wp-json\/wp\/v2\/product\/35826\/revisions"}],"predecessor-version":[{"id":38262,"href":"https:\/\/penosil.com\/pl\/wp-json\/wp\/v2\/product\/35826\/revisions\/38262"}],"wp:featuredmedia":[{"embeddable":true,"href":"https:\/\/penosil.com\/pl\/wp-json\/wp\/v2\/media\/37636"}],"wp:attachment":[{"href":"https:\/\/penosil.com\/pl\/wp-json\/wp\/v2\/media?parent=35826"}],"wp:term":[{"taxonomy":"product_brand","embeddable":true,"href":"https:\/\/penosil.com\/pl\/wp-json\/wp\/v2\/product_brand?post=35826"},{"taxonomy":"product_cat","embeddable":true,"href":"https:\/\/penosil.com\/pl\/wp-json\/wp\/v2\/product_cat?post=35826"},{"taxonomy":"product_tag","embeddable":true,"href":"https:\/\/penosil.com\/pl\/wp-json\/wp\/v2\/product_tag?post=35826"}],"curies":[{"name":"wp","href":"https:\/\/api.w.org\/{rel}","templated":true}]}}