{"id":35841,"date":"2023-04-08T12:34:12","date_gmt":"2023-04-08T12:34:12","guid":{"rendered":"https:\/\/penosil.rktv.ee\/pl\/product\/multipurpose-acrylic-adhesive\/"},"modified":"2025-11-18T14:16:22","modified_gmt":"2025-11-18T12:16:22","slug":"uniwersalny-klej-akrylowy","status":"publish","type":"product","link":"https:\/\/penosil.com\/pl\/produkt\/uniwersalny-klej-akrylowy\/","title":{"rendered":"SpeedFix DuraGrip 697"},"content":{"rendered":"<p><span style=\"font-weight: 400;\">PENOSIL SpeedFix DuraGrip 697 to uniwersalny, wodny klej akrylowy o doskona\u0142ej przyczepno\u015bci pocz\u0105tkowej, przeznaczony do zastosowa\u0144 wewn\u0119trznych. Tworzy trwa\u0142e, odporne na dzia\u0142anie promieni UV i wilgoci po\u0142\u0105czenie z najcz\u0119\u015bciej stosowanymi materia\u0142ami budowlanymi.<\/span><\/p>\n","protected":false},"excerpt":{"rendered":"<span style=\"font-weight: 400;\">Supermocny klej do wn\u0119trz<\/span>","protected":false},"author":22,"featured_media":36986,"template":"","meta":{"_acf_changed":false,"advgb_blocks_editor_width":"","advgb_blocks_columns_visual_guide":"","footnotes":""},"product_brand":[],"product_cat":[2848,2850,2886,2854,2881],"product_tag":[],"class_list":{"0":"post-35841","1":"product","2":"type-product","3":"status-publish","4":"has-post-thumbnail","6":"product_cat-obszary-zastosowania","7":"product_cat-grupy-produktowe","8":"product_cat-kleje-akrylowe","9":"product_cat-klejenie","10":"product_cat-kleje","12":"first","13":"instock","14":"taxable","15":"shipping-taxable","16":"purchasable","17":"product-type-simple"},"acf":[],"yoast_head":"<!-- This site is optimized with the Yoast SEO plugin v27.2 - https:\/\/yoast.com\/product\/yoast-seo-wordpress\/ -->\n<title>PENOSIL SpeedFix DuraGrip 697 - Uniwersalny klej akrylowy<\/title>\n<meta name=\"description\" content=\"PENOSIL SpeedFix DuraGrip 697 \u2013 uniwersalny klej akrylowy do zastosowa\u0144 wewn\u0119trznych, o doskona\u0142ej przyczepno\u015bci pocz\u0105tkowej.\" \/>\n<meta name=\"robots\" content=\"index, follow, max-snippet:-1, max-image-preview:large, max-video-preview:-1\" \/>\n<link rel=\"canonical\" href=\"https:\/\/penosil.com\/pl\/produkt\/uniwersalny-klej-akrylowy\/\" \/>\n<meta property=\"og:locale\" content=\"pl_PL\" \/>\n<meta property=\"og:type\" content=\"article\" \/>\n<meta property=\"og:title\" content=\"PENOSIL SpeedFix DuraGrip 697 - Uniwersalny klej akrylowy\" \/>\n<meta property=\"og:description\" content=\"PENOSIL SpeedFix DuraGrip 697 \u2013 uniwersalny klej akrylowy do zastosowa\u0144 wewn\u0119trznych, o doskona\u0142ej przyczepno\u015bci pocz\u0105tkowej.\" \/>\n<meta property=\"og:url\" content=\"https:\/\/penosil.com\/pl\/produkt\/uniwersalny-klej-akrylowy\/\" \/>\n<meta property=\"og:site_name\" content=\"PENOSIL Polska\" \/>\n<meta property=\"article:modified_time\" content=\"2025-11-18T12:16:22+00:00\" \/>\n<meta property=\"og:image\" content=\"https:\/\/penosil.com\/pl\/wp-content\/uploads\/sites\/39\/2023\/04\/697_SpeedFix_DuraGrip_697_280ml_White_CZPLSK.png\" \/>\n\t<meta property=\"og:image:width\" content=\"387\" \/>\n\t<meta property=\"og:image:height\" content=\"1080\" \/>\n\t<meta property=\"og:image:type\" content=\"image\/png\" \/>\n<meta name=\"twitter:card\" content=\"summary_large_image\" \/>\n<meta name=\"twitter:label1\" content=\"Szacowany czas czytania\" \/>\n\t<meta name=\"twitter:data1\" content=\"3 minuty\" \/>\n<script type=\"application\/ld+json\" class=\"yoast-schema-graph\">{\"@context\":\"https:\/\/schema.org\",\"@graph\":[{\"@type\":\"WebPage\",\"@id\":\"https:\/\/penosil.com\/pl\/produkt\/uniwersalny-klej-akrylowy\/\",\"url\":\"https:\/\/penosil.com\/pl\/produkt\/uniwersalny-klej-akrylowy\/\",\"name\":\"PENOSIL SpeedFix DuraGrip 697 - Uniwersalny klej akrylowy\",\"isPartOf\":{\"@id\":\"https:\/\/penosil.com\/pl\/#website\"},\"primaryImageOfPage\":{\"@id\":\"https:\/\/penosil.com\/pl\/produkt\/uniwersalny-klej-akrylowy\/#primaryimage\"},\"image\":{\"@id\":\"https:\/\/penosil.com\/pl\/produkt\/uniwersalny-klej-akrylowy\/#primaryimage\"},\"thumbnailUrl\":\"https:\/\/penosil.com\/pl\/wp-content\/uploads\/sites\/39\/2023\/04\/697_SpeedFix_DuraGrip_697_280ml_White_CZPLSK.png\",\"datePublished\":\"2023-04-08T12:34:12+00:00\",\"dateModified\":\"2025-11-18T12:16:22+00:00\",\"description\":\"PENOSIL SpeedFix DuraGrip 697 \u2013 uniwersalny klej akrylowy do zastosowa\u0144 wewn\u0119trznych, o doskona\u0142ej przyczepno\u015bci pocz\u0105tkowej.\",\"breadcrumb\":{\"@id\":\"https:\/\/penosil.com\/pl\/produkt\/uniwersalny-klej-akrylowy\/#breadcrumb\"},\"inLanguage\":\"pl-PL\",\"potentialAction\":[{\"@type\":\"ReadAction\",\"target\":[\"https:\/\/penosil.com\/pl\/produkt\/uniwersalny-klej-akrylowy\/\"]}]},{\"@type\":\"ImageObject\",\"inLanguage\":\"pl-PL\",\"@id\":\"https:\/\/penosil.com\/pl\/produkt\/uniwersalny-klej-akrylowy\/#primaryimage\",\"url\":\"https:\/\/penosil.com\/pl\/wp-content\/uploads\/sites\/39\/2023\/04\/697_SpeedFix_DuraGrip_697_280ml_White_CZPLSK.png\",\"contentUrl\":\"https:\/\/penosil.com\/pl\/wp-content\/uploads\/sites\/39\/2023\/04\/697_SpeedFix_DuraGrip_697_280ml_White_CZPLSK.png\",\"width\":387,\"height\":1080},{\"@type\":\"BreadcrumbList\",\"@id\":\"https:\/\/penosil.com\/pl\/produkt\/uniwersalny-klej-akrylowy\/#breadcrumb\",\"itemListElement\":[{\"@type\":\"ListItem\",\"position\":1,\"name\":\"Home\",\"item\":\"https:\/\/penosil.com\/pl\/\"},{\"@type\":\"ListItem\",\"position\":2,\"name\":\"Produkty\",\"item\":\"https:\/\/penosil.com\/pl\/produkty\/\"},{\"@type\":\"ListItem\",\"position\":3,\"name\":\"SpeedFix DuraGrip 697\"}]},{\"@type\":\"WebSite\",\"@id\":\"https:\/\/penosil.com\/pl\/#website\",\"url\":\"https:\/\/penosil.com\/pl\/\",\"name\":\"PENOSIL Polska\",\"description\":\"\",\"potentialAction\":[{\"@type\":\"SearchAction\",\"target\":{\"@type\":\"EntryPoint\",\"urlTemplate\":\"https:\/\/penosil.com\/pl\/?s={search_term_string}\"},\"query-input\":{\"@type\":\"PropertyValueSpecification\",\"valueRequired\":true,\"valueName\":\"search_term_string\"}}],\"inLanguage\":\"pl-PL\"}]}<\/script>\n<!-- \/ Yoast SEO plugin. -->","yoast_head_json":{"title":"PENOSIL SpeedFix DuraGrip 697 - Uniwersalny klej akrylowy","description":"PENOSIL SpeedFix DuraGrip 697 \u2013 uniwersalny klej akrylowy do zastosowa\u0144 wewn\u0119trznych, o doskona\u0142ej przyczepno\u015bci pocz\u0105tkowej.","robots":{"index":"index","follow":"follow","max-snippet":"max-snippet:-1","max-image-preview":"max-image-preview:large","max-video-preview":"max-video-preview:-1"},"canonical":"https:\/\/penosil.com\/pl\/produkt\/uniwersalny-klej-akrylowy\/","og_locale":"pl_PL","og_type":"article","og_title":"PENOSIL SpeedFix DuraGrip 697 - Uniwersalny klej akrylowy","og_description":"PENOSIL SpeedFix DuraGrip 697 \u2013 uniwersalny klej akrylowy do zastosowa\u0144 wewn\u0119trznych, o doskona\u0142ej przyczepno\u015bci pocz\u0105tkowej.","og_url":"https:\/\/penosil.com\/pl\/produkt\/uniwersalny-klej-akrylowy\/","og_site_name":"PENOSIL Polska","article_modified_time":"2025-11-18T12:16:22+00:00","og_image":[{"width":387,"height":1080,"url":"https:\/\/penosil.com\/pl\/wp-content\/uploads\/sites\/39\/2023\/04\/697_SpeedFix_DuraGrip_697_280ml_White_CZPLSK.png","type":"image\/png"}],"twitter_card":"summary_large_image","twitter_misc":{"Szacowany czas czytania":"3 minuty"},"schema":{"@context":"https:\/\/schema.org","@graph":[{"@type":"WebPage","@id":"https:\/\/penosil.com\/pl\/produkt\/uniwersalny-klej-akrylowy\/","url":"https:\/\/penosil.com\/pl\/produkt\/uniwersalny-klej-akrylowy\/","name":"PENOSIL SpeedFix DuraGrip 697 - Uniwersalny klej akrylowy","isPartOf":{"@id":"https:\/\/penosil.com\/pl\/#website"},"primaryImageOfPage":{"@id":"https:\/\/penosil.com\/pl\/produkt\/uniwersalny-klej-akrylowy\/#primaryimage"},"image":{"@id":"https:\/\/penosil.com\/pl\/produkt\/uniwersalny-klej-akrylowy\/#primaryimage"},"thumbnailUrl":"https:\/\/penosil.com\/pl\/wp-content\/uploads\/sites\/39\/2023\/04\/697_SpeedFix_DuraGrip_697_280ml_White_CZPLSK.png","datePublished":"2023-04-08T12:34:12+00:00","dateModified":"2025-11-18T12:16:22+00:00","description":"PENOSIL SpeedFix DuraGrip 697 \u2013 uniwersalny klej akrylowy do zastosowa\u0144 wewn\u0119trznych, o doskona\u0142ej przyczepno\u015bci pocz\u0105tkowej.","breadcrumb":{"@id":"https:\/\/penosil.com\/pl\/produkt\/uniwersalny-klej-akrylowy\/#breadcrumb"},"inLanguage":"pl-PL","potentialAction":[{"@type":"ReadAction","target":["https:\/\/penosil.com\/pl\/produkt\/uniwersalny-klej-akrylowy\/"]}]},{"@type":"ImageObject","inLanguage":"pl-PL","@id":"https:\/\/penosil.com\/pl\/produkt\/uniwersalny-klej-akrylowy\/#primaryimage","url":"https:\/\/penosil.com\/pl\/wp-content\/uploads\/sites\/39\/2023\/04\/697_SpeedFix_DuraGrip_697_280ml_White_CZPLSK.png","contentUrl":"https:\/\/penosil.com\/pl\/wp-content\/uploads\/sites\/39\/2023\/04\/697_SpeedFix_DuraGrip_697_280ml_White_CZPLSK.png","width":387,"height":1080},{"@type":"BreadcrumbList","@id":"https:\/\/penosil.com\/pl\/produkt\/uniwersalny-klej-akrylowy\/#breadcrumb","itemListElement":[{"@type":"ListItem","position":1,"name":"Home","item":"https:\/\/penosil.com\/pl\/"},{"@type":"ListItem","position":2,"name":"Produkty","item":"https:\/\/penosil.com\/pl\/produkty\/"},{"@type":"ListItem","position":3,"name":"SpeedFix DuraGrip 697"}]},{"@type":"WebSite","@id":"https:\/\/penosil.com\/pl\/#website","url":"https:\/\/penosil.com\/pl\/","name":"PENOSIL Polska","description":"","potentialAction":[{"@type":"SearchAction","target":{"@type":"EntryPoint","urlTemplate":"https:\/\/penosil.com\/pl\/?s={search_term_string}"},"query-input":{"@type":"PropertyValueSpecification","valueRequired":true,"valueName":"search_term_string"}}],"inLanguage":"pl-PL"}]}},"featured_img":"https:\/\/penosil.com\/pl\/wp-content\/uploads\/sites\/39\/2023\/04\/697_SpeedFix_DuraGrip_697_280ml_White_CZPLSK.png","coauthors":[],"author_meta":{"author_link":"https:\/\/penosil.com\/pl\/author\/kristin\/","display_name":"kristin"},"relative_dates":{"created":"Posted 3 lata ago","modified":"Updated 5 miesi\u0119cy ago"},"absolute_dates":{"created":"Posted on 08\/04\/2023","modified":"Updated on 18\/11\/2025"},"absolute_dates_time":{"created":"Posted on 08\/04\/2023 12:34","modified":"Updated on 18\/11\/2025 14:16"},"featured_img_caption":"","tax_additional":{"product_brand":{"linked":[],"unlinked":[],"slug":"product_brand","name":"Marki"},"product_type":{"linked":["<a href=\"https:\/\/penosil.com\/pl\/?taxonomy=product_type&#038;term=simple\" class=\"advgb-post-tax-term\">simple<\/a>"],"unlinked":["<span class=\"advgb-post-tax-term\">simple<\/span>"],"slug":"product_type","name":"Typ produktu"},"product_visibility":{"linked":[],"unlinked":[],"slug":"product_visibility","name":"Widoczno\u015b\u0107 produktu"},"product_cat":{"linked":["<a href=\"https:\/\/penosil.com\/pl\/kategoria-produktu\/obszary-zastosowania\/\" class=\"advgb-post-tax-term\">Obszary zastosowania<\/a>","<a href=\"https:\/\/penosil.com\/pl\/kategoria-produktu\/grupy-produktowe\/\" class=\"advgb-post-tax-term\">Grupy produktowe<\/a>","<a href=\"https:\/\/penosil.com\/pl\/kategoria-produktu\/grupy-produktowe\/kleje\/kleje-akrylowe\/\" class=\"advgb-post-tax-term\">Kleje akrylowe<\/a>","<a href=\"https:\/\/penosil.com\/pl\/kategoria-produktu\/obszary-zastosowania\/klejenie\/\" class=\"advgb-post-tax-term\">Klejenie<\/a>","<a href=\"https:\/\/penosil.com\/pl\/kategoria-produktu\/grupy-produktowe\/kleje\/\" class=\"advgb-post-tax-term\">Kleje<\/a>"],"unlinked":["<span class=\"advgb-post-tax-term\">Obszary zastosowania<\/span>","<span class=\"advgb-post-tax-term\">Grupy produktowe<\/span>","<span class=\"advgb-post-tax-term\">Kleje akrylowe<\/span>","<span class=\"advgb-post-tax-term\">Klejenie<\/span>","<span class=\"advgb-post-tax-term\">Kleje<\/span>"],"slug":"product_cat","name":"Kategorie produkt\u00f3w"},"product_tag":{"linked":[],"unlinked":[],"slug":"product_tag","name":"Znaczniki produktu"},"product_shipping_class":{"linked":[],"unlinked":[],"slug":"product_shipping_class","name":"Klasy wysy\u0142kowe produktu"},"pos_product_visibility":{"linked":[],"unlinked":[],"slug":"pos_product_visibility","name":"Widoczno\u015b\u0107 produktu w punkcie sprzeda\u017cy (POS)"},"pa_kolor":{"linked":["<a href=\"https:\/\/penosil.com\/pl\/?taxonomy=pa_kolor&#038;term=bialy\" class=\"advgb-post-tax-term\">Bia\u0142y<\/a>"],"unlinked":["<span class=\"advgb-post-tax-term\">Bia\u0142y<\/span>"],"slug":"pa_kolor","name":"Product Kolor"},"pa_opakowanie":{"linked":["<a href=\"https:\/\/penosil.com\/pl\/?taxonomy=pa_opakowanie&#038;term=280-ml-2-pl\" class=\"advgb-post-tax-term\">280 ml<\/a>"],"unlinked":["<span class=\"advgb-post-tax-term\">280 ml<\/span>"],"slug":"pa_opakowanie","name":"Product Opakowanie"},"pa_rolka":{"linked":[],"unlinked":[],"slug":"pa_rolka","name":"Product Rolka"},"pa_srednica":{"linked":[],"unlinked":[],"slug":"pa_srednica","name":"Product \u015arednica"},"pa_szerokosc":{"linked":[],"unlinked":[],"slug":"pa_szerokosc","name":"Product Szeroko\u015b\u0107"},"translation_priority":{"linked":["<a href=\"https:\/\/penosil.com\/pl\/?taxonomy=translation_priority&#038;term=opcjonalne\" class=\"advgb-post-tax-term\">Opcjonalne<\/a>"],"unlinked":["<span class=\"advgb-post-tax-term\">Opcjonalne<\/span>"],"slug":"translation_priority","name":"Priorytety t\u0142umaczenia"}},"series_order":"","_links":{"self":[{"href":"https:\/\/penosil.com\/pl\/wp-json\/wp\/v2\/product\/35841","targetHints":{"allow":["GET"]}}],"collection":[{"href":"https:\/\/penosil.com\/pl\/wp-json\/wp\/v2\/product"}],"about":[{"href":"https:\/\/penosil.com\/pl\/wp-json\/wp\/v2\/types\/product"}],"version-history":[{"count":6,"href":"https:\/\/penosil.com\/pl\/wp-json\/wp\/v2\/product\/35841\/revisions"}],"predecessor-version":[{"id":38254,"href":"https:\/\/penosil.com\/pl\/wp-json\/wp\/v2\/product\/35841\/revisions\/38254"}],"wp:featuredmedia":[{"embeddable":true,"href":"https:\/\/penosil.com\/pl\/wp-json\/wp\/v2\/media\/36986"}],"wp:attachment":[{"href":"https:\/\/penosil.com\/pl\/wp-json\/wp\/v2\/media?parent=35841"}],"wp:term":[{"taxonomy":"product_brand","embeddable":true,"href":"https:\/\/penosil.com\/pl\/wp-json\/wp\/v2\/product_brand?post=35841"},{"taxonomy":"product_cat","embeddable":true,"href":"https:\/\/penosil.com\/pl\/wp-json\/wp\/v2\/product_cat?post=35841"},{"taxonomy":"product_tag","embeddable":true,"href":"https:\/\/penosil.com\/pl\/wp-json\/wp\/v2\/product_tag?post=35841"}],"curies":[{"name":"wp","href":"https:\/\/api.w.org\/{rel}","templated":true}]}}