{"id":35843,"date":"2023-10-18T13:35:01","date_gmt":"2023-10-18T13:35:01","guid":{"rendered":"https:\/\/penosil.rktv.ee\/pl\/product\/foam-cleaner\/"},"modified":"2025-11-18T15:56:10","modified_gmt":"2025-11-18T13:56:10","slug":"czyscik-do-piany-nieutwardzonej","status":"publish","type":"product","link":"https:\/\/penosil.com\/pl\/produkt\/czyscik-do-piany-nieutwardzonej\/","title":{"rendered":"Foam Cleaner 929"},"content":{"rendered":"<p>PENOSIL Foam Cleaner 929 to \u015brodek czyszcz\u0105cy na bazie rozpuszczalnika, przeznaczony do usuwania nieutwardzonej piany PU z narz\u0119dzi, odzie\u017cy oraz powierzchni. Skutecznie usuwa \u015bwie\u017c\u0105 pian\u0119 PU z wn\u0119trza i zewn\u0119trza pistoletu do piany, dyszy aplikatora oraz z powierzchni takich jak ramy okienne, parapety i odzie\u017c.<\/p>\n","protected":false},"excerpt":{"rendered":"<span style=\"font-weight: 400;\">\u015arodek czyszcz\u0105cy do usuwania nieutwardzonej piany PU<\/span>","protected":false},"author":22,"featured_media":37008,"template":"","meta":{"_acf_changed":false,"advgb_blocks_editor_width":"","advgb_blocks_columns_visual_guide":"","footnotes":""},"product_brand":[],"product_cat":[2848,2861,2850,2855,1815],"product_tag":[],"class_list":{"0":"post-35843","1":"product","2":"type-product","3":"status-publish","4":"has-post-thumbnail","6":"product_cat-obszary-zastosowania","7":"product_cat-piany-poliuretanowe","8":"product_cat-grupy-produktowe","9":"product_cat-czyszczenie","10":"product_cat-akcesoria-i-czysciki","12":"first","13":"instock","14":"taxable","15":"shipping-taxable","16":"purchasable","17":"product-type-simple"},"acf":[],"yoast_head":"<!-- This site is optimized with the Yoast SEO plugin v27.2 - https:\/\/yoast.com\/product\/yoast-seo-wordpress\/ -->\n<title>PENOSIL Foam Cleaner 929 - Czy\u015bcik do piany nieutwardzonej<\/title>\n<meta name=\"description\" content=\"PENOSIL Foam Cleaner 929 \u2013 \u015brodek do usuwania nieutwardzonej piany monta\u017cowej z narz\u0119dzi i powierzchni. Skuteczny i \u0142atwy w u\u017cyciu preparat czyszcz\u0105cy.\" \/>\n<meta name=\"robots\" content=\"index, follow, max-snippet:-1, max-image-preview:large, max-video-preview:-1\" \/>\n<link rel=\"canonical\" href=\"https:\/\/penosil.com\/pl\/produkt\/czyscik-do-piany-nieutwardzonej\/\" \/>\n<meta property=\"og:locale\" content=\"pl_PL\" \/>\n<meta property=\"og:type\" content=\"article\" \/>\n<meta property=\"og:title\" content=\"PENOSIL Foam Cleaner 929 - Czy\u015bcik do piany nieutwardzonej\" \/>\n<meta property=\"og:description\" content=\"PENOSIL Foam Cleaner 929 \u2013 \u015brodek do usuwania nieutwardzonej piany monta\u017cowej z narz\u0119dzi i powierzchni. Skuteczny i \u0142atwy w u\u017cyciu preparat czyszcz\u0105cy.\" \/>\n<meta property=\"og:url\" content=\"https:\/\/penosil.com\/pl\/produkt\/czyscik-do-piany-nieutwardzonej\/\" \/>\n<meta property=\"og:site_name\" content=\"PENOSIL Polska\" \/>\n<meta property=\"article:modified_time\" content=\"2025-11-18T13:56:10+00:00\" \/>\n<meta property=\"og:image\" content=\"https:\/\/penosil.com\/pl\/wp-content\/uploads\/sites\/39\/2023\/10\/929_Foam_Cleaner_929_CZPLSK.png\" \/>\n\t<meta property=\"og:image:width\" content=\"523\" \/>\n\t<meta property=\"og:image:height\" content=\"1080\" \/>\n\t<meta property=\"og:image:type\" content=\"image\/png\" \/>\n<meta name=\"twitter:card\" content=\"summary_large_image\" \/>\n<meta name=\"twitter:label1\" content=\"Szacowany czas czytania\" \/>\n\t<meta name=\"twitter:data1\" content=\"4 minuty\" \/>\n<script type=\"application\/ld+json\" class=\"yoast-schema-graph\">{\"@context\":\"https:\/\/schema.org\",\"@graph\":[{\"@type\":\"WebPage\",\"@id\":\"https:\/\/penosil.com\/pl\/produkt\/czyscik-do-piany-nieutwardzonej\/\",\"url\":\"https:\/\/penosil.com\/pl\/produkt\/czyscik-do-piany-nieutwardzonej\/\",\"name\":\"PENOSIL Foam Cleaner 929 - Czy\u015bcik do piany nieutwardzonej\",\"isPartOf\":{\"@id\":\"https:\/\/penosil.com\/pl\/#website\"},\"primaryImageOfPage\":{\"@id\":\"https:\/\/penosil.com\/pl\/produkt\/czyscik-do-piany-nieutwardzonej\/#primaryimage\"},\"image\":{\"@id\":\"https:\/\/penosil.com\/pl\/produkt\/czyscik-do-piany-nieutwardzonej\/#primaryimage\"},\"thumbnailUrl\":\"https:\/\/penosil.com\/pl\/wp-content\/uploads\/sites\/39\/2023\/10\/929_Foam_Cleaner_929_CZPLSK.png\",\"datePublished\":\"2023-10-18T13:35:01+00:00\",\"dateModified\":\"2025-11-18T13:56:10+00:00\",\"description\":\"PENOSIL Foam Cleaner 929 \u2013 \u015brodek do usuwania nieutwardzonej piany monta\u017cowej z narz\u0119dzi i powierzchni. Skuteczny i \u0142atwy w u\u017cyciu preparat czyszcz\u0105cy.\",\"breadcrumb\":{\"@id\":\"https:\/\/penosil.com\/pl\/produkt\/czyscik-do-piany-nieutwardzonej\/#breadcrumb\"},\"inLanguage\":\"pl-PL\",\"potentialAction\":[{\"@type\":\"ReadAction\",\"target\":[\"https:\/\/penosil.com\/pl\/produkt\/czyscik-do-piany-nieutwardzonej\/\"]}]},{\"@type\":\"ImageObject\",\"inLanguage\":\"pl-PL\",\"@id\":\"https:\/\/penosil.com\/pl\/produkt\/czyscik-do-piany-nieutwardzonej\/#primaryimage\",\"url\":\"https:\/\/penosil.com\/pl\/wp-content\/uploads\/sites\/39\/2023\/10\/929_Foam_Cleaner_929_CZPLSK.png\",\"contentUrl\":\"https:\/\/penosil.com\/pl\/wp-content\/uploads\/sites\/39\/2023\/10\/929_Foam_Cleaner_929_CZPLSK.png\",\"width\":523,\"height\":1080},{\"@type\":\"BreadcrumbList\",\"@id\":\"https:\/\/penosil.com\/pl\/produkt\/czyscik-do-piany-nieutwardzonej\/#breadcrumb\",\"itemListElement\":[{\"@type\":\"ListItem\",\"position\":1,\"name\":\"Home\",\"item\":\"https:\/\/penosil.com\/pl\/\"},{\"@type\":\"ListItem\",\"position\":2,\"name\":\"Produkty\",\"item\":\"https:\/\/penosil.com\/pl\/produkty\/\"},{\"@type\":\"ListItem\",\"position\":3,\"name\":\"Foam Cleaner 929\"}]},{\"@type\":\"WebSite\",\"@id\":\"https:\/\/penosil.com\/pl\/#website\",\"url\":\"https:\/\/penosil.com\/pl\/\",\"name\":\"PENOSIL Polska\",\"description\":\"\",\"potentialAction\":[{\"@type\":\"SearchAction\",\"target\":{\"@type\":\"EntryPoint\",\"urlTemplate\":\"https:\/\/penosil.com\/pl\/?s={search_term_string}\"},\"query-input\":{\"@type\":\"PropertyValueSpecification\",\"valueRequired\":true,\"valueName\":\"search_term_string\"}}],\"inLanguage\":\"pl-PL\"}]}<\/script>\n<!-- \/ Yoast SEO plugin. -->","yoast_head_json":{"title":"PENOSIL Foam Cleaner 929 - Czy\u015bcik do piany nieutwardzonej","description":"PENOSIL Foam Cleaner 929 \u2013 \u015brodek do usuwania nieutwardzonej piany monta\u017cowej z narz\u0119dzi i powierzchni. Skuteczny i \u0142atwy w u\u017cyciu preparat czyszcz\u0105cy.","robots":{"index":"index","follow":"follow","max-snippet":"max-snippet:-1","max-image-preview":"max-image-preview:large","max-video-preview":"max-video-preview:-1"},"canonical":"https:\/\/penosil.com\/pl\/produkt\/czyscik-do-piany-nieutwardzonej\/","og_locale":"pl_PL","og_type":"article","og_title":"PENOSIL Foam Cleaner 929 - Czy\u015bcik do piany nieutwardzonej","og_description":"PENOSIL Foam Cleaner 929 \u2013 \u015brodek do usuwania nieutwardzonej piany monta\u017cowej z narz\u0119dzi i powierzchni. Skuteczny i \u0142atwy w u\u017cyciu preparat czyszcz\u0105cy.","og_url":"https:\/\/penosil.com\/pl\/produkt\/czyscik-do-piany-nieutwardzonej\/","og_site_name":"PENOSIL Polska","article_modified_time":"2025-11-18T13:56:10+00:00","og_image":[{"width":523,"height":1080,"url":"https:\/\/penosil.com\/pl\/wp-content\/uploads\/sites\/39\/2023\/10\/929_Foam_Cleaner_929_CZPLSK.png","type":"image\/png"}],"twitter_card":"summary_large_image","twitter_misc":{"Szacowany czas czytania":"4 minuty"},"schema":{"@context":"https:\/\/schema.org","@graph":[{"@type":"WebPage","@id":"https:\/\/penosil.com\/pl\/produkt\/czyscik-do-piany-nieutwardzonej\/","url":"https:\/\/penosil.com\/pl\/produkt\/czyscik-do-piany-nieutwardzonej\/","name":"PENOSIL Foam Cleaner 929 - Czy\u015bcik do piany nieutwardzonej","isPartOf":{"@id":"https:\/\/penosil.com\/pl\/#website"},"primaryImageOfPage":{"@id":"https:\/\/penosil.com\/pl\/produkt\/czyscik-do-piany-nieutwardzonej\/#primaryimage"},"image":{"@id":"https:\/\/penosil.com\/pl\/produkt\/czyscik-do-piany-nieutwardzonej\/#primaryimage"},"thumbnailUrl":"https:\/\/penosil.com\/pl\/wp-content\/uploads\/sites\/39\/2023\/10\/929_Foam_Cleaner_929_CZPLSK.png","datePublished":"2023-10-18T13:35:01+00:00","dateModified":"2025-11-18T13:56:10+00:00","description":"PENOSIL Foam Cleaner 929 \u2013 \u015brodek do usuwania nieutwardzonej piany monta\u017cowej z narz\u0119dzi i powierzchni. Skuteczny i \u0142atwy w u\u017cyciu preparat czyszcz\u0105cy.","breadcrumb":{"@id":"https:\/\/penosil.com\/pl\/produkt\/czyscik-do-piany-nieutwardzonej\/#breadcrumb"},"inLanguage":"pl-PL","potentialAction":[{"@type":"ReadAction","target":["https:\/\/penosil.com\/pl\/produkt\/czyscik-do-piany-nieutwardzonej\/"]}]},{"@type":"ImageObject","inLanguage":"pl-PL","@id":"https:\/\/penosil.com\/pl\/produkt\/czyscik-do-piany-nieutwardzonej\/#primaryimage","url":"https:\/\/penosil.com\/pl\/wp-content\/uploads\/sites\/39\/2023\/10\/929_Foam_Cleaner_929_CZPLSK.png","contentUrl":"https:\/\/penosil.com\/pl\/wp-content\/uploads\/sites\/39\/2023\/10\/929_Foam_Cleaner_929_CZPLSK.png","width":523,"height":1080},{"@type":"BreadcrumbList","@id":"https:\/\/penosil.com\/pl\/produkt\/czyscik-do-piany-nieutwardzonej\/#breadcrumb","itemListElement":[{"@type":"ListItem","position":1,"name":"Home","item":"https:\/\/penosil.com\/pl\/"},{"@type":"ListItem","position":2,"name":"Produkty","item":"https:\/\/penosil.com\/pl\/produkty\/"},{"@type":"ListItem","position":3,"name":"Foam Cleaner 929"}]},{"@type":"WebSite","@id":"https:\/\/penosil.com\/pl\/#website","url":"https:\/\/penosil.com\/pl\/","name":"PENOSIL Polska","description":"","potentialAction":[{"@type":"SearchAction","target":{"@type":"EntryPoint","urlTemplate":"https:\/\/penosil.com\/pl\/?s={search_term_string}"},"query-input":{"@type":"PropertyValueSpecification","valueRequired":true,"valueName":"search_term_string"}}],"inLanguage":"pl-PL"}]}},"featured_img":"https:\/\/penosil.com\/pl\/wp-content\/uploads\/sites\/39\/2023\/10\/929_Foam_Cleaner_929_CZPLSK.png","coauthors":[],"author_meta":{"author_link":"https:\/\/penosil.com\/pl\/author\/kristin\/","display_name":"kristin"},"relative_dates":{"created":"Posted 2 lata ago","modified":"Updated 5 miesi\u0119cy ago"},"absolute_dates":{"created":"Posted on 18\/10\/2023","modified":"Updated on 18\/11\/2025"},"absolute_dates_time":{"created":"Posted on 18\/10\/2023 13:35","modified":"Updated on 18\/11\/2025 15:56"},"featured_img_caption":"","tax_additional":{"product_brand":{"linked":[],"unlinked":[],"slug":"product_brand","name":"Marki"},"product_type":{"linked":["<a href=\"https:\/\/penosil.com\/pl\/?taxonomy=product_type&#038;term=simple\" class=\"advgb-post-tax-term\">simple<\/a>"],"unlinked":["<span class=\"advgb-post-tax-term\">simple<\/span>"],"slug":"product_type","name":"Typ produktu"},"product_visibility":{"linked":[],"unlinked":[],"slug":"product_visibility","name":"Widoczno\u015b\u0107 produktu"},"product_cat":{"linked":["<a href=\"https:\/\/penosil.com\/pl\/kategoria-produktu\/obszary-zastosowania\/\" class=\"advgb-post-tax-term\">Obszary zastosowania<\/a>","<a href=\"https:\/\/penosil.com\/pl\/kategoria-produktu\/grupy-produktowe\/piany-poliuretanowe\/\" class=\"advgb-post-tax-term\">Piany poliuretanowe<\/a>","<a href=\"https:\/\/penosil.com\/pl\/kategoria-produktu\/grupy-produktowe\/\" class=\"advgb-post-tax-term\">Grupy produktowe<\/a>","<a href=\"https:\/\/penosil.com\/pl\/kategoria-produktu\/obszary-zastosowania\/czyszczenie\/\" class=\"advgb-post-tax-term\">Czyszczenie<\/a>","<a href=\"https:\/\/penosil.com\/pl\/kategoria-produktu\/grupy-produktowe\/akcesoria-i-czysciki\/\" class=\"advgb-post-tax-term\">Akcesoria i czy\u015bciki<\/a>"],"unlinked":["<span class=\"advgb-post-tax-term\">Obszary zastosowania<\/span>","<span class=\"advgb-post-tax-term\">Piany poliuretanowe<\/span>","<span class=\"advgb-post-tax-term\">Grupy produktowe<\/span>","<span class=\"advgb-post-tax-term\">Czyszczenie<\/span>","<span class=\"advgb-post-tax-term\">Akcesoria i czy\u015bciki<\/span>"],"slug":"product_cat","name":"Kategorie produkt\u00f3w"},"product_tag":{"linked":[],"unlinked":[],"slug":"product_tag","name":"Znaczniki produktu"},"product_shipping_class":{"linked":[],"unlinked":[],"slug":"product_shipping_class","name":"Klasy wysy\u0142kowe produktu"},"pos_product_visibility":{"linked":[],"unlinked":[],"slug":"pos_product_visibility","name":"Widoczno\u015b\u0107 produktu w punkcie sprzeda\u017cy (POS)"},"pa_kolor":{"linked":[],"unlinked":[],"slug":"pa_kolor","name":"Product Kolor"},"pa_opakowanie":{"linked":["<a href=\"https:\/\/penosil.com\/pl\/?taxonomy=pa_opakowanie&#038;term=500-ml-pl\" class=\"advgb-post-tax-term\">500 ml<\/a>"],"unlinked":["<span class=\"advgb-post-tax-term\">500 ml<\/span>"],"slug":"pa_opakowanie","name":"Product Opakowanie"},"pa_rolka":{"linked":[],"unlinked":[],"slug":"pa_rolka","name":"Product Rolka"},"pa_srednica":{"linked":[],"unlinked":[],"slug":"pa_srednica","name":"Product \u015arednica"},"pa_szerokosc":{"linked":[],"unlinked":[],"slug":"pa_szerokosc","name":"Product Szeroko\u015b\u0107"},"translation_priority":{"linked":["<a href=\"https:\/\/penosil.com\/pl\/?taxonomy=translation_priority&#038;term=opcjonalne\" class=\"advgb-post-tax-term\">Opcjonalne<\/a>"],"unlinked":["<span class=\"advgb-post-tax-term\">Opcjonalne<\/span>"],"slug":"translation_priority","name":"Priorytety t\u0142umaczenia"}},"series_order":"","_links":{"self":[{"href":"https:\/\/penosil.com\/pl\/wp-json\/wp\/v2\/product\/35843","targetHints":{"allow":["GET"]}}],"collection":[{"href":"https:\/\/penosil.com\/pl\/wp-json\/wp\/v2\/product"}],"about":[{"href":"https:\/\/penosil.com\/pl\/wp-json\/wp\/v2\/types\/product"}],"version-history":[{"count":9,"href":"https:\/\/penosil.com\/pl\/wp-json\/wp\/v2\/product\/35843\/revisions"}],"predecessor-version":[{"id":38268,"href":"https:\/\/penosil.com\/pl\/wp-json\/wp\/v2\/product\/35843\/revisions\/38268"}],"wp:featuredmedia":[{"embeddable":true,"href":"https:\/\/penosil.com\/pl\/wp-json\/wp\/v2\/media\/37008"}],"wp:attachment":[{"href":"https:\/\/penosil.com\/pl\/wp-json\/wp\/v2\/media?parent=35843"}],"wp:term":[{"taxonomy":"product_brand","embeddable":true,"href":"https:\/\/penosil.com\/pl\/wp-json\/wp\/v2\/product_brand?post=35843"},{"taxonomy":"product_cat","embeddable":true,"href":"https:\/\/penosil.com\/pl\/wp-json\/wp\/v2\/product_cat?post=35843"},{"taxonomy":"product_tag","embeddable":true,"href":"https:\/\/penosil.com\/pl\/wp-json\/wp\/v2\/product_tag?post=35843"}],"curies":[{"name":"wp","href":"https:\/\/api.w.org\/{rel}","templated":true}]}}