{"id":36002,"date":"2023-12-22T11:34:24","date_gmt":"2023-12-22T11:34:24","guid":{"rendered":"https:\/\/penosil.rktv.ee\/pl\/product\/multipurpose-acetoxy-silicone\/"},"modified":"2025-11-18T19:08:39","modified_gmt":"2025-11-18T17:08:39","slug":"silikon-uniwersalny","status":"publish","type":"product","link":"https:\/\/penosil.com\/pl\/produkt\/silikon-uniwersalny\/","title":{"rendered":"Universal Silicone 315\/315c"},"content":{"rendered":"<p>PENOSIL Universal Silicone 315\/315c to wielofunkcyjny, wysokiej jako\u015bci uszczelniacz silikonowy acetylo-silikonowy, przeznaczony do prac budowlanych wewn\u0119trznych i zewn\u0119trznych. Tworzy elastyczn\u0105, gumow\u0105 spoin\u0119 na wielu powierzchniach nieporowatych.OGRANICZENIA<\/p>\n","protected":false},"excerpt":{"rendered":"Silikon uniwersalny","protected":false},"author":22,"featured_media":37200,"template":"","meta":{"_acf_changed":false,"advgb_blocks_editor_width":"","advgb_blocks_columns_visual_guide":"","footnotes":""},"product_brand":[],"product_cat":[2848,2851,2850,2867,2868],"product_tag":[],"class_list":{"0":"post-36002","1":"product","2":"type-product","3":"status-publish","4":"has-post-thumbnail","6":"product_cat-obszary-zastosowania","7":"product_cat-budownictwo-ogolne","8":"product_cat-grupy-produktowe","9":"product_cat-uszczelniacze","10":"product_cat-silikony-kwasne","12":"first","13":"instock","14":"taxable","15":"shipping-taxable","16":"purchasable","17":"product-type-variable","18":"has-default-attributes"},"acf":[],"yoast_head":"<!-- This site is optimized with the Yoast SEO plugin v27.2 - https:\/\/yoast.com\/product\/yoast-seo-wordpress\/ -->\n<title>PENOSIL Universal Silicone 315\/315c - Silikon uniwersalny<\/title>\n<meta name=\"description\" content=\"PENOSIL Universal Silicone 315\/315C \u2013 uniwersalny silikon octanowy do og\u00f3lnych prac budowlanych, odpowiedni do zastosowa\u0144 wewn\u0119trznych i zewn\u0119trznych.\" \/>\n<meta name=\"robots\" content=\"index, follow, max-snippet:-1, max-image-preview:large, max-video-preview:-1\" \/>\n<link rel=\"canonical\" href=\"https:\/\/penosil.com\/pl\/produkt\/silikon-uniwersalny\/\" \/>\n<meta property=\"og:locale\" content=\"pl_PL\" \/>\n<meta property=\"og:type\" content=\"article\" \/>\n<meta property=\"og:title\" content=\"PENOSIL Universal Silicone 315\/315c - Silikon uniwersalny\" \/>\n<meta property=\"og:description\" content=\"PENOSIL Universal Silicone 315\/315C \u2013 uniwersalny silikon octanowy do og\u00f3lnych prac budowlanych, odpowiedni do zastosowa\u0144 wewn\u0119trznych i zewn\u0119trznych.\" \/>\n<meta property=\"og:url\" content=\"https:\/\/penosil.com\/pl\/produkt\/silikon-uniwersalny\/\" \/>\n<meta property=\"og:site_name\" content=\"PENOSIL Polska\" \/>\n<meta property=\"article:modified_time\" content=\"2025-11-18T17:08:39+00:00\" \/>\n<meta property=\"og:image\" content=\"https:\/\/penosil.com\/pl\/wp-content\/uploads\/sites\/39\/2023\/12\/315c_-Universal_Silicone_315c_-CZPLSK.png\" \/>\n\t<meta property=\"og:image:width\" content=\"387\" \/>\n\t<meta property=\"og:image:height\" content=\"1080\" \/>\n\t<meta property=\"og:image:type\" content=\"image\/png\" \/>\n<meta name=\"twitter:card\" content=\"summary_large_image\" \/>\n<meta name=\"twitter:label1\" content=\"Szacowany czas czytania\" \/>\n\t<meta name=\"twitter:data1\" content=\"4 minuty\" \/>\n<script type=\"application\/ld+json\" class=\"yoast-schema-graph\">{\"@context\":\"https:\/\/schema.org\",\"@graph\":[{\"@type\":\"WebPage\",\"@id\":\"https:\/\/penosil.com\/pl\/produkt\/silikon-uniwersalny\/\",\"url\":\"https:\/\/penosil.com\/pl\/produkt\/silikon-uniwersalny\/\",\"name\":\"PENOSIL Universal Silicone 315\/315c - Silikon uniwersalny\",\"isPartOf\":{\"@id\":\"https:\/\/penosil.com\/pl\/#website\"},\"primaryImageOfPage\":{\"@id\":\"https:\/\/penosil.com\/pl\/produkt\/silikon-uniwersalny\/#primaryimage\"},\"image\":{\"@id\":\"https:\/\/penosil.com\/pl\/produkt\/silikon-uniwersalny\/#primaryimage\"},\"thumbnailUrl\":\"https:\/\/penosil.com\/pl\/wp-content\/uploads\/sites\/39\/2023\/12\/315c_-Universal_Silicone_315c_-CZPLSK.png\",\"datePublished\":\"2023-12-22T11:34:24+00:00\",\"dateModified\":\"2025-11-18T17:08:39+00:00\",\"description\":\"PENOSIL Universal Silicone 315\/315C \u2013 uniwersalny silikon octanowy do og\u00f3lnych prac budowlanych, odpowiedni do zastosowa\u0144 wewn\u0119trznych i zewn\u0119trznych.\",\"breadcrumb\":{\"@id\":\"https:\/\/penosil.com\/pl\/produkt\/silikon-uniwersalny\/#breadcrumb\"},\"inLanguage\":\"pl-PL\",\"potentialAction\":[{\"@type\":\"ReadAction\",\"target\":[\"https:\/\/penosil.com\/pl\/produkt\/silikon-uniwersalny\/\"]}]},{\"@type\":\"ImageObject\",\"inLanguage\":\"pl-PL\",\"@id\":\"https:\/\/penosil.com\/pl\/produkt\/silikon-uniwersalny\/#primaryimage\",\"url\":\"https:\/\/penosil.com\/pl\/wp-content\/uploads\/sites\/39\/2023\/12\/315c_-Universal_Silicone_315c_-CZPLSK.png\",\"contentUrl\":\"https:\/\/penosil.com\/pl\/wp-content\/uploads\/sites\/39\/2023\/12\/315c_-Universal_Silicone_315c_-CZPLSK.png\",\"width\":387,\"height\":1080},{\"@type\":\"BreadcrumbList\",\"@id\":\"https:\/\/penosil.com\/pl\/produkt\/silikon-uniwersalny\/#breadcrumb\",\"itemListElement\":[{\"@type\":\"ListItem\",\"position\":1,\"name\":\"Home\",\"item\":\"https:\/\/penosil.com\/pl\/\"},{\"@type\":\"ListItem\",\"position\":2,\"name\":\"Produkty\",\"item\":\"https:\/\/penosil.com\/pl\/produkty\/\"},{\"@type\":\"ListItem\",\"position\":3,\"name\":\"Universal Silicone 315\/315c\"}]},{\"@type\":\"WebSite\",\"@id\":\"https:\/\/penosil.com\/pl\/#website\",\"url\":\"https:\/\/penosil.com\/pl\/\",\"name\":\"PENOSIL Polska\",\"description\":\"\",\"potentialAction\":[{\"@type\":\"SearchAction\",\"target\":{\"@type\":\"EntryPoint\",\"urlTemplate\":\"https:\/\/penosil.com\/pl\/?s={search_term_string}\"},\"query-input\":{\"@type\":\"PropertyValueSpecification\",\"valueRequired\":true,\"valueName\":\"search_term_string\"}}],\"inLanguage\":\"pl-PL\"}]}<\/script>\n<!-- \/ Yoast SEO plugin. -->","yoast_head_json":{"title":"PENOSIL Universal Silicone 315\/315c - Silikon uniwersalny","description":"PENOSIL Universal Silicone 315\/315C \u2013 uniwersalny silikon octanowy do og\u00f3lnych prac budowlanych, odpowiedni do zastosowa\u0144 wewn\u0119trznych i zewn\u0119trznych.","robots":{"index":"index","follow":"follow","max-snippet":"max-snippet:-1","max-image-preview":"max-image-preview:large","max-video-preview":"max-video-preview:-1"},"canonical":"https:\/\/penosil.com\/pl\/produkt\/silikon-uniwersalny\/","og_locale":"pl_PL","og_type":"article","og_title":"PENOSIL Universal Silicone 315\/315c - Silikon uniwersalny","og_description":"PENOSIL Universal Silicone 315\/315C \u2013 uniwersalny silikon octanowy do og\u00f3lnych prac budowlanych, odpowiedni do zastosowa\u0144 wewn\u0119trznych i zewn\u0119trznych.","og_url":"https:\/\/penosil.com\/pl\/produkt\/silikon-uniwersalny\/","og_site_name":"PENOSIL Polska","article_modified_time":"2025-11-18T17:08:39+00:00","og_image":[{"width":387,"height":1080,"url":"https:\/\/penosil.com\/pl\/wp-content\/uploads\/sites\/39\/2023\/12\/315c_-Universal_Silicone_315c_-CZPLSK.png","type":"image\/png"}],"twitter_card":"summary_large_image","twitter_misc":{"Szacowany czas czytania":"4 minuty"},"schema":{"@context":"https:\/\/schema.org","@graph":[{"@type":"WebPage","@id":"https:\/\/penosil.com\/pl\/produkt\/silikon-uniwersalny\/","url":"https:\/\/penosil.com\/pl\/produkt\/silikon-uniwersalny\/","name":"PENOSIL Universal Silicone 315\/315c - Silikon uniwersalny","isPartOf":{"@id":"https:\/\/penosil.com\/pl\/#website"},"primaryImageOfPage":{"@id":"https:\/\/penosil.com\/pl\/produkt\/silikon-uniwersalny\/#primaryimage"},"image":{"@id":"https:\/\/penosil.com\/pl\/produkt\/silikon-uniwersalny\/#primaryimage"},"thumbnailUrl":"https:\/\/penosil.com\/pl\/wp-content\/uploads\/sites\/39\/2023\/12\/315c_-Universal_Silicone_315c_-CZPLSK.png","datePublished":"2023-12-22T11:34:24+00:00","dateModified":"2025-11-18T17:08:39+00:00","description":"PENOSIL Universal Silicone 315\/315C \u2013 uniwersalny silikon octanowy do og\u00f3lnych prac budowlanych, odpowiedni do zastosowa\u0144 wewn\u0119trznych i zewn\u0119trznych.","breadcrumb":{"@id":"https:\/\/penosil.com\/pl\/produkt\/silikon-uniwersalny\/#breadcrumb"},"inLanguage":"pl-PL","potentialAction":[{"@type":"ReadAction","target":["https:\/\/penosil.com\/pl\/produkt\/silikon-uniwersalny\/"]}]},{"@type":"ImageObject","inLanguage":"pl-PL","@id":"https:\/\/penosil.com\/pl\/produkt\/silikon-uniwersalny\/#primaryimage","url":"https:\/\/penosil.com\/pl\/wp-content\/uploads\/sites\/39\/2023\/12\/315c_-Universal_Silicone_315c_-CZPLSK.png","contentUrl":"https:\/\/penosil.com\/pl\/wp-content\/uploads\/sites\/39\/2023\/12\/315c_-Universal_Silicone_315c_-CZPLSK.png","width":387,"height":1080},{"@type":"BreadcrumbList","@id":"https:\/\/penosil.com\/pl\/produkt\/silikon-uniwersalny\/#breadcrumb","itemListElement":[{"@type":"ListItem","position":1,"name":"Home","item":"https:\/\/penosil.com\/pl\/"},{"@type":"ListItem","position":2,"name":"Produkty","item":"https:\/\/penosil.com\/pl\/produkty\/"},{"@type":"ListItem","position":3,"name":"Universal Silicone 315\/315c"}]},{"@type":"WebSite","@id":"https:\/\/penosil.com\/pl\/#website","url":"https:\/\/penosil.com\/pl\/","name":"PENOSIL Polska","description":"","potentialAction":[{"@type":"SearchAction","target":{"@type":"EntryPoint","urlTemplate":"https:\/\/penosil.com\/pl\/?s={search_term_string}"},"query-input":{"@type":"PropertyValueSpecification","valueRequired":true,"valueName":"search_term_string"}}],"inLanguage":"pl-PL"}]}},"featured_img":"https:\/\/penosil.com\/pl\/wp-content\/uploads\/sites\/39\/2023\/12\/315c_-Universal_Silicone_315c_-CZPLSK.png","coauthors":[],"author_meta":{"author_link":"https:\/\/penosil.com\/pl\/author\/kristin\/","display_name":"kristin"},"relative_dates":{"created":"Posted 2 lata ago","modified":"Updated 5 miesi\u0119cy ago"},"absolute_dates":{"created":"Posted on 22\/12\/2023","modified":"Updated on 18\/11\/2025"},"absolute_dates_time":{"created":"Posted on 22\/12\/2023 11:34","modified":"Updated on 18\/11\/2025 19:08"},"featured_img_caption":"","tax_additional":{"product_brand":{"linked":[],"unlinked":[],"slug":"product_brand","name":"Marki"},"product_type":{"linked":["<a href=\"https:\/\/penosil.com\/pl\/?taxonomy=product_type&#038;term=variable\" class=\"advgb-post-tax-term\">variable<\/a>"],"unlinked":["<span class=\"advgb-post-tax-term\">variable<\/span>"],"slug":"product_type","name":"Typ produktu"},"product_visibility":{"linked":[],"unlinked":[],"slug":"product_visibility","name":"Widoczno\u015b\u0107 produktu"},"product_cat":{"linked":["<a href=\"https:\/\/penosil.com\/pl\/kategoria-produktu\/obszary-zastosowania\/\" class=\"advgb-post-tax-term\">Obszary zastosowania<\/a>","<a href=\"https:\/\/penosil.com\/pl\/kategoria-produktu\/obszary-zastosowania\/budownictwo-ogolne\/\" class=\"advgb-post-tax-term\">Budownictwo og\u00f3lne<\/a>","<a href=\"https:\/\/penosil.com\/pl\/kategoria-produktu\/grupy-produktowe\/\" class=\"advgb-post-tax-term\">Grupy produktowe<\/a>","<a href=\"https:\/\/penosil.com\/pl\/kategoria-produktu\/grupy-produktowe\/uszczelniacze\/\" class=\"advgb-post-tax-term\">Uszczelniacze<\/a>","<a href=\"https:\/\/penosil.com\/pl\/kategoria-produktu\/grupy-produktowe\/uszczelniacze\/silikony-kwasne\/\" class=\"advgb-post-tax-term\">Silikony kwa\u015bne<\/a>"],"unlinked":["<span class=\"advgb-post-tax-term\">Obszary zastosowania<\/span>","<span class=\"advgb-post-tax-term\">Budownictwo og\u00f3lne<\/span>","<span class=\"advgb-post-tax-term\">Grupy produktowe<\/span>","<span class=\"advgb-post-tax-term\">Uszczelniacze<\/span>","<span class=\"advgb-post-tax-term\">Silikony kwa\u015bne<\/span>"],"slug":"product_cat","name":"Kategorie produkt\u00f3w"},"product_tag":{"linked":[],"unlinked":[],"slug":"product_tag","name":"Znaczniki produktu"},"product_shipping_class":{"linked":[],"unlinked":[],"slug":"product_shipping_class","name":"Klasy wysy\u0142kowe produktu"},"pos_product_visibility":{"linked":[],"unlinked":[],"slug":"pos_product_visibility","name":"Widoczno\u015b\u0107 produktu w punkcie sprzeda\u017cy (POS)"},"pa_kolor":{"linked":["<a href=\"https:\/\/penosil.com\/pl\/?taxonomy=pa_kolor&#038;term=bialy\" class=\"advgb-post-tax-term\">Bia\u0142y<\/a>","<a href=\"https:\/\/penosil.com\/pl\/?taxonomy=pa_kolor&#038;term=bezowy\" class=\"advgb-post-tax-term\">Be\u017cowy<\/a>","<a href=\"https:\/\/penosil.com\/pl\/?taxonomy=pa_kolor&#038;term=brazowy\" class=\"advgb-post-tax-term\">Br\u0105zowy<\/a>","<a href=\"https:\/\/penosil.com\/pl\/?taxonomy=pa_kolor&#038;term=czarny\" class=\"advgb-post-tax-term\">Czarny<\/a>","<a href=\"https:\/\/penosil.com\/pl\/?taxonomy=pa_kolor&#038;term=szary\" class=\"advgb-post-tax-term\">Szary<\/a>","<a href=\"https:\/\/penosil.com\/pl\/?taxonomy=pa_kolor&#038;term=transparentny\" class=\"advgb-post-tax-term\">Transparentny<\/a>"],"unlinked":["<span class=\"advgb-post-tax-term\">Bia\u0142y<\/span>","<span class=\"advgb-post-tax-term\">Be\u017cowy<\/span>","<span class=\"advgb-post-tax-term\">Br\u0105zowy<\/span>","<span class=\"advgb-post-tax-term\">Czarny<\/span>","<span class=\"advgb-post-tax-term\">Szary<\/span>","<span class=\"advgb-post-tax-term\">Transparentny<\/span>"],"slug":"pa_kolor","name":"Product Kolor"},"pa_opakowanie":{"linked":["<a href=\"https:\/\/penosil.com\/pl\/?taxonomy=pa_opakowanie&#038;term=280-ml-2-pl\" class=\"advgb-post-tax-term\">280 ml<\/a>"],"unlinked":["<span class=\"advgb-post-tax-term\">280 ml<\/span>"],"slug":"pa_opakowanie","name":"Product Opakowanie"},"pa_rolka":{"linked":[],"unlinked":[],"slug":"pa_rolka","name":"Product Rolka"},"pa_srednica":{"linked":[],"unlinked":[],"slug":"pa_srednica","name":"Product \u015arednica"},"pa_szerokosc":{"linked":[],"unlinked":[],"slug":"pa_szerokosc","name":"Product Szeroko\u015b\u0107"},"translation_priority":{"linked":["<a href=\"https:\/\/penosil.com\/pl\/?taxonomy=translation_priority&#038;term=opcjonalne\" class=\"advgb-post-tax-term\">Opcjonalne<\/a>"],"unlinked":["<span class=\"advgb-post-tax-term\">Opcjonalne<\/span>"],"slug":"translation_priority","name":"Priorytety t\u0142umaczenia"}},"series_order":"","_links":{"self":[{"href":"https:\/\/penosil.com\/pl\/wp-json\/wp\/v2\/product\/36002","targetHints":{"allow":["GET"]}}],"collection":[{"href":"https:\/\/penosil.com\/pl\/wp-json\/wp\/v2\/product"}],"about":[{"href":"https:\/\/penosil.com\/pl\/wp-json\/wp\/v2\/types\/product"}],"version-history":[{"count":6,"href":"https:\/\/penosil.com\/pl\/wp-json\/wp\/v2\/product\/36002\/revisions"}],"predecessor-version":[{"id":38276,"href":"https:\/\/penosil.com\/pl\/wp-json\/wp\/v2\/product\/36002\/revisions\/38276"}],"wp:featuredmedia":[{"embeddable":true,"href":"https:\/\/penosil.com\/pl\/wp-json\/wp\/v2\/media\/37200"}],"wp:attachment":[{"href":"https:\/\/penosil.com\/pl\/wp-json\/wp\/v2\/media?parent=36002"}],"wp:term":[{"taxonomy":"product_brand","embeddable":true,"href":"https:\/\/penosil.com\/pl\/wp-json\/wp\/v2\/product_brand?post=36002"},{"taxonomy":"product_cat","embeddable":true,"href":"https:\/\/penosil.com\/pl\/wp-json\/wp\/v2\/product_cat?post=36002"},{"taxonomy":"product_tag","embeddable":true,"href":"https:\/\/penosil.com\/pl\/wp-json\/wp\/v2\/product_tag?post=36002"}],"curies":[{"name":"wp","href":"https:\/\/api.w.org\/{rel}","templated":true}]}}