{"id":36052,"date":"2023-12-15T14:28:09","date_gmt":"2023-12-15T14:28:09","guid":{"rendered":"https:\/\/penosil.rktv.ee\/pl\/product\/elastic-sanitary-silicone\/"},"modified":"2025-11-18T21:20:10","modified_gmt":"2025-11-18T19:20:10","slug":"plesni-stop-silikon-sanitarny","status":"publish","type":"product","link":"https:\/\/penosil.com\/pl\/produkt\/plesni-stop-silikon-sanitarny\/","title":{"rendered":"Mould STOP Silicone 303"},"content":{"rendered":"<p>PENOSIL Mould STOP Silicone 303 to wielofunkcyjny, elastyczny uszczelniacz silikonowy acetylo-silikonowy przeznaczony do prac uszczelniaj\u0105cych i wype\u0142niaj\u0105cych w \u0142azienkach, kuchniach oraz innych pomieszczeniach nara\u017conych na wilgo\u0107. Wysokiej jako\u015bci formu\u0142a gwarantuje powierzchnie wolne od ple\u015bni i bakterii przez d\u0142ugi czas.<\/p>\n","protected":false},"excerpt":{"rendered":"Ple\u015bni STOP silikon sanitarny","protected":false},"author":22,"featured_media":37176,"template":"","meta":{"_acf_changed":false,"advgb_blocks_editor_width":"","advgb_blocks_columns_visual_guide":"","footnotes":""},"product_brand":[],"product_cat":[2848,2850,2859,2867,2868],"product_tag":[],"class_list":{"0":"post-36052","1":"product","2":"type-product","3":"status-publish","4":"has-post-thumbnail","6":"product_cat-obszary-zastosowania","7":"product_cat-grupy-produktowe","8":"product_cat-sanitarne","9":"product_cat-uszczelniacze","10":"product_cat-silikony-kwasne","12":"first","13":"instock","14":"taxable","15":"shipping-taxable","16":"purchasable","17":"product-type-variable","18":"has-default-attributes"},"acf":[],"yoast_head":"<!-- This site is optimized with the Yoast SEO plugin v27.2 - https:\/\/yoast.com\/product\/yoast-seo-wordpress\/ -->\n<title>PENOSIL Mould STOP Silicone 303 - Ple\u015bni STOP silikon sanitarny<\/title>\n<meta name=\"description\" content=\"PENOSIL Mould STOP Silicone 303 \u2013 elastyczny silikon sanitarny do prac uszczelniaj\u0105cych i wype\u0142niaj\u0105cych w wilgotnych pomieszczeniach.\" \/>\n<meta name=\"robots\" content=\"index, follow, max-snippet:-1, max-image-preview:large, max-video-preview:-1\" \/>\n<link rel=\"canonical\" href=\"https:\/\/penosil.com\/pl\/produkt\/plesni-stop-silikon-sanitarny\/\" \/>\n<meta property=\"og:locale\" content=\"pl_PL\" \/>\n<meta property=\"og:type\" content=\"article\" \/>\n<meta property=\"og:title\" content=\"PENOSIL Mould STOP Silicone 303 - Ple\u015bni STOP silikon sanitarny\" \/>\n<meta property=\"og:description\" content=\"PENOSIL Mould STOP Silicone 303 \u2013 elastyczny silikon sanitarny do prac uszczelniaj\u0105cych i wype\u0142niaj\u0105cych w wilgotnych pomieszczeniach.\" \/>\n<meta property=\"og:url\" content=\"https:\/\/penosil.com\/pl\/produkt\/plesni-stop-silikon-sanitarny\/\" \/>\n<meta property=\"og:site_name\" content=\"PENOSIL Polska\" \/>\n<meta property=\"article:modified_time\" content=\"2025-11-18T19:20:10+00:00\" \/>\n<meta property=\"og:image\" content=\"https:\/\/penosil.com\/pl\/wp-content\/uploads\/sites\/39\/2023\/12\/303_Mould_STOP_Silicone_303_CZPLSK.png\" \/>\n\t<meta property=\"og:image:width\" content=\"387\" \/>\n\t<meta property=\"og:image:height\" content=\"1080\" \/>\n\t<meta property=\"og:image:type\" content=\"image\/png\" \/>\n<meta name=\"twitter:card\" content=\"summary_large_image\" \/>\n<meta name=\"twitter:label1\" content=\"Szacowany czas czytania\" \/>\n\t<meta name=\"twitter:data1\" content=\"4 minuty\" \/>\n<script type=\"application\/ld+json\" class=\"yoast-schema-graph\">{\"@context\":\"https:\/\/schema.org\",\"@graph\":[{\"@type\":\"WebPage\",\"@id\":\"https:\/\/penosil.com\/pl\/produkt\/plesni-stop-silikon-sanitarny\/\",\"url\":\"https:\/\/penosil.com\/pl\/produkt\/plesni-stop-silikon-sanitarny\/\",\"name\":\"PENOSIL Mould STOP Silicone 303 - Ple\u015bni STOP silikon sanitarny\",\"isPartOf\":{\"@id\":\"https:\/\/penosil.com\/pl\/#website\"},\"primaryImageOfPage\":{\"@id\":\"https:\/\/penosil.com\/pl\/produkt\/plesni-stop-silikon-sanitarny\/#primaryimage\"},\"image\":{\"@id\":\"https:\/\/penosil.com\/pl\/produkt\/plesni-stop-silikon-sanitarny\/#primaryimage\"},\"thumbnailUrl\":\"https:\/\/penosil.com\/pl\/wp-content\/uploads\/sites\/39\/2023\/12\/303_Mould_STOP_Silicone_303_CZPLSK.png\",\"datePublished\":\"2023-12-15T14:28:09+00:00\",\"dateModified\":\"2025-11-18T19:20:10+00:00\",\"description\":\"PENOSIL Mould STOP Silicone 303 \u2013 elastyczny silikon sanitarny do prac uszczelniaj\u0105cych i wype\u0142niaj\u0105cych w wilgotnych pomieszczeniach.\",\"breadcrumb\":{\"@id\":\"https:\/\/penosil.com\/pl\/produkt\/plesni-stop-silikon-sanitarny\/#breadcrumb\"},\"inLanguage\":\"pl-PL\",\"potentialAction\":[{\"@type\":\"ReadAction\",\"target\":[\"https:\/\/penosil.com\/pl\/produkt\/plesni-stop-silikon-sanitarny\/\"]}]},{\"@type\":\"ImageObject\",\"inLanguage\":\"pl-PL\",\"@id\":\"https:\/\/penosil.com\/pl\/produkt\/plesni-stop-silikon-sanitarny\/#primaryimage\",\"url\":\"https:\/\/penosil.com\/pl\/wp-content\/uploads\/sites\/39\/2023\/12\/303_Mould_STOP_Silicone_303_CZPLSK.png\",\"contentUrl\":\"https:\/\/penosil.com\/pl\/wp-content\/uploads\/sites\/39\/2023\/12\/303_Mould_STOP_Silicone_303_CZPLSK.png\",\"width\":387,\"height\":1080},{\"@type\":\"BreadcrumbList\",\"@id\":\"https:\/\/penosil.com\/pl\/produkt\/plesni-stop-silikon-sanitarny\/#breadcrumb\",\"itemListElement\":[{\"@type\":\"ListItem\",\"position\":1,\"name\":\"Home\",\"item\":\"https:\/\/penosil.com\/pl\/\"},{\"@type\":\"ListItem\",\"position\":2,\"name\":\"Produkty\",\"item\":\"https:\/\/penosil.com\/pl\/produkty\/\"},{\"@type\":\"ListItem\",\"position\":3,\"name\":\"Mould STOP Silicone 303\"}]},{\"@type\":\"WebSite\",\"@id\":\"https:\/\/penosil.com\/pl\/#website\",\"url\":\"https:\/\/penosil.com\/pl\/\",\"name\":\"PENOSIL Polska\",\"description\":\"\",\"potentialAction\":[{\"@type\":\"SearchAction\",\"target\":{\"@type\":\"EntryPoint\",\"urlTemplate\":\"https:\/\/penosil.com\/pl\/?s={search_term_string}\"},\"query-input\":{\"@type\":\"PropertyValueSpecification\",\"valueRequired\":true,\"valueName\":\"search_term_string\"}}],\"inLanguage\":\"pl-PL\"}]}<\/script>\n<!-- \/ Yoast SEO plugin. -->","yoast_head_json":{"title":"PENOSIL Mould STOP Silicone 303 - Ple\u015bni STOP silikon sanitarny","description":"PENOSIL Mould STOP Silicone 303 \u2013 elastyczny silikon sanitarny do prac uszczelniaj\u0105cych i wype\u0142niaj\u0105cych w wilgotnych pomieszczeniach.","robots":{"index":"index","follow":"follow","max-snippet":"max-snippet:-1","max-image-preview":"max-image-preview:large","max-video-preview":"max-video-preview:-1"},"canonical":"https:\/\/penosil.com\/pl\/produkt\/plesni-stop-silikon-sanitarny\/","og_locale":"pl_PL","og_type":"article","og_title":"PENOSIL Mould STOP Silicone 303 - Ple\u015bni STOP silikon sanitarny","og_description":"PENOSIL Mould STOP Silicone 303 \u2013 elastyczny silikon sanitarny do prac uszczelniaj\u0105cych i wype\u0142niaj\u0105cych w wilgotnych pomieszczeniach.","og_url":"https:\/\/penosil.com\/pl\/produkt\/plesni-stop-silikon-sanitarny\/","og_site_name":"PENOSIL Polska","article_modified_time":"2025-11-18T19:20:10+00:00","og_image":[{"width":387,"height":1080,"url":"https:\/\/penosil.com\/pl\/wp-content\/uploads\/sites\/39\/2023\/12\/303_Mould_STOP_Silicone_303_CZPLSK.png","type":"image\/png"}],"twitter_card":"summary_large_image","twitter_misc":{"Szacowany czas czytania":"4 minuty"},"schema":{"@context":"https:\/\/schema.org","@graph":[{"@type":"WebPage","@id":"https:\/\/penosil.com\/pl\/produkt\/plesni-stop-silikon-sanitarny\/","url":"https:\/\/penosil.com\/pl\/produkt\/plesni-stop-silikon-sanitarny\/","name":"PENOSIL Mould STOP Silicone 303 - Ple\u015bni STOP silikon sanitarny","isPartOf":{"@id":"https:\/\/penosil.com\/pl\/#website"},"primaryImageOfPage":{"@id":"https:\/\/penosil.com\/pl\/produkt\/plesni-stop-silikon-sanitarny\/#primaryimage"},"image":{"@id":"https:\/\/penosil.com\/pl\/produkt\/plesni-stop-silikon-sanitarny\/#primaryimage"},"thumbnailUrl":"https:\/\/penosil.com\/pl\/wp-content\/uploads\/sites\/39\/2023\/12\/303_Mould_STOP_Silicone_303_CZPLSK.png","datePublished":"2023-12-15T14:28:09+00:00","dateModified":"2025-11-18T19:20:10+00:00","description":"PENOSIL Mould STOP Silicone 303 \u2013 elastyczny silikon sanitarny do prac uszczelniaj\u0105cych i wype\u0142niaj\u0105cych w wilgotnych pomieszczeniach.","breadcrumb":{"@id":"https:\/\/penosil.com\/pl\/produkt\/plesni-stop-silikon-sanitarny\/#breadcrumb"},"inLanguage":"pl-PL","potentialAction":[{"@type":"ReadAction","target":["https:\/\/penosil.com\/pl\/produkt\/plesni-stop-silikon-sanitarny\/"]}]},{"@type":"ImageObject","inLanguage":"pl-PL","@id":"https:\/\/penosil.com\/pl\/produkt\/plesni-stop-silikon-sanitarny\/#primaryimage","url":"https:\/\/penosil.com\/pl\/wp-content\/uploads\/sites\/39\/2023\/12\/303_Mould_STOP_Silicone_303_CZPLSK.png","contentUrl":"https:\/\/penosil.com\/pl\/wp-content\/uploads\/sites\/39\/2023\/12\/303_Mould_STOP_Silicone_303_CZPLSK.png","width":387,"height":1080},{"@type":"BreadcrumbList","@id":"https:\/\/penosil.com\/pl\/produkt\/plesni-stop-silikon-sanitarny\/#breadcrumb","itemListElement":[{"@type":"ListItem","position":1,"name":"Home","item":"https:\/\/penosil.com\/pl\/"},{"@type":"ListItem","position":2,"name":"Produkty","item":"https:\/\/penosil.com\/pl\/produkty\/"},{"@type":"ListItem","position":3,"name":"Mould STOP Silicone 303"}]},{"@type":"WebSite","@id":"https:\/\/penosil.com\/pl\/#website","url":"https:\/\/penosil.com\/pl\/","name":"PENOSIL Polska","description":"","potentialAction":[{"@type":"SearchAction","target":{"@type":"EntryPoint","urlTemplate":"https:\/\/penosil.com\/pl\/?s={search_term_string}"},"query-input":{"@type":"PropertyValueSpecification","valueRequired":true,"valueName":"search_term_string"}}],"inLanguage":"pl-PL"}]}},"featured_img":"https:\/\/penosil.com\/pl\/wp-content\/uploads\/sites\/39\/2023\/12\/303_Mould_STOP_Silicone_303_CZPLSK.png","coauthors":[],"author_meta":{"author_link":"https:\/\/penosil.com\/pl\/author\/kristin\/","display_name":"kristin"},"relative_dates":{"created":"Posted 2 lata ago","modified":"Updated 5 miesi\u0119cy ago"},"absolute_dates":{"created":"Posted on 15\/12\/2023","modified":"Updated on 18\/11\/2025"},"absolute_dates_time":{"created":"Posted on 15\/12\/2023 14:28","modified":"Updated on 18\/11\/2025 21:20"},"featured_img_caption":"","tax_additional":{"product_brand":{"linked":[],"unlinked":[],"slug":"product_brand","name":"Marki"},"product_type":{"linked":["<a href=\"https:\/\/penosil.com\/pl\/?taxonomy=product_type&#038;term=variable\" class=\"advgb-post-tax-term\">variable<\/a>"],"unlinked":["<span class=\"advgb-post-tax-term\">variable<\/span>"],"slug":"product_type","name":"Typ produktu"},"product_visibility":{"linked":[],"unlinked":[],"slug":"product_visibility","name":"Widoczno\u015b\u0107 produktu"},"product_cat":{"linked":["<a href=\"https:\/\/penosil.com\/pl\/kategoria-produktu\/obszary-zastosowania\/\" class=\"advgb-post-tax-term\">Obszary zastosowania<\/a>","<a href=\"https:\/\/penosil.com\/pl\/kategoria-produktu\/grupy-produktowe\/\" class=\"advgb-post-tax-term\">Grupy produktowe<\/a>","<a href=\"https:\/\/penosil.com\/pl\/kategoria-produktu\/obszary-zastosowania\/sanitarne\/\" class=\"advgb-post-tax-term\">Sanitarne<\/a>","<a href=\"https:\/\/penosil.com\/pl\/kategoria-produktu\/grupy-produktowe\/uszczelniacze\/\" class=\"advgb-post-tax-term\">Uszczelniacze<\/a>","<a href=\"https:\/\/penosil.com\/pl\/kategoria-produktu\/grupy-produktowe\/uszczelniacze\/silikony-kwasne\/\" class=\"advgb-post-tax-term\">Silikony kwa\u015bne<\/a>"],"unlinked":["<span class=\"advgb-post-tax-term\">Obszary zastosowania<\/span>","<span class=\"advgb-post-tax-term\">Grupy produktowe<\/span>","<span class=\"advgb-post-tax-term\">Sanitarne<\/span>","<span class=\"advgb-post-tax-term\">Uszczelniacze<\/span>","<span class=\"advgb-post-tax-term\">Silikony kwa\u015bne<\/span>"],"slug":"product_cat","name":"Kategorie produkt\u00f3w"},"product_tag":{"linked":[],"unlinked":[],"slug":"product_tag","name":"Znaczniki produktu"},"product_shipping_class":{"linked":[],"unlinked":[],"slug":"product_shipping_class","name":"Klasy wysy\u0142kowe produktu"},"pos_product_visibility":{"linked":[],"unlinked":[],"slug":"pos_product_visibility","name":"Widoczno\u015b\u0107 produktu w punkcie sprzeda\u017cy (POS)"},"pa_kolor":{"linked":["<a href=\"https:\/\/penosil.com\/pl\/?taxonomy=pa_kolor&#038;term=transparentny\" class=\"advgb-post-tax-term\">Transparentny<\/a>","<a href=\"https:\/\/penosil.com\/pl\/?taxonomy=pa_kolor&#038;term=bialy\" class=\"advgb-post-tax-term\">Bia\u0142y<\/a>"],"unlinked":["<span class=\"advgb-post-tax-term\">Transparentny<\/span>","<span class=\"advgb-post-tax-term\">Bia\u0142y<\/span>"],"slug":"pa_kolor","name":"Product Kolor"},"pa_opakowanie":{"linked":["<a href=\"https:\/\/penosil.com\/pl\/?taxonomy=pa_opakowanie&#038;term=280-ml-2-pl\" class=\"advgb-post-tax-term\">280 ml<\/a>"],"unlinked":["<span class=\"advgb-post-tax-term\">280 ml<\/span>"],"slug":"pa_opakowanie","name":"Product Opakowanie"},"pa_rolka":{"linked":[],"unlinked":[],"slug":"pa_rolka","name":"Product Rolka"},"pa_srednica":{"linked":[],"unlinked":[],"slug":"pa_srednica","name":"Product \u015arednica"},"pa_szerokosc":{"linked":[],"unlinked":[],"slug":"pa_szerokosc","name":"Product Szeroko\u015b\u0107"},"translation_priority":{"linked":["<a href=\"https:\/\/penosil.com\/pl\/?taxonomy=translation_priority&#038;term=opcjonalne\" class=\"advgb-post-tax-term\">Opcjonalne<\/a>"],"unlinked":["<span class=\"advgb-post-tax-term\">Opcjonalne<\/span>"],"slug":"translation_priority","name":"Priorytety t\u0142umaczenia"}},"series_order":"","_links":{"self":[{"href":"https:\/\/penosil.com\/pl\/wp-json\/wp\/v2\/product\/36052","targetHints":{"allow":["GET"]}}],"collection":[{"href":"https:\/\/penosil.com\/pl\/wp-json\/wp\/v2\/product"}],"about":[{"href":"https:\/\/penosil.com\/pl\/wp-json\/wp\/v2\/types\/product"}],"version-history":[{"count":9,"href":"https:\/\/penosil.com\/pl\/wp-json\/wp\/v2\/product\/36052\/revisions"}],"predecessor-version":[{"id":38307,"href":"https:\/\/penosil.com\/pl\/wp-json\/wp\/v2\/product\/36052\/revisions\/38307"}],"wp:featuredmedia":[{"embeddable":true,"href":"https:\/\/penosil.com\/pl\/wp-json\/wp\/v2\/media\/37176"}],"wp:attachment":[{"href":"https:\/\/penosil.com\/pl\/wp-json\/wp\/v2\/media?parent=36052"}],"wp:term":[{"taxonomy":"product_brand","embeddable":true,"href":"https:\/\/penosil.com\/pl\/wp-json\/wp\/v2\/product_brand?post=36052"},{"taxonomy":"product_cat","embeddable":true,"href":"https:\/\/penosil.com\/pl\/wp-json\/wp\/v2\/product_cat?post=36052"},{"taxonomy":"product_tag","embeddable":true,"href":"https:\/\/penosil.com\/pl\/wp-json\/wp\/v2\/product_tag?post=36052"}],"curies":[{"name":"wp","href":"https:\/\/api.w.org\/{rel}","templated":true}]}}