{"id":36274,"date":"2023-04-11T08:43:36","date_gmt":"2023-04-11T08:43:36","guid":{"rendered":"https:\/\/penosil.rktv.ee\/pl\/product\/multipurpose-exterior-sealant\/"},"modified":"2025-11-18T20:10:22","modified_gmt":"2025-11-18T18:10:22","slug":"uszczelniacz-dekarski-bitumiczny","status":"publish","type":"product","link":"https:\/\/penosil.com\/pl\/produkt\/uszczelniacz-dekarski-bitumiczny\/","title":{"rendered":"Bitumen Roof Sealant 939"},"content":{"rendered":"<p>PENOSIL Bitumen Roof Sealant 939 to wielofunkcyjny uszczelniacz dekarsko-bitumiczny na bazie rozpuszczalnika, przeznaczony do r\u00f3\u017cnorodnych prac uszczelniaj\u0105cych i naprawczych na zewn\u0105trz. Dzi\u0119ki doskona\u0142ej przyczepno\u015bci do wielu powierzchni, nawet bitumicznych oraz wilgotnych, produkt ten sprawdza si\u0119 w najbardziej wymagaj\u0105cych zastosowaniach. Wysoka lepko\u015b\u0107 i szybki czas tworzenia nask\u00f3rka czyni\u0105 go wyj\u0105tkowo uniwersalnym rozwi\u0105zaniem do zastosowa\u0144 zewn\u0119trznych.<\/p>\n","protected":false},"excerpt":{"rendered":"Uszczelniacz dekarski bitumiczny","protected":false},"author":22,"featured_media":37352,"template":"","meta":{"_acf_changed":false,"advgb_blocks_editor_width":"","advgb_blocks_columns_visual_guide":"","footnotes":""},"product_brand":[],"product_cat":[2848,2850,2853,2867,2872],"product_tag":[],"class_list":{"0":"post-36274","1":"product","2":"type-product","3":"status-publish","4":"has-post-thumbnail","6":"product_cat-obszary-zastosowania","7":"product_cat-grupy-produktowe","8":"product_cat-dachy-i-fasady","9":"product_cat-uszczelniacze","10":"product_cat-uszczelniacze-specjalne","12":"first","13":"instock","14":"taxable","15":"shipping-taxable","16":"purchasable","17":"product-type-simple"},"acf":[],"yoast_head":"<!-- This site is optimized with the Yoast SEO plugin v27.2 - https:\/\/yoast.com\/product\/yoast-seo-wordpress\/ -->\n<title>PENOSIL Bitumen Roof Sealant 939 - Uszczelniacz dekarski<\/title>\n<meta name=\"description\" content=\"PENOSIL Bitumen Roof Sealant 939 \u2013 uniwersalny uszczelniacz bitumiczny do zastosowa\u0144 zewn\u0119trznych, idealny do wszelkich prac uszczelniaj\u0105cych i naprawczych.\" \/>\n<meta name=\"robots\" content=\"index, follow, max-snippet:-1, max-image-preview:large, max-video-preview:-1\" \/>\n<link rel=\"canonical\" href=\"https:\/\/penosil.com\/pl\/produkt\/uszczelniacz-dekarski-bitumiczny\/\" \/>\n<meta property=\"og:locale\" content=\"pl_PL\" \/>\n<meta property=\"og:type\" content=\"article\" \/>\n<meta property=\"og:title\" content=\"PENOSIL Bitumen Roof Sealant 939 - Uszczelniacz dekarski\" \/>\n<meta property=\"og:description\" content=\"PENOSIL Bitumen Roof Sealant 939 \u2013 uniwersalny uszczelniacz bitumiczny do zastosowa\u0144 zewn\u0119trznych, idealny do wszelkich prac uszczelniaj\u0105cych i naprawczych.\" \/>\n<meta property=\"og:url\" content=\"https:\/\/penosil.com\/pl\/produkt\/uszczelniacz-dekarski-bitumiczny\/\" \/>\n<meta property=\"og:site_name\" content=\"PENOSIL Polska\" \/>\n<meta property=\"article:modified_time\" content=\"2025-11-18T18:10:22+00:00\" \/>\n<meta property=\"og:image\" content=\"https:\/\/penosil.com\/pl\/wp-content\/uploads\/sites\/39\/2023\/04\/939_Bitumen_Roof_Sealant_939_CZPLSK-1.png\" \/>\n\t<meta property=\"og:image:width\" content=\"387\" \/>\n\t<meta property=\"og:image:height\" content=\"1080\" \/>\n\t<meta property=\"og:image:type\" content=\"image\/png\" \/>\n<meta name=\"twitter:card\" content=\"summary_large_image\" \/>\n<meta name=\"twitter:label1\" content=\"Szacowany czas czytania\" \/>\n\t<meta name=\"twitter:data1\" content=\"4 minuty\" \/>\n<script type=\"application\/ld+json\" class=\"yoast-schema-graph\">{\"@context\":\"https:\/\/schema.org\",\"@graph\":[{\"@type\":\"WebPage\",\"@id\":\"https:\/\/penosil.com\/pl\/produkt\/uszczelniacz-dekarski-bitumiczny\/\",\"url\":\"https:\/\/penosil.com\/pl\/produkt\/uszczelniacz-dekarski-bitumiczny\/\",\"name\":\"PENOSIL Bitumen Roof Sealant 939 - Uszczelniacz dekarski\",\"isPartOf\":{\"@id\":\"https:\/\/penosil.com\/pl\/#website\"},\"primaryImageOfPage\":{\"@id\":\"https:\/\/penosil.com\/pl\/produkt\/uszczelniacz-dekarski-bitumiczny\/#primaryimage\"},\"image\":{\"@id\":\"https:\/\/penosil.com\/pl\/produkt\/uszczelniacz-dekarski-bitumiczny\/#primaryimage\"},\"thumbnailUrl\":\"https:\/\/penosil.com\/pl\/wp-content\/uploads\/sites\/39\/2023\/04\/939_Bitumen_Roof_Sealant_939_CZPLSK-1.png\",\"datePublished\":\"2023-04-11T08:43:36+00:00\",\"dateModified\":\"2025-11-18T18:10:22+00:00\",\"description\":\"PENOSIL Bitumen Roof Sealant 939 \u2013 uniwersalny uszczelniacz bitumiczny do zastosowa\u0144 zewn\u0119trznych, idealny do wszelkich prac uszczelniaj\u0105cych i naprawczych.\",\"breadcrumb\":{\"@id\":\"https:\/\/penosil.com\/pl\/produkt\/uszczelniacz-dekarski-bitumiczny\/#breadcrumb\"},\"inLanguage\":\"pl-PL\",\"potentialAction\":[{\"@type\":\"ReadAction\",\"target\":[\"https:\/\/penosil.com\/pl\/produkt\/uszczelniacz-dekarski-bitumiczny\/\"]}]},{\"@type\":\"ImageObject\",\"inLanguage\":\"pl-PL\",\"@id\":\"https:\/\/penosil.com\/pl\/produkt\/uszczelniacz-dekarski-bitumiczny\/#primaryimage\",\"url\":\"https:\/\/penosil.com\/pl\/wp-content\/uploads\/sites\/39\/2023\/04\/939_Bitumen_Roof_Sealant_939_CZPLSK-1.png\",\"contentUrl\":\"https:\/\/penosil.com\/pl\/wp-content\/uploads\/sites\/39\/2023\/04\/939_Bitumen_Roof_Sealant_939_CZPLSK-1.png\",\"width\":387,\"height\":1080},{\"@type\":\"BreadcrumbList\",\"@id\":\"https:\/\/penosil.com\/pl\/produkt\/uszczelniacz-dekarski-bitumiczny\/#breadcrumb\",\"itemListElement\":[{\"@type\":\"ListItem\",\"position\":1,\"name\":\"Home\",\"item\":\"https:\/\/penosil.com\/pl\/\"},{\"@type\":\"ListItem\",\"position\":2,\"name\":\"Produkty\",\"item\":\"https:\/\/penosil.com\/pl\/produkty\/\"},{\"@type\":\"ListItem\",\"position\":3,\"name\":\"Bitumen Roof Sealant 939\"}]},{\"@type\":\"WebSite\",\"@id\":\"https:\/\/penosil.com\/pl\/#website\",\"url\":\"https:\/\/penosil.com\/pl\/\",\"name\":\"PENOSIL Polska\",\"description\":\"\",\"potentialAction\":[{\"@type\":\"SearchAction\",\"target\":{\"@type\":\"EntryPoint\",\"urlTemplate\":\"https:\/\/penosil.com\/pl\/?s={search_term_string}\"},\"query-input\":{\"@type\":\"PropertyValueSpecification\",\"valueRequired\":true,\"valueName\":\"search_term_string\"}}],\"inLanguage\":\"pl-PL\"}]}<\/script>\n<!-- \/ Yoast SEO plugin. -->","yoast_head_json":{"title":"PENOSIL Bitumen Roof Sealant 939 - Uszczelniacz dekarski","description":"PENOSIL Bitumen Roof Sealant 939 \u2013 uniwersalny uszczelniacz bitumiczny do zastosowa\u0144 zewn\u0119trznych, idealny do wszelkich prac uszczelniaj\u0105cych i naprawczych.","robots":{"index":"index","follow":"follow","max-snippet":"max-snippet:-1","max-image-preview":"max-image-preview:large","max-video-preview":"max-video-preview:-1"},"canonical":"https:\/\/penosil.com\/pl\/produkt\/uszczelniacz-dekarski-bitumiczny\/","og_locale":"pl_PL","og_type":"article","og_title":"PENOSIL Bitumen Roof Sealant 939 - Uszczelniacz dekarski","og_description":"PENOSIL Bitumen Roof Sealant 939 \u2013 uniwersalny uszczelniacz bitumiczny do zastosowa\u0144 zewn\u0119trznych, idealny do wszelkich prac uszczelniaj\u0105cych i naprawczych.","og_url":"https:\/\/penosil.com\/pl\/produkt\/uszczelniacz-dekarski-bitumiczny\/","og_site_name":"PENOSIL Polska","article_modified_time":"2025-11-18T18:10:22+00:00","og_image":[{"width":387,"height":1080,"url":"https:\/\/penosil.com\/pl\/wp-content\/uploads\/sites\/39\/2023\/04\/939_Bitumen_Roof_Sealant_939_CZPLSK-1.png","type":"image\/png"}],"twitter_card":"summary_large_image","twitter_misc":{"Szacowany czas czytania":"4 minuty"},"schema":{"@context":"https:\/\/schema.org","@graph":[{"@type":"WebPage","@id":"https:\/\/penosil.com\/pl\/produkt\/uszczelniacz-dekarski-bitumiczny\/","url":"https:\/\/penosil.com\/pl\/produkt\/uszczelniacz-dekarski-bitumiczny\/","name":"PENOSIL Bitumen Roof Sealant 939 - Uszczelniacz dekarski","isPartOf":{"@id":"https:\/\/penosil.com\/pl\/#website"},"primaryImageOfPage":{"@id":"https:\/\/penosil.com\/pl\/produkt\/uszczelniacz-dekarski-bitumiczny\/#primaryimage"},"image":{"@id":"https:\/\/penosil.com\/pl\/produkt\/uszczelniacz-dekarski-bitumiczny\/#primaryimage"},"thumbnailUrl":"https:\/\/penosil.com\/pl\/wp-content\/uploads\/sites\/39\/2023\/04\/939_Bitumen_Roof_Sealant_939_CZPLSK-1.png","datePublished":"2023-04-11T08:43:36+00:00","dateModified":"2025-11-18T18:10:22+00:00","description":"PENOSIL Bitumen Roof Sealant 939 \u2013 uniwersalny uszczelniacz bitumiczny do zastosowa\u0144 zewn\u0119trznych, idealny do wszelkich prac uszczelniaj\u0105cych i naprawczych.","breadcrumb":{"@id":"https:\/\/penosil.com\/pl\/produkt\/uszczelniacz-dekarski-bitumiczny\/#breadcrumb"},"inLanguage":"pl-PL","potentialAction":[{"@type":"ReadAction","target":["https:\/\/penosil.com\/pl\/produkt\/uszczelniacz-dekarski-bitumiczny\/"]}]},{"@type":"ImageObject","inLanguage":"pl-PL","@id":"https:\/\/penosil.com\/pl\/produkt\/uszczelniacz-dekarski-bitumiczny\/#primaryimage","url":"https:\/\/penosil.com\/pl\/wp-content\/uploads\/sites\/39\/2023\/04\/939_Bitumen_Roof_Sealant_939_CZPLSK-1.png","contentUrl":"https:\/\/penosil.com\/pl\/wp-content\/uploads\/sites\/39\/2023\/04\/939_Bitumen_Roof_Sealant_939_CZPLSK-1.png","width":387,"height":1080},{"@type":"BreadcrumbList","@id":"https:\/\/penosil.com\/pl\/produkt\/uszczelniacz-dekarski-bitumiczny\/#breadcrumb","itemListElement":[{"@type":"ListItem","position":1,"name":"Home","item":"https:\/\/penosil.com\/pl\/"},{"@type":"ListItem","position":2,"name":"Produkty","item":"https:\/\/penosil.com\/pl\/produkty\/"},{"@type":"ListItem","position":3,"name":"Bitumen Roof Sealant 939"}]},{"@type":"WebSite","@id":"https:\/\/penosil.com\/pl\/#website","url":"https:\/\/penosil.com\/pl\/","name":"PENOSIL Polska","description":"","potentialAction":[{"@type":"SearchAction","target":{"@type":"EntryPoint","urlTemplate":"https:\/\/penosil.com\/pl\/?s={search_term_string}"},"query-input":{"@type":"PropertyValueSpecification","valueRequired":true,"valueName":"search_term_string"}}],"inLanguage":"pl-PL"}]}},"featured_img":"https:\/\/penosil.com\/pl\/wp-content\/uploads\/sites\/39\/2023\/04\/939_Bitumen_Roof_Sealant_939_CZPLSK-1.png","coauthors":[],"author_meta":{"author_link":"https:\/\/penosil.com\/pl\/author\/kristin\/","display_name":"kristin"},"relative_dates":{"created":"Posted 3 lata ago","modified":"Updated 5 miesi\u0119cy ago"},"absolute_dates":{"created":"Posted on 11\/04\/2023","modified":"Updated on 18\/11\/2025"},"absolute_dates_time":{"created":"Posted on 11\/04\/2023 08:43","modified":"Updated on 18\/11\/2025 20:10"},"featured_img_caption":"","tax_additional":{"product_brand":{"linked":[],"unlinked":[],"slug":"product_brand","name":"Marki"},"product_type":{"linked":["<a href=\"https:\/\/penosil.com\/pl\/?taxonomy=product_type&#038;term=simple\" class=\"advgb-post-tax-term\">simple<\/a>"],"unlinked":["<span class=\"advgb-post-tax-term\">simple<\/span>"],"slug":"product_type","name":"Typ produktu"},"product_visibility":{"linked":[],"unlinked":[],"slug":"product_visibility","name":"Widoczno\u015b\u0107 produktu"},"product_cat":{"linked":["<a href=\"https:\/\/penosil.com\/pl\/kategoria-produktu\/obszary-zastosowania\/\" class=\"advgb-post-tax-term\">Obszary zastosowania<\/a>","<a href=\"https:\/\/penosil.com\/pl\/kategoria-produktu\/grupy-produktowe\/\" class=\"advgb-post-tax-term\">Grupy produktowe<\/a>","<a href=\"https:\/\/penosil.com\/pl\/kategoria-produktu\/obszary-zastosowania\/dachy-i-fasady\/\" class=\"advgb-post-tax-term\">Dachy i fasady<\/a>","<a href=\"https:\/\/penosil.com\/pl\/kategoria-produktu\/grupy-produktowe\/uszczelniacze\/\" class=\"advgb-post-tax-term\">Uszczelniacze<\/a>","<a href=\"https:\/\/penosil.com\/pl\/kategoria-produktu\/grupy-produktowe\/uszczelniacze\/uszczelniacze-specjalne\/\" class=\"advgb-post-tax-term\">Uszczelniacze specjalne<\/a>"],"unlinked":["<span class=\"advgb-post-tax-term\">Obszary zastosowania<\/span>","<span class=\"advgb-post-tax-term\">Grupy produktowe<\/span>","<span class=\"advgb-post-tax-term\">Dachy i fasady<\/span>","<span class=\"advgb-post-tax-term\">Uszczelniacze<\/span>","<span class=\"advgb-post-tax-term\">Uszczelniacze specjalne<\/span>"],"slug":"product_cat","name":"Kategorie produkt\u00f3w"},"product_tag":{"linked":[],"unlinked":[],"slug":"product_tag","name":"Znaczniki produktu"},"product_shipping_class":{"linked":[],"unlinked":[],"slug":"product_shipping_class","name":"Klasy wysy\u0142kowe produktu"},"pos_product_visibility":{"linked":[],"unlinked":[],"slug":"pos_product_visibility","name":"Widoczno\u015b\u0107 produktu w punkcie sprzeda\u017cy (POS)"},"pa_kolor":{"linked":["<a href=\"https:\/\/penosil.com\/pl\/?taxonomy=pa_kolor&#038;term=czarny\" class=\"advgb-post-tax-term\">Czarny<\/a>"],"unlinked":["<span class=\"advgb-post-tax-term\">Czarny<\/span>"],"slug":"pa_kolor","name":"Product Kolor"},"pa_opakowanie":{"linked":["<a href=\"https:\/\/penosil.com\/pl\/?taxonomy=pa_opakowanie&#038;term=280-ml-2-pl\" class=\"advgb-post-tax-term\">280 ml<\/a>"],"unlinked":["<span class=\"advgb-post-tax-term\">280 ml<\/span>"],"slug":"pa_opakowanie","name":"Product Opakowanie"},"pa_rolka":{"linked":[],"unlinked":[],"slug":"pa_rolka","name":"Product Rolka"},"pa_srednica":{"linked":[],"unlinked":[],"slug":"pa_srednica","name":"Product \u015arednica"},"pa_szerokosc":{"linked":[],"unlinked":[],"slug":"pa_szerokosc","name":"Product Szeroko\u015b\u0107"},"translation_priority":{"linked":["<a href=\"https:\/\/penosil.com\/pl\/?taxonomy=translation_priority&#038;term=opcjonalne\" class=\"advgb-post-tax-term\">Opcjonalne<\/a>"],"unlinked":["<span class=\"advgb-post-tax-term\">Opcjonalne<\/span>"],"slug":"translation_priority","name":"Priorytety t\u0142umaczenia"}},"series_order":"","_links":{"self":[{"href":"https:\/\/penosil.com\/pl\/wp-json\/wp\/v2\/product\/36274","targetHints":{"allow":["GET"]}}],"collection":[{"href":"https:\/\/penosil.com\/pl\/wp-json\/wp\/v2\/product"}],"about":[{"href":"https:\/\/penosil.com\/pl\/wp-json\/wp\/v2\/types\/product"}],"version-history":[{"count":7,"href":"https:\/\/penosil.com\/pl\/wp-json\/wp\/v2\/product\/36274\/revisions"}],"predecessor-version":[{"id":38305,"href":"https:\/\/penosil.com\/pl\/wp-json\/wp\/v2\/product\/36274\/revisions\/38305"}],"wp:featuredmedia":[{"embeddable":true,"href":"https:\/\/penosil.com\/pl\/wp-json\/wp\/v2\/media\/37352"}],"wp:attachment":[{"href":"https:\/\/penosil.com\/pl\/wp-json\/wp\/v2\/media?parent=36274"}],"wp:term":[{"taxonomy":"product_brand","embeddable":true,"href":"https:\/\/penosil.com\/pl\/wp-json\/wp\/v2\/product_brand?post=36274"},{"taxonomy":"product_cat","embeddable":true,"href":"https:\/\/penosil.com\/pl\/wp-json\/wp\/v2\/product_cat?post=36274"},{"taxonomy":"product_tag","embeddable":true,"href":"https:\/\/penosil.com\/pl\/wp-json\/wp\/v2\/product_tag?post=36274"}],"curies":[{"name":"wp","href":"https:\/\/api.w.org\/{rel}","templated":true}]}}