{"id":36280,"date":"2023-04-10T13:41:41","date_gmt":"2023-04-10T13:41:41","guid":{"rendered":"https:\/\/penosil.rktv.ee\/pl\/product\/heat-resistant-neutral-silicone\/"},"modified":"2025-11-18T19:59:55","modified_gmt":"2025-11-18T17:59:55","slug":"silikon-wysokotemperaturowy","status":"publish","type":"product","link":"https:\/\/penosil.com\/pl\/produkt\/silikon-wysokotemperaturowy\/","title":{"rendered":"HighTemp Neutral Silicone +300\u00b0C"},"content":{"rendered":"<p>PENOSIL HighTemp Neutral Silicone +300\u00b0C to Silikon o wysokiej odporno\u015bci na temperatury, przeznaczony do zastosowa\u0144, w kt\u00f3rych wymagana jest odporna na ciep\u0142o i elastyczna spoin\u0430. Produkt wytrzymuje wysokie temperatury do +300\u00b0C przy ci\u0105g\u0142ej pracy.<\/p>\n","protected":false},"excerpt":{"rendered":"Silikon wysokotemperaturowy","protected":false},"author":22,"featured_media":37169,"template":"","meta":{"_acf_changed":false,"advgb_blocks_editor_width":"","advgb_blocks_columns_visual_guide":"","footnotes":""},"product_brand":[],"product_cat":[2869,2848,2850,2867,2872,2857],"product_tag":[],"class_list":{"0":"post-36280","1":"product","2":"type-product","3":"status-publish","4":"has-post-thumbnail","6":"product_cat-silikony-neutralne","7":"product_cat-obszary-zastosowania","8":"product_cat-grupy-produktowe","9":"product_cat-uszczelniacze","10":"product_cat-uszczelniacze-specjalne","11":"product_cat-ognioodpornosc-wysoka-temperatura","13":"first","14":"instock","15":"taxable","16":"shipping-taxable","17":"purchasable","18":"product-type-simple"},"acf":[],"yoast_head":"<!-- This site is optimized with the Yoast SEO plugin v27.2 - https:\/\/yoast.com\/product\/yoast-seo-wordpress\/ -->\n<title>PENOSIL HighTemp Neutral Silicone +300\u00b0C - Silikon wysokotemperaturowy<\/title>\n<meta name=\"description\" content=\"PENOSIL HighTemp Neutral Silicone +300\u00b0C \u2013 odporna na wysok\u0105 temperatur\u0119, elastyczna masa silikonowa do zastosowa\u0144 wymagaj\u0105cych trwa\u0142ego uszczelnienia.\" \/>\n<meta name=\"robots\" content=\"index, follow, max-snippet:-1, max-image-preview:large, max-video-preview:-1\" \/>\n<link rel=\"canonical\" href=\"https:\/\/penosil.com\/pl\/produkt\/silikon-wysokotemperaturowy\/\" \/>\n<meta property=\"og:locale\" content=\"pl_PL\" \/>\n<meta property=\"og:type\" content=\"article\" \/>\n<meta property=\"og:title\" content=\"PENOSIL HighTemp Neutral Silicone +300\u00b0C - Silikon wysokotemperaturowy\" \/>\n<meta property=\"og:description\" content=\"PENOSIL HighTemp Neutral Silicone +300\u00b0C \u2013 odporna na wysok\u0105 temperatur\u0119, elastyczna masa silikonowa do zastosowa\u0144 wymagaj\u0105cych trwa\u0142ego uszczelnienia.\" \/>\n<meta property=\"og:url\" content=\"https:\/\/penosil.com\/pl\/produkt\/silikon-wysokotemperaturowy\/\" \/>\n<meta property=\"og:site_name\" content=\"PENOSIL Polska\" \/>\n<meta property=\"article:modified_time\" content=\"2025-11-18T17:59:55+00:00\" \/>\n<meta property=\"og:image\" content=\"https:\/\/penosil.com\/pl\/wp-content\/uploads\/sites\/39\/2023\/04\/300C_HighTemp_Neutral_Silicone_300\u00b0C_280ml_Black_CZPLSK.png\" \/>\n\t<meta property=\"og:image:width\" content=\"387\" \/>\n\t<meta property=\"og:image:height\" content=\"1080\" \/>\n\t<meta property=\"og:image:type\" content=\"image\/png\" \/>\n<meta name=\"twitter:card\" content=\"summary_large_image\" \/>\n<meta name=\"twitter:label1\" content=\"Szacowany czas czytania\" \/>\n\t<meta name=\"twitter:data1\" content=\"4 minuty\" \/>\n<script type=\"application\/ld+json\" class=\"yoast-schema-graph\">{\"@context\":\"https:\/\/schema.org\",\"@graph\":[{\"@type\":\"WebPage\",\"@id\":\"https:\/\/penosil.com\/pl\/produkt\/silikon-wysokotemperaturowy\/\",\"url\":\"https:\/\/penosil.com\/pl\/produkt\/silikon-wysokotemperaturowy\/\",\"name\":\"PENOSIL HighTemp Neutral Silicone +300\u00b0C - Silikon wysokotemperaturowy\",\"isPartOf\":{\"@id\":\"https:\/\/penosil.com\/pl\/#website\"},\"primaryImageOfPage\":{\"@id\":\"https:\/\/penosil.com\/pl\/produkt\/silikon-wysokotemperaturowy\/#primaryimage\"},\"image\":{\"@id\":\"https:\/\/penosil.com\/pl\/produkt\/silikon-wysokotemperaturowy\/#primaryimage\"},\"thumbnailUrl\":\"https:\/\/penosil.com\/pl\/wp-content\/uploads\/sites\/39\/2023\/04\/300C_HighTemp_Neutral_Silicone_300\u00b0C_280ml_Black_CZPLSK.png\",\"datePublished\":\"2023-04-10T13:41:41+00:00\",\"dateModified\":\"2025-11-18T17:59:55+00:00\",\"description\":\"PENOSIL HighTemp Neutral Silicone +300\u00b0C \u2013 odporna na wysok\u0105 temperatur\u0119, elastyczna masa silikonowa do zastosowa\u0144 wymagaj\u0105cych trwa\u0142ego uszczelnienia.\",\"breadcrumb\":{\"@id\":\"https:\/\/penosil.com\/pl\/produkt\/silikon-wysokotemperaturowy\/#breadcrumb\"},\"inLanguage\":\"pl-PL\",\"potentialAction\":[{\"@type\":\"ReadAction\",\"target\":[\"https:\/\/penosil.com\/pl\/produkt\/silikon-wysokotemperaturowy\/\"]}]},{\"@type\":\"ImageObject\",\"inLanguage\":\"pl-PL\",\"@id\":\"https:\/\/penosil.com\/pl\/produkt\/silikon-wysokotemperaturowy\/#primaryimage\",\"url\":\"https:\/\/penosil.com\/pl\/wp-content\/uploads\/sites\/39\/2023\/04\/300C_HighTemp_Neutral_Silicone_300\u00b0C_280ml_Black_CZPLSK.png\",\"contentUrl\":\"https:\/\/penosil.com\/pl\/wp-content\/uploads\/sites\/39\/2023\/04\/300C_HighTemp_Neutral_Silicone_300\u00b0C_280ml_Black_CZPLSK.png\",\"width\":387,\"height\":1080},{\"@type\":\"BreadcrumbList\",\"@id\":\"https:\/\/penosil.com\/pl\/produkt\/silikon-wysokotemperaturowy\/#breadcrumb\",\"itemListElement\":[{\"@type\":\"ListItem\",\"position\":1,\"name\":\"Home\",\"item\":\"https:\/\/penosil.com\/pl\/\"},{\"@type\":\"ListItem\",\"position\":2,\"name\":\"Produkty\",\"item\":\"https:\/\/penosil.com\/pl\/produkty\/\"},{\"@type\":\"ListItem\",\"position\":3,\"name\":\"HighTemp Neutral Silicone +300\u00b0C\"}]},{\"@type\":\"WebSite\",\"@id\":\"https:\/\/penosil.com\/pl\/#website\",\"url\":\"https:\/\/penosil.com\/pl\/\",\"name\":\"PENOSIL Polska\",\"description\":\"\",\"potentialAction\":[{\"@type\":\"SearchAction\",\"target\":{\"@type\":\"EntryPoint\",\"urlTemplate\":\"https:\/\/penosil.com\/pl\/?s={search_term_string}\"},\"query-input\":{\"@type\":\"PropertyValueSpecification\",\"valueRequired\":true,\"valueName\":\"search_term_string\"}}],\"inLanguage\":\"pl-PL\"}]}<\/script>\n<!-- \/ Yoast SEO plugin. -->","yoast_head_json":{"title":"PENOSIL HighTemp Neutral Silicone +300\u00b0C - Silikon wysokotemperaturowy","description":"PENOSIL HighTemp Neutral Silicone +300\u00b0C \u2013 odporna na wysok\u0105 temperatur\u0119, elastyczna masa silikonowa do zastosowa\u0144 wymagaj\u0105cych trwa\u0142ego uszczelnienia.","robots":{"index":"index","follow":"follow","max-snippet":"max-snippet:-1","max-image-preview":"max-image-preview:large","max-video-preview":"max-video-preview:-1"},"canonical":"https:\/\/penosil.com\/pl\/produkt\/silikon-wysokotemperaturowy\/","og_locale":"pl_PL","og_type":"article","og_title":"PENOSIL HighTemp Neutral Silicone +300\u00b0C - Silikon wysokotemperaturowy","og_description":"PENOSIL HighTemp Neutral Silicone +300\u00b0C \u2013 odporna na wysok\u0105 temperatur\u0119, elastyczna masa silikonowa do zastosowa\u0144 wymagaj\u0105cych trwa\u0142ego uszczelnienia.","og_url":"https:\/\/penosil.com\/pl\/produkt\/silikon-wysokotemperaturowy\/","og_site_name":"PENOSIL Polska","article_modified_time":"2025-11-18T17:59:55+00:00","og_image":[{"width":387,"height":1080,"url":"https:\/\/penosil.com\/pl\/wp-content\/uploads\/sites\/39\/2023\/04\/300C_HighTemp_Neutral_Silicone_300\u00b0C_280ml_Black_CZPLSK.png","type":"image\/png"}],"twitter_card":"summary_large_image","twitter_misc":{"Szacowany czas czytania":"4 minuty"},"schema":{"@context":"https:\/\/schema.org","@graph":[{"@type":"WebPage","@id":"https:\/\/penosil.com\/pl\/produkt\/silikon-wysokotemperaturowy\/","url":"https:\/\/penosil.com\/pl\/produkt\/silikon-wysokotemperaturowy\/","name":"PENOSIL HighTemp Neutral Silicone +300\u00b0C - Silikon wysokotemperaturowy","isPartOf":{"@id":"https:\/\/penosil.com\/pl\/#website"},"primaryImageOfPage":{"@id":"https:\/\/penosil.com\/pl\/produkt\/silikon-wysokotemperaturowy\/#primaryimage"},"image":{"@id":"https:\/\/penosil.com\/pl\/produkt\/silikon-wysokotemperaturowy\/#primaryimage"},"thumbnailUrl":"https:\/\/penosil.com\/pl\/wp-content\/uploads\/sites\/39\/2023\/04\/300C_HighTemp_Neutral_Silicone_300\u00b0C_280ml_Black_CZPLSK.png","datePublished":"2023-04-10T13:41:41+00:00","dateModified":"2025-11-18T17:59:55+00:00","description":"PENOSIL HighTemp Neutral Silicone +300\u00b0C \u2013 odporna na wysok\u0105 temperatur\u0119, elastyczna masa silikonowa do zastosowa\u0144 wymagaj\u0105cych trwa\u0142ego uszczelnienia.","breadcrumb":{"@id":"https:\/\/penosil.com\/pl\/produkt\/silikon-wysokotemperaturowy\/#breadcrumb"},"inLanguage":"pl-PL","potentialAction":[{"@type":"ReadAction","target":["https:\/\/penosil.com\/pl\/produkt\/silikon-wysokotemperaturowy\/"]}]},{"@type":"ImageObject","inLanguage":"pl-PL","@id":"https:\/\/penosil.com\/pl\/produkt\/silikon-wysokotemperaturowy\/#primaryimage","url":"https:\/\/penosil.com\/pl\/wp-content\/uploads\/sites\/39\/2023\/04\/300C_HighTemp_Neutral_Silicone_300\u00b0C_280ml_Black_CZPLSK.png","contentUrl":"https:\/\/penosil.com\/pl\/wp-content\/uploads\/sites\/39\/2023\/04\/300C_HighTemp_Neutral_Silicone_300\u00b0C_280ml_Black_CZPLSK.png","width":387,"height":1080},{"@type":"BreadcrumbList","@id":"https:\/\/penosil.com\/pl\/produkt\/silikon-wysokotemperaturowy\/#breadcrumb","itemListElement":[{"@type":"ListItem","position":1,"name":"Home","item":"https:\/\/penosil.com\/pl\/"},{"@type":"ListItem","position":2,"name":"Produkty","item":"https:\/\/penosil.com\/pl\/produkty\/"},{"@type":"ListItem","position":3,"name":"HighTemp Neutral Silicone +300\u00b0C"}]},{"@type":"WebSite","@id":"https:\/\/penosil.com\/pl\/#website","url":"https:\/\/penosil.com\/pl\/","name":"PENOSIL Polska","description":"","potentialAction":[{"@type":"SearchAction","target":{"@type":"EntryPoint","urlTemplate":"https:\/\/penosil.com\/pl\/?s={search_term_string}"},"query-input":{"@type":"PropertyValueSpecification","valueRequired":true,"valueName":"search_term_string"}}],"inLanguage":"pl-PL"}]}},"featured_img":"https:\/\/penosil.com\/pl\/wp-content\/uploads\/sites\/39\/2023\/04\/300C_HighTemp_Neutral_Silicone_300\u00b0C_280ml_Black_CZPLSK.png","coauthors":[],"author_meta":{"author_link":"https:\/\/penosil.com\/pl\/author\/kristin\/","display_name":"kristin"},"relative_dates":{"created":"Posted 3 lata ago","modified":"Updated 5 miesi\u0119cy ago"},"absolute_dates":{"created":"Posted on 10\/04\/2023","modified":"Updated on 18\/11\/2025"},"absolute_dates_time":{"created":"Posted on 10\/04\/2023 13:41","modified":"Updated on 18\/11\/2025 19:59"},"featured_img_caption":"","tax_additional":{"product_brand":{"linked":[],"unlinked":[],"slug":"product_brand","name":"Marki"},"product_type":{"linked":["<a href=\"https:\/\/penosil.com\/pl\/?taxonomy=product_type&#038;term=simple\" class=\"advgb-post-tax-term\">simple<\/a>"],"unlinked":["<span class=\"advgb-post-tax-term\">simple<\/span>"],"slug":"product_type","name":"Typ produktu"},"product_visibility":{"linked":[],"unlinked":[],"slug":"product_visibility","name":"Widoczno\u015b\u0107 produktu"},"product_cat":{"linked":["<a href=\"https:\/\/penosil.com\/pl\/kategoria-produktu\/grupy-produktowe\/uszczelniacze\/silikony-neutralne\/\" class=\"advgb-post-tax-term\">Silikony neutralne<\/a>","<a href=\"https:\/\/penosil.com\/pl\/kategoria-produktu\/obszary-zastosowania\/\" class=\"advgb-post-tax-term\">Obszary zastosowania<\/a>","<a href=\"https:\/\/penosil.com\/pl\/kategoria-produktu\/grupy-produktowe\/\" class=\"advgb-post-tax-term\">Grupy produktowe<\/a>","<a href=\"https:\/\/penosil.com\/pl\/kategoria-produktu\/grupy-produktowe\/uszczelniacze\/\" class=\"advgb-post-tax-term\">Uszczelniacze<\/a>","<a href=\"https:\/\/penosil.com\/pl\/kategoria-produktu\/grupy-produktowe\/uszczelniacze\/uszczelniacze-specjalne\/\" class=\"advgb-post-tax-term\">Uszczelniacze specjalne<\/a>","<a href=\"https:\/\/penosil.com\/pl\/kategoria-produktu\/obszary-zastosowania\/ognioodpornosc-wysoka-temperatura\/\" class=\"advgb-post-tax-term\">Ognioodporno\u015b\u0107\/wysoka temperatura<\/a>"],"unlinked":["<span class=\"advgb-post-tax-term\">Silikony neutralne<\/span>","<span class=\"advgb-post-tax-term\">Obszary zastosowania<\/span>","<span class=\"advgb-post-tax-term\">Grupy produktowe<\/span>","<span class=\"advgb-post-tax-term\">Uszczelniacze<\/span>","<span class=\"advgb-post-tax-term\">Uszczelniacze specjalne<\/span>","<span class=\"advgb-post-tax-term\">Ognioodporno\u015b\u0107\/wysoka temperatura<\/span>"],"slug":"product_cat","name":"Kategorie produkt\u00f3w"},"product_tag":{"linked":[],"unlinked":[],"slug":"product_tag","name":"Znaczniki produktu"},"product_shipping_class":{"linked":[],"unlinked":[],"slug":"product_shipping_class","name":"Klasy wysy\u0142kowe produktu"},"pos_product_visibility":{"linked":[],"unlinked":[],"slug":"pos_product_visibility","name":"Widoczno\u015b\u0107 produktu w punkcie sprzeda\u017cy (POS)"},"pa_kolor":{"linked":["<a href=\"https:\/\/penosil.com\/pl\/?taxonomy=pa_kolor&#038;term=czarny\" class=\"advgb-post-tax-term\">Czarny<\/a>"],"unlinked":["<span class=\"advgb-post-tax-term\">Czarny<\/span>"],"slug":"pa_kolor","name":"Product Kolor"},"pa_opakowanie":{"linked":["<a href=\"https:\/\/penosil.com\/pl\/?taxonomy=pa_opakowanie&#038;term=280-ml-2-pl\" class=\"advgb-post-tax-term\">280 ml<\/a>"],"unlinked":["<span class=\"advgb-post-tax-term\">280 ml<\/span>"],"slug":"pa_opakowanie","name":"Product Opakowanie"},"pa_rolka":{"linked":[],"unlinked":[],"slug":"pa_rolka","name":"Product Rolka"},"pa_srednica":{"linked":[],"unlinked":[],"slug":"pa_srednica","name":"Product \u015arednica"},"pa_szerokosc":{"linked":[],"unlinked":[],"slug":"pa_szerokosc","name":"Product Szeroko\u015b\u0107"},"translation_priority":{"linked":["<a href=\"https:\/\/penosil.com\/pl\/?taxonomy=translation_priority&#038;term=opcjonalne\" class=\"advgb-post-tax-term\">Opcjonalne<\/a>"],"unlinked":["<span class=\"advgb-post-tax-term\">Opcjonalne<\/span>"],"slug":"translation_priority","name":"Priorytety t\u0142umaczenia"}},"series_order":"","_links":{"self":[{"href":"https:\/\/penosil.com\/pl\/wp-json\/wp\/v2\/product\/36280","targetHints":{"allow":["GET"]}}],"collection":[{"href":"https:\/\/penosil.com\/pl\/wp-json\/wp\/v2\/product"}],"about":[{"href":"https:\/\/penosil.com\/pl\/wp-json\/wp\/v2\/types\/product"}],"version-history":[{"count":6,"href":"https:\/\/penosil.com\/pl\/wp-json\/wp\/v2\/product\/36280\/revisions"}],"predecessor-version":[{"id":38300,"href":"https:\/\/penosil.com\/pl\/wp-json\/wp\/v2\/product\/36280\/revisions\/38300"}],"wp:featuredmedia":[{"embeddable":true,"href":"https:\/\/penosil.com\/pl\/wp-json\/wp\/v2\/media\/37169"}],"wp:attachment":[{"href":"https:\/\/penosil.com\/pl\/wp-json\/wp\/v2\/media?parent=36280"}],"wp:term":[{"taxonomy":"product_brand","embeddable":true,"href":"https:\/\/penosil.com\/pl\/wp-json\/wp\/v2\/product_brand?post=36280"},{"taxonomy":"product_cat","embeddable":true,"href":"https:\/\/penosil.com\/pl\/wp-json\/wp\/v2\/product_cat?post=36280"},{"taxonomy":"product_tag","embeddable":true,"href":"https:\/\/penosil.com\/pl\/wp-json\/wp\/v2\/product_tag?post=36280"}],"curies":[{"name":"wp","href":"https:\/\/api.w.org\/{rel}","templated":true}]}}