{"id":37427,"date":"2025-03-21T16:48:01","date_gmt":"2025-03-21T16:48:01","guid":{"rendered":"https:\/\/penosil.rktv.ee\/pl\/?post_type=product&#038;p=37427"},"modified":"2025-11-18T16:05:42","modified_gmt":"2025-11-18T14:05:42","slug":"piana-pistoletowa-wielozadaniowa","status":"publish","type":"product","link":"https:\/\/penosil.com\/pl\/produkt\/piana-pistoletowa-wielozadaniowa\/","title":{"rendered":"EasyGun Foam 179"},"content":{"rendered":"<p>PENOSIL EasyGun Foam 179 to wielosezonowa, jednosk\u0142adnikowa piana poliuretanowa do pistolet\u00f3w z specjalnym aplikatorem EasyGun. Przeznaczona jest do wype\u0142niania i izolowania w\u0105skich oraz g\u0142\u0119bokich penetracji, szczelin i otwor\u00f3w, do kt\u00f3rych trudno dotrze\u0107 tradycyjnym pistoletem lub aplikatorem s\u0142omkowym. Pian\u0119 mo\u017cna aplikowa\u0107 zar\u00f3wno za pomoc\u0105 pistoletu do piany, jak i aplikatora EasyGun, co czyni j\u0105 bardziej wszechstronnym produktem ni\u017c tradycyjne piany pistoletowe. <strong>UWAGA!<\/strong> W przypadku profesjonalengo u\u017cycia tego produktu wymagane jest uko\u0144czenie szkolenia. Wi\u0119cej informacji znajdziesz <a href=\"https:\/\/penosil.com\/pl\/bezplatny-dostep-do-obowiazkowego-szkolenia-pu\/\" target=\"_blank\" rel=\"noopener\">TUTAJ<\/a>.<\/p>\n","protected":false},"excerpt":{"rendered":"Piana pistoletowa wielozadaniowa","protected":false},"author":410,"featured_media":37431,"template":"","meta":{"_acf_changed":false,"advgb_blocks_editor_width":"","advgb_blocks_columns_visual_guide":"","footnotes":""},"product_brand":[],"product_cat":[2848,2851,2850,2861,2864],"product_tag":[],"class_list":{"0":"post-37427","1":"product","2":"type-product","3":"status-publish","4":"has-post-thumbnail","6":"product_cat-obszary-zastosowania","7":"product_cat-budownictwo-ogolne","8":"product_cat-grupy-produktowe","9":"product_cat-piany-poliuretanowe","10":"product_cat-easy-gun","12":"first","13":"instock","14":"taxable","15":"shipping-taxable","16":"purchasable","17":"product-type-simple"},"acf":[],"yoast_head":"<!-- This site is optimized with the Yoast SEO plugin v27.2 - https:\/\/yoast.com\/product\/yoast-seo-wordpress\/ -->\n<title>PENOSIL EasyGun Foam 179 - Piana pistoletowa wielozadaniowa<\/title>\n<meta name=\"description\" content=\"PENOSIL EasyGun Foam 179 \u2013 wielosezonowa, jednosk\u0142adnikowa piana poliuretanowa do pistolet\u00f3w z specjalnym aplikatorem EasyGun. Dowiedz si\u0119 wi\u0119cej!\" \/>\n<meta name=\"robots\" content=\"index, follow, max-snippet:-1, max-image-preview:large, max-video-preview:-1\" \/>\n<link rel=\"canonical\" href=\"https:\/\/penosil.com\/pl\/produkt\/piana-pistoletowa-wielozadaniowa\/\" \/>\n<meta property=\"og:locale\" content=\"pl_PL\" \/>\n<meta property=\"og:type\" content=\"article\" \/>\n<meta property=\"og:title\" content=\"PENOSIL EasyGun Foam 179 - Piana pistoletowa wielozadaniowa\" \/>\n<meta property=\"og:description\" content=\"PENOSIL EasyGun Foam 179 \u2013 wielosezonowa, jednosk\u0142adnikowa piana poliuretanowa do pistolet\u00f3w z specjalnym aplikatorem EasyGun. Dowiedz si\u0119 wi\u0119cej!\" \/>\n<meta property=\"og:url\" content=\"https:\/\/penosil.com\/pl\/produkt\/piana-pistoletowa-wielozadaniowa\/\" \/>\n<meta property=\"og:site_name\" content=\"PENOSIL Polska\" \/>\n<meta property=\"article:modified_time\" content=\"2025-11-18T14:05:42+00:00\" \/>\n<meta property=\"og:image\" content=\"https:\/\/penosil.com\/pl\/wp-content\/uploads\/sites\/39\/2025\/03\/179_EasyGun_Foam_179_750ml_Light-yellow_CZPLSK.png\" \/>\n\t<meta property=\"og:image:width\" content=\"523\" \/>\n\t<meta property=\"og:image:height\" content=\"1080\" \/>\n\t<meta property=\"og:image:type\" content=\"image\/png\" \/>\n<meta name=\"twitter:card\" content=\"summary_large_image\" \/>\n<meta name=\"twitter:label1\" content=\"Szacowany czas czytania\" \/>\n\t<meta name=\"twitter:data1\" content=\"6 minut\" \/>\n<script type=\"application\/ld+json\" class=\"yoast-schema-graph\">{\"@context\":\"https:\/\/schema.org\",\"@graph\":[{\"@type\":\"WebPage\",\"@id\":\"https:\/\/penosil.com\/pl\/produkt\/piana-pistoletowa-wielozadaniowa\/\",\"url\":\"https:\/\/penosil.com\/pl\/produkt\/piana-pistoletowa-wielozadaniowa\/\",\"name\":\"PENOSIL EasyGun Foam 179 - Piana pistoletowa wielozadaniowa\",\"isPartOf\":{\"@id\":\"https:\/\/penosil.com\/pl\/#website\"},\"primaryImageOfPage\":{\"@id\":\"https:\/\/penosil.com\/pl\/produkt\/piana-pistoletowa-wielozadaniowa\/#primaryimage\"},\"image\":{\"@id\":\"https:\/\/penosil.com\/pl\/produkt\/piana-pistoletowa-wielozadaniowa\/#primaryimage\"},\"thumbnailUrl\":\"https:\/\/penosil.com\/pl\/wp-content\/uploads\/sites\/39\/2025\/03\/179_EasyGun_Foam_179_750ml_Light-yellow_CZPLSK.png\",\"datePublished\":\"2025-03-21T16:48:01+00:00\",\"dateModified\":\"2025-11-18T14:05:42+00:00\",\"description\":\"PENOSIL EasyGun Foam 179 \u2013 wielosezonowa, jednosk\u0142adnikowa piana poliuretanowa do pistolet\u00f3w z specjalnym aplikatorem EasyGun. Dowiedz si\u0119 wi\u0119cej!\",\"breadcrumb\":{\"@id\":\"https:\/\/penosil.com\/pl\/produkt\/piana-pistoletowa-wielozadaniowa\/#breadcrumb\"},\"inLanguage\":\"pl-PL\",\"potentialAction\":[{\"@type\":\"ReadAction\",\"target\":[\"https:\/\/penosil.com\/pl\/produkt\/piana-pistoletowa-wielozadaniowa\/\"]}]},{\"@type\":\"ImageObject\",\"inLanguage\":\"pl-PL\",\"@id\":\"https:\/\/penosil.com\/pl\/produkt\/piana-pistoletowa-wielozadaniowa\/#primaryimage\",\"url\":\"https:\/\/penosil.com\/pl\/wp-content\/uploads\/sites\/39\/2025\/03\/179_EasyGun_Foam_179_750ml_Light-yellow_CZPLSK.png\",\"contentUrl\":\"https:\/\/penosil.com\/pl\/wp-content\/uploads\/sites\/39\/2025\/03\/179_EasyGun_Foam_179_750ml_Light-yellow_CZPLSK.png\",\"width\":523,\"height\":1080},{\"@type\":\"BreadcrumbList\",\"@id\":\"https:\/\/penosil.com\/pl\/produkt\/piana-pistoletowa-wielozadaniowa\/#breadcrumb\",\"itemListElement\":[{\"@type\":\"ListItem\",\"position\":1,\"name\":\"Home\",\"item\":\"https:\/\/penosil.com\/pl\/\"},{\"@type\":\"ListItem\",\"position\":2,\"name\":\"Produkty\",\"item\":\"https:\/\/penosil.com\/pl\/produkty\/\"},{\"@type\":\"ListItem\",\"position\":3,\"name\":\"EasyGun Foam 179\"}]},{\"@type\":\"WebSite\",\"@id\":\"https:\/\/penosil.com\/pl\/#website\",\"url\":\"https:\/\/penosil.com\/pl\/\",\"name\":\"PENOSIL Polska\",\"description\":\"\",\"potentialAction\":[{\"@type\":\"SearchAction\",\"target\":{\"@type\":\"EntryPoint\",\"urlTemplate\":\"https:\/\/penosil.com\/pl\/?s={search_term_string}\"},\"query-input\":{\"@type\":\"PropertyValueSpecification\",\"valueRequired\":true,\"valueName\":\"search_term_string\"}}],\"inLanguage\":\"pl-PL\"}]}<\/script>\n<!-- \/ Yoast SEO plugin. -->","yoast_head_json":{"title":"PENOSIL EasyGun Foam 179 - Piana pistoletowa wielozadaniowa","description":"PENOSIL EasyGun Foam 179 \u2013 wielosezonowa, jednosk\u0142adnikowa piana poliuretanowa do pistolet\u00f3w z specjalnym aplikatorem EasyGun. Dowiedz si\u0119 wi\u0119cej!","robots":{"index":"index","follow":"follow","max-snippet":"max-snippet:-1","max-image-preview":"max-image-preview:large","max-video-preview":"max-video-preview:-1"},"canonical":"https:\/\/penosil.com\/pl\/produkt\/piana-pistoletowa-wielozadaniowa\/","og_locale":"pl_PL","og_type":"article","og_title":"PENOSIL EasyGun Foam 179 - Piana pistoletowa wielozadaniowa","og_description":"PENOSIL EasyGun Foam 179 \u2013 wielosezonowa, jednosk\u0142adnikowa piana poliuretanowa do pistolet\u00f3w z specjalnym aplikatorem EasyGun. Dowiedz si\u0119 wi\u0119cej!","og_url":"https:\/\/penosil.com\/pl\/produkt\/piana-pistoletowa-wielozadaniowa\/","og_site_name":"PENOSIL Polska","article_modified_time":"2025-11-18T14:05:42+00:00","og_image":[{"width":523,"height":1080,"url":"https:\/\/penosil.com\/pl\/wp-content\/uploads\/sites\/39\/2025\/03\/179_EasyGun_Foam_179_750ml_Light-yellow_CZPLSK.png","type":"image\/png"}],"twitter_card":"summary_large_image","twitter_misc":{"Szacowany czas czytania":"6 minut"},"schema":{"@context":"https:\/\/schema.org","@graph":[{"@type":"WebPage","@id":"https:\/\/penosil.com\/pl\/produkt\/piana-pistoletowa-wielozadaniowa\/","url":"https:\/\/penosil.com\/pl\/produkt\/piana-pistoletowa-wielozadaniowa\/","name":"PENOSIL EasyGun Foam 179 - Piana pistoletowa wielozadaniowa","isPartOf":{"@id":"https:\/\/penosil.com\/pl\/#website"},"primaryImageOfPage":{"@id":"https:\/\/penosil.com\/pl\/produkt\/piana-pistoletowa-wielozadaniowa\/#primaryimage"},"image":{"@id":"https:\/\/penosil.com\/pl\/produkt\/piana-pistoletowa-wielozadaniowa\/#primaryimage"},"thumbnailUrl":"https:\/\/penosil.com\/pl\/wp-content\/uploads\/sites\/39\/2025\/03\/179_EasyGun_Foam_179_750ml_Light-yellow_CZPLSK.png","datePublished":"2025-03-21T16:48:01+00:00","dateModified":"2025-11-18T14:05:42+00:00","description":"PENOSIL EasyGun Foam 179 \u2013 wielosezonowa, jednosk\u0142adnikowa piana poliuretanowa do pistolet\u00f3w z specjalnym aplikatorem EasyGun. Dowiedz si\u0119 wi\u0119cej!","breadcrumb":{"@id":"https:\/\/penosil.com\/pl\/produkt\/piana-pistoletowa-wielozadaniowa\/#breadcrumb"},"inLanguage":"pl-PL","potentialAction":[{"@type":"ReadAction","target":["https:\/\/penosil.com\/pl\/produkt\/piana-pistoletowa-wielozadaniowa\/"]}]},{"@type":"ImageObject","inLanguage":"pl-PL","@id":"https:\/\/penosil.com\/pl\/produkt\/piana-pistoletowa-wielozadaniowa\/#primaryimage","url":"https:\/\/penosil.com\/pl\/wp-content\/uploads\/sites\/39\/2025\/03\/179_EasyGun_Foam_179_750ml_Light-yellow_CZPLSK.png","contentUrl":"https:\/\/penosil.com\/pl\/wp-content\/uploads\/sites\/39\/2025\/03\/179_EasyGun_Foam_179_750ml_Light-yellow_CZPLSK.png","width":523,"height":1080},{"@type":"BreadcrumbList","@id":"https:\/\/penosil.com\/pl\/produkt\/piana-pistoletowa-wielozadaniowa\/#breadcrumb","itemListElement":[{"@type":"ListItem","position":1,"name":"Home","item":"https:\/\/penosil.com\/pl\/"},{"@type":"ListItem","position":2,"name":"Produkty","item":"https:\/\/penosil.com\/pl\/produkty\/"},{"@type":"ListItem","position":3,"name":"EasyGun Foam 179"}]},{"@type":"WebSite","@id":"https:\/\/penosil.com\/pl\/#website","url":"https:\/\/penosil.com\/pl\/","name":"PENOSIL Polska","description":"","potentialAction":[{"@type":"SearchAction","target":{"@type":"EntryPoint","urlTemplate":"https:\/\/penosil.com\/pl\/?s={search_term_string}"},"query-input":{"@type":"PropertyValueSpecification","valueRequired":true,"valueName":"search_term_string"}}],"inLanguage":"pl-PL"}]}},"featured_img":"https:\/\/penosil.com\/pl\/wp-content\/uploads\/sites\/39\/2025\/03\/179_EasyGun_Foam_179_750ml_Light-yellow_CZPLSK.png","coauthors":[],"author_meta":{"author_link":"https:\/\/penosil.com\/pl\/author\/piscines-excellence-fr\/","display_name":"piscines-excellence.fr"},"relative_dates":{"created":"Posted 1 rok ago","modified":"Updated 5 miesi\u0119cy ago"},"absolute_dates":{"created":"Posted on 21\/03\/2025","modified":"Updated on 18\/11\/2025"},"absolute_dates_time":{"created":"Posted on 21\/03\/2025 16:48","modified":"Updated on 18\/11\/2025 16:05"},"featured_img_caption":"","tax_additional":{"product_brand":{"linked":[],"unlinked":[],"slug":"product_brand","name":"Marki"},"product_type":{"linked":["<a href=\"https:\/\/penosil.com\/pl\/?taxonomy=product_type&#038;term=simple\" class=\"advgb-post-tax-term\">simple<\/a>"],"unlinked":["<span class=\"advgb-post-tax-term\">simple<\/span>"],"slug":"product_type","name":"Typ produktu"},"product_visibility":{"linked":[],"unlinked":[],"slug":"product_visibility","name":"Widoczno\u015b\u0107 produktu"},"product_cat":{"linked":["<a href=\"https:\/\/penosil.com\/pl\/kategoria-produktu\/obszary-zastosowania\/\" class=\"advgb-post-tax-term\">Obszary zastosowania<\/a>","<a href=\"https:\/\/penosil.com\/pl\/kategoria-produktu\/obszary-zastosowania\/budownictwo-ogolne\/\" class=\"advgb-post-tax-term\">Budownictwo og\u00f3lne<\/a>","<a href=\"https:\/\/penosil.com\/pl\/kategoria-produktu\/grupy-produktowe\/\" class=\"advgb-post-tax-term\">Grupy produktowe<\/a>","<a href=\"https:\/\/penosil.com\/pl\/kategoria-produktu\/grupy-produktowe\/piany-poliuretanowe\/\" class=\"advgb-post-tax-term\">Piany poliuretanowe<\/a>","<a href=\"https:\/\/penosil.com\/pl\/kategoria-produktu\/grupy-produktowe\/piany-poliuretanowe\/easy-gun\/\" class=\"advgb-post-tax-term\">Easy Gun<\/a>"],"unlinked":["<span class=\"advgb-post-tax-term\">Obszary zastosowania<\/span>","<span class=\"advgb-post-tax-term\">Budownictwo og\u00f3lne<\/span>","<span class=\"advgb-post-tax-term\">Grupy produktowe<\/span>","<span class=\"advgb-post-tax-term\">Piany poliuretanowe<\/span>","<span class=\"advgb-post-tax-term\">Easy Gun<\/span>"],"slug":"product_cat","name":"Kategorie produkt\u00f3w"},"product_tag":{"linked":[],"unlinked":[],"slug":"product_tag","name":"Znaczniki produktu"},"product_shipping_class":{"linked":[],"unlinked":[],"slug":"product_shipping_class","name":"Klasy wysy\u0142kowe produktu"},"pos_product_visibility":{"linked":[],"unlinked":[],"slug":"pos_product_visibility","name":"Widoczno\u015b\u0107 produktu w punkcie sprzeda\u017cy (POS)"},"pa_kolor":{"linked":["<a href=\"https:\/\/penosil.com\/pl\/?taxonomy=pa_kolor&#038;term=kremowy\" class=\"advgb-post-tax-term\">Kremowy<\/a>"],"unlinked":["<span class=\"advgb-post-tax-term\">Kremowy<\/span>"],"slug":"pa_kolor","name":"Product Kolor"},"pa_opakowanie":{"linked":["<a href=\"https:\/\/penosil.com\/pl\/?taxonomy=pa_opakowanie&#038;term=750-ml-pl-2\" class=\"advgb-post-tax-term\">750 ml<\/a>"],"unlinked":["<span class=\"advgb-post-tax-term\">750 ml<\/span>"],"slug":"pa_opakowanie","name":"Product Opakowanie"},"pa_rolka":{"linked":[],"unlinked":[],"slug":"pa_rolka","name":"Product Rolka"},"pa_srednica":{"linked":[],"unlinked":[],"slug":"pa_srednica","name":"Product \u015arednica"},"pa_szerokosc":{"linked":[],"unlinked":[],"slug":"pa_szerokosc","name":"Product Szeroko\u015b\u0107"},"translation_priority":{"linked":["<a href=\"https:\/\/penosil.com\/pl\/?taxonomy=translation_priority&#038;term=opcjonalne\" class=\"advgb-post-tax-term\">Opcjonalne<\/a>"],"unlinked":["<span class=\"advgb-post-tax-term\">Opcjonalne<\/span>"],"slug":"translation_priority","name":"Priorytety t\u0142umaczenia"}},"series_order":"","_links":{"self":[{"href":"https:\/\/penosil.com\/pl\/wp-json\/wp\/v2\/product\/37427","targetHints":{"allow":["GET"]}}],"collection":[{"href":"https:\/\/penosil.com\/pl\/wp-json\/wp\/v2\/product"}],"about":[{"href":"https:\/\/penosil.com\/pl\/wp-json\/wp\/v2\/types\/product"}],"version-history":[{"count":9,"href":"https:\/\/penosil.com\/pl\/wp-json\/wp\/v2\/product\/37427\/revisions"}],"predecessor-version":[{"id":38274,"href":"https:\/\/penosil.com\/pl\/wp-json\/wp\/v2\/product\/37427\/revisions\/38274"}],"wp:featuredmedia":[{"embeddable":true,"href":"https:\/\/penosil.com\/pl\/wp-json\/wp\/v2\/media\/37431"}],"wp:attachment":[{"href":"https:\/\/penosil.com\/pl\/wp-json\/wp\/v2\/media?parent=37427"}],"wp:term":[{"taxonomy":"product_brand","embeddable":true,"href":"https:\/\/penosil.com\/pl\/wp-json\/wp\/v2\/product_brand?post=37427"},{"taxonomy":"product_cat","embeddable":true,"href":"https:\/\/penosil.com\/pl\/wp-json\/wp\/v2\/product_cat?post=37427"},{"taxonomy":"product_tag","embeddable":true,"href":"https:\/\/penosil.com\/pl\/wp-json\/wp\/v2\/product_tag?post=37427"}],"curies":[{"name":"wp","href":"https:\/\/api.w.org\/{rel}","templated":true}]}}