{"id":37499,"date":"2025-03-23T15:54:43","date_gmt":"2025-03-23T15:54:43","guid":{"rendered":"https:\/\/penosil.rktv.ee\/pl\/?post_type=product&#038;p=37499"},"modified":"2025-11-18T20:05:40","modified_gmt":"2025-11-18T18:05:40","slug":"piana-pistoletowa-niskoprezna-zimowa","status":"publish","type":"product","link":"https:\/\/penosil.com\/pl\/produkt\/piana-pistoletowa-niskoprezna-zimowa\/","title":{"rendered":"GoldGun 65 Winter"},"content":{"rendered":"<p><span style=\"font-weight: 400;\">PENOSIL GoldGun 65 Winter to jednosk\u0142adnikowa piana poliuretanowa o wysokiej wydajno\u015bci, przeznaczona do monta\u017cu i uszczelniania okien oraz drzwi, a tak\u017ce do wype\u0142niania otwor\u00f3w, szczelin i przepust\u00f3w. Doskonale przyczepia si\u0119 do najcz\u0119\u015bciej stosowanych materia\u0142\u00f3w budowlanych, takich jak drewno, beton, kamie\u0144, tynk, metal, PVC i polistyren, zapewniaj\u0105c szczelno\u015b\u0107 powietrzn\u0105 i akustyczn\u0105. <strong>UWAGA!<\/strong> W przypadku profesjonalengo u\u017cycia tego produktu wymagane jest uko\u0144czenie szkolenia. Wi\u0119cej informacji znajdziesz <a href=\"https:\/\/penosil.com\/pl\/bezplatny-dostep-do-obowiazkowego-szkolenia-pu\/\" target=\"_blank\" rel=\"noopener\">TUTAJ<\/a>.<\/span><\/p>\n","protected":false},"excerpt":{"rendered":"<span style=\"font-weight: 400;\">Piana pistoletowa niskopr\u0119\u017cna zimowa<\/span>","protected":false},"author":410,"featured_media":37500,"template":"","meta":{"_acf_changed":false,"advgb_blocks_editor_width":"","advgb_blocks_columns_visual_guide":"","footnotes":""},"product_brand":[],"product_cat":[2848,2851,2862,2850,2852,2861],"product_tag":[],"class_list":{"0":"post-37499","1":"product","2":"type-product","3":"status-publish","4":"has-post-thumbnail","6":"product_cat-obszary-zastosowania","7":"product_cat-budownictwo-ogolne","8":"product_cat-piany-pistoletowe","9":"product_cat-grupy-produktowe","10":"product_cat-okna-i-drzwi","11":"product_cat-piany-poliuretanowe","13":"first","14":"instock","15":"taxable","16":"shipping-taxable","17":"purchasable","18":"product-type-simple"},"acf":[],"yoast_head":"<!-- This site is optimized with the Yoast SEO plugin v27.2 - https:\/\/yoast.com\/product\/yoast-seo-wordpress\/ -->\n<title>PENOSIL GoldGun 65 Winter - Piana pistoletowa niskopr\u0119\u017cna<\/title>\n<meta name=\"description\" content=\"Zimowa piana pistoletowa o wysokiej wydajno\u015bci do izolacji, wype\u0142niania i uszczelniania \u2013 PENOSIL Gold Gun 65 Winter. Dowiedz si\u0119 wi\u0119cej!\" \/>\n<meta name=\"robots\" content=\"index, follow, max-snippet:-1, max-image-preview:large, max-video-preview:-1\" \/>\n<link rel=\"canonical\" href=\"https:\/\/penosil.com\/pl\/produkt\/piana-pistoletowa-niskoprezna-zimowa\/\" \/>\n<meta property=\"og:locale\" content=\"pl_PL\" \/>\n<meta property=\"og:type\" content=\"article\" \/>\n<meta property=\"og:title\" content=\"PENOSIL GoldGun 65 Winter - Piana pistoletowa niskopr\u0119\u017cna\" \/>\n<meta property=\"og:description\" content=\"Zimowa piana pistoletowa o wysokiej wydajno\u015bci do izolacji, wype\u0142niania i uszczelniania \u2013 PENOSIL Gold Gun 65 Winter. Dowiedz si\u0119 wi\u0119cej!\" \/>\n<meta property=\"og:url\" content=\"https:\/\/penosil.com\/pl\/produkt\/piana-pistoletowa-niskoprezna-zimowa\/\" \/>\n<meta property=\"og:site_name\" content=\"PENOSIL Polska\" \/>\n<meta property=\"article:modified_time\" content=\"2025-11-18T18:05:40+00:00\" \/>\n<meta property=\"og:image\" content=\"https:\/\/penosil.com\/pl\/wp-content\/uploads\/sites\/39\/2025\/03\/GoldGun65_870ml_Light_yellow_CZPLSK.png\" \/>\n\t<meta property=\"og:image:width\" content=\"523\" \/>\n\t<meta property=\"og:image:height\" content=\"1080\" \/>\n\t<meta property=\"og:image:type\" content=\"image\/png\" \/>\n<meta name=\"twitter:card\" content=\"summary_large_image\" \/>\n<meta name=\"twitter:label1\" content=\"Szacowany czas czytania\" \/>\n\t<meta name=\"twitter:data1\" content=\"6 minut\" \/>\n<script type=\"application\/ld+json\" class=\"yoast-schema-graph\">{\"@context\":\"https:\/\/schema.org\",\"@graph\":[{\"@type\":\"WebPage\",\"@id\":\"https:\/\/penosil.com\/pl\/produkt\/piana-pistoletowa-niskoprezna-zimowa\/\",\"url\":\"https:\/\/penosil.com\/pl\/produkt\/piana-pistoletowa-niskoprezna-zimowa\/\",\"name\":\"PENOSIL GoldGun 65 Winter - Piana pistoletowa niskopr\u0119\u017cna\",\"isPartOf\":{\"@id\":\"https:\/\/penosil.com\/pl\/#website\"},\"primaryImageOfPage\":{\"@id\":\"https:\/\/penosil.com\/pl\/produkt\/piana-pistoletowa-niskoprezna-zimowa\/#primaryimage\"},\"image\":{\"@id\":\"https:\/\/penosil.com\/pl\/produkt\/piana-pistoletowa-niskoprezna-zimowa\/#primaryimage\"},\"thumbnailUrl\":\"https:\/\/penosil.com\/pl\/wp-content\/uploads\/sites\/39\/2025\/03\/GoldGun65_870ml_Light_yellow_CZPLSK.png\",\"datePublished\":\"2025-03-23T15:54:43+00:00\",\"dateModified\":\"2025-11-18T18:05:40+00:00\",\"description\":\"Zimowa piana pistoletowa o wysokiej wydajno\u015bci do izolacji, wype\u0142niania i uszczelniania \u2013 PENOSIL Gold Gun 65 Winter. Dowiedz si\u0119 wi\u0119cej!\",\"breadcrumb\":{\"@id\":\"https:\/\/penosil.com\/pl\/produkt\/piana-pistoletowa-niskoprezna-zimowa\/#breadcrumb\"},\"inLanguage\":\"pl-PL\",\"potentialAction\":[{\"@type\":\"ReadAction\",\"target\":[\"https:\/\/penosil.com\/pl\/produkt\/piana-pistoletowa-niskoprezna-zimowa\/\"]}]},{\"@type\":\"ImageObject\",\"inLanguage\":\"pl-PL\",\"@id\":\"https:\/\/penosil.com\/pl\/produkt\/piana-pistoletowa-niskoprezna-zimowa\/#primaryimage\",\"url\":\"https:\/\/penosil.com\/pl\/wp-content\/uploads\/sites\/39\/2025\/03\/GoldGun65_870ml_Light_yellow_CZPLSK.png\",\"contentUrl\":\"https:\/\/penosil.com\/pl\/wp-content\/uploads\/sites\/39\/2025\/03\/GoldGun65_870ml_Light_yellow_CZPLSK.png\",\"width\":523,\"height\":1080},{\"@type\":\"BreadcrumbList\",\"@id\":\"https:\/\/penosil.com\/pl\/produkt\/piana-pistoletowa-niskoprezna-zimowa\/#breadcrumb\",\"itemListElement\":[{\"@type\":\"ListItem\",\"position\":1,\"name\":\"Home\",\"item\":\"https:\/\/penosil.com\/pl\/\"},{\"@type\":\"ListItem\",\"position\":2,\"name\":\"Produkty\",\"item\":\"https:\/\/penosil.com\/pl\/produkty\/\"},{\"@type\":\"ListItem\",\"position\":3,\"name\":\"GoldGun 65 Winter\"}]},{\"@type\":\"WebSite\",\"@id\":\"https:\/\/penosil.com\/pl\/#website\",\"url\":\"https:\/\/penosil.com\/pl\/\",\"name\":\"PENOSIL Polska\",\"description\":\"\",\"potentialAction\":[{\"@type\":\"SearchAction\",\"target\":{\"@type\":\"EntryPoint\",\"urlTemplate\":\"https:\/\/penosil.com\/pl\/?s={search_term_string}\"},\"query-input\":{\"@type\":\"PropertyValueSpecification\",\"valueRequired\":true,\"valueName\":\"search_term_string\"}}],\"inLanguage\":\"pl-PL\"}]}<\/script>\n<!-- \/ Yoast SEO plugin. -->","yoast_head_json":{"title":"PENOSIL GoldGun 65 Winter - Piana pistoletowa niskopr\u0119\u017cna","description":"Zimowa piana pistoletowa o wysokiej wydajno\u015bci do izolacji, wype\u0142niania i uszczelniania \u2013 PENOSIL Gold Gun 65 Winter. Dowiedz si\u0119 wi\u0119cej!","robots":{"index":"index","follow":"follow","max-snippet":"max-snippet:-1","max-image-preview":"max-image-preview:large","max-video-preview":"max-video-preview:-1"},"canonical":"https:\/\/penosil.com\/pl\/produkt\/piana-pistoletowa-niskoprezna-zimowa\/","og_locale":"pl_PL","og_type":"article","og_title":"PENOSIL GoldGun 65 Winter - Piana pistoletowa niskopr\u0119\u017cna","og_description":"Zimowa piana pistoletowa o wysokiej wydajno\u015bci do izolacji, wype\u0142niania i uszczelniania \u2013 PENOSIL Gold Gun 65 Winter. Dowiedz si\u0119 wi\u0119cej!","og_url":"https:\/\/penosil.com\/pl\/produkt\/piana-pistoletowa-niskoprezna-zimowa\/","og_site_name":"PENOSIL Polska","article_modified_time":"2025-11-18T18:05:40+00:00","og_image":[{"width":523,"height":1080,"url":"https:\/\/penosil.com\/pl\/wp-content\/uploads\/sites\/39\/2025\/03\/GoldGun65_870ml_Light_yellow_CZPLSK.png","type":"image\/png"}],"twitter_card":"summary_large_image","twitter_misc":{"Szacowany czas czytania":"6 minut"},"schema":{"@context":"https:\/\/schema.org","@graph":[{"@type":"WebPage","@id":"https:\/\/penosil.com\/pl\/produkt\/piana-pistoletowa-niskoprezna-zimowa\/","url":"https:\/\/penosil.com\/pl\/produkt\/piana-pistoletowa-niskoprezna-zimowa\/","name":"PENOSIL GoldGun 65 Winter - Piana pistoletowa niskopr\u0119\u017cna","isPartOf":{"@id":"https:\/\/penosil.com\/pl\/#website"},"primaryImageOfPage":{"@id":"https:\/\/penosil.com\/pl\/produkt\/piana-pistoletowa-niskoprezna-zimowa\/#primaryimage"},"image":{"@id":"https:\/\/penosil.com\/pl\/produkt\/piana-pistoletowa-niskoprezna-zimowa\/#primaryimage"},"thumbnailUrl":"https:\/\/penosil.com\/pl\/wp-content\/uploads\/sites\/39\/2025\/03\/GoldGun65_870ml_Light_yellow_CZPLSK.png","datePublished":"2025-03-23T15:54:43+00:00","dateModified":"2025-11-18T18:05:40+00:00","description":"Zimowa piana pistoletowa o wysokiej wydajno\u015bci do izolacji, wype\u0142niania i uszczelniania \u2013 PENOSIL Gold Gun 65 Winter. Dowiedz si\u0119 wi\u0119cej!","breadcrumb":{"@id":"https:\/\/penosil.com\/pl\/produkt\/piana-pistoletowa-niskoprezna-zimowa\/#breadcrumb"},"inLanguage":"pl-PL","potentialAction":[{"@type":"ReadAction","target":["https:\/\/penosil.com\/pl\/produkt\/piana-pistoletowa-niskoprezna-zimowa\/"]}]},{"@type":"ImageObject","inLanguage":"pl-PL","@id":"https:\/\/penosil.com\/pl\/produkt\/piana-pistoletowa-niskoprezna-zimowa\/#primaryimage","url":"https:\/\/penosil.com\/pl\/wp-content\/uploads\/sites\/39\/2025\/03\/GoldGun65_870ml_Light_yellow_CZPLSK.png","contentUrl":"https:\/\/penosil.com\/pl\/wp-content\/uploads\/sites\/39\/2025\/03\/GoldGun65_870ml_Light_yellow_CZPLSK.png","width":523,"height":1080},{"@type":"BreadcrumbList","@id":"https:\/\/penosil.com\/pl\/produkt\/piana-pistoletowa-niskoprezna-zimowa\/#breadcrumb","itemListElement":[{"@type":"ListItem","position":1,"name":"Home","item":"https:\/\/penosil.com\/pl\/"},{"@type":"ListItem","position":2,"name":"Produkty","item":"https:\/\/penosil.com\/pl\/produkty\/"},{"@type":"ListItem","position":3,"name":"GoldGun 65 Winter"}]},{"@type":"WebSite","@id":"https:\/\/penosil.com\/pl\/#website","url":"https:\/\/penosil.com\/pl\/","name":"PENOSIL Polska","description":"","potentialAction":[{"@type":"SearchAction","target":{"@type":"EntryPoint","urlTemplate":"https:\/\/penosil.com\/pl\/?s={search_term_string}"},"query-input":{"@type":"PropertyValueSpecification","valueRequired":true,"valueName":"search_term_string"}}],"inLanguage":"pl-PL"}]}},"featured_img":"https:\/\/penosil.com\/pl\/wp-content\/uploads\/sites\/39\/2025\/03\/GoldGun65_870ml_Light_yellow_CZPLSK.png","coauthors":[],"author_meta":{"author_link":"https:\/\/penosil.com\/pl\/author\/piscines-excellence-fr\/","display_name":"piscines-excellence.fr"},"relative_dates":{"created":"Posted 1 rok ago","modified":"Updated 5 miesi\u0119cy ago"},"absolute_dates":{"created":"Posted on 23\/03\/2025","modified":"Updated on 18\/11\/2025"},"absolute_dates_time":{"created":"Posted on 23\/03\/2025 15:54","modified":"Updated on 18\/11\/2025 20:05"},"featured_img_caption":"","tax_additional":{"product_brand":{"linked":[],"unlinked":[],"slug":"product_brand","name":"Marki"},"product_type":{"linked":["<a href=\"https:\/\/penosil.com\/pl\/?taxonomy=product_type&#038;term=simple\" class=\"advgb-post-tax-term\">simple<\/a>"],"unlinked":["<span class=\"advgb-post-tax-term\">simple<\/span>"],"slug":"product_type","name":"Typ produktu"},"product_visibility":{"linked":[],"unlinked":[],"slug":"product_visibility","name":"Widoczno\u015b\u0107 produktu"},"product_cat":{"linked":["<a href=\"https:\/\/penosil.com\/pl\/kategoria-produktu\/obszary-zastosowania\/\" class=\"advgb-post-tax-term\">Obszary zastosowania<\/a>","<a href=\"https:\/\/penosil.com\/pl\/kategoria-produktu\/obszary-zastosowania\/budownictwo-ogolne\/\" class=\"advgb-post-tax-term\">Budownictwo og\u00f3lne<\/a>","<a href=\"https:\/\/penosil.com\/pl\/kategoria-produktu\/grupy-produktowe\/piany-poliuretanowe\/piany-pistoletowe\/\" class=\"advgb-post-tax-term\">Piany pistoletowe<\/a>","<a href=\"https:\/\/penosil.com\/pl\/kategoria-produktu\/grupy-produktowe\/\" class=\"advgb-post-tax-term\">Grupy produktowe<\/a>","<a href=\"https:\/\/penosil.com\/pl\/kategoria-produktu\/obszary-zastosowania\/okna-i-drzwi\/\" class=\"advgb-post-tax-term\">Okna i drzwi<\/a>","<a href=\"https:\/\/penosil.com\/pl\/kategoria-produktu\/grupy-produktowe\/piany-poliuretanowe\/\" class=\"advgb-post-tax-term\">Piany poliuretanowe<\/a>"],"unlinked":["<span class=\"advgb-post-tax-term\">Obszary zastosowania<\/span>","<span class=\"advgb-post-tax-term\">Budownictwo og\u00f3lne<\/span>","<span class=\"advgb-post-tax-term\">Piany pistoletowe<\/span>","<span class=\"advgb-post-tax-term\">Grupy produktowe<\/span>","<span class=\"advgb-post-tax-term\">Okna i drzwi<\/span>","<span class=\"advgb-post-tax-term\">Piany poliuretanowe<\/span>"],"slug":"product_cat","name":"Kategorie produkt\u00f3w"},"product_tag":{"linked":[],"unlinked":[],"slug":"product_tag","name":"Znaczniki produktu"},"product_shipping_class":{"linked":[],"unlinked":[],"slug":"product_shipping_class","name":"Klasy wysy\u0142kowe produktu"},"pos_product_visibility":{"linked":[],"unlinked":[],"slug":"pos_product_visibility","name":"Widoczno\u015b\u0107 produktu w punkcie sprzeda\u017cy (POS)"},"pa_kolor":{"linked":["<a href=\"https:\/\/penosil.com\/pl\/?taxonomy=pa_kolor&#038;term=kremowy\" class=\"advgb-post-tax-term\">Kremowy<\/a>"],"unlinked":["<span class=\"advgb-post-tax-term\">Kremowy<\/span>"],"slug":"pa_kolor","name":"Product Kolor"},"pa_opakowanie":{"linked":["<a href=\"https:\/\/penosil.com\/pl\/?taxonomy=pa_opakowanie&#038;term=880-ml\" class=\"advgb-post-tax-term\">880 ml<\/a>"],"unlinked":["<span class=\"advgb-post-tax-term\">880 ml<\/span>"],"slug":"pa_opakowanie","name":"Product Opakowanie"},"pa_rolka":{"linked":[],"unlinked":[],"slug":"pa_rolka","name":"Product Rolka"},"pa_srednica":{"linked":[],"unlinked":[],"slug":"pa_srednica","name":"Product \u015arednica"},"pa_szerokosc":{"linked":[],"unlinked":[],"slug":"pa_szerokosc","name":"Product Szeroko\u015b\u0107"},"translation_priority":{"linked":["<a href=\"https:\/\/penosil.com\/pl\/?taxonomy=translation_priority&#038;term=opcjonalne\" class=\"advgb-post-tax-term\">Opcjonalne<\/a>"],"unlinked":["<span class=\"advgb-post-tax-term\">Opcjonalne<\/span>"],"slug":"translation_priority","name":"Priorytety t\u0142umaczenia"}},"series_order":"","_links":{"self":[{"href":"https:\/\/penosil.com\/pl\/wp-json\/wp\/v2\/product\/37499","targetHints":{"allow":["GET"]}}],"collection":[{"href":"https:\/\/penosil.com\/pl\/wp-json\/wp\/v2\/product"}],"about":[{"href":"https:\/\/penosil.com\/pl\/wp-json\/wp\/v2\/types\/product"}],"version-history":[{"count":9,"href":"https:\/\/penosil.com\/pl\/wp-json\/wp\/v2\/product\/37499\/revisions"}],"predecessor-version":[{"id":38302,"href":"https:\/\/penosil.com\/pl\/wp-json\/wp\/v2\/product\/37499\/revisions\/38302"}],"wp:featuredmedia":[{"embeddable":true,"href":"https:\/\/penosil.com\/pl\/wp-json\/wp\/v2\/media\/37500"}],"wp:attachment":[{"href":"https:\/\/penosil.com\/pl\/wp-json\/wp\/v2\/media?parent=37499"}],"wp:term":[{"taxonomy":"product_brand","embeddable":true,"href":"https:\/\/penosil.com\/pl\/wp-json\/wp\/v2\/product_brand?post=37499"},{"taxonomy":"product_cat","embeddable":true,"href":"https:\/\/penosil.com\/pl\/wp-json\/wp\/v2\/product_cat?post=37499"},{"taxonomy":"product_tag","embeddable":true,"href":"https:\/\/penosil.com\/pl\/wp-json\/wp\/v2\/product_tag?post=37499"}],"curies":[{"name":"wp","href":"https:\/\/api.w.org\/{rel}","templated":true}]}}