{"id":37570,"date":"2025-03-23T23:27:00","date_gmt":"2025-03-23T23:27:00","guid":{"rendered":"https:\/\/penosil.rktv.ee\/pl\/?post_type=product&#038;p=37570"},"modified":"2025-11-18T19:43:32","modified_gmt":"2025-11-18T17:43:32","slug":"akryl-do-plyt-gk","status":"publish","type":"product","link":"https:\/\/penosil.com\/pl\/produkt\/akryl-do-plyt-gk\/","title":{"rendered":"Drywall Acrylic 686"},"content":{"rendered":"<p><span style=\"font-weight: 400;\">PENOSIL Drywall Acrylic 686 to jednosk\u0142adnikowy uszczelniacze na bazie \u017cywic akrylowych, przeznaczony do spoinowania naro\u017cnik\u00f3w przy zabudowie w technologii p\u0142yt gipsowo-kartonowych.<\/span><\/p>\n<p><span style=\"font-weight: 400;\">Charakteryzuje si\u0119 wysok\u0105 elastyczno\u015bci\u0105 i doskonale nadaje si\u0119 do malowania. Posiada idealn\u0105 przyczepno\u015b\u0107 do typowych powierzchni budowlanych, r\u00f3wnie\u017c wilgotnych, tj. p\u0142yta G-K, beton, ceg\u0142a, tynk, drewno i kamie\u0144. Jest bezzapachowy odporny na mr\u00f3z i promieniowanie UV.<\/span><\/p>\n","protected":false},"excerpt":{"rendered":"Akryl do p\u0142yt G\/K","protected":false},"author":410,"featured_media":37574,"template":"","meta":{"_acf_changed":false,"advgb_blocks_editor_width":"","advgb_blocks_columns_visual_guide":"","footnotes":""},"product_brand":[],"product_cat":[2848,2850,2871,2867,2856],"product_tag":[],"class_list":{"0":"post-37570","1":"product","2":"type-product","3":"status-publish","4":"has-post-thumbnail","6":"product_cat-obszary-zastosowania","7":"product_cat-grupy-produktowe","8":"product_cat-akryle","9":"product_cat-uszczelniacze","10":"product_cat-wykonczenie-wnetrz","12":"first","13":"instock","14":"taxable","15":"shipping-taxable","16":"purchasable","17":"product-type-simple"},"acf":[],"yoast_head":"<!-- This site is optimized with the Yoast SEO plugin v27.2 - https:\/\/yoast.com\/product\/yoast-seo-wordpress\/ -->\n<title>PENOSIL Drywall Acrylic 686 - Akryl do p\u0142yt G\/K<\/title>\n<meta name=\"description\" content=\"PENOSIL Drywall Acrylic 686 to jednosk\u0142adnikowy uszczelniacz na bazie \u017cywic akrylowych, przeznaczonym do spoinowania przy zabudowie w technologii p\u0142yt G\/K.\" \/>\n<meta name=\"robots\" content=\"index, follow, max-snippet:-1, max-image-preview:large, max-video-preview:-1\" \/>\n<link rel=\"canonical\" href=\"https:\/\/penosil.com\/pl\/produkt\/akryl-do-plyt-gk\/\" \/>\n<meta property=\"og:locale\" content=\"pl_PL\" \/>\n<meta property=\"og:type\" content=\"article\" \/>\n<meta property=\"og:title\" content=\"PENOSIL Drywall Acrylic 686 - Akryl do p\u0142yt G\/K\" \/>\n<meta property=\"og:description\" content=\"PENOSIL Drywall Acrylic 686 to jednosk\u0142adnikowy uszczelniacz na bazie \u017cywic akrylowych, przeznaczonym do spoinowania przy zabudowie w technologii p\u0142yt G\/K.\" \/>\n<meta property=\"og:url\" content=\"https:\/\/penosil.com\/pl\/produkt\/akryl-do-plyt-gk\/\" \/>\n<meta property=\"og:site_name\" content=\"PENOSIL Polska\" \/>\n<meta property=\"article:modified_time\" content=\"2025-11-18T17:43:32+00:00\" \/>\n<meta property=\"og:image\" content=\"https:\/\/penosil.com\/pl\/wp-content\/uploads\/sites\/39\/2025\/03\/686_Drywall_Acrylic_686_White_CZPLSK.png\" \/>\n\t<meta property=\"og:image:width\" content=\"387\" \/>\n\t<meta property=\"og:image:height\" content=\"1080\" \/>\n\t<meta property=\"og:image:type\" content=\"image\/png\" \/>\n<meta name=\"twitter:card\" content=\"summary_large_image\" \/>\n<meta name=\"twitter:label1\" content=\"Szacowany czas czytania\" \/>\n\t<meta name=\"twitter:data1\" content=\"3 minuty\" \/>\n<script type=\"application\/ld+json\" class=\"yoast-schema-graph\">{\"@context\":\"https:\/\/schema.org\",\"@graph\":[{\"@type\":\"WebPage\",\"@id\":\"https:\/\/penosil.com\/pl\/produkt\/akryl-do-plyt-gk\/\",\"url\":\"https:\/\/penosil.com\/pl\/produkt\/akryl-do-plyt-gk\/\",\"name\":\"PENOSIL Drywall Acrylic 686 - Akryl do p\u0142yt G\/K\",\"isPartOf\":{\"@id\":\"https:\/\/penosil.com\/pl\/#website\"},\"primaryImageOfPage\":{\"@id\":\"https:\/\/penosil.com\/pl\/produkt\/akryl-do-plyt-gk\/#primaryimage\"},\"image\":{\"@id\":\"https:\/\/penosil.com\/pl\/produkt\/akryl-do-plyt-gk\/#primaryimage\"},\"thumbnailUrl\":\"https:\/\/penosil.com\/pl\/wp-content\/uploads\/sites\/39\/2025\/03\/686_Drywall_Acrylic_686_White_CZPLSK.png\",\"datePublished\":\"2025-03-23T23:27:00+00:00\",\"dateModified\":\"2025-11-18T17:43:32+00:00\",\"description\":\"PENOSIL Drywall Acrylic 686 to jednosk\u0142adnikowy uszczelniacz na bazie \u017cywic akrylowych, przeznaczonym do spoinowania przy zabudowie w technologii p\u0142yt G\/K.\",\"breadcrumb\":{\"@id\":\"https:\/\/penosil.com\/pl\/produkt\/akryl-do-plyt-gk\/#breadcrumb\"},\"inLanguage\":\"pl-PL\",\"potentialAction\":[{\"@type\":\"ReadAction\",\"target\":[\"https:\/\/penosil.com\/pl\/produkt\/akryl-do-plyt-gk\/\"]}]},{\"@type\":\"ImageObject\",\"inLanguage\":\"pl-PL\",\"@id\":\"https:\/\/penosil.com\/pl\/produkt\/akryl-do-plyt-gk\/#primaryimage\",\"url\":\"https:\/\/penosil.com\/pl\/wp-content\/uploads\/sites\/39\/2025\/03\/686_Drywall_Acrylic_686_White_CZPLSK.png\",\"contentUrl\":\"https:\/\/penosil.com\/pl\/wp-content\/uploads\/sites\/39\/2025\/03\/686_Drywall_Acrylic_686_White_CZPLSK.png\",\"width\":387,\"height\":1080},{\"@type\":\"BreadcrumbList\",\"@id\":\"https:\/\/penosil.com\/pl\/produkt\/akryl-do-plyt-gk\/#breadcrumb\",\"itemListElement\":[{\"@type\":\"ListItem\",\"position\":1,\"name\":\"Home\",\"item\":\"https:\/\/penosil.com\/pl\/\"},{\"@type\":\"ListItem\",\"position\":2,\"name\":\"Produkty\",\"item\":\"https:\/\/penosil.com\/pl\/produkty\/\"},{\"@type\":\"ListItem\",\"position\":3,\"name\":\"Drywall Acrylic 686\"}]},{\"@type\":\"WebSite\",\"@id\":\"https:\/\/penosil.com\/pl\/#website\",\"url\":\"https:\/\/penosil.com\/pl\/\",\"name\":\"PENOSIL Polska\",\"description\":\"\",\"potentialAction\":[{\"@type\":\"SearchAction\",\"target\":{\"@type\":\"EntryPoint\",\"urlTemplate\":\"https:\/\/penosil.com\/pl\/?s={search_term_string}\"},\"query-input\":{\"@type\":\"PropertyValueSpecification\",\"valueRequired\":true,\"valueName\":\"search_term_string\"}}],\"inLanguage\":\"pl-PL\"}]}<\/script>\n<!-- \/ Yoast SEO plugin. -->","yoast_head_json":{"title":"PENOSIL Drywall Acrylic 686 - Akryl do p\u0142yt G\/K","description":"PENOSIL Drywall Acrylic 686 to jednosk\u0142adnikowy uszczelniacz na bazie \u017cywic akrylowych, przeznaczonym do spoinowania przy zabudowie w technologii p\u0142yt G\/K.","robots":{"index":"index","follow":"follow","max-snippet":"max-snippet:-1","max-image-preview":"max-image-preview:large","max-video-preview":"max-video-preview:-1"},"canonical":"https:\/\/penosil.com\/pl\/produkt\/akryl-do-plyt-gk\/","og_locale":"pl_PL","og_type":"article","og_title":"PENOSIL Drywall Acrylic 686 - Akryl do p\u0142yt G\/K","og_description":"PENOSIL Drywall Acrylic 686 to jednosk\u0142adnikowy uszczelniacz na bazie \u017cywic akrylowych, przeznaczonym do spoinowania przy zabudowie w technologii p\u0142yt G\/K.","og_url":"https:\/\/penosil.com\/pl\/produkt\/akryl-do-plyt-gk\/","og_site_name":"PENOSIL Polska","article_modified_time":"2025-11-18T17:43:32+00:00","og_image":[{"width":387,"height":1080,"url":"https:\/\/penosil.com\/pl\/wp-content\/uploads\/sites\/39\/2025\/03\/686_Drywall_Acrylic_686_White_CZPLSK.png","type":"image\/png"}],"twitter_card":"summary_large_image","twitter_misc":{"Szacowany czas czytania":"3 minuty"},"schema":{"@context":"https:\/\/schema.org","@graph":[{"@type":"WebPage","@id":"https:\/\/penosil.com\/pl\/produkt\/akryl-do-plyt-gk\/","url":"https:\/\/penosil.com\/pl\/produkt\/akryl-do-plyt-gk\/","name":"PENOSIL Drywall Acrylic 686 - Akryl do p\u0142yt G\/K","isPartOf":{"@id":"https:\/\/penosil.com\/pl\/#website"},"primaryImageOfPage":{"@id":"https:\/\/penosil.com\/pl\/produkt\/akryl-do-plyt-gk\/#primaryimage"},"image":{"@id":"https:\/\/penosil.com\/pl\/produkt\/akryl-do-plyt-gk\/#primaryimage"},"thumbnailUrl":"https:\/\/penosil.com\/pl\/wp-content\/uploads\/sites\/39\/2025\/03\/686_Drywall_Acrylic_686_White_CZPLSK.png","datePublished":"2025-03-23T23:27:00+00:00","dateModified":"2025-11-18T17:43:32+00:00","description":"PENOSIL Drywall Acrylic 686 to jednosk\u0142adnikowy uszczelniacz na bazie \u017cywic akrylowych, przeznaczonym do spoinowania przy zabudowie w technologii p\u0142yt G\/K.","breadcrumb":{"@id":"https:\/\/penosil.com\/pl\/produkt\/akryl-do-plyt-gk\/#breadcrumb"},"inLanguage":"pl-PL","potentialAction":[{"@type":"ReadAction","target":["https:\/\/penosil.com\/pl\/produkt\/akryl-do-plyt-gk\/"]}]},{"@type":"ImageObject","inLanguage":"pl-PL","@id":"https:\/\/penosil.com\/pl\/produkt\/akryl-do-plyt-gk\/#primaryimage","url":"https:\/\/penosil.com\/pl\/wp-content\/uploads\/sites\/39\/2025\/03\/686_Drywall_Acrylic_686_White_CZPLSK.png","contentUrl":"https:\/\/penosil.com\/pl\/wp-content\/uploads\/sites\/39\/2025\/03\/686_Drywall_Acrylic_686_White_CZPLSK.png","width":387,"height":1080},{"@type":"BreadcrumbList","@id":"https:\/\/penosil.com\/pl\/produkt\/akryl-do-plyt-gk\/#breadcrumb","itemListElement":[{"@type":"ListItem","position":1,"name":"Home","item":"https:\/\/penosil.com\/pl\/"},{"@type":"ListItem","position":2,"name":"Produkty","item":"https:\/\/penosil.com\/pl\/produkty\/"},{"@type":"ListItem","position":3,"name":"Drywall Acrylic 686"}]},{"@type":"WebSite","@id":"https:\/\/penosil.com\/pl\/#website","url":"https:\/\/penosil.com\/pl\/","name":"PENOSIL Polska","description":"","potentialAction":[{"@type":"SearchAction","target":{"@type":"EntryPoint","urlTemplate":"https:\/\/penosil.com\/pl\/?s={search_term_string}"},"query-input":{"@type":"PropertyValueSpecification","valueRequired":true,"valueName":"search_term_string"}}],"inLanguage":"pl-PL"}]}},"featured_img":"https:\/\/penosil.com\/pl\/wp-content\/uploads\/sites\/39\/2025\/03\/686_Drywall_Acrylic_686_White_CZPLSK.png","coauthors":[],"author_meta":{"author_link":"https:\/\/penosil.com\/pl\/author\/piscines-excellence-fr\/","display_name":"piscines-excellence.fr"},"relative_dates":{"created":"Posted 1 rok ago","modified":"Updated 5 miesi\u0119cy ago"},"absolute_dates":{"created":"Posted on 23\/03\/2025","modified":"Updated on 18\/11\/2025"},"absolute_dates_time":{"created":"Posted on 23\/03\/2025 23:27","modified":"Updated on 18\/11\/2025 19:43"},"featured_img_caption":"","tax_additional":{"product_brand":{"linked":[],"unlinked":[],"slug":"product_brand","name":"Marki"},"product_type":{"linked":["<a href=\"https:\/\/penosil.com\/pl\/?taxonomy=product_type&#038;term=simple\" class=\"advgb-post-tax-term\">simple<\/a>"],"unlinked":["<span class=\"advgb-post-tax-term\">simple<\/span>"],"slug":"product_type","name":"Typ produktu"},"product_visibility":{"linked":[],"unlinked":[],"slug":"product_visibility","name":"Widoczno\u015b\u0107 produktu"},"product_cat":{"linked":["<a href=\"https:\/\/penosil.com\/pl\/kategoria-produktu\/obszary-zastosowania\/\" class=\"advgb-post-tax-term\">Obszary zastosowania<\/a>","<a href=\"https:\/\/penosil.com\/pl\/kategoria-produktu\/grupy-produktowe\/\" class=\"advgb-post-tax-term\">Grupy produktowe<\/a>","<a href=\"https:\/\/penosil.com\/pl\/kategoria-produktu\/grupy-produktowe\/uszczelniacze\/akryle\/\" class=\"advgb-post-tax-term\">Akryle<\/a>","<a href=\"https:\/\/penosil.com\/pl\/kategoria-produktu\/grupy-produktowe\/uszczelniacze\/\" class=\"advgb-post-tax-term\">Uszczelniacze<\/a>","<a href=\"https:\/\/penosil.com\/pl\/kategoria-produktu\/obszary-zastosowania\/wykonczenie-wnetrz\/\" class=\"advgb-post-tax-term\">Wyko\u0144czenie wn\u0119trz<\/a>"],"unlinked":["<span class=\"advgb-post-tax-term\">Obszary zastosowania<\/span>","<span class=\"advgb-post-tax-term\">Grupy produktowe<\/span>","<span class=\"advgb-post-tax-term\">Akryle<\/span>","<span class=\"advgb-post-tax-term\">Uszczelniacze<\/span>","<span class=\"advgb-post-tax-term\">Wyko\u0144czenie wn\u0119trz<\/span>"],"slug":"product_cat","name":"Kategorie produkt\u00f3w"},"product_tag":{"linked":[],"unlinked":[],"slug":"product_tag","name":"Znaczniki produktu"},"product_shipping_class":{"linked":[],"unlinked":[],"slug":"product_shipping_class","name":"Klasy wysy\u0142kowe produktu"},"pos_product_visibility":{"linked":[],"unlinked":[],"slug":"pos_product_visibility","name":"Widoczno\u015b\u0107 produktu w punkcie sprzeda\u017cy (POS)"},"pa_kolor":{"linked":["<a href=\"https:\/\/penosil.com\/pl\/?taxonomy=pa_kolor&#038;term=bialy\" class=\"advgb-post-tax-term\">Bia\u0142y<\/a>"],"unlinked":["<span class=\"advgb-post-tax-term\">Bia\u0142y<\/span>"],"slug":"pa_kolor","name":"Product Kolor"},"pa_opakowanie":{"linked":["<a href=\"https:\/\/penosil.com\/pl\/?taxonomy=pa_opakowanie&#038;term=280-ml-2-pl\" class=\"advgb-post-tax-term\">280 ml<\/a>"],"unlinked":["<span class=\"advgb-post-tax-term\">280 ml<\/span>"],"slug":"pa_opakowanie","name":"Product Opakowanie"},"pa_rolka":{"linked":[],"unlinked":[],"slug":"pa_rolka","name":"Product Rolka"},"pa_srednica":{"linked":[],"unlinked":[],"slug":"pa_srednica","name":"Product \u015arednica"},"pa_szerokosc":{"linked":[],"unlinked":[],"slug":"pa_szerokosc","name":"Product Szeroko\u015b\u0107"},"translation_priority":{"linked":["<a href=\"https:\/\/penosil.com\/pl\/?taxonomy=translation_priority&#038;term=opcjonalne\" class=\"advgb-post-tax-term\">Opcjonalne<\/a>"],"unlinked":["<span class=\"advgb-post-tax-term\">Opcjonalne<\/span>"],"slug":"translation_priority","name":"Priorytety t\u0142umaczenia"}},"series_order":"","_links":{"self":[{"href":"https:\/\/penosil.com\/pl\/wp-json\/wp\/v2\/product\/37570","targetHints":{"allow":["GET"]}}],"collection":[{"href":"https:\/\/penosil.com\/pl\/wp-json\/wp\/v2\/product"}],"about":[{"href":"https:\/\/penosil.com\/pl\/wp-json\/wp\/v2\/types\/product"}],"version-history":[{"count":7,"href":"https:\/\/penosil.com\/pl\/wp-json\/wp\/v2\/product\/37570\/revisions"}],"predecessor-version":[{"id":38290,"href":"https:\/\/penosil.com\/pl\/wp-json\/wp\/v2\/product\/37570\/revisions\/38290"}],"wp:featuredmedia":[{"embeddable":true,"href":"https:\/\/penosil.com\/pl\/wp-json\/wp\/v2\/media\/37574"}],"wp:attachment":[{"href":"https:\/\/penosil.com\/pl\/wp-json\/wp\/v2\/media?parent=37570"}],"wp:term":[{"taxonomy":"product_brand","embeddable":true,"href":"https:\/\/penosil.com\/pl\/wp-json\/wp\/v2\/product_brand?post=37570"},{"taxonomy":"product_cat","embeddable":true,"href":"https:\/\/penosil.com\/pl\/wp-json\/wp\/v2\/product_cat?post=37570"},{"taxonomy":"product_tag","embeddable":true,"href":"https:\/\/penosil.com\/pl\/wp-json\/wp\/v2\/product_tag?post=37570"}],"curies":[{"name":"wp","href":"https:\/\/api.w.org\/{rel}","templated":true}]}}