{"id":6472,"date":"2019-07-30T13:32:43","date_gmt":"2019-07-30T13:32:43","guid":{"rendered":"https:\/\/penosil.com\/pt\/videos-2\/"},"modified":"2021-05-06T11:18:22","modified_gmt":"2021-05-06T11:18:22","slug":"videos","status":"publish","type":"page","link":"https:\/\/penosil.com\/pt\/videos\/","title":{"rendered":"V\u00eddeos"},"content":{"rendered":"\n<p>Bem vindo ao canal de v\u00eddeos Penosil. Veja v\u00eddeos instrutivos sobre o uso de produtos qu\u00edmicos para constru\u00e7\u00e3o em v\u00e1rias aplica\u00e7\u00f5es. <\/p>\n","protected":false},"excerpt":{"rendered":"Bem vindo ao canal de v\u00eddeos Penosil. Veja v\u00eddeos instrutivos sobre o uso de produtos qu\u00edmicos para constru\u00e7\u00e3o em v\u00e1rias aplica\u00e7\u00f5es.","protected":false},"author":1,"featured_media":0,"parent":0,"menu_order":283,"comment_status":"closed","ping_status":"closed","template":"page-templates\/template-videos.php","meta":{"_acf_changed":false,"advgb_blocks_editor_width":"","advgb_blocks_columns_visual_guide":"","footnotes":""},"class_list":["post-6472","page","type-page","status-publish","hentry"],"acf":[],"yoast_head":"<!-- This site is optimized with the Yoast SEO plugin v27.2 - https:\/\/yoast.com\/product\/yoast-seo-wordpress\/ -->\n<title>V\u00eddeos - Penosil Portugal<\/title>\n<meta name=\"robots\" content=\"index, follow, max-snippet:-1, max-image-preview:large, max-video-preview:-1\" \/>\n<link rel=\"canonical\" href=\"https:\/\/penosil.com\/pt\/videos\/\" \/>\n<meta property=\"og:locale\" content=\"pt_PT\" \/>\n<meta property=\"og:type\" content=\"article\" \/>\n<meta property=\"og:title\" content=\"V\u00eddeos - Penosil Portugal\" \/>\n<meta property=\"og:description\" content=\"Bem vindo ao canal de v\u00eddeos Penosil. Veja v\u00eddeos instrutivos sobre o uso de produtos qu\u00edmicos para constru\u00e7\u00e3o em v\u00e1rias aplica\u00e7\u00f5es.\" \/>\n<meta property=\"og:url\" content=\"https:\/\/penosil.com\/pt\/videos\/\" \/>\n<meta property=\"og:site_name\" content=\"Penosil Portugal\" \/>\n<meta property=\"article:modified_time\" content=\"2021-05-06T11:18:22+00:00\" \/>\n<meta name=\"twitter:card\" content=\"summary_large_image\" \/>\n<meta name=\"twitter:label1\" content=\"Tempo estimado de leitura\" \/>\n\t<meta name=\"twitter:data1\" content=\"1 minuto\" \/>\n<script type=\"application\/ld+json\" class=\"yoast-schema-graph\">{\"@context\":\"https:\/\/schema.org\",\"@graph\":[{\"@type\":\"WebPage\",\"@id\":\"https:\/\/penosil.com\/pt\/videos\/\",\"url\":\"https:\/\/penosil.com\/pt\/videos\/\",\"name\":\"V\u00eddeos - Penosil Portugal\",\"isPartOf\":{\"@id\":\"https:\/\/penosil.com\/pt\/#website\"},\"datePublished\":\"2019-07-30T13:32:43+00:00\",\"dateModified\":\"2021-05-06T11:18:22+00:00\",\"breadcrumb\":{\"@id\":\"https:\/\/penosil.com\/pt\/videos\/#breadcrumb\"},\"inLanguage\":\"pt-PT\",\"potentialAction\":[{\"@type\":\"ReadAction\",\"target\":[\"https:\/\/penosil.com\/pt\/videos\/\"]}]},{\"@type\":\"BreadcrumbList\",\"@id\":\"https:\/\/penosil.com\/pt\/videos\/#breadcrumb\",\"itemListElement\":[{\"@type\":\"ListItem\",\"position\":1,\"name\":\"Home\",\"item\":\"https:\/\/penosil.com\/pt\/\"},{\"@type\":\"ListItem\",\"position\":2,\"name\":\"V\u00eddeos\"}]},{\"@type\":\"WebSite\",\"@id\":\"https:\/\/penosil.com\/pt\/#website\",\"url\":\"https:\/\/penosil.com\/pt\/\",\"name\":\"Penosil Portugal\",\"description\":\"\",\"potentialAction\":[{\"@type\":\"SearchAction\",\"target\":{\"@type\":\"EntryPoint\",\"urlTemplate\":\"https:\/\/penosil.com\/pt\/?s={search_term_string}\"},\"query-input\":{\"@type\":\"PropertyValueSpecification\",\"valueRequired\":true,\"valueName\":\"search_term_string\"}}],\"inLanguage\":\"pt-PT\"}]}<\/script>\n<!-- \/ Yoast SEO plugin. -->","yoast_head_json":{"title":"V\u00eddeos - Penosil Portugal","robots":{"index":"index","follow":"follow","max-snippet":"max-snippet:-1","max-image-preview":"max-image-preview:large","max-video-preview":"max-video-preview:-1"},"canonical":"https:\/\/penosil.com\/pt\/videos\/","og_locale":"pt_PT","og_type":"article","og_title":"V\u00eddeos - Penosil Portugal","og_description":"Bem vindo ao canal de v\u00eddeos Penosil. Veja v\u00eddeos instrutivos sobre o uso de produtos qu\u00edmicos para constru\u00e7\u00e3o em v\u00e1rias aplica\u00e7\u00f5es.","og_url":"https:\/\/penosil.com\/pt\/videos\/","og_site_name":"Penosil Portugal","article_modified_time":"2021-05-06T11:18:22+00:00","twitter_card":"summary_large_image","twitter_misc":{"Tempo estimado de leitura":"1 minuto"},"schema":{"@context":"https:\/\/schema.org","@graph":[{"@type":"WebPage","@id":"https:\/\/penosil.com\/pt\/videos\/","url":"https:\/\/penosil.com\/pt\/videos\/","name":"V\u00eddeos - Penosil Portugal","isPartOf":{"@id":"https:\/\/penosil.com\/pt\/#website"},"datePublished":"2019-07-30T13:32:43+00:00","dateModified":"2021-05-06T11:18:22+00:00","breadcrumb":{"@id":"https:\/\/penosil.com\/pt\/videos\/#breadcrumb"},"inLanguage":"pt-PT","potentialAction":[{"@type":"ReadAction","target":["https:\/\/penosil.com\/pt\/videos\/"]}]},{"@type":"BreadcrumbList","@id":"https:\/\/penosil.com\/pt\/videos\/#breadcrumb","itemListElement":[{"@type":"ListItem","position":1,"name":"Home","item":"https:\/\/penosil.com\/pt\/"},{"@type":"ListItem","position":2,"name":"V\u00eddeos"}]},{"@type":"WebSite","@id":"https:\/\/penosil.com\/pt\/#website","url":"https:\/\/penosil.com\/pt\/","name":"Penosil Portugal","description":"","potentialAction":[{"@type":"SearchAction","target":{"@type":"EntryPoint","urlTemplate":"https:\/\/penosil.com\/pt\/?s={search_term_string}"},"query-input":{"@type":"PropertyValueSpecification","valueRequired":true,"valueName":"search_term_string"}}],"inLanguage":"pt-PT"}]}},"coauthors":[],"author_meta":{"author_link":"https:\/\/penosil.com\/pt\/author\/reaktiiv-pe\/","display_name":"reaktiiv-pe"},"relative_dates":{"created":"Posted 7 anos ago","modified":"Updated 5 anos ago"},"absolute_dates":{"created":"Posted on 30 de Julho, 2019","modified":"Updated on 6 de Maio, 2021"},"absolute_dates_time":{"created":"Posted on 30 de Julho, 2019 13:32","modified":"Updated on 6 de Maio, 2021 11:18"},"featured_img_caption":"","featured_img":false,"series_order":"","_links":{"self":[{"href":"https:\/\/penosil.com\/pt\/wp-json\/wp\/v2\/pages\/6472","targetHints":{"allow":["GET"]}}],"collection":[{"href":"https:\/\/penosil.com\/pt\/wp-json\/wp\/v2\/pages"}],"about":[{"href":"https:\/\/penosil.com\/pt\/wp-json\/wp\/v2\/types\/page"}],"author":[{"embeddable":true,"href":"https:\/\/penosil.com\/pt\/wp-json\/wp\/v2\/users\/1"}],"replies":[{"embeddable":true,"href":"https:\/\/penosil.com\/pt\/wp-json\/wp\/v2\/comments?post=6472"}],"version-history":[{"count":6,"href":"https:\/\/penosil.com\/pt\/wp-json\/wp\/v2\/pages\/6472\/revisions"}],"predecessor-version":[{"id":7737,"href":"https:\/\/penosil.com\/pt\/wp-json\/wp\/v2\/pages\/6472\/revisions\/7737"}],"wp:attachment":[{"href":"https:\/\/penosil.com\/pt\/wp-json\/wp\/v2\/media?parent=6472"}],"curies":[{"name":"wp","href":"https:\/\/api.w.org\/{rel}","templated":true}]}}