{"id":9450,"date":"2024-04-02T10:08:07","date_gmt":"2024-04-02T10:08:07","guid":{"rendered":"https:\/\/penosil.com\/pt\/?page_id=9450"},"modified":"2024-06-10T07:50:18","modified_gmt":"2024-06-10T07:50:18","slug":"politica-cookies","status":"publish","type":"page","link":"https:\/\/penosil.com\/pt\/politica-cookies\/","title":{"rendered":"Pol\u00edtica de Cookies"},"content":{"rendered":"\n<p>Esta Pol\u00edtica de Cookies descreve como o Wolf Group Ib\u00e9rico instala e utiliza os cookies no website <a href=\"https:\/\/penosil.com\/pt\">https:\/\/penosil.com\/pt<\/a>.<\/p>\n\n\n\n<p>No nosso website, utilizamos cookies pr\u00f3prias e de terceiros para melhorarmos a sua experi\u00eancia de utilizador e para recolhermos dados estat\u00edsticos sobre a utiliza\u00e7\u00e3o do nosso website por parte dos utilizadores. Os cookies s\u00f3 s\u00e3o associados ao navegador que est\u00e1 a utilizar, o que significa que n\u00e3o \u00e9 armazenado qualquer tipo de dado pessoal sobre o utilizador que visita a nossa p\u00e1gina web. Pode configurar o seu navegador de forma que o notifique e\/ou rejeite a instala\u00e7\u00e3o dos cookies, sem que isso prejudique a possibilidade de o utilizador poder aceder \u00e0s diferentes p\u00e1ginas do website, excetuando o servi\u00e7o de chat do apoio t\u00e9cnico.<\/p>\n\n\n\n<p>Caso navegue pelo nosso website, estar\u00e1 a aceitar a utiliza\u00e7\u00e3o dos cookies segundo as condi\u00e7\u00f5es estabelecidas nesta Pol\u00edtica de Cookies.<br>Esta pol\u00edtica pode ser atualizada, pelo que o convidamos a rev\u00ea-la de forma regular.<\/p>\n\n\n\n<h4 class=\"wp-block-heading\" style=\"font-style:normal;font-weight:600\"><strong>O que s\u00e3o os cookies?<\/strong><\/h4>\n\n\n\n<p>Os cookies s\u00e3o pequenos ficheiros de dados que o servidor de Internet envia para o dispositivo que utiliza para se ligar \u00e0s nossas p\u00e1ginas web e que este \u00faltimo arquiva. Os cookies s\u00f3 s\u00e3o associados ao seu navegador e n\u00e3o fornecem, por si s\u00f3, dados pessoais. Os cookies n\u00e3o podem prejudicar o seu dispositivo e, al\u00e9m disso, s\u00e3o muito \u00fateis, dado que nos ajudam a identificar e a emendar erros.<\/p>\n\n\n\n<p>Caso queira obter mais informa\u00e7\u00e3o sobre o seu funcionamento, recomendamos que visite <a href=\"http:\/\/www.allaboutcookies.org\">www.allaboutcookies.org<\/a> e <a href=\"http:\/\/www.youronlinechoices.eu\/es\/\">www.youronlinechoices.eu<\/a>.<\/p>\n\n\n\n<h4 class=\"wp-block-heading\" style=\"font-style:normal;font-weight:600\"><strong>Cookies de redes sociais<\/strong><\/h4>\n\n\n\n<p>Na nossa p\u00e1gina web est\u00e3o inclu\u00eddos bot\u00f5es que os utilizadores podem utilizar, de forma simples e intuitiva, para linkar e partilhar determinados conte\u00fados em redes sociais como o LinkedIn ou o Youtube. Esta funcionalidade implica a utiliza\u00e7\u00e3o de cookies que linkam com as p\u00e1ginas web destas redes sociais, armazenando unicamente a informa\u00e7\u00e3o sobre as mesmas.<\/p>\n\n\n\n<h4 class=\"wp-block-heading\" style=\"font-style:normal;font-weight:600\"><strong>Que tipo de Cookies utilizamos?<\/strong><\/h4>\n\n\n\n<p>No Website do Wolf Group Iberico utilizam-se cookies, pr\u00f3prios e de terceiros, com diferentes funcionalidades e fins. O utilizador det\u00e9m o controlo, em todos os instantes, sobre o tratamento dos seus dados e sobre a utiliza\u00e7\u00e3o dos Cookies, mediante a sua aceita\u00e7\u00e3o ou rejei\u00e7\u00e3o, podendo aceder a qualquer momento ao configurador que \u00e9 disponibilizado atrav\u00e9s do Website.<\/p>\n\n\n\n<ul class=\"default-list wp-block-list\"><li><strong><strong>Cookies t\u00e9cnicos<\/strong><\/strong><br>Os Cookies t\u00e9cnicos s\u00e3o essenciais para que o utilizador possa navegar pelo Website e utilizar as suas funcionalidades. De modo geral, estes Cookies possibilitam as diferentes funcionalidades do Website, fazem com que a sua navega\u00e7\u00e3o seja mais segura ou proporcionam funcionalidades que s\u00e3o previamente solicitadas pelo utilizador. Por serem necess\u00e1rios para o funcionamento do website, estes Cookies estar\u00e3o, por defeito, ativos e n\u00e3o podem ser rejeitados.<br>Este Website utiliza Cookies t\u00e9cnicos necess\u00e1rios para:<br>\u00b7 Garantir uma navega\u00e7\u00e3o segura e sem interrup\u00e7\u00f5es no Website.<br>\u00b7 Guardar as prefer\u00eancias do utilizador nos que diz respeito \u00e0 configura\u00e7\u00e3o, aceita\u00e7\u00e3o ou recusa dos Cookies do Website.<br>\u00b7 Partilhar o conte\u00fado (como artigos e publica\u00e7\u00f5es do blogue) nas diferentes redes sociais.<\/li><li><strong><strong>Cookies anal\u00edticos<\/strong><\/strong><br>Estes Cookies permitem realizar um acompanhamento e an\u00e1lise do comportamento dos utilizadores que navegam no Website. A informa\u00e7\u00e3o recolhida por este tipo de Cookies \u00e9 utilizada na medi\u00e7\u00e3o da atividade de uma p\u00e1gina web, aplica\u00e7\u00e3o ou plataforma, com a finalidade de realizar melhorias em fun\u00e7\u00e3o da an\u00e1lise dos dados da utiliza\u00e7\u00e3o que os utilizadores fazem do servi\u00e7o.<\/li><li><strong><strong>Cookies publicit\u00e1rios<\/strong><\/strong><br>Estes Cookies armazenam informa\u00e7\u00e3o sobre o comportamento dos utilizadores obtida atrav\u00e9s da observa\u00e7\u00e3o cont\u00ednua dos seus h\u00e1bitos de navega\u00e7\u00e3o, o que permite desenvolver um perfil espec\u00edfico para apresentar publicidade em fun\u00e7\u00e3o deste.<br>O Website implementa Cookies que podem recolher as prefer\u00eancias de navega\u00e7\u00e3o do utilizador (ex. reconhecer se o utilizador utiliza um dispositivo m\u00f3vel ou um computador, com a funcionalidade de personalizar a interface do utilizador).<\/li><\/ul>\n\n\n\n<h4 class=\"wp-block-heading\" style=\"font-style:normal;font-weight:600\"><strong>Tipologias de Cookies no que diz respeito ao prazo de conserva\u00e7\u00e3o<\/strong><\/h4>\n\n\n\n<p>Consoante as tipologias de Cookies, definem-se diferentes prazos de conserva\u00e7\u00e3o, consoante a vig\u00eancia dos consentimentos para a sua utiliza\u00e7\u00e3o ou as suas funcionalidades, no caso dos necess\u00e1rios. Assim sendo, os Cookies utilizados podem ser considerados persistentes (os dados permanecem armazenados podendo ser acedidos e tratados durante um per\u00edodo definido pelo respons\u00e1vel do Cookie) e de sess\u00e3o (projetados para recolher e armazenados dados enquanto o utilizador acede ao Website, por exemplo, para a presta\u00e7\u00e3o de um servi\u00e7o em concreto).<\/p>\n\n\n\n<p>No \u00e2mbito da presente Pol\u00edtica e do configurador de prefer\u00eancias ativo no Website, esta informa\u00e7\u00e3o \u00e9 fornecida ao utilizador.<\/p>\n\n\n\n<h4 class=\"wp-block-heading\" style=\"font-style:normal;font-weight:600\"><strong>Controlo e elimina\u00e7\u00e3o de Cookies<\/strong><\/h4>\n\n\n\n<p>Para poder utilizar os Cookies anal\u00edticos e publicit\u00e1rios, \u00e9 necess\u00e1rio que o utilizador consinta com a sua instala\u00e7\u00e3o e utiliza\u00e7\u00e3o. Nesse sentido, desde que acede ao Website e atrav\u00e9s do configurador que se disponibiliza ao utilizador, este pode aceitar ou rejeitar os mesmos.<\/p>\n\n\n\n<p>Na eventualidade de o utilizador ter aceitado a utiliza\u00e7\u00e3o de uma ou v\u00e1rias tipologias de Cookies, este pode alterar a sua configura\u00e7\u00e3o a qualquer instante, rejeitando ou desativando a sua utiliza\u00e7\u00e3o. O utilizador deve ter em considera\u00e7\u00e3o, na eventualidade de rejeitar, que determinadas prefer\u00eancias do Website poder\u00e3o perder-se.<\/p>\n\n\n\n<p>Adicionalmente, o utilizador pode bloquear e eliminar os Cookies alterando a configura\u00e7\u00e3o do seu navegador. Para gerir os Cookies, a maioria dos navegadores permite rejeitar ou aceitar todos os Cookies ou aceitar apenas determinados tipos de cookies. O processo para a gest\u00e3o e elimina\u00e7\u00e3o dos Cookies pode ser encontrado na fun\u00e7\u00e3o ajuda integrada no navegador.<\/p>\n\n\n\n<p>Al\u00e9m disso, o utilizador pode permitir, bloquear ou eliminar os Cookies instalados no seu equipamento mediante a configura\u00e7\u00e3o das op\u00e7\u00f5es do navegador instalado no computador:<\/p>\n\n\n\n<ul class=\"default-list wp-block-list\"><li><a href=\"https:\/\/support.google.com\/accounts\/answer\/61416?hl=es\">Google Chrome<\/a><\/li><li><a href=\"https:\/\/support.microsoft.com\/es-es\/help\/17442\/windows-internet-explorer-dele\">Internet Explorer<\/a><\/li><li><a href=\"https:\/\/support.microsoft.com\/es-es\/microsoft-edge\/eliminar-las-cookies-en-microsoft-edge-63947406-40ac-c3b8-57b9-2a946a29ae09#:~:text=Abre%20Microsoft%20Edge%20y%20selecciona%20Configuraci%C3%B3n%20y%20m%C3%A1s%20%3E%20Configuraci%C3%B3n%20%3E%20Cookies,del%20sitio%20que%20quieras%20quitar\">Microsoft Edge<\/a><\/li><li><a href=\"https:\/\/support.mozilla.org\/es\/kb\/habilitar-y-deshabilitar-cookies-sitios-web\">Mozilla Firefox<\/a><\/li><li><a href=\"https:\/\/help.opera.com\/Windows\/11.50\/es-ES\/cookies.html\">Opera<\/a><\/li><li><a href=\"https:\/\/support.apple.com\/es-es\/guide\/safari\/sfri11471\/mac\">Safari<\/a><\/li><\/ul>\n\n\n\n<p>Tal como sucede nos navegadores dos computadores, os navegadores dos dispositivos m\u00f3veis permitem realizar altera\u00e7\u00f5es nas op\u00e7\u00f5es ou ajustes de privacidade, de forma a desativar ou eliminar os Cookies.<br>Caso deseje modificar as op\u00e7\u00f5es de privacidade siga as instru\u00e7\u00f5es especificadas pelo desenvolvedor do seu navegador para dispositivo m\u00f3vel.<br>De seguida, poder\u00e1 encontrar alguns exemplos dos links que gui\u00e1-lo-\u00e3o na altera\u00e7\u00e3o das op\u00e7\u00f5es de privacidade no seu dispositivo m\u00f3vel:<\/p>\n\n\n\n<ul class=\"default-list wp-block-list\"><li><a href=\"https:\/\/support.google.com\/accounts\/answer\/32050?co=GENIE.Platform%3DAndroid&amp;hl=es&amp;oco=0\">Chrome para Android<\/a><\/li><li><a href=\"https:\/\/support.apple.com\/es-es\/HT201265\">Safari para IOS<\/a><\/li><\/ul>\n\n\n\n<h4 class=\"wp-block-heading\" style=\"font-style:normal;font-weight:600\"><strong>Tratamentos por terceiros e transfer\u00eancias internacionais<\/strong><\/h4>\n\n\n\n<p>O utilizador pode informar-se sobre os tratamentos levados a cabo por terceiros, bem como sobre as poss\u00edveis transfer\u00eancias para outros pa\u00edses que, se for o caso, realizam os terceiros identificados nesta Pol\u00edtica de Cookies nas suas correspondentes pol\u00edticas facilitadas pelos mesmos. Os diferentes mecanismos de regulariza\u00e7\u00e3o de transfer\u00eancias internacionais, na eventualidade de ocorrerem, ser\u00e3o informados pelos ditos terceiros.<\/p>\n\n\n\n<p>No Wolf Group Ib\u00e9rico S.A.U., estamos conscientes da sua privacidade e do cumprimento normativo, pelo que, se tiver qualquer d\u00favida ou coment\u00e1rio, n\u00e3o hesite em contactar atrav\u00e9s do endere\u00e7o de correio eletr\u00f3nico: <a href=\"mailto:dpo.es@wolfgroup.com\">dpo.es@wolfgroup.com<\/a>.<\/p>\n\n\n\n<h4 class=\"wp-block-heading\" style=\"font-style:normal;font-weight:600\"><strong>Cookies deste Website<\/strong><\/h4>\n\n\n\n<p>De seguida, e atrav\u00e9s do link abaixo, detalhamos a rela\u00e7\u00e3o dos cookies utilizados por este website:<\/p>\n\n\n\n<hr class=\"wp-block-separator has-alpha-channel-opacity\"\/>\n\n\n\n<script id=\"CookieDeclaration\" data-culture=\"pt\" src=\"https:\/\/consent.cookiebot.com\/5e17b36a-a977-4354-a4f1-6d6b52bad99c\/cd.js\" type=\"text\/javascript\" async=\"\"><\/script>\n","protected":false},"excerpt":{"rendered":"Esta Pol\u00edtica de Cookies descreve como o Wolf Group Ib\u00e9rico instala e utiliza os cookies no website https:\/\/penosil.com\/pt. No nosso website, utilizamos cookies pr\u00f3prias e de terceiros para melhorarmos a sua experi\u00eancia de utilizador e para recolhermos dados estat\u00edsticos sobre a utiliza\u00e7\u00e3o do nosso website por parte dos utilizadores. Os cookies s\u00f3 s\u00e3o associados ao [&hellip;]","protected":false},"author":105,"featured_media":0,"parent":0,"menu_order":19,"comment_status":"closed","ping_status":"closed","template":"","meta":{"_acf_changed":false,"advgb_blocks_editor_width":"","advgb_blocks_columns_visual_guide":"","footnotes":""},"class_list":["post-9450","page","type-page","status-publish","hentry"],"acf":[],"yoast_head":"<!-- This site is optimized with the Yoast SEO plugin v27.2 - https:\/\/yoast.com\/product\/yoast-seo-wordpress\/ -->\n<title>Pol\u00edtica de Cookies - Penosil Portugal<\/title>\n<meta name=\"robots\" content=\"index, follow, max-snippet:-1, max-image-preview:large, max-video-preview:-1\" \/>\n<link rel=\"canonical\" href=\"https:\/\/penosil.com\/pt\/politica-cookies\/\" \/>\n<meta property=\"og:locale\" content=\"pt_PT\" \/>\n<meta property=\"og:type\" content=\"article\" \/>\n<meta property=\"og:title\" content=\"Pol\u00edtica de Cookies - Penosil Portugal\" \/>\n<meta property=\"og:description\" content=\"Esta Pol\u00edtica de Cookies descreve como o Wolf Group Ib\u00e9rico instala e utiliza os cookies no website https:\/\/penosil.com\/pt. No nosso website, utilizamos cookies pr\u00f3prias e de terceiros para melhorarmos a sua experi\u00eancia de utilizador e para recolhermos dados estat\u00edsticos sobre a utiliza\u00e7\u00e3o do nosso website por parte dos utilizadores. Os cookies s\u00f3 s\u00e3o associados ao [&hellip;]\" \/>\n<meta property=\"og:url\" content=\"https:\/\/penosil.com\/pt\/politica-cookies\/\" \/>\n<meta property=\"og:site_name\" content=\"Penosil Portugal\" \/>\n<meta property=\"article:modified_time\" content=\"2024-06-10T07:50:18+00:00\" \/>\n<meta name=\"twitter:card\" content=\"summary_large_image\" \/>\n<meta name=\"twitter:label1\" content=\"Tempo estimado de leitura\" \/>\n\t<meta name=\"twitter:data1\" content=\"6 minutos\" \/>\n<script type=\"application\/ld+json\" class=\"yoast-schema-graph\">{\"@context\":\"https:\/\/schema.org\",\"@graph\":[{\"@type\":\"WebPage\",\"@id\":\"https:\/\/penosil.com\/pt\/politica-cookies\/\",\"url\":\"https:\/\/penosil.com\/pt\/politica-cookies\/\",\"name\":\"Pol\u00edtica de Cookies - Penosil Portugal\",\"isPartOf\":{\"@id\":\"https:\/\/penosil.com\/pt\/#website\"},\"datePublished\":\"2024-04-02T10:08:07+00:00\",\"dateModified\":\"2024-06-10T07:50:18+00:00\",\"breadcrumb\":{\"@id\":\"https:\/\/penosil.com\/pt\/politica-cookies\/#breadcrumb\"},\"inLanguage\":\"pt-PT\",\"potentialAction\":[{\"@type\":\"ReadAction\",\"target\":[\"https:\/\/penosil.com\/pt\/politica-cookies\/\"]}]},{\"@type\":\"BreadcrumbList\",\"@id\":\"https:\/\/penosil.com\/pt\/politica-cookies\/#breadcrumb\",\"itemListElement\":[{\"@type\":\"ListItem\",\"position\":1,\"name\":\"Home\",\"item\":\"https:\/\/penosil.com\/pt\/\"},{\"@type\":\"ListItem\",\"position\":2,\"name\":\"Pol\u00edtica de Cookies\"}]},{\"@type\":\"WebSite\",\"@id\":\"https:\/\/penosil.com\/pt\/#website\",\"url\":\"https:\/\/penosil.com\/pt\/\",\"name\":\"Penosil Portugal\",\"description\":\"\",\"potentialAction\":[{\"@type\":\"SearchAction\",\"target\":{\"@type\":\"EntryPoint\",\"urlTemplate\":\"https:\/\/penosil.com\/pt\/?s={search_term_string}\"},\"query-input\":{\"@type\":\"PropertyValueSpecification\",\"valueRequired\":true,\"valueName\":\"search_term_string\"}}],\"inLanguage\":\"pt-PT\"}]}<\/script>\n<!-- \/ Yoast SEO plugin. -->","yoast_head_json":{"title":"Pol\u00edtica de Cookies - Penosil Portugal","robots":{"index":"index","follow":"follow","max-snippet":"max-snippet:-1","max-image-preview":"max-image-preview:large","max-video-preview":"max-video-preview:-1"},"canonical":"https:\/\/penosil.com\/pt\/politica-cookies\/","og_locale":"pt_PT","og_type":"article","og_title":"Pol\u00edtica de Cookies - Penosil Portugal","og_description":"Esta Pol\u00edtica de Cookies descreve como o Wolf Group Ib\u00e9rico instala e utiliza os cookies no website https:\/\/penosil.com\/pt. No nosso website, utilizamos cookies pr\u00f3prias e de terceiros para melhorarmos a sua experi\u00eancia de utilizador e para recolhermos dados estat\u00edsticos sobre a utiliza\u00e7\u00e3o do nosso website por parte dos utilizadores. Os cookies s\u00f3 s\u00e3o associados ao [&hellip;]","og_url":"https:\/\/penosil.com\/pt\/politica-cookies\/","og_site_name":"Penosil Portugal","article_modified_time":"2024-06-10T07:50:18+00:00","twitter_card":"summary_large_image","twitter_misc":{"Tempo estimado de leitura":"6 minutos"},"schema":{"@context":"https:\/\/schema.org","@graph":[{"@type":"WebPage","@id":"https:\/\/penosil.com\/pt\/politica-cookies\/","url":"https:\/\/penosil.com\/pt\/politica-cookies\/","name":"Pol\u00edtica de Cookies - Penosil Portugal","isPartOf":{"@id":"https:\/\/penosil.com\/pt\/#website"},"datePublished":"2024-04-02T10:08:07+00:00","dateModified":"2024-06-10T07:50:18+00:00","breadcrumb":{"@id":"https:\/\/penosil.com\/pt\/politica-cookies\/#breadcrumb"},"inLanguage":"pt-PT","potentialAction":[{"@type":"ReadAction","target":["https:\/\/penosil.com\/pt\/politica-cookies\/"]}]},{"@type":"BreadcrumbList","@id":"https:\/\/penosil.com\/pt\/politica-cookies\/#breadcrumb","itemListElement":[{"@type":"ListItem","position":1,"name":"Home","item":"https:\/\/penosil.com\/pt\/"},{"@type":"ListItem","position":2,"name":"Pol\u00edtica de Cookies"}]},{"@type":"WebSite","@id":"https:\/\/penosil.com\/pt\/#website","url":"https:\/\/penosil.com\/pt\/","name":"Penosil Portugal","description":"","potentialAction":[{"@type":"SearchAction","target":{"@type":"EntryPoint","urlTemplate":"https:\/\/penosil.com\/pt\/?s={search_term_string}"},"query-input":{"@type":"PropertyValueSpecification","valueRequired":true,"valueName":"search_term_string"}}],"inLanguage":"pt-PT"}]}},"coauthors":[],"author_meta":{"author_link":"https:\/\/penosil.com\/pt\/author\/kevinreaktiiv\/","display_name":"kevinreaktiiv"},"relative_dates":{"created":"Posted 2 anos ago","modified":"Updated 2 anos ago"},"absolute_dates":{"created":"Posted on 2 de Abril, 2024","modified":"Updated on 10 de Junho, 2024"},"absolute_dates_time":{"created":"Posted on 2 de Abril, 2024 10:08","modified":"Updated on 10 de Junho, 2024 7:50"},"featured_img_caption":"","featured_img":false,"series_order":"","_links":{"self":[{"href":"https:\/\/penosil.com\/pt\/wp-json\/wp\/v2\/pages\/9450","targetHints":{"allow":["GET"]}}],"collection":[{"href":"https:\/\/penosil.com\/pt\/wp-json\/wp\/v2\/pages"}],"about":[{"href":"https:\/\/penosil.com\/pt\/wp-json\/wp\/v2\/types\/page"}],"author":[{"embeddable":true,"href":"https:\/\/penosil.com\/pt\/wp-json\/wp\/v2\/users\/105"}],"replies":[{"embeddable":true,"href":"https:\/\/penosil.com\/pt\/wp-json\/wp\/v2\/comments?post=9450"}],"version-history":[{"count":3,"href":"https:\/\/penosil.com\/pt\/wp-json\/wp\/v2\/pages\/9450\/revisions"}],"predecessor-version":[{"id":9836,"href":"https:\/\/penosil.com\/pt\/wp-json\/wp\/v2\/pages\/9450\/revisions\/9836"}],"wp:attachment":[{"href":"https:\/\/penosil.com\/pt\/wp-json\/wp\/v2\/media?parent=9450"}],"curies":[{"name":"wp","href":"https:\/\/api.w.org\/{rel}","templated":true}]}}