{"id":9665,"date":"2024-06-05T11:03:21","date_gmt":"2024-06-05T11:03:21","guid":{"rendered":"https:\/\/penosil.com\/pt\/?page_id=9665"},"modified":"2024-10-09T11:23:40","modified_gmt":"2024-10-09T11:23:40","slug":"invisivel-mas-sempre-presente","status":"publish","type":"page","link":"https:\/\/penosil.com\/pt\/sustentabilidade\/invisivel-mas-sempre-presente\/","title":{"rendered":"Invis\u00edvel, mas sempre presente"},"content":{"rendered":"<section class=\"pnsl-thin-banner-block\" style=\"background-color: #007F5F; color: #FFFFFF\" aria-label=\"Invis\u00edvel, mas sempre presente\">\n   <div class=\"container d-flex flex-column flex-lg-row align-items-lg-center justify-content-between\">\n      <div class=\"text-wrap\">\n                     <h1>Invis\u00edvel, mas sempre presente<\/h1>\n         \n                     <p>Frequentemente, os nossos produtos s\u00e3o invis\u00edveis quando o edif\u00edcio se encontra conclu\u00eddo, contudo, s\u00e3o uma <strong>parte essencial do processo de constru\u00e7\u00e3o<\/strong>.<\/p>\n               <\/div>\n\n               <div id=\"lottie-block_90938a0db9553cfb1f935cf1b527d666\" class=\"lottie-animation\" data-path=\"https:\/\/penosil.com\/pt\/wp-content\/themes\/penosil\/assets\/lottie\/invisible.json\" data-speed=\"0.75\" role=\"img\" aria-label=\"Decorative animation\"><\/div>\n         <\/div>\n<\/section>\n\n<section class=\"pnsl-energy-efficiency-block d-flex flex-column\">\n   <div class=\"container\">\n               <div class=\"above-lines-text w100\">\n            <p>Os edif\u00edcios s\u00e3o um dos maiores consumidores de energia. Representam mais de <strong>40%<\/strong> do consumo mundial de energia e <strong>33%<\/strong> das emiss\u00f5es mundiais de CO<sub>2<\/sub>.<\/p>\n         <\/div>\n      \n               <div class=\"lines-text w100\">\n            <p>Os nossos produtos <strong>ajudam a combater ativamente as altera\u00e7\u00f5es clim\u00e1ticas<\/strong>, melhorando a efici\u00eancia energ\u00e9tica de um edif\u00edcio e, por conseguinte, reduzindo as suas emiss\u00f5es de CO<sub>2<\/sub>.<\/p>\n         <\/div>\n      \n               <h2>De que forma melhoramos a efici\u00eancia energ\u00e9tica?<\/h2>\n         <\/div>\n\n         <div class=\"container accordion-container\">\n         <div class=\"accordion\" role=\"region\" aria-label=\"Energy efficiency topics\">\n                                          <div class=\"item\">\n                  <button type=\"button\" \n                     class=\"title-wrap d-flex align-items-center\" \n                     aria-expanded=\"false\"\n                     aria-controls=\"accordion-panel-0\"\n                     id=\"accordion-header-0\">\n                     <div class=\"number d-flex align-items-center justify-content-center\" aria-hidden=\"true\"><span>1<\/span><\/div>\n                     <div class=\"title d-flex align-items-center\">Atrav\u00e9s do isolamento t\u00e9rmico das estruturas<\/div>\n                  <\/button>\n                  <div class=\"content\" \n                     id=\"accordion-panel-0\" \n                     role=\"region\" \n                     aria-labelledby=\"accordion-header-0\"\n                     hidden>\n                     <ul>\n<li class=\"textLayer\">As nossas espumas PU vedam fendas, fissuras e isolam termicamente as juntas, evitando, desta forma, perdas de energia nos edif\u00edcios e reduzindo as suas emiss\u00f5es de <span id=\"page3R_mcid43\" class=\"markedContent\"><span dir=\"ltr\" role=\"presentation\">CO<\/span><sub><span dir=\"ltr\" role=\"presentation\">2<\/span><\/sub><\/span>.<\/li>\n<li>As espumas PU, da Penosil, poupam <strong>70 vezes<\/strong> mais energia durante o seu ciclo de vida do que a necess\u00e1ria para o seu processo de fabrico.<\/li>\n<li><strong>1kg de espuma PU poupa <span id=\"page3R_mcid47\" class=\"markedContent\"><span dir=\"ltr\" role=\"presentation\">1<\/span><span dir=\"ltr\" role=\"presentation\">,<\/span><span dir=\"ltr\" role=\"presentation\">000kg<\/span><\/span> de <span id=\"page3R_mcid47\" class=\"markedContent\"><span dir=\"ltr\" role=\"presentation\">CO<\/span><sub><span dir=\"ltr\" role=\"presentation\">2<\/span><\/sub><\/span> durante o seu ciclo de vida<\/strong>. Comparativamente, uma \u00e1rvore pode absorver cerca de <span id=\"page3R_mcid47\" class=\"markedContent\"><span dir=\"ltr\" role=\"presentation\">1<\/span><span dir=\"ltr\" role=\"presentation\">,<\/span><span dir=\"ltr\" role=\"presentation\">000kg<\/span><\/span> de <span id=\"page3R_mcid47\" class=\"markedContent\"><span dir=\"ltr\" role=\"presentation\">CO<\/span><sub><span dir=\"ltr\" role=\"presentation\">2<\/span><\/sub><\/span> durante os seus 100 anos de vida.<\/li>\n<li>A espuma PU \u00e9 um excelente material isolador, dado que pode ser aplicada em lugares de dif\u00edcil acesso e tem uma condutividade t\u00e9rmica mais baixa do que a l\u00e3 mineral.<\/li>\n<li>A espuma de poliuretano corretamente aplicada tamb\u00e9m age com um isolador ac\u00fastico e reduz o risco de forma\u00e7\u00e3o de condensa\u00e7\u00e3o e de mofo.<\/li>\n<\/ul>\n\n                     \n                                       <\/div>\n               <\/div>\n                                          <div class=\"item\">\n                  <button type=\"button\" \n                     class=\"title-wrap d-flex align-items-center\" \n                     aria-expanded=\"false\"\n                     aria-controls=\"accordion-panel-1\"\n                     id=\"accordion-header-1\">\n                     <div class=\"number d-flex align-items-center justify-content-center\" aria-hidden=\"true\"><span>2<\/span><\/div>\n                     <div class=\"title d-flex align-items-center\">Melhorando a hermeticidade das estruturas<\/div>\n                  <\/button>\n                  <div class=\"content\" \n                     id=\"accordion-panel-1\" \n                     role=\"region\" \n                     aria-labelledby=\"accordion-header-1\"\n                     hidden>\n                     <ul>\n<li>A hermeticidade dos edif\u00edcios ajuda a evitar fugas de ar, problemas de humidade e de condensa\u00e7\u00e3o, aumenta a seguran\u00e7a contra inc\u00eandios e minimiza os problemas de ru\u00eddo.<\/li>\n<li>As fugas de ar representam entre <strong>25% e 40%<\/strong> das perdas de calor num clima frio e entre <strong>10% e 15%<\/strong> do ganho de calor num clima quente.<\/li>\n<li>At\u00e9 a fenda mais pequena n\u00e3o vedada na estrutura pode ter um grande impacto na efici\u00eancia energ\u00e9tica de um edif\u00edcio.<br \/>\nPor exemplo, uma junta n\u00e3o vedada de 1 mm de largura numa parede exterior no inverno pode <strong>aumentar a perda de calor da parede 4.8 vezes<\/strong> mais do que uma junta vedada.<\/li>\n<li>Para melhorar a hermeticidade de um edif\u00edcio, \u00e9 crucial utilizar selantes para vedar at\u00e9 a fenda mais pequena da estrutura.<\/li>\n<\/ul>\n<p><strong>Os lugares t\u00edpicos para as fugas de ar s\u00e3o: <\/strong><\/p>\n\n                                             <div class=\"airtightness\" role=\"figure\" aria-label=\"Building airtightness diagram\">\n                           <div class=\"image-wrap\">\n                                                               <img loading=\"lazy\" decoding=\"async\" class=\"d-none d-lg-block\" src=\"https:\/\/penosil.com\/pt\/wp-content\/uploads\/sites\/10\/2024\/06\/Group-437.svg\" width=\"255\" height=\"154\" alt=\"\">\n                              \n                                                               <img loading=\"lazy\" decoding=\"async\" class=\"d-lg-none\" src=\"https:\/\/penosil.com\/pt\/wp-content\/uploads\/sites\/10\/2024\/06\/Group-437-1.svg\" width=\"317\" height=\"410\" alt=\"\">\n                              \n                              <div class=\"texts-wrap\" role=\"list\" aria-label=\"Heat loss breakdown\">\n                                                                     <p class=\"doors\" role=\"listitem\">Portas <strong>10%<\/strong><\/p>\n                                 \n                                                                     <p class=\"windows\" role=\"listitem\">Janelas <strong>15%<\/strong><\/p>\n                                 \n                                                                     <p class=\"roof\" role=\"listitem\">Constru\u00e7\u00f5es de telhados <strong>25%<\/strong><\/p>\n                                 \n                                                                     <p class=\"penetration\" role=\"listitem\">Penetra\u00e7\u00f5es atrav\u00e9s da estrutura exterior do edif\u00edcio <strong>15%<\/strong><\/p>\n                                 \n                                                                     <p class=\"building\" role=\"listitem\">Estrutura exterior do edif\u00edcio <strong>35%<\/strong><\/p>\n                                                               <\/div>\n                           <\/div>\n\n                        <\/div>\n                     \n                                       <\/div>\n               <\/div>\n                                          <div class=\"item\">\n                  <button type=\"button\" \n                     class=\"title-wrap d-flex align-items-center\" \n                     aria-expanded=\"false\"\n                     aria-controls=\"accordion-panel-2\"\n                     id=\"accordion-header-2\">\n                     <div class=\"number d-flex align-items-center justify-content-center\" aria-hidden=\"true\"><span>3<\/span><\/div>\n                     <div class=\"title d-flex align-items-center\">Minimizando as pontes t\u00e9rmicas das estruturas<\/div>\n                  <\/button>\n                  <div class=\"content\" \n                     id=\"accordion-panel-2\" \n                     role=\"region\" \n                     aria-labelledby=\"accordion-header-2\"\n                     hidden>\n                     <ul>\n<li>As janelas e portas mal instaladas podem provocar uma grande perda de calor num edif\u00edcio.<\/li>\n<li>A Penosil oferece v\u00e1rias <a href=\"https:\/\/penosil.com\/penosil-solutions\/\">solu\u00e7\u00f5es de constru\u00e7\u00e3o energeticamente eficientes para a instala\u00e7\u00e3o de janelas e para a veda\u00e7\u00e3o de fachadas<\/a>.<\/li>\n<li>Se utilizados em conjunto e pela ordem correta, os produtos da <a href=\"https:\/\/penosil.com\/solutions-types\/energy-efficient-window-installation\/\">solu\u00e7\u00e3o de Instala\u00e7\u00e3o de Janelas Energeticamente Eficientes<\/a> da Penosil ajudam a minimizar as pontes t\u00e9rmicas de uma estrutura e as suas emiss\u00f5es de CO2.<\/li>\n<\/ul>\n\n                     \n                                             <div class=\"text-before-icon\">\n                           <p class=\"open-sus-modal open-thermal-bridges-modal\">O que s\u00e3o as pontes t\u00e9rmicas?<\/p>\n                           <button type=\"button\" \n                              class=\"open-sus-modal open-thermal-bridges-modal\"\n                              aria-label=\"Open thermal bridges information\">\n                              <img loading=\"lazy\" decoding=\"async\" src=\"https:\/\/penosil.com\/pt\/wp-content\/themes\/penosil\/images\/icons\/sus-info.svg\" width=\"52\" height=\"63\" alt=\"\" aria-hidden=\"true\">\n                           <\/button>\n                        <\/div>\n                                       <\/div>\n               <\/div>\n                     <\/div>\n      <\/div>\n   \n         <div class=\"sustainability-modal thermal-bridges-modal\" role=\"dialog\" aria-modal=\"true\" aria-labelledby=\"modal-title-thermal-bridges-modal\" hidden>\n\t<div class=\"modal_wrapper\">\n\t\t<div class=\"modal_content\">\n\t\t\t<button type=\"button\" class=\"close_modal\" aria-label=\"Close\"><\/button>\n\n\t\t\t<div class=\"content_wrapper\">\n\t\t\t\t<div class=\"modal_main w100 d-flex flex-column flex-lg-row\">\n\t\t\t\t\t<div class=\"text_wrapper\">\n\t\t\t\t\t\t\t\t\t\t\t<h2 id=\"modal-title-thermal-bridges-modal\">O que s\u00e3o as pontes t\u00e9rmicas?<\/h2>\n\t\t\t\t\t\n\t\t\t\t\t\t\t\t\t\t\t<p>As pontes t\u00e9rmicas s\u00e3o as <strong>partes da estrutura do edif\u00edcio<\/strong> onde a transmit\u00e2ncia t\u00e9rmica \u00e9, em termos locais, <strong>consideravelmente maior<\/strong> do que na restante estrutura.<\/p>\n<p><strong>As pontes t\u00e9rmicas nos edif\u00edcios localizam-se em:<\/strong><\/p>\n<ul>\n<li>Esquinas de paredes externas e caixilhos de janelas\/portas<\/li>\n<li>Juntas de liga\u00e7\u00e3o externas da parede e do solo; da parede e do teto<\/li>\n<\/ul>\n\t\t\t\t\t\t\t\t\t\t<\/div>\n\n\t\t\t\t\t\t\t\t\t\t<div class=\"image_wrapper\">\n\t\t\t\t\t\t<img loading=\"lazy\" decoding=\"async\" src=\"https:\/\/penosil.com\/pt\/wp-content\/uploads\/sites\/10\/2024\/06\/Heat-scanning-in-new-flat-2-scaled-1.jpg\" width=\"2560\" height=\"1918\" alt=\"\">\n\t\t\t\t\t<\/div>\n\t\t\t\t\t\t\t\t\t<\/div>\n\t\t\t<\/div>\n\t\t<\/div>\n\t<\/div>\n<\/div>   <\/section>\n\n<section class=\"pnsl-icon-hovers-block\" aria-label=\"Interactive Icon Navigation\">\n   <div class=\"container\">\n               <h2>Passar para o pr\u00f3ximo tema Sustentabilidade<\/h2>\n         <\/div>\n\n         <div class=\"container icons-container\">\n         <ul class=\"icons d-flex align-items-center justify-content-center justify-content-lg-between flex-wrap\" role=\"list\">\n                                          <li class=\"icon\">\n                  <a href=\"https:\/\/penosil.com\/pt\/sustentabilidade\/durabilidade\/\"\n                     class=\"icon-link d-flex align-items-center justify-content-center\"\n                     style=\"--bg-color: #b7e4c7; --text-color: #ffffff\"\n                     >\n                     <span class=\"icon-image\" aria-hidden=\"true\">\n                        <img loading=\"lazy\" decoding=\"async\" src=\"https:\/\/penosil.com\/pt\/wp-content\/uploads\/sites\/10\/2024\/06\/Icons.svg\" width=\"68\" height=\"67\" alt=\"\">\n                     <\/span>\n                     <span class=\"icon-label\">Durabilidade<\/span>\n                  <\/a>\n               <\/li>\n                                          <li class=\"icon\">\n                  <a href=\"https:\/\/penosil.com\/pt\/sustentabilidade\/componentes-sustentaveis\/\"\n                     class=\"icon-link d-flex align-items-center justify-content-center\"\n                     style=\"--bg-color: #52b788; --text-color: #fff\"\n                     >\n                     <span class=\"icon-image\" aria-hidden=\"true\">\n                        <img loading=\"lazy\" decoding=\"async\" src=\"https:\/\/penosil.com\/pt\/wp-content\/uploads\/sites\/10\/2024\/06\/Group-409.svg\" width=\"72\" height=\"75\" alt=\"\">\n                     <\/span>\n                     <span class=\"icon-label\">Componentes sustent\u00e1veis <\/span>\n                  <\/a>\n               <\/li>\n                                          <li class=\"icon\">\n                  <a href=\"https:\/\/penosil.com\/pt\/sustentabilidade\/energia-renovavel\/\"\n                     class=\"icon-link d-flex align-items-center justify-content-center\"\n                     style=\"--bg-color: #40916c; --text-color: #fff\"\n                     >\n                     <span class=\"icon-image\" aria-hidden=\"true\">\n                        <img loading=\"lazy\" decoding=\"async\" src=\"https:\/\/penosil.com\/pt\/wp-content\/uploads\/sites\/10\/2024\/06\/48x48_Icons.svg\" width=\"76\" height=\"73\" alt=\"\">\n                     <\/span>\n                     <span class=\"icon-label\">Energia renov\u00e1vel<\/span>\n                  <\/a>\n               <\/li>\n                                          <li class=\"icon\">\n                  <a href=\"https:\/\/penosil.com\/pt\/sustentabilidade\/innovacao\/\"\n                     class=\"icon-link d-flex align-items-center justify-content-center\"\n                     style=\"--bg-color: #1b4332; --text-color: #fff\"\n                     >\n                     <span class=\"icon-image\" aria-hidden=\"true\">\n                        <img loading=\"lazy\" decoding=\"async\" src=\"https:\/\/penosil.com\/pt\/wp-content\/uploads\/sites\/10\/2024\/06\/Group-410.svg\" width=\"88\" height=\"94\" alt=\"\">\n                     <\/span>\n                     <span class=\"icon-label\">Inova\u00e7\u00e3o<\/span>\n                  <\/a>\n               <\/li>\n                                          <li class=\"icon\">\n                  <a href=\"https:\/\/penosil.com\/pt\/sustentabilidade\/ambiente-de-vida-mais-seguro\/\"\n                     class=\"icon-link d-flex align-items-center justify-content-center\"\n                     style=\"--bg-color: #426a5a; --text-color: #fff\"\n                     >\n                     <span class=\"icon-image\" aria-hidden=\"true\">\n                        <img loading=\"lazy\" decoding=\"async\" src=\"https:\/\/penosil.com\/pt\/wp-content\/uploads\/sites\/10\/2024\/06\/Group-416.svg\" width=\"79\" height=\"90\" alt=\"\">\n                     <\/span>\n                     <span class=\"icon-label\">Ambiente de vida mais seguro<\/span>\n                  <\/a>\n               <\/li>\n                                          <li class=\"icon\">\n                  <a href=\"https:\/\/penosil.com\/pt\/sustentabilidade\/gestao-de-residuos\/\"\n                     class=\"icon-link d-flex align-items-center justify-content-center\"\n                     style=\"--bg-color: #25a18e; --text-color: #fff\"\n                     >\n                     <span class=\"icon-image\" aria-hidden=\"true\">\n                        <img loading=\"lazy\" decoding=\"async\" src=\"https:\/\/penosil.com\/pt\/wp-content\/uploads\/sites\/10\/2024\/06\/Group-415.svg\" width=\"82\" height=\"75\" alt=\"\">\n                     <\/span>\n                     <span class=\"icon-label\">Gest\u00e3o de res\u00edduos<\/span>\n                  <\/a>\n               <\/li>\n                     <\/ul>\n      <\/div>\n   <\/section>","protected":false},"excerpt":{"rendered":"","protected":false},"author":105,"featured_media":0,"parent":9655,"menu_order":15,"comment_status":"closed","ping_status":"closed","template":"page-templates\/template-no-title.php","meta":{"_acf_changed":false,"advgb_blocks_editor_width":"","advgb_blocks_columns_visual_guide":"","footnotes":""},"class_list":["post-9665","page","type-page","status-publish","hentry"],"acf":[],"yoast_head":"<!-- This site is optimized with the Yoast SEO plugin v27.2 - https:\/\/yoast.com\/product\/yoast-seo-wordpress\/ -->\n<title>Invis\u00edvel, mas sempre presente - Penosil Portugal<\/title>\n<meta name=\"description\" content=\"Invisible, pero en todas partes. Nuestros productos son invisibles cuando el edificio est\u00e1 listo, pero son una parte esencial del proceso.\" \/>\n<meta name=\"robots\" content=\"index, follow, max-snippet:-1, max-image-preview:large, max-video-preview:-1\" \/>\n<link rel=\"canonical\" href=\"https:\/\/penosil.com\/pt\/sustentabilidade\/invisivel-mas-sempre-presente\/\" \/>\n<meta property=\"og:locale\" content=\"pt_PT\" \/>\n<meta property=\"og:type\" content=\"article\" \/>\n<meta property=\"og:title\" content=\"Invis\u00edvel, mas sempre presente - Penosil Portugal\" \/>\n<meta property=\"og:description\" content=\"Invisible, pero en todas partes. Nuestros productos son invisibles cuando el edificio est\u00e1 listo, pero son una parte esencial del proceso.\" \/>\n<meta property=\"og:url\" content=\"https:\/\/penosil.com\/pt\/sustentabilidade\/invisivel-mas-sempre-presente\/\" \/>\n<meta property=\"og:site_name\" content=\"Penosil Portugal\" \/>\n<meta property=\"article:modified_time\" content=\"2024-10-09T11:23:40+00:00\" \/>\n<meta name=\"twitter:card\" content=\"summary_large_image\" \/>\n<meta name=\"twitter:label1\" content=\"Tempo estimado de leitura\" \/>\n\t<meta name=\"twitter:data1\" content=\"5 minutos\" \/>\n<script type=\"application\/ld+json\" class=\"yoast-schema-graph\">{\"@context\":\"https:\/\/schema.org\",\"@graph\":[{\"@type\":\"WebPage\",\"@id\":\"https:\/\/penosil.com\/pt\/sustentabilidade\/invisivel-mas-sempre-presente\/\",\"url\":\"https:\/\/penosil.com\/pt\/sustentabilidade\/invisivel-mas-sempre-presente\/\",\"name\":\"Invis\u00edvel, mas sempre presente - Penosil Portugal\",\"isPartOf\":{\"@id\":\"https:\/\/penosil.com\/pt\/#website\"},\"datePublished\":\"2024-06-05T11:03:21+00:00\",\"dateModified\":\"2024-10-09T11:23:40+00:00\",\"description\":\"Invisible, pero en todas partes. Nuestros productos son invisibles cuando el edificio est\u00e1 listo, pero son una parte esencial del proceso.\",\"breadcrumb\":{\"@id\":\"https:\/\/penosil.com\/pt\/sustentabilidade\/invisivel-mas-sempre-presente\/#breadcrumb\"},\"inLanguage\":\"pt-PT\",\"potentialAction\":[{\"@type\":\"ReadAction\",\"target\":[\"https:\/\/penosil.com\/pt\/sustentabilidade\/invisivel-mas-sempre-presente\/\"]}]},{\"@type\":\"BreadcrumbList\",\"@id\":\"https:\/\/penosil.com\/pt\/sustentabilidade\/invisivel-mas-sempre-presente\/#breadcrumb\",\"itemListElement\":[{\"@type\":\"ListItem\",\"position\":1,\"name\":\"Home\",\"item\":\"https:\/\/penosil.com\/pt\/\"},{\"@type\":\"ListItem\",\"position\":2,\"name\":\"Sustentabilidade\",\"item\":\"https:\/\/penosil.com\/pt\/sustentabilidade\/\"},{\"@type\":\"ListItem\",\"position\":3,\"name\":\"Invis\u00edvel, mas sempre presente\"}]},{\"@type\":\"WebSite\",\"@id\":\"https:\/\/penosil.com\/pt\/#website\",\"url\":\"https:\/\/penosil.com\/pt\/\",\"name\":\"Penosil Portugal\",\"description\":\"\",\"potentialAction\":[{\"@type\":\"SearchAction\",\"target\":{\"@type\":\"EntryPoint\",\"urlTemplate\":\"https:\/\/penosil.com\/pt\/?s={search_term_string}\"},\"query-input\":{\"@type\":\"PropertyValueSpecification\",\"valueRequired\":true,\"valueName\":\"search_term_string\"}}],\"inLanguage\":\"pt-PT\"}]}<\/script>\n<!-- \/ Yoast SEO plugin. -->","yoast_head_json":{"title":"Invis\u00edvel, mas sempre presente - Penosil Portugal","description":"Invisible, pero en todas partes. Nuestros productos son invisibles cuando el edificio est\u00e1 listo, pero son una parte esencial del proceso.","robots":{"index":"index","follow":"follow","max-snippet":"max-snippet:-1","max-image-preview":"max-image-preview:large","max-video-preview":"max-video-preview:-1"},"canonical":"https:\/\/penosil.com\/pt\/sustentabilidade\/invisivel-mas-sempre-presente\/","og_locale":"pt_PT","og_type":"article","og_title":"Invis\u00edvel, mas sempre presente - Penosil Portugal","og_description":"Invisible, pero en todas partes. Nuestros productos son invisibles cuando el edificio est\u00e1 listo, pero son una parte esencial del proceso.","og_url":"https:\/\/penosil.com\/pt\/sustentabilidade\/invisivel-mas-sempre-presente\/","og_site_name":"Penosil Portugal","article_modified_time":"2024-10-09T11:23:40+00:00","twitter_card":"summary_large_image","twitter_misc":{"Tempo estimado de leitura":"5 minutos"},"schema":{"@context":"https:\/\/schema.org","@graph":[{"@type":"WebPage","@id":"https:\/\/penosil.com\/pt\/sustentabilidade\/invisivel-mas-sempre-presente\/","url":"https:\/\/penosil.com\/pt\/sustentabilidade\/invisivel-mas-sempre-presente\/","name":"Invis\u00edvel, mas sempre presente - Penosil Portugal","isPartOf":{"@id":"https:\/\/penosil.com\/pt\/#website"},"datePublished":"2024-06-05T11:03:21+00:00","dateModified":"2024-10-09T11:23:40+00:00","description":"Invisible, pero en todas partes. Nuestros productos son invisibles cuando el edificio est\u00e1 listo, pero son una parte esencial del proceso.","breadcrumb":{"@id":"https:\/\/penosil.com\/pt\/sustentabilidade\/invisivel-mas-sempre-presente\/#breadcrumb"},"inLanguage":"pt-PT","potentialAction":[{"@type":"ReadAction","target":["https:\/\/penosil.com\/pt\/sustentabilidade\/invisivel-mas-sempre-presente\/"]}]},{"@type":"BreadcrumbList","@id":"https:\/\/penosil.com\/pt\/sustentabilidade\/invisivel-mas-sempre-presente\/#breadcrumb","itemListElement":[{"@type":"ListItem","position":1,"name":"Home","item":"https:\/\/penosil.com\/pt\/"},{"@type":"ListItem","position":2,"name":"Sustentabilidade","item":"https:\/\/penosil.com\/pt\/sustentabilidade\/"},{"@type":"ListItem","position":3,"name":"Invis\u00edvel, mas sempre presente"}]},{"@type":"WebSite","@id":"https:\/\/penosil.com\/pt\/#website","url":"https:\/\/penosil.com\/pt\/","name":"Penosil Portugal","description":"","potentialAction":[{"@type":"SearchAction","target":{"@type":"EntryPoint","urlTemplate":"https:\/\/penosil.com\/pt\/?s={search_term_string}"},"query-input":{"@type":"PropertyValueSpecification","valueRequired":true,"valueName":"search_term_string"}}],"inLanguage":"pt-PT"}]}},"coauthors":[],"author_meta":{"author_link":"https:\/\/penosil.com\/pt\/author\/kevinreaktiiv\/","display_name":"kevinreaktiiv"},"relative_dates":{"created":"Posted 2 anos ago","modified":"Updated 2 anos ago"},"absolute_dates":{"created":"Posted on 5 de Junho, 2024","modified":"Updated on 9 de Outubro, 2024"},"absolute_dates_time":{"created":"Posted on 5 de Junho, 2024 11:03","modified":"Updated on 9 de Outubro, 2024 11:23"},"featured_img_caption":"","featured_img":false,"series_order":"","_links":{"self":[{"href":"https:\/\/penosil.com\/pt\/wp-json\/wp\/v2\/pages\/9665","targetHints":{"allow":["GET"]}}],"collection":[{"href":"https:\/\/penosil.com\/pt\/wp-json\/wp\/v2\/pages"}],"about":[{"href":"https:\/\/penosil.com\/pt\/wp-json\/wp\/v2\/types\/page"}],"author":[{"embeddable":true,"href":"https:\/\/penosil.com\/pt\/wp-json\/wp\/v2\/users\/105"}],"replies":[{"embeddable":true,"href":"https:\/\/penosil.com\/pt\/wp-json\/wp\/v2\/comments?post=9665"}],"version-history":[{"count":13,"href":"https:\/\/penosil.com\/pt\/wp-json\/wp\/v2\/pages\/9665\/revisions"}],"predecessor-version":[{"id":10066,"href":"https:\/\/penosil.com\/pt\/wp-json\/wp\/v2\/pages\/9665\/revisions\/10066"}],"up":[{"embeddable":true,"href":"https:\/\/penosil.com\/pt\/wp-json\/wp\/v2\/pages\/9655"}],"wp:attachment":[{"href":"https:\/\/penosil.com\/pt\/wp-json\/wp\/v2\/media?parent=9665"}],"curies":[{"name":"wp","href":"https:\/\/api.w.org\/{rel}","templated":true}]}}