{"id":9671,"date":"2024-06-05T11:04:26","date_gmt":"2024-06-05T11:04:26","guid":{"rendered":"https:\/\/penosil.com\/pt\/?page_id=9671"},"modified":"2024-10-09T10:21:03","modified_gmt":"2024-10-09T10:21:03","slug":"durabilidade","status":"publish","type":"page","link":"https:\/\/penosil.com\/pt\/sustentabilidade\/durabilidade\/","title":{"rendered":"Durabilidade"},"content":{"rendered":"<section class=\"pnsl-thin-banner-block\" style=\"background-color: #b7e4c7; color: #007f5f\" aria-label=\"Durabilidade\">\n   <div class=\"container d-flex flex-column flex-lg-row align-items-lg-center justify-content-between\">\n      <div class=\"text-wrap\">\n                     <h1>Durabilidade<\/h1>\n         \n                     <p>A <strong>durabilidade e qualidade<\/strong> dos nossos produtos \u00e9 uma das nossas principais prioridades.<\/p>\n               <\/div>\n\n               <div id=\"lottie-block_f32ca96e1d3cf3dce1a1492f2b4b6805\" class=\"lottie-animation\" data-path=\"https:\/\/penosil.com\/pt\/wp-content\/themes\/penosil\/assets\/lottie\/durability.json\" data-speed=\"0.75\" role=\"img\" aria-label=\"Decorative animation\"><\/div>\n         <\/div>\n<\/section>\n\n<section class=\"pnsl-durability-block d-flex flex-column\" aria-label=\"Product Durability Information\">\n   <div class=\"container angles-container\">\n      <div class=\"angles d-flex flex-column flex-lg-row align-items-center align-items-lg-stretch\">\n                     <div class=\"red d-flex align-items-center justify-content-center\" role=\"complementary\" aria-label=\"Key Durability Highlight\">\n               <p>Porque \u00e9 que os <strong>produtos Penosil<\/strong> s\u00e3o duradouros?<\/p>\n            <\/div>\n         \n                     <div class=\"gray d-flex align-items-center justify-content-center\" role=\"complementary\" aria-label=\"Durability Details\">\n               <div class=\"gray-text\">\n                  <ul>\n<li>Trabalhamos continuamente para otimizarmos o equil\u00edbrio entre a <strong>vida \u00fatil de um produto<\/strong> e o seu <strong>impacto ambiental<\/strong>.<\/li>\n<li>Por exemplo, um produto com um impacto ambiental maior pode ter uma <strong>vida \u00fatil maior<\/strong> e, por conseguinte, ser <strong>mais sustent\u00e1vel<\/strong>.<\/li>\n<\/ul>\n               <\/div>\n            <\/div>\n               <\/div>\n   <\/div>\n\n         <div class=\"container text-container\">\n         <div class=\"regular-text\" role=\"region\" aria-label=\"Additional Durability Information\">\n            <h3><strong><span style=\"color: #e30000;\">Espumas PU<\/span><\/strong><\/h3>\n<p>Se a espuma PU for <strong>corretamente aplicada e em condi\u00e7\u00f5es adequadas<\/strong>, esta pode manter as suas propriedades isolantes durante muitos anos.<\/p>\n<p>A principal amea\u00e7a \u00e0 durabilidade da espuma PU s\u00e3o os <strong>raios UV<\/strong>. Para garantir a longevidade da espuma de poliuretano, <strong>recomendamos sempre que cubra a espuma de poliuretano curada<\/strong> com um material opaco como tinta, gesso etc. Caso seja deixada exposta, os raios UV podem danificar a estrutura da espuma, levando \u00e0 perda das suas propriedades isoladoras.<\/p>\n<h3><strong><span style=\"color: #e30000;\">Selantes<\/span><\/strong><\/h3>\n<p>Tal como a estrutura da espuma de poliuretano \u00e9 afetada pelos raios UV, os selantes tamb\u00e9m s\u00e3o sens\u00edveis aos <strong>altos n\u00edveis de humidade<\/strong>. Apesar de termos selantes com a adi\u00e7\u00e3o de fungicidas na nossa gama de produtos, at\u00e9 o selante resistente ao mofo mais eficaz pode, com o passar do tempo, desenvolver o aparecimento do mofo numa \u00e1rea mal ventilada.<\/p>\n<p><strong>Para garantir que o selante selecionado dura mais tempo, \u00e9 importante:<br \/>\n<\/strong><\/p>\n<ul>\n<li>Selecionar o tipo de selante correto para a tarefa (\u00e0 prova de mofo, el\u00e1stico, pint\u00e1vel etc.)<\/li>\n<li>Seguir atentamente as instru\u00e7\u00f5es de aplica\u00e7\u00e3o<\/li>\n<li>Minimizar as condi\u00e7\u00f5es potencialmente prejudiciais, como a falta de ventila\u00e7\u00e3o e a humidade elevada constante<\/li>\n<\/ul>\n         <\/div>\n      <\/div>\n   \n         <div class=\"container text-container\">\n         <div class=\"text-between-lines\" role=\"region\" aria-label=\"Highlighted Durability Statement\">\n            <p>As estruturas devidamente isoladas e vedadas acarretam <strong>gastos mais baixos com a renova\u00e7\u00e3o, aquecimento e refrigera\u00e7\u00e3o<\/strong> durante muitos anos.<\/p>\n         <\/div>\n      <\/div>\n   <\/section>\n\n<section class=\"pnsl-icon-hovers-block\" aria-label=\"Interactive Icon Navigation\">\n   <div class=\"container\">\n               <h2>Passar para o pr\u00f3ximo tema Sustentabilidade<\/h2>\n         <\/div>\n\n         <div class=\"container icons-container\">\n         <ul class=\"icons d-flex align-items-center justify-content-center justify-content-lg-between flex-wrap\" role=\"list\">\n                                          <li class=\"icon\">\n                  <a href=\"https:\/\/penosil.com\/pt\/sustentabilidade\/componentes-sustentaveis\/\"\n                     class=\"icon-link d-flex align-items-center justify-content-center\"\n                     style=\"--bg-color: #52b788; --text-color: #fff\"\n                     >\n                     <span class=\"icon-image\" aria-hidden=\"true\">\n                        <img loading=\"lazy\" decoding=\"async\" src=\"https:\/\/penosil.com\/pt\/wp-content\/uploads\/sites\/10\/2024\/06\/Group-409.svg\" width=\"72\" height=\"75\" alt=\"\">\n                     <\/span>\n                     <span class=\"icon-label\">Componentes Sustent\u00e1veis<\/span>\n                  <\/a>\n               <\/li>\n                                          <li class=\"icon\">\n                  <a href=\"https:\/\/penosil.com\/pt\/sustentabilidade\/energia-renovavel\/\"\n                     class=\"icon-link d-flex align-items-center justify-content-center\"\n                     style=\"--bg-color: #40916c; --text-color: #fff\"\n                     >\n                     <span class=\"icon-image\" aria-hidden=\"true\">\n                        <img loading=\"lazy\" decoding=\"async\" src=\"https:\/\/penosil.com\/pt\/wp-content\/uploads\/sites\/10\/2024\/06\/48x48_Icons.svg\" width=\"76\" height=\"73\" alt=\"\">\n                     <\/span>\n                     <span class=\"icon-label\">Energia renov\u00e1vel<\/span>\n                  <\/a>\n               <\/li>\n                                          <li class=\"icon\">\n                  <a href=\"https:\/\/penosil.com\/pt\/sustentabilidade\/innovacao\/\"\n                     class=\"icon-link d-flex align-items-center justify-content-center\"\n                     style=\"--bg-color: #1b4332; --text-color: #fff\"\n                     >\n                     <span class=\"icon-image\" aria-hidden=\"true\">\n                        <img loading=\"lazy\" decoding=\"async\" src=\"https:\/\/penosil.com\/pt\/wp-content\/uploads\/sites\/10\/2024\/06\/Group-410.svg\" width=\"88\" height=\"94\" alt=\"\">\n                     <\/span>\n                     <span class=\"icon-label\">Inova\u00e7\u00e3o<\/span>\n                  <\/a>\n               <\/li>\n                                          <li class=\"icon\">\n                  <a href=\"https:\/\/penosil.com\/pt\/sustentabilidade\/ambiente-de-vida-mais-seguro\/\"\n                     class=\"icon-link d-flex align-items-center justify-content-center\"\n                     style=\"--bg-color: #426a5a; --text-color: #fff\"\n                     >\n                     <span class=\"icon-image\" aria-hidden=\"true\">\n                        <img loading=\"lazy\" decoding=\"async\" src=\"https:\/\/penosil.com\/pt\/wp-content\/uploads\/sites\/10\/2024\/06\/Group-416.svg\" width=\"79\" height=\"90\" alt=\"\">\n                     <\/span>\n                     <span class=\"icon-label\">Ambiente de vida mais seguro<\/span>\n                  <\/a>\n               <\/li>\n                                          <li class=\"icon\">\n                  <a href=\"https:\/\/penosil.com\/pt\/sustentabilidade\/gestao-de-residuos\/\"\n                     class=\"icon-link d-flex align-items-center justify-content-center\"\n                     style=\"--bg-color: #25a18e; --text-color: #fff\"\n                     >\n                     <span class=\"icon-image\" aria-hidden=\"true\">\n                        <img loading=\"lazy\" decoding=\"async\" src=\"https:\/\/penosil.com\/pt\/wp-content\/uploads\/sites\/10\/2024\/06\/Group-415.svg\" width=\"82\" height=\"75\" alt=\"\">\n                     <\/span>\n                     <span class=\"icon-label\">Gest\u00e3o de res\u00edduos<\/span>\n                  <\/a>\n               <\/li>\n                                          <li class=\"icon\">\n                  <a href=\"https:\/\/penosil.com\/pt\/sustentabilidade\/invisivel-mas-sempre-presente\/\"\n                     class=\"icon-link d-flex align-items-center justify-content-center\"\n                     style=\"--bg-color: #007F5F; --text-color: #fff\"\n                     >\n                     <span class=\"icon-image\" aria-hidden=\"true\">\n                        <img loading=\"lazy\" decoding=\"async\" src=\"https:\/\/penosil.com\/pt\/wp-content\/uploads\/sites\/10\/2024\/06\/Group-393.svg\" width=\"87\" height=\"79\" alt=\"\">\n                     <\/span>\n                     <span class=\"icon-label\">Invis\u00edvel, mas sempre presente<\/span>\n                  <\/a>\n               <\/li>\n                     <\/ul>\n      <\/div>\n   <\/section>","protected":false},"excerpt":{"rendered":"","protected":false},"author":105,"featured_media":0,"parent":9655,"menu_order":13,"comment_status":"closed","ping_status":"closed","template":"page-templates\/template-no-title.php","meta":{"_acf_changed":false,"advgb_blocks_editor_width":"","advgb_blocks_columns_visual_guide":"","footnotes":""},"class_list":["post-9671","page","type-page","status-publish","hentry"],"acf":[],"yoast_head":"<!-- This site is optimized with the Yoast SEO plugin v27.2 - https:\/\/yoast.com\/product\/yoast-seo-wordpress\/ -->\n<title>Durabilidade - Penosil Portugal<\/title>\n<meta name=\"description\" content=\"A durabilidade \u00e9 uma das nossas principais prioridades. Trabalhamos para otimizar o tempo de vida de um produto e o seu impacto ambiental.\" \/>\n<meta name=\"robots\" content=\"index, follow, max-snippet:-1, max-image-preview:large, max-video-preview:-1\" \/>\n<link rel=\"canonical\" href=\"https:\/\/penosil.com\/pt\/sustentabilidade\/durabilidade\/\" \/>\n<meta property=\"og:locale\" content=\"pt_PT\" \/>\n<meta property=\"og:type\" content=\"article\" \/>\n<meta property=\"og:title\" content=\"Durabilidade - Penosil Portugal\" \/>\n<meta property=\"og:description\" content=\"A durabilidade \u00e9 uma das nossas principais prioridades. Trabalhamos para otimizar o tempo de vida de um produto e o seu impacto ambiental.\" \/>\n<meta property=\"og:url\" content=\"https:\/\/penosil.com\/pt\/sustentabilidade\/durabilidade\/\" \/>\n<meta property=\"og:site_name\" content=\"Penosil Portugal\" \/>\n<meta property=\"article:modified_time\" content=\"2024-10-09T10:21:03+00:00\" \/>\n<meta name=\"twitter:card\" content=\"summary_large_image\" \/>\n<meta name=\"twitter:label1\" content=\"Tempo estimado de leitura\" \/>\n\t<meta name=\"twitter:data1\" content=\"3 minutos\" \/>\n<script type=\"application\/ld+json\" class=\"yoast-schema-graph\">{\"@context\":\"https:\/\/schema.org\",\"@graph\":[{\"@type\":\"WebPage\",\"@id\":\"https:\/\/penosil.com\/pt\/sustentabilidade\/durabilidade\/\",\"url\":\"https:\/\/penosil.com\/pt\/sustentabilidade\/durabilidade\/\",\"name\":\"Durabilidade - Penosil Portugal\",\"isPartOf\":{\"@id\":\"https:\/\/penosil.com\/pt\/#website\"},\"datePublished\":\"2024-06-05T11:04:26+00:00\",\"dateModified\":\"2024-10-09T10:21:03+00:00\",\"description\":\"A durabilidade \u00e9 uma das nossas principais prioridades. Trabalhamos para otimizar o tempo de vida de um produto e o seu impacto ambiental.\",\"breadcrumb\":{\"@id\":\"https:\/\/penosil.com\/pt\/sustentabilidade\/durabilidade\/#breadcrumb\"},\"inLanguage\":\"pt-PT\",\"potentialAction\":[{\"@type\":\"ReadAction\",\"target\":[\"https:\/\/penosil.com\/pt\/sustentabilidade\/durabilidade\/\"]}]},{\"@type\":\"BreadcrumbList\",\"@id\":\"https:\/\/penosil.com\/pt\/sustentabilidade\/durabilidade\/#breadcrumb\",\"itemListElement\":[{\"@type\":\"ListItem\",\"position\":1,\"name\":\"Home\",\"item\":\"https:\/\/penosil.com\/pt\/\"},{\"@type\":\"ListItem\",\"position\":2,\"name\":\"Sustentabilidade\",\"item\":\"https:\/\/penosil.com\/pt\/sustentabilidade\/\"},{\"@type\":\"ListItem\",\"position\":3,\"name\":\"Durabilidade\"}]},{\"@type\":\"WebSite\",\"@id\":\"https:\/\/penosil.com\/pt\/#website\",\"url\":\"https:\/\/penosil.com\/pt\/\",\"name\":\"Penosil Portugal\",\"description\":\"\",\"potentialAction\":[{\"@type\":\"SearchAction\",\"target\":{\"@type\":\"EntryPoint\",\"urlTemplate\":\"https:\/\/penosil.com\/pt\/?s={search_term_string}\"},\"query-input\":{\"@type\":\"PropertyValueSpecification\",\"valueRequired\":true,\"valueName\":\"search_term_string\"}}],\"inLanguage\":\"pt-PT\"}]}<\/script>\n<!-- \/ Yoast SEO plugin. -->","yoast_head_json":{"title":"Durabilidade - Penosil Portugal","description":"A durabilidade \u00e9 uma das nossas principais prioridades. Trabalhamos para otimizar o tempo de vida de um produto e o seu impacto ambiental.","robots":{"index":"index","follow":"follow","max-snippet":"max-snippet:-1","max-image-preview":"max-image-preview:large","max-video-preview":"max-video-preview:-1"},"canonical":"https:\/\/penosil.com\/pt\/sustentabilidade\/durabilidade\/","og_locale":"pt_PT","og_type":"article","og_title":"Durabilidade - Penosil Portugal","og_description":"A durabilidade \u00e9 uma das nossas principais prioridades. Trabalhamos para otimizar o tempo de vida de um produto e o seu impacto ambiental.","og_url":"https:\/\/penosil.com\/pt\/sustentabilidade\/durabilidade\/","og_site_name":"Penosil Portugal","article_modified_time":"2024-10-09T10:21:03+00:00","twitter_card":"summary_large_image","twitter_misc":{"Tempo estimado de leitura":"3 minutos"},"schema":{"@context":"https:\/\/schema.org","@graph":[{"@type":"WebPage","@id":"https:\/\/penosil.com\/pt\/sustentabilidade\/durabilidade\/","url":"https:\/\/penosil.com\/pt\/sustentabilidade\/durabilidade\/","name":"Durabilidade - Penosil Portugal","isPartOf":{"@id":"https:\/\/penosil.com\/pt\/#website"},"datePublished":"2024-06-05T11:04:26+00:00","dateModified":"2024-10-09T10:21:03+00:00","description":"A durabilidade \u00e9 uma das nossas principais prioridades. Trabalhamos para otimizar o tempo de vida de um produto e o seu impacto ambiental.","breadcrumb":{"@id":"https:\/\/penosil.com\/pt\/sustentabilidade\/durabilidade\/#breadcrumb"},"inLanguage":"pt-PT","potentialAction":[{"@type":"ReadAction","target":["https:\/\/penosil.com\/pt\/sustentabilidade\/durabilidade\/"]}]},{"@type":"BreadcrumbList","@id":"https:\/\/penosil.com\/pt\/sustentabilidade\/durabilidade\/#breadcrumb","itemListElement":[{"@type":"ListItem","position":1,"name":"Home","item":"https:\/\/penosil.com\/pt\/"},{"@type":"ListItem","position":2,"name":"Sustentabilidade","item":"https:\/\/penosil.com\/pt\/sustentabilidade\/"},{"@type":"ListItem","position":3,"name":"Durabilidade"}]},{"@type":"WebSite","@id":"https:\/\/penosil.com\/pt\/#website","url":"https:\/\/penosil.com\/pt\/","name":"Penosil Portugal","description":"","potentialAction":[{"@type":"SearchAction","target":{"@type":"EntryPoint","urlTemplate":"https:\/\/penosil.com\/pt\/?s={search_term_string}"},"query-input":{"@type":"PropertyValueSpecification","valueRequired":true,"valueName":"search_term_string"}}],"inLanguage":"pt-PT"}]}},"coauthors":[],"author_meta":{"author_link":"https:\/\/penosil.com\/pt\/author\/kevinreaktiiv\/","display_name":"kevinreaktiiv"},"relative_dates":{"created":"Posted 2 anos ago","modified":"Updated 2 anos ago"},"absolute_dates":{"created":"Posted on 5 de Junho, 2024","modified":"Updated on 9 de Outubro, 2024"},"absolute_dates_time":{"created":"Posted on 5 de Junho, 2024 11:04","modified":"Updated on 9 de Outubro, 2024 10:21"},"featured_img_caption":"","featured_img":false,"series_order":"","_links":{"self":[{"href":"https:\/\/penosil.com\/pt\/wp-json\/wp\/v2\/pages\/9671","targetHints":{"allow":["GET"]}}],"collection":[{"href":"https:\/\/penosil.com\/pt\/wp-json\/wp\/v2\/pages"}],"about":[{"href":"https:\/\/penosil.com\/pt\/wp-json\/wp\/v2\/types\/page"}],"author":[{"embeddable":true,"href":"https:\/\/penosil.com\/pt\/wp-json\/wp\/v2\/users\/105"}],"replies":[{"embeddable":true,"href":"https:\/\/penosil.com\/pt\/wp-json\/wp\/v2\/comments?post=9671"}],"version-history":[{"count":7,"href":"https:\/\/penosil.com\/pt\/wp-json\/wp\/v2\/pages\/9671\/revisions"}],"predecessor-version":[{"id":10062,"href":"https:\/\/penosil.com\/pt\/wp-json\/wp\/v2\/pages\/9671\/revisions\/10062"}],"up":[{"embeddable":true,"href":"https:\/\/penosil.com\/pt\/wp-json\/wp\/v2\/pages\/9655"}],"wp:attachment":[{"href":"https:\/\/penosil.com\/pt\/wp-json\/wp\/v2\/media?parent=9671"}],"curies":[{"name":"wp","href":"https:\/\/api.w.org\/{rel}","templated":true}]}}