{"id":9678,"date":"2024-06-05T11:06:24","date_gmt":"2024-06-05T11:06:24","guid":{"rendered":"https:\/\/penosil.com\/pt\/?page_id=9678"},"modified":"2024-09-27T17:54:08","modified_gmt":"2024-09-27T17:54:08","slug":"energia-renovavel","status":"publish","type":"page","link":"https:\/\/penosil.com\/pt\/sustentabilidade\/energia-renovavel\/","title":{"rendered":"Energia renov\u00e1vel"},"content":{"rendered":"<section class=\"pnsl-thin-banner-block\" style=\"background-color: #40916c; color: #ffffff\" aria-label=\"Energia renov\u00e1vel\">\n   <div class=\"container d-flex flex-column flex-lg-row align-items-lg-center justify-content-between\">\n      <div class=\"text-wrap\">\n                     <h1>Energia renov\u00e1vel<\/h1>\n         \n                     <p>O nosso objetivo \u00e9 realizarmos a transi\u00e7\u00e3o para uma energia <strong>100%<\/strong> verde at\u00e9 <strong>2030<\/strong>.<\/p>\n               <\/div>\n\n               <div id=\"lottie-block_5657252daf3623bc2ee5d6946bece8a8\" class=\"lottie-animation\" data-path=\"https:\/\/penosil.com\/pt\/wp-content\/themes\/penosil\/assets\/lottie\/renewable.json\" data-speed=\"0.75\" role=\"img\" aria-label=\"Decorative animation\"><\/div>\n         <\/div>\n<\/section>\n\n<section class=\"pnsl-renewable-energy-block d-flex flex-column\" aria-label=\"Renewable Energy Information\">\n         <div class=\"text-container container\">\n         <div class=\"lines-text d-flex flex-column flex-lg-row align-items-center\" role=\"region\" aria-label=\"Key Energy Message\">\n                           <img loading=\"lazy\" decoding=\"async\" src=\"https:\/\/penosil.com\/pt\/wp-content\/uploads\/sites\/10\/2024\/06\/GreenElectricity_green-1.svg\" width=\"80\" height=\"80\" alt=\"CERT\" role=\"img\">\n            \n            <p>Atualmente, a produ\u00e7\u00e3o da Penosil utiliza eletricidade <strong>100%<\/strong> renov\u00e1vel.<\/p>\n         <\/div>\n      <\/div>\n   \n   <div class=\"container angles-container\">\n      <div class=\"angles d-flex flex-column flex-lg-row align-items-center align-items-lg-stretch\">\n         <div class=\"red d-flex align-items-center justify-content-center\" role=\"complementary\" aria-label=\"Wind Energy Animation\">\n            <div id=\"lottie-block_455172719416248fa1fc58e87187ce50\"\n               class=\"lottie-animation\"\n               data-path=\"https:\/\/penosil.com\/pt\/wp-content\/themes\/penosil\/assets\/lottie\/windturbine.json\"\n               data-speed=\"0.75\"\n               role=\"img\"\n               aria-label=\"Animated wind turbine illustration\"><\/div>\n         <\/div>\n\n                     <div class=\"gray d-flex align-items-center justify-content-center\" role=\"complementary\" aria-label=\"Renewable Energy Details\">\n               <div class=\"gray-text\">\n                  <ul>\n<li>A eletricidade representa <strong>70-75%<\/strong> do nosso consumo de energia.<\/li>\n<li>Nas nossas f\u00e1bricas e oficinas de Tallin e de Barcelona, utilizamos <strong>eletricidade 100% verde<\/strong> derivada da <strong>energia solar e e\u00f3lica<\/strong>.<\/li>\n<\/ul>\n               <\/div>\n            <\/div>\n               <\/div>\n   <\/div>\n\n         <div class=\"text-container container\">\n         <div class=\"last-text\" role=\"region\" aria-label=\"Additional Energy Information\">\n            <ul>\n<li>Dado que a eletricidade constitui a maior parte do nosso consumo de energia, entre 2018 e 2019 substitu\u00edmos toda a nossa ilumina\u00e7\u00e3o por l\u00e2mpadas LED, tendo reduzindo desta forma o nosso consumo de eletricidade em <strong>18%<\/strong>.<\/li>\n<li>O g\u00e1s representa entre <strong>25-30%<\/strong> do nosso consumo energ\u00e9tico. O nosso objetivo \u00e9 fazer a <strong>transi\u00e7\u00e3o para o g\u00e1s verde at\u00e9 2030<\/strong>.<\/li>\n<li>Tamb\u00e9m demos um passo significativo na efici\u00eancia energ\u00e9tica quando, h\u00e1 uns cinco anos, moderniz\u00e1mos os sistemas de aquecimento nas nossas instala\u00e7\u00f5es de Tallin, o que conduziu a uma <strong>redu\u00e7\u00e3o <\/strong>not\u00e1vel de <strong>40% nas nossas emiss\u00f5es de CO<sub>2<\/sub><\/strong>.<\/li>\n<\/ul>\n         <\/div>\n      <\/div>\n   <\/section>\n\n<section class=\"pnsl-icon-hovers-block\" aria-label=\"Interactive Icon Navigation\">\n   <div class=\"container\">\n               <h2>Passar para o pr\u00f3ximo tema Sustentabilidade<\/h2>\n         <\/div>\n\n         <div class=\"container icons-container\">\n         <ul class=\"icons d-flex align-items-center justify-content-center justify-content-lg-between flex-wrap\" role=\"list\">\n                                          <li class=\"icon\">\n                  <a href=\"https:\/\/penosil.com\/pt\/sustentabilidade\/durabilidade\/\"\n                     class=\"icon-link d-flex align-items-center justify-content-center\"\n                     style=\"--bg-color: #b7e4c7; --text-color: #ffffff\"\n                     >\n                     <span class=\"icon-image\" aria-hidden=\"true\">\n                        <img loading=\"lazy\" decoding=\"async\" src=\"https:\/\/penosil.com\/pt\/wp-content\/uploads\/sites\/10\/2024\/06\/Icons.svg\" width=\"68\" height=\"67\" alt=\"\">\n                     <\/span>\n                     <span class=\"icon-label\">Durabilidade<\/span>\n                  <\/a>\n               <\/li>\n                                          <li class=\"icon\">\n                  <a href=\"https:\/\/penosil.com\/pt\/sustentabilidade\/componentes-sustentaveis\/\"\n                     class=\"icon-link d-flex align-items-center justify-content-center\"\n                     style=\"--bg-color: #52b788; --text-color: #fff\"\n                     >\n                     <span class=\"icon-image\" aria-hidden=\"true\">\n                        <img loading=\"lazy\" decoding=\"async\" src=\"https:\/\/penosil.com\/pt\/wp-content\/uploads\/sites\/10\/2024\/06\/Group-409.svg\" width=\"72\" height=\"75\" alt=\"\">\n                     <\/span>\n                     <span class=\"icon-label\">Compontentes Sustent\u00e1veis<\/span>\n                  <\/a>\n               <\/li>\n                                          <li class=\"icon\">\n                  <a href=\"https:\/\/penosil.com\/pt\/sustentabilidade\/innovacao\/\"\n                     class=\"icon-link d-flex align-items-center justify-content-center\"\n                     style=\"--bg-color: #1b4332; --text-color: #fff\"\n                     >\n                     <span class=\"icon-image\" aria-hidden=\"true\">\n                        <img loading=\"lazy\" decoding=\"async\" src=\"https:\/\/penosil.com\/pt\/wp-content\/uploads\/sites\/10\/2024\/06\/Group-410.svg\" width=\"88\" height=\"94\" alt=\"\">\n                     <\/span>\n                     <span class=\"icon-label\">Inova\u00e7\u00e3o<\/span>\n                  <\/a>\n               <\/li>\n                                          <li class=\"icon\">\n                  <a href=\"https:\/\/penosil.com\/pt\/sustentabilidade\/ambiente-de-vida-mais-seguro\/\"\n                     class=\"icon-link d-flex align-items-center justify-content-center\"\n                     style=\"--bg-color: #426a5a; --text-color: #fff\"\n                     >\n                     <span class=\"icon-image\" aria-hidden=\"true\">\n                        <img loading=\"lazy\" decoding=\"async\" src=\"https:\/\/penosil.com\/pt\/wp-content\/uploads\/sites\/10\/2024\/06\/Group-416.svg\" width=\"79\" height=\"90\" alt=\"\">\n                     <\/span>\n                     <span class=\"icon-label\">Ambiente de vida mais seguro <\/span>\n                  <\/a>\n               <\/li>\n                                          <li class=\"icon\">\n                  <a href=\"https:\/\/penosil.com\/pt\/sustentabilidade\/gestao-de-residuos\/\"\n                     class=\"icon-link d-flex align-items-center justify-content-center\"\n                     style=\"--bg-color: #25a18e; --text-color: #fff\"\n                     >\n                     <span class=\"icon-image\" aria-hidden=\"true\">\n                        <img loading=\"lazy\" decoding=\"async\" src=\"https:\/\/penosil.com\/pt\/wp-content\/uploads\/sites\/10\/2024\/06\/Group-415.svg\" width=\"82\" height=\"75\" alt=\"\">\n                     <\/span>\n                     <span class=\"icon-label\">Gest\u00e3o de res\u00edduos<\/span>\n                  <\/a>\n               <\/li>\n                                          <li class=\"icon\">\n                  <a href=\"https:\/\/penosil.com\/pt\/sustentabilidade\/invisivel-mas-sempre-presente\/\"\n                     class=\"icon-link d-flex align-items-center justify-content-center\"\n                     style=\"--bg-color: #007F5F; --text-color: #fff\"\n                     >\n                     <span class=\"icon-image\" aria-hidden=\"true\">\n                        <img loading=\"lazy\" decoding=\"async\" src=\"https:\/\/penosil.com\/pt\/wp-content\/uploads\/sites\/10\/2024\/06\/Group-393.svg\" width=\"87\" height=\"79\" alt=\"\">\n                     <\/span>\n                     <span class=\"icon-label\">Invis\u00edvel, mas sempre presente<\/span>\n                  <\/a>\n               <\/li>\n                     <\/ul>\n      <\/div>\n   <\/section>","protected":false},"excerpt":{"rendered":"","protected":false},"author":105,"featured_media":0,"parent":9655,"menu_order":9,"comment_status":"closed","ping_status":"closed","template":"page-templates\/template-no-title.php","meta":{"_acf_changed":false,"advgb_blocks_editor_width":"","advgb_blocks_columns_visual_guide":"","footnotes":""},"class_list":["post-9678","page","type-page","status-publish","hentry"],"acf":[],"yoast_head":"<!-- This site is optimized with the Yoast SEO plugin v27.2 - https:\/\/yoast.com\/product\/yoast-seo-wordpress\/ -->\n<title>Energia renov\u00e1vel - Penosil Portugal<\/title>\n<meta name=\"description\" content=\"A produ\u00e7\u00e3o da Penosil utiliza eletricidade 100% renov\u00e1vel. O nosso objetivo \u00e9 fazer a transi\u00e7\u00e3o para 100% de energia verde at\u00e9 2030.\" \/>\n<meta name=\"robots\" content=\"index, follow, max-snippet:-1, max-image-preview:large, max-video-preview:-1\" \/>\n<link rel=\"canonical\" href=\"https:\/\/penosil.com\/pt\/sustentabilidade\/energia-renovavel\/\" \/>\n<meta property=\"og:locale\" content=\"pt_PT\" \/>\n<meta property=\"og:type\" content=\"article\" \/>\n<meta property=\"og:title\" content=\"Energia renov\u00e1vel - Penosil Portugal\" \/>\n<meta property=\"og:description\" content=\"A produ\u00e7\u00e3o da Penosil utiliza eletricidade 100% renov\u00e1vel. O nosso objetivo \u00e9 fazer a transi\u00e7\u00e3o para 100% de energia verde at\u00e9 2030.\" \/>\n<meta property=\"og:url\" content=\"https:\/\/penosil.com\/pt\/sustentabilidade\/energia-renovavel\/\" \/>\n<meta property=\"og:site_name\" content=\"Penosil Portugal\" \/>\n<meta property=\"article:modified_time\" content=\"2024-09-27T17:54:08+00:00\" \/>\n<meta name=\"twitter:card\" content=\"summary_large_image\" \/>\n<meta name=\"twitter:label1\" content=\"Tempo estimado de leitura\" \/>\n\t<meta name=\"twitter:data1\" content=\"3 minutos\" \/>\n<script type=\"application\/ld+json\" class=\"yoast-schema-graph\">{\"@context\":\"https:\/\/schema.org\",\"@graph\":[{\"@type\":\"WebPage\",\"@id\":\"https:\/\/penosil.com\/pt\/sustentabilidade\/energia-renovavel\/\",\"url\":\"https:\/\/penosil.com\/pt\/sustentabilidade\/energia-renovavel\/\",\"name\":\"Energia renov\u00e1vel - Penosil Portugal\",\"isPartOf\":{\"@id\":\"https:\/\/penosil.com\/pt\/#website\"},\"datePublished\":\"2024-06-05T11:06:24+00:00\",\"dateModified\":\"2024-09-27T17:54:08+00:00\",\"description\":\"A produ\u00e7\u00e3o da Penosil utiliza eletricidade 100% renov\u00e1vel. O nosso objetivo \u00e9 fazer a transi\u00e7\u00e3o para 100% de energia verde at\u00e9 2030.\",\"breadcrumb\":{\"@id\":\"https:\/\/penosil.com\/pt\/sustentabilidade\/energia-renovavel\/#breadcrumb\"},\"inLanguage\":\"pt-PT\",\"potentialAction\":[{\"@type\":\"ReadAction\",\"target\":[\"https:\/\/penosil.com\/pt\/sustentabilidade\/energia-renovavel\/\"]}]},{\"@type\":\"BreadcrumbList\",\"@id\":\"https:\/\/penosil.com\/pt\/sustentabilidade\/energia-renovavel\/#breadcrumb\",\"itemListElement\":[{\"@type\":\"ListItem\",\"position\":1,\"name\":\"Home\",\"item\":\"https:\/\/penosil.com\/pt\/\"},{\"@type\":\"ListItem\",\"position\":2,\"name\":\"Sustentabilidade\",\"item\":\"https:\/\/penosil.com\/pt\/sustentabilidade\/\"},{\"@type\":\"ListItem\",\"position\":3,\"name\":\"Energia renov\u00e1vel\"}]},{\"@type\":\"WebSite\",\"@id\":\"https:\/\/penosil.com\/pt\/#website\",\"url\":\"https:\/\/penosil.com\/pt\/\",\"name\":\"Penosil Portugal\",\"description\":\"\",\"potentialAction\":[{\"@type\":\"SearchAction\",\"target\":{\"@type\":\"EntryPoint\",\"urlTemplate\":\"https:\/\/penosil.com\/pt\/?s={search_term_string}\"},\"query-input\":{\"@type\":\"PropertyValueSpecification\",\"valueRequired\":true,\"valueName\":\"search_term_string\"}}],\"inLanguage\":\"pt-PT\"}]}<\/script>\n<!-- \/ Yoast SEO plugin. -->","yoast_head_json":{"title":"Energia renov\u00e1vel - Penosil Portugal","description":"A produ\u00e7\u00e3o da Penosil utiliza eletricidade 100% renov\u00e1vel. O nosso objetivo \u00e9 fazer a transi\u00e7\u00e3o para 100% de energia verde at\u00e9 2030.","robots":{"index":"index","follow":"follow","max-snippet":"max-snippet:-1","max-image-preview":"max-image-preview:large","max-video-preview":"max-video-preview:-1"},"canonical":"https:\/\/penosil.com\/pt\/sustentabilidade\/energia-renovavel\/","og_locale":"pt_PT","og_type":"article","og_title":"Energia renov\u00e1vel - Penosil Portugal","og_description":"A produ\u00e7\u00e3o da Penosil utiliza eletricidade 100% renov\u00e1vel. O nosso objetivo \u00e9 fazer a transi\u00e7\u00e3o para 100% de energia verde at\u00e9 2030.","og_url":"https:\/\/penosil.com\/pt\/sustentabilidade\/energia-renovavel\/","og_site_name":"Penosil Portugal","article_modified_time":"2024-09-27T17:54:08+00:00","twitter_card":"summary_large_image","twitter_misc":{"Tempo estimado de leitura":"3 minutos"},"schema":{"@context":"https:\/\/schema.org","@graph":[{"@type":"WebPage","@id":"https:\/\/penosil.com\/pt\/sustentabilidade\/energia-renovavel\/","url":"https:\/\/penosil.com\/pt\/sustentabilidade\/energia-renovavel\/","name":"Energia renov\u00e1vel - Penosil Portugal","isPartOf":{"@id":"https:\/\/penosil.com\/pt\/#website"},"datePublished":"2024-06-05T11:06:24+00:00","dateModified":"2024-09-27T17:54:08+00:00","description":"A produ\u00e7\u00e3o da Penosil utiliza eletricidade 100% renov\u00e1vel. O nosso objetivo \u00e9 fazer a transi\u00e7\u00e3o para 100% de energia verde at\u00e9 2030.","breadcrumb":{"@id":"https:\/\/penosil.com\/pt\/sustentabilidade\/energia-renovavel\/#breadcrumb"},"inLanguage":"pt-PT","potentialAction":[{"@type":"ReadAction","target":["https:\/\/penosil.com\/pt\/sustentabilidade\/energia-renovavel\/"]}]},{"@type":"BreadcrumbList","@id":"https:\/\/penosil.com\/pt\/sustentabilidade\/energia-renovavel\/#breadcrumb","itemListElement":[{"@type":"ListItem","position":1,"name":"Home","item":"https:\/\/penosil.com\/pt\/"},{"@type":"ListItem","position":2,"name":"Sustentabilidade","item":"https:\/\/penosil.com\/pt\/sustentabilidade\/"},{"@type":"ListItem","position":3,"name":"Energia renov\u00e1vel"}]},{"@type":"WebSite","@id":"https:\/\/penosil.com\/pt\/#website","url":"https:\/\/penosil.com\/pt\/","name":"Penosil Portugal","description":"","potentialAction":[{"@type":"SearchAction","target":{"@type":"EntryPoint","urlTemplate":"https:\/\/penosil.com\/pt\/?s={search_term_string}"},"query-input":{"@type":"PropertyValueSpecification","valueRequired":true,"valueName":"search_term_string"}}],"inLanguage":"pt-PT"}]}},"coauthors":[],"author_meta":{"author_link":"https:\/\/penosil.com\/pt\/author\/kevinreaktiiv\/","display_name":"kevinreaktiiv"},"relative_dates":{"created":"Posted 2 anos ago","modified":"Updated 2 anos ago"},"absolute_dates":{"created":"Posted on 5 de Junho, 2024","modified":"Updated on 27 de Setembro, 2024"},"absolute_dates_time":{"created":"Posted on 5 de Junho, 2024 11:06","modified":"Updated on 27 de Setembro, 2024 17:54"},"featured_img_caption":"","featured_img":false,"series_order":"","_links":{"self":[{"href":"https:\/\/penosil.com\/pt\/wp-json\/wp\/v2\/pages\/9678","targetHints":{"allow":["GET"]}}],"collection":[{"href":"https:\/\/penosil.com\/pt\/wp-json\/wp\/v2\/pages"}],"about":[{"href":"https:\/\/penosil.com\/pt\/wp-json\/wp\/v2\/types\/page"}],"author":[{"embeddable":true,"href":"https:\/\/penosil.com\/pt\/wp-json\/wp\/v2\/users\/105"}],"replies":[{"embeddable":true,"href":"https:\/\/penosil.com\/pt\/wp-json\/wp\/v2\/comments?post=9678"}],"version-history":[{"count":7,"href":"https:\/\/penosil.com\/pt\/wp-json\/wp\/v2\/pages\/9678\/revisions"}],"predecessor-version":[{"id":10029,"href":"https:\/\/penosil.com\/pt\/wp-json\/wp\/v2\/pages\/9678\/revisions\/10029"}],"up":[{"embeddable":true,"href":"https:\/\/penosil.com\/pt\/wp-json\/wp\/v2\/pages\/9655"}],"wp:attachment":[{"href":"https:\/\/penosil.com\/pt\/wp-json\/wp\/v2\/media?parent=9678"}],"curies":[{"name":"wp","href":"https:\/\/api.w.org\/{rel}","templated":true}]}}