{"id":9687,"date":"2024-06-05T11:09:16","date_gmt":"2024-06-05T11:09:16","guid":{"rendered":"https:\/\/penosil.com\/pt\/?page_id=9687"},"modified":"2025-07-10T11:14:14","modified_gmt":"2025-07-10T11:14:14","slug":"ambiente-de-vida-mais-seguro","status":"publish","type":"page","link":"https:\/\/penosil.com\/pt\/sustentabilidade\/ambiente-de-vida-mais-seguro\/","title":{"rendered":"Ambiente de vida mais seguro"},"content":{"rendered":"<section class=\"pnsl-thin-banner-block\" style=\"background-color: #426a5a; color: #ffffff\" aria-label=\"Ambiente de vida mais seguro\">\n   <div class=\"container d-flex flex-column flex-lg-row align-items-lg-center justify-content-between\">\n      <div class=\"text-wrap\">\n                     <h1>Ambiente de vida mais seguro<\/h1>\n         \n                     <p>Queremos que desfrute de um <strong>ambiente de vida melhor<\/strong> e <strong>mais seguro<\/strong>.<\/p>\n               <\/div>\n\n               <div id=\"lottie-block_daae3e986d3efb8e360c8ba1aa916fe2\" class=\"lottie-animation\" data-path=\"https:\/\/penosil.com\/pt\/wp-content\/themes\/penosil\/assets\/lottie\/safer.json\" data-speed=\"0.75\" role=\"img\" aria-label=\"Decorative animation\"><\/div>\n         <\/div>\n<\/section>\n\n<main class=\"pnsl-safer-living-environment-block\" aria-label=\"Safer Living Environment Information\">\n         <section class=\"container text-container d-flex flex-column align-items-start\" aria-labelledby=\"safer-living-intro\">\n         <div class=\"upper-text text-wrap\">\n            <div id=\"safer-living-intro\">\n               <p>Por conseguinte:<\/p>\n            <\/div>\n\n                           <ul>\n                                                            <li>\n                        <p>Melhoramos continuamente as nossas f\u00f3rmulas existentes.<\/p>\n                     \n                                             <\/li>\n                                                            <li>\n                        <p>Desenvolvemos novos produtos com <strong class=\"open-safer-tooltip\">baixo conte\u00fado de COV e mat\u00e9rias-primas mais seguras<\/strong>.<\/p>\n                     \n                                                \n                                                         <button type=\"button\" class=\"tooltip sus-tooltip\" data-tooltip-content=\"#tooltip-safer\" aria-expanded=\"false\" aria-describedby=\"tooltip-safer\" aria-label=\"Show more information\">\n                                 <img loading=\"lazy\" decoding=\"async\" src=\"https:\/\/penosil.com\/pt\/wp-content\/themes\/penosil\/images\/icons\/sus-info.svg\" width=\"52\" height=\"63\" alt=\"\" aria-hidden=\"true\">\n                              <\/button>\n\n                              <div class=\"safer-tooltip-content tooltip-content\" role=\"tooltip\" id=\"tooltip-safer\" aria-hidden=\"true\">\n                                 <h3><strong>O que \u00e9 um conte\u00fado de COV baixo? <\/strong><\/h3>\n<ul>\n<li>Os compostos org\u00e2nicos vol\u00e1teis (COV) s\u00e3o <strong>subst\u00e2ncias qu\u00edmicas<\/strong> libertadas por materiais de constru\u00e7\u00e3o e m\u00f3veis que se <strong>evaporam e propagam facilmente<\/strong>.<\/li>\n<li>A alta concentra\u00e7\u00e3o de compostos COV afeta a qualidade do ar interior e pode causar irrita\u00e7\u00e3o e problemas de sa\u00fade.<\/li>\n<\/ul>\n<p><strong>Procura os seguintes certificados nos r\u00f3tulos dos produtos:<\/strong><\/p>\n<p><img loading=\"lazy\" decoding=\"async\" class=\"\" src=\"https:\/\/penosil.com\/pt\/wp-content\/uploads\/sites\/10\/2025\/07\/EC1_Plus_mark.png\" width=\"75\" height=\"75\" \/>\u00a0 \u00a0 <img loading=\"lazy\" decoding=\"async\" class=\"\" src=\"https:\/\/penosil.com\/pt\/wp-content\/uploads\/sites\/10\/2025\/07\/M1-logo_RGB_english_black.png\" width=\"75\" height=\"75\" \/>\u00a0 \u00a0 <img loading=\"lazy\" decoding=\"async\" class=\"\" src=\"https:\/\/penosil.com\/pt\/wp-content\/uploads\/sites\/10\/2025\/07\/A-French.png\" width=\"92\" height=\"75\" \/><\/p>\n                              <\/div>\n                                                                        <\/li>\n                                 <\/ul>\n                     <\/div>\n      <\/section>\n   \n   <section class=\"container angles-container\" aria-label=\"Process steps\">\n      <div class=\"angles row flex-column flex-lg-row flex-lg-nowrap\" role=\"list\">\n                                 <div class=\"angle col d-flex align-items-center justify-content-center\" role=\"listitem\" aria-label=\"Step 1\">\n               <div class=\"angle-text\"><p>Em 2020, <strong>14%<\/strong> dos produtos Penosil contavam com certifica\u00e7\u00f5es EC1+.<\/p>\n<\/div>\n            <\/div>\n                                 <div class=\"angle col d-flex align-items-center justify-content-center\" role=\"listitem\" aria-label=\"Step 2\">\n               <div class=\"angle-text\"><p>Em 2023, <strong>52%<\/strong> dos produtos Penosil contavam com certifica\u00e7\u00f5es EC1+.<\/p>\n<\/div>\n            <\/div>\n                                 <div class=\"angle col d-flex align-items-center justify-content-center\" role=\"listitem\" aria-label=\"Step 3\">\n               <div class=\"angle-text\"><p>Nos pr\u00f3ximos anos, mais de <strong>70%<\/strong> dos produtos Penosil dever\u00e3o contar com certifica\u00e7\u00f5es de baixo conte\u00fado de COV.<\/p>\n<\/div>\n            <\/div>\n               <\/div>\n   <\/section>\n\n   <section class=\"container text-container\" aria-label=\"Additional information\">\n               <div class=\"above-lines-text text-wrap\">\n            <p>Nos \u00faltimos cinco anos, desenvolvemos in\u00fameros adesivos, selantes e preenchimentos <strong>sem diluentes e \u00e0 base de \u00e1gua<\/strong>. Al\u00e9m disso, muitos dos nossos silicones oxima s\u00e3o disponibilizados <strong>sem MEKO<\/strong>.<\/p>\n         <\/div>\n      \n               <div class=\"lines-text w-100 d-flex flex-column flex-lg-row justify-content-between\" role=\"list\" aria-label=\"Key benefits\">\n                                          <div class=\"item d-flex flex-column flex-md-row align-items-center\" role=\"listitem\">\n                                       <div class=\"item-icon\">\n                        <img loading=\"lazy\" decoding=\"async\" src=\"https:\/\/penosil.com\/pt\/wp-content\/uploads\/sites\/10\/2024\/06\/Group-414.svg\" width=\"110\" height=\"106\" alt=\"\">\n                     <\/div>\n                  \n                                       <div class=\"item-text\">\n                        <p>Procure o certificado 0 MEKO no r\u00f3tulo do produto<\/p>\n                     <\/div>\n                                 <\/div>\n                                          <div class=\"item d-flex flex-column flex-md-row align-items-center\" role=\"listitem\">\n                                       <div class=\"item-icon\">\n                        <img loading=\"lazy\" decoding=\"async\" src=\"https:\/\/penosil.com\/pt\/wp-content\/uploads\/sites\/10\/2024\/06\/Layer_1-2.svg\" width=\"108\" height=\"108\" alt=\"\">\n                     <\/div>\n                  \n                                       <div class=\"item-text\">\n                        <p>Procure o selo Safe Choice<br \/>\nnas nossas espumas PU com baixo conte\u00fado de MDI e sem MDI<\/p>\n                     <\/div>\n                                 <\/div>\n                     <\/div>\n      \n               <div class=\"text-before-icon text-wrap\">\n            <p>Cada vez h\u00e1 mais espumas de poliuretano que incluem um conte\u00fado muito baixo de mon\u00f3mero de di-isocianato (&lt;0,1%) ou que est\u00e3o completamente <strong class=\"open-safer-tooltip\">livres de MDI<\/strong>.<\/p>\n\n                           <button type=\"button\" class=\"tooltip sus-tooltip\" data-tooltip-content=\"#tooltip-safer-bottom\" aria-expanded=\"false\" aria-describedby=\"tooltip-safer-bottom\" aria-label=\"Show more information\">\n                  <img loading=\"lazy\" decoding=\"async\" src=\"https:\/\/penosil.com\/pt\/wp-content\/themes\/penosil\/images\/icons\/sus-info.svg\" width=\"52\" height=\"63\" alt=\"\" aria-hidden=\"true\">\n               <\/button>\n\n               <div class=\"safer-tooltip-content tooltip-content\" role=\"tooltip\" id=\"tooltip-safer-bottom\" aria-hidden=\"true\">\n                  <h4>O que \u00e9 o MDI?<\/h4>\n<p>O di-isocianato de difenilmetileno (MDI) \u00e9 um <strong>tipo de produto qu\u00edmico<\/strong> utilizado na produ\u00e7\u00e3o de materiais de PU.<\/p>\n<p><strong>Durante a aplica\u00e7\u00e3o da espuma<\/strong>, o conte\u00fado de MDI na espuma pode causar irrita\u00e7\u00e3o na pele e na garganta.<\/p>\n               <\/div>\n                     <\/div>\n      \n               <div class=\"under-lines-text text-wrap\">\n            <p>As espumas PU com baixo conte\u00fado de MDI e sem MDI oferecem uma <strong>alternativa mais segura<\/strong> do que as espumas PU normais, minimizando o risco de exposi\u00e7\u00e3o a produtos qu\u00edmicos nocivos, melhorando a seguran\u00e7a laboral, reduzindo o impacto ambiental e garantindo o cumprimento com as regula\u00e7\u00f5es.<\/p>\n<p>A nossa <strong>nova f\u00e1brica de espuma PU, na Espanha<\/strong>, ser\u00e1 a instala\u00e7\u00e3o l\u00edder na Europa de espumas PU de MDI baixo e sem MDI. Somos o primeiro fabricante europeu a oferecer um conjunto completo de produtos de espumas PU com MDI baixo e sem MDI aos seus clientes.<\/p>\n<p>No portf\u00f3lio Penosil temos atualmente as seguintes <strong>espumas Low e No MDI<\/strong>:<\/p>\n<ul>\n<li>Espumas aeross\u00f3is<\/li>\n<li>Espumas de pistola<\/li>\n<li>Espumas manuais<\/li>\n<\/ul>\n<p>Brevemente, completaremos a nossa oferta de espumas com MDI baixo, com espumas de pistola B2, espumas aerossol B2 e adesivo de espuma.<\/p>\n         <\/div>\n         <\/section>\n<\/main>\n\n<section class=\"pnsl-icon-hovers-block\" aria-label=\"Interactive Icon Navigation\">\n   <div class=\"container\">\n               <h2>Passar para o pr\u00f3ximo tema Sustentabilidade<\/h2>\n         <\/div>\n\n         <div class=\"container icons-container\">\n         <ul class=\"icons d-flex align-items-center justify-content-center justify-content-lg-between flex-wrap\" role=\"list\">\n                                          <li class=\"icon\">\n                  <a href=\"https:\/\/penosil.com\/pt\/sustentabilidade\/durabilidade\/\"\n                     class=\"icon-link d-flex align-items-center justify-content-center\"\n                     style=\"--bg-color: #b7e4c7; --text-color: #ffffff\"\n                     >\n                     <span class=\"icon-image\" aria-hidden=\"true\">\n                        <img loading=\"lazy\" decoding=\"async\" src=\"https:\/\/penosil.com\/pt\/wp-content\/uploads\/sites\/10\/2024\/06\/Icons.svg\" width=\"68\" height=\"67\" alt=\"\">\n                     <\/span>\n                     <span class=\"icon-label\">Durabilidade<\/span>\n                  <\/a>\n               <\/li>\n                                          <li class=\"icon\">\n                  <a href=\"https:\/\/penosil.com\/pt\/sustentabilidade\/componentes-sustentaveis\/\"\n                     class=\"icon-link d-flex align-items-center justify-content-center\"\n                     style=\"--bg-color: #52b788; --text-color: #fff\"\n                     >\n                     <span class=\"icon-image\" aria-hidden=\"true\">\n                        <img loading=\"lazy\" decoding=\"async\" src=\"https:\/\/penosil.com\/pt\/wp-content\/uploads\/sites\/10\/2024\/06\/Group-409.svg\" width=\"72\" height=\"75\" alt=\"\">\n                     <\/span>\n                     <span class=\"icon-label\">Componentes Sustent\u00e1veis<\/span>\n                  <\/a>\n               <\/li>\n                                          <li class=\"icon\">\n                  <a href=\"https:\/\/penosil.com\/pt\/sustentabilidade\/energia-renovavel\/\"\n                     class=\"icon-link d-flex align-items-center justify-content-center\"\n                     style=\"--bg-color: #40916c; --text-color: #fff\"\n                     >\n                     <span class=\"icon-image\" aria-hidden=\"true\">\n                        <img loading=\"lazy\" decoding=\"async\" src=\"https:\/\/penosil.com\/pt\/wp-content\/uploads\/sites\/10\/2024\/06\/48x48_Icons.svg\" width=\"76\" height=\"73\" alt=\"\">\n                     <\/span>\n                     <span class=\"icon-label\">Energia renov\u00e1vel<\/span>\n                  <\/a>\n               <\/li>\n                                          <li class=\"icon\">\n                  <a href=\"https:\/\/penosil.com\/pt\/sustentabilidade\/innovacao\/\"\n                     class=\"icon-link d-flex align-items-center justify-content-center\"\n                     style=\"--bg-color: #1b4332; --text-color: #fff\"\n                     >\n                     <span class=\"icon-image\" aria-hidden=\"true\">\n                        <img loading=\"lazy\" decoding=\"async\" src=\"https:\/\/penosil.com\/pt\/wp-content\/uploads\/sites\/10\/2024\/06\/Group-410.svg\" width=\"88\" height=\"94\" alt=\"\">\n                     <\/span>\n                     <span class=\"icon-label\">Inova\u00e7\u00e3o<\/span>\n                  <\/a>\n               <\/li>\n                                          <li class=\"icon\">\n                  <a href=\"https:\/\/penosil.com\/pt\/sustentabilidade\/gestao-de-residuos\/\"\n                     class=\"icon-link d-flex align-items-center justify-content-center\"\n                     style=\"--bg-color: #25a18e; --text-color: #fff\"\n                     >\n                     <span class=\"icon-image\" aria-hidden=\"true\">\n                        <img loading=\"lazy\" decoding=\"async\" src=\"https:\/\/penosil.com\/pt\/wp-content\/uploads\/sites\/10\/2024\/06\/Group-415.svg\" width=\"82\" height=\"75\" alt=\"\">\n                     <\/span>\n                     <span class=\"icon-label\">Gest\u00e3o de res\u00edduos<\/span>\n                  <\/a>\n               <\/li>\n                                          <li class=\"icon\">\n                  <a href=\"https:\/\/penosil.com\/pt\/sustentabilidade\/invisivel-mas-sempre-presente\/\"\n                     class=\"icon-link d-flex align-items-center justify-content-center\"\n                     style=\"--bg-color: #007F5F; --text-color: #fff\"\n                     >\n                     <span class=\"icon-image\" aria-hidden=\"true\">\n                        <img loading=\"lazy\" decoding=\"async\" src=\"https:\/\/penosil.com\/pt\/wp-content\/uploads\/sites\/10\/2024\/06\/Group-393.svg\" width=\"87\" height=\"79\" alt=\"\">\n                     <\/span>\n                     <span class=\"icon-label\">Invis\u00edvel, mas sempre presente<\/span>\n                  <\/a>\n               <\/li>\n                     <\/ul>\n      <\/div>\n   <\/section>","protected":false},"excerpt":{"rendered":"","protected":false},"author":105,"featured_media":0,"parent":9655,"menu_order":5,"comment_status":"closed","ping_status":"closed","template":"page-templates\/template-no-title.php","meta":{"_acf_changed":false,"advgb_blocks_editor_width":"","advgb_blocks_columns_visual_guide":"","footnotes":""},"class_list":["post-9687","page","type-page","status-publish","hentry"],"acf":[],"yoast_head":"<!-- This site is optimized with the Yoast SEO plugin v27.2 - https:\/\/yoast.com\/product\/yoast-seo-wordpress\/ -->\n<title>Ambiente de vida mais seguro - Penosil Portugal<\/title>\n<meta name=\"description\" content=\"Queremos um ambiente de vida mais saud\u00e1vel e mais seguro. As espumas de PU com baixo e sem MDI oferecem uma alternativa mais segura \u00e0s espumas de PU normais.\" \/>\n<meta name=\"robots\" content=\"index, follow, max-snippet:-1, max-image-preview:large, max-video-preview:-1\" \/>\n<link rel=\"canonical\" href=\"https:\/\/penosil.com\/pt\/sustentabilidade\/ambiente-de-vida-mais-seguro\/\" \/>\n<meta property=\"og:locale\" content=\"pt_PT\" \/>\n<meta property=\"og:type\" content=\"article\" \/>\n<meta property=\"og:title\" content=\"Ambiente de vida mais seguro - Penosil Portugal\" \/>\n<meta property=\"og:description\" content=\"Queremos um ambiente de vida mais saud\u00e1vel e mais seguro. As espumas de PU com baixo e sem MDI oferecem uma alternativa mais segura \u00e0s espumas de PU normais.\" \/>\n<meta property=\"og:url\" content=\"https:\/\/penosil.com\/pt\/sustentabilidade\/ambiente-de-vida-mais-seguro\/\" \/>\n<meta property=\"og:site_name\" content=\"Penosil Portugal\" \/>\n<meta property=\"article:modified_time\" content=\"2025-07-10T11:14:14+00:00\" \/>\n<meta name=\"twitter:card\" content=\"summary_large_image\" \/>\n<meta name=\"twitter:label1\" content=\"Tempo estimado de leitura\" \/>\n\t<meta name=\"twitter:data1\" content=\"4 minutos\" \/>\n<script type=\"application\/ld+json\" class=\"yoast-schema-graph\">{\"@context\":\"https:\/\/schema.org\",\"@graph\":[{\"@type\":\"WebPage\",\"@id\":\"https:\/\/penosil.com\/pt\/sustentabilidade\/ambiente-de-vida-mais-seguro\/\",\"url\":\"https:\/\/penosil.com\/pt\/sustentabilidade\/ambiente-de-vida-mais-seguro\/\",\"name\":\"Ambiente de vida mais seguro - Penosil Portugal\",\"isPartOf\":{\"@id\":\"https:\/\/penosil.com\/pt\/#website\"},\"datePublished\":\"2024-06-05T11:09:16+00:00\",\"dateModified\":\"2025-07-10T11:14:14+00:00\",\"description\":\"Queremos um ambiente de vida mais saud\u00e1vel e mais seguro. As espumas de PU com baixo e sem MDI oferecem uma alternativa mais segura \u00e0s espumas de PU normais.\",\"breadcrumb\":{\"@id\":\"https:\/\/penosil.com\/pt\/sustentabilidade\/ambiente-de-vida-mais-seguro\/#breadcrumb\"},\"inLanguage\":\"pt-PT\",\"potentialAction\":[{\"@type\":\"ReadAction\",\"target\":[\"https:\/\/penosil.com\/pt\/sustentabilidade\/ambiente-de-vida-mais-seguro\/\"]}]},{\"@type\":\"BreadcrumbList\",\"@id\":\"https:\/\/penosil.com\/pt\/sustentabilidade\/ambiente-de-vida-mais-seguro\/#breadcrumb\",\"itemListElement\":[{\"@type\":\"ListItem\",\"position\":1,\"name\":\"Home\",\"item\":\"https:\/\/penosil.com\/pt\/\"},{\"@type\":\"ListItem\",\"position\":2,\"name\":\"Sustentabilidade\",\"item\":\"https:\/\/penosil.com\/pt\/sustentabilidade\/\"},{\"@type\":\"ListItem\",\"position\":3,\"name\":\"Ambiente de vida mais seguro\"}]},{\"@type\":\"WebSite\",\"@id\":\"https:\/\/penosil.com\/pt\/#website\",\"url\":\"https:\/\/penosil.com\/pt\/\",\"name\":\"Penosil Portugal\",\"description\":\"\",\"potentialAction\":[{\"@type\":\"SearchAction\",\"target\":{\"@type\":\"EntryPoint\",\"urlTemplate\":\"https:\/\/penosil.com\/pt\/?s={search_term_string}\"},\"query-input\":{\"@type\":\"PropertyValueSpecification\",\"valueRequired\":true,\"valueName\":\"search_term_string\"}}],\"inLanguage\":\"pt-PT\"}]}<\/script>\n<!-- \/ Yoast SEO plugin. -->","yoast_head_json":{"title":"Ambiente de vida mais seguro - Penosil Portugal","description":"Queremos um ambiente de vida mais saud\u00e1vel e mais seguro. As espumas de PU com baixo e sem MDI oferecem uma alternativa mais segura \u00e0s espumas de PU normais.","robots":{"index":"index","follow":"follow","max-snippet":"max-snippet:-1","max-image-preview":"max-image-preview:large","max-video-preview":"max-video-preview:-1"},"canonical":"https:\/\/penosil.com\/pt\/sustentabilidade\/ambiente-de-vida-mais-seguro\/","og_locale":"pt_PT","og_type":"article","og_title":"Ambiente de vida mais seguro - Penosil Portugal","og_description":"Queremos um ambiente de vida mais saud\u00e1vel e mais seguro. As espumas de PU com baixo e sem MDI oferecem uma alternativa mais segura \u00e0s espumas de PU normais.","og_url":"https:\/\/penosil.com\/pt\/sustentabilidade\/ambiente-de-vida-mais-seguro\/","og_site_name":"Penosil Portugal","article_modified_time":"2025-07-10T11:14:14+00:00","twitter_card":"summary_large_image","twitter_misc":{"Tempo estimado de leitura":"4 minutos"},"schema":{"@context":"https:\/\/schema.org","@graph":[{"@type":"WebPage","@id":"https:\/\/penosil.com\/pt\/sustentabilidade\/ambiente-de-vida-mais-seguro\/","url":"https:\/\/penosil.com\/pt\/sustentabilidade\/ambiente-de-vida-mais-seguro\/","name":"Ambiente de vida mais seguro - Penosil Portugal","isPartOf":{"@id":"https:\/\/penosil.com\/pt\/#website"},"datePublished":"2024-06-05T11:09:16+00:00","dateModified":"2025-07-10T11:14:14+00:00","description":"Queremos um ambiente de vida mais saud\u00e1vel e mais seguro. As espumas de PU com baixo e sem MDI oferecem uma alternativa mais segura \u00e0s espumas de PU normais.","breadcrumb":{"@id":"https:\/\/penosil.com\/pt\/sustentabilidade\/ambiente-de-vida-mais-seguro\/#breadcrumb"},"inLanguage":"pt-PT","potentialAction":[{"@type":"ReadAction","target":["https:\/\/penosil.com\/pt\/sustentabilidade\/ambiente-de-vida-mais-seguro\/"]}]},{"@type":"BreadcrumbList","@id":"https:\/\/penosil.com\/pt\/sustentabilidade\/ambiente-de-vida-mais-seguro\/#breadcrumb","itemListElement":[{"@type":"ListItem","position":1,"name":"Home","item":"https:\/\/penosil.com\/pt\/"},{"@type":"ListItem","position":2,"name":"Sustentabilidade","item":"https:\/\/penosil.com\/pt\/sustentabilidade\/"},{"@type":"ListItem","position":3,"name":"Ambiente de vida mais seguro"}]},{"@type":"WebSite","@id":"https:\/\/penosil.com\/pt\/#website","url":"https:\/\/penosil.com\/pt\/","name":"Penosil Portugal","description":"","potentialAction":[{"@type":"SearchAction","target":{"@type":"EntryPoint","urlTemplate":"https:\/\/penosil.com\/pt\/?s={search_term_string}"},"query-input":{"@type":"PropertyValueSpecification","valueRequired":true,"valueName":"search_term_string"}}],"inLanguage":"pt-PT"}]}},"coauthors":[],"author_meta":{"author_link":"https:\/\/penosil.com\/pt\/author\/kevinreaktiiv\/","display_name":"kevinreaktiiv"},"relative_dates":{"created":"Posted 2 anos ago","modified":"Updated 9 meses ago"},"absolute_dates":{"created":"Posted on 5 de Junho, 2024","modified":"Updated on 10 de Julho, 2025"},"absolute_dates_time":{"created":"Posted on 5 de Junho, 2024 11:09","modified":"Updated on 10 de Julho, 2025 11:14"},"featured_img_caption":"","featured_img":false,"series_order":"","_links":{"self":[{"href":"https:\/\/penosil.com\/pt\/wp-json\/wp\/v2\/pages\/9687","targetHints":{"allow":["GET"]}}],"collection":[{"href":"https:\/\/penosil.com\/pt\/wp-json\/wp\/v2\/pages"}],"about":[{"href":"https:\/\/penosil.com\/pt\/wp-json\/wp\/v2\/types\/page"}],"author":[{"embeddable":true,"href":"https:\/\/penosil.com\/pt\/wp-json\/wp\/v2\/users\/105"}],"replies":[{"embeddable":true,"href":"https:\/\/penosil.com\/pt\/wp-json\/wp\/v2\/comments?post=9687"}],"version-history":[{"count":17,"href":"https:\/\/penosil.com\/pt\/wp-json\/wp\/v2\/pages\/9687\/revisions"}],"predecessor-version":[{"id":10560,"href":"https:\/\/penosil.com\/pt\/wp-json\/wp\/v2\/pages\/9687\/revisions\/10560"}],"up":[{"embeddable":true,"href":"https:\/\/penosil.com\/pt\/wp-json\/wp\/v2\/pages\/9655"}],"wp:attachment":[{"href":"https:\/\/penosil.com\/pt\/wp-json\/wp\/v2\/media?parent=9687"}],"curies":[{"name":"wp","href":"https:\/\/api.w.org\/{rel}","templated":true}]}}