{"id":9692,"date":"2024-06-05T11:10:17","date_gmt":"2024-06-05T11:10:17","guid":{"rendered":"https:\/\/penosil.com\/pt\/?page_id=9692"},"modified":"2025-07-10T11:13:27","modified_gmt":"2025-07-10T11:13:27","slug":"gestao-de-residuos","status":"publish","type":"page","link":"https:\/\/penosil.com\/pt\/sustentabilidade\/gestao-de-residuos\/","title":{"rendered":"Gest\u00e3o de res\u00edduos"},"content":{"rendered":"<section class=\"pnsl-thin-banner-block\" style=\"background-color: #25a18e; color: #ffffff\" aria-label=\"Gest\u00e3o de res\u00edduos\">\n   <div class=\"container d-flex flex-column flex-lg-row align-items-lg-center justify-content-between\">\n      <div class=\"text-wrap\">\n                     <h1>Gest\u00e3o de res\u00edduos<\/h1>\n         \n                     <p>O nosso objetivo \u00e9 reduzir, reutilizar, reciclar e recuperar os nossos res\u00edduos em <strong>50%<\/strong> at\u00e9 <strong>2030<\/strong>.<\/p>\n               <\/div>\n\n               <div id=\"lottie-block_7458f88e274f82235a0daef29a3baefd\" class=\"lottie-animation\" data-path=\"https:\/\/penosil.com\/pt\/wp-content\/themes\/penosil\/assets\/lottie\/waste.json\" data-speed=\"0.75\" role=\"img\" aria-label=\"Decorative animation\"><\/div>\n         <\/div>\n<\/section>\n\n<section class=\"pnsl-waste-management-block d-flex flex-column\" aria-label=\"Waste Management Information\">\n         <div class=\"container accordion-container\">\n         <div class=\"accordion\" role=\"region\" aria-label=\"Waste management topics\">\n                                          <div class=\"item active\">\n                  <button type=\"button\" \n                     class=\"title-wrap d-flex align-items-center\" \n                     aria-expanded=\"true\"\n                     aria-controls=\"waste-panel-0\"\n                     id=\"waste-header-0\">\n                     <span class=\"number d-flex align-items-center justify-content-center\" aria-hidden=\"true\"><span>1<\/span><\/span>\n                     <span class=\"title d-flex align-items-center\">Reduzir<\/span>\n                  <\/button>\n                  <div class=\"content\" \n                     id=\"waste-panel-0\" \n                     role=\"region\" \n                     aria-labelledby=\"waste-header-0\"\n                     >\n                     <ul>\n<li>Reduzimos continuamente o impacto ambiental dos nossos produtos substituindo os produtos qu\u00edmicos perigosos por outros n\u00e3o perigosos. Desta forma, <strong>reduzimos a quantidade dos nossos res\u00edduos perigosos<\/strong>.x<\/li>\n<li>Uma forma de reduzir o desperd\u00edcio de embalagens \u00e9 optar pelo uso das que <strong>originam inferior n\u00edvel de desperd\u00edcio<\/strong>.<\/li>\n<\/ul>\n\n                                             <div class=\"animation-wrap d-flex flex-column flex-lg-row align-items-center\" role=\"figure\" aria-label=\"Waste management process diagram\">\n                           <div class=\"image\">\n                              <img loading=\"lazy\" decoding=\"async\" src=\"https:\/\/penosil.com\/pt\/wp-content\/uploads\/sites\/10\/2024\/06\/Padrun_Foolium_video-1.png\" width=\"110\" height=\"165\" alt=\"\">\n                           <\/div>\n\n                           <div class=\"gray-arrow d-flex align-items-center\" aria-hidden=\"true\">\n                              <div class=\"text\">\n                                 <ul>\n<li>Al\u00e9m dos cartuchos de 300ml, tamb\u00e9m produzimos muitos dos nossos selantes em <strong>embalagens de alum\u00ednio de 600ml<\/strong>.<\/li>\n<li>A embalagem de alum\u00ednio de 600ml poupa <strong>75%<\/strong> em res\u00edduos de embalagem comparativamente com os cartuchos.<\/li>\n<\/ul>\n                              <\/div>\n                           <\/div>\n                        <\/div>\n                        \n                                                   <div class=\"visually-hidden\">\n                              <ul>\n<li>Al\u00e9m dos cartuchos de 300ml, tamb\u00e9m produzimos muitos dos nossos selantes em <strong>embalagens de alum\u00ednio de 600ml<\/strong>.<\/li>\n<li>A embalagem de alum\u00ednio de 600ml poupa <strong>75%<\/strong> em res\u00edduos de embalagem comparativamente com os cartuchos.<\/li>\n<\/ul>\n                           <\/div>\n                                             \n                                             <ul>\n<li>Os produtos \u00e0 base de cimento s\u00e3o um importante produtor de CO<sub>2<\/sub>. Na Penosil, desenvolvemos m\u00faltiplos <strong>adesivos de espuma que podem ser utilizados em vez de produtos \u00e0 base de cimento<\/strong>.<\/li>\n<\/ul>\n                     \n                                             <div class=\"border-red\" role=\"complementary\" aria-label=\"Important information\">\n                           <p>Uma <strong>lata de 1L de adesivo de espuma<\/strong> equivale a <strong>25kg de cimento<\/strong>, o que reduz a pegada carb\u00f3nica do transporte.<\/p>\n                        <\/div>\n                                       <\/div>\n               <\/div>\n                                          <div class=\"item\">\n                  <button type=\"button\" \n                     class=\"title-wrap d-flex align-items-center\" \n                     aria-expanded=\"false\"\n                     aria-controls=\"waste-panel-1\"\n                     id=\"waste-header-1\">\n                     <span class=\"number d-flex align-items-center justify-content-center\" aria-hidden=\"true\"><span>2<\/span><\/span>\n                     <span class=\"title d-flex align-items-center\">Reciclar<\/span>\n                  <\/button>\n                  <div class=\"content\" \n                     id=\"waste-panel-1\" \n                     role=\"region\" \n                     aria-labelledby=\"waste-header-1\"\n                     hidden>\n                     <p>As nossas f\u00e1bricas reciclam todos os seus res\u00edduos de produ\u00e7\u00e3o. A maioria dos nossos res\u00edduos \u00e9 reciclada pelos nossos parceiros externos nas suas instala\u00e7\u00f5es. N\u00e3o obstante, tamb\u00e9m estamos a <strong>desenvolver continuamente novos m\u00e9todos para reciclarmos mais res\u00edduos internamente<\/strong>.<\/p>\n<ul>\n<li>Otimizamos continuamente os processos de produ\u00e7\u00e3o dos nossos selantes. Por exemplo <strong>diminu\u00edmos a quantidade de mat\u00e9rias-primas restantes<\/strong> reutilizando-as noutras f\u00f3rmulas de produtos.<\/li>\n<li>Al\u00e9m disso, procuramos ativamente formas de reutilizar os nossos res\u00edduos de pol\u00edmeros h\u00edbridos e silicones curados. Por exemplo, em colabora\u00e7\u00e3o com as universidades, estamos a explorar formas de utilizar <strong>silicone curado e res\u00edduos de pol\u00edmeros h\u00edbridos<\/strong> como mat\u00e9ria-prima para outras aplica\u00e7\u00f5es, como a constru\u00e7\u00e3o de estradas, na produ\u00e7\u00e3o de asfalto ou na produ\u00e7\u00e3o de bet\u00e3o.<\/li>\n<\/ul>\n\n                     \n                     \n                                       <\/div>\n               <\/div>\n                                          <div class=\"item\">\n                  <button type=\"button\" \n                     class=\"title-wrap d-flex align-items-center\" \n                     aria-expanded=\"false\"\n                     aria-controls=\"waste-panel-2\"\n                     id=\"waste-header-2\">\n                     <span class=\"number d-flex align-items-center justify-content-center\" aria-hidden=\"true\"><span>3<\/span><\/span>\n                     <span class=\"title d-flex align-items-center\">Reutiliza\u00e7\u00e3o<\/span>\n                  <\/button>\n                  <div class=\"content\" \n                     id=\"waste-panel-2\" \n                     role=\"region\" \n                     aria-labelledby=\"waste-header-2\"\n                     hidden>\n                     <p>Desde 2021, utiliz\u00e1mos <strong>100% dos restos da nossa produ\u00e7\u00e3o interna de pl\u00e1stico<\/strong> para produzirmos ferramentas e componentes de pl\u00e1stico Penosil.<\/p>\n<ul>\n<li>Por exemplo, a <strong>esp\u00e1tula patenteada da Penosil<\/strong> \u00e9 produzida recorrendo aos nossos res\u00edduos<\/li>\n<\/ul>\n<p><img loading=\"lazy\" decoding=\"async\" class=\"\" src=\"https:\/\/penosil.com\/pt\/wp-content\/uploads\/sites\/10\/2025\/07\/Spatula-B.png\" width=\"58\" height=\"50\" \/><\/p>\n<ul>\n<li>De momento, tamb\u00e9m estamos a testar a utiliza\u00e7\u00e3o de pl\u00e1stico PCR na nossa produ\u00e7\u00e3o de adaptadores de espuma e de c\u00e2nulas.<\/li>\n<\/ul>\n\n                     \n                     \n                                       <\/div>\n               <\/div>\n                     <\/div>\n      <\/div>\n   <\/section>\n\n<section class=\"pnsl-icon-hovers-block\" aria-label=\"Interactive Icon Navigation\">\n   <div class=\"container\">\n               <h2>Passar para o pr\u00f3ximo tema Sustentabilidade<\/h2>\n         <\/div>\n\n         <div class=\"container icons-container\">\n         <ul class=\"icons d-flex align-items-center justify-content-center justify-content-lg-between flex-wrap\" role=\"list\">\n                                          <li class=\"icon\">\n                  <a href=\"https:\/\/penosil.com\/pt\/sustentabilidade\/durabilidade\/\"\n                     class=\"icon-link d-flex align-items-center justify-content-center\"\n                     style=\"--bg-color: #b7e4c7; --text-color: #ffffff\"\n                     >\n                     <span class=\"icon-image\" aria-hidden=\"true\">\n                        <img loading=\"lazy\" decoding=\"async\" src=\"https:\/\/penosil.com\/pt\/wp-content\/uploads\/sites\/10\/2024\/06\/Icons.svg\" width=\"68\" height=\"67\" alt=\"\">\n                     <\/span>\n                     <span class=\"icon-label\">Durabilidade<\/span>\n                  <\/a>\n               <\/li>\n                                          <li class=\"icon\">\n                  <a href=\"https:\/\/penosil.com\/pt\/sustentabilidade\/componentes-sustentaveis\/\"\n                     class=\"icon-link d-flex align-items-center justify-content-center\"\n                     style=\"--bg-color: #52b788; --text-color: #fff\"\n                     >\n                     <span class=\"icon-image\" aria-hidden=\"true\">\n                        <img loading=\"lazy\" decoding=\"async\" src=\"https:\/\/penosil.com\/pt\/wp-content\/uploads\/sites\/10\/2024\/06\/Group-409.svg\" width=\"72\" height=\"75\" alt=\"\">\n                     <\/span>\n                     <span class=\"icon-label\">Componentes Sustent\u00e1veis<\/span>\n                  <\/a>\n               <\/li>\n                                          <li class=\"icon\">\n                  <a href=\"https:\/\/penosil.com\/pt\/sustentabilidade\/energia-renovavel\/\"\n                     class=\"icon-link d-flex align-items-center justify-content-center\"\n                     style=\"--bg-color: #40916c; --text-color: #fff\"\n                     >\n                     <span class=\"icon-image\" aria-hidden=\"true\">\n                        <img loading=\"lazy\" decoding=\"async\" src=\"https:\/\/penosil.com\/pt\/wp-content\/uploads\/sites\/10\/2024\/06\/48x48_Icons.svg\" width=\"76\" height=\"73\" alt=\"\">\n                     <\/span>\n                     <span class=\"icon-label\">Energia renov\u00e1vel<\/span>\n                  <\/a>\n               <\/li>\n                                          <li class=\"icon\">\n                  <a href=\"https:\/\/penosil.com\/pt\/sustentabilidade\/innovacao\/\"\n                     class=\"icon-link d-flex align-items-center justify-content-center\"\n                     style=\"--bg-color: #1b4332; --text-color: #fff\"\n                     >\n                     <span class=\"icon-image\" aria-hidden=\"true\">\n                        <img loading=\"lazy\" decoding=\"async\" src=\"https:\/\/penosil.com\/pt\/wp-content\/uploads\/sites\/10\/2024\/06\/Group-410.svg\" width=\"88\" height=\"94\" alt=\"\">\n                     <\/span>\n                     <span class=\"icon-label\">Inova\u00e7\u00e3o<\/span>\n                  <\/a>\n               <\/li>\n                                          <li class=\"icon\">\n                  <a href=\"https:\/\/penosil.com\/pt\/sustentabilidade\/ambiente-de-vida-mais-seguro\/\"\n                     class=\"icon-link d-flex align-items-center justify-content-center\"\n                     style=\"--bg-color: #426a5a; --text-color: #fff\"\n                     >\n                     <span class=\"icon-image\" aria-hidden=\"true\">\n                        <img loading=\"lazy\" decoding=\"async\" src=\"https:\/\/penosil.com\/pt\/wp-content\/uploads\/sites\/10\/2024\/06\/Group-416.svg\" width=\"79\" height=\"90\" alt=\"\">\n                     <\/span>\n                     <span class=\"icon-label\">Ambiente de vida mais seguro<\/span>\n                  <\/a>\n               <\/li>\n                                          <li class=\"icon\">\n                  <a href=\"https:\/\/penosil.com\/pt\/sustentabilidade\/invisivel-mas-sempre-presente\/\"\n                     class=\"icon-link d-flex align-items-center justify-content-center\"\n                     style=\"--bg-color: #007F5F; --text-color: #fff\"\n                     >\n                     <span class=\"icon-image\" aria-hidden=\"true\">\n                        <img loading=\"lazy\" decoding=\"async\" src=\"https:\/\/penosil.com\/pt\/wp-content\/uploads\/sites\/10\/2024\/06\/Group-393.svg\" width=\"87\" height=\"79\" alt=\"\">\n                     <\/span>\n                     <span class=\"icon-label\">Invis\u00edvel, mas sempre presente<\/span>\n                  <\/a>\n               <\/li>\n                     <\/ul>\n      <\/div>\n   <\/section>","protected":false},"excerpt":{"rendered":"","protected":false},"author":105,"featured_media":0,"parent":9655,"menu_order":3,"comment_status":"closed","ping_status":"closed","template":"page-templates\/template-no-title.php","meta":{"_acf_changed":false,"advgb_blocks_editor_width":"","advgb_blocks_columns_visual_guide":"","footnotes":""},"class_list":["post-9692","page","type-page","status-publish","hentry"],"acf":[],"yoast_head":"<!-- This site is optimized with the Yoast SEO plugin v27.2 - https:\/\/yoast.com\/product\/yoast-seo-wordpress\/ -->\n<title>Gest\u00e3o de res\u00edduos - Penosil Portugal<\/title>\n<meta name=\"description\" content=\"Na Penosil estamos empenhados na gest\u00e3o de res\u00edduos. Objetivo: reduzir, reutilizar, reciclar e recuperar os nossos res\u00edduos em 50%.\" \/>\n<meta name=\"robots\" content=\"index, follow, max-snippet:-1, max-image-preview:large, max-video-preview:-1\" \/>\n<link rel=\"canonical\" href=\"https:\/\/penosil.com\/pt\/sustentabilidade\/gestao-de-residuos\/\" \/>\n<meta property=\"og:locale\" content=\"pt_PT\" \/>\n<meta property=\"og:type\" content=\"article\" \/>\n<meta property=\"og:title\" content=\"Gest\u00e3o de res\u00edduos - Penosil Portugal\" \/>\n<meta property=\"og:description\" content=\"Na Penosil estamos empenhados na gest\u00e3o de res\u00edduos. Objetivo: reduzir, reutilizar, reciclar e recuperar os nossos res\u00edduos em 50%.\" \/>\n<meta property=\"og:url\" content=\"https:\/\/penosil.com\/pt\/sustentabilidade\/gestao-de-residuos\/\" \/>\n<meta property=\"og:site_name\" content=\"Penosil Portugal\" \/>\n<meta property=\"article:modified_time\" content=\"2025-07-10T11:13:27+00:00\" \/>\n<meta name=\"twitter:card\" content=\"summary_large_image\" \/>\n<meta name=\"twitter:label1\" content=\"Tempo estimado de leitura\" \/>\n\t<meta name=\"twitter:data1\" content=\"4 minutos\" \/>\n<script type=\"application\/ld+json\" class=\"yoast-schema-graph\">{\"@context\":\"https:\/\/schema.org\",\"@graph\":[{\"@type\":\"WebPage\",\"@id\":\"https:\/\/penosil.com\/pt\/sustentabilidade\/gestao-de-residuos\/\",\"url\":\"https:\/\/penosil.com\/pt\/sustentabilidade\/gestao-de-residuos\/\",\"name\":\"Gest\u00e3o de res\u00edduos - Penosil Portugal\",\"isPartOf\":{\"@id\":\"https:\/\/penosil.com\/pt\/#website\"},\"datePublished\":\"2024-06-05T11:10:17+00:00\",\"dateModified\":\"2025-07-10T11:13:27+00:00\",\"description\":\"Na Penosil estamos empenhados na gest\u00e3o de res\u00edduos. Objetivo: reduzir, reutilizar, reciclar e recuperar os nossos res\u00edduos em 50%.\",\"breadcrumb\":{\"@id\":\"https:\/\/penosil.com\/pt\/sustentabilidade\/gestao-de-residuos\/#breadcrumb\"},\"inLanguage\":\"pt-PT\",\"potentialAction\":[{\"@type\":\"ReadAction\",\"target\":[\"https:\/\/penosil.com\/pt\/sustentabilidade\/gestao-de-residuos\/\"]}]},{\"@type\":\"BreadcrumbList\",\"@id\":\"https:\/\/penosil.com\/pt\/sustentabilidade\/gestao-de-residuos\/#breadcrumb\",\"itemListElement\":[{\"@type\":\"ListItem\",\"position\":1,\"name\":\"Home\",\"item\":\"https:\/\/penosil.com\/pt\/\"},{\"@type\":\"ListItem\",\"position\":2,\"name\":\"Sustentabilidade\",\"item\":\"https:\/\/penosil.com\/pt\/sustentabilidade\/\"},{\"@type\":\"ListItem\",\"position\":3,\"name\":\"Gest\u00e3o de res\u00edduos\"}]},{\"@type\":\"WebSite\",\"@id\":\"https:\/\/penosil.com\/pt\/#website\",\"url\":\"https:\/\/penosil.com\/pt\/\",\"name\":\"Penosil Portugal\",\"description\":\"\",\"potentialAction\":[{\"@type\":\"SearchAction\",\"target\":{\"@type\":\"EntryPoint\",\"urlTemplate\":\"https:\/\/penosil.com\/pt\/?s={search_term_string}\"},\"query-input\":{\"@type\":\"PropertyValueSpecification\",\"valueRequired\":true,\"valueName\":\"search_term_string\"}}],\"inLanguage\":\"pt-PT\"}]}<\/script>\n<!-- \/ Yoast SEO plugin. -->","yoast_head_json":{"title":"Gest\u00e3o de res\u00edduos - Penosil Portugal","description":"Na Penosil estamos empenhados na gest\u00e3o de res\u00edduos. Objetivo: reduzir, reutilizar, reciclar e recuperar os nossos res\u00edduos em 50%.","robots":{"index":"index","follow":"follow","max-snippet":"max-snippet:-1","max-image-preview":"max-image-preview:large","max-video-preview":"max-video-preview:-1"},"canonical":"https:\/\/penosil.com\/pt\/sustentabilidade\/gestao-de-residuos\/","og_locale":"pt_PT","og_type":"article","og_title":"Gest\u00e3o de res\u00edduos - Penosil Portugal","og_description":"Na Penosil estamos empenhados na gest\u00e3o de res\u00edduos. Objetivo: reduzir, reutilizar, reciclar e recuperar os nossos res\u00edduos em 50%.","og_url":"https:\/\/penosil.com\/pt\/sustentabilidade\/gestao-de-residuos\/","og_site_name":"Penosil Portugal","article_modified_time":"2025-07-10T11:13:27+00:00","twitter_card":"summary_large_image","twitter_misc":{"Tempo estimado de leitura":"4 minutos"},"schema":{"@context":"https:\/\/schema.org","@graph":[{"@type":"WebPage","@id":"https:\/\/penosil.com\/pt\/sustentabilidade\/gestao-de-residuos\/","url":"https:\/\/penosil.com\/pt\/sustentabilidade\/gestao-de-residuos\/","name":"Gest\u00e3o de res\u00edduos - Penosil Portugal","isPartOf":{"@id":"https:\/\/penosil.com\/pt\/#website"},"datePublished":"2024-06-05T11:10:17+00:00","dateModified":"2025-07-10T11:13:27+00:00","description":"Na Penosil estamos empenhados na gest\u00e3o de res\u00edduos. Objetivo: reduzir, reutilizar, reciclar e recuperar os nossos res\u00edduos em 50%.","breadcrumb":{"@id":"https:\/\/penosil.com\/pt\/sustentabilidade\/gestao-de-residuos\/#breadcrumb"},"inLanguage":"pt-PT","potentialAction":[{"@type":"ReadAction","target":["https:\/\/penosil.com\/pt\/sustentabilidade\/gestao-de-residuos\/"]}]},{"@type":"BreadcrumbList","@id":"https:\/\/penosil.com\/pt\/sustentabilidade\/gestao-de-residuos\/#breadcrumb","itemListElement":[{"@type":"ListItem","position":1,"name":"Home","item":"https:\/\/penosil.com\/pt\/"},{"@type":"ListItem","position":2,"name":"Sustentabilidade","item":"https:\/\/penosil.com\/pt\/sustentabilidade\/"},{"@type":"ListItem","position":3,"name":"Gest\u00e3o de res\u00edduos"}]},{"@type":"WebSite","@id":"https:\/\/penosil.com\/pt\/#website","url":"https:\/\/penosil.com\/pt\/","name":"Penosil Portugal","description":"","potentialAction":[{"@type":"SearchAction","target":{"@type":"EntryPoint","urlTemplate":"https:\/\/penosil.com\/pt\/?s={search_term_string}"},"query-input":{"@type":"PropertyValueSpecification","valueRequired":true,"valueName":"search_term_string"}}],"inLanguage":"pt-PT"}]}},"coauthors":[],"author_meta":{"author_link":"https:\/\/penosil.com\/pt\/author\/kevinreaktiiv\/","display_name":"kevinreaktiiv"},"relative_dates":{"created":"Posted 2 anos ago","modified":"Updated 9 meses ago"},"absolute_dates":{"created":"Posted on 5 de Junho, 2024","modified":"Updated on 10 de Julho, 2025"},"absolute_dates_time":{"created":"Posted on 5 de Junho, 2024 11:10","modified":"Updated on 10 de Julho, 2025 11:13"},"featured_img_caption":"","featured_img":false,"series_order":"","_links":{"self":[{"href":"https:\/\/penosil.com\/pt\/wp-json\/wp\/v2\/pages\/9692","targetHints":{"allow":["GET"]}}],"collection":[{"href":"https:\/\/penosil.com\/pt\/wp-json\/wp\/v2\/pages"}],"about":[{"href":"https:\/\/penosil.com\/pt\/wp-json\/wp\/v2\/types\/page"}],"author":[{"embeddable":true,"href":"https:\/\/penosil.com\/pt\/wp-json\/wp\/v2\/users\/105"}],"replies":[{"embeddable":true,"href":"https:\/\/penosil.com\/pt\/wp-json\/wp\/v2\/comments?post=9692"}],"version-history":[{"count":9,"href":"https:\/\/penosil.com\/pt\/wp-json\/wp\/v2\/pages\/9692\/revisions"}],"predecessor-version":[{"id":10559,"href":"https:\/\/penosil.com\/pt\/wp-json\/wp\/v2\/pages\/9692\/revisions\/10559"}],"up":[{"embeddable":true,"href":"https:\/\/penosil.com\/pt\/wp-json\/wp\/v2\/pages\/9655"}],"wp:attachment":[{"href":"https:\/\/penosil.com\/pt\/wp-json\/wp\/v2\/media?parent=9692"}],"curies":[{"name":"wp","href":"https:\/\/api.w.org\/{rel}","templated":true}]}}