{"id":10158,"date":"2024-12-23T10:28:40","date_gmt":"2024-12-23T10:28:40","guid":{"rendered":"https:\/\/penosil.com\/pt\/?post_type=product&#038;p=10158"},"modified":"2024-12-23T11:33:50","modified_gmt":"2024-12-23T11:33:50","slug":"fita-estrutural-e-band-sg","status":"publish","type":"product","link":"https:\/\/penosil.com\/pt\/produto\/fita-estrutural-e-band-sg\/","title":{"rendered":"Fita estrutural E-Band SG"},"content":{"rendered":"<p>Fita estrutural E-Band SG \u00e9 um espa\u00e7ador de alto desempenho e alta resist\u00eancia, especial para vidro estrutural, que proporciona uma seguran\u00e7a duradoura. Estrutura de c\u00e9lulas abertas para permitir uma secagem perfeita dos silicones estruturais em todos os lados da junta. O substrato de espuma de alta densidade proporciona uma barreira t\u00e9rmica eficaz.<\/p>\n<p>&nbsp;<\/p>\n","protected":false},"excerpt":{"rendered":"Fita estrutural E-Band SG \u00e9 um espa\u00e7ador de alto desempenho e alta resist\u00eancia, especial para vidro estrutural, que proporciona uma seguran\u00e7a duradoura. Estrutura de c\u00e9lulas abertas para permitir uma secagem perfeita dos silicones estruturais em todos os lados da junta. O substrato de espuma de alta densidade proporciona uma barreira t\u00e9rmica eficaz.\r\n\r\n&nbsp;","protected":false},"author":198,"featured_media":10159,"template":"","meta":{"_acf_changed":false,"advgb_blocks_editor_width":"","advgb_blocks_columns_visual_guide":"","footnotes":""},"product_brand":[],"product_cat":[2290,1369,2297,2359],"product_tag":[],"class_list":{"0":"post-10158","1":"product","2":"type-product","3":"status-publish","4":"has-post-thumbnail","6":"product_cat-areas-de-aplicacao","7":"product_cat-grupos-de-produtos","8":"product_cat-telhados-e-fachadas","9":"product_cat-fitas-e-band","11":"first","12":"instock","13":"taxable","14":"shipping-taxable","15":"purchasable","16":"product-type-simple"},"acf":[],"yoast_head":"<!-- This site is optimized with the Yoast SEO plugin v27.2 - https:\/\/yoast.com\/product\/yoast-seo-wordpress\/ -->\n<title>Fita estrutural PENOSIL E-Band SG<\/title>\n<meta name=\"description\" content=\"Fita estrutural E-Band SG \u00e9 um espa\u00e7ador de alto desempenho e alta resist\u00eancia, especial para vidro estrutural, que proporciona uma seguran\u00e7a duradoura.\" \/>\n<meta name=\"robots\" content=\"index, follow, max-snippet:-1, max-image-preview:large, max-video-preview:-1\" \/>\n<link rel=\"canonical\" href=\"https:\/\/penosil.com\/pt\/produto\/fita-estrutural-e-band-sg\/\" \/>\n<meta property=\"og:locale\" content=\"pt_PT\" \/>\n<meta property=\"og:type\" content=\"article\" \/>\n<meta property=\"og:title\" content=\"Fita estrutural PENOSIL E-Band SG\" \/>\n<meta property=\"og:description\" content=\"Fita estrutural E-Band SG \u00e9 um espa\u00e7ador de alto desempenho e alta resist\u00eancia, especial para vidro estrutural, que proporciona uma seguran\u00e7a duradoura.\" \/>\n<meta property=\"og:url\" content=\"https:\/\/penosil.com\/pt\/produto\/fita-estrutural-e-band-sg\/\" \/>\n<meta property=\"og:site_name\" content=\"Penosil Portugal\" \/>\n<meta property=\"article:modified_time\" content=\"2024-12-23T11:33:50+00:00\" \/>\n<meta property=\"og:image\" content=\"https:\/\/penosil.com\/pt\/wp-content\/uploads\/sites\/10\/2024\/12\/Fita-estrutural-espacador-de-alta-resistencia-Penosil-E-Band-SG.png\" \/>\n\t<meta property=\"og:image:width\" content=\"1004\" \/>\n\t<meta property=\"og:image:height\" content=\"566\" \/>\n\t<meta property=\"og:image:type\" content=\"image\/png\" \/>\n<meta name=\"twitter:card\" content=\"summary_large_image\" \/>\n<meta name=\"twitter:label1\" content=\"Tempo estimado de leitura\" \/>\n\t<meta name=\"twitter:data1\" content=\"2 minutos\" \/>\n<script type=\"application\/ld+json\" class=\"yoast-schema-graph\">{\"@context\":\"https:\/\/schema.org\",\"@graph\":[{\"@type\":\"WebPage\",\"@id\":\"https:\/\/penosil.com\/pt\/produto\/fita-estrutural-e-band-sg\/\",\"url\":\"https:\/\/penosil.com\/pt\/produto\/fita-estrutural-e-band-sg\/\",\"name\":\"Fita estrutural PENOSIL E-Band SG\",\"isPartOf\":{\"@id\":\"https:\/\/penosil.com\/pt\/#website\"},\"primaryImageOfPage\":{\"@id\":\"https:\/\/penosil.com\/pt\/produto\/fita-estrutural-e-band-sg\/#primaryimage\"},\"image\":{\"@id\":\"https:\/\/penosil.com\/pt\/produto\/fita-estrutural-e-band-sg\/#primaryimage\"},\"thumbnailUrl\":\"https:\/\/penosil.com\/pt\/wp-content\/uploads\/sites\/10\/2024\/12\/Fita-estrutural-espacador-de-alta-resistencia-Penosil-E-Band-SG.png\",\"datePublished\":\"2024-12-23T10:28:40+00:00\",\"dateModified\":\"2024-12-23T11:33:50+00:00\",\"description\":\"Fita estrutural E-Band SG \u00e9 um espa\u00e7ador de alto desempenho e alta resist\u00eancia, especial para vidro estrutural, que proporciona uma seguran\u00e7a duradoura.\",\"breadcrumb\":{\"@id\":\"https:\/\/penosil.com\/pt\/produto\/fita-estrutural-e-band-sg\/#breadcrumb\"},\"inLanguage\":\"pt-PT\",\"potentialAction\":[{\"@type\":\"ReadAction\",\"target\":[\"https:\/\/penosil.com\/pt\/produto\/fita-estrutural-e-band-sg\/\"]}]},{\"@type\":\"ImageObject\",\"inLanguage\":\"pt-PT\",\"@id\":\"https:\/\/penosil.com\/pt\/produto\/fita-estrutural-e-band-sg\/#primaryimage\",\"url\":\"https:\/\/penosil.com\/pt\/wp-content\/uploads\/sites\/10\/2024\/12\/Fita-estrutural-espacador-de-alta-resistencia-Penosil-E-Band-SG.png\",\"contentUrl\":\"https:\/\/penosil.com\/pt\/wp-content\/uploads\/sites\/10\/2024\/12\/Fita-estrutural-espacador-de-alta-resistencia-Penosil-E-Band-SG.png\",\"width\":1004,\"height\":566,\"caption\":\"Fita estrutural espa\u00e7ador de alta resistencia Penosil E-Band SG\"},{\"@type\":\"BreadcrumbList\",\"@id\":\"https:\/\/penosil.com\/pt\/produto\/fita-estrutural-e-band-sg\/#breadcrumb\",\"itemListElement\":[{\"@type\":\"ListItem\",\"position\":1,\"name\":\"Home\",\"item\":\"https:\/\/penosil.com\/pt\/\"},{\"@type\":\"ListItem\",\"position\":2,\"name\":\"Produtos\",\"item\":\"https:\/\/penosil.com\/pt\/produtos\/\"},{\"@type\":\"ListItem\",\"position\":3,\"name\":\"Fita estrutural E-Band SG\"}]},{\"@type\":\"WebSite\",\"@id\":\"https:\/\/penosil.com\/pt\/#website\",\"url\":\"https:\/\/penosil.com\/pt\/\",\"name\":\"Penosil Portugal\",\"description\":\"\",\"potentialAction\":[{\"@type\":\"SearchAction\",\"target\":{\"@type\":\"EntryPoint\",\"urlTemplate\":\"https:\/\/penosil.com\/pt\/?s={search_term_string}\"},\"query-input\":{\"@type\":\"PropertyValueSpecification\",\"valueRequired\":true,\"valueName\":\"search_term_string\"}}],\"inLanguage\":\"pt-PT\"}]}<\/script>\n<!-- \/ Yoast SEO plugin. -->","yoast_head_json":{"title":"Fita estrutural PENOSIL E-Band SG","description":"Fita estrutural E-Band SG \u00e9 um espa\u00e7ador de alto desempenho e alta resist\u00eancia, especial para vidro estrutural, que proporciona uma seguran\u00e7a duradoura.","robots":{"index":"index","follow":"follow","max-snippet":"max-snippet:-1","max-image-preview":"max-image-preview:large","max-video-preview":"max-video-preview:-1"},"canonical":"https:\/\/penosil.com\/pt\/produto\/fita-estrutural-e-band-sg\/","og_locale":"pt_PT","og_type":"article","og_title":"Fita estrutural PENOSIL E-Band SG","og_description":"Fita estrutural E-Band SG \u00e9 um espa\u00e7ador de alto desempenho e alta resist\u00eancia, especial para vidro estrutural, que proporciona uma seguran\u00e7a duradoura.","og_url":"https:\/\/penosil.com\/pt\/produto\/fita-estrutural-e-band-sg\/","og_site_name":"Penosil Portugal","article_modified_time":"2024-12-23T11:33:50+00:00","og_image":[{"width":1004,"height":566,"url":"https:\/\/penosil.com\/pt\/wp-content\/uploads\/sites\/10\/2024\/12\/Fita-estrutural-espacador-de-alta-resistencia-Penosil-E-Band-SG.png","type":"image\/png"}],"twitter_card":"summary_large_image","twitter_misc":{"Tempo estimado de leitura":"2 minutos"},"schema":{"@context":"https:\/\/schema.org","@graph":[{"@type":"WebPage","@id":"https:\/\/penosil.com\/pt\/produto\/fita-estrutural-e-band-sg\/","url":"https:\/\/penosil.com\/pt\/produto\/fita-estrutural-e-band-sg\/","name":"Fita estrutural PENOSIL E-Band SG","isPartOf":{"@id":"https:\/\/penosil.com\/pt\/#website"},"primaryImageOfPage":{"@id":"https:\/\/penosil.com\/pt\/produto\/fita-estrutural-e-band-sg\/#primaryimage"},"image":{"@id":"https:\/\/penosil.com\/pt\/produto\/fita-estrutural-e-band-sg\/#primaryimage"},"thumbnailUrl":"https:\/\/penosil.com\/pt\/wp-content\/uploads\/sites\/10\/2024\/12\/Fita-estrutural-espacador-de-alta-resistencia-Penosil-E-Band-SG.png","datePublished":"2024-12-23T10:28:40+00:00","dateModified":"2024-12-23T11:33:50+00:00","description":"Fita estrutural E-Band SG \u00e9 um espa\u00e7ador de alto desempenho e alta resist\u00eancia, especial para vidro estrutural, que proporciona uma seguran\u00e7a duradoura.","breadcrumb":{"@id":"https:\/\/penosil.com\/pt\/produto\/fita-estrutural-e-band-sg\/#breadcrumb"},"inLanguage":"pt-PT","potentialAction":[{"@type":"ReadAction","target":["https:\/\/penosil.com\/pt\/produto\/fita-estrutural-e-band-sg\/"]}]},{"@type":"ImageObject","inLanguage":"pt-PT","@id":"https:\/\/penosil.com\/pt\/produto\/fita-estrutural-e-band-sg\/#primaryimage","url":"https:\/\/penosil.com\/pt\/wp-content\/uploads\/sites\/10\/2024\/12\/Fita-estrutural-espacador-de-alta-resistencia-Penosil-E-Band-SG.png","contentUrl":"https:\/\/penosil.com\/pt\/wp-content\/uploads\/sites\/10\/2024\/12\/Fita-estrutural-espacador-de-alta-resistencia-Penosil-E-Band-SG.png","width":1004,"height":566,"caption":"Fita estrutural espa\u00e7ador de alta resistencia Penosil E-Band SG"},{"@type":"BreadcrumbList","@id":"https:\/\/penosil.com\/pt\/produto\/fita-estrutural-e-band-sg\/#breadcrumb","itemListElement":[{"@type":"ListItem","position":1,"name":"Home","item":"https:\/\/penosil.com\/pt\/"},{"@type":"ListItem","position":2,"name":"Produtos","item":"https:\/\/penosil.com\/pt\/produtos\/"},{"@type":"ListItem","position":3,"name":"Fita estrutural E-Band SG"}]},{"@type":"WebSite","@id":"https:\/\/penosil.com\/pt\/#website","url":"https:\/\/penosil.com\/pt\/","name":"Penosil Portugal","description":"","potentialAction":[{"@type":"SearchAction","target":{"@type":"EntryPoint","urlTemplate":"https:\/\/penosil.com\/pt\/?s={search_term_string}"},"query-input":{"@type":"PropertyValueSpecification","valueRequired":true,"valueName":"search_term_string"}}],"inLanguage":"pt-PT"}]}},"featured_img":"https:\/\/penosil.com\/pt\/wp-content\/uploads\/sites\/10\/2024\/12\/Fita-estrutural-espacador-de-alta-resistencia-Penosil-E-Band-SG.png","coauthors":[],"author_meta":{"author_link":"https:\/\/penosil.com\/pt\/author\/eric\/","display_name":"eric"},"relative_dates":{"created":"Posted 1 ano ago","modified":"Updated 1 ano ago"},"absolute_dates":{"created":"Posted on 23 de Dezembro, 2024","modified":"Updated on 23 de Dezembro, 2024"},"absolute_dates_time":{"created":"Posted on 23 de Dezembro, 2024 10:28","modified":"Updated on 23 de Dezembro, 2024 11:33"},"featured_img_caption":"Fita estrutural espa\u00e7ador de alta resistencia Penosil E-Band SG","tax_additional":{"product_brand":{"linked":[],"unlinked":[],"slug":"product_brand","name":"Marcas"},"product_type":{"linked":["<a href=\"https:\/\/penosil.com\/pt\/?taxonomy=product_type&#038;term=simple\" class=\"advgb-post-tax-term\">simple<\/a>"],"unlinked":["<span class=\"advgb-post-tax-term\">simple<\/span>"],"slug":"product_type","name":"Tipo de produto"},"product_visibility":{"linked":[],"unlinked":[],"slug":"product_visibility","name":"Visibilidade do produto"},"product_cat":{"linked":["<a href=\"https:\/\/penosil.com\/pt\/categoria-produto\/areas-de-aplicacao\/\" class=\"advgb-post-tax-term\">\u00c1reas de aplica\u00e7\u00e3o<\/a>","<a href=\"https:\/\/penosil.com\/pt\/categoria-produto\/grupos-de-produtos\/\" class=\"advgb-post-tax-term\">Grupos de produtos<\/a>","<a href=\"https:\/\/penosil.com\/pt\/categoria-produto\/areas-de-aplicacao\/telhados-e-fachadas\/\" class=\"advgb-post-tax-term\">Telhados e Fachadas<\/a>","<a href=\"https:\/\/penosil.com\/pt\/categoria-produto\/grupos-de-produtos\/fitas-e-band\/\" class=\"advgb-post-tax-term\">Fitas E-Band<\/a>"],"unlinked":["<span class=\"advgb-post-tax-term\">\u00c1reas de aplica\u00e7\u00e3o<\/span>","<span class=\"advgb-post-tax-term\">Grupos de produtos<\/span>","<span class=\"advgb-post-tax-term\">Telhados e Fachadas<\/span>","<span class=\"advgb-post-tax-term\">Fitas E-Band<\/span>"],"slug":"product_cat","name":"Categorias de produto"},"product_tag":{"linked":[],"unlinked":[],"slug":"product_tag","name":"Etiquetas de produto"},"product_shipping_class":{"linked":[],"unlinked":[],"slug":"product_shipping_class","name":"Classes de envio do produto"},"pos_product_visibility":{"linked":[],"unlinked":[],"slug":"pos_product_visibility","name":"POS Product visibility"},"pa_color":{"linked":[],"unlinked":[],"slug":"pa_color","name":"Product Cor"},"pa_package":{"linked":[],"unlinked":[],"slug":"pa_package","name":"Product Package"},"translation_priority":{"linked":["<a href=\"https:\/\/penosil.com\/pt\/?taxonomy=translation_priority&#038;term=opcional\" class=\"advgb-post-tax-term\">Opcional<\/a>"],"unlinked":["<span class=\"advgb-post-tax-term\">Opcional<\/span>"],"slug":"translation_priority","name":"Prioridades da Tradu\u00e7\u00e3o"}},"series_order":"","_links":{"self":[{"href":"https:\/\/penosil.com\/pt\/wp-json\/wp\/v2\/product\/10158","targetHints":{"allow":["GET"]}}],"collection":[{"href":"https:\/\/penosil.com\/pt\/wp-json\/wp\/v2\/product"}],"about":[{"href":"https:\/\/penosil.com\/pt\/wp-json\/wp\/v2\/types\/product"}],"version-history":[{"count":0,"href":"https:\/\/penosil.com\/pt\/wp-json\/wp\/v2\/product\/10158\/revisions"}],"wp:featuredmedia":[{"embeddable":true,"href":"https:\/\/penosil.com\/pt\/wp-json\/wp\/v2\/media\/10159"}],"wp:attachment":[{"href":"https:\/\/penosil.com\/pt\/wp-json\/wp\/v2\/media?parent=10158"}],"wp:term":[{"taxonomy":"product_brand","embeddable":true,"href":"https:\/\/penosil.com\/pt\/wp-json\/wp\/v2\/product_brand?post=10158"},{"taxonomy":"product_cat","embeddable":true,"href":"https:\/\/penosil.com\/pt\/wp-json\/wp\/v2\/product_cat?post=10158"},{"taxonomy":"product_tag","embeddable":true,"href":"https:\/\/penosil.com\/pt\/wp-json\/wp\/v2\/product_tag?post=10158"}],"curies":[{"name":"wp","href":"https:\/\/api.w.org\/{rel}","templated":true}]}}