{"id":10202,"date":"2025-02-07T16:35:57","date_gmt":"2025-02-07T16:35:57","guid":{"rendered":"https:\/\/penosil.com\/pt\/?post_type=product&#038;p=10202"},"modified":"2026-02-19T08:31:48","modified_gmt":"2026-02-19T08:31:48","slug":"espuma-4x4-154-pistola-aplicacao-alto-desempenho","status":"publish","type":"product","link":"https:\/\/penosil.com\/pt\/produto\/espuma-4x4-154-pistola-aplicacao-alto-desempenho\/","title":{"rendered":"Espuma 4\u00d74 154"},"content":{"rendered":"<p><span class=\"TextRun SCXW62032058 BCX0\" lang=\"ES-ES\" xml:lang=\"ES-ES\" data-contrast=\"auto\"><span class=\"NormalTextRun SCXW62032058 BCX0\">Espuma multiusos <\/span><span class=\"NormalTextRun SpellingErrorV2Themed SCXW62032058 BCX0\">profissional<\/span><span class=\"NormalTextRun SCXW62032058 BCX0\"> de alto <\/span><span class=\"NormalTextRun SpellingErrorV2Themed SCXW62032058 BCX0\">desempenho<\/span><span class=\"NormalTextRun SCXW62032058 BCX0\">, <\/span><span class=\"NormalTextRun SpellingErrorV2Themed SCXW62032058 BCX0\">monocomponente, <\/span><span class=\"NormalTextRun SCXW62032058 BCX0\">de <\/span><span class=\"NormalTextRun SpellingErrorV2Themed SCXW62032058 BCX0\">expans\u00e3o<\/span><span class=\"NormalTextRun SCXW62032058 BCX0\"> controlada<\/span><span class=\"NormalTextRun SCXW62032058 BCX0\">\u00a0e <\/span><span class=\"NormalTextRun SpellingErrorV2Themed SCXW62032058 BCX0\">com<\/span> <span class=\"NormalTextRun SpellingErrorV2Themed SCXW62032058 BCX0\">uma<\/span> <span class=\"NormalTextRun SpellingErrorV2Themed SCXW62032058 BCX0\">estrutura<\/span><span class=\"NormalTextRun SCXW62032058 BCX0\"> homog\u00e9nea de alta <\/span><span class=\"NormalTextRun SpellingErrorV2Themed SCXW62032058 BCX0\">qualidade<\/span><span class=\"NormalTextRun SCXW62032058 BCX0\">. E<\/span><span class=\"NormalTextRun SCXW62032058 BCX0\">xcelentes propriedades <\/span><span class=\"NormalTextRun SpellingErrorV2Themed SCXW62032058 BCX0\">adesivas<\/span><span class=\"NormalTextRun SCXW62032058 BCX0\"> e <\/span><span class=\"NormalTextRun SpellingErrorV2Themed SCXW62032058 BCX0\">um<\/span> <span class=\"NormalTextRun SpellingErrorV2Themed SCXW62032058 BCX0\">\u00f3timo<\/span> <span class=\"NormalTextRun SpellingErrorV2Themed SCXW62032058 BCX0\">isolamento<\/span><span class=\"NormalTextRun SCXW62032058 BCX0\"> t\u00e9rmico <\/span><span class=\"NormalTextRun SCXW62032058 BCX0\">e<\/span><span class=\"NormalTextRun SCXW62032058 BCX0\"> ac\u00fastico. A espuma curada \u00e9 semirr\u00edgida <\/span><span class=\"NormalTextRun SCXW62032058 BCX0\">e<\/span><span class=\"NormalTextRun SCXW62032058 BCX0\"> pode ser <\/span><span class=\"NormalTextRun SpellingErrorV2Themed SCXW62032058 BCX0\">facilmente<\/span><span class=\"NormalTextRun SCXW62032058 BCX0\"> cortada, moldada, <\/span><span class=\"NormalTextRun SpellingErrorV2Themed SCXW62032058 BCX0\">lixada<\/span><span class=\"NormalTextRun SCXW62032058 BCX0\">, <\/span><span class=\"NormalTextRun SpellingErrorV2Themed SCXW62032058 BCX0\">bem<\/span><span class=\"NormalTextRun SCXW62032058 BCX0\"> como pintada <\/span><span class=\"NormalTextRun SpellingErrorV2Themed SCXW62032058 BCX0\">ou<\/span><span class=\"NormalTextRun SCXW62032058 BCX0\"> revestida.<\/span><\/span><span class=\"EOP SCXW62032058 BCX0\" data-ccp-props=\"{}\">\u00a0<\/span><\/p>\n","protected":false},"excerpt":{"rendered":"<span class=\"TextRun SCXW62032058 BCX0\" lang=\"ES-ES\" xml:lang=\"ES-ES\" data-contrast=\"auto\"><span class=\"NormalTextRun SCXW62032058 BCX0\">Espuma <\/span><span class=\"NormalTextRun SpellingErrorV2Themed SCXW62032058 BCX0\">profissional<\/span><span class=\"NormalTextRun SCXW62032058 BCX0\"> de alto <\/span><span class=\"NormalTextRun SpellingErrorV2Themed SCXW62032058 BCX0\">desempenho<\/span><span class=\"NormalTextRun SCXW62032058 BCX0\">, <\/span><span class=\"NormalTextRun SpellingErrorV2Themed SCXW62032058 BCX0\">monocomponente<\/span><span class=\"NormalTextRun SCXW62032058 BCX0\"> e de <\/span><span class=\"NormalTextRun SpellingErrorV2Themed SCXW62032058 BCX0\">expans\u00e3o<\/span><span class=\"NormalTextRun SCXW62032058 BCX0\"> controlada, <\/span><span class=\"NormalTextRun SpellingErrorV2Themed SCXW62032058 BCX0\">aplic\u00e1vel<\/span> <span class=\"NormalTextRun SpellingErrorV2Themed SCXW62032058 BCX0\">com<\/span><span class=\"NormalTextRun SCXW62032058 BCX0\"> pistola e <\/span><span class=\"NormalTextRun SpellingErrorV2Themed SCXW62032058 BCX0\">com<\/span> <span class=\"NormalTextRun SpellingErrorV2Themed SCXW62032058 BCX0\">uma<\/span> <span class=\"NormalTextRun SpellingErrorV2Themed SCXW62032058 BCX0\">estrutura<\/span><span class=\"NormalTextRun SCXW62032058 BCX0\"> homog\u00e9nea de alta <\/span><span class=\"NormalTextRun SpellingErrorV2Themed SCXW62032058 BCX0\">qualidade<\/span><span class=\"NormalTextRun SCXW62032058 BCX0\">. F\u00e1cil de usar, <\/span><span class=\"NormalTextRun SpellingErrorV2Themed SCXW62032058 BCX0\">com<\/span><span class=\"NormalTextRun SCXW62032058 BCX0\"> excelentes propriedades <\/span><span class=\"NormalTextRun SpellingErrorV2Themed SCXW62032058 BCX0\">adesivas<\/span><span class=\"NormalTextRun SCXW62032058 BCX0\"> e <\/span><span class=\"NormalTextRun SpellingErrorV2Themed SCXW62032058 BCX0\">um<\/span> <span class=\"NormalTextRun SpellingErrorV2Themed SCXW62032058 BCX0\">\u00f3timo<\/span> <span class=\"NormalTextRun SpellingErrorV2Themed SCXW62032058 BCX0\">isolamento<\/span><span class=\"NormalTextRun SCXW62032058 BCX0\"> t\u00e9rmico <\/span><span class=\"NormalTextRun SCXW62032058 BCX0\">e<\/span><span class=\"NormalTextRun SCXW62032058 BCX0\"> ac\u00fastico. A espuma curada \u00e9 semirr\u00edgida <\/span><span class=\"NormalTextRun SCXW62032058 BCX0\">e<\/span><span class=\"NormalTextRun SCXW62032058 BCX0\"> pode ser <\/span><span class=\"NormalTextRun SpellingErrorV2Themed SCXW62032058 BCX0\">facilmente<\/span><span class=\"NormalTextRun SCXW62032058 BCX0\"> cortada, moldada, <\/span><span class=\"NormalTextRun SpellingErrorV2Themed SCXW62032058 BCX0\">lixada<\/span><span class=\"NormalTextRun SCXW62032058 BCX0\">, <\/span><span class=\"NormalTextRun SpellingErrorV2Themed SCXW62032058 BCX0\">bem<\/span><span class=\"NormalTextRun SCXW62032058 BCX0\"> como pintada <\/span><span class=\"NormalTextRun SpellingErrorV2Themed SCXW62032058 BCX0\">ou<\/span><span class=\"NormalTextRun SCXW62032058 BCX0\"> revestida.<\/span><\/span><span class=\"EOP SCXW62032058 BCX0\" data-ccp-props=\"{}\">\u00a0<\/span>","protected":false},"author":198,"featured_media":10203,"template":"","meta":{"_acf_changed":false,"advgb_blocks_editor_width":"","advgb_blocks_columns_visual_guide":"","footnotes":""},"product_brand":[],"product_cat":[2290,2291,1549,2262,1369,2267],"product_tag":[],"class_list":{"0":"post-10202","1":"product","2":"type-product","3":"status-publish","4":"has-post-thumbnail","6":"product_cat-areas-de-aplicacao","7":"product_cat-construcao","8":"product_cat-espumas-de-pistola","9":"product_cat-novos-produtos","10":"product_cat-grupos-de-produtos","11":"product_cat-espumas-de-construcao","13":"first","14":"instock","15":"taxable","16":"shipping-taxable","17":"purchasable","18":"product-type-simple"},"acf":[],"yoast_head":"<!-- This site is optimized with the Yoast SEO plugin v27.2 - https:\/\/yoast.com\/product\/yoast-seo-wordpress\/ -->\n<title>PENOSIL Espuma 4\u00d74 154 Pistola Aplica\u00e7\u00e3o de Alto Desempenho<\/title>\n<meta name=\"description\" content=\"Espuma de alto desempenho de expans\u00e3o controlada com uma estrutura homog\u00e9nea de alta qualidade. Excelentes propriedades adesivas. Isolamento t\u00e9rmico.\" \/>\n<meta name=\"robots\" content=\"index, follow, max-snippet:-1, max-image-preview:large, max-video-preview:-1\" \/>\n<link rel=\"canonical\" href=\"https:\/\/penosil.com\/pt\/produto\/espuma-4x4-154-pistola-aplicacao-alto-desempenho\/\" \/>\n<meta property=\"og:locale\" content=\"pt_PT\" \/>\n<meta property=\"og:type\" content=\"article\" \/>\n<meta property=\"og:title\" content=\"PENOSIL Espuma 4\u00d74 154 Pistola Aplica\u00e7\u00e3o de Alto Desempenho\" \/>\n<meta property=\"og:description\" content=\"Espuma de alto desempenho de expans\u00e3o controlada com uma estrutura homog\u00e9nea de alta qualidade. Excelentes propriedades adesivas. Isolamento t\u00e9rmico.\" \/>\n<meta property=\"og:url\" content=\"https:\/\/penosil.com\/pt\/produto\/espuma-4x4-154-pistola-aplicacao-alto-desempenho\/\" \/>\n<meta property=\"og:site_name\" content=\"Penosil Portugal\" \/>\n<meta property=\"article:modified_time\" content=\"2026-02-19T08:31:48+00:00\" \/>\n<meta property=\"og:image\" content=\"https:\/\/penosil.com\/pt\/wp-content\/uploads\/sites\/10\/2025\/02\/Penosil-Espuma-4x4-154-pistola-aplicacao-alto-desempenho.png\" \/>\n\t<meta property=\"og:image:width\" content=\"523\" \/>\n\t<meta property=\"og:image:height\" content=\"1080\" \/>\n\t<meta property=\"og:image:type\" content=\"image\/png\" \/>\n<meta name=\"twitter:card\" content=\"summary_large_image\" \/>\n<meta name=\"twitter:label1\" content=\"Tempo estimado de leitura\" \/>\n\t<meta name=\"twitter:data1\" content=\"6 minutos\" \/>\n<script type=\"application\/ld+json\" class=\"yoast-schema-graph\">{\"@context\":\"https:\/\/schema.org\",\"@graph\":[{\"@type\":\"WebPage\",\"@id\":\"https:\/\/penosil.com\/pt\/produto\/espuma-4x4-154-pistola-aplicacao-alto-desempenho\/\",\"url\":\"https:\/\/penosil.com\/pt\/produto\/espuma-4x4-154-pistola-aplicacao-alto-desempenho\/\",\"name\":\"PENOSIL Espuma 4\u00d74 154 Pistola Aplica\u00e7\u00e3o de Alto Desempenho\",\"isPartOf\":{\"@id\":\"https:\/\/penosil.com\/pt\/#website\"},\"primaryImageOfPage\":{\"@id\":\"https:\/\/penosil.com\/pt\/produto\/espuma-4x4-154-pistola-aplicacao-alto-desempenho\/#primaryimage\"},\"image\":{\"@id\":\"https:\/\/penosil.com\/pt\/produto\/espuma-4x4-154-pistola-aplicacao-alto-desempenho\/#primaryimage\"},\"thumbnailUrl\":\"https:\/\/penosil.com\/pt\/wp-content\/uploads\/sites\/10\/2025\/02\/Penosil-Espuma-4x4-154-pistola-aplicacao-alto-desempenho.png\",\"datePublished\":\"2025-02-07T16:35:57+00:00\",\"dateModified\":\"2026-02-19T08:31:48+00:00\",\"description\":\"Espuma de alto desempenho de expans\u00e3o controlada com uma estrutura homog\u00e9nea de alta qualidade. Excelentes propriedades adesivas. Isolamento t\u00e9rmico.\",\"breadcrumb\":{\"@id\":\"https:\/\/penosil.com\/pt\/produto\/espuma-4x4-154-pistola-aplicacao-alto-desempenho\/#breadcrumb\"},\"inLanguage\":\"pt-PT\",\"potentialAction\":[{\"@type\":\"ReadAction\",\"target\":[\"https:\/\/penosil.com\/pt\/produto\/espuma-4x4-154-pistola-aplicacao-alto-desempenho\/\"]}]},{\"@type\":\"ImageObject\",\"inLanguage\":\"pt-PT\",\"@id\":\"https:\/\/penosil.com\/pt\/produto\/espuma-4x4-154-pistola-aplicacao-alto-desempenho\/#primaryimage\",\"url\":\"https:\/\/penosil.com\/pt\/wp-content\/uploads\/sites\/10\/2025\/02\/Penosil-Espuma-4x4-154-pistola-aplicacao-alto-desempenho.png\",\"contentUrl\":\"https:\/\/penosil.com\/pt\/wp-content\/uploads\/sites\/10\/2025\/02\/Penosil-Espuma-4x4-154-pistola-aplicacao-alto-desempenho.png\",\"width\":523,\"height\":1080,\"caption\":\"Espuma de alto desempenho Penosil 4x4154 pistola\"},{\"@type\":\"BreadcrumbList\",\"@id\":\"https:\/\/penosil.com\/pt\/produto\/espuma-4x4-154-pistola-aplicacao-alto-desempenho\/#breadcrumb\",\"itemListElement\":[{\"@type\":\"ListItem\",\"position\":1,\"name\":\"Home\",\"item\":\"https:\/\/penosil.com\/pt\/\"},{\"@type\":\"ListItem\",\"position\":2,\"name\":\"Produtos\",\"item\":\"https:\/\/penosil.com\/pt\/produtos\/\"},{\"@type\":\"ListItem\",\"position\":3,\"name\":\"Espuma 4\u00d74 154\"}]},{\"@type\":\"WebSite\",\"@id\":\"https:\/\/penosil.com\/pt\/#website\",\"url\":\"https:\/\/penosil.com\/pt\/\",\"name\":\"Penosil Portugal\",\"description\":\"\",\"potentialAction\":[{\"@type\":\"SearchAction\",\"target\":{\"@type\":\"EntryPoint\",\"urlTemplate\":\"https:\/\/penosil.com\/pt\/?s={search_term_string}\"},\"query-input\":{\"@type\":\"PropertyValueSpecification\",\"valueRequired\":true,\"valueName\":\"search_term_string\"}}],\"inLanguage\":\"pt-PT\"}]}<\/script>\n<!-- \/ Yoast SEO plugin. -->","yoast_head_json":{"title":"PENOSIL Espuma 4\u00d74 154 Pistola Aplica\u00e7\u00e3o de Alto Desempenho","description":"Espuma de alto desempenho de expans\u00e3o controlada com uma estrutura homog\u00e9nea de alta qualidade. Excelentes propriedades adesivas. Isolamento t\u00e9rmico.","robots":{"index":"index","follow":"follow","max-snippet":"max-snippet:-1","max-image-preview":"max-image-preview:large","max-video-preview":"max-video-preview:-1"},"canonical":"https:\/\/penosil.com\/pt\/produto\/espuma-4x4-154-pistola-aplicacao-alto-desempenho\/","og_locale":"pt_PT","og_type":"article","og_title":"PENOSIL Espuma 4\u00d74 154 Pistola Aplica\u00e7\u00e3o de Alto Desempenho","og_description":"Espuma de alto desempenho de expans\u00e3o controlada com uma estrutura homog\u00e9nea de alta qualidade. Excelentes propriedades adesivas. Isolamento t\u00e9rmico.","og_url":"https:\/\/penosil.com\/pt\/produto\/espuma-4x4-154-pistola-aplicacao-alto-desempenho\/","og_site_name":"Penosil Portugal","article_modified_time":"2026-02-19T08:31:48+00:00","og_image":[{"width":523,"height":1080,"url":"https:\/\/penosil.com\/pt\/wp-content\/uploads\/sites\/10\/2025\/02\/Penosil-Espuma-4x4-154-pistola-aplicacao-alto-desempenho.png","type":"image\/png"}],"twitter_card":"summary_large_image","twitter_misc":{"Tempo estimado de leitura":"6 minutos"},"schema":{"@context":"https:\/\/schema.org","@graph":[{"@type":"WebPage","@id":"https:\/\/penosil.com\/pt\/produto\/espuma-4x4-154-pistola-aplicacao-alto-desempenho\/","url":"https:\/\/penosil.com\/pt\/produto\/espuma-4x4-154-pistola-aplicacao-alto-desempenho\/","name":"PENOSIL Espuma 4\u00d74 154 Pistola Aplica\u00e7\u00e3o de Alto Desempenho","isPartOf":{"@id":"https:\/\/penosil.com\/pt\/#website"},"primaryImageOfPage":{"@id":"https:\/\/penosil.com\/pt\/produto\/espuma-4x4-154-pistola-aplicacao-alto-desempenho\/#primaryimage"},"image":{"@id":"https:\/\/penosil.com\/pt\/produto\/espuma-4x4-154-pistola-aplicacao-alto-desempenho\/#primaryimage"},"thumbnailUrl":"https:\/\/penosil.com\/pt\/wp-content\/uploads\/sites\/10\/2025\/02\/Penosil-Espuma-4x4-154-pistola-aplicacao-alto-desempenho.png","datePublished":"2025-02-07T16:35:57+00:00","dateModified":"2026-02-19T08:31:48+00:00","description":"Espuma de alto desempenho de expans\u00e3o controlada com uma estrutura homog\u00e9nea de alta qualidade. Excelentes propriedades adesivas. Isolamento t\u00e9rmico.","breadcrumb":{"@id":"https:\/\/penosil.com\/pt\/produto\/espuma-4x4-154-pistola-aplicacao-alto-desempenho\/#breadcrumb"},"inLanguage":"pt-PT","potentialAction":[{"@type":"ReadAction","target":["https:\/\/penosil.com\/pt\/produto\/espuma-4x4-154-pistola-aplicacao-alto-desempenho\/"]}]},{"@type":"ImageObject","inLanguage":"pt-PT","@id":"https:\/\/penosil.com\/pt\/produto\/espuma-4x4-154-pistola-aplicacao-alto-desempenho\/#primaryimage","url":"https:\/\/penosil.com\/pt\/wp-content\/uploads\/sites\/10\/2025\/02\/Penosil-Espuma-4x4-154-pistola-aplicacao-alto-desempenho.png","contentUrl":"https:\/\/penosil.com\/pt\/wp-content\/uploads\/sites\/10\/2025\/02\/Penosil-Espuma-4x4-154-pistola-aplicacao-alto-desempenho.png","width":523,"height":1080,"caption":"Espuma de alto desempenho Penosil 4x4154 pistola"},{"@type":"BreadcrumbList","@id":"https:\/\/penosil.com\/pt\/produto\/espuma-4x4-154-pistola-aplicacao-alto-desempenho\/#breadcrumb","itemListElement":[{"@type":"ListItem","position":1,"name":"Home","item":"https:\/\/penosil.com\/pt\/"},{"@type":"ListItem","position":2,"name":"Produtos","item":"https:\/\/penosil.com\/pt\/produtos\/"},{"@type":"ListItem","position":3,"name":"Espuma 4\u00d74 154"}]},{"@type":"WebSite","@id":"https:\/\/penosil.com\/pt\/#website","url":"https:\/\/penosil.com\/pt\/","name":"Penosil Portugal","description":"","potentialAction":[{"@type":"SearchAction","target":{"@type":"EntryPoint","urlTemplate":"https:\/\/penosil.com\/pt\/?s={search_term_string}"},"query-input":{"@type":"PropertyValueSpecification","valueRequired":true,"valueName":"search_term_string"}}],"inLanguage":"pt-PT"}]}},"featured_img":"https:\/\/penosil.com\/pt\/wp-content\/uploads\/sites\/10\/2025\/02\/Penosil-Espuma-4x4-154-pistola-aplicacao-alto-desempenho.png","coauthors":[],"author_meta":{"author_link":"https:\/\/penosil.com\/pt\/author\/eric\/","display_name":"eric"},"relative_dates":{"created":"Posted 1 ano ago","modified":"Updated 2 meses ago"},"absolute_dates":{"created":"Posted on 7 de Fevereiro, 2025","modified":"Updated on 19 de Fevereiro, 2026"},"absolute_dates_time":{"created":"Posted on 7 de Fevereiro, 2025 16:35","modified":"Updated on 19 de Fevereiro, 2026 8:31"},"featured_img_caption":"","tax_additional":{"product_brand":{"linked":[],"unlinked":[],"slug":"product_brand","name":"Marcas"},"product_type":{"linked":["<a href=\"https:\/\/penosil.com\/pt\/?taxonomy=product_type&#038;term=simple\" class=\"advgb-post-tax-term\">simple<\/a>"],"unlinked":["<span class=\"advgb-post-tax-term\">simple<\/span>"],"slug":"product_type","name":"Tipo de produto"},"product_visibility":{"linked":[],"unlinked":[],"slug":"product_visibility","name":"Visibilidade do produto"},"product_cat":{"linked":["<a href=\"https:\/\/penosil.com\/pt\/categoria-produto\/areas-de-aplicacao\/\" class=\"advgb-post-tax-term\">\u00c1reas de aplica\u00e7\u00e3o<\/a>","<a href=\"https:\/\/penosil.com\/pt\/categoria-produto\/areas-de-aplicacao\/construcao\/\" class=\"advgb-post-tax-term\">Constru\u00e7\u00e3o<\/a>","<a href=\"https:\/\/penosil.com\/pt\/categoria-produto\/grupos-de-produtos\/espumas-de-construcao\/espumas-de-pistola\/\" class=\"advgb-post-tax-term\">Espumas de pistola<\/a>","<a href=\"https:\/\/penosil.com\/pt\/categoria-produto\/grupos-de-produtos\/novos-produtos\/\" class=\"advgb-post-tax-term\">Novos produtos<\/a>","<a href=\"https:\/\/penosil.com\/pt\/categoria-produto\/grupos-de-produtos\/\" class=\"advgb-post-tax-term\">Grupos de produtos<\/a>","<a href=\"https:\/\/penosil.com\/pt\/categoria-produto\/grupos-de-produtos\/espumas-de-construcao\/\" class=\"advgb-post-tax-term\">Espumas de constru\u00e7\u00e3o<\/a>"],"unlinked":["<span class=\"advgb-post-tax-term\">\u00c1reas de aplica\u00e7\u00e3o<\/span>","<span class=\"advgb-post-tax-term\">Constru\u00e7\u00e3o<\/span>","<span class=\"advgb-post-tax-term\">Espumas de pistola<\/span>","<span class=\"advgb-post-tax-term\">Novos produtos<\/span>","<span class=\"advgb-post-tax-term\">Grupos de produtos<\/span>","<span class=\"advgb-post-tax-term\">Espumas de constru\u00e7\u00e3o<\/span>"],"slug":"product_cat","name":"Categorias de produto"},"product_tag":{"linked":[],"unlinked":[],"slug":"product_tag","name":"Etiquetas de produto"},"product_shipping_class":{"linked":[],"unlinked":[],"slug":"product_shipping_class","name":"Classes de envio do produto"},"pos_product_visibility":{"linked":[],"unlinked":[],"slug":"pos_product_visibility","name":"POS Product visibility"},"pa_color":{"linked":["<a href=\"https:\/\/penosil.com\/pt\/?taxonomy=pa_color&#038;term=amarelo-claro\" class=\"advgb-post-tax-term\">Amarelo claro<\/a>"],"unlinked":["<span class=\"advgb-post-tax-term\">Amarelo claro<\/span>"],"slug":"pa_color","name":"Product Cor"},"pa_package":{"linked":["<a href=\"https:\/\/penosil.com\/pt\/?taxonomy=pa_package&#038;term=aerossol-750-ml\" class=\"advgb-post-tax-term\">Aerossol 750 ml<\/a>"],"unlinked":["<span class=\"advgb-post-tax-term\">Aerossol 750 ml<\/span>"],"slug":"pa_package","name":"Product Package"},"translation_priority":{"linked":["<a href=\"https:\/\/penosil.com\/pt\/?taxonomy=translation_priority&#038;term=opcional\" class=\"advgb-post-tax-term\">Opcional<\/a>"],"unlinked":["<span class=\"advgb-post-tax-term\">Opcional<\/span>"],"slug":"translation_priority","name":"Prioridades da Tradu\u00e7\u00e3o"}},"series_order":"","_links":{"self":[{"href":"https:\/\/penosil.com\/pt\/wp-json\/wp\/v2\/product\/10202","targetHints":{"allow":["GET"]}}],"collection":[{"href":"https:\/\/penosil.com\/pt\/wp-json\/wp\/v2\/product"}],"about":[{"href":"https:\/\/penosil.com\/pt\/wp-json\/wp\/v2\/types\/product"}],"version-history":[{"count":14,"href":"https:\/\/penosil.com\/pt\/wp-json\/wp\/v2\/product\/10202\/revisions"}],"predecessor-version":[{"id":12054,"href":"https:\/\/penosil.com\/pt\/wp-json\/wp\/v2\/product\/10202\/revisions\/12054"}],"wp:featuredmedia":[{"embeddable":true,"href":"https:\/\/penosil.com\/pt\/wp-json\/wp\/v2\/media\/10203"}],"wp:attachment":[{"href":"https:\/\/penosil.com\/pt\/wp-json\/wp\/v2\/media?parent=10202"}],"wp:term":[{"taxonomy":"product_brand","embeddable":true,"href":"https:\/\/penosil.com\/pt\/wp-json\/wp\/v2\/product_brand?post=10202"},{"taxonomy":"product_cat","embeddable":true,"href":"https:\/\/penosil.com\/pt\/wp-json\/wp\/v2\/product_cat?post=10202"},{"taxonomy":"product_tag","embeddable":true,"href":"https:\/\/penosil.com\/pt\/wp-json\/wp\/v2\/product_tag?post=10202"}],"curies":[{"name":"wp","href":"https:\/\/api.w.org\/{rel}","templated":true}]}}