{"id":10383,"date":"2025-03-25T10:06:30","date_gmt":"2025-03-25T10:06:30","guid":{"rendered":"https:\/\/penosil.com\/pt\/?post_type=product&#038;p=10383"},"modified":"2026-02-19T09:23:37","modified_gmt":"2026-02-19T09:23:37","slug":"ms-turbo-crystal-adesivo-polimero-ms-transparente","status":"publish","type":"product","link":"https:\/\/penosil.com\/pt\/produto\/ms-turbo-crystal-adesivo-polimero-ms-transparente\/","title":{"rendered":"MS Turbo Crystal"},"content":{"rendered":"<p>MS Turbo Crystal \u00e9 um adesivo h\u00edbrido transparente de cura ultrarr\u00e1pida \u00e0 base de Pol\u00edmero MS. Agarre instant\u00e2neo em 3 segundos, grande poder de fixa\u00e7\u00e3o, resist\u00eancia final extrema e altas presta\u00e7\u00f5es mec\u00e2nicas. Ideal para m\u00faltiplas aplica\u00e7\u00f5es de colagem no interior e no exterior, mesmo em superf\u00edcies h\u00famidas.<\/p>\n","protected":false},"excerpt":{"rendered":"<span class=\"TextRun SCXW221001648 BCX0\" lang=\"PT-PT\" xml:lang=\"PT-PT\" data-contrast=\"none\"><span class=\"NormalTextRun SCXW221001648 BCX0\">MS Turbo <\/span><span class=\"NormalTextRun SpellingErrorV2Themed SCXW221001648 BCX0\">Crystal<\/span><span class=\"NormalTextRun SCXW221001648 BCX0\"> \u00e9 um adesivo h\u00edbrido transparente <\/span><span class=\"NormalTextRun SCXW221001648 BCX0\">de cura ultrarr\u00e1pida <\/span><span class=\"NormalTextRun SCXW221001648 BCX0\">\u00e0 base de Pol\u00edmero MS. <\/span><span class=\"NormalTextRun SCXW221001648 BCX0\">A<\/span><span class=\"NormalTextRun SCXW221001648 BCX0\">garre i<\/span><span class=\"NormalTextRun SCXW221001648 BCX0\">nstant\u00e2neo em 3 segundos<\/span><span class=\"NormalTextRun SCXW221001648 BCX0\">, grande <\/span><span class=\"NormalTextRun SCXW221001648 BCX0\">poder de fixa\u00e7\u00e3o, <\/span><span class=\"NormalTextRun SCXW221001648 BCX0\">resist\u00eancia <\/span><span class=\"NormalTextRun SCXW221001648 BCX0\">final e<\/span><span class=\"NormalTextRun SCXW221001648 BCX0\">xtrema<\/span> <span class=\"NormalTextRun SCXW221001648 BCX0\">e altas presta\u00e7\u00f5es<\/span><span class=\"NormalTextRun SCXW221001648 BCX0\"> mec\u00e2nicas. I<\/span><span class=\"NormalTextRun SCXW221001648 BCX0\">deal para m\u00faltiplas aplica\u00e7\u00f5es de colagem no interior <\/span><span class=\"NormalTextRun SCXW221001648 BCX0\">e <\/span><span class=\"NormalTextRun SCXW221001648 BCX0\">no exterior<\/span><span class=\"NormalTextRun SCXW221001648 BCX0\">, mesmo em superf\u00edcies h\u00famidas.<\/span><\/span><span class=\"EOP SCXW221001648 BCX0\" data-ccp-props=\"{&quot;201341983&quot;:2,&quot;335557856&quot;:16777215,&quot;335559739&quot;:240,&quot;335559740&quot;:390}\">\u00a0<\/span>","protected":false},"author":198,"featured_media":10387,"template":"","meta":{"_acf_changed":false,"advgb_blocks_editor_width":"","advgb_blocks_columns_visual_guide":"","footnotes":""},"product_brand":[],"product_cat":[2262,1369,339,1611,1390,1669,2259],"product_tag":[],"class_list":{"0":"post-10383","1":"product","2":"type-product","3":"status-publish","4":"has-post-thumbnail","6":"product_cat-novos-produtos","7":"product_cat-grupos-de-produtos","8":"product_cat-easy-pro","9":"product_cat-selantes","10":"product_cat-adesivos","11":"product_cat-ms-polimeros-hibridos","12":"product_cat-colas-easypro","14":"first","15":"instock","16":"taxable","17":"shipping-taxable","18":"purchasable","19":"product-type-simple"},"acf":[],"yoast_head":"<!-- This site is optimized with the Yoast SEO plugin v27.2 - https:\/\/yoast.com\/product\/yoast-seo-wordpress\/ -->\n<title>PENOSIL MS Turbo Crystal - Potente adesivo hibrido transparente<\/title>\n<meta name=\"description\" content=\"MS Turbo Crystal. Potente adesivo h\u00edbrido transparente \u00e0 base de Pol\u00edmero MS. Extraforte, de alta resist\u00eancia, ideal para interior e exterior. Descobrir &gt;\" \/>\n<meta name=\"robots\" content=\"index, follow, max-snippet:-1, max-image-preview:large, max-video-preview:-1\" \/>\n<link rel=\"canonical\" href=\"https:\/\/penosil.com\/pt\/produto\/ms-turbo-crystal-adesivo-polimero-ms-transparente\/\" \/>\n<meta property=\"og:locale\" content=\"pt_PT\" \/>\n<meta property=\"og:type\" content=\"article\" \/>\n<meta property=\"og:title\" content=\"PENOSIL MS Turbo Crystal - Potente adesivo hibrido transparente\" \/>\n<meta property=\"og:description\" content=\"MS Turbo Crystal. Potente adesivo h\u00edbrido transparente \u00e0 base de Pol\u00edmero MS. Extraforte, de alta resist\u00eancia, ideal para interior e exterior. Descobrir &gt;\" \/>\n<meta property=\"og:url\" content=\"https:\/\/penosil.com\/pt\/produto\/ms-turbo-crystal-adesivo-polimero-ms-transparente\/\" \/>\n<meta property=\"og:site_name\" content=\"Penosil Portugal\" \/>\n<meta property=\"article:modified_time\" content=\"2026-02-19T09:23:37+00:00\" \/>\n<meta property=\"og:image\" content=\"https:\/\/penosil.com\/pt\/wp-content\/uploads\/sites\/10\/2025\/03\/Adesivo-MS-Crystal-de-maxima-resistencia-Penosil-MS-Turbo-Crystal.png\" \/>\n\t<meta property=\"og:image:width\" content=\"387\" \/>\n\t<meta property=\"og:image:height\" content=\"1080\" \/>\n\t<meta property=\"og:image:type\" content=\"image\/png\" \/>\n<meta name=\"twitter:card\" content=\"summary_large_image\" \/>\n<meta name=\"twitter:label1\" content=\"Tempo estimado de leitura\" \/>\n\t<meta name=\"twitter:data1\" content=\"4 minutos\" \/>\n<script type=\"application\/ld+json\" class=\"yoast-schema-graph\">{\"@context\":\"https:\/\/schema.org\",\"@graph\":[{\"@type\":\"WebPage\",\"@id\":\"https:\/\/penosil.com\/pt\/produto\/ms-turbo-crystal-adesivo-polimero-ms-transparente\/\",\"url\":\"https:\/\/penosil.com\/pt\/produto\/ms-turbo-crystal-adesivo-polimero-ms-transparente\/\",\"name\":\"PENOSIL MS Turbo Crystal - Potente adesivo hibrido transparente\",\"isPartOf\":{\"@id\":\"https:\/\/penosil.com\/pt\/#website\"},\"primaryImageOfPage\":{\"@id\":\"https:\/\/penosil.com\/pt\/produto\/ms-turbo-crystal-adesivo-polimero-ms-transparente\/#primaryimage\"},\"image\":{\"@id\":\"https:\/\/penosil.com\/pt\/produto\/ms-turbo-crystal-adesivo-polimero-ms-transparente\/#primaryimage\"},\"thumbnailUrl\":\"https:\/\/penosil.com\/pt\/wp-content\/uploads\/sites\/10\/2025\/03\/Adesivo-MS-Crystal-de-maxima-resistencia-Penosil-MS-Turbo-Crystal.png\",\"datePublished\":\"2025-03-25T10:06:30+00:00\",\"dateModified\":\"2026-02-19T09:23:37+00:00\",\"description\":\"MS Turbo Crystal. Potente adesivo h\u00edbrido transparente \u00e0 base de Pol\u00edmero MS. Extraforte, de alta resist\u00eancia, ideal para interior e exterior. Descobrir >\",\"breadcrumb\":{\"@id\":\"https:\/\/penosil.com\/pt\/produto\/ms-turbo-crystal-adesivo-polimero-ms-transparente\/#breadcrumb\"},\"inLanguage\":\"pt-PT\",\"potentialAction\":[{\"@type\":\"ReadAction\",\"target\":[\"https:\/\/penosil.com\/pt\/produto\/ms-turbo-crystal-adesivo-polimero-ms-transparente\/\"]}]},{\"@type\":\"ImageObject\",\"inLanguage\":\"pt-PT\",\"@id\":\"https:\/\/penosil.com\/pt\/produto\/ms-turbo-crystal-adesivo-polimero-ms-transparente\/#primaryimage\",\"url\":\"https:\/\/penosil.com\/pt\/wp-content\/uploads\/sites\/10\/2025\/03\/Adesivo-MS-Crystal-de-maxima-resistencia-Penosil-MS-Turbo-Crystal.png\",\"contentUrl\":\"https:\/\/penosil.com\/pt\/wp-content\/uploads\/sites\/10\/2025\/03\/Adesivo-MS-Crystal-de-maxima-resistencia-Penosil-MS-Turbo-Crystal.png\",\"width\":387,\"height\":1080,\"caption\":\"Adesivo MS Crystal de m\u00e1xima resist\u00eancia Penosil MS Turbo Crystal\"},{\"@type\":\"BreadcrumbList\",\"@id\":\"https:\/\/penosil.com\/pt\/produto\/ms-turbo-crystal-adesivo-polimero-ms-transparente\/#breadcrumb\",\"itemListElement\":[{\"@type\":\"ListItem\",\"position\":1,\"name\":\"Home\",\"item\":\"https:\/\/penosil.com\/pt\/\"},{\"@type\":\"ListItem\",\"position\":2,\"name\":\"Produtos\",\"item\":\"https:\/\/penosil.com\/pt\/produtos\/\"},{\"@type\":\"ListItem\",\"position\":3,\"name\":\"MS Turbo Crystal\"}]},{\"@type\":\"WebSite\",\"@id\":\"https:\/\/penosil.com\/pt\/#website\",\"url\":\"https:\/\/penosil.com\/pt\/\",\"name\":\"Penosil Portugal\",\"description\":\"\",\"potentialAction\":[{\"@type\":\"SearchAction\",\"target\":{\"@type\":\"EntryPoint\",\"urlTemplate\":\"https:\/\/penosil.com\/pt\/?s={search_term_string}\"},\"query-input\":{\"@type\":\"PropertyValueSpecification\",\"valueRequired\":true,\"valueName\":\"search_term_string\"}}],\"inLanguage\":\"pt-PT\"}]}<\/script>\n<!-- \/ Yoast SEO plugin. -->","yoast_head_json":{"title":"PENOSIL MS Turbo Crystal - Potente adesivo hibrido transparente","description":"MS Turbo Crystal. Potente adesivo h\u00edbrido transparente \u00e0 base de Pol\u00edmero MS. Extraforte, de alta resist\u00eancia, ideal para interior e exterior. Descobrir >","robots":{"index":"index","follow":"follow","max-snippet":"max-snippet:-1","max-image-preview":"max-image-preview:large","max-video-preview":"max-video-preview:-1"},"canonical":"https:\/\/penosil.com\/pt\/produto\/ms-turbo-crystal-adesivo-polimero-ms-transparente\/","og_locale":"pt_PT","og_type":"article","og_title":"PENOSIL MS Turbo Crystal - Potente adesivo hibrido transparente","og_description":"MS Turbo Crystal. Potente adesivo h\u00edbrido transparente \u00e0 base de Pol\u00edmero MS. Extraforte, de alta resist\u00eancia, ideal para interior e exterior. Descobrir >","og_url":"https:\/\/penosil.com\/pt\/produto\/ms-turbo-crystal-adesivo-polimero-ms-transparente\/","og_site_name":"Penosil Portugal","article_modified_time":"2026-02-19T09:23:37+00:00","og_image":[{"width":387,"height":1080,"url":"https:\/\/penosil.com\/pt\/wp-content\/uploads\/sites\/10\/2025\/03\/Adesivo-MS-Crystal-de-maxima-resistencia-Penosil-MS-Turbo-Crystal.png","type":"image\/png"}],"twitter_card":"summary_large_image","twitter_misc":{"Tempo estimado de leitura":"4 minutos"},"schema":{"@context":"https:\/\/schema.org","@graph":[{"@type":"WebPage","@id":"https:\/\/penosil.com\/pt\/produto\/ms-turbo-crystal-adesivo-polimero-ms-transparente\/","url":"https:\/\/penosil.com\/pt\/produto\/ms-turbo-crystal-adesivo-polimero-ms-transparente\/","name":"PENOSIL MS Turbo Crystal - Potente adesivo hibrido transparente","isPartOf":{"@id":"https:\/\/penosil.com\/pt\/#website"},"primaryImageOfPage":{"@id":"https:\/\/penosil.com\/pt\/produto\/ms-turbo-crystal-adesivo-polimero-ms-transparente\/#primaryimage"},"image":{"@id":"https:\/\/penosil.com\/pt\/produto\/ms-turbo-crystal-adesivo-polimero-ms-transparente\/#primaryimage"},"thumbnailUrl":"https:\/\/penosil.com\/pt\/wp-content\/uploads\/sites\/10\/2025\/03\/Adesivo-MS-Crystal-de-maxima-resistencia-Penosil-MS-Turbo-Crystal.png","datePublished":"2025-03-25T10:06:30+00:00","dateModified":"2026-02-19T09:23:37+00:00","description":"MS Turbo Crystal. Potente adesivo h\u00edbrido transparente \u00e0 base de Pol\u00edmero MS. Extraforte, de alta resist\u00eancia, ideal para interior e exterior. Descobrir >","breadcrumb":{"@id":"https:\/\/penosil.com\/pt\/produto\/ms-turbo-crystal-adesivo-polimero-ms-transparente\/#breadcrumb"},"inLanguage":"pt-PT","potentialAction":[{"@type":"ReadAction","target":["https:\/\/penosil.com\/pt\/produto\/ms-turbo-crystal-adesivo-polimero-ms-transparente\/"]}]},{"@type":"ImageObject","inLanguage":"pt-PT","@id":"https:\/\/penosil.com\/pt\/produto\/ms-turbo-crystal-adesivo-polimero-ms-transparente\/#primaryimage","url":"https:\/\/penosil.com\/pt\/wp-content\/uploads\/sites\/10\/2025\/03\/Adesivo-MS-Crystal-de-maxima-resistencia-Penosil-MS-Turbo-Crystal.png","contentUrl":"https:\/\/penosil.com\/pt\/wp-content\/uploads\/sites\/10\/2025\/03\/Adesivo-MS-Crystal-de-maxima-resistencia-Penosil-MS-Turbo-Crystal.png","width":387,"height":1080,"caption":"Adesivo MS Crystal de m\u00e1xima resist\u00eancia Penosil MS Turbo Crystal"},{"@type":"BreadcrumbList","@id":"https:\/\/penosil.com\/pt\/produto\/ms-turbo-crystal-adesivo-polimero-ms-transparente\/#breadcrumb","itemListElement":[{"@type":"ListItem","position":1,"name":"Home","item":"https:\/\/penosil.com\/pt\/"},{"@type":"ListItem","position":2,"name":"Produtos","item":"https:\/\/penosil.com\/pt\/produtos\/"},{"@type":"ListItem","position":3,"name":"MS Turbo Crystal"}]},{"@type":"WebSite","@id":"https:\/\/penosil.com\/pt\/#website","url":"https:\/\/penosil.com\/pt\/","name":"Penosil Portugal","description":"","potentialAction":[{"@type":"SearchAction","target":{"@type":"EntryPoint","urlTemplate":"https:\/\/penosil.com\/pt\/?s={search_term_string}"},"query-input":{"@type":"PropertyValueSpecification","valueRequired":true,"valueName":"search_term_string"}}],"inLanguage":"pt-PT"}]}},"featured_img":"https:\/\/penosil.com\/pt\/wp-content\/uploads\/sites\/10\/2025\/03\/Adesivo-MS-Crystal-de-maxima-resistencia-Penosil-MS-Turbo-Crystal.png","coauthors":[],"author_meta":{"author_link":"https:\/\/penosil.com\/pt\/author\/eric\/","display_name":"eric"},"relative_dates":{"created":"Posted 1 ano ago","modified":"Updated 2 meses ago"},"absolute_dates":{"created":"Posted on 25 de Mar\u00e7o, 2025","modified":"Updated on 19 de Fevereiro, 2026"},"absolute_dates_time":{"created":"Posted on 25 de Mar\u00e7o, 2025 10:06","modified":"Updated on 19 de Fevereiro, 2026 9:23"},"featured_img_caption":"","tax_additional":{"product_brand":{"linked":[],"unlinked":[],"slug":"product_brand","name":"Marcas"},"product_type":{"linked":["<a href=\"https:\/\/penosil.com\/pt\/?taxonomy=product_type&#038;term=simple\" class=\"advgb-post-tax-term\">simple<\/a>"],"unlinked":["<span class=\"advgb-post-tax-term\">simple<\/span>"],"slug":"product_type","name":"Tipo de produto"},"product_visibility":{"linked":[],"unlinked":[],"slug":"product_visibility","name":"Visibilidade do produto"},"product_cat":{"linked":["<a href=\"https:\/\/penosil.com\/pt\/categoria-produto\/grupos-de-produtos\/novos-produtos\/\" class=\"advgb-post-tax-term\">Novos produtos<\/a>","<a href=\"https:\/\/penosil.com\/pt\/categoria-produto\/grupos-de-produtos\/\" class=\"advgb-post-tax-term\">Grupos de produtos<\/a>","<a href=\"https:\/\/penosil.com\/pt\/categoria-produto\/easy-pro\/\" class=\"advgb-post-tax-term\">EasyPRO<\/a>","<a href=\"https:\/\/penosil.com\/pt\/categoria-produto\/grupos-de-produtos\/selantes\/\" class=\"advgb-post-tax-term\">Selantes<\/a>","<a href=\"https:\/\/penosil.com\/pt\/categoria-produto\/grupos-de-produtos\/adesivos\/\" class=\"advgb-post-tax-term\">Colas<\/a>","<a href=\"https:\/\/penosil.com\/pt\/categoria-produto\/grupos-de-produtos\/selantes\/ms-polimeros-hibridos\/\" class=\"advgb-post-tax-term\">MS \/ Polimeros hibridos<\/a>","<a href=\"https:\/\/penosil.com\/pt\/categoria-produto\/easy-pro\/colas-easypro\/\" class=\"advgb-post-tax-term\">Colas<\/a>"],"unlinked":["<span class=\"advgb-post-tax-term\">Novos produtos<\/span>","<span class=\"advgb-post-tax-term\">Grupos de produtos<\/span>","<span class=\"advgb-post-tax-term\">EasyPRO<\/span>","<span class=\"advgb-post-tax-term\">Selantes<\/span>","<span class=\"advgb-post-tax-term\">Colas<\/span>","<span class=\"advgb-post-tax-term\">MS \/ Polimeros hibridos<\/span>","<span class=\"advgb-post-tax-term\">Colas<\/span>"],"slug":"product_cat","name":"Categorias de produto"},"product_tag":{"linked":[],"unlinked":[],"slug":"product_tag","name":"Etiquetas de produto"},"product_shipping_class":{"linked":[],"unlinked":[],"slug":"product_shipping_class","name":"Classes de envio do produto"},"pos_product_visibility":{"linked":[],"unlinked":[],"slug":"pos_product_visibility","name":"POS Product visibility"},"pa_color":{"linked":["<a href=\"https:\/\/penosil.com\/pt\/?taxonomy=pa_color&#038;term=transparente\" class=\"advgb-post-tax-term\">Transparente<\/a>"],"unlinked":["<span class=\"advgb-post-tax-term\">Transparente<\/span>"],"slug":"pa_color","name":"Product Cor"},"pa_package":{"linked":["<a href=\"https:\/\/penosil.com\/pt\/?taxonomy=pa_package&#038;term=cartucho-290-ml\" class=\"advgb-post-tax-term\">Cartucho 290 ml<\/a>"],"unlinked":["<span class=\"advgb-post-tax-term\">Cartucho 290 ml<\/span>"],"slug":"pa_package","name":"Product Package"},"translation_priority":{"linked":["<a href=\"https:\/\/penosil.com\/pt\/?taxonomy=translation_priority&#038;term=opcional\" class=\"advgb-post-tax-term\">Opcional<\/a>"],"unlinked":["<span class=\"advgb-post-tax-term\">Opcional<\/span>"],"slug":"translation_priority","name":"Prioridades da Tradu\u00e7\u00e3o"}},"series_order":"","_links":{"self":[{"href":"https:\/\/penosil.com\/pt\/wp-json\/wp\/v2\/product\/10383","targetHints":{"allow":["GET"]}}],"collection":[{"href":"https:\/\/penosil.com\/pt\/wp-json\/wp\/v2\/product"}],"about":[{"href":"https:\/\/penosil.com\/pt\/wp-json\/wp\/v2\/types\/product"}],"version-history":[{"count":13,"href":"https:\/\/penosil.com\/pt\/wp-json\/wp\/v2\/product\/10383\/revisions"}],"predecessor-version":[{"id":12061,"href":"https:\/\/penosil.com\/pt\/wp-json\/wp\/v2\/product\/10383\/revisions\/12061"}],"wp:featuredmedia":[{"embeddable":true,"href":"https:\/\/penosil.com\/pt\/wp-json\/wp\/v2\/media\/10387"}],"wp:attachment":[{"href":"https:\/\/penosil.com\/pt\/wp-json\/wp\/v2\/media?parent=10383"}],"wp:term":[{"taxonomy":"product_brand","embeddable":true,"href":"https:\/\/penosil.com\/pt\/wp-json\/wp\/v2\/product_brand?post=10383"},{"taxonomy":"product_cat","embeddable":true,"href":"https:\/\/penosil.com\/pt\/wp-json\/wp\/v2\/product_cat?post=10383"},{"taxonomy":"product_tag","embeddable":true,"href":"https:\/\/penosil.com\/pt\/wp-json\/wp\/v2\/product_tag?post=10383"}],"curies":[{"name":"wp","href":"https:\/\/api.w.org\/{rel}","templated":true}]}}