{"id":10479,"date":"2025-05-05T13:04:26","date_gmt":"2025-05-05T13:04:26","guid":{"rendered":"https:\/\/penosil.com\/pt\/?post_type=product&#038;p=10479"},"modified":"2026-02-20T09:56:49","modified_gmt":"2026-02-20T09:56:49","slug":"silicone-neutro-vd-ig-40-selante-vidro-duplo","status":"publish","type":"product","link":"https:\/\/penosil.com\/pt\/produto\/silicone-neutro-vd-ig-40-selante-vidro-duplo\/","title":{"rendered":"Silicone Neutro VD IG-40"},"content":{"rendered":"<p>Silicone neutro monocomponente, de cura r\u00e1pida, especialmente formulado como selante de segunda barreira para a fabrica\u00e7\u00e3o de vidros duplos.<\/p>\n","protected":false},"excerpt":{"rendered":"Silicone neutro monocomponente, de cura r\u00e1pida, especialmente formulado como selante de segunda barreira para a fabrica\u00e7\u00e3o de vidros duplos.","protected":false},"author":198,"featured_media":10501,"template":"","meta":{"_acf_changed":false,"advgb_blocks_editor_width":"","advgb_blocks_columns_visual_guide":"","footnotes":""},"product_brand":[],"product_cat":[2290,2294,1369,1611,1647],"product_tag":[],"class_list":{"0":"post-10479","1":"product","2":"type-product","3":"status-publish","4":"has-post-thumbnail","6":"product_cat-areas-de-aplicacao","7":"product_cat-janelas-e-portas-2","8":"product_cat-grupos-de-produtos","9":"product_cat-selantes","10":"product_cat-silicones","12":"first","13":"instock","14":"taxable","15":"shipping-taxable","16":"purchasable","17":"product-type-simple"},"acf":[],"yoast_head":"<!-- This site is optimized with the Yoast SEO plugin v27.4 - https:\/\/yoast.com\/product\/yoast-seo-wordpress\/ -->\n<title>PENOSIL Silicone Neutro VD IG-40 - Selante Vidro Duplo<\/title>\n<meta name=\"description\" content=\"Selante Vidro Duplo. Silicone neutro de cura r\u00e1pida, especialmente formulado como selante de segunda barreira para a fabrica\u00e7\u00e3o de vidros duplos.\" \/>\n<meta name=\"robots\" content=\"index, follow, max-snippet:-1, max-image-preview:large, max-video-preview:-1\" \/>\n<link rel=\"canonical\" href=\"https:\/\/penosil.com\/pt\/produto\/silicone-neutro-vd-ig-40-selante-vidro-duplo\/\" \/>\n<meta property=\"og:locale\" content=\"pt_PT\" \/>\n<meta property=\"og:type\" content=\"article\" \/>\n<meta property=\"og:title\" content=\"PENOSIL Silicone Neutro VD IG-40 - Selante Vidro Duplo\" \/>\n<meta property=\"og:description\" content=\"Selante Vidro Duplo. Silicone neutro de cura r\u00e1pida, especialmente formulado como selante de segunda barreira para a fabrica\u00e7\u00e3o de vidros duplos.\" \/>\n<meta property=\"og:url\" content=\"https:\/\/penosil.com\/pt\/produto\/silicone-neutro-vd-ig-40-selante-vidro-duplo\/\" \/>\n<meta property=\"og:site_name\" content=\"Penosil Portugal\" \/>\n<meta property=\"article:modified_time\" content=\"2026-02-20T09:56:49+00:00\" \/>\n<meta property=\"og:image\" content=\"https:\/\/penosil.com\/pt\/wp-content\/uploads\/sites\/10\/2025\/05\/Penosil-IG-40-Silicone-Neutro-VD-Selante-Vidro-Duplo-Tambor.png\" \/>\n\t<meta property=\"og:image:width\" content=\"640\" \/>\n\t<meta property=\"og:image:height\" content=\"864\" \/>\n\t<meta property=\"og:image:type\" content=\"image\/png\" \/>\n<meta name=\"twitter:card\" content=\"summary_large_image\" \/>\n<meta name=\"twitter:label1\" content=\"Tempo estimado de leitura\" \/>\n\t<meta name=\"twitter:data1\" content=\"5 minutos\" \/>\n<script type=\"application\/ld+json\" class=\"yoast-schema-graph\">{\"@context\":\"https:\\\/\\\/schema.org\",\"@graph\":[{\"@type\":\"WebPage\",\"@id\":\"https:\\\/\\\/penosil.com\\\/pt\\\/produto\\\/silicone-neutro-vd-ig-40-selante-vidro-duplo\\\/\",\"url\":\"https:\\\/\\\/penosil.com\\\/pt\\\/produto\\\/silicone-neutro-vd-ig-40-selante-vidro-duplo\\\/\",\"name\":\"PENOSIL Silicone Neutro VD IG-40 - Selante Vidro Duplo\",\"isPartOf\":{\"@id\":\"https:\\\/\\\/penosil.com\\\/pt\\\/#website\"},\"primaryImageOfPage\":{\"@id\":\"https:\\\/\\\/penosil.com\\\/pt\\\/produto\\\/silicone-neutro-vd-ig-40-selante-vidro-duplo\\\/#primaryimage\"},\"image\":{\"@id\":\"https:\\\/\\\/penosil.com\\\/pt\\\/produto\\\/silicone-neutro-vd-ig-40-selante-vidro-duplo\\\/#primaryimage\"},\"thumbnailUrl\":\"https:\\\/\\\/penosil.com\\\/pt\\\/wp-content\\\/uploads\\\/sites\\\/10\\\/2025\\\/05\\\/Penosil-IG-40-Silicone-Neutro-VD-Selante-Vidro-Duplo-Tambor.png\",\"datePublished\":\"2025-05-05T13:04:26+00:00\",\"dateModified\":\"2026-02-20T09:56:49+00:00\",\"description\":\"Selante Vidro Duplo. Silicone neutro de cura r\u00e1pida, especialmente formulado como selante de segunda barreira para a fabrica\u00e7\u00e3o de vidros duplos.\",\"breadcrumb\":{\"@id\":\"https:\\\/\\\/penosil.com\\\/pt\\\/produto\\\/silicone-neutro-vd-ig-40-selante-vidro-duplo\\\/#breadcrumb\"},\"inLanguage\":\"pt-PT\",\"potentialAction\":[{\"@type\":\"ReadAction\",\"target\":[\"https:\\\/\\\/penosil.com\\\/pt\\\/produto\\\/silicone-neutro-vd-ig-40-selante-vidro-duplo\\\/\"]}]},{\"@type\":\"ImageObject\",\"inLanguage\":\"pt-PT\",\"@id\":\"https:\\\/\\\/penosil.com\\\/pt\\\/produto\\\/silicone-neutro-vd-ig-40-selante-vidro-duplo\\\/#primaryimage\",\"url\":\"https:\\\/\\\/penosil.com\\\/pt\\\/wp-content\\\/uploads\\\/sites\\\/10\\\/2025\\\/05\\\/Penosil-IG-40-Silicone-Neutro-VD-Selante-Vidro-Duplo-Tambor.png\",\"contentUrl\":\"https:\\\/\\\/penosil.com\\\/pt\\\/wp-content\\\/uploads\\\/sites\\\/10\\\/2025\\\/05\\\/Penosil-IG-40-Silicone-Neutro-VD-Selante-Vidro-Duplo-Tambor.png\",\"width\":640,\"height\":864,\"caption\":\"Selante Vidro Duplo Penosil IG-40 Silicone Neutro VD\"},{\"@type\":\"BreadcrumbList\",\"@id\":\"https:\\\/\\\/penosil.com\\\/pt\\\/produto\\\/silicone-neutro-vd-ig-40-selante-vidro-duplo\\\/#breadcrumb\",\"itemListElement\":[{\"@type\":\"ListItem\",\"position\":1,\"name\":\"Home\",\"item\":\"https:\\\/\\\/penosil.com\\\/pt\\\/\"},{\"@type\":\"ListItem\",\"position\":2,\"name\":\"Produtos\",\"item\":\"https:\\\/\\\/penosil.com\\\/pt\\\/produtos\\\/\"},{\"@type\":\"ListItem\",\"position\":3,\"name\":\"Silicone Neutro VD IG-40\"}]},{\"@type\":\"WebSite\",\"@id\":\"https:\\\/\\\/penosil.com\\\/pt\\\/#website\",\"url\":\"https:\\\/\\\/penosil.com\\\/pt\\\/\",\"name\":\"Penosil Portugal\",\"description\":\"\",\"potentialAction\":[{\"@type\":\"SearchAction\",\"target\":{\"@type\":\"EntryPoint\",\"urlTemplate\":\"https:\\\/\\\/penosil.com\\\/pt\\\/?s={search_term_string}\"},\"query-input\":{\"@type\":\"PropertyValueSpecification\",\"valueRequired\":true,\"valueName\":\"search_term_string\"}}],\"inLanguage\":\"pt-PT\"}]}<\/script>\n<!-- \/ Yoast SEO plugin. -->","yoast_head_json":{"title":"PENOSIL Silicone Neutro VD IG-40 - Selante Vidro Duplo","description":"Selante Vidro Duplo. Silicone neutro de cura r\u00e1pida, especialmente formulado como selante de segunda barreira para a fabrica\u00e7\u00e3o de vidros duplos.","robots":{"index":"index","follow":"follow","max-snippet":"max-snippet:-1","max-image-preview":"max-image-preview:large","max-video-preview":"max-video-preview:-1"},"canonical":"https:\/\/penosil.com\/pt\/produto\/silicone-neutro-vd-ig-40-selante-vidro-duplo\/","og_locale":"pt_PT","og_type":"article","og_title":"PENOSIL Silicone Neutro VD IG-40 - Selante Vidro Duplo","og_description":"Selante Vidro Duplo. Silicone neutro de cura r\u00e1pida, especialmente formulado como selante de segunda barreira para a fabrica\u00e7\u00e3o de vidros duplos.","og_url":"https:\/\/penosil.com\/pt\/produto\/silicone-neutro-vd-ig-40-selante-vidro-duplo\/","og_site_name":"Penosil Portugal","article_modified_time":"2026-02-20T09:56:49+00:00","og_image":[{"width":640,"height":864,"url":"https:\/\/penosil.com\/pt\/wp-content\/uploads\/sites\/10\/2025\/05\/Penosil-IG-40-Silicone-Neutro-VD-Selante-Vidro-Duplo-Tambor.png","type":"image\/png"}],"twitter_card":"summary_large_image","twitter_misc":{"Tempo estimado de leitura":"5 minutos"},"schema":{"@context":"https:\/\/schema.org","@graph":[{"@type":"WebPage","@id":"https:\/\/penosil.com\/pt\/produto\/silicone-neutro-vd-ig-40-selante-vidro-duplo\/","url":"https:\/\/penosil.com\/pt\/produto\/silicone-neutro-vd-ig-40-selante-vidro-duplo\/","name":"PENOSIL Silicone Neutro VD IG-40 - Selante Vidro Duplo","isPartOf":{"@id":"https:\/\/penosil.com\/pt\/#website"},"primaryImageOfPage":{"@id":"https:\/\/penosil.com\/pt\/produto\/silicone-neutro-vd-ig-40-selante-vidro-duplo\/#primaryimage"},"image":{"@id":"https:\/\/penosil.com\/pt\/produto\/silicone-neutro-vd-ig-40-selante-vidro-duplo\/#primaryimage"},"thumbnailUrl":"https:\/\/penosil.com\/pt\/wp-content\/uploads\/sites\/10\/2025\/05\/Penosil-IG-40-Silicone-Neutro-VD-Selante-Vidro-Duplo-Tambor.png","datePublished":"2025-05-05T13:04:26+00:00","dateModified":"2026-02-20T09:56:49+00:00","description":"Selante Vidro Duplo. Silicone neutro de cura r\u00e1pida, especialmente formulado como selante de segunda barreira para a fabrica\u00e7\u00e3o de vidros duplos.","breadcrumb":{"@id":"https:\/\/penosil.com\/pt\/produto\/silicone-neutro-vd-ig-40-selante-vidro-duplo\/#breadcrumb"},"inLanguage":"pt-PT","potentialAction":[{"@type":"ReadAction","target":["https:\/\/penosil.com\/pt\/produto\/silicone-neutro-vd-ig-40-selante-vidro-duplo\/"]}]},{"@type":"ImageObject","inLanguage":"pt-PT","@id":"https:\/\/penosil.com\/pt\/produto\/silicone-neutro-vd-ig-40-selante-vidro-duplo\/#primaryimage","url":"https:\/\/penosil.com\/pt\/wp-content\/uploads\/sites\/10\/2025\/05\/Penosil-IG-40-Silicone-Neutro-VD-Selante-Vidro-Duplo-Tambor.png","contentUrl":"https:\/\/penosil.com\/pt\/wp-content\/uploads\/sites\/10\/2025\/05\/Penosil-IG-40-Silicone-Neutro-VD-Selante-Vidro-Duplo-Tambor.png","width":640,"height":864,"caption":"Selante Vidro Duplo Penosil IG-40 Silicone Neutro VD"},{"@type":"BreadcrumbList","@id":"https:\/\/penosil.com\/pt\/produto\/silicone-neutro-vd-ig-40-selante-vidro-duplo\/#breadcrumb","itemListElement":[{"@type":"ListItem","position":1,"name":"Home","item":"https:\/\/penosil.com\/pt\/"},{"@type":"ListItem","position":2,"name":"Produtos","item":"https:\/\/penosil.com\/pt\/produtos\/"},{"@type":"ListItem","position":3,"name":"Silicone Neutro VD IG-40"}]},{"@type":"WebSite","@id":"https:\/\/penosil.com\/pt\/#website","url":"https:\/\/penosil.com\/pt\/","name":"Penosil Portugal","description":"","potentialAction":[{"@type":"SearchAction","target":{"@type":"EntryPoint","urlTemplate":"https:\/\/penosil.com\/pt\/?s={search_term_string}"},"query-input":{"@type":"PropertyValueSpecification","valueRequired":true,"valueName":"search_term_string"}}],"inLanguage":"pt-PT"}]}},"featured_img":"https:\/\/penosil.com\/pt\/wp-content\/uploads\/sites\/10\/2025\/05\/Penosil-IG-40-Silicone-Neutro-VD-Selante-Vidro-Duplo-Tambor.png","coauthors":[],"author_meta":{"author_link":"https:\/\/penosil.com\/pt\/author\/eric\/","display_name":"eric"},"relative_dates":{"created":"Posted 12 meses ago","modified":"Updated 2 meses ago"},"absolute_dates":{"created":"Posted on 5 de Maio, 2025","modified":"Updated on 20 de Fevereiro, 2026"},"absolute_dates_time":{"created":"Posted on 5 de Maio, 2025 13:04","modified":"Updated on 20 de Fevereiro, 2026 9:56"},"featured_img_caption":"Selante Vidro Duplo Penosil IG-40 Silicone Neutro VD","tax_additional":{"product_brand":{"linked":[],"unlinked":[],"slug":"product_brand","name":"Marcas"},"product_type":{"linked":["<a href=\"https:\/\/penosil.com\/pt\/?taxonomy=product_type&#038;term=simple\" class=\"advgb-post-tax-term\">simple<\/a>"],"unlinked":["<span class=\"advgb-post-tax-term\">simple<\/span>"],"slug":"product_type","name":"Tipo de produto"},"product_visibility":{"linked":[],"unlinked":[],"slug":"product_visibility","name":"Visibilidade do produto"},"product_cat":{"linked":["<a href=\"https:\/\/penosil.com\/pt\/categoria-produto\/areas-de-aplicacao\/\" class=\"advgb-post-tax-term\">\u00c1reas de aplica\u00e7\u00e3o<\/a>","<a href=\"https:\/\/penosil.com\/pt\/categoria-produto\/areas-de-aplicacao\/janelas-e-portas-2\/\" class=\"advgb-post-tax-term\">Janelas e Portas<\/a>","<a href=\"https:\/\/penosil.com\/pt\/categoria-produto\/grupos-de-produtos\/\" class=\"advgb-post-tax-term\">Grupos de produtos<\/a>","<a href=\"https:\/\/penosil.com\/pt\/categoria-produto\/grupos-de-produtos\/selantes\/\" class=\"advgb-post-tax-term\">Selantes<\/a>","<a href=\"https:\/\/penosil.com\/pt\/en\/products\/product-groups\/sealants\/silicones\/\" class=\"advgb-post-tax-term\">Silicones<\/a>"],"unlinked":["<span class=\"advgb-post-tax-term\">\u00c1reas de aplica\u00e7\u00e3o<\/span>","<span class=\"advgb-post-tax-term\">Janelas e Portas<\/span>","<span class=\"advgb-post-tax-term\">Grupos de produtos<\/span>","<span class=\"advgb-post-tax-term\">Selantes<\/span>","<span class=\"advgb-post-tax-term\">Silicones<\/span>"],"slug":"product_cat","name":"Categorias de produto"},"product_tag":{"linked":[],"unlinked":[],"slug":"product_tag","name":"Etiquetas de produto"},"product_shipping_class":{"linked":[],"unlinked":[],"slug":"product_shipping_class","name":"Classes de envio do produto"},"pos_product_visibility":{"linked":[],"unlinked":[],"slug":"pos_product_visibility","name":"POS Product visibility"},"pa_color":{"linked":["<a href=\"https:\/\/penosil.com\/pt\/?taxonomy=pa_color&#038;term=preto\" class=\"advgb-post-tax-term\">Preto<\/a>"],"unlinked":["<span class=\"advgb-post-tax-term\">Preto<\/span>"],"slug":"pa_color","name":"Product Cor"},"pa_package":{"linked":[],"unlinked":[],"slug":"pa_package","name":"Product Package"},"translation_priority":{"linked":["<a href=\"https:\/\/penosil.com\/pt\/?taxonomy=translation_priority&#038;term=opcional\" class=\"advgb-post-tax-term\">Opcional<\/a>"],"unlinked":["<span class=\"advgb-post-tax-term\">Opcional<\/span>"],"slug":"translation_priority","name":"Prioridades da Tradu\u00e7\u00e3o"}},"series_order":"","_links":{"self":[{"href":"https:\/\/penosil.com\/pt\/wp-json\/wp\/v2\/product\/10479","targetHints":{"allow":["GET"]}}],"collection":[{"href":"https:\/\/penosil.com\/pt\/wp-json\/wp\/v2\/product"}],"about":[{"href":"https:\/\/penosil.com\/pt\/wp-json\/wp\/v2\/types\/product"}],"version-history":[{"count":8,"href":"https:\/\/penosil.com\/pt\/wp-json\/wp\/v2\/product\/10479\/revisions"}],"predecessor-version":[{"id":12096,"href":"https:\/\/penosil.com\/pt\/wp-json\/wp\/v2\/product\/10479\/revisions\/12096"}],"wp:featuredmedia":[{"embeddable":true,"href":"https:\/\/penosil.com\/pt\/wp-json\/wp\/v2\/media\/10501"}],"wp:attachment":[{"href":"https:\/\/penosil.com\/pt\/wp-json\/wp\/v2\/media?parent=10479"}],"wp:term":[{"taxonomy":"product_brand","embeddable":true,"href":"https:\/\/penosil.com\/pt\/wp-json\/wp\/v2\/product_brand?post=10479"},{"taxonomy":"product_cat","embeddable":true,"href":"https:\/\/penosil.com\/pt\/wp-json\/wp\/v2\/product_cat?post=10479"},{"taxonomy":"product_tag","embeddable":true,"href":"https:\/\/penosil.com\/pt\/wp-json\/wp\/v2\/product_tag?post=10479"}],"curies":[{"name":"wp","href":"https:\/\/api.w.org\/{rel}","templated":true}]}}