{"id":11844,"date":"2025-09-09T10:41:47","date_gmt":"2025-09-09T10:41:47","guid":{"rendered":"https:\/\/penosil.com\/pt\/?post_type=product&#038;p=11844"},"modified":"2025-09-09T11:31:01","modified_gmt":"2025-09-09T11:31:01","slug":"electrofoam-220v-espuma-instalacoes-eletricas","status":"publish","type":"product","link":"https:\/\/penosil.com\/pt\/produto\/electrofoam-220v-espuma-instalacoes-eletricas\/","title":{"rendered":"ElectroFoam 220V"},"content":{"rendered":"<p><span class=\"TextRun SCXW212868747 BCX0\" lang=\"PT-PT\" xml:lang=\"PT-PT\" data-contrast=\"none\"><span class=\"NormalTextRun SCXW212868747 BCX0\" data-ccp-charstyle=\"Strong\">Espuma de poliuretano para instala\u00e7\u00f5es el\u00e9tricas. Desenvolvida especificamente para fixar, <\/span><span class=\"NormalTextRun SCXW212868747 BCX0\" data-ccp-charstyle=\"Strong\">vedar<\/span><span class=\"NormalTextRun SCXW212868747 BCX0\" data-ccp-charstyle=\"Strong\">, insonorizar, tanto em parede<\/span><span class=\"NormalTextRun SCXW212868747 BCX0\" data-ccp-charstyle=\"Strong\">s<\/span><span class=\"NormalTextRun SCXW212868747 BCX0\" data-ccp-charstyle=\"Strong\"> como em pavimento<\/span><span class=\"NormalTextRun SCXW212868747 BCX0\" data-ccp-charstyle=\"Strong\">s<\/span><span class=\"NormalTextRun SCXW212868747 BCX0\" data-ccp-charstyle=\"Strong\">, os elementos de uma instala\u00e7\u00e3o <\/span><span class=\"NormalTextRun SCXW212868747 BCX0\" data-ccp-charstyle=\"Strong\">el\u00e9trica de forma segura e resistente, inclusive com resist\u00eancia a picos de temperaturas extremas<\/span><span class=\"NormalTextRun SCXW212868747 BCX0\" data-ccp-charstyle=\"Strong\"> provocados por fios incandescentes.<\/span><\/span><span class=\"EOP SCXW212868747 BCX0\" data-ccp-props=\"{&quot;201341983&quot;:2,&quot;335557856&quot;:16777215,&quot;335559739&quot;:240,&quot;335559740&quot;:390}\">\u00a0<\/span><\/p>\n","protected":false},"excerpt":{"rendered":"<span class=\"TextRun SCXW212868747 BCX0\" lang=\"PT-PT\" xml:lang=\"PT-PT\" data-contrast=\"none\"><span class=\"NormalTextRun SCXW212868747 BCX0\" data-ccp-charstyle=\"Strong\">Espuma de poliuretano para instala\u00e7\u00f5es el\u00e9tricas. Desenvolvida especificamente para fixar, <\/span><span class=\"NormalTextRun SCXW212868747 BCX0\" data-ccp-charstyle=\"Strong\">vedar<\/span><span class=\"NormalTextRun SCXW212868747 BCX0\" data-ccp-charstyle=\"Strong\">, insonorizar, tanto em parede<\/span><span class=\"NormalTextRun SCXW212868747 BCX0\" data-ccp-charstyle=\"Strong\">s<\/span><span class=\"NormalTextRun SCXW212868747 BCX0\" data-ccp-charstyle=\"Strong\"> como em pavimento<\/span><span class=\"NormalTextRun SCXW212868747 BCX0\" data-ccp-charstyle=\"Strong\">s<\/span><span class=\"NormalTextRun SCXW212868747 BCX0\" data-ccp-charstyle=\"Strong\">, os elementos de uma instala\u00e7\u00e3o <\/span><span class=\"NormalTextRun SCXW212868747 BCX0\" data-ccp-charstyle=\"Strong\">el\u00e9trica de forma segura e resistente, inclusive com resist\u00eancia a picos de temperaturas extremas<\/span><span class=\"NormalTextRun SCXW212868747 BCX0\" data-ccp-charstyle=\"Strong\"> provocados por fios incandescentes.<\/span><\/span>","protected":false},"author":198,"featured_media":11848,"template":"","meta":{"_acf_changed":false,"advgb_blocks_editor_width":"","advgb_blocks_columns_visual_guide":"","footnotes":""},"product_brand":[],"product_cat":[2262,2290,1369,2267,2248,2298],"product_tag":[],"class_list":{"0":"post-11844","1":"product","2":"type-product","3":"status-publish","4":"has-post-thumbnail","6":"product_cat-novos-produtos","7":"product_cat-areas-de-aplicacao","8":"product_cat-grupos-de-produtos","9":"product_cat-espumas-de-construcao","10":"product_cat-espumas-com-aplicador-easygun-2-em-1","11":"product_cat-resistencia-ao-fogo","13":"first","14":"instock","15":"taxable","16":"shipping-taxable","17":"purchasable","18":"product-type-simple"},"acf":[],"yoast_head":"<!-- This site is optimized with the Yoast SEO plugin v27.4 - https:\/\/yoast.com\/product\/yoast-seo-wordpress\/ -->\n<title>PENOSIL ElectroFoam 220V - Espuma para instala\u00e7\u00f5es el\u00e9tricas<\/title>\n<meta name=\"description\" content=\"Espuma para instala\u00e7\u00f5es el\u00e9tricas. Desenvolvida para fixa\u00e7\u00e3o e veda\u00e7\u00e3o de caixas de deriva\u00e7\u00e3o, tubos para cabos e instala\u00e7\u00f5es el\u00e9ctricas em geral.\" \/>\n<meta name=\"robots\" content=\"index, follow, max-snippet:-1, max-image-preview:large, max-video-preview:-1\" \/>\n<link rel=\"canonical\" href=\"https:\/\/penosil.com\/pt\/produto\/electrofoam-220v-espuma-instalacoes-eletricas\/\" \/>\n<meta property=\"og:locale\" content=\"pt_PT\" \/>\n<meta property=\"og:type\" content=\"article\" \/>\n<meta property=\"og:title\" content=\"PENOSIL ElectroFoam 220V - Espuma para instala\u00e7\u00f5es el\u00e9tricas\" \/>\n<meta property=\"og:description\" content=\"Espuma para instala\u00e7\u00f5es el\u00e9tricas. Desenvolvida para fixa\u00e7\u00e3o e veda\u00e7\u00e3o de caixas de deriva\u00e7\u00e3o, tubos para cabos e instala\u00e7\u00f5es el\u00e9ctricas em geral.\" \/>\n<meta property=\"og:url\" content=\"https:\/\/penosil.com\/pt\/produto\/electrofoam-220v-espuma-instalacoes-eletricas\/\" \/>\n<meta property=\"og:site_name\" content=\"Penosil Portugal\" \/>\n<meta property=\"article:modified_time\" content=\"2025-09-09T11:31:01+00:00\" \/>\n<meta property=\"og:image\" content=\"https:\/\/penosil.com\/pt\/wp-content\/uploads\/sites\/10\/2025\/09\/espuma-instalacoes-eletricas-electrofoam-220V-Penosil.png\" \/>\n\t<meta property=\"og:image:width\" content=\"523\" \/>\n\t<meta property=\"og:image:height\" content=\"1080\" \/>\n\t<meta property=\"og:image:type\" content=\"image\/png\" \/>\n<meta name=\"twitter:card\" content=\"summary_large_image\" \/>\n<meta name=\"twitter:label1\" content=\"Tempo estimado de leitura\" \/>\n\t<meta name=\"twitter:data1\" content=\"4 minutos\" \/>\n<script type=\"application\/ld+json\" class=\"yoast-schema-graph\">{\"@context\":\"https:\\\/\\\/schema.org\",\"@graph\":[{\"@type\":\"WebPage\",\"@id\":\"https:\\\/\\\/penosil.com\\\/pt\\\/produto\\\/electrofoam-220v-espuma-instalacoes-eletricas\\\/\",\"url\":\"https:\\\/\\\/penosil.com\\\/pt\\\/produto\\\/electrofoam-220v-espuma-instalacoes-eletricas\\\/\",\"name\":\"PENOSIL ElectroFoam 220V - Espuma para instala\u00e7\u00f5es el\u00e9tricas\",\"isPartOf\":{\"@id\":\"https:\\\/\\\/penosil.com\\\/pt\\\/#website\"},\"primaryImageOfPage\":{\"@id\":\"https:\\\/\\\/penosil.com\\\/pt\\\/produto\\\/electrofoam-220v-espuma-instalacoes-eletricas\\\/#primaryimage\"},\"image\":{\"@id\":\"https:\\\/\\\/penosil.com\\\/pt\\\/produto\\\/electrofoam-220v-espuma-instalacoes-eletricas\\\/#primaryimage\"},\"thumbnailUrl\":\"https:\\\/\\\/penosil.com\\\/pt\\\/wp-content\\\/uploads\\\/sites\\\/10\\\/2025\\\/09\\\/espuma-instalacoes-eletricas-electrofoam-220V-Penosil.png\",\"datePublished\":\"2025-09-09T10:41:47+00:00\",\"dateModified\":\"2025-09-09T11:31:01+00:00\",\"description\":\"Espuma para instala\u00e7\u00f5es el\u00e9tricas. Desenvolvida para fixa\u00e7\u00e3o e veda\u00e7\u00e3o de caixas de deriva\u00e7\u00e3o, tubos para cabos e instala\u00e7\u00f5es el\u00e9ctricas em geral.\",\"breadcrumb\":{\"@id\":\"https:\\\/\\\/penosil.com\\\/pt\\\/produto\\\/electrofoam-220v-espuma-instalacoes-eletricas\\\/#breadcrumb\"},\"inLanguage\":\"pt-PT\",\"potentialAction\":[{\"@type\":\"ReadAction\",\"target\":[\"https:\\\/\\\/penosil.com\\\/pt\\\/produto\\\/electrofoam-220v-espuma-instalacoes-eletricas\\\/\"]}]},{\"@type\":\"ImageObject\",\"inLanguage\":\"pt-PT\",\"@id\":\"https:\\\/\\\/penosil.com\\\/pt\\\/produto\\\/electrofoam-220v-espuma-instalacoes-eletricas\\\/#primaryimage\",\"url\":\"https:\\\/\\\/penosil.com\\\/pt\\\/wp-content\\\/uploads\\\/sites\\\/10\\\/2025\\\/09\\\/espuma-instalacoes-eletricas-electrofoam-220V-Penosil.png\",\"contentUrl\":\"https:\\\/\\\/penosil.com\\\/pt\\\/wp-content\\\/uploads\\\/sites\\\/10\\\/2025\\\/09\\\/espuma-instalacoes-eletricas-electrofoam-220V-Penosil.png\",\"width\":523,\"height\":1080,\"caption\":\"Espuma instala\u00e7\u00f5es el\u00e9tricas electrofoam 220V Penosil\"},{\"@type\":\"BreadcrumbList\",\"@id\":\"https:\\\/\\\/penosil.com\\\/pt\\\/produto\\\/electrofoam-220v-espuma-instalacoes-eletricas\\\/#breadcrumb\",\"itemListElement\":[{\"@type\":\"ListItem\",\"position\":1,\"name\":\"Home\",\"item\":\"https:\\\/\\\/penosil.com\\\/pt\\\/\"},{\"@type\":\"ListItem\",\"position\":2,\"name\":\"Produtos\",\"item\":\"https:\\\/\\\/penosil.com\\\/pt\\\/produtos\\\/\"},{\"@type\":\"ListItem\",\"position\":3,\"name\":\"ElectroFoam 220V\"}]},{\"@type\":\"WebSite\",\"@id\":\"https:\\\/\\\/penosil.com\\\/pt\\\/#website\",\"url\":\"https:\\\/\\\/penosil.com\\\/pt\\\/\",\"name\":\"Penosil Portugal\",\"description\":\"\",\"potentialAction\":[{\"@type\":\"SearchAction\",\"target\":{\"@type\":\"EntryPoint\",\"urlTemplate\":\"https:\\\/\\\/penosil.com\\\/pt\\\/?s={search_term_string}\"},\"query-input\":{\"@type\":\"PropertyValueSpecification\",\"valueRequired\":true,\"valueName\":\"search_term_string\"}}],\"inLanguage\":\"pt-PT\"}]}<\/script>\n<!-- \/ Yoast SEO plugin. -->","yoast_head_json":{"title":"PENOSIL ElectroFoam 220V - Espuma para instala\u00e7\u00f5es el\u00e9tricas","description":"Espuma para instala\u00e7\u00f5es el\u00e9tricas. Desenvolvida para fixa\u00e7\u00e3o e veda\u00e7\u00e3o de caixas de deriva\u00e7\u00e3o, tubos para cabos e instala\u00e7\u00f5es el\u00e9ctricas em geral.","robots":{"index":"index","follow":"follow","max-snippet":"max-snippet:-1","max-image-preview":"max-image-preview:large","max-video-preview":"max-video-preview:-1"},"canonical":"https:\/\/penosil.com\/pt\/produto\/electrofoam-220v-espuma-instalacoes-eletricas\/","og_locale":"pt_PT","og_type":"article","og_title":"PENOSIL ElectroFoam 220V - Espuma para instala\u00e7\u00f5es el\u00e9tricas","og_description":"Espuma para instala\u00e7\u00f5es el\u00e9tricas. Desenvolvida para fixa\u00e7\u00e3o e veda\u00e7\u00e3o de caixas de deriva\u00e7\u00e3o, tubos para cabos e instala\u00e7\u00f5es el\u00e9ctricas em geral.","og_url":"https:\/\/penosil.com\/pt\/produto\/electrofoam-220v-espuma-instalacoes-eletricas\/","og_site_name":"Penosil Portugal","article_modified_time":"2025-09-09T11:31:01+00:00","og_image":[{"width":523,"height":1080,"url":"https:\/\/penosil.com\/pt\/wp-content\/uploads\/sites\/10\/2025\/09\/espuma-instalacoes-eletricas-electrofoam-220V-Penosil.png","type":"image\/png"}],"twitter_card":"summary_large_image","twitter_misc":{"Tempo estimado de leitura":"4 minutos"},"schema":{"@context":"https:\/\/schema.org","@graph":[{"@type":"WebPage","@id":"https:\/\/penosil.com\/pt\/produto\/electrofoam-220v-espuma-instalacoes-eletricas\/","url":"https:\/\/penosil.com\/pt\/produto\/electrofoam-220v-espuma-instalacoes-eletricas\/","name":"PENOSIL ElectroFoam 220V - Espuma para instala\u00e7\u00f5es el\u00e9tricas","isPartOf":{"@id":"https:\/\/penosil.com\/pt\/#website"},"primaryImageOfPage":{"@id":"https:\/\/penosil.com\/pt\/produto\/electrofoam-220v-espuma-instalacoes-eletricas\/#primaryimage"},"image":{"@id":"https:\/\/penosil.com\/pt\/produto\/electrofoam-220v-espuma-instalacoes-eletricas\/#primaryimage"},"thumbnailUrl":"https:\/\/penosil.com\/pt\/wp-content\/uploads\/sites\/10\/2025\/09\/espuma-instalacoes-eletricas-electrofoam-220V-Penosil.png","datePublished":"2025-09-09T10:41:47+00:00","dateModified":"2025-09-09T11:31:01+00:00","description":"Espuma para instala\u00e7\u00f5es el\u00e9tricas. Desenvolvida para fixa\u00e7\u00e3o e veda\u00e7\u00e3o de caixas de deriva\u00e7\u00e3o, tubos para cabos e instala\u00e7\u00f5es el\u00e9ctricas em geral.","breadcrumb":{"@id":"https:\/\/penosil.com\/pt\/produto\/electrofoam-220v-espuma-instalacoes-eletricas\/#breadcrumb"},"inLanguage":"pt-PT","potentialAction":[{"@type":"ReadAction","target":["https:\/\/penosil.com\/pt\/produto\/electrofoam-220v-espuma-instalacoes-eletricas\/"]}]},{"@type":"ImageObject","inLanguage":"pt-PT","@id":"https:\/\/penosil.com\/pt\/produto\/electrofoam-220v-espuma-instalacoes-eletricas\/#primaryimage","url":"https:\/\/penosil.com\/pt\/wp-content\/uploads\/sites\/10\/2025\/09\/espuma-instalacoes-eletricas-electrofoam-220V-Penosil.png","contentUrl":"https:\/\/penosil.com\/pt\/wp-content\/uploads\/sites\/10\/2025\/09\/espuma-instalacoes-eletricas-electrofoam-220V-Penosil.png","width":523,"height":1080,"caption":"Espuma instala\u00e7\u00f5es el\u00e9tricas electrofoam 220V Penosil"},{"@type":"BreadcrumbList","@id":"https:\/\/penosil.com\/pt\/produto\/electrofoam-220v-espuma-instalacoes-eletricas\/#breadcrumb","itemListElement":[{"@type":"ListItem","position":1,"name":"Home","item":"https:\/\/penosil.com\/pt\/"},{"@type":"ListItem","position":2,"name":"Produtos","item":"https:\/\/penosil.com\/pt\/produtos\/"},{"@type":"ListItem","position":3,"name":"ElectroFoam 220V"}]},{"@type":"WebSite","@id":"https:\/\/penosil.com\/pt\/#website","url":"https:\/\/penosil.com\/pt\/","name":"Penosil Portugal","description":"","potentialAction":[{"@type":"SearchAction","target":{"@type":"EntryPoint","urlTemplate":"https:\/\/penosil.com\/pt\/?s={search_term_string}"},"query-input":{"@type":"PropertyValueSpecification","valueRequired":true,"valueName":"search_term_string"}}],"inLanguage":"pt-PT"}]}},"featured_img":"https:\/\/penosil.com\/pt\/wp-content\/uploads\/sites\/10\/2025\/09\/espuma-instalacoes-eletricas-electrofoam-220V-Penosil.png","coauthors":[],"author_meta":{"author_link":"https:\/\/penosil.com\/pt\/author\/eric\/","display_name":"eric"},"relative_dates":{"created":"Posted 7 meses ago","modified":"Updated 7 meses ago"},"absolute_dates":{"created":"Posted on 9 de Setembro, 2025","modified":"Updated on 9 de Setembro, 2025"},"absolute_dates_time":{"created":"Posted on 9 de Setembro, 2025 10:41","modified":"Updated on 9 de Setembro, 2025 11:31"},"featured_img_caption":"Espuma instala\u00e7\u00f5es el\u00e9tricas electrofoam 220V Penosil","tax_additional":{"product_brand":{"linked":[],"unlinked":[],"slug":"product_brand","name":"Marcas"},"product_type":{"linked":["<a href=\"https:\/\/penosil.com\/pt\/?taxonomy=product_type&#038;term=simple\" class=\"advgb-post-tax-term\">simple<\/a>"],"unlinked":["<span class=\"advgb-post-tax-term\">simple<\/span>"],"slug":"product_type","name":"Tipo de produto"},"product_visibility":{"linked":[],"unlinked":[],"slug":"product_visibility","name":"Visibilidade do produto"},"product_cat":{"linked":["<a href=\"https:\/\/penosil.com\/pt\/categoria-produto\/grupos-de-produtos\/novos-produtos\/\" class=\"advgb-post-tax-term\">Novos produtos<\/a>","<a href=\"https:\/\/penosil.com\/pt\/categoria-produto\/areas-de-aplicacao\/\" class=\"advgb-post-tax-term\">\u00c1reas de aplica\u00e7\u00e3o<\/a>","<a href=\"https:\/\/penosil.com\/pt\/categoria-produto\/grupos-de-produtos\/\" class=\"advgb-post-tax-term\">Grupos de produtos<\/a>","<a href=\"https:\/\/penosil.com\/pt\/categoria-produto\/grupos-de-produtos\/espumas-de-construcao\/\" class=\"advgb-post-tax-term\">Espumas de constru\u00e7\u00e3o<\/a>","<a href=\"https:\/\/penosil.com\/pt\/categoria-produto\/grupos-de-produtos\/espumas-de-construcao\/espumas-com-aplicador-easygun-2-em-1\/\" class=\"advgb-post-tax-term\">Espumas com aplicador EasyGun 2 em 1<\/a>","<a href=\"https:\/\/penosil.com\/pt\/categoria-produto\/areas-de-aplicacao\/resistencia-ao-fogo\/\" class=\"advgb-post-tax-term\">Resist\u00eancia ao Fogo e Alta Temperatura<\/a>"],"unlinked":["<span class=\"advgb-post-tax-term\">Novos produtos<\/span>","<span class=\"advgb-post-tax-term\">\u00c1reas de aplica\u00e7\u00e3o<\/span>","<span class=\"advgb-post-tax-term\">Grupos de produtos<\/span>","<span class=\"advgb-post-tax-term\">Espumas de constru\u00e7\u00e3o<\/span>","<span class=\"advgb-post-tax-term\">Espumas com aplicador EasyGun 2 em 1<\/span>","<span class=\"advgb-post-tax-term\">Resist\u00eancia ao Fogo e Alta Temperatura<\/span>"],"slug":"product_cat","name":"Categorias de produto"},"product_tag":{"linked":[],"unlinked":[],"slug":"product_tag","name":"Etiquetas de produto"},"product_shipping_class":{"linked":[],"unlinked":[],"slug":"product_shipping_class","name":"Classes de envio do produto"},"pos_product_visibility":{"linked":[],"unlinked":[],"slug":"pos_product_visibility","name":"POS Product visibility"},"pa_color":{"linked":["<a href=\"https:\/\/penosil.com\/pt\/?taxonomy=pa_color&#038;term=amarelo-claro\" class=\"advgb-post-tax-term\">Amarelo claro<\/a>"],"unlinked":["<span class=\"advgb-post-tax-term\">Amarelo claro<\/span>"],"slug":"pa_color","name":"Product Cor"},"pa_package":{"linked":["<a href=\"https:\/\/penosil.com\/pt\/?taxonomy=pa_package&#038;term=aerossol-750-ml\" class=\"advgb-post-tax-term\">Aerossol 750 ml<\/a>"],"unlinked":["<span class=\"advgb-post-tax-term\">Aerossol 750 ml<\/span>"],"slug":"pa_package","name":"Product Package"},"translation_priority":{"linked":["<a href=\"https:\/\/penosil.com\/pt\/?taxonomy=translation_priority&#038;term=opcional\" class=\"advgb-post-tax-term\">Opcional<\/a>"],"unlinked":["<span class=\"advgb-post-tax-term\">Opcional<\/span>"],"slug":"translation_priority","name":"Prioridades da Tradu\u00e7\u00e3o"}},"series_order":"","_links":{"self":[{"href":"https:\/\/penosil.com\/pt\/wp-json\/wp\/v2\/product\/11844","targetHints":{"allow":["GET"]}}],"collection":[{"href":"https:\/\/penosil.com\/pt\/wp-json\/wp\/v2\/product"}],"about":[{"href":"https:\/\/penosil.com\/pt\/wp-json\/wp\/v2\/types\/product"}],"version-history":[{"count":5,"href":"https:\/\/penosil.com\/pt\/wp-json\/wp\/v2\/product\/11844\/revisions"}],"predecessor-version":[{"id":11852,"href":"https:\/\/penosil.com\/pt\/wp-json\/wp\/v2\/product\/11844\/revisions\/11852"}],"wp:featuredmedia":[{"embeddable":true,"href":"https:\/\/penosil.com\/pt\/wp-json\/wp\/v2\/media\/11848"}],"wp:attachment":[{"href":"https:\/\/penosil.com\/pt\/wp-json\/wp\/v2\/media?parent=11844"}],"wp:term":[{"taxonomy":"product_brand","embeddable":true,"href":"https:\/\/penosil.com\/pt\/wp-json\/wp\/v2\/product_brand?post=11844"},{"taxonomy":"product_cat","embeddable":true,"href":"https:\/\/penosil.com\/pt\/wp-json\/wp\/v2\/product_cat?post=11844"},{"taxonomy":"product_tag","embeddable":true,"href":"https:\/\/penosil.com\/pt\/wp-json\/wp\/v2\/product_tag?post=11844"}],"curies":[{"name":"wp","href":"https:\/\/api.w.org\/{rel}","templated":true}]}}