{"id":11858,"date":"2025-10-17T07:05:55","date_gmt":"2025-10-17T07:05:55","guid":{"rendered":"https:\/\/penosil.com\/pt\/?post_type=product&#038;p=11858"},"modified":"2025-10-17T11:55:37","modified_gmt":"2025-10-17T11:55:37","slug":"easypega-878-espuma-adesiva-multiusos","status":"publish","type":"product","link":"https:\/\/penosil.com\/pt\/produto\/easypega-878-espuma-adesiva-multiusos\/","title":{"rendered":"EasyPega 878"},"content":{"rendered":"<p>Espuma adesiva multiusos com aplicador EasyGun, ideal para a fixa\u00e7\u00e3o de placas de gesso, pain\u00e9is de isolamento, parapeitos de janelas e pain\u00e9is de acabamento interior. Aprovado para sistemas de ETICS. A fixa\u00e7\u00e3o destes materiais n\u00e3o necessita trabalhos adicionais.<\/p>\n<p>&nbsp;<\/p>\n<p>&nbsp;<\/p>\n","protected":false},"excerpt":{"rendered":"Espuma adesiva multiusos com aplicador EasyGun, ideal para a fixa\u00e7\u00e3o de placas de gesso, pain\u00e9is de isolamento, parapeitos de janelas e pain\u00e9is de acabamento interior. Aprovado para sistemas de ETICS. A fixa\u00e7\u00e3o destes materiais n\u00e3o necessita trabalhos adicionais.","protected":false},"author":198,"featured_media":11872,"template":"","meta":{"_acf_changed":false,"advgb_blocks_editor_width":"","advgb_blocks_columns_visual_guide":"","footnotes":""},"product_brand":[],"product_cat":[2249,2262,2290,1369,1390,2296],"product_tag":[],"class_list":{"0":"post-11858","1":"product","2":"type-product","3":"status-publish","4":"has-post-thumbnail","6":"product_cat-adesivos-de-espuma","7":"product_cat-novos-produtos","8":"product_cat-areas-de-aplicacao","9":"product_cat-grupos-de-produtos","10":"product_cat-adesivos","11":"product_cat-colas","13":"first","14":"instock","15":"taxable","16":"shipping-taxable","17":"purchasable","18":"product-type-simple"},"acf":[],"yoast_head":"<!-- This site is optimized with the Yoast SEO plugin v27.4 - https:\/\/yoast.com\/product\/yoast-seo-wordpress\/ -->\n<title>PENOSIL EasyPega 878 - Espuma adesiva multiusos<\/title>\n<meta name=\"description\" content=\"Espuma adesiva multiusos ideal para fixa\u00e7\u00e3o r\u00e1pida de placas, pain\u00e9is e parapeitos. Excelente ader\u00eancia e isolamento t\u00e9rmico. Aprovado para sistemas ETICS.\" \/>\n<meta name=\"robots\" content=\"index, follow, max-snippet:-1, max-image-preview:large, max-video-preview:-1\" \/>\n<link rel=\"canonical\" href=\"https:\/\/penosil.com\/pt\/produto\/easypega-878-espuma-adesiva-multiusos\/\" \/>\n<meta property=\"og:locale\" content=\"pt_PT\" \/>\n<meta property=\"og:type\" content=\"article\" \/>\n<meta property=\"og:title\" content=\"PENOSIL EasyPega 878 - Espuma adesiva multiusos\" \/>\n<meta property=\"og:description\" content=\"Espuma adesiva multiusos ideal para fixa\u00e7\u00e3o r\u00e1pida de placas, pain\u00e9is e parapeitos. Excelente ader\u00eancia e isolamento t\u00e9rmico. Aprovado para sistemas ETICS.\" \/>\n<meta property=\"og:url\" content=\"https:\/\/penosil.com\/pt\/produto\/easypega-878-espuma-adesiva-multiusos\/\" \/>\n<meta property=\"og:site_name\" content=\"Penosil Portugal\" \/>\n<meta property=\"article:modified_time\" content=\"2025-10-17T11:55:37+00:00\" \/>\n<meta property=\"og:image\" content=\"https:\/\/penosil.com\/pt\/wp-content\/uploads\/sites\/10\/2025\/10\/Espuma-adesiva-multiusos-EasyPega-878-Penosil.png\" \/>\n\t<meta property=\"og:image:width\" content=\"523\" \/>\n\t<meta property=\"og:image:height\" content=\"1080\" \/>\n\t<meta property=\"og:image:type\" content=\"image\/png\" \/>\n<meta name=\"twitter:card\" content=\"summary_large_image\" \/>\n<meta name=\"twitter:label1\" content=\"Tempo estimado de leitura\" \/>\n\t<meta name=\"twitter:data1\" content=\"4 minutos\" \/>\n<script type=\"application\/ld+json\" class=\"yoast-schema-graph\">{\"@context\":\"https:\\\/\\\/schema.org\",\"@graph\":[{\"@type\":\"WebPage\",\"@id\":\"https:\\\/\\\/penosil.com\\\/pt\\\/produto\\\/easypega-878-espuma-adesiva-multiusos\\\/\",\"url\":\"https:\\\/\\\/penosil.com\\\/pt\\\/produto\\\/easypega-878-espuma-adesiva-multiusos\\\/\",\"name\":\"PENOSIL EasyPega 878 - Espuma adesiva multiusos\",\"isPartOf\":{\"@id\":\"https:\\\/\\\/penosil.com\\\/pt\\\/#website\"},\"primaryImageOfPage\":{\"@id\":\"https:\\\/\\\/penosil.com\\\/pt\\\/produto\\\/easypega-878-espuma-adesiva-multiusos\\\/#primaryimage\"},\"image\":{\"@id\":\"https:\\\/\\\/penosil.com\\\/pt\\\/produto\\\/easypega-878-espuma-adesiva-multiusos\\\/#primaryimage\"},\"thumbnailUrl\":\"https:\\\/\\\/penosil.com\\\/pt\\\/wp-content\\\/uploads\\\/sites\\\/10\\\/2025\\\/10\\\/Espuma-adesiva-multiusos-EasyPega-878-Penosil.png\",\"datePublished\":\"2025-10-17T07:05:55+00:00\",\"dateModified\":\"2025-10-17T11:55:37+00:00\",\"description\":\"Espuma adesiva multiusos ideal para fixa\u00e7\u00e3o r\u00e1pida de placas, pain\u00e9is e parapeitos. Excelente ader\u00eancia e isolamento t\u00e9rmico. Aprovado para sistemas ETICS.\",\"breadcrumb\":{\"@id\":\"https:\\\/\\\/penosil.com\\\/pt\\\/produto\\\/easypega-878-espuma-adesiva-multiusos\\\/#breadcrumb\"},\"inLanguage\":\"pt-PT\",\"potentialAction\":[{\"@type\":\"ReadAction\",\"target\":[\"https:\\\/\\\/penosil.com\\\/pt\\\/produto\\\/easypega-878-espuma-adesiva-multiusos\\\/\"]}]},{\"@type\":\"ImageObject\",\"inLanguage\":\"pt-PT\",\"@id\":\"https:\\\/\\\/penosil.com\\\/pt\\\/produto\\\/easypega-878-espuma-adesiva-multiusos\\\/#primaryimage\",\"url\":\"https:\\\/\\\/penosil.com\\\/pt\\\/wp-content\\\/uploads\\\/sites\\\/10\\\/2025\\\/10\\\/Espuma-adesiva-multiusos-EasyPega-878-Penosil.png\",\"contentUrl\":\"https:\\\/\\\/penosil.com\\\/pt\\\/wp-content\\\/uploads\\\/sites\\\/10\\\/2025\\\/10\\\/Espuma-adesiva-multiusos-EasyPega-878-Penosil.png\",\"width\":523,\"height\":1080,\"caption\":\"Espuma Adesiva Multiusos EasyPega 878 Penosil\"},{\"@type\":\"BreadcrumbList\",\"@id\":\"https:\\\/\\\/penosil.com\\\/pt\\\/produto\\\/easypega-878-espuma-adesiva-multiusos\\\/#breadcrumb\",\"itemListElement\":[{\"@type\":\"ListItem\",\"position\":1,\"name\":\"Home\",\"item\":\"https:\\\/\\\/penosil.com\\\/pt\\\/\"},{\"@type\":\"ListItem\",\"position\":2,\"name\":\"Produtos\",\"item\":\"https:\\\/\\\/penosil.com\\\/pt\\\/produtos\\\/\"},{\"@type\":\"ListItem\",\"position\":3,\"name\":\"EasyPega 878\"}]},{\"@type\":\"WebSite\",\"@id\":\"https:\\\/\\\/penosil.com\\\/pt\\\/#website\",\"url\":\"https:\\\/\\\/penosil.com\\\/pt\\\/\",\"name\":\"Penosil Portugal\",\"description\":\"\",\"potentialAction\":[{\"@type\":\"SearchAction\",\"target\":{\"@type\":\"EntryPoint\",\"urlTemplate\":\"https:\\\/\\\/penosil.com\\\/pt\\\/?s={search_term_string}\"},\"query-input\":{\"@type\":\"PropertyValueSpecification\",\"valueRequired\":true,\"valueName\":\"search_term_string\"}}],\"inLanguage\":\"pt-PT\"}]}<\/script>\n<!-- \/ Yoast SEO plugin. -->","yoast_head_json":{"title":"PENOSIL EasyPega 878 - Espuma adesiva multiusos","description":"Espuma adesiva multiusos ideal para fixa\u00e7\u00e3o r\u00e1pida de placas, pain\u00e9is e parapeitos. Excelente ader\u00eancia e isolamento t\u00e9rmico. Aprovado para sistemas ETICS.","robots":{"index":"index","follow":"follow","max-snippet":"max-snippet:-1","max-image-preview":"max-image-preview:large","max-video-preview":"max-video-preview:-1"},"canonical":"https:\/\/penosil.com\/pt\/produto\/easypega-878-espuma-adesiva-multiusos\/","og_locale":"pt_PT","og_type":"article","og_title":"PENOSIL EasyPega 878 - Espuma adesiva multiusos","og_description":"Espuma adesiva multiusos ideal para fixa\u00e7\u00e3o r\u00e1pida de placas, pain\u00e9is e parapeitos. Excelente ader\u00eancia e isolamento t\u00e9rmico. Aprovado para sistemas ETICS.","og_url":"https:\/\/penosil.com\/pt\/produto\/easypega-878-espuma-adesiva-multiusos\/","og_site_name":"Penosil Portugal","article_modified_time":"2025-10-17T11:55:37+00:00","og_image":[{"width":523,"height":1080,"url":"https:\/\/penosil.com\/pt\/wp-content\/uploads\/sites\/10\/2025\/10\/Espuma-adesiva-multiusos-EasyPega-878-Penosil.png","type":"image\/png"}],"twitter_card":"summary_large_image","twitter_misc":{"Tempo estimado de leitura":"4 minutos"},"schema":{"@context":"https:\/\/schema.org","@graph":[{"@type":"WebPage","@id":"https:\/\/penosil.com\/pt\/produto\/easypega-878-espuma-adesiva-multiusos\/","url":"https:\/\/penosil.com\/pt\/produto\/easypega-878-espuma-adesiva-multiusos\/","name":"PENOSIL EasyPega 878 - Espuma adesiva multiusos","isPartOf":{"@id":"https:\/\/penosil.com\/pt\/#website"},"primaryImageOfPage":{"@id":"https:\/\/penosil.com\/pt\/produto\/easypega-878-espuma-adesiva-multiusos\/#primaryimage"},"image":{"@id":"https:\/\/penosil.com\/pt\/produto\/easypega-878-espuma-adesiva-multiusos\/#primaryimage"},"thumbnailUrl":"https:\/\/penosil.com\/pt\/wp-content\/uploads\/sites\/10\/2025\/10\/Espuma-adesiva-multiusos-EasyPega-878-Penosil.png","datePublished":"2025-10-17T07:05:55+00:00","dateModified":"2025-10-17T11:55:37+00:00","description":"Espuma adesiva multiusos ideal para fixa\u00e7\u00e3o r\u00e1pida de placas, pain\u00e9is e parapeitos. Excelente ader\u00eancia e isolamento t\u00e9rmico. Aprovado para sistemas ETICS.","breadcrumb":{"@id":"https:\/\/penosil.com\/pt\/produto\/easypega-878-espuma-adesiva-multiusos\/#breadcrumb"},"inLanguage":"pt-PT","potentialAction":[{"@type":"ReadAction","target":["https:\/\/penosil.com\/pt\/produto\/easypega-878-espuma-adesiva-multiusos\/"]}]},{"@type":"ImageObject","inLanguage":"pt-PT","@id":"https:\/\/penosil.com\/pt\/produto\/easypega-878-espuma-adesiva-multiusos\/#primaryimage","url":"https:\/\/penosil.com\/pt\/wp-content\/uploads\/sites\/10\/2025\/10\/Espuma-adesiva-multiusos-EasyPega-878-Penosil.png","contentUrl":"https:\/\/penosil.com\/pt\/wp-content\/uploads\/sites\/10\/2025\/10\/Espuma-adesiva-multiusos-EasyPega-878-Penosil.png","width":523,"height":1080,"caption":"Espuma Adesiva Multiusos EasyPega 878 Penosil"},{"@type":"BreadcrumbList","@id":"https:\/\/penosil.com\/pt\/produto\/easypega-878-espuma-adesiva-multiusos\/#breadcrumb","itemListElement":[{"@type":"ListItem","position":1,"name":"Home","item":"https:\/\/penosil.com\/pt\/"},{"@type":"ListItem","position":2,"name":"Produtos","item":"https:\/\/penosil.com\/pt\/produtos\/"},{"@type":"ListItem","position":3,"name":"EasyPega 878"}]},{"@type":"WebSite","@id":"https:\/\/penosil.com\/pt\/#website","url":"https:\/\/penosil.com\/pt\/","name":"Penosil Portugal","description":"","potentialAction":[{"@type":"SearchAction","target":{"@type":"EntryPoint","urlTemplate":"https:\/\/penosil.com\/pt\/?s={search_term_string}"},"query-input":{"@type":"PropertyValueSpecification","valueRequired":true,"valueName":"search_term_string"}}],"inLanguage":"pt-PT"}]}},"featured_img":"https:\/\/penosil.com\/pt\/wp-content\/uploads\/sites\/10\/2025\/10\/Espuma-adesiva-multiusos-EasyPega-878-Penosil.png","coauthors":[],"author_meta":{"author_link":"https:\/\/penosil.com\/pt\/author\/eric\/","display_name":"eric"},"relative_dates":{"created":"Posted 6 meses ago","modified":"Updated 6 meses ago"},"absolute_dates":{"created":"Posted on 17 de Outubro, 2025","modified":"Updated on 17 de Outubro, 2025"},"absolute_dates_time":{"created":"Posted on 17 de Outubro, 2025 7:05","modified":"Updated on 17 de Outubro, 2025 11:55"},"featured_img_caption":"","tax_additional":{"product_brand":{"linked":[],"unlinked":[],"slug":"product_brand","name":"Marcas"},"product_type":{"linked":["<a href=\"https:\/\/penosil.com\/pt\/?taxonomy=product_type&#038;term=simple\" class=\"advgb-post-tax-term\">simple<\/a>"],"unlinked":["<span class=\"advgb-post-tax-term\">simple<\/span>"],"slug":"product_type","name":"Tipo de produto"},"product_visibility":{"linked":[],"unlinked":[],"slug":"product_visibility","name":"Visibilidade do produto"},"product_cat":{"linked":["<a href=\"https:\/\/penosil.com\/pt\/categoria-produto\/grupos-de-produtos\/adesivos\/adesivos-de-espuma\/\" class=\"advgb-post-tax-term\">Adesivos de espuma<\/a>","<a href=\"https:\/\/penosil.com\/pt\/categoria-produto\/grupos-de-produtos\/novos-produtos\/\" class=\"advgb-post-tax-term\">Novos produtos<\/a>","<a href=\"https:\/\/penosil.com\/pt\/categoria-produto\/areas-de-aplicacao\/\" class=\"advgb-post-tax-term\">\u00c1reas de aplica\u00e7\u00e3o<\/a>","<a href=\"https:\/\/penosil.com\/pt\/categoria-produto\/grupos-de-produtos\/\" class=\"advgb-post-tax-term\">Grupos de produtos<\/a>","<a href=\"https:\/\/penosil.com\/pt\/categoria-produto\/grupos-de-produtos\/adesivos\/\" class=\"advgb-post-tax-term\">Colas<\/a>","<a href=\"https:\/\/penosil.com\/pt\/categoria-produto\/areas-de-aplicacao\/colas\/\" class=\"advgb-post-tax-term\">Colas<\/a>"],"unlinked":["<span class=\"advgb-post-tax-term\">Adesivos de espuma<\/span>","<span class=\"advgb-post-tax-term\">Novos produtos<\/span>","<span class=\"advgb-post-tax-term\">\u00c1reas de aplica\u00e7\u00e3o<\/span>","<span class=\"advgb-post-tax-term\">Grupos de produtos<\/span>","<span class=\"advgb-post-tax-term\">Colas<\/span>","<span class=\"advgb-post-tax-term\">Colas<\/span>"],"slug":"product_cat","name":"Categorias de produto"},"product_tag":{"linked":[],"unlinked":[],"slug":"product_tag","name":"Etiquetas de produto"},"product_shipping_class":{"linked":[],"unlinked":[],"slug":"product_shipping_class","name":"Classes de envio do produto"},"pos_product_visibility":{"linked":[],"unlinked":[],"slug":"pos_product_visibility","name":"POS Product visibility"},"pa_color":{"linked":["<a href=\"https:\/\/penosil.com\/pt\/?taxonomy=pa_color&#038;term=cinzento\" class=\"advgb-post-tax-term\">Cinzento<\/a>"],"unlinked":["<span class=\"advgb-post-tax-term\">Cinzento<\/span>"],"slug":"pa_color","name":"Product Cor"},"pa_package":{"linked":["<a href=\"https:\/\/penosil.com\/pt\/?taxonomy=pa_package&#038;term=aerossol-750-ml\" class=\"advgb-post-tax-term\">Aerossol 750 ml<\/a>"],"unlinked":["<span class=\"advgb-post-tax-term\">Aerossol 750 ml<\/span>"],"slug":"pa_package","name":"Product Package"},"translation_priority":{"linked":["<a href=\"https:\/\/penosil.com\/pt\/?taxonomy=translation_priority&#038;term=opcional\" class=\"advgb-post-tax-term\">Opcional<\/a>"],"unlinked":["<span class=\"advgb-post-tax-term\">Opcional<\/span>"],"slug":"translation_priority","name":"Prioridades da Tradu\u00e7\u00e3o"}},"series_order":"","_links":{"self":[{"href":"https:\/\/penosil.com\/pt\/wp-json\/wp\/v2\/product\/11858","targetHints":{"allow":["GET"]}}],"collection":[{"href":"https:\/\/penosil.com\/pt\/wp-json\/wp\/v2\/product"}],"about":[{"href":"https:\/\/penosil.com\/pt\/wp-json\/wp\/v2\/types\/product"}],"version-history":[{"count":23,"href":"https:\/\/penosil.com\/pt\/wp-json\/wp\/v2\/product\/11858\/revisions"}],"predecessor-version":[{"id":11897,"href":"https:\/\/penosil.com\/pt\/wp-json\/wp\/v2\/product\/11858\/revisions\/11897"}],"wp:featuredmedia":[{"embeddable":true,"href":"https:\/\/penosil.com\/pt\/wp-json\/wp\/v2\/media\/11872"}],"wp:attachment":[{"href":"https:\/\/penosil.com\/pt\/wp-json\/wp\/v2\/media?parent=11858"}],"wp:term":[{"taxonomy":"product_brand","embeddable":true,"href":"https:\/\/penosil.com\/pt\/wp-json\/wp\/v2\/product_brand?post=11858"},{"taxonomy":"product_cat","embeddable":true,"href":"https:\/\/penosil.com\/pt\/wp-json\/wp\/v2\/product_cat?post=11858"},{"taxonomy":"product_tag","embeddable":true,"href":"https:\/\/penosil.com\/pt\/wp-json\/wp\/v2\/product_tag?post=11858"}],"curies":[{"name":"wp","href":"https:\/\/api.w.org\/{rel}","templated":true}]}}