{"id":11942,"date":"2025-10-27T12:28:53","date_gmt":"2025-10-27T12:28:53","guid":{"rendered":"https:\/\/penosil.com\/pt\/?post_type=product&#038;p=11942"},"modified":"2026-02-19T10:41:22","modified_gmt":"2026-02-19T10:41:22","slug":"prego-liquido-931-cola-montagem","status":"publish","type":"product","link":"https:\/\/penosil.com\/pt\/produto\/prego-liquido-931-cola-montagem\/","title":{"rendered":"Prego L\u00edquido 931"},"content":{"rendered":"<p>Cola montagem de colagem direta, agarre imediato, com capacidade de enchimento e secagem r\u00e1pida. Ideal para constru\u00e7\u00e3o, decora\u00e7\u00e3o e bricolagem.<\/p>\n","protected":false},"excerpt":{"rendered":"Cola de montagem de colagem direta, agarre imediato, com capacidade de enchimento e secagem r\u00e1pida. Ideal para constru\u00e7\u00e3o, decora\u00e7\u00e3o e bricolagem.","protected":false},"author":198,"featured_media":11939,"template":"","meta":{"_acf_changed":false,"advgb_blocks_editor_width":"","advgb_blocks_columns_visual_guide":"","footnotes":""},"product_brand":[],"product_cat":[2290,1369,1390,2296],"product_tag":[],"class_list":{"0":"post-11942","1":"product","2":"type-product","3":"status-publish","4":"has-post-thumbnail","6":"product_cat-areas-de-aplicacao","7":"product_cat-grupos-de-produtos","8":"product_cat-adesivos","9":"product_cat-colas","11":"first","12":"instock","13":"purchasable","14":"product-type-simple"},"acf":[],"yoast_head":"<!-- This site is optimized with the Yoast SEO plugin v27.2 - https:\/\/yoast.com\/product\/yoast-seo-wordpress\/ -->\n<title>PENOSIL Prego L\u00edquido 931 - Cola montagem<\/title>\n<meta name=\"description\" content=\"PENOSIL Prego L\u00edquido 931 Cola Montagem. Enchimento e Colagem direta e agarre imediato extra forte sem pregos, para constru\u00e7\u00e3o, decora\u00e7\u00e3o e bricolagem.\" \/>\n<meta name=\"robots\" content=\"index, follow, max-snippet:-1, max-image-preview:large, max-video-preview:-1\" \/>\n<link rel=\"canonical\" href=\"https:\/\/penosil.com\/pt\/produto\/prego-liquido-931-cola-montagem\/\" \/>\n<meta property=\"og:locale\" content=\"pt_PT\" \/>\n<meta property=\"og:type\" content=\"article\" \/>\n<meta property=\"og:title\" content=\"PENOSIL Prego L\u00edquido 931 - Cola montagem\" \/>\n<meta property=\"og:description\" content=\"PENOSIL Prego L\u00edquido 931 Cola Montagem. Enchimento e Colagem direta e agarre imediato extra forte sem pregos, para constru\u00e7\u00e3o, decora\u00e7\u00e3o e bricolagem.\" \/>\n<meta property=\"og:url\" content=\"https:\/\/penosil.com\/pt\/produto\/prego-liquido-931-cola-montagem\/\" \/>\n<meta property=\"og:site_name\" content=\"Penosil Portugal\" \/>\n<meta property=\"article:modified_time\" content=\"2026-02-19T10:41:22+00:00\" \/>\n<meta property=\"og:image\" content=\"https:\/\/penosil.com\/pt\/wp-content\/uploads\/sites\/10\/2022\/12\/Cola-rapida-montagem-PENOSIL-A-31-Prego-Liquido-.png\" \/>\n\t<meta property=\"og:image:width\" content=\"387\" \/>\n\t<meta property=\"og:image:height\" content=\"1080\" \/>\n\t<meta property=\"og:image:type\" content=\"image\/png\" \/>\n<meta name=\"twitter:card\" content=\"summary_large_image\" \/>\n<meta name=\"twitter:label1\" content=\"Tempo estimado de leitura\" \/>\n\t<meta name=\"twitter:data1\" content=\"4 minutos\" \/>\n<script type=\"application\/ld+json\" class=\"yoast-schema-graph\">{\"@context\":\"https:\/\/schema.org\",\"@graph\":[{\"@type\":\"WebPage\",\"@id\":\"https:\/\/penosil.com\/pt\/produto\/prego-liquido-931-cola-montagem\/\",\"url\":\"https:\/\/penosil.com\/pt\/produto\/prego-liquido-931-cola-montagem\/\",\"name\":\"PENOSIL Prego L\u00edquido 931 - Cola montagem\",\"isPartOf\":{\"@id\":\"https:\/\/penosil.com\/pt\/#website\"},\"primaryImageOfPage\":{\"@id\":\"https:\/\/penosil.com\/pt\/produto\/prego-liquido-931-cola-montagem\/#primaryimage\"},\"image\":{\"@id\":\"https:\/\/penosil.com\/pt\/produto\/prego-liquido-931-cola-montagem\/#primaryimage\"},\"thumbnailUrl\":\"https:\/\/penosil.com\/pt\/wp-content\/uploads\/sites\/10\/2022\/12\/Cola-rapida-montagem-PENOSIL-A-31-Prego-Liquido-.png\",\"datePublished\":\"2025-10-27T12:28:53+00:00\",\"dateModified\":\"2026-02-19T10:41:22+00:00\",\"description\":\"PENOSIL Prego L\u00edquido 931 Cola Montagem. Enchimento e Colagem direta e agarre imediato extra forte sem pregos, para constru\u00e7\u00e3o, decora\u00e7\u00e3o e bricolagem.\",\"breadcrumb\":{\"@id\":\"https:\/\/penosil.com\/pt\/produto\/prego-liquido-931-cola-montagem\/#breadcrumb\"},\"inLanguage\":\"pt-PT\",\"potentialAction\":[{\"@type\":\"ReadAction\",\"target\":[\"https:\/\/penosil.com\/pt\/produto\/prego-liquido-931-cola-montagem\/\"]}]},{\"@type\":\"ImageObject\",\"inLanguage\":\"pt-PT\",\"@id\":\"https:\/\/penosil.com\/pt\/produto\/prego-liquido-931-cola-montagem\/#primaryimage\",\"url\":\"https:\/\/penosil.com\/pt\/wp-content\/uploads\/sites\/10\/2022\/12\/Cola-rapida-montagem-PENOSIL-A-31-Prego-Liquido-.png\",\"contentUrl\":\"https:\/\/penosil.com\/pt\/wp-content\/uploads\/sites\/10\/2022\/12\/Cola-rapida-montagem-PENOSIL-A-31-Prego-Liquido-.png\",\"width\":387,\"height\":1080,\"caption\":\"Cola montagem - PENOSIL A-31 - Prego L\u00edquido\"},{\"@type\":\"BreadcrumbList\",\"@id\":\"https:\/\/penosil.com\/pt\/produto\/prego-liquido-931-cola-montagem\/#breadcrumb\",\"itemListElement\":[{\"@type\":\"ListItem\",\"position\":1,\"name\":\"Home\",\"item\":\"https:\/\/penosil.com\/pt\/\"},{\"@type\":\"ListItem\",\"position\":2,\"name\":\"Produtos\",\"item\":\"https:\/\/penosil.com\/pt\/produtos\/\"},{\"@type\":\"ListItem\",\"position\":3,\"name\":\"Prego L\u00edquido 931\"}]},{\"@type\":\"WebSite\",\"@id\":\"https:\/\/penosil.com\/pt\/#website\",\"url\":\"https:\/\/penosil.com\/pt\/\",\"name\":\"Penosil Portugal\",\"description\":\"\",\"potentialAction\":[{\"@type\":\"SearchAction\",\"target\":{\"@type\":\"EntryPoint\",\"urlTemplate\":\"https:\/\/penosil.com\/pt\/?s={search_term_string}\"},\"query-input\":{\"@type\":\"PropertyValueSpecification\",\"valueRequired\":true,\"valueName\":\"search_term_string\"}}],\"inLanguage\":\"pt-PT\"}]}<\/script>\n<!-- \/ Yoast SEO plugin. -->","yoast_head_json":{"title":"PENOSIL Prego L\u00edquido 931 - Cola montagem","description":"PENOSIL Prego L\u00edquido 931 Cola Montagem. Enchimento e Colagem direta e agarre imediato extra forte sem pregos, para constru\u00e7\u00e3o, decora\u00e7\u00e3o e bricolagem.","robots":{"index":"index","follow":"follow","max-snippet":"max-snippet:-1","max-image-preview":"max-image-preview:large","max-video-preview":"max-video-preview:-1"},"canonical":"https:\/\/penosil.com\/pt\/produto\/prego-liquido-931-cola-montagem\/","og_locale":"pt_PT","og_type":"article","og_title":"PENOSIL Prego L\u00edquido 931 - Cola montagem","og_description":"PENOSIL Prego L\u00edquido 931 Cola Montagem. Enchimento e Colagem direta e agarre imediato extra forte sem pregos, para constru\u00e7\u00e3o, decora\u00e7\u00e3o e bricolagem.","og_url":"https:\/\/penosil.com\/pt\/produto\/prego-liquido-931-cola-montagem\/","og_site_name":"Penosil Portugal","article_modified_time":"2026-02-19T10:41:22+00:00","og_image":[{"width":387,"height":1080,"url":"https:\/\/penosil.com\/pt\/wp-content\/uploads\/sites\/10\/2022\/12\/Cola-rapida-montagem-PENOSIL-A-31-Prego-Liquido-.png","type":"image\/png"}],"twitter_card":"summary_large_image","twitter_misc":{"Tempo estimado de leitura":"4 minutos"},"schema":{"@context":"https:\/\/schema.org","@graph":[{"@type":"WebPage","@id":"https:\/\/penosil.com\/pt\/produto\/prego-liquido-931-cola-montagem\/","url":"https:\/\/penosil.com\/pt\/produto\/prego-liquido-931-cola-montagem\/","name":"PENOSIL Prego L\u00edquido 931 - Cola montagem","isPartOf":{"@id":"https:\/\/penosil.com\/pt\/#website"},"primaryImageOfPage":{"@id":"https:\/\/penosil.com\/pt\/produto\/prego-liquido-931-cola-montagem\/#primaryimage"},"image":{"@id":"https:\/\/penosil.com\/pt\/produto\/prego-liquido-931-cola-montagem\/#primaryimage"},"thumbnailUrl":"https:\/\/penosil.com\/pt\/wp-content\/uploads\/sites\/10\/2022\/12\/Cola-rapida-montagem-PENOSIL-A-31-Prego-Liquido-.png","datePublished":"2025-10-27T12:28:53+00:00","dateModified":"2026-02-19T10:41:22+00:00","description":"PENOSIL Prego L\u00edquido 931 Cola Montagem. Enchimento e Colagem direta e agarre imediato extra forte sem pregos, para constru\u00e7\u00e3o, decora\u00e7\u00e3o e bricolagem.","breadcrumb":{"@id":"https:\/\/penosil.com\/pt\/produto\/prego-liquido-931-cola-montagem\/#breadcrumb"},"inLanguage":"pt-PT","potentialAction":[{"@type":"ReadAction","target":["https:\/\/penosil.com\/pt\/produto\/prego-liquido-931-cola-montagem\/"]}]},{"@type":"ImageObject","inLanguage":"pt-PT","@id":"https:\/\/penosil.com\/pt\/produto\/prego-liquido-931-cola-montagem\/#primaryimage","url":"https:\/\/penosil.com\/pt\/wp-content\/uploads\/sites\/10\/2022\/12\/Cola-rapida-montagem-PENOSIL-A-31-Prego-Liquido-.png","contentUrl":"https:\/\/penosil.com\/pt\/wp-content\/uploads\/sites\/10\/2022\/12\/Cola-rapida-montagem-PENOSIL-A-31-Prego-Liquido-.png","width":387,"height":1080,"caption":"Cola montagem - PENOSIL A-31 - Prego L\u00edquido"},{"@type":"BreadcrumbList","@id":"https:\/\/penosil.com\/pt\/produto\/prego-liquido-931-cola-montagem\/#breadcrumb","itemListElement":[{"@type":"ListItem","position":1,"name":"Home","item":"https:\/\/penosil.com\/pt\/"},{"@type":"ListItem","position":2,"name":"Produtos","item":"https:\/\/penosil.com\/pt\/produtos\/"},{"@type":"ListItem","position":3,"name":"Prego L\u00edquido 931"}]},{"@type":"WebSite","@id":"https:\/\/penosil.com\/pt\/#website","url":"https:\/\/penosil.com\/pt\/","name":"Penosil Portugal","description":"","potentialAction":[{"@type":"SearchAction","target":{"@type":"EntryPoint","urlTemplate":"https:\/\/penosil.com\/pt\/?s={search_term_string}"},"query-input":{"@type":"PropertyValueSpecification","valueRequired":true,"valueName":"search_term_string"}}],"inLanguage":"pt-PT"}]}},"featured_img":"https:\/\/penosil.com\/pt\/wp-content\/uploads\/sites\/10\/2022\/12\/Cola-rapida-montagem-PENOSIL-A-31-Prego-Liquido-.png","coauthors":[],"author_meta":{"author_link":"https:\/\/penosil.com\/pt\/author\/eric\/","display_name":"eric"},"relative_dates":{"created":"Posted 6 meses ago","modified":"Updated 2 meses ago"},"absolute_dates":{"created":"Posted on 27 de Outubro, 2025","modified":"Updated on 19 de Fevereiro, 2026"},"absolute_dates_time":{"created":"Posted on 27 de Outubro, 2025 12:28","modified":"Updated on 19 de Fevereiro, 2026 10:41"},"featured_img_caption":"Cola montagem - PENOSIL A-31 - Prego L\u00edquido  ","tax_additional":{"product_brand":{"linked":[],"unlinked":[],"slug":"product_brand","name":"Marcas"},"product_type":{"linked":["<a href=\"https:\/\/penosil.com\/pt\/?taxonomy=product_type&#038;term=simple\" class=\"advgb-post-tax-term\">simple<\/a>"],"unlinked":["<span class=\"advgb-post-tax-term\">simple<\/span>"],"slug":"product_type","name":"Tipo de produto"},"product_visibility":{"linked":[],"unlinked":[],"slug":"product_visibility","name":"Visibilidade do produto"},"product_cat":{"linked":["<a href=\"https:\/\/penosil.com\/pt\/categoria-produto\/areas-de-aplicacao\/\" class=\"advgb-post-tax-term\">\u00c1reas de aplica\u00e7\u00e3o<\/a>","<a href=\"https:\/\/penosil.com\/pt\/categoria-produto\/grupos-de-produtos\/\" class=\"advgb-post-tax-term\">Grupos de produtos<\/a>","<a href=\"https:\/\/penosil.com\/pt\/categoria-produto\/grupos-de-produtos\/adesivos\/\" class=\"advgb-post-tax-term\">Colas<\/a>","<a href=\"https:\/\/penosil.com\/pt\/categoria-produto\/areas-de-aplicacao\/colas\/\" class=\"advgb-post-tax-term\">Colas<\/a>"],"unlinked":["<span class=\"advgb-post-tax-term\">\u00c1reas de aplica\u00e7\u00e3o<\/span>","<span class=\"advgb-post-tax-term\">Grupos de produtos<\/span>","<span class=\"advgb-post-tax-term\">Colas<\/span>","<span class=\"advgb-post-tax-term\">Colas<\/span>"],"slug":"product_cat","name":"Categorias de produto"},"product_tag":{"linked":[],"unlinked":[],"slug":"product_tag","name":"Etiquetas de produto"},"product_shipping_class":{"linked":[],"unlinked":[],"slug":"product_shipping_class","name":"Classes de envio do produto"},"pos_product_visibility":{"linked":[],"unlinked":[],"slug":"pos_product_visibility","name":"POS Product visibility"},"pa_color":{"linked":["<a href=\"https:\/\/penosil.com\/pt\/?taxonomy=pa_color&#038;term=bege\" class=\"advgb-post-tax-term\">Bege<\/a>"],"unlinked":["<span class=\"advgb-post-tax-term\">Bege<\/span>"],"slug":"pa_color","name":"Product Cor"},"pa_package":{"linked":["<a href=\"https:\/\/penosil.com\/pt\/?taxonomy=pa_package&#038;term=cartucho-375-g\" class=\"advgb-post-tax-term\">Cartucho 375 g<\/a>"],"unlinked":["<span class=\"advgb-post-tax-term\">Cartucho 375 g<\/span>"],"slug":"pa_package","name":"Product Package"},"translation_priority":{"linked":["<a href=\"https:\/\/penosil.com\/pt\/?taxonomy=translation_priority&#038;term=opcional\" class=\"advgb-post-tax-term\">Opcional<\/a>"],"unlinked":["<span class=\"advgb-post-tax-term\">Opcional<\/span>"],"slug":"translation_priority","name":"Prioridades da Tradu\u00e7\u00e3o"}},"series_order":"","_links":{"self":[{"href":"https:\/\/penosil.com\/pt\/wp-json\/wp\/v2\/product\/11942","targetHints":{"allow":["GET"]}}],"collection":[{"href":"https:\/\/penosil.com\/pt\/wp-json\/wp\/v2\/product"}],"about":[{"href":"https:\/\/penosil.com\/pt\/wp-json\/wp\/v2\/types\/product"}],"version-history":[{"count":5,"href":"https:\/\/penosil.com\/pt\/wp-json\/wp\/v2\/product\/11942\/revisions"}],"predecessor-version":[{"id":12072,"href":"https:\/\/penosil.com\/pt\/wp-json\/wp\/v2\/product\/11942\/revisions\/12072"}],"wp:featuredmedia":[{"embeddable":true,"href":"https:\/\/penosil.com\/pt\/wp-json\/wp\/v2\/media\/11939"}],"wp:attachment":[{"href":"https:\/\/penosil.com\/pt\/wp-json\/wp\/v2\/media?parent=11942"}],"wp:term":[{"taxonomy":"product_brand","embeddable":true,"href":"https:\/\/penosil.com\/pt\/wp-json\/wp\/v2\/product_brand?post=11942"},{"taxonomy":"product_cat","embeddable":true,"href":"https:\/\/penosil.com\/pt\/wp-json\/wp\/v2\/product_cat?post=11942"},{"taxonomy":"product_tag","embeddable":true,"href":"https:\/\/penosil.com\/pt\/wp-json\/wp\/v2\/product_tag?post=11942"}],"curies":[{"name":"wp","href":"https:\/\/api.w.org\/{rel}","templated":true}]}}