{"id":11949,"date":"2025-10-27T14:28:51","date_gmt":"2025-10-27T14:28:51","guid":{"rendered":"https:\/\/penosil.com\/pt\/?post_type=product&#038;p=11949"},"modified":"2025-10-27T15:53:52","modified_gmt":"2025-10-27T15:53:52","slug":"cola-pu-d4-852-montagems-ultra-fortes","status":"publish","type":"product","link":"https:\/\/penosil.com\/pt\/produto\/cola-pu-d4-852-montagems-ultra-fortes\/","title":{"rendered":"Cola PU D4 852"},"content":{"rendered":"<p>Cola D4 ultra forte de montagem \u00e0 base de poliuretano que polimeriza em contacto com a humidade atmosf\u00e9rica. Capacidade de preenchimento de irregularidades, alta resist\u00eancia mec\u00e2nica final. M\u00e1xima resist\u00eancia \u00e0 \u00e1gua doce e salgada classe D4 UNE-EN 204.<\/p>\n","protected":false},"excerpt":{"rendered":"Cola D4 ultra forte de montagem \u00e0 base de poliuretano que polimeriza em contacto com a humidade atmosf\u00e9rica. Capacidade de preenchimento de irregularidades, alta resist\u00eancia mec\u00e2nica final. M\u00e1xima resist\u00eancia \u00e0 \u00e1gua doce e salgada classe D4 UNE-EN 204.","protected":false},"author":198,"featured_media":11951,"template":"","meta":{"_acf_changed":false,"advgb_blocks_editor_width":"","advgb_blocks_columns_visual_guide":"","footnotes":""},"product_brand":[],"product_cat":[2381,2290,1369,1390,2296],"product_tag":[],"class_list":{"0":"post-11949","1":"product","2":"type-product","3":"status-publish","4":"has-post-thumbnail","6":"product_cat-adesivos-de-pu","7":"product_cat-areas-de-aplicacao","8":"product_cat-grupos-de-produtos","9":"product_cat-adesivos","10":"product_cat-colas","12":"first","13":"instock","14":"purchasable","15":"product-type-simple"},"acf":[],"yoast_head":"<!-- This site is optimized with the Yoast SEO plugin v27.2 - https:\/\/yoast.com\/product\/yoast-seo-wordpress\/ -->\n<title>PENOSIL Cola PU D4 852 Montagems ultra fortes<\/title>\n<meta name=\"description\" content=\"PENOSIL Cola PU D4 852 Cola Ultra Forte transparente. Ades\u00e3o com capacidade de enchimento. Resistente a altas temperaturas +100\u00a0\u00b0C e \u00e0 \u00e1gua.\" \/>\n<meta name=\"robots\" content=\"index, follow, max-snippet:-1, max-image-preview:large, max-video-preview:-1\" \/>\n<link rel=\"canonical\" href=\"https:\/\/penosil.com\/pt\/produto\/cola-pu-d4-852-montagems-ultra-fortes\/\" \/>\n<meta property=\"og:locale\" content=\"pt_PT\" \/>\n<meta property=\"og:type\" content=\"article\" \/>\n<meta property=\"og:title\" content=\"PENOSIL Cola PU D4 852 Montagems ultra fortes\" \/>\n<meta property=\"og:description\" content=\"PENOSIL Cola PU D4 852 Cola Ultra Forte transparente. Ades\u00e3o com capacidade de enchimento. Resistente a altas temperaturas +100\u00a0\u00b0C e \u00e0 \u00e1gua.\" \/>\n<meta property=\"og:url\" content=\"https:\/\/penosil.com\/pt\/produto\/cola-pu-d4-852-montagems-ultra-fortes\/\" \/>\n<meta property=\"og:site_name\" content=\"Penosil Portugal\" \/>\n<meta property=\"article:modified_time\" content=\"2025-10-27T15:53:52+00:00\" \/>\n<meta property=\"og:image\" content=\"https:\/\/penosil.com\/pt\/wp-content\/uploads\/sites\/10\/2025\/10\/Cola-ultra-forte-Penosil-PU-D4-852-Montagems-ultra-fortes.png\" \/>\n\t<meta property=\"og:image:width\" content=\"387\" \/>\n\t<meta property=\"og:image:height\" content=\"1080\" \/>\n\t<meta property=\"og:image:type\" content=\"image\/png\" \/>\n<meta name=\"twitter:card\" content=\"summary_large_image\" \/>\n<meta name=\"twitter:label1\" content=\"Tempo estimado de leitura\" \/>\n\t<meta name=\"twitter:data1\" content=\"4 minutos\" \/>\n<script type=\"application\/ld+json\" class=\"yoast-schema-graph\">{\"@context\":\"https:\/\/schema.org\",\"@graph\":[{\"@type\":\"WebPage\",\"@id\":\"https:\/\/penosil.com\/pt\/produto\/cola-pu-d4-852-montagems-ultra-fortes\/\",\"url\":\"https:\/\/penosil.com\/pt\/produto\/cola-pu-d4-852-montagems-ultra-fortes\/\",\"name\":\"PENOSIL Cola PU D4 852 Montagems ultra fortes\",\"isPartOf\":{\"@id\":\"https:\/\/penosil.com\/pt\/#website\"},\"primaryImageOfPage\":{\"@id\":\"https:\/\/penosil.com\/pt\/produto\/cola-pu-d4-852-montagems-ultra-fortes\/#primaryimage\"},\"image\":{\"@id\":\"https:\/\/penosil.com\/pt\/produto\/cola-pu-d4-852-montagems-ultra-fortes\/#primaryimage\"},\"thumbnailUrl\":\"https:\/\/penosil.com\/pt\/wp-content\/uploads\/sites\/10\/2025\/10\/Cola-ultra-forte-Penosil-PU-D4-852-Montagems-ultra-fortes.png\",\"datePublished\":\"2025-10-27T14:28:51+00:00\",\"dateModified\":\"2025-10-27T15:53:52+00:00\",\"description\":\"PENOSIL Cola PU D4 852 Cola Ultra Forte transparente. Ades\u00e3o com capacidade de enchimento. Resistente a altas temperaturas +100\u00a0\u00b0C e \u00e0 \u00e1gua.\",\"breadcrumb\":{\"@id\":\"https:\/\/penosil.com\/pt\/produto\/cola-pu-d4-852-montagems-ultra-fortes\/#breadcrumb\"},\"inLanguage\":\"pt-PT\",\"potentialAction\":[{\"@type\":\"ReadAction\",\"target\":[\"https:\/\/penosil.com\/pt\/produto\/cola-pu-d4-852-montagems-ultra-fortes\/\"]}]},{\"@type\":\"ImageObject\",\"inLanguage\":\"pt-PT\",\"@id\":\"https:\/\/penosil.com\/pt\/produto\/cola-pu-d4-852-montagems-ultra-fortes\/#primaryimage\",\"url\":\"https:\/\/penosil.com\/pt\/wp-content\/uploads\/sites\/10\/2025\/10\/Cola-ultra-forte-Penosil-PU-D4-852-Montagems-ultra-fortes.png\",\"contentUrl\":\"https:\/\/penosil.com\/pt\/wp-content\/uploads\/sites\/10\/2025\/10\/Cola-ultra-forte-Penosil-PU-D4-852-Montagems-ultra-fortes.png\",\"width\":387,\"height\":1080,\"caption\":\"Cola ultra forte Penosil PU D4 852 Montagems ultra fortes\"},{\"@type\":\"BreadcrumbList\",\"@id\":\"https:\/\/penosil.com\/pt\/produto\/cola-pu-d4-852-montagems-ultra-fortes\/#breadcrumb\",\"itemListElement\":[{\"@type\":\"ListItem\",\"position\":1,\"name\":\"Home\",\"item\":\"https:\/\/penosil.com\/pt\/\"},{\"@type\":\"ListItem\",\"position\":2,\"name\":\"Produtos\",\"item\":\"https:\/\/penosil.com\/pt\/produtos\/\"},{\"@type\":\"ListItem\",\"position\":3,\"name\":\"Cola PU D4 852\"}]},{\"@type\":\"WebSite\",\"@id\":\"https:\/\/penosil.com\/pt\/#website\",\"url\":\"https:\/\/penosil.com\/pt\/\",\"name\":\"Penosil Portugal\",\"description\":\"\",\"potentialAction\":[{\"@type\":\"SearchAction\",\"target\":{\"@type\":\"EntryPoint\",\"urlTemplate\":\"https:\/\/penosil.com\/pt\/?s={search_term_string}\"},\"query-input\":{\"@type\":\"PropertyValueSpecification\",\"valueRequired\":true,\"valueName\":\"search_term_string\"}}],\"inLanguage\":\"pt-PT\"}]}<\/script>\n<!-- \/ Yoast SEO plugin. -->","yoast_head_json":{"title":"PENOSIL Cola PU D4 852 Montagems ultra fortes","description":"PENOSIL Cola PU D4 852 Cola Ultra Forte transparente. Ades\u00e3o com capacidade de enchimento. Resistente a altas temperaturas +100\u00a0\u00b0C e \u00e0 \u00e1gua.","robots":{"index":"index","follow":"follow","max-snippet":"max-snippet:-1","max-image-preview":"max-image-preview:large","max-video-preview":"max-video-preview:-1"},"canonical":"https:\/\/penosil.com\/pt\/produto\/cola-pu-d4-852-montagems-ultra-fortes\/","og_locale":"pt_PT","og_type":"article","og_title":"PENOSIL Cola PU D4 852 Montagems ultra fortes","og_description":"PENOSIL Cola PU D4 852 Cola Ultra Forte transparente. Ades\u00e3o com capacidade de enchimento. Resistente a altas temperaturas +100\u00a0\u00b0C e \u00e0 \u00e1gua.","og_url":"https:\/\/penosil.com\/pt\/produto\/cola-pu-d4-852-montagems-ultra-fortes\/","og_site_name":"Penosil Portugal","article_modified_time":"2025-10-27T15:53:52+00:00","og_image":[{"width":387,"height":1080,"url":"https:\/\/penosil.com\/pt\/wp-content\/uploads\/sites\/10\/2025\/10\/Cola-ultra-forte-Penosil-PU-D4-852-Montagems-ultra-fortes.png","type":"image\/png"}],"twitter_card":"summary_large_image","twitter_misc":{"Tempo estimado de leitura":"4 minutos"},"schema":{"@context":"https:\/\/schema.org","@graph":[{"@type":"WebPage","@id":"https:\/\/penosil.com\/pt\/produto\/cola-pu-d4-852-montagems-ultra-fortes\/","url":"https:\/\/penosil.com\/pt\/produto\/cola-pu-d4-852-montagems-ultra-fortes\/","name":"PENOSIL Cola PU D4 852 Montagems ultra fortes","isPartOf":{"@id":"https:\/\/penosil.com\/pt\/#website"},"primaryImageOfPage":{"@id":"https:\/\/penosil.com\/pt\/produto\/cola-pu-d4-852-montagems-ultra-fortes\/#primaryimage"},"image":{"@id":"https:\/\/penosil.com\/pt\/produto\/cola-pu-d4-852-montagems-ultra-fortes\/#primaryimage"},"thumbnailUrl":"https:\/\/penosil.com\/pt\/wp-content\/uploads\/sites\/10\/2025\/10\/Cola-ultra-forte-Penosil-PU-D4-852-Montagems-ultra-fortes.png","datePublished":"2025-10-27T14:28:51+00:00","dateModified":"2025-10-27T15:53:52+00:00","description":"PENOSIL Cola PU D4 852 Cola Ultra Forte transparente. Ades\u00e3o com capacidade de enchimento. Resistente a altas temperaturas +100\u00a0\u00b0C e \u00e0 \u00e1gua.","breadcrumb":{"@id":"https:\/\/penosil.com\/pt\/produto\/cola-pu-d4-852-montagems-ultra-fortes\/#breadcrumb"},"inLanguage":"pt-PT","potentialAction":[{"@type":"ReadAction","target":["https:\/\/penosil.com\/pt\/produto\/cola-pu-d4-852-montagems-ultra-fortes\/"]}]},{"@type":"ImageObject","inLanguage":"pt-PT","@id":"https:\/\/penosil.com\/pt\/produto\/cola-pu-d4-852-montagems-ultra-fortes\/#primaryimage","url":"https:\/\/penosil.com\/pt\/wp-content\/uploads\/sites\/10\/2025\/10\/Cola-ultra-forte-Penosil-PU-D4-852-Montagems-ultra-fortes.png","contentUrl":"https:\/\/penosil.com\/pt\/wp-content\/uploads\/sites\/10\/2025\/10\/Cola-ultra-forte-Penosil-PU-D4-852-Montagems-ultra-fortes.png","width":387,"height":1080,"caption":"Cola ultra forte Penosil PU D4 852 Montagems ultra fortes"},{"@type":"BreadcrumbList","@id":"https:\/\/penosil.com\/pt\/produto\/cola-pu-d4-852-montagems-ultra-fortes\/#breadcrumb","itemListElement":[{"@type":"ListItem","position":1,"name":"Home","item":"https:\/\/penosil.com\/pt\/"},{"@type":"ListItem","position":2,"name":"Produtos","item":"https:\/\/penosil.com\/pt\/produtos\/"},{"@type":"ListItem","position":3,"name":"Cola PU D4 852"}]},{"@type":"WebSite","@id":"https:\/\/penosil.com\/pt\/#website","url":"https:\/\/penosil.com\/pt\/","name":"Penosil Portugal","description":"","potentialAction":[{"@type":"SearchAction","target":{"@type":"EntryPoint","urlTemplate":"https:\/\/penosil.com\/pt\/?s={search_term_string}"},"query-input":{"@type":"PropertyValueSpecification","valueRequired":true,"valueName":"search_term_string"}}],"inLanguage":"pt-PT"}]}},"featured_img":"https:\/\/penosil.com\/pt\/wp-content\/uploads\/sites\/10\/2025\/10\/Cola-ultra-forte-Penosil-PU-D4-852-Montagems-ultra-fortes.png","coauthors":[],"author_meta":{"author_link":"https:\/\/penosil.com\/pt\/author\/eric\/","display_name":"eric"},"relative_dates":{"created":"Posted 6 meses ago","modified":"Updated 6 meses ago"},"absolute_dates":{"created":"Posted on 27 de Outubro, 2025","modified":"Updated on 27 de Outubro, 2025"},"absolute_dates_time":{"created":"Posted on 27 de Outubro, 2025 14:28","modified":"Updated on 27 de Outubro, 2025 15:53"},"featured_img_caption":"Cola ultra forte Penosil PU D4 852 Montagems ultra fortes","tax_additional":{"product_brand":{"linked":[],"unlinked":[],"slug":"product_brand","name":"Marcas"},"product_type":{"linked":["<a href=\"https:\/\/penosil.com\/pt\/?taxonomy=product_type&#038;term=simple\" class=\"advgb-post-tax-term\">simple<\/a>"],"unlinked":["<span class=\"advgb-post-tax-term\">simple<\/span>"],"slug":"product_type","name":"Tipo de produto"},"product_visibility":{"linked":[],"unlinked":[],"slug":"product_visibility","name":"Visibilidade do produto"},"product_cat":{"linked":["<a href=\"https:\/\/penosil.com\/pt\/categoria-produto\/grupos-de-produtos\/adesivos\/adesivos-de-pu\/\" class=\"advgb-post-tax-term\">Adesivos de PU<\/a>","<a href=\"https:\/\/penosil.com\/pt\/categoria-produto\/areas-de-aplicacao\/\" class=\"advgb-post-tax-term\">\u00c1reas de aplica\u00e7\u00e3o<\/a>","<a href=\"https:\/\/penosil.com\/pt\/categoria-produto\/grupos-de-produtos\/\" class=\"advgb-post-tax-term\">Grupos de produtos<\/a>","<a href=\"https:\/\/penosil.com\/pt\/categoria-produto\/grupos-de-produtos\/adesivos\/\" class=\"advgb-post-tax-term\">Colas<\/a>","<a href=\"https:\/\/penosil.com\/pt\/categoria-produto\/areas-de-aplicacao\/colas\/\" class=\"advgb-post-tax-term\">Colas<\/a>"],"unlinked":["<span class=\"advgb-post-tax-term\">Adesivos de PU<\/span>","<span class=\"advgb-post-tax-term\">\u00c1reas de aplica\u00e7\u00e3o<\/span>","<span class=\"advgb-post-tax-term\">Grupos de produtos<\/span>","<span class=\"advgb-post-tax-term\">Colas<\/span>","<span class=\"advgb-post-tax-term\">Colas<\/span>"],"slug":"product_cat","name":"Categorias de produto"},"product_tag":{"linked":[],"unlinked":[],"slug":"product_tag","name":"Etiquetas de produto"},"product_shipping_class":{"linked":[],"unlinked":[],"slug":"product_shipping_class","name":"Classes de envio do produto"},"pos_product_visibility":{"linked":[],"unlinked":[],"slug":"pos_product_visibility","name":"POS Product visibility"},"pa_color":{"linked":["<a href=\"https:\/\/penosil.com\/pt\/?taxonomy=pa_color&#038;term=transparente\" class=\"advgb-post-tax-term\">Transparente<\/a>"],"unlinked":["<span class=\"advgb-post-tax-term\">Transparente<\/span>"],"slug":"pa_color","name":"Product Cor"},"pa_package":{"linked":["<a href=\"https:\/\/penosil.com\/pt\/?taxonomy=pa_package&#038;term=300-ml\" class=\"advgb-post-tax-term\">300 ml<\/a>"],"unlinked":["<span class=\"advgb-post-tax-term\">300 ml<\/span>"],"slug":"pa_package","name":"Product Package"},"translation_priority":{"linked":["<a href=\"https:\/\/penosil.com\/pt\/?taxonomy=translation_priority&#038;term=opcional\" class=\"advgb-post-tax-term\">Opcional<\/a>"],"unlinked":["<span class=\"advgb-post-tax-term\">Opcional<\/span>"],"slug":"translation_priority","name":"Prioridades da Tradu\u00e7\u00e3o"}},"series_order":"","_links":{"self":[{"href":"https:\/\/penosil.com\/pt\/wp-json\/wp\/v2\/product\/11949","targetHints":{"allow":["GET"]}}],"collection":[{"href":"https:\/\/penosil.com\/pt\/wp-json\/wp\/v2\/product"}],"about":[{"href":"https:\/\/penosil.com\/pt\/wp-json\/wp\/v2\/types\/product"}],"version-history":[{"count":4,"href":"https:\/\/penosil.com\/pt\/wp-json\/wp\/v2\/product\/11949\/revisions"}],"predecessor-version":[{"id":11955,"href":"https:\/\/penosil.com\/pt\/wp-json\/wp\/v2\/product\/11949\/revisions\/11955"}],"wp:featuredmedia":[{"embeddable":true,"href":"https:\/\/penosil.com\/pt\/wp-json\/wp\/v2\/media\/11951"}],"wp:attachment":[{"href":"https:\/\/penosil.com\/pt\/wp-json\/wp\/v2\/media?parent=11949"}],"wp:term":[{"taxonomy":"product_brand","embeddable":true,"href":"https:\/\/penosil.com\/pt\/wp-json\/wp\/v2\/product_brand?post=11949"},{"taxonomy":"product_cat","embeddable":true,"href":"https:\/\/penosil.com\/pt\/wp-json\/wp\/v2\/product_cat?post=11949"},{"taxonomy":"product_tag","embeddable":true,"href":"https:\/\/penosil.com\/pt\/wp-json\/wp\/v2\/product_tag?post=11949"}],"curies":[{"name":"wp","href":"https:\/\/api.w.org\/{rel}","templated":true}]}}