{"id":12115,"date":"2026-03-02T12:39:17","date_gmt":"2026-03-02T12:39:17","guid":{"rendered":"https:\/\/penosil.com\/pt\/?post_type=product&#038;p=12115"},"modified":"2026-03-02T12:39:17","modified_gmt":"2026-03-02T12:39:17","slug":"espuma-compacta-116-fixa-preenche-isola-sem-deformar","status":"publish","type":"product","link":"https:\/\/penosil.com\/pt\/produto\/espuma-compacta-116-fixa-preenche-isola-sem-deformar\/","title":{"rendered":"Espuma Compacta 116"},"content":{"rendered":"<p>Espuma de poliuretano extra compacta para a instala\u00e7\u00e3o de janelas e portas. A sua elevada ades\u00e3o e expans\u00e3o moderada permitem um preenchimento est\u00e1vel e compacto da caixilharia, sem risco de deforma\u00e7\u00e3o dos elementos construtivos, proporcionando um excelente isolamento t\u00e9rmico e ac\u00fastico. Ap\u00f3s a cura, a espuma \u00e9 semirr\u00edgida e pode ser facilmente cortada, moldada, lixada, pintada ou revestida.<\/p>\n","protected":false},"excerpt":{"rendered":"Espuma de poliuretano extra compacta para a instala\u00e7\u00e3o de janelas e portas. A sua elevada ades\u00e3o, baixa press\u00e3o de cura e expans\u00e3o moderada permitem um preenchimento est\u00e1vel e compacto do caixilho, sem risco de deforma\u00e7\u00e3o dos elementos construtivos.","protected":false},"author":198,"featured_media":12116,"template":"","meta":{"_acf_changed":false,"advgb_blocks_editor_width":"","advgb_blocks_columns_visual_guide":"","footnotes":""},"product_brand":[],"product_cat":[1549,2262,2290,1369,2267,2294],"product_tag":[],"class_list":{"0":"post-12115","1":"product","2":"type-product","3":"status-publish","4":"has-post-thumbnail","6":"product_cat-espumas-de-pistola","7":"product_cat-novos-produtos","8":"product_cat-areas-de-aplicacao","9":"product_cat-grupos-de-produtos","10":"product_cat-espumas-de-construcao","11":"product_cat-janelas-e-portas-2","13":"first","14":"instock","15":"taxable","16":"shipping-taxable","17":"purchasable","18":"product-type-simple"},"acf":[],"yoast_head":"<!-- This site is optimized with the Yoast SEO plugin v27.4 - https:\/\/yoast.com\/product\/yoast-seo-wordpress\/ -->\n<title>PENOSIL Espuma Compacta 116 - Fixa, preenche e isola<\/title>\n<meta name=\"description\" content=\"Espuma de poliuretano compacta para a instala\u00e7\u00e3o de janelas e portas. Elevada ades\u00e3o e autoexpans\u00e3o. Fixa, preenche e isola sem deformar a caixilharia.\" \/>\n<meta name=\"robots\" content=\"index, follow, max-snippet:-1, max-image-preview:large, max-video-preview:-1\" \/>\n<link rel=\"canonical\" href=\"https:\/\/penosil.com\/pt\/produto\/espuma-compacta-116-fixa-preenche-isola-sem-deformar\/\" \/>\n<meta property=\"og:locale\" content=\"pt_PT\" \/>\n<meta property=\"og:type\" content=\"article\" \/>\n<meta property=\"og:title\" content=\"PENOSIL Espuma Compacta 116 - Fixa, preenche e isola\" \/>\n<meta property=\"og:description\" content=\"Espuma de poliuretano compacta para a instala\u00e7\u00e3o de janelas e portas. Elevada ades\u00e3o e autoexpans\u00e3o. Fixa, preenche e isola sem deformar a caixilharia.\" \/>\n<meta property=\"og:url\" content=\"https:\/\/penosil.com\/pt\/produto\/espuma-compacta-116-fixa-preenche-isola-sem-deformar\/\" \/>\n<meta property=\"og:site_name\" content=\"Penosil Portugal\" \/>\n<meta property=\"og:image\" content=\"https:\/\/penosil.com\/pt\/wp-content\/uploads\/sites\/10\/2026\/02\/Espuma-de-poliuretano-extra-compacta-PENOSIL-Espuma-Compacta-116.png\" \/>\n\t<meta property=\"og:image:width\" content=\"523\" \/>\n\t<meta property=\"og:image:height\" content=\"1080\" \/>\n\t<meta property=\"og:image:type\" content=\"image\/png\" \/>\n<meta name=\"twitter:card\" content=\"summary_large_image\" \/>\n<meta name=\"twitter:label1\" content=\"Tempo estimado de leitura\" \/>\n\t<meta name=\"twitter:data1\" content=\"7 minutos\" \/>\n<script type=\"application\/ld+json\" class=\"yoast-schema-graph\">{\"@context\":\"https:\\\/\\\/schema.org\",\"@graph\":[{\"@type\":\"WebPage\",\"@id\":\"https:\\\/\\\/penosil.com\\\/pt\\\/produto\\\/espuma-compacta-116-fixa-preenche-isola-sem-deformar\\\/\",\"url\":\"https:\\\/\\\/penosil.com\\\/pt\\\/produto\\\/espuma-compacta-116-fixa-preenche-isola-sem-deformar\\\/\",\"name\":\"PENOSIL Espuma Compacta 116 - Fixa, preenche e isola\",\"isPartOf\":{\"@id\":\"https:\\\/\\\/penosil.com\\\/pt\\\/#website\"},\"primaryImageOfPage\":{\"@id\":\"https:\\\/\\\/penosil.com\\\/pt\\\/produto\\\/espuma-compacta-116-fixa-preenche-isola-sem-deformar\\\/#primaryimage\"},\"image\":{\"@id\":\"https:\\\/\\\/penosil.com\\\/pt\\\/produto\\\/espuma-compacta-116-fixa-preenche-isola-sem-deformar\\\/#primaryimage\"},\"thumbnailUrl\":\"https:\\\/\\\/penosil.com\\\/pt\\\/wp-content\\\/uploads\\\/sites\\\/10\\\/2026\\\/02\\\/Espuma-de-poliuretano-extra-compacta-PENOSIL-Espuma-Compacta-116.png\",\"datePublished\":\"2026-03-02T12:39:17+00:00\",\"description\":\"Espuma de poliuretano compacta para a instala\u00e7\u00e3o de janelas e portas. Elevada ades\u00e3o e autoexpans\u00e3o. Fixa, preenche e isola sem deformar a caixilharia.\",\"breadcrumb\":{\"@id\":\"https:\\\/\\\/penosil.com\\\/pt\\\/produto\\\/espuma-compacta-116-fixa-preenche-isola-sem-deformar\\\/#breadcrumb\"},\"inLanguage\":\"pt-PT\",\"potentialAction\":[{\"@type\":\"ReadAction\",\"target\":[\"https:\\\/\\\/penosil.com\\\/pt\\\/produto\\\/espuma-compacta-116-fixa-preenche-isola-sem-deformar\\\/\"]}]},{\"@type\":\"ImageObject\",\"inLanguage\":\"pt-PT\",\"@id\":\"https:\\\/\\\/penosil.com\\\/pt\\\/produto\\\/espuma-compacta-116-fixa-preenche-isola-sem-deformar\\\/#primaryimage\",\"url\":\"https:\\\/\\\/penosil.com\\\/pt\\\/wp-content\\\/uploads\\\/sites\\\/10\\\/2026\\\/02\\\/Espuma-de-poliuretano-extra-compacta-PENOSIL-Espuma-Compacta-116.png\",\"contentUrl\":\"https:\\\/\\\/penosil.com\\\/pt\\\/wp-content\\\/uploads\\\/sites\\\/10\\\/2026\\\/02\\\/Espuma-de-poliuretano-extra-compacta-PENOSIL-Espuma-Compacta-116.png\",\"width\":523,\"height\":1080,\"caption\":\"Espuma de poliuretano extra compacta PENOSIL Espuma Compacta 116\"},{\"@type\":\"BreadcrumbList\",\"@id\":\"https:\\\/\\\/penosil.com\\\/pt\\\/produto\\\/espuma-compacta-116-fixa-preenche-isola-sem-deformar\\\/#breadcrumb\",\"itemListElement\":[{\"@type\":\"ListItem\",\"position\":1,\"name\":\"Home\",\"item\":\"https:\\\/\\\/penosil.com\\\/pt\\\/\"},{\"@type\":\"ListItem\",\"position\":2,\"name\":\"Produtos\",\"item\":\"https:\\\/\\\/penosil.com\\\/pt\\\/produtos\\\/\"},{\"@type\":\"ListItem\",\"position\":3,\"name\":\"Espuma Compacta 116\"}]},{\"@type\":\"WebSite\",\"@id\":\"https:\\\/\\\/penosil.com\\\/pt\\\/#website\",\"url\":\"https:\\\/\\\/penosil.com\\\/pt\\\/\",\"name\":\"Penosil Portugal\",\"description\":\"\",\"potentialAction\":[{\"@type\":\"SearchAction\",\"target\":{\"@type\":\"EntryPoint\",\"urlTemplate\":\"https:\\\/\\\/penosil.com\\\/pt\\\/?s={search_term_string}\"},\"query-input\":{\"@type\":\"PropertyValueSpecification\",\"valueRequired\":true,\"valueName\":\"search_term_string\"}}],\"inLanguage\":\"pt-PT\"}]}<\/script>\n<!-- \/ Yoast SEO plugin. -->","yoast_head_json":{"title":"PENOSIL Espuma Compacta 116 - Fixa, preenche e isola","description":"Espuma de poliuretano compacta para a instala\u00e7\u00e3o de janelas e portas. Elevada ades\u00e3o e autoexpans\u00e3o. Fixa, preenche e isola sem deformar a caixilharia.","robots":{"index":"index","follow":"follow","max-snippet":"max-snippet:-1","max-image-preview":"max-image-preview:large","max-video-preview":"max-video-preview:-1"},"canonical":"https:\/\/penosil.com\/pt\/produto\/espuma-compacta-116-fixa-preenche-isola-sem-deformar\/","og_locale":"pt_PT","og_type":"article","og_title":"PENOSIL Espuma Compacta 116 - Fixa, preenche e isola","og_description":"Espuma de poliuretano compacta para a instala\u00e7\u00e3o de janelas e portas. Elevada ades\u00e3o e autoexpans\u00e3o. Fixa, preenche e isola sem deformar a caixilharia.","og_url":"https:\/\/penosil.com\/pt\/produto\/espuma-compacta-116-fixa-preenche-isola-sem-deformar\/","og_site_name":"Penosil Portugal","og_image":[{"width":523,"height":1080,"url":"https:\/\/penosil.com\/pt\/wp-content\/uploads\/sites\/10\/2026\/02\/Espuma-de-poliuretano-extra-compacta-PENOSIL-Espuma-Compacta-116.png","type":"image\/png"}],"twitter_card":"summary_large_image","twitter_misc":{"Tempo estimado de leitura":"7 minutos"},"schema":{"@context":"https:\/\/schema.org","@graph":[{"@type":"WebPage","@id":"https:\/\/penosil.com\/pt\/produto\/espuma-compacta-116-fixa-preenche-isola-sem-deformar\/","url":"https:\/\/penosil.com\/pt\/produto\/espuma-compacta-116-fixa-preenche-isola-sem-deformar\/","name":"PENOSIL Espuma Compacta 116 - Fixa, preenche e isola","isPartOf":{"@id":"https:\/\/penosil.com\/pt\/#website"},"primaryImageOfPage":{"@id":"https:\/\/penosil.com\/pt\/produto\/espuma-compacta-116-fixa-preenche-isola-sem-deformar\/#primaryimage"},"image":{"@id":"https:\/\/penosil.com\/pt\/produto\/espuma-compacta-116-fixa-preenche-isola-sem-deformar\/#primaryimage"},"thumbnailUrl":"https:\/\/penosil.com\/pt\/wp-content\/uploads\/sites\/10\/2026\/02\/Espuma-de-poliuretano-extra-compacta-PENOSIL-Espuma-Compacta-116.png","datePublished":"2026-03-02T12:39:17+00:00","description":"Espuma de poliuretano compacta para a instala\u00e7\u00e3o de janelas e portas. Elevada ades\u00e3o e autoexpans\u00e3o. Fixa, preenche e isola sem deformar a caixilharia.","breadcrumb":{"@id":"https:\/\/penosil.com\/pt\/produto\/espuma-compacta-116-fixa-preenche-isola-sem-deformar\/#breadcrumb"},"inLanguage":"pt-PT","potentialAction":[{"@type":"ReadAction","target":["https:\/\/penosil.com\/pt\/produto\/espuma-compacta-116-fixa-preenche-isola-sem-deformar\/"]}]},{"@type":"ImageObject","inLanguage":"pt-PT","@id":"https:\/\/penosil.com\/pt\/produto\/espuma-compacta-116-fixa-preenche-isola-sem-deformar\/#primaryimage","url":"https:\/\/penosil.com\/pt\/wp-content\/uploads\/sites\/10\/2026\/02\/Espuma-de-poliuretano-extra-compacta-PENOSIL-Espuma-Compacta-116.png","contentUrl":"https:\/\/penosil.com\/pt\/wp-content\/uploads\/sites\/10\/2026\/02\/Espuma-de-poliuretano-extra-compacta-PENOSIL-Espuma-Compacta-116.png","width":523,"height":1080,"caption":"Espuma de poliuretano extra compacta PENOSIL Espuma Compacta 116"},{"@type":"BreadcrumbList","@id":"https:\/\/penosil.com\/pt\/produto\/espuma-compacta-116-fixa-preenche-isola-sem-deformar\/#breadcrumb","itemListElement":[{"@type":"ListItem","position":1,"name":"Home","item":"https:\/\/penosil.com\/pt\/"},{"@type":"ListItem","position":2,"name":"Produtos","item":"https:\/\/penosil.com\/pt\/produtos\/"},{"@type":"ListItem","position":3,"name":"Espuma Compacta 116"}]},{"@type":"WebSite","@id":"https:\/\/penosil.com\/pt\/#website","url":"https:\/\/penosil.com\/pt\/","name":"Penosil Portugal","description":"","potentialAction":[{"@type":"SearchAction","target":{"@type":"EntryPoint","urlTemplate":"https:\/\/penosil.com\/pt\/?s={search_term_string}"},"query-input":{"@type":"PropertyValueSpecification","valueRequired":true,"valueName":"search_term_string"}}],"inLanguage":"pt-PT"}]}},"featured_img":"https:\/\/penosil.com\/pt\/wp-content\/uploads\/sites\/10\/2026\/02\/Espuma-de-poliuretano-extra-compacta-PENOSIL-Espuma-Compacta-116.png","coauthors":[],"author_meta":{"author_link":"https:\/\/penosil.com\/pt\/author\/eric\/","display_name":"eric"},"relative_dates":{"created":"Posted 2 meses ago","modified":"Updated 2 meses ago"},"absolute_dates":{"created":"Posted on 2 de Mar\u00e7o, 2026","modified":"Updated on 2 de Mar\u00e7o, 2026"},"absolute_dates_time":{"created":"Posted on 2 de Mar\u00e7o, 2026 12:39","modified":"Updated on 2 de Mar\u00e7o, 2026 12:39"},"featured_img_caption":"Espuma de poliuretano extra compacta PENOSIL Espuma Compacta 116","tax_additional":{"product_brand":{"linked":[],"unlinked":[],"slug":"product_brand","name":"Marcas"},"product_type":{"linked":["<a href=\"https:\/\/penosil.com\/pt\/?taxonomy=product_type&#038;term=simple\" class=\"advgb-post-tax-term\">simple<\/a>"],"unlinked":["<span class=\"advgb-post-tax-term\">simple<\/span>"],"slug":"product_type","name":"Tipo de produto"},"product_visibility":{"linked":[],"unlinked":[],"slug":"product_visibility","name":"Visibilidade do produto"},"product_cat":{"linked":["<a href=\"https:\/\/penosil.com\/pt\/categoria-produto\/grupos-de-produtos\/espumas-de-construcao\/espumas-de-pistola\/\" class=\"advgb-post-tax-term\">Espumas de pistola<\/a>","<a href=\"https:\/\/penosil.com\/pt\/categoria-produto\/grupos-de-produtos\/novos-produtos\/\" class=\"advgb-post-tax-term\">Novos produtos<\/a>","<a href=\"https:\/\/penosil.com\/pt\/categoria-produto\/areas-de-aplicacao\/\" class=\"advgb-post-tax-term\">\u00c1reas de aplica\u00e7\u00e3o<\/a>","<a href=\"https:\/\/penosil.com\/pt\/categoria-produto\/grupos-de-produtos\/\" class=\"advgb-post-tax-term\">Grupos de produtos<\/a>","<a href=\"https:\/\/penosil.com\/pt\/categoria-produto\/grupos-de-produtos\/espumas-de-construcao\/\" class=\"advgb-post-tax-term\">Espumas de constru\u00e7\u00e3o<\/a>","<a href=\"https:\/\/penosil.com\/pt\/categoria-produto\/areas-de-aplicacao\/janelas-e-portas-2\/\" class=\"advgb-post-tax-term\">Janelas e Portas<\/a>"],"unlinked":["<span class=\"advgb-post-tax-term\">Espumas de pistola<\/span>","<span class=\"advgb-post-tax-term\">Novos produtos<\/span>","<span class=\"advgb-post-tax-term\">\u00c1reas de aplica\u00e7\u00e3o<\/span>","<span class=\"advgb-post-tax-term\">Grupos de produtos<\/span>","<span class=\"advgb-post-tax-term\">Espumas de constru\u00e7\u00e3o<\/span>","<span class=\"advgb-post-tax-term\">Janelas e Portas<\/span>"],"slug":"product_cat","name":"Categorias de produto"},"product_tag":{"linked":[],"unlinked":[],"slug":"product_tag","name":"Etiquetas de produto"},"product_shipping_class":{"linked":[],"unlinked":[],"slug":"product_shipping_class","name":"Classes de envio do produto"},"pos_product_visibility":{"linked":[],"unlinked":[],"slug":"pos_product_visibility","name":"POS Product visibility"},"pa_color":{"linked":["<a href=\"https:\/\/penosil.com\/pt\/?taxonomy=pa_color&#038;term=amarelo-claro\" class=\"advgb-post-tax-term\">Amarelo claro<\/a>"],"unlinked":["<span class=\"advgb-post-tax-term\">Amarelo claro<\/span>"],"slug":"pa_color","name":"Product Cor"},"pa_package":{"linked":["<a href=\"https:\/\/penosil.com\/pt\/?taxonomy=pa_package&#038;term=aerossol-700-ml\" class=\"advgb-post-tax-term\">Aerossol 700 ml<\/a>"],"unlinked":["<span class=\"advgb-post-tax-term\">Aerossol 700 ml<\/span>"],"slug":"pa_package","name":"Product Package"},"translation_priority":{"linked":["<a href=\"https:\/\/penosil.com\/pt\/?taxonomy=translation_priority&#038;term=opcional\" class=\"advgb-post-tax-term\">Opcional<\/a>"],"unlinked":["<span class=\"advgb-post-tax-term\">Opcional<\/span>"],"slug":"translation_priority","name":"Prioridades da Tradu\u00e7\u00e3o"}},"series_order":"","_links":{"self":[{"href":"https:\/\/penosil.com\/pt\/wp-json\/wp\/v2\/product\/12115","targetHints":{"allow":["GET"]}}],"collection":[{"href":"https:\/\/penosil.com\/pt\/wp-json\/wp\/v2\/product"}],"about":[{"href":"https:\/\/penosil.com\/pt\/wp-json\/wp\/v2\/types\/product"}],"version-history":[{"count":5,"href":"https:\/\/penosil.com\/pt\/wp-json\/wp\/v2\/product\/12115\/revisions"}],"predecessor-version":[{"id":12126,"href":"https:\/\/penosil.com\/pt\/wp-json\/wp\/v2\/product\/12115\/revisions\/12126"}],"wp:featuredmedia":[{"embeddable":true,"href":"https:\/\/penosil.com\/pt\/wp-json\/wp\/v2\/media\/12116"}],"wp:attachment":[{"href":"https:\/\/penosil.com\/pt\/wp-json\/wp\/v2\/media?parent=12115"}],"wp:term":[{"taxonomy":"product_brand","embeddable":true,"href":"https:\/\/penosil.com\/pt\/wp-json\/wp\/v2\/product_brand?post=12115"},{"taxonomy":"product_cat","embeddable":true,"href":"https:\/\/penosil.com\/pt\/wp-json\/wp\/v2\/product_cat?post=12115"},{"taxonomy":"product_tag","embeddable":true,"href":"https:\/\/penosil.com\/pt\/wp-json\/wp\/v2\/product_tag?post=12115"}],"curies":[{"name":"wp","href":"https:\/\/api.w.org\/{rel}","templated":true}]}}