{"id":7691,"date":"2021-05-04T10:38:00","date_gmt":"2021-05-04T10:38:00","guid":{"rendered":"https:\/\/penosil.com\/pt\/?post_type=product&#038;p=7691"},"modified":"2026-02-19T09:38:30","modified_gmt":"2026-02-19T09:38:30","slug":"no-fungos","status":"publish","type":"product","link":"https:\/\/penosil.com\/pt\/produto\/no-fungos\/","title":{"rendered":"No Fungos silicone"},"content":{"rendered":"<p>PENOSIL No Fungos, silicone para casas de banho limpas e saud\u00e1veis.<\/p>\n","protected":false},"excerpt":{"rendered":"PENOSIL No Fungos, silicone para casas de banho limpas e saud\u00e1veis.","protected":false},"author":24,"featured_media":7828,"template":"","meta":{"_acf_changed":false,"advgb_blocks_editor_width":"","advgb_blocks_columns_visual_guide":"","footnotes":""},"product_brand":[],"product_cat":[1369,339,1611,1647,2254],"product_tag":[],"class_list":{"0":"post-7691","1":"product","2":"type-product","3":"status-publish","4":"has-post-thumbnail","6":"product_cat-grupos-de-produtos","7":"product_cat-easy-pro","8":"product_cat-selantes","9":"product_cat-silicones","10":"product_cat-banhos-e-cozinhas","12":"first","13":"instock","14":"taxable","15":"shipping-taxable","16":"purchasable","17":"product-type-variable"},"acf":[],"yoast_head":"<!-- This site is optimized with the Yoast SEO plugin v27.2 - https:\/\/yoast.com\/product\/yoast-seo-wordpress\/ -->\n<title>PENOSIL No Fungos, silicone ac\u00e9tico resista \u00e0 \u00e1gua - EasyPRO<\/title>\n<meta name=\"description\" content=\"A total ader\u00eancia \u00e0 maioria das superf\u00edcies permite que o silicone PENOSIL No Fungos resista \u00e0 \u00e1gua em apenas 30 minutos. Descubra-o!\" \/>\n<meta name=\"robots\" content=\"index, follow, max-snippet:-1, max-image-preview:large, max-video-preview:-1\" \/>\n<link rel=\"canonical\" href=\"https:\/\/penosil.com\/pt\/produto\/no-fungos\/\" \/>\n<meta property=\"og:locale\" content=\"pt_PT\" \/>\n<meta property=\"og:type\" content=\"article\" \/>\n<meta property=\"og:title\" content=\"PENOSIL No Fungos, silicone ac\u00e9tico resista \u00e0 \u00e1gua - EasyPRO\" \/>\n<meta property=\"og:description\" content=\"A total ader\u00eancia \u00e0 maioria das superf\u00edcies permite que o silicone PENOSIL No Fungos resista \u00e0 \u00e1gua em apenas 30 minutos. Descubra-o!\" \/>\n<meta property=\"og:url\" content=\"https:\/\/penosil.com\/pt\/produto\/no-fungos\/\" \/>\n<meta property=\"og:site_name\" content=\"Penosil Portugal\" \/>\n<meta property=\"article:modified_time\" content=\"2026-02-19T09:38:30+00:00\" \/>\n<meta property=\"og:image\" content=\"https:\/\/penosil.com\/pt\/wp-content\/uploads\/sites\/10\/2021\/05\/Penosil-Sin-moho-No-funbgos-ES-PT-KI-BLANCO.jpg\" \/>\n\t<meta property=\"og:image:width\" content=\"360\" \/>\n\t<meta property=\"og:image:height\" content=\"1080\" \/>\n\t<meta property=\"og:image:type\" content=\"image\/jpeg\" \/>\n<meta name=\"twitter:card\" content=\"summary_large_image\" \/>\n<meta name=\"twitter:label1\" content=\"Tempo estimado de leitura\" \/>\n\t<meta name=\"twitter:data1\" content=\"3 minutos\" \/>\n<script type=\"application\/ld+json\" class=\"yoast-schema-graph\">{\"@context\":\"https:\/\/schema.org\",\"@graph\":[{\"@type\":\"WebPage\",\"@id\":\"https:\/\/penosil.com\/pt\/produto\/no-fungos\/\",\"url\":\"https:\/\/penosil.com\/pt\/produto\/no-fungos\/\",\"name\":\"PENOSIL No Fungos, silicone ac\u00e9tico resista \u00e0 \u00e1gua - EasyPRO\",\"isPartOf\":{\"@id\":\"https:\/\/penosil.com\/pt\/#website\"},\"primaryImageOfPage\":{\"@id\":\"https:\/\/penosil.com\/pt\/produto\/no-fungos\/#primaryimage\"},\"image\":{\"@id\":\"https:\/\/penosil.com\/pt\/produto\/no-fungos\/#primaryimage\"},\"thumbnailUrl\":\"https:\/\/penosil.com\/pt\/wp-content\/uploads\/sites\/10\/2021\/05\/Penosil-Sin-moho-No-funbgos-ES-PT-KI-BLANCO.jpg\",\"datePublished\":\"2021-05-04T10:38:00+00:00\",\"dateModified\":\"2026-02-19T09:38:30+00:00\",\"description\":\"A total ader\u00eancia \u00e0 maioria das superf\u00edcies permite que o silicone PENOSIL No Fungos resista \u00e0 \u00e1gua em apenas 30 minutos. Descubra-o!\",\"breadcrumb\":{\"@id\":\"https:\/\/penosil.com\/pt\/produto\/no-fungos\/#breadcrumb\"},\"inLanguage\":\"pt-PT\",\"potentialAction\":[{\"@type\":\"ReadAction\",\"target\":[\"https:\/\/penosil.com\/pt\/produto\/no-fungos\/\"]}]},{\"@type\":\"ImageObject\",\"inLanguage\":\"pt-PT\",\"@id\":\"https:\/\/penosil.com\/pt\/produto\/no-fungos\/#primaryimage\",\"url\":\"https:\/\/penosil.com\/pt\/wp-content\/uploads\/sites\/10\/2021\/05\/Penosil-Sin-moho-No-funbgos-ES-PT-KI-BLANCO.jpg\",\"contentUrl\":\"https:\/\/penosil.com\/pt\/wp-content\/uploads\/sites\/10\/2021\/05\/Penosil-Sin-moho-No-funbgos-ES-PT-KI-BLANCO.jpg\",\"width\":360,\"height\":1080},{\"@type\":\"BreadcrumbList\",\"@id\":\"https:\/\/penosil.com\/pt\/produto\/no-fungos\/#breadcrumb\",\"itemListElement\":[{\"@type\":\"ListItem\",\"position\":1,\"name\":\"Home\",\"item\":\"https:\/\/penosil.com\/pt\/\"},{\"@type\":\"ListItem\",\"position\":2,\"name\":\"Produtos\",\"item\":\"https:\/\/penosil.com\/pt\/produtos\/\"},{\"@type\":\"ListItem\",\"position\":3,\"name\":\"No Fungos silicone\"}]},{\"@type\":\"WebSite\",\"@id\":\"https:\/\/penosil.com\/pt\/#website\",\"url\":\"https:\/\/penosil.com\/pt\/\",\"name\":\"Penosil Portugal\",\"description\":\"\",\"potentialAction\":[{\"@type\":\"SearchAction\",\"target\":{\"@type\":\"EntryPoint\",\"urlTemplate\":\"https:\/\/penosil.com\/pt\/?s={search_term_string}\"},\"query-input\":{\"@type\":\"PropertyValueSpecification\",\"valueRequired\":true,\"valueName\":\"search_term_string\"}}],\"inLanguage\":\"pt-PT\"}]}<\/script>\n<!-- \/ Yoast SEO plugin. -->","yoast_head_json":{"title":"PENOSIL No Fungos, silicone ac\u00e9tico resista \u00e0 \u00e1gua - EasyPRO","description":"A total ader\u00eancia \u00e0 maioria das superf\u00edcies permite que o silicone PENOSIL No Fungos resista \u00e0 \u00e1gua em apenas 30 minutos. Descubra-o!","robots":{"index":"index","follow":"follow","max-snippet":"max-snippet:-1","max-image-preview":"max-image-preview:large","max-video-preview":"max-video-preview:-1"},"canonical":"https:\/\/penosil.com\/pt\/produto\/no-fungos\/","og_locale":"pt_PT","og_type":"article","og_title":"PENOSIL No Fungos, silicone ac\u00e9tico resista \u00e0 \u00e1gua - EasyPRO","og_description":"A total ader\u00eancia \u00e0 maioria das superf\u00edcies permite que o silicone PENOSIL No Fungos resista \u00e0 \u00e1gua em apenas 30 minutos. Descubra-o!","og_url":"https:\/\/penosil.com\/pt\/produto\/no-fungos\/","og_site_name":"Penosil Portugal","article_modified_time":"2026-02-19T09:38:30+00:00","og_image":[{"width":360,"height":1080,"url":"https:\/\/penosil.com\/pt\/wp-content\/uploads\/sites\/10\/2021\/05\/Penosil-Sin-moho-No-funbgos-ES-PT-KI-BLANCO.jpg","type":"image\/jpeg"}],"twitter_card":"summary_large_image","twitter_misc":{"Tempo estimado de leitura":"3 minutos"},"schema":{"@context":"https:\/\/schema.org","@graph":[{"@type":"WebPage","@id":"https:\/\/penosil.com\/pt\/produto\/no-fungos\/","url":"https:\/\/penosil.com\/pt\/produto\/no-fungos\/","name":"PENOSIL No Fungos, silicone ac\u00e9tico resista \u00e0 \u00e1gua - EasyPRO","isPartOf":{"@id":"https:\/\/penosil.com\/pt\/#website"},"primaryImageOfPage":{"@id":"https:\/\/penosil.com\/pt\/produto\/no-fungos\/#primaryimage"},"image":{"@id":"https:\/\/penosil.com\/pt\/produto\/no-fungos\/#primaryimage"},"thumbnailUrl":"https:\/\/penosil.com\/pt\/wp-content\/uploads\/sites\/10\/2021\/05\/Penosil-Sin-moho-No-funbgos-ES-PT-KI-BLANCO.jpg","datePublished":"2021-05-04T10:38:00+00:00","dateModified":"2026-02-19T09:38:30+00:00","description":"A total ader\u00eancia \u00e0 maioria das superf\u00edcies permite que o silicone PENOSIL No Fungos resista \u00e0 \u00e1gua em apenas 30 minutos. Descubra-o!","breadcrumb":{"@id":"https:\/\/penosil.com\/pt\/produto\/no-fungos\/#breadcrumb"},"inLanguage":"pt-PT","potentialAction":[{"@type":"ReadAction","target":["https:\/\/penosil.com\/pt\/produto\/no-fungos\/"]}]},{"@type":"ImageObject","inLanguage":"pt-PT","@id":"https:\/\/penosil.com\/pt\/produto\/no-fungos\/#primaryimage","url":"https:\/\/penosil.com\/pt\/wp-content\/uploads\/sites\/10\/2021\/05\/Penosil-Sin-moho-No-funbgos-ES-PT-KI-BLANCO.jpg","contentUrl":"https:\/\/penosil.com\/pt\/wp-content\/uploads\/sites\/10\/2021\/05\/Penosil-Sin-moho-No-funbgos-ES-PT-KI-BLANCO.jpg","width":360,"height":1080},{"@type":"BreadcrumbList","@id":"https:\/\/penosil.com\/pt\/produto\/no-fungos\/#breadcrumb","itemListElement":[{"@type":"ListItem","position":1,"name":"Home","item":"https:\/\/penosil.com\/pt\/"},{"@type":"ListItem","position":2,"name":"Produtos","item":"https:\/\/penosil.com\/pt\/produtos\/"},{"@type":"ListItem","position":3,"name":"No Fungos silicone"}]},{"@type":"WebSite","@id":"https:\/\/penosil.com\/pt\/#website","url":"https:\/\/penosil.com\/pt\/","name":"Penosil Portugal","description":"","potentialAction":[{"@type":"SearchAction","target":{"@type":"EntryPoint","urlTemplate":"https:\/\/penosil.com\/pt\/?s={search_term_string}"},"query-input":{"@type":"PropertyValueSpecification","valueRequired":true,"valueName":"search_term_string"}}],"inLanguage":"pt-PT"}]}},"featured_img":"https:\/\/penosil.com\/pt\/wp-content\/uploads\/sites\/10\/2021\/05\/Penosil-Sin-moho-No-funbgos-ES-PT-KI-BLANCO.jpg","coauthors":[],"author_meta":{"author_link":"https:\/\/penosil.com\/pt\/author\/armand\/","display_name":"armand"},"relative_dates":{"created":"Posted 5 anos ago","modified":"Updated 2 meses ago"},"absolute_dates":{"created":"Posted on 4 de Maio, 2021","modified":"Updated on 19 de Fevereiro, 2026"},"absolute_dates_time":{"created":"Posted on 4 de Maio, 2021 10:38","modified":"Updated on 19 de Fevereiro, 2026 9:38"},"featured_img_caption":"","tax_additional":{"product_brand":{"linked":[],"unlinked":[],"slug":"product_brand","name":"Marcas"},"product_type":{"linked":["<a href=\"https:\/\/penosil.com\/pt\/?taxonomy=product_type&#038;term=variable\" class=\"advgb-post-tax-term\">variable<\/a>"],"unlinked":["<span class=\"advgb-post-tax-term\">variable<\/span>"],"slug":"product_type","name":"Tipo de produto"},"product_visibility":{"linked":[],"unlinked":[],"slug":"product_visibility","name":"Visibilidade do produto"},"product_cat":{"linked":["<a href=\"https:\/\/penosil.com\/pt\/categoria-produto\/grupos-de-produtos\/\" class=\"advgb-post-tax-term\">Grupos de produtos<\/a>","<a href=\"https:\/\/penosil.com\/pt\/categoria-produto\/easy-pro\/\" class=\"advgb-post-tax-term\">EasyPRO<\/a>","<a href=\"https:\/\/penosil.com\/pt\/categoria-produto\/grupos-de-produtos\/selantes\/\" class=\"advgb-post-tax-term\">Selantes<\/a>","<a href=\"https:\/\/penosil.com\/pt\/en\/products\/product-groups\/sealants\/silicones\/\" class=\"advgb-post-tax-term\">Silicones<\/a>","<a href=\"https:\/\/penosil.com\/pt\/categoria-produto\/easy-pro\/banhos-e-cozinhas\/\" class=\"advgb-post-tax-term\">Banhos e Cozinhas<\/a>"],"unlinked":["<span class=\"advgb-post-tax-term\">Grupos de produtos<\/span>","<span class=\"advgb-post-tax-term\">EasyPRO<\/span>","<span class=\"advgb-post-tax-term\">Selantes<\/span>","<span class=\"advgb-post-tax-term\">Silicones<\/span>","<span class=\"advgb-post-tax-term\">Banhos e Cozinhas<\/span>"],"slug":"product_cat","name":"Categorias de produto"},"product_tag":{"linked":[],"unlinked":[],"slug":"product_tag","name":"Etiquetas de produto"},"product_shipping_class":{"linked":[],"unlinked":[],"slug":"product_shipping_class","name":"Classes de envio do produto"},"pos_product_visibility":{"linked":[],"unlinked":[],"slug":"pos_product_visibility","name":"POS Product visibility"},"pa_color":{"linked":["<a href=\"https:\/\/penosil.com\/pt\/?taxonomy=pa_color&#038;term=transparente\" class=\"advgb-post-tax-term\">Transparente<\/a>","<a href=\"https:\/\/penosil.com\/pt\/?taxonomy=pa_color&#038;term=branco\" class=\"advgb-post-tax-term\">Branco<\/a>"],"unlinked":["<span class=\"advgb-post-tax-term\">Transparente<\/span>","<span class=\"advgb-post-tax-term\">Branco<\/span>"],"slug":"pa_color","name":"Product Cor"},"pa_package":{"linked":[],"unlinked":[],"slug":"pa_package","name":"Product Package"},"translation_priority":{"linked":["<a href=\"https:\/\/penosil.com\/pt\/?taxonomy=translation_priority&#038;term=opcional\" class=\"advgb-post-tax-term\">Opcional<\/a>"],"unlinked":["<span class=\"advgb-post-tax-term\">Opcional<\/span>"],"slug":"translation_priority","name":"Prioridades da Tradu\u00e7\u00e3o"}},"series_order":"","_links":{"self":[{"href":"https:\/\/penosil.com\/pt\/wp-json\/wp\/v2\/product\/7691","targetHints":{"allow":["GET"]}}],"collection":[{"href":"https:\/\/penosil.com\/pt\/wp-json\/wp\/v2\/product"}],"about":[{"href":"https:\/\/penosil.com\/pt\/wp-json\/wp\/v2\/types\/product"}],"version-history":[{"count":3,"href":"https:\/\/penosil.com\/pt\/wp-json\/wp\/v2\/product\/7691\/revisions"}],"predecessor-version":[{"id":12063,"href":"https:\/\/penosil.com\/pt\/wp-json\/wp\/v2\/product\/7691\/revisions\/12063"}],"wp:featuredmedia":[{"embeddable":true,"href":"https:\/\/penosil.com\/pt\/wp-json\/wp\/v2\/media\/7828"}],"wp:attachment":[{"href":"https:\/\/penosil.com\/pt\/wp-json\/wp\/v2\/media?parent=7691"}],"wp:term":[{"taxonomy":"product_brand","embeddable":true,"href":"https:\/\/penosil.com\/pt\/wp-json\/wp\/v2\/product_brand?post=7691"},{"taxonomy":"product_cat","embeddable":true,"href":"https:\/\/penosil.com\/pt\/wp-json\/wp\/v2\/product_cat?post=7691"},{"taxonomy":"product_tag","embeddable":true,"href":"https:\/\/penosil.com\/pt\/wp-json\/wp\/v2\/product_tag?post=7691"}],"curies":[{"name":"wp","href":"https:\/\/api.w.org\/{rel}","templated":true}]}}