{"id":7698,"date":"2024-09-13T11:26:27","date_gmt":"2024-09-13T11:26:27","guid":{"rendered":"https:\/\/penosil.com\/pt\/?post_type=product&#038;p=7698"},"modified":"2026-02-20T07:31:59","modified_gmt":"2026-02-20T07:31:59","slug":"aqua-barrier-708-revestimento-ms-impermeabilizacao","status":"publish","type":"product","link":"https:\/\/penosil.com\/pt\/produto\/aqua-barrier-708-revestimento-ms-impermeabilizacao\/","title":{"rendered":"Aqua Barrier 708"},"content":{"rendered":"<p>PENOSIL Aqua Barrier 708 \u00e9 um revestimento de impermeabiliza\u00e7\u00e3o base MS para o tratamento de telhados e terra\u00e7os, com ader\u00eancia mesmo em superf\u00edcies h\u00famidas, e elevada capacidade de preencher fendas e fissuras. Cura rapidamente formando uma membrana estanque, resistente \u00e0 humidade, \u00e0 chuva ap\u00f3s aplica\u00e7\u00e3o, \u00e0 \u00e1gua estancada e aos UV&#8217;s.<\/p>\n","protected":false},"excerpt":{"rendered":"PENOSIL Aqua Barrier 708 \u00e9 um revestimento de impermeabiliza\u00e7\u00e3o MS que adere \u00e0 maioria dos materiais utilizados na constru\u00e7\u00e3o de telhados. O produto cura rapidamente e torna-se uma membrana estanque, proporcionando uma impermeabiliza\u00e7\u00e3o total e uma solu\u00e7\u00e3o eficaz, simples e duradoura contra a infiltra\u00e7\u00e3o de \u00e1gua e a humidade.","protected":false},"author":24,"featured_media":9975,"template":"","meta":{"_acf_changed":false,"advgb_blocks_editor_width":"","advgb_blocks_columns_visual_guide":"","footnotes":""},"product_brand":[],"product_cat":[2290,2262,1369,2297,2261],"product_tag":[],"class_list":{"0":"post-7698","1":"product","2":"type-product","3":"status-publish","4":"has-post-thumbnail","6":"product_cat-areas-de-aplicacao","7":"product_cat-novos-produtos","8":"product_cat-grupos-de-produtos","9":"product_cat-telhados-e-fachadas","10":"product_cat-tratamentos-de-superficies","12":"first","13":"instock","14":"taxable","15":"shipping-taxable","16":"product-type-variable"},"acf":[],"yoast_head":"<!-- This site is optimized with the Yoast SEO plugin v27.2 - https:\/\/yoast.com\/product\/yoast-seo-wordpress\/ -->\n<title>PENOSIL Aqua Barrier Revestimento MS impermeabilizante<\/title>\n<meta name=\"description\" content=\"PENOSIL Aqua Barrier 708, revestimento MS impermeabilizante para repara\u00e7\u00e3o e renova\u00e7\u00e3o de coberturas, para todas as superf\u00edcies, inclusive h\u00famidas.\" \/>\n<meta name=\"robots\" content=\"index, follow, max-snippet:-1, max-image-preview:large, max-video-preview:-1\" \/>\n<link rel=\"canonical\" href=\"https:\/\/penosil.com\/pt\/produto\/aqua-barrier-708-revestimento-ms-impermeabilizacao\/\" \/>\n<meta property=\"og:locale\" content=\"pt_PT\" \/>\n<meta property=\"og:type\" content=\"article\" \/>\n<meta property=\"og:title\" content=\"PENOSIL Aqua Barrier Revestimento MS impermeabilizante\" \/>\n<meta property=\"og:description\" content=\"PENOSIL Aqua Barrier 708, revestimento MS impermeabilizante para repara\u00e7\u00e3o e renova\u00e7\u00e3o de coberturas, para todas as superf\u00edcies, inclusive h\u00famidas.\" \/>\n<meta property=\"og:url\" content=\"https:\/\/penosil.com\/pt\/produto\/aqua-barrier-708-revestimento-ms-impermeabilizacao\/\" \/>\n<meta property=\"og:site_name\" content=\"Penosil Portugal\" \/>\n<meta property=\"article:modified_time\" content=\"2026-02-20T07:31:59+00:00\" \/>\n<meta property=\"og:image\" content=\"https:\/\/penosil.com\/pt\/wp-content\/uploads\/sites\/10\/2021\/05\/Revestimento-MS-impermeabilizante-Penosil-Aqua-Barrier-708-pt.png\" \/>\n\t<meta property=\"og:image:width\" content=\"828\" \/>\n\t<meta property=\"og:image:height\" content=\"1080\" \/>\n\t<meta property=\"og:image:type\" content=\"image\/png\" \/>\n<meta name=\"twitter:card\" content=\"summary_large_image\" \/>\n<meta name=\"twitter:label1\" content=\"Tempo estimado de leitura\" \/>\n\t<meta name=\"twitter:data1\" content=\"4 minutos\" \/>\n<script type=\"application\/ld+json\" class=\"yoast-schema-graph\">{\"@context\":\"https:\/\/schema.org\",\"@graph\":[{\"@type\":\"WebPage\",\"@id\":\"https:\/\/penosil.com\/pt\/produto\/aqua-barrier-708-revestimento-ms-impermeabilizacao\/\",\"url\":\"https:\/\/penosil.com\/pt\/produto\/aqua-barrier-708-revestimento-ms-impermeabilizacao\/\",\"name\":\"PENOSIL Aqua Barrier Revestimento MS impermeabilizante\",\"isPartOf\":{\"@id\":\"https:\/\/penosil.com\/pt\/#website\"},\"primaryImageOfPage\":{\"@id\":\"https:\/\/penosil.com\/pt\/produto\/aqua-barrier-708-revestimento-ms-impermeabilizacao\/#primaryimage\"},\"image\":{\"@id\":\"https:\/\/penosil.com\/pt\/produto\/aqua-barrier-708-revestimento-ms-impermeabilizacao\/#primaryimage\"},\"thumbnailUrl\":\"https:\/\/penosil.com\/pt\/wp-content\/uploads\/sites\/10\/2021\/05\/Revestimento-MS-impermeabilizante-Penosil-Aqua-Barrier-708-pt.png\",\"datePublished\":\"2024-09-13T11:26:27+00:00\",\"dateModified\":\"2026-02-20T07:31:59+00:00\",\"description\":\"PENOSIL Aqua Barrier 708, revestimento MS impermeabilizante para repara\u00e7\u00e3o e renova\u00e7\u00e3o de coberturas, para todas as superf\u00edcies, inclusive h\u00famidas.\",\"breadcrumb\":{\"@id\":\"https:\/\/penosil.com\/pt\/produto\/aqua-barrier-708-revestimento-ms-impermeabilizacao\/#breadcrumb\"},\"inLanguage\":\"pt-PT\",\"potentialAction\":[{\"@type\":\"ReadAction\",\"target\":[\"https:\/\/penosil.com\/pt\/produto\/aqua-barrier-708-revestimento-ms-impermeabilizacao\/\"]}]},{\"@type\":\"ImageObject\",\"inLanguage\":\"pt-PT\",\"@id\":\"https:\/\/penosil.com\/pt\/produto\/aqua-barrier-708-revestimento-ms-impermeabilizacao\/#primaryimage\",\"url\":\"https:\/\/penosil.com\/pt\/wp-content\/uploads\/sites\/10\/2021\/05\/Revestimento-MS-impermeabilizante-Penosil-Aqua-Barrier-708-pt.png\",\"contentUrl\":\"https:\/\/penosil.com\/pt\/wp-content\/uploads\/sites\/10\/2021\/05\/Revestimento-MS-impermeabilizante-Penosil-Aqua-Barrier-708-pt.png\",\"width\":828,\"height\":1080,\"caption\":\"Revestimento MS impermeabilizante PENOSIL Aqua Barrier 708\"},{\"@type\":\"BreadcrumbList\",\"@id\":\"https:\/\/penosil.com\/pt\/produto\/aqua-barrier-708-revestimento-ms-impermeabilizacao\/#breadcrumb\",\"itemListElement\":[{\"@type\":\"ListItem\",\"position\":1,\"name\":\"Home\",\"item\":\"https:\/\/penosil.com\/pt\/\"},{\"@type\":\"ListItem\",\"position\":2,\"name\":\"Produtos\",\"item\":\"https:\/\/penosil.com\/pt\/produtos\/\"},{\"@type\":\"ListItem\",\"position\":3,\"name\":\"Aqua Barrier 708\"}]},{\"@type\":\"WebSite\",\"@id\":\"https:\/\/penosil.com\/pt\/#website\",\"url\":\"https:\/\/penosil.com\/pt\/\",\"name\":\"Penosil Portugal\",\"description\":\"\",\"potentialAction\":[{\"@type\":\"SearchAction\",\"target\":{\"@type\":\"EntryPoint\",\"urlTemplate\":\"https:\/\/penosil.com\/pt\/?s={search_term_string}\"},\"query-input\":{\"@type\":\"PropertyValueSpecification\",\"valueRequired\":true,\"valueName\":\"search_term_string\"}}],\"inLanguage\":\"pt-PT\"}]}<\/script>\n<!-- \/ Yoast SEO plugin. -->","yoast_head_json":{"title":"PENOSIL Aqua Barrier Revestimento MS impermeabilizante","description":"PENOSIL Aqua Barrier 708, revestimento MS impermeabilizante para repara\u00e7\u00e3o e renova\u00e7\u00e3o de coberturas, para todas as superf\u00edcies, inclusive h\u00famidas.","robots":{"index":"index","follow":"follow","max-snippet":"max-snippet:-1","max-image-preview":"max-image-preview:large","max-video-preview":"max-video-preview:-1"},"canonical":"https:\/\/penosil.com\/pt\/produto\/aqua-barrier-708-revestimento-ms-impermeabilizacao\/","og_locale":"pt_PT","og_type":"article","og_title":"PENOSIL Aqua Barrier Revestimento MS impermeabilizante","og_description":"PENOSIL Aqua Barrier 708, revestimento MS impermeabilizante para repara\u00e7\u00e3o e renova\u00e7\u00e3o de coberturas, para todas as superf\u00edcies, inclusive h\u00famidas.","og_url":"https:\/\/penosil.com\/pt\/produto\/aqua-barrier-708-revestimento-ms-impermeabilizacao\/","og_site_name":"Penosil Portugal","article_modified_time":"2026-02-20T07:31:59+00:00","og_image":[{"width":828,"height":1080,"url":"https:\/\/penosil.com\/pt\/wp-content\/uploads\/sites\/10\/2021\/05\/Revestimento-MS-impermeabilizante-Penosil-Aqua-Barrier-708-pt.png","type":"image\/png"}],"twitter_card":"summary_large_image","twitter_misc":{"Tempo estimado de leitura":"4 minutos"},"schema":{"@context":"https:\/\/schema.org","@graph":[{"@type":"WebPage","@id":"https:\/\/penosil.com\/pt\/produto\/aqua-barrier-708-revestimento-ms-impermeabilizacao\/","url":"https:\/\/penosil.com\/pt\/produto\/aqua-barrier-708-revestimento-ms-impermeabilizacao\/","name":"PENOSIL Aqua Barrier Revestimento MS impermeabilizante","isPartOf":{"@id":"https:\/\/penosil.com\/pt\/#website"},"primaryImageOfPage":{"@id":"https:\/\/penosil.com\/pt\/produto\/aqua-barrier-708-revestimento-ms-impermeabilizacao\/#primaryimage"},"image":{"@id":"https:\/\/penosil.com\/pt\/produto\/aqua-barrier-708-revestimento-ms-impermeabilizacao\/#primaryimage"},"thumbnailUrl":"https:\/\/penosil.com\/pt\/wp-content\/uploads\/sites\/10\/2021\/05\/Revestimento-MS-impermeabilizante-Penosil-Aqua-Barrier-708-pt.png","datePublished":"2024-09-13T11:26:27+00:00","dateModified":"2026-02-20T07:31:59+00:00","description":"PENOSIL Aqua Barrier 708, revestimento MS impermeabilizante para repara\u00e7\u00e3o e renova\u00e7\u00e3o de coberturas, para todas as superf\u00edcies, inclusive h\u00famidas.","breadcrumb":{"@id":"https:\/\/penosil.com\/pt\/produto\/aqua-barrier-708-revestimento-ms-impermeabilizacao\/#breadcrumb"},"inLanguage":"pt-PT","potentialAction":[{"@type":"ReadAction","target":["https:\/\/penosil.com\/pt\/produto\/aqua-barrier-708-revestimento-ms-impermeabilizacao\/"]}]},{"@type":"ImageObject","inLanguage":"pt-PT","@id":"https:\/\/penosil.com\/pt\/produto\/aqua-barrier-708-revestimento-ms-impermeabilizacao\/#primaryimage","url":"https:\/\/penosil.com\/pt\/wp-content\/uploads\/sites\/10\/2021\/05\/Revestimento-MS-impermeabilizante-Penosil-Aqua-Barrier-708-pt.png","contentUrl":"https:\/\/penosil.com\/pt\/wp-content\/uploads\/sites\/10\/2021\/05\/Revestimento-MS-impermeabilizante-Penosil-Aqua-Barrier-708-pt.png","width":828,"height":1080,"caption":"Revestimento MS impermeabilizante PENOSIL Aqua Barrier 708"},{"@type":"BreadcrumbList","@id":"https:\/\/penosil.com\/pt\/produto\/aqua-barrier-708-revestimento-ms-impermeabilizacao\/#breadcrumb","itemListElement":[{"@type":"ListItem","position":1,"name":"Home","item":"https:\/\/penosil.com\/pt\/"},{"@type":"ListItem","position":2,"name":"Produtos","item":"https:\/\/penosil.com\/pt\/produtos\/"},{"@type":"ListItem","position":3,"name":"Aqua Barrier 708"}]},{"@type":"WebSite","@id":"https:\/\/penosil.com\/pt\/#website","url":"https:\/\/penosil.com\/pt\/","name":"Penosil Portugal","description":"","potentialAction":[{"@type":"SearchAction","target":{"@type":"EntryPoint","urlTemplate":"https:\/\/penosil.com\/pt\/?s={search_term_string}"},"query-input":{"@type":"PropertyValueSpecification","valueRequired":true,"valueName":"search_term_string"}}],"inLanguage":"pt-PT"}]}},"featured_img":"https:\/\/penosil.com\/pt\/wp-content\/uploads\/sites\/10\/2021\/05\/Revestimento-MS-impermeabilizante-Penosil-Aqua-Barrier-708-pt.png","coauthors":[],"author_meta":{"author_link":"https:\/\/penosil.com\/pt\/author\/armand\/","display_name":"armand"},"relative_dates":{"created":"Posted 2 anos ago","modified":"Updated 2 meses ago"},"absolute_dates":{"created":"Posted on 13 de Setembro, 2024","modified":"Updated on 20 de Fevereiro, 2026"},"absolute_dates_time":{"created":"Posted on 13 de Setembro, 2024 11:26","modified":"Updated on 20 de Fevereiro, 2026 7:31"},"featured_img_caption":"","tax_additional":{"product_brand":{"linked":[],"unlinked":[],"slug":"product_brand","name":"Marcas"},"product_type":{"linked":["<a href=\"https:\/\/penosil.com\/pt\/?taxonomy=product_type&#038;term=variable\" class=\"advgb-post-tax-term\">variable<\/a>"],"unlinked":["<span class=\"advgb-post-tax-term\">variable<\/span>"],"slug":"product_type","name":"Tipo de produto"},"product_visibility":{"linked":[],"unlinked":[],"slug":"product_visibility","name":"Visibilidade do produto"},"product_cat":{"linked":["<a href=\"https:\/\/penosil.com\/pt\/categoria-produto\/areas-de-aplicacao\/\" class=\"advgb-post-tax-term\">\u00c1reas de aplica\u00e7\u00e3o<\/a>","<a href=\"https:\/\/penosil.com\/pt\/categoria-produto\/grupos-de-produtos\/novos-produtos\/\" class=\"advgb-post-tax-term\">Novos produtos<\/a>","<a href=\"https:\/\/penosil.com\/pt\/categoria-produto\/grupos-de-produtos\/\" class=\"advgb-post-tax-term\">Grupos de produtos<\/a>","<a href=\"https:\/\/penosil.com\/pt\/categoria-produto\/areas-de-aplicacao\/telhados-e-fachadas\/\" class=\"advgb-post-tax-term\">Telhados e Fachadas<\/a>","<a href=\"https:\/\/penosil.com\/pt\/categoria-produto\/grupos-de-produtos\/tratamentos-de-superficies\/\" class=\"advgb-post-tax-term\">Tratamentos de superf\u00edcies<\/a>"],"unlinked":["<span class=\"advgb-post-tax-term\">\u00c1reas de aplica\u00e7\u00e3o<\/span>","<span class=\"advgb-post-tax-term\">Novos produtos<\/span>","<span class=\"advgb-post-tax-term\">Grupos de produtos<\/span>","<span class=\"advgb-post-tax-term\">Telhados e Fachadas<\/span>","<span class=\"advgb-post-tax-term\">Tratamentos de superf\u00edcies<\/span>"],"slug":"product_cat","name":"Categorias de produto"},"product_tag":{"linked":[],"unlinked":[],"slug":"product_tag","name":"Etiquetas de produto"},"product_shipping_class":{"linked":[],"unlinked":[],"slug":"product_shipping_class","name":"Classes de envio do produto"},"pos_product_visibility":{"linked":[],"unlinked":[],"slug":"pos_product_visibility","name":"POS Product visibility"},"pa_color":{"linked":["<a href=\"https:\/\/penosil.com\/pt\/?taxonomy=pa_color&#038;term=preto\" class=\"advgb-post-tax-term\">Preto<\/a>","<a href=\"https:\/\/penosil.com\/pt\/?taxonomy=pa_color&#038;term=cinzento\" class=\"advgb-post-tax-term\">Cinzento<\/a>","<a href=\"https:\/\/penosil.com\/pt\/?taxonomy=pa_color&#038;term=vermelho\" class=\"advgb-post-tax-term\">Vermelho<\/a>","<a href=\"https:\/\/penosil.com\/pt\/?taxonomy=pa_color&#038;term=branco\" class=\"advgb-post-tax-term\">Branco<\/a>","<a href=\"https:\/\/penosil.com\/pt\/?taxonomy=pa_color&#038;term=telha\" class=\"advgb-post-tax-term\">Telha<\/a>"],"unlinked":["<span class=\"advgb-post-tax-term\">Preto<\/span>","<span class=\"advgb-post-tax-term\">Cinzento<\/span>","<span class=\"advgb-post-tax-term\">Vermelho<\/span>","<span class=\"advgb-post-tax-term\">Branco<\/span>","<span class=\"advgb-post-tax-term\">Telha<\/span>"],"slug":"pa_color","name":"Product Cor"},"pa_package":{"linked":["<a href=\"https:\/\/penosil.com\/pt\/?taxonomy=pa_package&#038;term=1-kg\" class=\"advgb-post-tax-term\">1 kg<\/a>","<a href=\"https:\/\/penosil.com\/pt\/?taxonomy=pa_package&#038;term=4-kg\" class=\"advgb-post-tax-term\">4 kg<\/a>","<a href=\"https:\/\/penosil.com\/pt\/?taxonomy=pa_package&#038;term=14-kg\" class=\"advgb-post-tax-term\">14 kg<\/a>"],"unlinked":["<span class=\"advgb-post-tax-term\">1 kg<\/span>","<span class=\"advgb-post-tax-term\">4 kg<\/span>","<span class=\"advgb-post-tax-term\">14 kg<\/span>"],"slug":"pa_package","name":"Product Package"},"translation_priority":{"linked":["<a href=\"https:\/\/penosil.com\/pt\/?taxonomy=translation_priority&#038;term=opcional\" class=\"advgb-post-tax-term\">Opcional<\/a>"],"unlinked":["<span class=\"advgb-post-tax-term\">Opcional<\/span>"],"slug":"translation_priority","name":"Prioridades da Tradu\u00e7\u00e3o"}},"series_order":"","_links":{"self":[{"href":"https:\/\/penosil.com\/pt\/wp-json\/wp\/v2\/product\/7698","targetHints":{"allow":["GET"]}}],"collection":[{"href":"https:\/\/penosil.com\/pt\/wp-json\/wp\/v2\/product"}],"about":[{"href":"https:\/\/penosil.com\/pt\/wp-json\/wp\/v2\/types\/product"}],"version-history":[{"count":7,"href":"https:\/\/penosil.com\/pt\/wp-json\/wp\/v2\/product\/7698\/revisions"}],"predecessor-version":[{"id":12077,"href":"https:\/\/penosil.com\/pt\/wp-json\/wp\/v2\/product\/7698\/revisions\/12077"}],"wp:featuredmedia":[{"embeddable":true,"href":"https:\/\/penosil.com\/pt\/wp-json\/wp\/v2\/media\/9975"}],"wp:attachment":[{"href":"https:\/\/penosil.com\/pt\/wp-json\/wp\/v2\/media?parent=7698"}],"wp:term":[{"taxonomy":"product_brand","embeddable":true,"href":"https:\/\/penosil.com\/pt\/wp-json\/wp\/v2\/product_brand?post=7698"},{"taxonomy":"product_cat","embeddable":true,"href":"https:\/\/penosil.com\/pt\/wp-json\/wp\/v2\/product_cat?post=7698"},{"taxonomy":"product_tag","embeddable":true,"href":"https:\/\/penosil.com\/pt\/wp-json\/wp\/v2\/product_tag?post=7698"}],"curies":[{"name":"wp","href":"https:\/\/api.w.org\/{rel}","templated":true}]}}