{"id":7712,"date":"2021-05-04T13:12:18","date_gmt":"2021-05-04T13:12:18","guid":{"rendered":"https:\/\/penosil.com\/pt\/?post_type=product&#038;p=7712"},"modified":"2025-03-11T09:19:10","modified_gmt":"2025-03-11T09:19:10","slug":"fendas-e-fissuras","status":"publish","type":"product","link":"https:\/\/penosil.com\/pt\/produto\/fendas-e-fissuras\/","title":{"rendered":"Fendas e Fissuras"},"content":{"rendered":"<p>Fendas e Fissuras, selante acr\u00edlico para tratar com precis\u00e3o fendas e fissuras antes de pintar<\/p>\n","protected":false},"excerpt":{"rendered":"Fendas e Fissuras, selante acr\u00edlico para tratar com precis\u00e3o fendas e fissuras antes de pintar","protected":false},"author":24,"featured_media":8167,"template":"","meta":{"_acf_changed":false,"advgb_blocks_editor_width":"","advgb_blocks_columns_visual_guide":"","footnotes":""},"product_brand":[],"product_cat":[1369,1628,339,1611,2255],"product_tag":[],"class_list":{"0":"post-7712","1":"product","2":"type-product","3":"status-publish","4":"has-post-thumbnail","6":"product_cat-grupos-de-produtos","7":"product_cat-acrilicos","8":"product_cat-easy-pro","9":"product_cat-selantes","10":"product_cat-preenchimento-e-pintura","12":"first","13":"instock","14":"taxable","15":"shipping-taxable","16":"purchasable","17":"product-type-simple"},"acf":[],"yoast_head":"<!-- This site is optimized with the Yoast SEO plugin v27.2 - https:\/\/yoast.com\/product\/yoast-seo-wordpress\/ -->\n<title>PENOSIL Fendas e Fissuras, selante acr\u00edlico para tratar fendas e fissuras<\/title>\n<meta name=\"description\" content=\"PENOSIL Fendas e Fissuras, selante acr\u00edlico para tratar com precis\u00e3o fendas e fissuras antes de pintar. Descubra-o!\" \/>\n<meta name=\"robots\" content=\"noindex, follow\" \/>\n<meta property=\"og:locale\" content=\"pt_PT\" \/>\n<meta property=\"og:type\" content=\"article\" \/>\n<meta property=\"og:title\" content=\"PENOSIL Fendas e Fissuras, selante acr\u00edlico para tratar fendas e fissuras\" \/>\n<meta property=\"og:description\" content=\"PENOSIL Fendas e Fissuras, selante acr\u00edlico para tratar com precis\u00e3o fendas e fissuras antes de pintar. Descubra-o!\" \/>\n<meta property=\"og:url\" content=\"https:\/\/penosil.com\/pt\/produto\/fendas-e-fissuras\/\" \/>\n<meta property=\"og:site_name\" content=\"Penosil Portugal\" \/>\n<meta property=\"article:modified_time\" content=\"2025-03-11T09:19:10+00:00\" \/>\n<meta property=\"og:image\" content=\"https:\/\/penosil.com\/pt\/wp-content\/uploads\/sites\/10\/2021\/05\/WG-2022-PENOSIL-GRIETAS-FISURAS-BLANCO-ES-PT.png\" \/>\n\t<meta property=\"og:image:width\" content=\"357\" \/>\n\t<meta property=\"og:image:height\" content=\"1080\" \/>\n\t<meta property=\"og:image:type\" content=\"image\/png\" \/>\n<meta name=\"twitter:card\" content=\"summary_large_image\" \/>\n<meta name=\"twitter:label1\" content=\"Tempo estimado de leitura\" \/>\n\t<meta name=\"twitter:data1\" content=\"3 minutos\" \/>\n<script type=\"application\/ld+json\" class=\"yoast-schema-graph\">{\"@context\":\"https:\/\/schema.org\",\"@graph\":[{\"@type\":\"WebPage\",\"@id\":\"https:\/\/penosil.com\/pt\/produto\/fendas-e-fissuras\/\",\"url\":\"https:\/\/penosil.com\/pt\/produto\/fendas-e-fissuras\/\",\"name\":\"PENOSIL Fendas e Fissuras, selante acr\u00edlico para tratar fendas e fissuras\",\"isPartOf\":{\"@id\":\"https:\/\/penosil.com\/pt\/#website\"},\"primaryImageOfPage\":{\"@id\":\"https:\/\/penosil.com\/pt\/produto\/fendas-e-fissuras\/#primaryimage\"},\"image\":{\"@id\":\"https:\/\/penosil.com\/pt\/produto\/fendas-e-fissuras\/#primaryimage\"},\"thumbnailUrl\":\"https:\/\/penosil.com\/pt\/wp-content\/uploads\/sites\/10\/2021\/05\/WG-2022-PENOSIL-GRIETAS-FISURAS-BLANCO-ES-PT.png\",\"datePublished\":\"2021-05-04T13:12:18+00:00\",\"dateModified\":\"2025-03-11T09:19:10+00:00\",\"description\":\"PENOSIL Fendas e Fissuras, selante acr\u00edlico para tratar com precis\u00e3o fendas e fissuras antes de pintar. Descubra-o!\",\"breadcrumb\":{\"@id\":\"https:\/\/penosil.com\/pt\/produto\/fendas-e-fissuras\/#breadcrumb\"},\"inLanguage\":\"pt-PT\",\"potentialAction\":[{\"@type\":\"ReadAction\",\"target\":[\"https:\/\/penosil.com\/pt\/produto\/fendas-e-fissuras\/\"]}]},{\"@type\":\"ImageObject\",\"inLanguage\":\"pt-PT\",\"@id\":\"https:\/\/penosil.com\/pt\/produto\/fendas-e-fissuras\/#primaryimage\",\"url\":\"https:\/\/penosil.com\/pt\/wp-content\/uploads\/sites\/10\/2021\/05\/WG-2022-PENOSIL-GRIETAS-FISURAS-BLANCO-ES-PT.png\",\"contentUrl\":\"https:\/\/penosil.com\/pt\/wp-content\/uploads\/sites\/10\/2021\/05\/WG-2022-PENOSIL-GRIETAS-FISURAS-BLANCO-ES-PT.png\",\"width\":357,\"height\":1080,\"caption\":\"Fendas e Fissuras | selante acr\u00edlico para juntas limpas e lisas antes de pintar\"},{\"@type\":\"BreadcrumbList\",\"@id\":\"https:\/\/penosil.com\/pt\/produto\/fendas-e-fissuras\/#breadcrumb\",\"itemListElement\":[{\"@type\":\"ListItem\",\"position\":1,\"name\":\"Home\",\"item\":\"https:\/\/penosil.com\/pt\/\"},{\"@type\":\"ListItem\",\"position\":2,\"name\":\"Produtos\",\"item\":\"https:\/\/penosil.com\/pt\/produtos\/\"},{\"@type\":\"ListItem\",\"position\":3,\"name\":\"Fendas e Fissuras\"}]},{\"@type\":\"WebSite\",\"@id\":\"https:\/\/penosil.com\/pt\/#website\",\"url\":\"https:\/\/penosil.com\/pt\/\",\"name\":\"Penosil Portugal\",\"description\":\"\",\"potentialAction\":[{\"@type\":\"SearchAction\",\"target\":{\"@type\":\"EntryPoint\",\"urlTemplate\":\"https:\/\/penosil.com\/pt\/?s={search_term_string}\"},\"query-input\":{\"@type\":\"PropertyValueSpecification\",\"valueRequired\":true,\"valueName\":\"search_term_string\"}}],\"inLanguage\":\"pt-PT\"}]}<\/script>\n<!-- \/ Yoast SEO plugin. -->","yoast_head_json":{"title":"PENOSIL Fendas e Fissuras, selante acr\u00edlico para tratar fendas e fissuras","description":"PENOSIL Fendas e Fissuras, selante acr\u00edlico para tratar com precis\u00e3o fendas e fissuras antes de pintar. Descubra-o!","robots":{"index":"noindex","follow":"follow"},"og_locale":"pt_PT","og_type":"article","og_title":"PENOSIL Fendas e Fissuras, selante acr\u00edlico para tratar fendas e fissuras","og_description":"PENOSIL Fendas e Fissuras, selante acr\u00edlico para tratar com precis\u00e3o fendas e fissuras antes de pintar. Descubra-o!","og_url":"https:\/\/penosil.com\/pt\/produto\/fendas-e-fissuras\/","og_site_name":"Penosil Portugal","article_modified_time":"2025-03-11T09:19:10+00:00","og_image":[{"width":357,"height":1080,"url":"https:\/\/penosil.com\/pt\/wp-content\/uploads\/sites\/10\/2021\/05\/WG-2022-PENOSIL-GRIETAS-FISURAS-BLANCO-ES-PT.png","type":"image\/png"}],"twitter_card":"summary_large_image","twitter_misc":{"Tempo estimado de leitura":"3 minutos"},"schema":{"@context":"https:\/\/schema.org","@graph":[{"@type":"WebPage","@id":"https:\/\/penosil.com\/pt\/produto\/fendas-e-fissuras\/","url":"https:\/\/penosil.com\/pt\/produto\/fendas-e-fissuras\/","name":"PENOSIL Fendas e Fissuras, selante acr\u00edlico para tratar fendas e fissuras","isPartOf":{"@id":"https:\/\/penosil.com\/pt\/#website"},"primaryImageOfPage":{"@id":"https:\/\/penosil.com\/pt\/produto\/fendas-e-fissuras\/#primaryimage"},"image":{"@id":"https:\/\/penosil.com\/pt\/produto\/fendas-e-fissuras\/#primaryimage"},"thumbnailUrl":"https:\/\/penosil.com\/pt\/wp-content\/uploads\/sites\/10\/2021\/05\/WG-2022-PENOSIL-GRIETAS-FISURAS-BLANCO-ES-PT.png","datePublished":"2021-05-04T13:12:18+00:00","dateModified":"2025-03-11T09:19:10+00:00","description":"PENOSIL Fendas e Fissuras, selante acr\u00edlico para tratar com precis\u00e3o fendas e fissuras antes de pintar. Descubra-o!","breadcrumb":{"@id":"https:\/\/penosil.com\/pt\/produto\/fendas-e-fissuras\/#breadcrumb"},"inLanguage":"pt-PT","potentialAction":[{"@type":"ReadAction","target":["https:\/\/penosil.com\/pt\/produto\/fendas-e-fissuras\/"]}]},{"@type":"ImageObject","inLanguage":"pt-PT","@id":"https:\/\/penosil.com\/pt\/produto\/fendas-e-fissuras\/#primaryimage","url":"https:\/\/penosil.com\/pt\/wp-content\/uploads\/sites\/10\/2021\/05\/WG-2022-PENOSIL-GRIETAS-FISURAS-BLANCO-ES-PT.png","contentUrl":"https:\/\/penosil.com\/pt\/wp-content\/uploads\/sites\/10\/2021\/05\/WG-2022-PENOSIL-GRIETAS-FISURAS-BLANCO-ES-PT.png","width":357,"height":1080,"caption":"Fendas e Fissuras | selante acr\u00edlico para juntas limpas e lisas antes de pintar"},{"@type":"BreadcrumbList","@id":"https:\/\/penosil.com\/pt\/produto\/fendas-e-fissuras\/#breadcrumb","itemListElement":[{"@type":"ListItem","position":1,"name":"Home","item":"https:\/\/penosil.com\/pt\/"},{"@type":"ListItem","position":2,"name":"Produtos","item":"https:\/\/penosil.com\/pt\/produtos\/"},{"@type":"ListItem","position":3,"name":"Fendas e Fissuras"}]},{"@type":"WebSite","@id":"https:\/\/penosil.com\/pt\/#website","url":"https:\/\/penosil.com\/pt\/","name":"Penosil Portugal","description":"","potentialAction":[{"@type":"SearchAction","target":{"@type":"EntryPoint","urlTemplate":"https:\/\/penosil.com\/pt\/?s={search_term_string}"},"query-input":{"@type":"PropertyValueSpecification","valueRequired":true,"valueName":"search_term_string"}}],"inLanguage":"pt-PT"}]}},"featured_img":"https:\/\/penosil.com\/pt\/wp-content\/uploads\/sites\/10\/2021\/05\/WG-2022-PENOSIL-GRIETAS-FISURAS-BLANCO-ES-PT.png","coauthors":[],"author_meta":{"author_link":"https:\/\/penosil.com\/pt\/author\/armand\/","display_name":"armand"},"relative_dates":{"created":"Posted 5 anos ago","modified":"Updated 1 ano ago"},"absolute_dates":{"created":"Posted on 4 de Maio, 2021","modified":"Updated on 11 de Mar\u00e7o, 2025"},"absolute_dates_time":{"created":"Posted on 4 de Maio, 2021 13:12","modified":"Updated on 11 de Mar\u00e7o, 2025 9:19"},"featured_img_caption":"","tax_additional":{"product_brand":{"linked":[],"unlinked":[],"slug":"product_brand","name":"Marcas"},"product_type":{"linked":["<a href=\"https:\/\/penosil.com\/pt\/?taxonomy=product_type&#038;term=simple\" class=\"advgb-post-tax-term\">simple<\/a>"],"unlinked":["<span class=\"advgb-post-tax-term\">simple<\/span>"],"slug":"product_type","name":"Tipo de produto"},"product_visibility":{"linked":["<a href=\"https:\/\/penosil.com\/pt\/en\/?taxonomy=product_visibility&#038;term=exclude-from-search\" class=\"advgb-post-tax-term\">exclude-from-search<\/a>","<a href=\"https:\/\/penosil.com\/pt\/en\/?taxonomy=product_visibility&#038;term=exclude-from-catalog\" class=\"advgb-post-tax-term\">exclude-from-catalog<\/a>"],"unlinked":["<span class=\"advgb-post-tax-term\">exclude-from-search<\/span>","<span class=\"advgb-post-tax-term\">exclude-from-catalog<\/span>"],"slug":"product_visibility","name":"Visibilidade do produto"},"product_cat":{"linked":["<a href=\"https:\/\/penosil.com\/pt\/categoria-produto\/grupos-de-produtos\/\" class=\"advgb-post-tax-term\">Grupos de produtos<\/a>","<a href=\"https:\/\/penosil.com\/pt\/categoria-produto\/grupos-de-produtos\/selantes\/acrilicos\/\" class=\"advgb-post-tax-term\">Acr\u00edlicos<\/a>","<a href=\"https:\/\/penosil.com\/pt\/categoria-produto\/easy-pro\/\" class=\"advgb-post-tax-term\">EasyPRO<\/a>","<a href=\"https:\/\/penosil.com\/pt\/categoria-produto\/grupos-de-produtos\/selantes\/\" class=\"advgb-post-tax-term\">Selantes<\/a>","<a href=\"https:\/\/penosil.com\/pt\/categoria-produto\/easy-pro\/preenchimento-e-pintura\/\" class=\"advgb-post-tax-term\">Preenchimento e Pintura<\/a>"],"unlinked":["<span class=\"advgb-post-tax-term\">Grupos de produtos<\/span>","<span class=\"advgb-post-tax-term\">Acr\u00edlicos<\/span>","<span class=\"advgb-post-tax-term\">EasyPRO<\/span>","<span class=\"advgb-post-tax-term\">Selantes<\/span>","<span class=\"advgb-post-tax-term\">Preenchimento e Pintura<\/span>"],"slug":"product_cat","name":"Categorias de produto"},"product_tag":{"linked":[],"unlinked":[],"slug":"product_tag","name":"Etiquetas de produto"},"product_shipping_class":{"linked":[],"unlinked":[],"slug":"product_shipping_class","name":"Classes de envio do produto"},"pos_product_visibility":{"linked":[],"unlinked":[],"slug":"pos_product_visibility","name":"POS Product visibility"},"pa_color":{"linked":["<a href=\"https:\/\/penosil.com\/pt\/?taxonomy=pa_color&#038;term=branco\" class=\"advgb-post-tax-term\">Branco<\/a>"],"unlinked":["<span class=\"advgb-post-tax-term\">Branco<\/span>"],"slug":"pa_color","name":"Product Cor"},"pa_package":{"linked":[],"unlinked":[],"slug":"pa_package","name":"Product Package"},"translation_priority":{"linked":["<a href=\"https:\/\/penosil.com\/pt\/?taxonomy=translation_priority&#038;term=opcional\" class=\"advgb-post-tax-term\">Opcional<\/a>"],"unlinked":["<span class=\"advgb-post-tax-term\">Opcional<\/span>"],"slug":"translation_priority","name":"Prioridades da Tradu\u00e7\u00e3o"}},"series_order":"","_links":{"self":[{"href":"https:\/\/penosil.com\/pt\/wp-json\/wp\/v2\/product\/7712","targetHints":{"allow":["GET"]}}],"collection":[{"href":"https:\/\/penosil.com\/pt\/wp-json\/wp\/v2\/product"}],"about":[{"href":"https:\/\/penosil.com\/pt\/wp-json\/wp\/v2\/types\/product"}],"version-history":[{"count":2,"href":"https:\/\/penosil.com\/pt\/wp-json\/wp\/v2\/product\/7712\/revisions"}],"predecessor-version":[{"id":10376,"href":"https:\/\/penosil.com\/pt\/wp-json\/wp\/v2\/product\/7712\/revisions\/10376"}],"wp:featuredmedia":[{"embeddable":true,"href":"https:\/\/penosil.com\/pt\/wp-json\/wp\/v2\/media\/8167"}],"wp:attachment":[{"href":"https:\/\/penosil.com\/pt\/wp-json\/wp\/v2\/media?parent=7712"}],"wp:term":[{"taxonomy":"product_brand","embeddable":true,"href":"https:\/\/penosil.com\/pt\/wp-json\/wp\/v2\/product_brand?post=7712"},{"taxonomy":"product_cat","embeddable":true,"href":"https:\/\/penosil.com\/pt\/wp-json\/wp\/v2\/product_cat?post=7712"},{"taxonomy":"product_tag","embeddable":true,"href":"https:\/\/penosil.com\/pt\/wp-json\/wp\/v2\/product_tag?post=7712"}],"curies":[{"name":"wp","href":"https:\/\/api.w.org\/{rel}","templated":true}]}}