{"id":7714,"date":"2021-05-04T13:32:05","date_gmt":"2021-05-04T13:32:05","guid":{"rendered":"https:\/\/penosil.com\/pt\/?post_type=product&#038;p=7714"},"modified":"2025-03-11T09:20:24","modified_gmt":"2025-03-11T09:20:24","slug":"silicone-pintavel","status":"publish","type":"product","link":"https:\/\/penosil.com\/pt\/produto\/silicone-pintavel\/","title":{"rendered":"Silicone Pint\u00e1vel"},"content":{"rendered":"<p>PENOSIL Silicone Pint\u00e1vel, selante acr\u00edlico siliconizado branco elastopl\u00e1stico para juntas el\u00e1sticas<\/p>\n","protected":false},"excerpt":{"rendered":"PENOSIL Silicone Pint\u00e1vel, selante acr\u00edlico siliconizado branco elastopl\u00e1stico para juntas el\u00e1sticas","protected":false},"author":24,"featured_media":8162,"template":"","meta":{"_acf_changed":false,"advgb_blocks_editor_width":"","advgb_blocks_columns_visual_guide":"","footnotes":""},"product_brand":[],"product_cat":[1628,1369,339,1611,2255],"product_tag":[],"class_list":{"0":"post-7714","1":"product","2":"type-product","3":"status-publish","4":"has-post-thumbnail","6":"product_cat-acrilicos","7":"product_cat-grupos-de-produtos","8":"product_cat-easy-pro","9":"product_cat-selantes","10":"product_cat-preenchimento-e-pintura","12":"first","13":"instock","14":"taxable","15":"shipping-taxable","16":"purchasable","17":"product-type-simple"},"acf":[],"yoast_head":"<!-- This site is optimized with the Yoast SEO plugin v27.4 - https:\/\/yoast.com\/product\/yoast-seo-wordpress\/ -->\n<title>PENOSIL Silicone Pint\u00e1vel, selante pint\u00e1vel elastopl\u00e1stico - EasyPRO<\/title>\n<meta name=\"description\" content=\"PENOSIL Silicone Pint\u00e1vel \u00e9 um selante acr\u00edlico siliconizado branco elastopl\u00e1stico e pint\u00e1vel, para juntas el\u00e1sticas. Descubra-o!\" \/>\n<meta name=\"robots\" content=\"index, follow, max-snippet:-1, max-image-preview:large, max-video-preview:-1\" \/>\n<link rel=\"canonical\" href=\"https:\/\/penosil.com\/pt\/produto\/silicone-pintavel\/\" \/>\n<meta property=\"og:locale\" content=\"pt_PT\" \/>\n<meta property=\"og:type\" content=\"article\" \/>\n<meta property=\"og:title\" content=\"PENOSIL Silicone Pint\u00e1vel, selante pint\u00e1vel elastopl\u00e1stico - EasyPRO\" \/>\n<meta property=\"og:description\" content=\"PENOSIL Silicone Pint\u00e1vel \u00e9 um selante acr\u00edlico siliconizado branco elastopl\u00e1stico e pint\u00e1vel, para juntas el\u00e1sticas. Descubra-o!\" \/>\n<meta property=\"og:url\" content=\"https:\/\/penosil.com\/pt\/produto\/silicone-pintavel\/\" \/>\n<meta property=\"og:site_name\" content=\"Penosil Portugal\" \/>\n<meta property=\"article:modified_time\" content=\"2025-03-11T09:20:24+00:00\" \/>\n<meta property=\"og:image\" content=\"https:\/\/penosil.com\/pt\/wp-content\/uploads\/sites\/10\/2021\/05\/WG-2022-PENOSIL-Silicona-Pintable-Blanco-ES-PT-KI.png\" \/>\n\t<meta property=\"og:image:width\" content=\"357\" \/>\n\t<meta property=\"og:image:height\" content=\"1080\" \/>\n\t<meta property=\"og:image:type\" content=\"image\/png\" \/>\n<meta name=\"twitter:card\" content=\"summary_large_image\" \/>\n<meta name=\"twitter:label1\" content=\"Tempo estimado de leitura\" \/>\n\t<meta name=\"twitter:data1\" content=\"3 minutos\" \/>\n<script type=\"application\/ld+json\" class=\"yoast-schema-graph\">{\"@context\":\"https:\\\/\\\/schema.org\",\"@graph\":[{\"@type\":\"WebPage\",\"@id\":\"https:\\\/\\\/penosil.com\\\/pt\\\/produto\\\/silicone-pintavel\\\/\",\"url\":\"https:\\\/\\\/penosil.com\\\/pt\\\/produto\\\/silicone-pintavel\\\/\",\"name\":\"PENOSIL Silicone Pint\u00e1vel, selante pint\u00e1vel elastopl\u00e1stico - EasyPRO\",\"isPartOf\":{\"@id\":\"https:\\\/\\\/penosil.com\\\/pt\\\/#website\"},\"primaryImageOfPage\":{\"@id\":\"https:\\\/\\\/penosil.com\\\/pt\\\/produto\\\/silicone-pintavel\\\/#primaryimage\"},\"image\":{\"@id\":\"https:\\\/\\\/penosil.com\\\/pt\\\/produto\\\/silicone-pintavel\\\/#primaryimage\"},\"thumbnailUrl\":\"https:\\\/\\\/penosil.com\\\/pt\\\/wp-content\\\/uploads\\\/sites\\\/10\\\/2021\\\/05\\\/WG-2022-PENOSIL-Silicona-Pintable-Blanco-ES-PT-KI.png\",\"datePublished\":\"2021-05-04T13:32:05+00:00\",\"dateModified\":\"2025-03-11T09:20:24+00:00\",\"description\":\"PENOSIL Silicone Pint\u00e1vel \u00e9 um selante acr\u00edlico siliconizado branco elastopl\u00e1stico e pint\u00e1vel, para juntas el\u00e1sticas. Descubra-o!\",\"breadcrumb\":{\"@id\":\"https:\\\/\\\/penosil.com\\\/pt\\\/produto\\\/silicone-pintavel\\\/#breadcrumb\"},\"inLanguage\":\"pt-PT\",\"potentialAction\":[{\"@type\":\"ReadAction\",\"target\":[\"https:\\\/\\\/penosil.com\\\/pt\\\/produto\\\/silicone-pintavel\\\/\"]}]},{\"@type\":\"ImageObject\",\"inLanguage\":\"pt-PT\",\"@id\":\"https:\\\/\\\/penosil.com\\\/pt\\\/produto\\\/silicone-pintavel\\\/#primaryimage\",\"url\":\"https:\\\/\\\/penosil.com\\\/pt\\\/wp-content\\\/uploads\\\/sites\\\/10\\\/2021\\\/05\\\/WG-2022-PENOSIL-Silicona-Pintable-Blanco-ES-PT-KI.png\",\"contentUrl\":\"https:\\\/\\\/penosil.com\\\/pt\\\/wp-content\\\/uploads\\\/sites\\\/10\\\/2021\\\/05\\\/WG-2022-PENOSIL-Silicona-Pintable-Blanco-ES-PT-KI.png\",\"width\":357,\"height\":1080,\"caption\":\"Silicone Pint\u00e1vel | silicone pint\u00e1vel para juntas el\u00e1sticas\"},{\"@type\":\"BreadcrumbList\",\"@id\":\"https:\\\/\\\/penosil.com\\\/pt\\\/produto\\\/silicone-pintavel\\\/#breadcrumb\",\"itemListElement\":[{\"@type\":\"ListItem\",\"position\":1,\"name\":\"Home\",\"item\":\"https:\\\/\\\/penosil.com\\\/pt\\\/\"},{\"@type\":\"ListItem\",\"position\":2,\"name\":\"Produtos\",\"item\":\"https:\\\/\\\/penosil.com\\\/pt\\\/produtos\\\/\"},{\"@type\":\"ListItem\",\"position\":3,\"name\":\"Silicone Pint\u00e1vel\"}]},{\"@type\":\"WebSite\",\"@id\":\"https:\\\/\\\/penosil.com\\\/pt\\\/#website\",\"url\":\"https:\\\/\\\/penosil.com\\\/pt\\\/\",\"name\":\"Penosil Portugal\",\"description\":\"\",\"potentialAction\":[{\"@type\":\"SearchAction\",\"target\":{\"@type\":\"EntryPoint\",\"urlTemplate\":\"https:\\\/\\\/penosil.com\\\/pt\\\/?s={search_term_string}\"},\"query-input\":{\"@type\":\"PropertyValueSpecification\",\"valueRequired\":true,\"valueName\":\"search_term_string\"}}],\"inLanguage\":\"pt-PT\"}]}<\/script>\n<!-- \/ Yoast SEO plugin. -->","yoast_head_json":{"title":"PENOSIL Silicone Pint\u00e1vel, selante pint\u00e1vel elastopl\u00e1stico - EasyPRO","description":"PENOSIL Silicone Pint\u00e1vel \u00e9 um selante acr\u00edlico siliconizado branco elastopl\u00e1stico e pint\u00e1vel, para juntas el\u00e1sticas. Descubra-o!","robots":{"index":"index","follow":"follow","max-snippet":"max-snippet:-1","max-image-preview":"max-image-preview:large","max-video-preview":"max-video-preview:-1"},"canonical":"https:\/\/penosil.com\/pt\/produto\/silicone-pintavel\/","og_locale":"pt_PT","og_type":"article","og_title":"PENOSIL Silicone Pint\u00e1vel, selante pint\u00e1vel elastopl\u00e1stico - EasyPRO","og_description":"PENOSIL Silicone Pint\u00e1vel \u00e9 um selante acr\u00edlico siliconizado branco elastopl\u00e1stico e pint\u00e1vel, para juntas el\u00e1sticas. Descubra-o!","og_url":"https:\/\/penosil.com\/pt\/produto\/silicone-pintavel\/","og_site_name":"Penosil Portugal","article_modified_time":"2025-03-11T09:20:24+00:00","og_image":[{"width":357,"height":1080,"url":"https:\/\/penosil.com\/pt\/wp-content\/uploads\/sites\/10\/2021\/05\/WG-2022-PENOSIL-Silicona-Pintable-Blanco-ES-PT-KI.png","type":"image\/png"}],"twitter_card":"summary_large_image","twitter_misc":{"Tempo estimado de leitura":"3 minutos"},"schema":{"@context":"https:\/\/schema.org","@graph":[{"@type":"WebPage","@id":"https:\/\/penosil.com\/pt\/produto\/silicone-pintavel\/","url":"https:\/\/penosil.com\/pt\/produto\/silicone-pintavel\/","name":"PENOSIL Silicone Pint\u00e1vel, selante pint\u00e1vel elastopl\u00e1stico - EasyPRO","isPartOf":{"@id":"https:\/\/penosil.com\/pt\/#website"},"primaryImageOfPage":{"@id":"https:\/\/penosil.com\/pt\/produto\/silicone-pintavel\/#primaryimage"},"image":{"@id":"https:\/\/penosil.com\/pt\/produto\/silicone-pintavel\/#primaryimage"},"thumbnailUrl":"https:\/\/penosil.com\/pt\/wp-content\/uploads\/sites\/10\/2021\/05\/WG-2022-PENOSIL-Silicona-Pintable-Blanco-ES-PT-KI.png","datePublished":"2021-05-04T13:32:05+00:00","dateModified":"2025-03-11T09:20:24+00:00","description":"PENOSIL Silicone Pint\u00e1vel \u00e9 um selante acr\u00edlico siliconizado branco elastopl\u00e1stico e pint\u00e1vel, para juntas el\u00e1sticas. Descubra-o!","breadcrumb":{"@id":"https:\/\/penosil.com\/pt\/produto\/silicone-pintavel\/#breadcrumb"},"inLanguage":"pt-PT","potentialAction":[{"@type":"ReadAction","target":["https:\/\/penosil.com\/pt\/produto\/silicone-pintavel\/"]}]},{"@type":"ImageObject","inLanguage":"pt-PT","@id":"https:\/\/penosil.com\/pt\/produto\/silicone-pintavel\/#primaryimage","url":"https:\/\/penosil.com\/pt\/wp-content\/uploads\/sites\/10\/2021\/05\/WG-2022-PENOSIL-Silicona-Pintable-Blanco-ES-PT-KI.png","contentUrl":"https:\/\/penosil.com\/pt\/wp-content\/uploads\/sites\/10\/2021\/05\/WG-2022-PENOSIL-Silicona-Pintable-Blanco-ES-PT-KI.png","width":357,"height":1080,"caption":"Silicone Pint\u00e1vel | silicone pint\u00e1vel para juntas el\u00e1sticas"},{"@type":"BreadcrumbList","@id":"https:\/\/penosil.com\/pt\/produto\/silicone-pintavel\/#breadcrumb","itemListElement":[{"@type":"ListItem","position":1,"name":"Home","item":"https:\/\/penosil.com\/pt\/"},{"@type":"ListItem","position":2,"name":"Produtos","item":"https:\/\/penosil.com\/pt\/produtos\/"},{"@type":"ListItem","position":3,"name":"Silicone Pint\u00e1vel"}]},{"@type":"WebSite","@id":"https:\/\/penosil.com\/pt\/#website","url":"https:\/\/penosil.com\/pt\/","name":"Penosil Portugal","description":"","potentialAction":[{"@type":"SearchAction","target":{"@type":"EntryPoint","urlTemplate":"https:\/\/penosil.com\/pt\/?s={search_term_string}"},"query-input":{"@type":"PropertyValueSpecification","valueRequired":true,"valueName":"search_term_string"}}],"inLanguage":"pt-PT"}]}},"featured_img":"https:\/\/penosil.com\/pt\/wp-content\/uploads\/sites\/10\/2021\/05\/WG-2022-PENOSIL-Silicona-Pintable-Blanco-ES-PT-KI.png","coauthors":[],"author_meta":{"author_link":"https:\/\/penosil.com\/pt\/author\/armand\/","display_name":"armand"},"relative_dates":{"created":"Posted 5 anos ago","modified":"Updated 1 ano ago"},"absolute_dates":{"created":"Posted on 4 de Maio, 2021","modified":"Updated on 11 de Mar\u00e7o, 2025"},"absolute_dates_time":{"created":"Posted on 4 de Maio, 2021 13:32","modified":"Updated on 11 de Mar\u00e7o, 2025 9:20"},"featured_img_caption":"","tax_additional":{"product_brand":{"linked":[],"unlinked":[],"slug":"product_brand","name":"Marcas"},"product_type":{"linked":["<a href=\"https:\/\/penosil.com\/pt\/?taxonomy=product_type&#038;term=simple\" class=\"advgb-post-tax-term\">simple<\/a>"],"unlinked":["<span class=\"advgb-post-tax-term\">simple<\/span>"],"slug":"product_type","name":"Tipo de produto"},"product_visibility":{"linked":[],"unlinked":[],"slug":"product_visibility","name":"Visibilidade do produto"},"product_cat":{"linked":["<a href=\"https:\/\/penosil.com\/pt\/categoria-produto\/grupos-de-produtos\/selantes\/acrilicos\/\" class=\"advgb-post-tax-term\">Acr\u00edlicos<\/a>","<a href=\"https:\/\/penosil.com\/pt\/categoria-produto\/grupos-de-produtos\/\" class=\"advgb-post-tax-term\">Grupos de produtos<\/a>","<a href=\"https:\/\/penosil.com\/pt\/categoria-produto\/easy-pro\/\" class=\"advgb-post-tax-term\">EasyPRO<\/a>","<a href=\"https:\/\/penosil.com\/pt\/categoria-produto\/grupos-de-produtos\/selantes\/\" class=\"advgb-post-tax-term\">Selantes<\/a>","<a href=\"https:\/\/penosil.com\/pt\/categoria-produto\/easy-pro\/preenchimento-e-pintura\/\" class=\"advgb-post-tax-term\">Preenchimento e Pintura<\/a>"],"unlinked":["<span class=\"advgb-post-tax-term\">Acr\u00edlicos<\/span>","<span class=\"advgb-post-tax-term\">Grupos de produtos<\/span>","<span class=\"advgb-post-tax-term\">EasyPRO<\/span>","<span class=\"advgb-post-tax-term\">Selantes<\/span>","<span class=\"advgb-post-tax-term\">Preenchimento e Pintura<\/span>"],"slug":"product_cat","name":"Categorias de produto"},"product_tag":{"linked":[],"unlinked":[],"slug":"product_tag","name":"Etiquetas de produto"},"product_shipping_class":{"linked":[],"unlinked":[],"slug":"product_shipping_class","name":"Classes de envio do produto"},"pos_product_visibility":{"linked":[],"unlinked":[],"slug":"pos_product_visibility","name":"POS Product visibility"},"pa_color":{"linked":["<a href=\"https:\/\/penosil.com\/pt\/?taxonomy=pa_color&#038;term=branco\" class=\"advgb-post-tax-term\">Branco<\/a>"],"unlinked":["<span class=\"advgb-post-tax-term\">Branco<\/span>"],"slug":"pa_color","name":"Product Cor"},"pa_package":{"linked":[],"unlinked":[],"slug":"pa_package","name":"Product Package"},"translation_priority":{"linked":["<a href=\"https:\/\/penosil.com\/pt\/?taxonomy=translation_priority&#038;term=opcional\" class=\"advgb-post-tax-term\">Opcional<\/a>"],"unlinked":["<span class=\"advgb-post-tax-term\">Opcional<\/span>"],"slug":"translation_priority","name":"Prioridades da Tradu\u00e7\u00e3o"}},"series_order":"","_links":{"self":[{"href":"https:\/\/penosil.com\/pt\/wp-json\/wp\/v2\/product\/7714","targetHints":{"allow":["GET"]}}],"collection":[{"href":"https:\/\/penosil.com\/pt\/wp-json\/wp\/v2\/product"}],"about":[{"href":"https:\/\/penosil.com\/pt\/wp-json\/wp\/v2\/types\/product"}],"version-history":[{"count":1,"href":"https:\/\/penosil.com\/pt\/wp-json\/wp\/v2\/product\/7714\/revisions"}],"predecessor-version":[{"id":10377,"href":"https:\/\/penosil.com\/pt\/wp-json\/wp\/v2\/product\/7714\/revisions\/10377"}],"wp:featuredmedia":[{"embeddable":true,"href":"https:\/\/penosil.com\/pt\/wp-json\/wp\/v2\/media\/8162"}],"wp:attachment":[{"href":"https:\/\/penosil.com\/pt\/wp-json\/wp\/v2\/media?parent=7714"}],"wp:term":[{"taxonomy":"product_brand","embeddable":true,"href":"https:\/\/penosil.com\/pt\/wp-json\/wp\/v2\/product_brand?post=7714"},{"taxonomy":"product_cat","embeddable":true,"href":"https:\/\/penosil.com\/pt\/wp-json\/wp\/v2\/product_cat?post=7714"},{"taxonomy":"product_tag","embeddable":true,"href":"https:\/\/penosil.com\/pt\/wp-json\/wp\/v2\/product_tag?post=7714"}],"curies":[{"name":"wp","href":"https:\/\/api.w.org\/{rel}","templated":true}]}}