{"id":7716,"date":"2021-05-04T13:46:11","date_gmt":"2021-05-04T13:46:11","guid":{"rendered":"https:\/\/penosil.com\/pt\/?post_type=product&#038;p=7716"},"modified":"2025-03-11T09:20:58","modified_gmt":"2025-03-11T09:20:58","slug":"expansao-maxima","status":"publish","type":"product","link":"https:\/\/penosil.com\/pt\/produto\/expansao-maxima\/","title":{"rendered":"Expans\u00e3o M\u00e1xima"},"content":{"rendered":"<p>PENOSIL Expans\u00e3o M\u00e1xima, espuma de PU com c\u00e2nula de aplica\u00e7\u00e3o para preencher e isolar grandes orif\u00edcios.<\/p>\n","protected":false},"excerpt":{"rendered":"PENOSIL Expans\u00e3o M\u00e1xima, espuma de PU com c\u00e2nula de aplica\u00e7\u00e3o para preencher e isolar grandes orif\u00edcios.","protected":false},"author":24,"featured_media":8166,"template":"","meta":{"_acf_changed":false,"advgb_blocks_editor_width":"","advgb_blocks_columns_visual_guide":"","footnotes":""},"product_brand":[],"product_cat":[1369,1503,2267,339,2255],"product_tag":[],"class_list":{"0":"post-7716","1":"product","2":"type-product","3":"status-publish","4":"has-post-thumbnail","6":"product_cat-grupos-de-produtos","7":"product_cat-espumas-manuais-com-canula","8":"product_cat-espumas-de-construcao","9":"product_cat-easy-pro","10":"product_cat-preenchimento-e-pintura","12":"first","13":"instock","14":"taxable","15":"shipping-taxable","16":"purchasable","17":"product-type-variable"},"acf":[],"yoast_head":"<!-- This site is optimized with the Yoast SEO plugin v27.2 - https:\/\/yoast.com\/product\/yoast-seo-wordpress\/ -->\n<title>PENOSIL Expans\u00e3o M\u00e1xima, espuma de PU - EasyPRO<\/title>\n<meta name=\"description\" content=\"PENOSIL Expans\u00e3o M\u00e1xima, espuma de PU de elevada qualidade, para preencher e isolar grandes orif\u00edcios. Descubra-a!\" \/>\n<meta name=\"robots\" content=\"index, follow, max-snippet:-1, max-image-preview:large, max-video-preview:-1\" \/>\n<link rel=\"canonical\" href=\"https:\/\/penosil.com\/pt\/produto\/expansao-maxima\/\" \/>\n<meta property=\"og:locale\" content=\"pt_PT\" \/>\n<meta property=\"og:type\" content=\"article\" \/>\n<meta property=\"og:title\" content=\"PENOSIL Expans\u00e3o M\u00e1xima, espuma de PU - EasyPRO\" \/>\n<meta property=\"og:description\" content=\"PENOSIL Expans\u00e3o M\u00e1xima, espuma de PU de elevada qualidade, para preencher e isolar grandes orif\u00edcios. Descubra-a!\" \/>\n<meta property=\"og:url\" content=\"https:\/\/penosil.com\/pt\/produto\/expansao-maxima\/\" \/>\n<meta property=\"og:site_name\" content=\"Penosil Portugal\" \/>\n<meta property=\"article:modified_time\" content=\"2025-03-11T09:20:58+00:00\" \/>\n<meta property=\"og:image\" content=\"https:\/\/penosil.com\/pt\/wp-content\/uploads\/sites\/10\/2021\/05\/MKR3997-Max-Gap-Filler-Foam-Sealant.png\" \/>\n\t<meta property=\"og:image:width\" content=\"393\" \/>\n\t<meta property=\"og:image:height\" content=\"1080\" \/>\n\t<meta property=\"og:image:type\" content=\"image\/png\" \/>\n<meta name=\"twitter:card\" content=\"summary_large_image\" \/>\n<meta name=\"twitter:label1\" content=\"Tempo estimado de leitura\" \/>\n\t<meta name=\"twitter:data1\" content=\"2 minutos\" \/>\n<script type=\"application\/ld+json\" class=\"yoast-schema-graph\">{\"@context\":\"https:\/\/schema.org\",\"@graph\":[{\"@type\":\"WebPage\",\"@id\":\"https:\/\/penosil.com\/pt\/produto\/expansao-maxima\/\",\"url\":\"https:\/\/penosil.com\/pt\/produto\/expansao-maxima\/\",\"name\":\"PENOSIL Expans\u00e3o M\u00e1xima, espuma de PU - EasyPRO\",\"isPartOf\":{\"@id\":\"https:\/\/penosil.com\/pt\/#website\"},\"primaryImageOfPage\":{\"@id\":\"https:\/\/penosil.com\/pt\/produto\/expansao-maxima\/#primaryimage\"},\"image\":{\"@id\":\"https:\/\/penosil.com\/pt\/produto\/expansao-maxima\/#primaryimage\"},\"thumbnailUrl\":\"https:\/\/penosil.com\/pt\/wp-content\/uploads\/sites\/10\/2021\/05\/MKR3997-Max-Gap-Filler-Foam-Sealant.png\",\"datePublished\":\"2021-05-04T13:46:11+00:00\",\"dateModified\":\"2025-03-11T09:20:58+00:00\",\"description\":\"PENOSIL Expans\u00e3o M\u00e1xima, espuma de PU de elevada qualidade, para preencher e isolar grandes orif\u00edcios. Descubra-a!\",\"breadcrumb\":{\"@id\":\"https:\/\/penosil.com\/pt\/produto\/expansao-maxima\/#breadcrumb\"},\"inLanguage\":\"pt-PT\",\"potentialAction\":[{\"@type\":\"ReadAction\",\"target\":[\"https:\/\/penosil.com\/pt\/produto\/expansao-maxima\/\"]}]},{\"@type\":\"ImageObject\",\"inLanguage\":\"pt-PT\",\"@id\":\"https:\/\/penosil.com\/pt\/produto\/expansao-maxima\/#primaryimage\",\"url\":\"https:\/\/penosil.com\/pt\/wp-content\/uploads\/sites\/10\/2021\/05\/MKR3997-Max-Gap-Filler-Foam-Sealant.png\",\"contentUrl\":\"https:\/\/penosil.com\/pt\/wp-content\/uploads\/sites\/10\/2021\/05\/MKR3997-Max-Gap-Filler-Foam-Sealant.png\",\"width\":393,\"height\":1080,\"caption\":\"Expans\u00e3o M\u00e1xima | espuma de poliuretano para preencher gretas e buracos\"},{\"@type\":\"BreadcrumbList\",\"@id\":\"https:\/\/penosil.com\/pt\/produto\/expansao-maxima\/#breadcrumb\",\"itemListElement\":[{\"@type\":\"ListItem\",\"position\":1,\"name\":\"Home\",\"item\":\"https:\/\/penosil.com\/pt\/\"},{\"@type\":\"ListItem\",\"position\":2,\"name\":\"Produtos\",\"item\":\"https:\/\/penosil.com\/pt\/produtos\/\"},{\"@type\":\"ListItem\",\"position\":3,\"name\":\"Expans\u00e3o M\u00e1xima\"}]},{\"@type\":\"WebSite\",\"@id\":\"https:\/\/penosil.com\/pt\/#website\",\"url\":\"https:\/\/penosil.com\/pt\/\",\"name\":\"Penosil Portugal\",\"description\":\"\",\"potentialAction\":[{\"@type\":\"SearchAction\",\"target\":{\"@type\":\"EntryPoint\",\"urlTemplate\":\"https:\/\/penosil.com\/pt\/?s={search_term_string}\"},\"query-input\":{\"@type\":\"PropertyValueSpecification\",\"valueRequired\":true,\"valueName\":\"search_term_string\"}}],\"inLanguage\":\"pt-PT\"}]}<\/script>\n<!-- \/ Yoast SEO plugin. -->","yoast_head_json":{"title":"PENOSIL Expans\u00e3o M\u00e1xima, espuma de PU - EasyPRO","description":"PENOSIL Expans\u00e3o M\u00e1xima, espuma de PU de elevada qualidade, para preencher e isolar grandes orif\u00edcios. Descubra-a!","robots":{"index":"index","follow":"follow","max-snippet":"max-snippet:-1","max-image-preview":"max-image-preview:large","max-video-preview":"max-video-preview:-1"},"canonical":"https:\/\/penosil.com\/pt\/produto\/expansao-maxima\/","og_locale":"pt_PT","og_type":"article","og_title":"PENOSIL Expans\u00e3o M\u00e1xima, espuma de PU - EasyPRO","og_description":"PENOSIL Expans\u00e3o M\u00e1xima, espuma de PU de elevada qualidade, para preencher e isolar grandes orif\u00edcios. Descubra-a!","og_url":"https:\/\/penosil.com\/pt\/produto\/expansao-maxima\/","og_site_name":"Penosil Portugal","article_modified_time":"2025-03-11T09:20:58+00:00","og_image":[{"width":393,"height":1080,"url":"https:\/\/penosil.com\/pt\/wp-content\/uploads\/sites\/10\/2021\/05\/MKR3997-Max-Gap-Filler-Foam-Sealant.png","type":"image\/png"}],"twitter_card":"summary_large_image","twitter_misc":{"Tempo estimado de leitura":"2 minutos"},"schema":{"@context":"https:\/\/schema.org","@graph":[{"@type":"WebPage","@id":"https:\/\/penosil.com\/pt\/produto\/expansao-maxima\/","url":"https:\/\/penosil.com\/pt\/produto\/expansao-maxima\/","name":"PENOSIL Expans\u00e3o M\u00e1xima, espuma de PU - EasyPRO","isPartOf":{"@id":"https:\/\/penosil.com\/pt\/#website"},"primaryImageOfPage":{"@id":"https:\/\/penosil.com\/pt\/produto\/expansao-maxima\/#primaryimage"},"image":{"@id":"https:\/\/penosil.com\/pt\/produto\/expansao-maxima\/#primaryimage"},"thumbnailUrl":"https:\/\/penosil.com\/pt\/wp-content\/uploads\/sites\/10\/2021\/05\/MKR3997-Max-Gap-Filler-Foam-Sealant.png","datePublished":"2021-05-04T13:46:11+00:00","dateModified":"2025-03-11T09:20:58+00:00","description":"PENOSIL Expans\u00e3o M\u00e1xima, espuma de PU de elevada qualidade, para preencher e isolar grandes orif\u00edcios. Descubra-a!","breadcrumb":{"@id":"https:\/\/penosil.com\/pt\/produto\/expansao-maxima\/#breadcrumb"},"inLanguage":"pt-PT","potentialAction":[{"@type":"ReadAction","target":["https:\/\/penosil.com\/pt\/produto\/expansao-maxima\/"]}]},{"@type":"ImageObject","inLanguage":"pt-PT","@id":"https:\/\/penosil.com\/pt\/produto\/expansao-maxima\/#primaryimage","url":"https:\/\/penosil.com\/pt\/wp-content\/uploads\/sites\/10\/2021\/05\/MKR3997-Max-Gap-Filler-Foam-Sealant.png","contentUrl":"https:\/\/penosil.com\/pt\/wp-content\/uploads\/sites\/10\/2021\/05\/MKR3997-Max-Gap-Filler-Foam-Sealant.png","width":393,"height":1080,"caption":"Expans\u00e3o M\u00e1xima | espuma de poliuretano para preencher gretas e buracos"},{"@type":"BreadcrumbList","@id":"https:\/\/penosil.com\/pt\/produto\/expansao-maxima\/#breadcrumb","itemListElement":[{"@type":"ListItem","position":1,"name":"Home","item":"https:\/\/penosil.com\/pt\/"},{"@type":"ListItem","position":2,"name":"Produtos","item":"https:\/\/penosil.com\/pt\/produtos\/"},{"@type":"ListItem","position":3,"name":"Expans\u00e3o M\u00e1xima"}]},{"@type":"WebSite","@id":"https:\/\/penosil.com\/pt\/#website","url":"https:\/\/penosil.com\/pt\/","name":"Penosil Portugal","description":"","potentialAction":[{"@type":"SearchAction","target":{"@type":"EntryPoint","urlTemplate":"https:\/\/penosil.com\/pt\/?s={search_term_string}"},"query-input":{"@type":"PropertyValueSpecification","valueRequired":true,"valueName":"search_term_string"}}],"inLanguage":"pt-PT"}]}},"featured_img":"https:\/\/penosil.com\/pt\/wp-content\/uploads\/sites\/10\/2021\/05\/MKR3997-Max-Gap-Filler-Foam-Sealant.png","coauthors":[],"author_meta":{"author_link":"https:\/\/penosil.com\/pt\/author\/armand\/","display_name":"armand"},"relative_dates":{"created":"Posted 5 anos ago","modified":"Updated 1 ano ago"},"absolute_dates":{"created":"Posted on 4 de Maio, 2021","modified":"Updated on 11 de Mar\u00e7o, 2025"},"absolute_dates_time":{"created":"Posted on 4 de Maio, 2021 13:46","modified":"Updated on 11 de Mar\u00e7o, 2025 9:20"},"featured_img_caption":"","tax_additional":{"product_brand":{"linked":[],"unlinked":[],"slug":"product_brand","name":"Marcas"},"product_type":{"linked":["<a href=\"https:\/\/penosil.com\/pt\/?taxonomy=product_type&#038;term=variable\" class=\"advgb-post-tax-term\">variable<\/a>"],"unlinked":["<span class=\"advgb-post-tax-term\">variable<\/span>"],"slug":"product_type","name":"Tipo de produto"},"product_visibility":{"linked":[],"unlinked":[],"slug":"product_visibility","name":"Visibilidade do produto"},"product_cat":{"linked":["<a href=\"https:\/\/penosil.com\/pt\/categoria-produto\/grupos-de-produtos\/\" class=\"advgb-post-tax-term\">Grupos de produtos<\/a>","<a href=\"https:\/\/penosil.com\/pt\/categoria-produto\/grupos-de-produtos\/espumas-de-construcao\/espumas-manuais-com-canula\/\" class=\"advgb-post-tax-term\">Espumas manuais com c\u00e2nula<\/a>","<a href=\"https:\/\/penosil.com\/pt\/categoria-produto\/grupos-de-produtos\/espumas-de-construcao\/\" class=\"advgb-post-tax-term\">Espumas de constru\u00e7\u00e3o<\/a>","<a href=\"https:\/\/penosil.com\/pt\/categoria-produto\/easy-pro\/\" class=\"advgb-post-tax-term\">EasyPRO<\/a>","<a href=\"https:\/\/penosil.com\/pt\/categoria-produto\/easy-pro\/preenchimento-e-pintura\/\" class=\"advgb-post-tax-term\">Preenchimento e Pintura<\/a>"],"unlinked":["<span class=\"advgb-post-tax-term\">Grupos de produtos<\/span>","<span class=\"advgb-post-tax-term\">Espumas manuais com c\u00e2nula<\/span>","<span class=\"advgb-post-tax-term\">Espumas de constru\u00e7\u00e3o<\/span>","<span class=\"advgb-post-tax-term\">EasyPRO<\/span>","<span class=\"advgb-post-tax-term\">Preenchimento e Pintura<\/span>"],"slug":"product_cat","name":"Categorias de produto"},"product_tag":{"linked":[],"unlinked":[],"slug":"product_tag","name":"Etiquetas de produto"},"product_shipping_class":{"linked":[],"unlinked":[],"slug":"product_shipping_class","name":"Classes de envio do produto"},"pos_product_visibility":{"linked":[],"unlinked":[],"slug":"pos_product_visibility","name":"POS Product visibility"},"pa_color":{"linked":["<a href=\"https:\/\/penosil.com\/pt\/?taxonomy=pa_color&#038;term=amarelo\" class=\"advgb-post-tax-term\">Amarelo<\/a>"],"unlinked":["<span class=\"advgb-post-tax-term\">Amarelo<\/span>"],"slug":"pa_color","name":"Product Cor"},"pa_package":{"linked":["<a href=\"https:\/\/penosil.com\/pt\/?taxonomy=pa_package&#038;term=1000-ml-pt-pt\" class=\"advgb-post-tax-term\">1000 ml<\/a>","<a href=\"https:\/\/penosil.com\/pt\/?taxonomy=pa_package&#038;term=520-ml\" class=\"advgb-post-tax-term\">520 ml<\/a>"],"unlinked":["<span class=\"advgb-post-tax-term\">1000 ml<\/span>","<span class=\"advgb-post-tax-term\">520 ml<\/span>"],"slug":"pa_package","name":"Product Package"},"translation_priority":{"linked":["<a href=\"https:\/\/penosil.com\/pt\/?taxonomy=translation_priority&#038;term=opcional\" class=\"advgb-post-tax-term\">Opcional<\/a>"],"unlinked":["<span class=\"advgb-post-tax-term\">Opcional<\/span>"],"slug":"translation_priority","name":"Prioridades da Tradu\u00e7\u00e3o"}},"series_order":"","_links":{"self":[{"href":"https:\/\/penosil.com\/pt\/wp-json\/wp\/v2\/product\/7716","targetHints":{"allow":["GET"]}}],"collection":[{"href":"https:\/\/penosil.com\/pt\/wp-json\/wp\/v2\/product"}],"about":[{"href":"https:\/\/penosil.com\/pt\/wp-json\/wp\/v2\/types\/product"}],"version-history":[{"count":1,"href":"https:\/\/penosil.com\/pt\/wp-json\/wp\/v2\/product\/7716\/revisions"}],"predecessor-version":[{"id":10378,"href":"https:\/\/penosil.com\/pt\/wp-json\/wp\/v2\/product\/7716\/revisions\/10378"}],"wp:featuredmedia":[{"embeddable":true,"href":"https:\/\/penosil.com\/pt\/wp-json\/wp\/v2\/media\/8166"}],"wp:attachment":[{"href":"https:\/\/penosil.com\/pt\/wp-json\/wp\/v2\/media?parent=7716"}],"wp:term":[{"taxonomy":"product_brand","embeddable":true,"href":"https:\/\/penosil.com\/pt\/wp-json\/wp\/v2\/product_brand?post=7716"},{"taxonomy":"product_cat","embeddable":true,"href":"https:\/\/penosil.com\/pt\/wp-json\/wp\/v2\/product_cat?post=7716"},{"taxonomy":"product_tag","embeddable":true,"href":"https:\/\/penosil.com\/pt\/wp-json\/wp\/v2\/product_tag?post=7716"}],"curies":[{"name":"wp","href":"https:\/\/api.w.org\/{rel}","templated":true}]}}