{"id":8041,"date":"2022-01-31T15:39:39","date_gmt":"2022-01-31T15:39:39","guid":{"rendered":"https:\/\/penosil.com\/pt\/?post_type=product&#038;p=8041"},"modified":"2025-03-11T09:16:22","modified_gmt":"2025-03-11T09:16:22","slug":"janelas-e-portas-elastico-espuma-pu-low-mdi-para-a-instalacao-de-janelas-e-portas","status":"publish","type":"product","link":"https:\/\/penosil.com\/pt\/produto\/janelas-e-portas-elastico-espuma-pu-low-mdi-para-a-instalacao-de-janelas-e-portas\/","title":{"rendered":"Janelas e Portas El\u00e1stico"},"content":{"rendered":"<p>PENOSIL Janelas e Portas Espuma isolante de aplica\u00e7\u00e3o manual para a instala\u00e7\u00e3o e selagem de janelas e portas, recomendada para juntas e materiais sens\u00edveis \u00e0 press\u00e3o de expans\u00e3o. Com teor muito baixo em mon\u00f3meros de diisocianto \u00e9 mais segura para a sa\u00fade e o meio ambiente.<\/p>\n","protected":false},"excerpt":{"rendered":"PENOSIL Janelas e Portas Espuma isolante de aplica\u00e7\u00e3o manual para a instala\u00e7\u00e3o e selagem de janelas e portas, recomendada para juntas e materiais sens\u00edveis \u00e0 press\u00e3o de expans\u00e3o. Com teor muito baixo em mon\u00f3meros de diisocianto \u00e9 mais segura para a sa\u00fade e o meio ambiente.","protected":false},"author":24,"featured_media":8122,"template":"","meta":{"_acf_changed":false,"advgb_blocks_editor_width":"","advgb_blocks_columns_visual_guide":"","footnotes":""},"product_brand":[],"product_cat":[1503,2267,1369,2258,339],"product_tag":[],"class_list":{"0":"post-8041","1":"product","2":"type-product","3":"status-publish","4":"has-post-thumbnail","6":"product_cat-espumas-manuais-com-canula","7":"product_cat-espumas-de-construcao","8":"product_cat-grupos-de-produtos","9":"product_cat-janelas-e-portas","10":"product_cat-easy-pro","12":"first","13":"instock","14":"taxable","15":"shipping-taxable","16":"purchasable","17":"product-type-simple"},"acf":[],"yoast_head":"<!-- This site is optimized with the Yoast SEO plugin v27.2 - https:\/\/yoast.com\/product\/yoast-seo-wordpress\/ -->\n<title>PENOSIL Janelas e Portas El\u00e1stico, espuma LOW MDI - EasyPRO<\/title>\n<meta name=\"description\" content=\"PENOSIL Janelas e Portas LOW MDI \u00e9 uma espuma com elevada efici\u00eancia de isolamento t\u00e9rmico e ac\u00fastico, e teor em mon\u00f3meros de diisocianato inferior a 0,1%. Descubra-la !\" \/>\n<meta name=\"robots\" content=\"index, follow, max-snippet:-1, max-image-preview:large, max-video-preview:-1\" \/>\n<link rel=\"canonical\" href=\"https:\/\/penosil.com\/pt\/produto\/janelas-e-portas-elastico-espuma-pu-low-mdi-para-a-instalacao-de-janelas-e-portas\/\" \/>\n<meta property=\"og:locale\" content=\"pt_PT\" \/>\n<meta property=\"og:type\" content=\"article\" \/>\n<meta property=\"og:title\" content=\"PENOSIL Janelas e Portas El\u00e1stico, espuma LOW MDI - EasyPRO\" \/>\n<meta property=\"og:description\" content=\"PENOSIL Janelas e Portas LOW MDI \u00e9 uma espuma com elevada efici\u00eancia de isolamento t\u00e9rmico e ac\u00fastico, e teor em mon\u00f3meros de diisocianato inferior a 0,1%. Descubra-la !\" \/>\n<meta property=\"og:url\" content=\"https:\/\/penosil.com\/pt\/produto\/janelas-e-portas-elastico-espuma-pu-low-mdi-para-a-instalacao-de-janelas-e-portas\/\" \/>\n<meta property=\"og:site_name\" content=\"Penosil Portugal\" \/>\n<meta property=\"article:modified_time\" content=\"2025-03-11T09:16:22+00:00\" \/>\n<meta property=\"og:image\" content=\"https:\/\/penosil.com\/pt\/wp-content\/uploads\/sites\/10\/2022\/01\/MEP_3827-Penosil-WindowDoor-Low-MDI-Straw-Foam-700ml-ES-PT.png\" \/>\n\t<meta property=\"og:image:width\" content=\"401\" \/>\n\t<meta property=\"og:image:height\" content=\"1080\" \/>\n\t<meta property=\"og:image:type\" content=\"image\/png\" \/>\n<meta name=\"twitter:card\" content=\"summary_large_image\" \/>\n<meta name=\"twitter:label1\" content=\"Tempo estimado de leitura\" \/>\n\t<meta name=\"twitter:data1\" content=\"3 minutos\" \/>\n<script type=\"application\/ld+json\" class=\"yoast-schema-graph\">{\"@context\":\"https:\/\/schema.org\",\"@graph\":[{\"@type\":\"WebPage\",\"@id\":\"https:\/\/penosil.com\/pt\/produto\/janelas-e-portas-elastico-espuma-pu-low-mdi-para-a-instalacao-de-janelas-e-portas\/\",\"url\":\"https:\/\/penosil.com\/pt\/produto\/janelas-e-portas-elastico-espuma-pu-low-mdi-para-a-instalacao-de-janelas-e-portas\/\",\"name\":\"PENOSIL Janelas e Portas El\u00e1stico, espuma LOW MDI - EasyPRO\",\"isPartOf\":{\"@id\":\"https:\/\/penosil.com\/pt\/#website\"},\"primaryImageOfPage\":{\"@id\":\"https:\/\/penosil.com\/pt\/produto\/janelas-e-portas-elastico-espuma-pu-low-mdi-para-a-instalacao-de-janelas-e-portas\/#primaryimage\"},\"image\":{\"@id\":\"https:\/\/penosil.com\/pt\/produto\/janelas-e-portas-elastico-espuma-pu-low-mdi-para-a-instalacao-de-janelas-e-portas\/#primaryimage\"},\"thumbnailUrl\":\"https:\/\/penosil.com\/pt\/wp-content\/uploads\/sites\/10\/2022\/01\/MEP_3827-Penosil-WindowDoor-Low-MDI-Straw-Foam-700ml-ES-PT.png\",\"datePublished\":\"2022-01-31T15:39:39+00:00\",\"dateModified\":\"2025-03-11T09:16:22+00:00\",\"description\":\"PENOSIL Janelas e Portas LOW MDI \u00e9 uma espuma com elevada efici\u00eancia de isolamento t\u00e9rmico e ac\u00fastico, e teor em mon\u00f3meros de diisocianato inferior a 0,1%. Descubra-la !\",\"breadcrumb\":{\"@id\":\"https:\/\/penosil.com\/pt\/produto\/janelas-e-portas-elastico-espuma-pu-low-mdi-para-a-instalacao-de-janelas-e-portas\/#breadcrumb\"},\"inLanguage\":\"pt-PT\",\"potentialAction\":[{\"@type\":\"ReadAction\",\"target\":[\"https:\/\/penosil.com\/pt\/produto\/janelas-e-portas-elastico-espuma-pu-low-mdi-para-a-instalacao-de-janelas-e-portas\/\"]}]},{\"@type\":\"ImageObject\",\"inLanguage\":\"pt-PT\",\"@id\":\"https:\/\/penosil.com\/pt\/produto\/janelas-e-portas-elastico-espuma-pu-low-mdi-para-a-instalacao-de-janelas-e-portas\/#primaryimage\",\"url\":\"https:\/\/penosil.com\/pt\/wp-content\/uploads\/sites\/10\/2022\/01\/MEP_3827-Penosil-WindowDoor-Low-MDI-Straw-Foam-700ml-ES-PT.png\",\"contentUrl\":\"https:\/\/penosil.com\/pt\/wp-content\/uploads\/sites\/10\/2022\/01\/MEP_3827-Penosil-WindowDoor-Low-MDI-Straw-Foam-700ml-ES-PT.png\",\"width\":401,\"height\":1080},{\"@type\":\"BreadcrumbList\",\"@id\":\"https:\/\/penosil.com\/pt\/produto\/janelas-e-portas-elastico-espuma-pu-low-mdi-para-a-instalacao-de-janelas-e-portas\/#breadcrumb\",\"itemListElement\":[{\"@type\":\"ListItem\",\"position\":1,\"name\":\"Home\",\"item\":\"https:\/\/penosil.com\/pt\/\"},{\"@type\":\"ListItem\",\"position\":2,\"name\":\"Produtos\",\"item\":\"https:\/\/penosil.com\/pt\/produtos\/\"},{\"@type\":\"ListItem\",\"position\":3,\"name\":\"Janelas e Portas El\u00e1stico\"}]},{\"@type\":\"WebSite\",\"@id\":\"https:\/\/penosil.com\/pt\/#website\",\"url\":\"https:\/\/penosil.com\/pt\/\",\"name\":\"Penosil Portugal\",\"description\":\"\",\"potentialAction\":[{\"@type\":\"SearchAction\",\"target\":{\"@type\":\"EntryPoint\",\"urlTemplate\":\"https:\/\/penosil.com\/pt\/?s={search_term_string}\"},\"query-input\":{\"@type\":\"PropertyValueSpecification\",\"valueRequired\":true,\"valueName\":\"search_term_string\"}}],\"inLanguage\":\"pt-PT\"}]}<\/script>\n<!-- \/ Yoast SEO plugin. -->","yoast_head_json":{"title":"PENOSIL Janelas e Portas El\u00e1stico, espuma LOW MDI - EasyPRO","description":"PENOSIL Janelas e Portas LOW MDI \u00e9 uma espuma com elevada efici\u00eancia de isolamento t\u00e9rmico e ac\u00fastico, e teor em mon\u00f3meros de diisocianato inferior a 0,1%. Descubra-la !","robots":{"index":"index","follow":"follow","max-snippet":"max-snippet:-1","max-image-preview":"max-image-preview:large","max-video-preview":"max-video-preview:-1"},"canonical":"https:\/\/penosil.com\/pt\/produto\/janelas-e-portas-elastico-espuma-pu-low-mdi-para-a-instalacao-de-janelas-e-portas\/","og_locale":"pt_PT","og_type":"article","og_title":"PENOSIL Janelas e Portas El\u00e1stico, espuma LOW MDI - EasyPRO","og_description":"PENOSIL Janelas e Portas LOW MDI \u00e9 uma espuma com elevada efici\u00eancia de isolamento t\u00e9rmico e ac\u00fastico, e teor em mon\u00f3meros de diisocianato inferior a 0,1%. Descubra-la !","og_url":"https:\/\/penosil.com\/pt\/produto\/janelas-e-portas-elastico-espuma-pu-low-mdi-para-a-instalacao-de-janelas-e-portas\/","og_site_name":"Penosil Portugal","article_modified_time":"2025-03-11T09:16:22+00:00","og_image":[{"width":401,"height":1080,"url":"https:\/\/penosil.com\/pt\/wp-content\/uploads\/sites\/10\/2022\/01\/MEP_3827-Penosil-WindowDoor-Low-MDI-Straw-Foam-700ml-ES-PT.png","type":"image\/png"}],"twitter_card":"summary_large_image","twitter_misc":{"Tempo estimado de leitura":"3 minutos"},"schema":{"@context":"https:\/\/schema.org","@graph":[{"@type":"WebPage","@id":"https:\/\/penosil.com\/pt\/produto\/janelas-e-portas-elastico-espuma-pu-low-mdi-para-a-instalacao-de-janelas-e-portas\/","url":"https:\/\/penosil.com\/pt\/produto\/janelas-e-portas-elastico-espuma-pu-low-mdi-para-a-instalacao-de-janelas-e-portas\/","name":"PENOSIL Janelas e Portas El\u00e1stico, espuma LOW MDI - EasyPRO","isPartOf":{"@id":"https:\/\/penosil.com\/pt\/#website"},"primaryImageOfPage":{"@id":"https:\/\/penosil.com\/pt\/produto\/janelas-e-portas-elastico-espuma-pu-low-mdi-para-a-instalacao-de-janelas-e-portas\/#primaryimage"},"image":{"@id":"https:\/\/penosil.com\/pt\/produto\/janelas-e-portas-elastico-espuma-pu-low-mdi-para-a-instalacao-de-janelas-e-portas\/#primaryimage"},"thumbnailUrl":"https:\/\/penosil.com\/pt\/wp-content\/uploads\/sites\/10\/2022\/01\/MEP_3827-Penosil-WindowDoor-Low-MDI-Straw-Foam-700ml-ES-PT.png","datePublished":"2022-01-31T15:39:39+00:00","dateModified":"2025-03-11T09:16:22+00:00","description":"PENOSIL Janelas e Portas LOW MDI \u00e9 uma espuma com elevada efici\u00eancia de isolamento t\u00e9rmico e ac\u00fastico, e teor em mon\u00f3meros de diisocianato inferior a 0,1%. Descubra-la !","breadcrumb":{"@id":"https:\/\/penosil.com\/pt\/produto\/janelas-e-portas-elastico-espuma-pu-low-mdi-para-a-instalacao-de-janelas-e-portas\/#breadcrumb"},"inLanguage":"pt-PT","potentialAction":[{"@type":"ReadAction","target":["https:\/\/penosil.com\/pt\/produto\/janelas-e-portas-elastico-espuma-pu-low-mdi-para-a-instalacao-de-janelas-e-portas\/"]}]},{"@type":"ImageObject","inLanguage":"pt-PT","@id":"https:\/\/penosil.com\/pt\/produto\/janelas-e-portas-elastico-espuma-pu-low-mdi-para-a-instalacao-de-janelas-e-portas\/#primaryimage","url":"https:\/\/penosil.com\/pt\/wp-content\/uploads\/sites\/10\/2022\/01\/MEP_3827-Penosil-WindowDoor-Low-MDI-Straw-Foam-700ml-ES-PT.png","contentUrl":"https:\/\/penosil.com\/pt\/wp-content\/uploads\/sites\/10\/2022\/01\/MEP_3827-Penosil-WindowDoor-Low-MDI-Straw-Foam-700ml-ES-PT.png","width":401,"height":1080},{"@type":"BreadcrumbList","@id":"https:\/\/penosil.com\/pt\/produto\/janelas-e-portas-elastico-espuma-pu-low-mdi-para-a-instalacao-de-janelas-e-portas\/#breadcrumb","itemListElement":[{"@type":"ListItem","position":1,"name":"Home","item":"https:\/\/penosil.com\/pt\/"},{"@type":"ListItem","position":2,"name":"Produtos","item":"https:\/\/penosil.com\/pt\/produtos\/"},{"@type":"ListItem","position":3,"name":"Janelas e Portas El\u00e1stico"}]},{"@type":"WebSite","@id":"https:\/\/penosil.com\/pt\/#website","url":"https:\/\/penosil.com\/pt\/","name":"Penosil Portugal","description":"","potentialAction":[{"@type":"SearchAction","target":{"@type":"EntryPoint","urlTemplate":"https:\/\/penosil.com\/pt\/?s={search_term_string}"},"query-input":{"@type":"PropertyValueSpecification","valueRequired":true,"valueName":"search_term_string"}}],"inLanguage":"pt-PT"}]}},"featured_img":"https:\/\/penosil.com\/pt\/wp-content\/uploads\/sites\/10\/2022\/01\/MEP_3827-Penosil-WindowDoor-Low-MDI-Straw-Foam-700ml-ES-PT.png","coauthors":[],"author_meta":{"author_link":"https:\/\/penosil.com\/pt\/author\/armand\/","display_name":"armand"},"relative_dates":{"created":"Posted 4 anos ago","modified":"Updated 1 ano ago"},"absolute_dates":{"created":"Posted on 31 de Janeiro, 2022","modified":"Updated on 11 de Mar\u00e7o, 2025"},"absolute_dates_time":{"created":"Posted on 31 de Janeiro, 2022 15:39","modified":"Updated on 11 de Mar\u00e7o, 2025 9:16"},"featured_img_caption":"","tax_additional":{"product_brand":{"linked":[],"unlinked":[],"slug":"product_brand","name":"Marcas"},"product_type":{"linked":["<a href=\"https:\/\/penosil.com\/pt\/?taxonomy=product_type&#038;term=simple\" class=\"advgb-post-tax-term\">simple<\/a>"],"unlinked":["<span class=\"advgb-post-tax-term\">simple<\/span>"],"slug":"product_type","name":"Tipo de produto"},"product_visibility":{"linked":[],"unlinked":[],"slug":"product_visibility","name":"Visibilidade do produto"},"product_cat":{"linked":["<a href=\"https:\/\/penosil.com\/pt\/categoria-produto\/grupos-de-produtos\/espumas-de-construcao\/espumas-manuais-com-canula\/\" class=\"advgb-post-tax-term\">Espumas manuais com c\u00e2nula<\/a>","<a href=\"https:\/\/penosil.com\/pt\/categoria-produto\/grupos-de-produtos\/espumas-de-construcao\/\" class=\"advgb-post-tax-term\">Espumas de constru\u00e7\u00e3o<\/a>","<a href=\"https:\/\/penosil.com\/pt\/categoria-produto\/grupos-de-produtos\/\" class=\"advgb-post-tax-term\">Grupos de produtos<\/a>","<a href=\"https:\/\/penosil.com\/pt\/categoria-produto\/easy-pro\/janelas-e-portas\/\" class=\"advgb-post-tax-term\">Janelas e Portas<\/a>","<a href=\"https:\/\/penosil.com\/pt\/categoria-produto\/easy-pro\/\" class=\"advgb-post-tax-term\">EasyPRO<\/a>"],"unlinked":["<span class=\"advgb-post-tax-term\">Espumas manuais com c\u00e2nula<\/span>","<span class=\"advgb-post-tax-term\">Espumas de constru\u00e7\u00e3o<\/span>","<span class=\"advgb-post-tax-term\">Grupos de produtos<\/span>","<span class=\"advgb-post-tax-term\">Janelas e Portas<\/span>","<span class=\"advgb-post-tax-term\">EasyPRO<\/span>"],"slug":"product_cat","name":"Categorias de produto"},"product_tag":{"linked":[],"unlinked":[],"slug":"product_tag","name":"Etiquetas de produto"},"product_shipping_class":{"linked":[],"unlinked":[],"slug":"product_shipping_class","name":"Classes de envio do produto"},"pos_product_visibility":{"linked":[],"unlinked":[],"slug":"pos_product_visibility","name":"POS Product visibility"},"pa_color":{"linked":["<a href=\"https:\/\/penosil.com\/pt\/?taxonomy=pa_color&#038;term=branco\" class=\"advgb-post-tax-term\">Branco<\/a>"],"unlinked":["<span class=\"advgb-post-tax-term\">Branco<\/span>"],"slug":"pa_color","name":"Product Cor"},"pa_package":{"linked":[],"unlinked":[],"slug":"pa_package","name":"Product Package"},"translation_priority":{"linked":["<a href=\"https:\/\/penosil.com\/pt\/?taxonomy=translation_priority&#038;term=opcional\" class=\"advgb-post-tax-term\">Opcional<\/a>"],"unlinked":["<span class=\"advgb-post-tax-term\">Opcional<\/span>"],"slug":"translation_priority","name":"Prioridades da Tradu\u00e7\u00e3o"}},"series_order":"","_links":{"self":[{"href":"https:\/\/penosil.com\/pt\/wp-json\/wp\/v2\/product\/8041","targetHints":{"allow":["GET"]}}],"collection":[{"href":"https:\/\/penosil.com\/pt\/wp-json\/wp\/v2\/product"}],"about":[{"href":"https:\/\/penosil.com\/pt\/wp-json\/wp\/v2\/types\/product"}],"version-history":[{"count":1,"href":"https:\/\/penosil.com\/pt\/wp-json\/wp\/v2\/product\/8041\/revisions"}],"predecessor-version":[{"id":10371,"href":"https:\/\/penosil.com\/pt\/wp-json\/wp\/v2\/product\/8041\/revisions\/10371"}],"wp:featuredmedia":[{"embeddable":true,"href":"https:\/\/penosil.com\/pt\/wp-json\/wp\/v2\/media\/8122"}],"wp:attachment":[{"href":"https:\/\/penosil.com\/pt\/wp-json\/wp\/v2\/media?parent=8041"}],"wp:term":[{"taxonomy":"product_brand","embeddable":true,"href":"https:\/\/penosil.com\/pt\/wp-json\/wp\/v2\/product_brand?post=8041"},{"taxonomy":"product_cat","embeddable":true,"href":"https:\/\/penosil.com\/pt\/wp-json\/wp\/v2\/product_cat?post=8041"},{"taxonomy":"product_tag","embeddable":true,"href":"https:\/\/penosil.com\/pt\/wp-json\/wp\/v2\/product_tag?post=8041"}],"curies":[{"name":"wp","href":"https:\/\/api.w.org\/{rel}","templated":true}]}}