{"id":8134,"date":"2022-06-28T09:11:10","date_gmt":"2022-06-28T09:11:10","guid":{"rendered":"https:\/\/penosil.com\/pt\/?post_type=product&#038;p=8134"},"modified":"2026-04-03T04:37:06","modified_gmt":"2026-04-03T04:37:06","slug":"ms-turbo","status":"publish","type":"product","link":"https:\/\/penosil.com\/pt\/produto\/ms-turbo\/","title":{"rendered":"MS Turbo"},"content":{"rendered":"<p>PENOSIL MS TURBO \u00e9 um potente adesivo el\u00e1stico de m\u00e1xima resist\u00eancia \u00e0 base de pol\u00edmero MS, com agarre imediato e elevadas presta\u00e7\u00f5es finais. Excelente ades\u00e3o \u00e0 maioria dos materiais, e adere inclusive em superf\u00edcies h\u00famidas, Uni\u00f5es r\u00e1pidas, el\u00e1sticas, resistentes e dur\u00e1veis, na constru\u00e7\u00e3o e na ind\u00fastria.<br \/>\n<strong>Agora tamb\u00e9m em transparente:<\/strong>\u00a0<a href=\"https:\/\/penosil.com\/pt\/produto\/ms-turbo-crystal-adesivo-polimero-ms-transparente\/\" target=\"_blank\" rel=\"noopener\">MS Turbo Crystal<\/a>.<\/p>\n","protected":false},"excerpt":{"rendered":"PENOSIL MS TURBO \u00e9 um potente adesivo el\u00e1stico de m\u00e1xima resist\u00eancia \u00e0 base de pol\u00edmero MS, com agarre imediato e elevadas presta\u00e7\u00f5es finais. Excelente ades\u00e3o \u00e0 maioria dos materiais, e adere inclusive em superf\u00edcies h\u00famidas, Uni\u00f5es r\u00e1pidas, el\u00e1sticas, resistentes e dur\u00e1veis, na constru\u00e7\u00e3o e na ind\u00fastria. Agora tamb\u00e9m em transparente:\u00a0MS Turbo Crystal.","protected":false},"author":24,"featured_media":10428,"template":"","meta":{"_acf_changed":false,"advgb_blocks_editor_width":"","advgb_blocks_columns_visual_guide":"","footnotes":""},"product_brand":[],"product_cat":[1369,339,1611,1390,1669,2259],"product_tag":[],"class_list":{"0":"post-8134","1":"product","2":"type-product","3":"status-publish","4":"has-post-thumbnail","6":"product_cat-grupos-de-produtos","7":"product_cat-easy-pro","8":"product_cat-selantes","9":"product_cat-adesivos","10":"product_cat-ms-polimeros-hibridos","11":"product_cat-colas-easypro","13":"first","14":"instock","15":"taxable","16":"shipping-taxable","17":"purchasable","18":"product-type-simple"},"acf":[],"yoast_head":"<!-- This site is optimized with the Yoast SEO plugin v27.2 - https:\/\/yoast.com\/product\/yoast-seo-wordpress\/ -->\n<title>PENOSIL MS Turbo - Adesivo el\u00e1stico de M\u00e1xima Resist\u00eancia<\/title>\n<meta name=\"description\" content=\"Potente adesivo el\u00e1stico de m\u00e1xima resist\u00eancia \u00e0 base de pol\u00edmero MS, com agarre imediato e elevadas presta\u00e7\u00f5es finais. Descubra-a!\" \/>\n<meta name=\"robots\" content=\"index, follow, max-snippet:-1, max-image-preview:large, max-video-preview:-1\" \/>\n<link rel=\"canonical\" href=\"https:\/\/penosil.com\/pt\/produto\/ms-turbo\/\" \/>\n<meta property=\"og:locale\" content=\"pt_PT\" \/>\n<meta property=\"og:type\" content=\"article\" \/>\n<meta property=\"og:title\" content=\"PENOSIL MS Turbo - Adesivo el\u00e1stico de M\u00e1xima Resist\u00eancia\" \/>\n<meta property=\"og:description\" content=\"Potente adesivo el\u00e1stico de m\u00e1xima resist\u00eancia \u00e0 base de pol\u00edmero MS, com agarre imediato e elevadas presta\u00e7\u00f5es finais. Descubra-a!\" \/>\n<meta property=\"og:url\" content=\"https:\/\/penosil.com\/pt\/produto\/ms-turbo\/\" \/>\n<meta property=\"og:site_name\" content=\"Penosil Portugal\" \/>\n<meta property=\"article:modified_time\" content=\"2026-04-03T04:37:06+00:00\" \/>\n<meta property=\"og:image\" content=\"https:\/\/penosil.com\/pt\/wp-content\/uploads\/sites\/10\/2022\/06\/Adesivo-elastico-de-maxima-resistencia-MS-Turbo.png\" \/>\n\t<meta property=\"og:image:width\" content=\"387\" \/>\n\t<meta property=\"og:image:height\" content=\"1080\" \/>\n\t<meta property=\"og:image:type\" content=\"image\/png\" \/>\n<meta name=\"twitter:card\" content=\"summary_large_image\" \/>\n<meta name=\"twitter:label1\" content=\"Tempo estimado de leitura\" \/>\n\t<meta name=\"twitter:data1\" content=\"3 minutos\" \/>\n<script type=\"application\/ld+json\" class=\"yoast-schema-graph\">{\"@context\":\"https:\/\/schema.org\",\"@graph\":[{\"@type\":\"WebPage\",\"@id\":\"https:\/\/penosil.com\/pt\/produto\/ms-turbo\/\",\"url\":\"https:\/\/penosil.com\/pt\/produto\/ms-turbo\/\",\"name\":\"PENOSIL MS Turbo - Adesivo el\u00e1stico de M\u00e1xima Resist\u00eancia\",\"isPartOf\":{\"@id\":\"https:\/\/penosil.com\/pt\/#website\"},\"primaryImageOfPage\":{\"@id\":\"https:\/\/penosil.com\/pt\/produto\/ms-turbo\/#primaryimage\"},\"image\":{\"@id\":\"https:\/\/penosil.com\/pt\/produto\/ms-turbo\/#primaryimage\"},\"thumbnailUrl\":\"https:\/\/penosil.com\/pt\/wp-content\/uploads\/sites\/10\/2022\/06\/Adesivo-elastico-de-maxima-resistencia-MS-Turbo.png\",\"datePublished\":\"2022-06-28T09:11:10+00:00\",\"dateModified\":\"2026-04-03T04:37:06+00:00\",\"description\":\"Potente adesivo el\u00e1stico de m\u00e1xima resist\u00eancia \u00e0 base de pol\u00edmero MS, com agarre imediato e elevadas presta\u00e7\u00f5es finais. Descubra-a!\",\"breadcrumb\":{\"@id\":\"https:\/\/penosil.com\/pt\/produto\/ms-turbo\/#breadcrumb\"},\"inLanguage\":\"pt-PT\",\"potentialAction\":[{\"@type\":\"ReadAction\",\"target\":[\"https:\/\/penosil.com\/pt\/produto\/ms-turbo\/\"]}]},{\"@type\":\"ImageObject\",\"inLanguage\":\"pt-PT\",\"@id\":\"https:\/\/penosil.com\/pt\/produto\/ms-turbo\/#primaryimage\",\"url\":\"https:\/\/penosil.com\/pt\/wp-content\/uploads\/sites\/10\/2022\/06\/Adesivo-elastico-de-maxima-resistencia-MS-Turbo.png\",\"contentUrl\":\"https:\/\/penosil.com\/pt\/wp-content\/uploads\/sites\/10\/2022\/06\/Adesivo-elastico-de-maxima-resistencia-MS-Turbo.png\",\"width\":387,\"height\":1080,\"caption\":\"Adesivo elastico de maxima resistencia MS Turbo\"},{\"@type\":\"BreadcrumbList\",\"@id\":\"https:\/\/penosil.com\/pt\/produto\/ms-turbo\/#breadcrumb\",\"itemListElement\":[{\"@type\":\"ListItem\",\"position\":1,\"name\":\"Home\",\"item\":\"https:\/\/penosil.com\/pt\/\"},{\"@type\":\"ListItem\",\"position\":2,\"name\":\"Produtos\",\"item\":\"https:\/\/penosil.com\/pt\/produtos\/\"},{\"@type\":\"ListItem\",\"position\":3,\"name\":\"MS Turbo\"}]},{\"@type\":\"WebSite\",\"@id\":\"https:\/\/penosil.com\/pt\/#website\",\"url\":\"https:\/\/penosil.com\/pt\/\",\"name\":\"Penosil Portugal\",\"description\":\"\",\"potentialAction\":[{\"@type\":\"SearchAction\",\"target\":{\"@type\":\"EntryPoint\",\"urlTemplate\":\"https:\/\/penosil.com\/pt\/?s={search_term_string}\"},\"query-input\":{\"@type\":\"PropertyValueSpecification\",\"valueRequired\":true,\"valueName\":\"search_term_string\"}}],\"inLanguage\":\"pt-PT\"}]}<\/script>\n<!-- \/ Yoast SEO plugin. -->","yoast_head_json":{"title":"PENOSIL MS Turbo - Adesivo el\u00e1stico de M\u00e1xima Resist\u00eancia","description":"Potente adesivo el\u00e1stico de m\u00e1xima resist\u00eancia \u00e0 base de pol\u00edmero MS, com agarre imediato e elevadas presta\u00e7\u00f5es finais. Descubra-a!","robots":{"index":"index","follow":"follow","max-snippet":"max-snippet:-1","max-image-preview":"max-image-preview:large","max-video-preview":"max-video-preview:-1"},"canonical":"https:\/\/penosil.com\/pt\/produto\/ms-turbo\/","og_locale":"pt_PT","og_type":"article","og_title":"PENOSIL MS Turbo - Adesivo el\u00e1stico de M\u00e1xima Resist\u00eancia","og_description":"Potente adesivo el\u00e1stico de m\u00e1xima resist\u00eancia \u00e0 base de pol\u00edmero MS, com agarre imediato e elevadas presta\u00e7\u00f5es finais. Descubra-a!","og_url":"https:\/\/penosil.com\/pt\/produto\/ms-turbo\/","og_site_name":"Penosil Portugal","article_modified_time":"2026-04-03T04:37:06+00:00","og_image":[{"width":387,"height":1080,"url":"https:\/\/penosil.com\/pt\/wp-content\/uploads\/sites\/10\/2022\/06\/Adesivo-elastico-de-maxima-resistencia-MS-Turbo.png","type":"image\/png"}],"twitter_card":"summary_large_image","twitter_misc":{"Tempo estimado de leitura":"3 minutos"},"schema":{"@context":"https:\/\/schema.org","@graph":[{"@type":"WebPage","@id":"https:\/\/penosil.com\/pt\/produto\/ms-turbo\/","url":"https:\/\/penosil.com\/pt\/produto\/ms-turbo\/","name":"PENOSIL MS Turbo - Adesivo el\u00e1stico de M\u00e1xima Resist\u00eancia","isPartOf":{"@id":"https:\/\/penosil.com\/pt\/#website"},"primaryImageOfPage":{"@id":"https:\/\/penosil.com\/pt\/produto\/ms-turbo\/#primaryimage"},"image":{"@id":"https:\/\/penosil.com\/pt\/produto\/ms-turbo\/#primaryimage"},"thumbnailUrl":"https:\/\/penosil.com\/pt\/wp-content\/uploads\/sites\/10\/2022\/06\/Adesivo-elastico-de-maxima-resistencia-MS-Turbo.png","datePublished":"2022-06-28T09:11:10+00:00","dateModified":"2026-04-03T04:37:06+00:00","description":"Potente adesivo el\u00e1stico de m\u00e1xima resist\u00eancia \u00e0 base de pol\u00edmero MS, com agarre imediato e elevadas presta\u00e7\u00f5es finais. Descubra-a!","breadcrumb":{"@id":"https:\/\/penosil.com\/pt\/produto\/ms-turbo\/#breadcrumb"},"inLanguage":"pt-PT","potentialAction":[{"@type":"ReadAction","target":["https:\/\/penosil.com\/pt\/produto\/ms-turbo\/"]}]},{"@type":"ImageObject","inLanguage":"pt-PT","@id":"https:\/\/penosil.com\/pt\/produto\/ms-turbo\/#primaryimage","url":"https:\/\/penosil.com\/pt\/wp-content\/uploads\/sites\/10\/2022\/06\/Adesivo-elastico-de-maxima-resistencia-MS-Turbo.png","contentUrl":"https:\/\/penosil.com\/pt\/wp-content\/uploads\/sites\/10\/2022\/06\/Adesivo-elastico-de-maxima-resistencia-MS-Turbo.png","width":387,"height":1080,"caption":"Adesivo elastico de maxima resistencia MS Turbo"},{"@type":"BreadcrumbList","@id":"https:\/\/penosil.com\/pt\/produto\/ms-turbo\/#breadcrumb","itemListElement":[{"@type":"ListItem","position":1,"name":"Home","item":"https:\/\/penosil.com\/pt\/"},{"@type":"ListItem","position":2,"name":"Produtos","item":"https:\/\/penosil.com\/pt\/produtos\/"},{"@type":"ListItem","position":3,"name":"MS Turbo"}]},{"@type":"WebSite","@id":"https:\/\/penosil.com\/pt\/#website","url":"https:\/\/penosil.com\/pt\/","name":"Penosil Portugal","description":"","potentialAction":[{"@type":"SearchAction","target":{"@type":"EntryPoint","urlTemplate":"https:\/\/penosil.com\/pt\/?s={search_term_string}"},"query-input":{"@type":"PropertyValueSpecification","valueRequired":true,"valueName":"search_term_string"}}],"inLanguage":"pt-PT"}]}},"featured_img":"https:\/\/penosil.com\/pt\/wp-content\/uploads\/sites\/10\/2022\/06\/Adesivo-elastico-de-maxima-resistencia-MS-Turbo.png","coauthors":[],"author_meta":{"author_link":"https:\/\/penosil.com\/pt\/author\/armand\/","display_name":"armand"},"relative_dates":{"created":"Posted 4 anos ago","modified":"Updated 2 semanas ago"},"absolute_dates":{"created":"Posted on 28 de Junho, 2022","modified":"Updated on 3 de Abril, 2026"},"absolute_dates_time":{"created":"Posted on 28 de Junho, 2022 9:11","modified":"Updated on 3 de Abril, 2026 4:37"},"featured_img_caption":"","tax_additional":{"product_brand":{"linked":[],"unlinked":[],"slug":"product_brand","name":"Marcas"},"product_type":{"linked":["<a href=\"https:\/\/penosil.com\/pt\/?taxonomy=product_type&#038;term=simple\" class=\"advgb-post-tax-term\">simple<\/a>"],"unlinked":["<span class=\"advgb-post-tax-term\">simple<\/span>"],"slug":"product_type","name":"Tipo de produto"},"product_visibility":{"linked":[],"unlinked":[],"slug":"product_visibility","name":"Visibilidade do produto"},"product_cat":{"linked":["<a href=\"https:\/\/penosil.com\/pt\/categoria-produto\/grupos-de-produtos\/\" class=\"advgb-post-tax-term\">Grupos de produtos<\/a>","<a href=\"https:\/\/penosil.com\/pt\/categoria-produto\/easy-pro\/\" class=\"advgb-post-tax-term\">EasyPRO<\/a>","<a href=\"https:\/\/penosil.com\/pt\/categoria-produto\/grupos-de-produtos\/selantes\/\" class=\"advgb-post-tax-term\">Selantes<\/a>","<a href=\"https:\/\/penosil.com\/pt\/categoria-produto\/grupos-de-produtos\/adesivos\/\" class=\"advgb-post-tax-term\">Colas<\/a>","<a href=\"https:\/\/penosil.com\/pt\/categoria-produto\/grupos-de-produtos\/selantes\/ms-polimeros-hibridos\/\" class=\"advgb-post-tax-term\">MS \/ Polimeros hibridos<\/a>","<a href=\"https:\/\/penosil.com\/pt\/categoria-produto\/easy-pro\/colas-easypro\/\" class=\"advgb-post-tax-term\">Colas<\/a>"],"unlinked":["<span class=\"advgb-post-tax-term\">Grupos de produtos<\/span>","<span class=\"advgb-post-tax-term\">EasyPRO<\/span>","<span class=\"advgb-post-tax-term\">Selantes<\/span>","<span class=\"advgb-post-tax-term\">Colas<\/span>","<span class=\"advgb-post-tax-term\">MS \/ Polimeros hibridos<\/span>","<span class=\"advgb-post-tax-term\">Colas<\/span>"],"slug":"product_cat","name":"Categorias de produto"},"product_tag":{"linked":[],"unlinked":[],"slug":"product_tag","name":"Etiquetas de produto"},"product_shipping_class":{"linked":[],"unlinked":[],"slug":"product_shipping_class","name":"Classes de envio do produto"},"pos_product_visibility":{"linked":[],"unlinked":[],"slug":"pos_product_visibility","name":"POS Product visibility"},"pa_color":{"linked":["<a href=\"https:\/\/penosil.com\/pt\/?taxonomy=pa_color&#038;term=preto\" class=\"advgb-post-tax-term\">Preto<\/a>","<a href=\"https:\/\/penosil.com\/pt\/?taxonomy=pa_color&#038;term=cinzento\" class=\"advgb-post-tax-term\">Cinzento<\/a>","<a href=\"https:\/\/penosil.com\/pt\/?taxonomy=pa_color&#038;term=branco\" class=\"advgb-post-tax-term\">Branco<\/a>"],"unlinked":["<span class=\"advgb-post-tax-term\">Preto<\/span>","<span class=\"advgb-post-tax-term\">Cinzento<\/span>","<span class=\"advgb-post-tax-term\">Branco<\/span>"],"slug":"pa_color","name":"Product Cor"},"pa_package":{"linked":[],"unlinked":[],"slug":"pa_package","name":"Product Package"},"translation_priority":{"linked":["<a href=\"https:\/\/penosil.com\/pt\/?taxonomy=translation_priority&#038;term=opcional\" class=\"advgb-post-tax-term\">Opcional<\/a>"],"unlinked":["<span class=\"advgb-post-tax-term\">Opcional<\/span>"],"slug":"translation_priority","name":"Prioridades da Tradu\u00e7\u00e3o"}},"series_order":"","_links":{"self":[{"href":"https:\/\/penosil.com\/pt\/wp-json\/wp\/v2\/product\/8134","targetHints":{"allow":["GET"]}}],"collection":[{"href":"https:\/\/penosil.com\/pt\/wp-json\/wp\/v2\/product"}],"about":[{"href":"https:\/\/penosil.com\/pt\/wp-json\/wp\/v2\/types\/product"}],"version-history":[{"count":9,"href":"https:\/\/penosil.com\/pt\/wp-json\/wp\/v2\/product\/8134\/revisions"}],"predecessor-version":[{"id":10439,"href":"https:\/\/penosil.com\/pt\/wp-json\/wp\/v2\/product\/8134\/revisions\/10439"}],"wp:featuredmedia":[{"embeddable":true,"href":"https:\/\/penosil.com\/pt\/wp-json\/wp\/v2\/media\/10428"}],"wp:attachment":[{"href":"https:\/\/penosil.com\/pt\/wp-json\/wp\/v2\/media?parent=8134"}],"wp:term":[{"taxonomy":"product_brand","embeddable":true,"href":"https:\/\/penosil.com\/pt\/wp-json\/wp\/v2\/product_brand?post=8134"},{"taxonomy":"product_cat","embeddable":true,"href":"https:\/\/penosil.com\/pt\/wp-json\/wp\/v2\/product_cat?post=8134"},{"taxonomy":"product_tag","embeddable":true,"href":"https:\/\/penosil.com\/pt\/wp-json\/wp\/v2\/product_tag?post=8134"}],"curies":[{"name":"wp","href":"https:\/\/api.w.org\/{rel}","templated":true}]}}