{"id":8798,"date":"2022-12-22T12:10:43","date_gmt":"2022-12-22T12:10:43","guid":{"rendered":"https:\/\/penosil.com\/pt\/?post_type=product&#038;p=8798"},"modified":"2025-08-25T12:01:44","modified_gmt":"2025-08-25T12:01:44","slug":"silicone-neutro-400n-para-fachadas-e-muros-cortina","status":"publish","type":"product","link":"https:\/\/penosil.com\/pt\/produto\/silicone-neutro-400n-para-fachadas-e-muros-cortina\/","title":{"rendered":"Silicone Neutro 400n"},"content":{"rendered":"<p>Silicone para fachadas envidra\u00e7adas e muros cortina, 100\u00a0% neutro, que cura com a humidade atmosf\u00e9rica, formando uma veda\u00e7\u00e3o de elevado desempenho, flex\u00edvel e extremamente resistente.<\/p>\n","protected":false},"excerpt":{"rendered":"Silicone para fachadas envidra\u00e7adas e muros cortina, 100\u00a0% neutro, que cura com a humidade atmosf\u00e9rica, formando uma veda\u00e7\u00e3o de elevado desempenho, flex\u00edvel e extremamente resistente.","protected":false},"author":67,"featured_media":10146,"template":"","meta":{"_acf_changed":false,"advgb_blocks_editor_width":"","advgb_blocks_columns_visual_guide":"","footnotes":""},"product_brand":[],"product_cat":[2290,1369,2297,1611,1647],"product_tag":[],"class_list":{"0":"post-8798","1":"product","2":"type-product","3":"status-publish","4":"has-post-thumbnail","6":"product_cat-areas-de-aplicacao","7":"product_cat-grupos-de-produtos","8":"product_cat-telhados-e-fachadas","9":"product_cat-selantes","10":"product_cat-silicones","12":"first","13":"instock","14":"purchasable","15":"product-type-variable","16":"has-default-attributes"},"acf":[],"yoast_head":"<!-- This site is optimized with the Yoast SEO plugin v27.4 - https:\/\/yoast.com\/product\/yoast-seo-wordpress\/ -->\n<title>Silicone Neutro para Fachadas e Muros Cortina PENOSIL 400n<\/title>\n<meta name=\"description\" content=\"Silicone Neutro para Fachadas e Muros Cortina PENOSIL 400n, de grande elasticidade e forte ader\u00eancia ao vidro e ao alum\u00ednio. Resistente a climas extremas.\" \/>\n<meta name=\"robots\" content=\"index, follow, max-snippet:-1, max-image-preview:large, max-video-preview:-1\" \/>\n<link rel=\"canonical\" href=\"https:\/\/penosil.com\/pt\/produto\/silicone-neutro-400n-para-fachadas-e-muros-cortina\/\" \/>\n<meta property=\"og:locale\" content=\"pt_PT\" \/>\n<meta property=\"og:type\" content=\"article\" \/>\n<meta property=\"og:title\" content=\"Silicone Neutro para Fachadas e Muros Cortina PENOSIL 400n\" \/>\n<meta property=\"og:description\" content=\"Silicone Neutro para Fachadas e Muros Cortina PENOSIL 400n, de grande elasticidade e forte ader\u00eancia ao vidro e ao alum\u00ednio. Resistente a climas extremas.\" \/>\n<meta property=\"og:url\" content=\"https:\/\/penosil.com\/pt\/produto\/silicone-neutro-400n-para-fachadas-e-muros-cortina\/\" \/>\n<meta property=\"og:site_name\" content=\"Penosil Portugal\" \/>\n<meta property=\"article:modified_time\" content=\"2025-08-25T12:01:44+00:00\" \/>\n<meta property=\"og:image\" content=\"https:\/\/penosil.com\/pt\/wp-content\/uploads\/sites\/10\/2022\/12\/Silicone-para-fachadas-e-Muros-Cortina-Penosil-400n.png\" \/>\n\t<meta property=\"og:image:width\" content=\"387\" \/>\n\t<meta property=\"og:image:height\" content=\"1080\" \/>\n\t<meta property=\"og:image:type\" content=\"image\/png\" \/>\n<meta name=\"twitter:card\" content=\"summary_large_image\" \/>\n<meta name=\"twitter:label1\" content=\"Tempo estimado de leitura\" \/>\n\t<meta name=\"twitter:data1\" content=\"4 minutos\" \/>\n<script type=\"application\/ld+json\" class=\"yoast-schema-graph\">{\"@context\":\"https:\\\/\\\/schema.org\",\"@graph\":[{\"@type\":\"WebPage\",\"@id\":\"https:\\\/\\\/penosil.com\\\/pt\\\/produto\\\/silicone-neutro-400n-para-fachadas-e-muros-cortina\\\/\",\"url\":\"https:\\\/\\\/penosil.com\\\/pt\\\/produto\\\/silicone-neutro-400n-para-fachadas-e-muros-cortina\\\/\",\"name\":\"Silicone Neutro para Fachadas e Muros Cortina PENOSIL 400n\",\"isPartOf\":{\"@id\":\"https:\\\/\\\/penosil.com\\\/pt\\\/#website\"},\"primaryImageOfPage\":{\"@id\":\"https:\\\/\\\/penosil.com\\\/pt\\\/produto\\\/silicone-neutro-400n-para-fachadas-e-muros-cortina\\\/#primaryimage\"},\"image\":{\"@id\":\"https:\\\/\\\/penosil.com\\\/pt\\\/produto\\\/silicone-neutro-400n-para-fachadas-e-muros-cortina\\\/#primaryimage\"},\"thumbnailUrl\":\"https:\\\/\\\/penosil.com\\\/pt\\\/wp-content\\\/uploads\\\/sites\\\/10\\\/2022\\\/12\\\/Silicone-para-fachadas-e-Muros-Cortina-Penosil-400n.png\",\"datePublished\":\"2022-12-22T12:10:43+00:00\",\"dateModified\":\"2025-08-25T12:01:44+00:00\",\"description\":\"Silicone Neutro para Fachadas e Muros Cortina PENOSIL 400n, de grande elasticidade e forte ader\u00eancia ao vidro e ao alum\u00ednio. Resistente a climas extremas.\",\"breadcrumb\":{\"@id\":\"https:\\\/\\\/penosil.com\\\/pt\\\/produto\\\/silicone-neutro-400n-para-fachadas-e-muros-cortina\\\/#breadcrumb\"},\"inLanguage\":\"pt-PT\",\"potentialAction\":[{\"@type\":\"ReadAction\",\"target\":[\"https:\\\/\\\/penosil.com\\\/pt\\\/produto\\\/silicone-neutro-400n-para-fachadas-e-muros-cortina\\\/\"]}]},{\"@type\":\"ImageObject\",\"inLanguage\":\"pt-PT\",\"@id\":\"https:\\\/\\\/penosil.com\\\/pt\\\/produto\\\/silicone-neutro-400n-para-fachadas-e-muros-cortina\\\/#primaryimage\",\"url\":\"https:\\\/\\\/penosil.com\\\/pt\\\/wp-content\\\/uploads\\\/sites\\\/10\\\/2022\\\/12\\\/Silicone-para-fachadas-e-Muros-Cortina-Penosil-400n.png\",\"contentUrl\":\"https:\\\/\\\/penosil.com\\\/pt\\\/wp-content\\\/uploads\\\/sites\\\/10\\\/2022\\\/12\\\/Silicone-para-fachadas-e-Muros-Cortina-Penosil-400n.png\",\"width\":387,\"height\":1080,\"caption\":\"Silicone para Fachadas e Muros Cortina Penosil 400n\"},{\"@type\":\"BreadcrumbList\",\"@id\":\"https:\\\/\\\/penosil.com\\\/pt\\\/produto\\\/silicone-neutro-400n-para-fachadas-e-muros-cortina\\\/#breadcrumb\",\"itemListElement\":[{\"@type\":\"ListItem\",\"position\":1,\"name\":\"Home\",\"item\":\"https:\\\/\\\/penosil.com\\\/pt\\\/\"},{\"@type\":\"ListItem\",\"position\":2,\"name\":\"Produtos\",\"item\":\"https:\\\/\\\/penosil.com\\\/pt\\\/produtos\\\/\"},{\"@type\":\"ListItem\",\"position\":3,\"name\":\"Silicone Neutro 400n\"}]},{\"@type\":\"WebSite\",\"@id\":\"https:\\\/\\\/penosil.com\\\/pt\\\/#website\",\"url\":\"https:\\\/\\\/penosil.com\\\/pt\\\/\",\"name\":\"Penosil Portugal\",\"description\":\"\",\"potentialAction\":[{\"@type\":\"SearchAction\",\"target\":{\"@type\":\"EntryPoint\",\"urlTemplate\":\"https:\\\/\\\/penosil.com\\\/pt\\\/?s={search_term_string}\"},\"query-input\":{\"@type\":\"PropertyValueSpecification\",\"valueRequired\":true,\"valueName\":\"search_term_string\"}}],\"inLanguage\":\"pt-PT\"}]}<\/script>\n<!-- \/ Yoast SEO plugin. -->","yoast_head_json":{"title":"Silicone Neutro para Fachadas e Muros Cortina PENOSIL 400n","description":"Silicone Neutro para Fachadas e Muros Cortina PENOSIL 400n, de grande elasticidade e forte ader\u00eancia ao vidro e ao alum\u00ednio. Resistente a climas extremas.","robots":{"index":"index","follow":"follow","max-snippet":"max-snippet:-1","max-image-preview":"max-image-preview:large","max-video-preview":"max-video-preview:-1"},"canonical":"https:\/\/penosil.com\/pt\/produto\/silicone-neutro-400n-para-fachadas-e-muros-cortina\/","og_locale":"pt_PT","og_type":"article","og_title":"Silicone Neutro para Fachadas e Muros Cortina PENOSIL 400n","og_description":"Silicone Neutro para Fachadas e Muros Cortina PENOSIL 400n, de grande elasticidade e forte ader\u00eancia ao vidro e ao alum\u00ednio. Resistente a climas extremas.","og_url":"https:\/\/penosil.com\/pt\/produto\/silicone-neutro-400n-para-fachadas-e-muros-cortina\/","og_site_name":"Penosil Portugal","article_modified_time":"2025-08-25T12:01:44+00:00","og_image":[{"width":387,"height":1080,"url":"https:\/\/penosil.com\/pt\/wp-content\/uploads\/sites\/10\/2022\/12\/Silicone-para-fachadas-e-Muros-Cortina-Penosil-400n.png","type":"image\/png"}],"twitter_card":"summary_large_image","twitter_misc":{"Tempo estimado de leitura":"4 minutos"},"schema":{"@context":"https:\/\/schema.org","@graph":[{"@type":"WebPage","@id":"https:\/\/penosil.com\/pt\/produto\/silicone-neutro-400n-para-fachadas-e-muros-cortina\/","url":"https:\/\/penosil.com\/pt\/produto\/silicone-neutro-400n-para-fachadas-e-muros-cortina\/","name":"Silicone Neutro para Fachadas e Muros Cortina PENOSIL 400n","isPartOf":{"@id":"https:\/\/penosil.com\/pt\/#website"},"primaryImageOfPage":{"@id":"https:\/\/penosil.com\/pt\/produto\/silicone-neutro-400n-para-fachadas-e-muros-cortina\/#primaryimage"},"image":{"@id":"https:\/\/penosil.com\/pt\/produto\/silicone-neutro-400n-para-fachadas-e-muros-cortina\/#primaryimage"},"thumbnailUrl":"https:\/\/penosil.com\/pt\/wp-content\/uploads\/sites\/10\/2022\/12\/Silicone-para-fachadas-e-Muros-Cortina-Penosil-400n.png","datePublished":"2022-12-22T12:10:43+00:00","dateModified":"2025-08-25T12:01:44+00:00","description":"Silicone Neutro para Fachadas e Muros Cortina PENOSIL 400n, de grande elasticidade e forte ader\u00eancia ao vidro e ao alum\u00ednio. Resistente a climas extremas.","breadcrumb":{"@id":"https:\/\/penosil.com\/pt\/produto\/silicone-neutro-400n-para-fachadas-e-muros-cortina\/#breadcrumb"},"inLanguage":"pt-PT","potentialAction":[{"@type":"ReadAction","target":["https:\/\/penosil.com\/pt\/produto\/silicone-neutro-400n-para-fachadas-e-muros-cortina\/"]}]},{"@type":"ImageObject","inLanguage":"pt-PT","@id":"https:\/\/penosil.com\/pt\/produto\/silicone-neutro-400n-para-fachadas-e-muros-cortina\/#primaryimage","url":"https:\/\/penosil.com\/pt\/wp-content\/uploads\/sites\/10\/2022\/12\/Silicone-para-fachadas-e-Muros-Cortina-Penosil-400n.png","contentUrl":"https:\/\/penosil.com\/pt\/wp-content\/uploads\/sites\/10\/2022\/12\/Silicone-para-fachadas-e-Muros-Cortina-Penosil-400n.png","width":387,"height":1080,"caption":"Silicone para Fachadas e Muros Cortina Penosil 400n"},{"@type":"BreadcrumbList","@id":"https:\/\/penosil.com\/pt\/produto\/silicone-neutro-400n-para-fachadas-e-muros-cortina\/#breadcrumb","itemListElement":[{"@type":"ListItem","position":1,"name":"Home","item":"https:\/\/penosil.com\/pt\/"},{"@type":"ListItem","position":2,"name":"Produtos","item":"https:\/\/penosil.com\/pt\/produtos\/"},{"@type":"ListItem","position":3,"name":"Silicone Neutro 400n"}]},{"@type":"WebSite","@id":"https:\/\/penosil.com\/pt\/#website","url":"https:\/\/penosil.com\/pt\/","name":"Penosil Portugal","description":"","potentialAction":[{"@type":"SearchAction","target":{"@type":"EntryPoint","urlTemplate":"https:\/\/penosil.com\/pt\/?s={search_term_string}"},"query-input":{"@type":"PropertyValueSpecification","valueRequired":true,"valueName":"search_term_string"}}],"inLanguage":"pt-PT"}]}},"featured_img":"https:\/\/penosil.com\/pt\/wp-content\/uploads\/sites\/10\/2022\/12\/Silicone-para-fachadas-e-Muros-Cortina-Penosil-400n.png","coauthors":[],"author_meta":{"author_link":"https:\/\/penosil.com\/pt\/author\/pedro\/","display_name":"pedro"},"relative_dates":{"created":"Posted 3 anos ago","modified":"Updated 8 meses ago"},"absolute_dates":{"created":"Posted on 22 de Dezembro, 2022","modified":"Updated on 25 de Agosto, 2025"},"absolute_dates_time":{"created":"Posted on 22 de Dezembro, 2022 12:10","modified":"Updated on 25 de Agosto, 2025 12:01"},"featured_img_caption":"Silicone para Fachadas e Muros Cortina Penosil 400n ","tax_additional":{"product_brand":{"linked":[],"unlinked":[],"slug":"product_brand","name":"Marcas"},"product_type":{"linked":["<a href=\"https:\/\/penosil.com\/pt\/?taxonomy=product_type&#038;term=variable\" class=\"advgb-post-tax-term\">variable<\/a>"],"unlinked":["<span class=\"advgb-post-tax-term\">variable<\/span>"],"slug":"product_type","name":"Tipo de produto"},"product_visibility":{"linked":[],"unlinked":[],"slug":"product_visibility","name":"Visibilidade do produto"},"product_cat":{"linked":["<a href=\"https:\/\/penosil.com\/pt\/categoria-produto\/areas-de-aplicacao\/\" class=\"advgb-post-tax-term\">\u00c1reas de aplica\u00e7\u00e3o<\/a>","<a href=\"https:\/\/penosil.com\/pt\/categoria-produto\/grupos-de-produtos\/\" class=\"advgb-post-tax-term\">Grupos de produtos<\/a>","<a href=\"https:\/\/penosil.com\/pt\/categoria-produto\/areas-de-aplicacao\/telhados-e-fachadas\/\" class=\"advgb-post-tax-term\">Telhados e Fachadas<\/a>","<a href=\"https:\/\/penosil.com\/pt\/categoria-produto\/grupos-de-produtos\/selantes\/\" class=\"advgb-post-tax-term\">Selantes<\/a>","<a href=\"https:\/\/penosil.com\/pt\/en\/products\/product-groups\/sealants\/silicones\/\" class=\"advgb-post-tax-term\">Silicones<\/a>"],"unlinked":["<span class=\"advgb-post-tax-term\">\u00c1reas de aplica\u00e7\u00e3o<\/span>","<span class=\"advgb-post-tax-term\">Grupos de produtos<\/span>","<span class=\"advgb-post-tax-term\">Telhados e Fachadas<\/span>","<span class=\"advgb-post-tax-term\">Selantes<\/span>","<span class=\"advgb-post-tax-term\">Silicones<\/span>"],"slug":"product_cat","name":"Categorias de produto"},"product_tag":{"linked":[],"unlinked":[],"slug":"product_tag","name":"Etiquetas de produto"},"product_shipping_class":{"linked":[],"unlinked":[],"slug":"product_shipping_class","name":"Classes de envio do produto"},"pos_product_visibility":{"linked":[],"unlinked":[],"slug":"pos_product_visibility","name":"POS Product visibility"},"pa_color":{"linked":["<a href=\"https:\/\/penosil.com\/pt\/?taxonomy=pa_color&#038;term=transparente\" class=\"advgb-post-tax-term\">Transparente<\/a>","<a href=\"https:\/\/penosil.com\/pt\/?taxonomy=pa_color&#038;term=azul-cobalto-ral-5013\" class=\"advgb-post-tax-term\">Azul cobalto RAL 5013<\/a>","<a href=\"https:\/\/penosil.com\/pt\/?taxonomy=pa_color&#038;term=branco\" class=\"advgb-post-tax-term\">Branco<\/a>","<a href=\"https:\/\/penosil.com\/pt\/?taxonomy=pa_color&#038;term=castanho-corca-ral-8007\" class=\"advgb-post-tax-term\">Castanho cor\u00e7a RAL 8007<\/a>","<a href=\"https:\/\/penosil.com\/pt\/?taxonomy=pa_color&#038;term=castanho-chocolate-ral-8017\" class=\"advgb-post-tax-term\">Castanho chocolate RAL 8017<\/a>","<a href=\"https:\/\/penosil.com\/pt\/?taxonomy=pa_color&#038;term=cinza-antracite-ral-7016\" class=\"advgb-post-tax-term\">Cinza antracite RAL 7016<\/a>","<a href=\"https:\/\/penosil.com\/pt\/?taxonomy=pa_color&#038;term=cinza-claro-ral-7035\" class=\"advgb-post-tax-term\">Cinza claro RAL 7035<\/a>","<a href=\"https:\/\/penosil.com\/pt\/?taxonomy=pa_color&#038;term=cinza-sombra-ral-7022\" class=\"advgb-post-tax-term\">Cinza sombra RAL 7022<\/a>","<a href=\"https:\/\/penosil.com\/pt\/?taxonomy=pa_color&#038;term=castanho-sepia-ral-8014\" class=\"advgb-post-tax-term\">Castanho s\u00e9pia RAL 8014<\/a>","<a href=\"https:\/\/penosil.com\/pt\/?taxonomy=pa_color&#038;term=preto\" class=\"advgb-post-tax-term\">Preto<\/a>","<a href=\"https:\/\/penosil.com\/pt\/?taxonomy=pa_color&#038;term=aluminio-branco-ral-9006\" class=\"advgb-post-tax-term\">Alum\u00ednio branco RAL 9006<\/a>"],"unlinked":["<span class=\"advgb-post-tax-term\">Transparente<\/span>","<span class=\"advgb-post-tax-term\">Azul cobalto RAL 5013<\/span>","<span class=\"advgb-post-tax-term\">Branco<\/span>","<span class=\"advgb-post-tax-term\">Castanho cor\u00e7a RAL 8007<\/span>","<span class=\"advgb-post-tax-term\">Castanho chocolate RAL 8017<\/span>","<span class=\"advgb-post-tax-term\">Cinza antracite RAL 7016<\/span>","<span class=\"advgb-post-tax-term\">Cinza claro RAL 7035<\/span>","<span class=\"advgb-post-tax-term\">Cinza sombra RAL 7022<\/span>","<span class=\"advgb-post-tax-term\">Castanho s\u00e9pia RAL 8014<\/span>","<span class=\"advgb-post-tax-term\">Preto<\/span>","<span class=\"advgb-post-tax-term\">Alum\u00ednio branco RAL 9006<\/span>"],"slug":"pa_color","name":"Product Cor"},"pa_package":{"linked":["<a href=\"https:\/\/penosil.com\/pt\/?taxonomy=pa_package&#038;term=300-ml\" class=\"advgb-post-tax-term\">300 ml<\/a>","<a href=\"https:\/\/penosil.com\/pt\/?taxonomy=pa_package&#038;term=bolsa-600-ml\" class=\"advgb-post-tax-term\">Bolsa 600 ml<\/a>"],"unlinked":["<span class=\"advgb-post-tax-term\">300 ml<\/span>","<span class=\"advgb-post-tax-term\">Bolsa 600 ml<\/span>"],"slug":"pa_package","name":"Product Package"},"translation_priority":{"linked":["<a href=\"https:\/\/penosil.com\/pt\/?taxonomy=translation_priority&#038;term=opcional\" class=\"advgb-post-tax-term\">Opcional<\/a>"],"unlinked":["<span class=\"advgb-post-tax-term\">Opcional<\/span>"],"slug":"translation_priority","name":"Prioridades da Tradu\u00e7\u00e3o"}},"series_order":"","_links":{"self":[{"href":"https:\/\/penosil.com\/pt\/wp-json\/wp\/v2\/product\/8798","targetHints":{"allow":["GET"]}}],"collection":[{"href":"https:\/\/penosil.com\/pt\/wp-json\/wp\/v2\/product"}],"about":[{"href":"https:\/\/penosil.com\/pt\/wp-json\/wp\/v2\/types\/product"}],"version-history":[{"count":2,"href":"https:\/\/penosil.com\/pt\/wp-json\/wp\/v2\/product\/8798\/revisions"}],"predecessor-version":[{"id":11832,"href":"https:\/\/penosil.com\/pt\/wp-json\/wp\/v2\/product\/8798\/revisions\/11832"}],"wp:featuredmedia":[{"embeddable":true,"href":"https:\/\/penosil.com\/pt\/wp-json\/wp\/v2\/media\/10146"}],"wp:attachment":[{"href":"https:\/\/penosil.com\/pt\/wp-json\/wp\/v2\/media?parent=8798"}],"wp:term":[{"taxonomy":"product_brand","embeddable":true,"href":"https:\/\/penosil.com\/pt\/wp-json\/wp\/v2\/product_brand?post=8798"},{"taxonomy":"product_cat","embeddable":true,"href":"https:\/\/penosil.com\/pt\/wp-json\/wp\/v2\/product_cat?post=8798"},{"taxonomy":"product_tag","embeddable":true,"href":"https:\/\/penosil.com\/pt\/wp-json\/wp\/v2\/product_tag?post=8798"}],"curies":[{"name":"wp","href":"https:\/\/api.w.org\/{rel}","templated":true}]}}