{"id":8849,"date":"2022-12-22T12:10:43","date_gmt":"2022-12-22T12:10:43","guid":{"rendered":"https:\/\/penosil.com\/pt\/?post_type=product&#038;p=8849"},"modified":"2025-03-11T07:54:14","modified_gmt":"2025-03-11T07:54:14","slug":"espuma-multiusos-manual-pu-46m-para-enchimento-e-isolamento","status":"publish","type":"product","link":"https:\/\/penosil.com\/pt\/produto\/espuma-multiusos-manual-pu-46m-para-enchimento-e-isolamento\/","title":{"rendered":"Espuma Multiusos Manual PU-46m"},"content":{"rendered":"<p>Espuma para isolamento e enchimento, de poliuretano, alta expans\u00e3o de aplica\u00e7\u00e3o manual com c\u00e2nula, que proporciona elevado isolamento t\u00e9rmico e ac\u00fastico.<\/p>\n","protected":false},"excerpt":{"rendered":"Espuma para isolamento e enchimento, de poliuretano, alta expans\u00e3o de aplica\u00e7\u00e3o manual com c\u00e2nula, que proporciona elevado isolamento t\u00e9rmico e ac\u00fastico.","protected":false},"author":67,"featured_media":10076,"template":"","meta":{"_acf_changed":false,"advgb_blocks_editor_width":"","advgb_blocks_columns_visual_guide":"","footnotes":""},"product_brand":[],"product_cat":[2290,2291,1369,1503,2267],"product_tag":[],"class_list":{"0":"post-8849","1":"product","2":"type-product","3":"status-publish","4":"has-post-thumbnail","6":"product_cat-areas-de-aplicacao","7":"product_cat-construcao","8":"product_cat-grupos-de-produtos","9":"product_cat-espumas-manuais-com-canula","10":"product_cat-espumas-de-construcao","12":"first","13":"instock","14":"purchasable","15":"product-type-simple"},"acf":[],"yoast_head":"<!-- This site is optimized with the Yoast SEO plugin v27.2 - https:\/\/yoast.com\/product\/yoast-seo-wordpress\/ -->\n<title>PENOSIL Espuma Multiusos Manual PU-46m para Enchimento e Isolamento<\/title>\n<meta name=\"description\" content=\"PENOSIL Espuma Multiusos Manual PU-46m para Enchimento e Isolamento de alta expans\u00e3o e ader\u00eancia. Absorve movimentos. Pint\u00e1vel. Isolamento T\u00e9rmico e Ac\u00fastico.\" \/>\n<meta name=\"robots\" content=\"index, follow, max-snippet:-1, max-image-preview:large, max-video-preview:-1\" \/>\n<link rel=\"canonical\" href=\"https:\/\/penosil.com\/pt\/produto\/espuma-multiusos-manual-pu-46m-para-enchimento-e-isolamento\/\" \/>\n<meta property=\"og:locale\" content=\"pt_PT\" \/>\n<meta property=\"og:type\" content=\"article\" \/>\n<meta property=\"og:title\" content=\"PENOSIL Espuma Multiusos Manual PU-46m para Enchimento e Isolamento\" \/>\n<meta property=\"og:description\" content=\"PENOSIL Espuma Multiusos Manual PU-46m para Enchimento e Isolamento de alta expans\u00e3o e ader\u00eancia. Absorve movimentos. Pint\u00e1vel. Isolamento T\u00e9rmico e Ac\u00fastico.\" \/>\n<meta property=\"og:url\" content=\"https:\/\/penosil.com\/pt\/produto\/espuma-multiusos-manual-pu-46m-para-enchimento-e-isolamento\/\" \/>\n<meta property=\"og:site_name\" content=\"Penosil Portugal\" \/>\n<meta property=\"article:modified_time\" content=\"2025-03-11T07:54:14+00:00\" \/>\n<meta property=\"og:image\" content=\"https:\/\/penosil.com\/pt\/wp-content\/uploads\/sites\/10\/2022\/12\/Espuma-Multiuso-Manual-PU-46m-Penosil-PT.png\" \/>\n\t<meta property=\"og:image:width\" content=\"523\" \/>\n\t<meta property=\"og:image:height\" content=\"1080\" \/>\n\t<meta property=\"og:image:type\" content=\"image\/png\" \/>\n<meta name=\"twitter:card\" content=\"summary_large_image\" \/>\n<meta name=\"twitter:label1\" content=\"Tempo estimado de leitura\" \/>\n\t<meta name=\"twitter:data1\" content=\"2 minutos\" \/>\n<script type=\"application\/ld+json\" class=\"yoast-schema-graph\">{\"@context\":\"https:\/\/schema.org\",\"@graph\":[{\"@type\":\"WebPage\",\"@id\":\"https:\/\/penosil.com\/pt\/produto\/espuma-multiusos-manual-pu-46m-para-enchimento-e-isolamento\/\",\"url\":\"https:\/\/penosil.com\/pt\/produto\/espuma-multiusos-manual-pu-46m-para-enchimento-e-isolamento\/\",\"name\":\"PENOSIL Espuma Multiusos Manual PU-46m para Enchimento e Isolamento\",\"isPartOf\":{\"@id\":\"https:\/\/penosil.com\/pt\/#website\"},\"primaryImageOfPage\":{\"@id\":\"https:\/\/penosil.com\/pt\/produto\/espuma-multiusos-manual-pu-46m-para-enchimento-e-isolamento\/#primaryimage\"},\"image\":{\"@id\":\"https:\/\/penosil.com\/pt\/produto\/espuma-multiusos-manual-pu-46m-para-enchimento-e-isolamento\/#primaryimage\"},\"thumbnailUrl\":\"https:\/\/penosil.com\/pt\/wp-content\/uploads\/sites\/10\/2022\/12\/Espuma-Multiuso-Manual-PU-46m-Penosil-PT.png\",\"datePublished\":\"2022-12-22T12:10:43+00:00\",\"dateModified\":\"2025-03-11T07:54:14+00:00\",\"description\":\"PENOSIL Espuma Multiusos Manual PU-46m para Enchimento e Isolamento de alta expans\u00e3o e ader\u00eancia. Absorve movimentos. Pint\u00e1vel. Isolamento T\u00e9rmico e Ac\u00fastico.\",\"breadcrumb\":{\"@id\":\"https:\/\/penosil.com\/pt\/produto\/espuma-multiusos-manual-pu-46m-para-enchimento-e-isolamento\/#breadcrumb\"},\"inLanguage\":\"pt-PT\",\"potentialAction\":[{\"@type\":\"ReadAction\",\"target\":[\"https:\/\/penosil.com\/pt\/produto\/espuma-multiusos-manual-pu-46m-para-enchimento-e-isolamento\/\"]}]},{\"@type\":\"ImageObject\",\"inLanguage\":\"pt-PT\",\"@id\":\"https:\/\/penosil.com\/pt\/produto\/espuma-multiusos-manual-pu-46m-para-enchimento-e-isolamento\/#primaryimage\",\"url\":\"https:\/\/penosil.com\/pt\/wp-content\/uploads\/sites\/10\/2022\/12\/Espuma-Multiuso-Manual-PU-46m-Penosil-PT.png\",\"contentUrl\":\"https:\/\/penosil.com\/pt\/wp-content\/uploads\/sites\/10\/2022\/12\/Espuma-Multiuso-Manual-PU-46m-Penosil-PT.png\",\"width\":523,\"height\":1080,\"caption\":\"Espuma Multiuso Manual PU-46p Penosil\"},{\"@type\":\"BreadcrumbList\",\"@id\":\"https:\/\/penosil.com\/pt\/produto\/espuma-multiusos-manual-pu-46m-para-enchimento-e-isolamento\/#breadcrumb\",\"itemListElement\":[{\"@type\":\"ListItem\",\"position\":1,\"name\":\"Home\",\"item\":\"https:\/\/penosil.com\/pt\/\"},{\"@type\":\"ListItem\",\"position\":2,\"name\":\"Produtos\",\"item\":\"https:\/\/penosil.com\/pt\/produtos\/\"},{\"@type\":\"ListItem\",\"position\":3,\"name\":\"Espuma Multiusos Manual PU-46m para Enchimento e Isolamento\"}]},{\"@type\":\"WebSite\",\"@id\":\"https:\/\/penosil.com\/pt\/#website\",\"url\":\"https:\/\/penosil.com\/pt\/\",\"name\":\"Penosil Portugal\",\"description\":\"\",\"potentialAction\":[{\"@type\":\"SearchAction\",\"target\":{\"@type\":\"EntryPoint\",\"urlTemplate\":\"https:\/\/penosil.com\/pt\/?s={search_term_string}\"},\"query-input\":{\"@type\":\"PropertyValueSpecification\",\"valueRequired\":true,\"valueName\":\"search_term_string\"}}],\"inLanguage\":\"pt-PT\"}]}<\/script>\n<!-- \/ Yoast SEO plugin. -->","yoast_head_json":{"title":"PENOSIL Espuma Multiusos Manual PU-46m para Enchimento e Isolamento","description":"PENOSIL Espuma Multiusos Manual PU-46m para Enchimento e Isolamento de alta expans\u00e3o e ader\u00eancia. Absorve movimentos. Pint\u00e1vel. Isolamento T\u00e9rmico e Ac\u00fastico.","robots":{"index":"index","follow":"follow","max-snippet":"max-snippet:-1","max-image-preview":"max-image-preview:large","max-video-preview":"max-video-preview:-1"},"canonical":"https:\/\/penosil.com\/pt\/produto\/espuma-multiusos-manual-pu-46m-para-enchimento-e-isolamento\/","og_locale":"pt_PT","og_type":"article","og_title":"PENOSIL Espuma Multiusos Manual PU-46m para Enchimento e Isolamento","og_description":"PENOSIL Espuma Multiusos Manual PU-46m para Enchimento e Isolamento de alta expans\u00e3o e ader\u00eancia. Absorve movimentos. Pint\u00e1vel. Isolamento T\u00e9rmico e Ac\u00fastico.","og_url":"https:\/\/penosil.com\/pt\/produto\/espuma-multiusos-manual-pu-46m-para-enchimento-e-isolamento\/","og_site_name":"Penosil Portugal","article_modified_time":"2025-03-11T07:54:14+00:00","og_image":[{"width":523,"height":1080,"url":"https:\/\/penosil.com\/pt\/wp-content\/uploads\/sites\/10\/2022\/12\/Espuma-Multiuso-Manual-PU-46m-Penosil-PT.png","type":"image\/png"}],"twitter_card":"summary_large_image","twitter_misc":{"Tempo estimado de leitura":"2 minutos"},"schema":{"@context":"https:\/\/schema.org","@graph":[{"@type":"WebPage","@id":"https:\/\/penosil.com\/pt\/produto\/espuma-multiusos-manual-pu-46m-para-enchimento-e-isolamento\/","url":"https:\/\/penosil.com\/pt\/produto\/espuma-multiusos-manual-pu-46m-para-enchimento-e-isolamento\/","name":"PENOSIL Espuma Multiusos Manual PU-46m para Enchimento e Isolamento","isPartOf":{"@id":"https:\/\/penosil.com\/pt\/#website"},"primaryImageOfPage":{"@id":"https:\/\/penosil.com\/pt\/produto\/espuma-multiusos-manual-pu-46m-para-enchimento-e-isolamento\/#primaryimage"},"image":{"@id":"https:\/\/penosil.com\/pt\/produto\/espuma-multiusos-manual-pu-46m-para-enchimento-e-isolamento\/#primaryimage"},"thumbnailUrl":"https:\/\/penosil.com\/pt\/wp-content\/uploads\/sites\/10\/2022\/12\/Espuma-Multiuso-Manual-PU-46m-Penosil-PT.png","datePublished":"2022-12-22T12:10:43+00:00","dateModified":"2025-03-11T07:54:14+00:00","description":"PENOSIL Espuma Multiusos Manual PU-46m para Enchimento e Isolamento de alta expans\u00e3o e ader\u00eancia. Absorve movimentos. Pint\u00e1vel. Isolamento T\u00e9rmico e Ac\u00fastico.","breadcrumb":{"@id":"https:\/\/penosil.com\/pt\/produto\/espuma-multiusos-manual-pu-46m-para-enchimento-e-isolamento\/#breadcrumb"},"inLanguage":"pt-PT","potentialAction":[{"@type":"ReadAction","target":["https:\/\/penosil.com\/pt\/produto\/espuma-multiusos-manual-pu-46m-para-enchimento-e-isolamento\/"]}]},{"@type":"ImageObject","inLanguage":"pt-PT","@id":"https:\/\/penosil.com\/pt\/produto\/espuma-multiusos-manual-pu-46m-para-enchimento-e-isolamento\/#primaryimage","url":"https:\/\/penosil.com\/pt\/wp-content\/uploads\/sites\/10\/2022\/12\/Espuma-Multiuso-Manual-PU-46m-Penosil-PT.png","contentUrl":"https:\/\/penosil.com\/pt\/wp-content\/uploads\/sites\/10\/2022\/12\/Espuma-Multiuso-Manual-PU-46m-Penosil-PT.png","width":523,"height":1080,"caption":"Espuma Multiuso Manual PU-46p Penosil"},{"@type":"BreadcrumbList","@id":"https:\/\/penosil.com\/pt\/produto\/espuma-multiusos-manual-pu-46m-para-enchimento-e-isolamento\/#breadcrumb","itemListElement":[{"@type":"ListItem","position":1,"name":"Home","item":"https:\/\/penosil.com\/pt\/"},{"@type":"ListItem","position":2,"name":"Produtos","item":"https:\/\/penosil.com\/pt\/produtos\/"},{"@type":"ListItem","position":3,"name":"Espuma Multiusos Manual PU-46m para Enchimento e Isolamento"}]},{"@type":"WebSite","@id":"https:\/\/penosil.com\/pt\/#website","url":"https:\/\/penosil.com\/pt\/","name":"Penosil Portugal","description":"","potentialAction":[{"@type":"SearchAction","target":{"@type":"EntryPoint","urlTemplate":"https:\/\/penosil.com\/pt\/?s={search_term_string}"},"query-input":{"@type":"PropertyValueSpecification","valueRequired":true,"valueName":"search_term_string"}}],"inLanguage":"pt-PT"}]}},"featured_img":"https:\/\/penosil.com\/pt\/wp-content\/uploads\/sites\/10\/2022\/12\/Espuma-Multiuso-Manual-PU-46m-Penosil-PT.png","coauthors":[],"author_meta":{"author_link":"https:\/\/penosil.com\/pt\/author\/pedro\/","display_name":"pedro"},"relative_dates":{"created":"Posted 3 anos ago","modified":"Updated 1 ano ago"},"absolute_dates":{"created":"Posted on 22 de Dezembro, 2022","modified":"Updated on 11 de Mar\u00e7o, 2025"},"absolute_dates_time":{"created":"Posted on 22 de Dezembro, 2022 12:10","modified":"Updated on 11 de Mar\u00e7o, 2025 7:54"},"featured_img_caption":"","tax_additional":{"product_brand":{"linked":[],"unlinked":[],"slug":"product_brand","name":"Marcas"},"product_type":{"linked":["<a href=\"https:\/\/penosil.com\/pt\/?taxonomy=product_type&#038;term=simple\" class=\"advgb-post-tax-term\">simple<\/a>"],"unlinked":["<span class=\"advgb-post-tax-term\">simple<\/span>"],"slug":"product_type","name":"Tipo de produto"},"product_visibility":{"linked":[],"unlinked":[],"slug":"product_visibility","name":"Visibilidade do produto"},"product_cat":{"linked":["<a href=\"https:\/\/penosil.com\/pt\/categoria-produto\/areas-de-aplicacao\/\" class=\"advgb-post-tax-term\">\u00c1reas de aplica\u00e7\u00e3o<\/a>","<a href=\"https:\/\/penosil.com\/pt\/categoria-produto\/areas-de-aplicacao\/construcao\/\" class=\"advgb-post-tax-term\">Constru\u00e7\u00e3o<\/a>","<a href=\"https:\/\/penosil.com\/pt\/categoria-produto\/grupos-de-produtos\/\" class=\"advgb-post-tax-term\">Grupos de produtos<\/a>","<a href=\"https:\/\/penosil.com\/pt\/categoria-produto\/grupos-de-produtos\/espumas-de-construcao\/espumas-manuais-com-canula\/\" class=\"advgb-post-tax-term\">Espumas manuais com c\u00e2nula<\/a>","<a href=\"https:\/\/penosil.com\/pt\/categoria-produto\/grupos-de-produtos\/espumas-de-construcao\/\" class=\"advgb-post-tax-term\">Espumas de constru\u00e7\u00e3o<\/a>"],"unlinked":["<span class=\"advgb-post-tax-term\">\u00c1reas de aplica\u00e7\u00e3o<\/span>","<span class=\"advgb-post-tax-term\">Constru\u00e7\u00e3o<\/span>","<span class=\"advgb-post-tax-term\">Grupos de produtos<\/span>","<span class=\"advgb-post-tax-term\">Espumas manuais com c\u00e2nula<\/span>","<span class=\"advgb-post-tax-term\">Espumas de constru\u00e7\u00e3o<\/span>"],"slug":"product_cat","name":"Categorias de produto"},"product_tag":{"linked":[],"unlinked":[],"slug":"product_tag","name":"Etiquetas de produto"},"product_shipping_class":{"linked":[],"unlinked":[],"slug":"product_shipping_class","name":"Classes de envio do produto"},"pos_product_visibility":{"linked":[],"unlinked":[],"slug":"pos_product_visibility","name":"POS Product visibility"},"pa_color":{"linked":["<a href=\"https:\/\/penosil.com\/pt\/?taxonomy=pa_color&#038;term=amarelo-claro\" class=\"advgb-post-tax-term\">Amarelo claro<\/a>"],"unlinked":["<span class=\"advgb-post-tax-term\">Amarelo claro<\/span>"],"slug":"pa_color","name":"Product Cor"},"pa_package":{"linked":["<a href=\"https:\/\/penosil.com\/pt\/?taxonomy=pa_package&#038;term=aerossol-750-ml\" class=\"advgb-post-tax-term\">Aerossol 750 ml<\/a>"],"unlinked":["<span class=\"advgb-post-tax-term\">Aerossol 750 ml<\/span>"],"slug":"pa_package","name":"Product Package"},"translation_priority":{"linked":["<a href=\"https:\/\/penosil.com\/pt\/?taxonomy=translation_priority&#038;term=opcional\" class=\"advgb-post-tax-term\">Opcional<\/a>"],"unlinked":["<span class=\"advgb-post-tax-term\">Opcional<\/span>"],"slug":"translation_priority","name":"Prioridades da Tradu\u00e7\u00e3o"}},"series_order":"","_links":{"self":[{"href":"https:\/\/penosil.com\/pt\/wp-json\/wp\/v2\/product\/8849","targetHints":{"allow":["GET"]}}],"collection":[{"href":"https:\/\/penosil.com\/pt\/wp-json\/wp\/v2\/product"}],"about":[{"href":"https:\/\/penosil.com\/pt\/wp-json\/wp\/v2\/types\/product"}],"version-history":[{"count":1,"href":"https:\/\/penosil.com\/pt\/wp-json\/wp\/v2\/product\/8849\/revisions"}],"predecessor-version":[{"id":10346,"href":"https:\/\/penosil.com\/pt\/wp-json\/wp\/v2\/product\/8849\/revisions\/10346"}],"wp:featuredmedia":[{"embeddable":true,"href":"https:\/\/penosil.com\/pt\/wp-json\/wp\/v2\/media\/10076"}],"wp:attachment":[{"href":"https:\/\/penosil.com\/pt\/wp-json\/wp\/v2\/media?parent=8849"}],"wp:term":[{"taxonomy":"product_brand","embeddable":true,"href":"https:\/\/penosil.com\/pt\/wp-json\/wp\/v2\/product_brand?post=8849"},{"taxonomy":"product_cat","embeddable":true,"href":"https:\/\/penosil.com\/pt\/wp-json\/wp\/v2\/product_cat?post=8849"},{"taxonomy":"product_tag","embeddable":true,"href":"https:\/\/penosil.com\/pt\/wp-json\/wp\/v2\/product_tag?post=8849"}],"curies":[{"name":"wp","href":"https:\/\/api.w.org\/{rel}","templated":true}]}}