{"id":8858,"date":"2022-12-22T12:10:43","date_gmt":"2022-12-22T12:10:43","guid":{"rendered":"https:\/\/penosil.com\/pt\/?post_type=product&#038;p=8858"},"modified":"2026-03-03T14:14:11","modified_gmt":"2026-03-03T14:14:11","slug":"silicone-acetico-311-sanitario-de-cura-rapida","status":"publish","type":"product","link":"https:\/\/penosil.com\/pt\/produto\/silicone-acetico-311-sanitario-de-cura-rapida\/","title":{"rendered":"Silicone Ac\u00e9tico 311"},"content":{"rendered":"<p>Silicone ac\u00e9tico sanit\u00e1rio de cura r\u00e1pida com fungicida para veda\u00e7\u00e3o geral em vidro, el\u00e1stico, n\u00e3o enegrece. Resistente aos raios UV.<\/p>\n","protected":false},"excerpt":{"rendered":"Silicone ac\u00e9tico sanit\u00e1rio com fungicida para veda\u00e7\u00e3o geral em vidro, el\u00e1stico, n\u00e3o enegrece. Resistente aos raios UV","protected":false},"author":67,"featured_media":10125,"template":"","meta":{"_acf_changed":false,"advgb_blocks_editor_width":"","advgb_blocks_columns_visual_guide":"","footnotes":""},"product_brand":[],"product_cat":[2290,1369,1611,1647,2292],"product_tag":[],"class_list":{"0":"post-8858","1":"product","2":"type-product","3":"status-publish","4":"has-post-thumbnail","6":"product_cat-areas-de-aplicacao","7":"product_cat-grupos-de-produtos","8":"product_cat-selantes","9":"product_cat-silicones","10":"product_cat-sanitario","12":"first","13":"instock","14":"purchasable","15":"product-type-variable"},"acf":[],"yoast_head":"<!-- This site is optimized with the Yoast SEO plugin v27.2 - https:\/\/yoast.com\/product\/yoast-seo-wordpress\/ -->\n<title>PENOSIL Silicone Ac\u00e9tico 311 Sanit\u00e1rio de cura R\u00e1pida<\/title>\n<meta name=\"description\" content=\"PENOSIL Silicone Ac\u00e9tico S-11 Sani\u00e1rio de cura R\u00e1pida em aplica\u00e7\u00f5es sanit\u00e1rias de casas de banho e cozinhas, resiste aos fungos e aos raios UV.\" \/>\n<meta name=\"robots\" content=\"index, follow, max-snippet:-1, max-image-preview:large, max-video-preview:-1\" \/>\n<link rel=\"canonical\" href=\"https:\/\/penosil.com\/pt\/produto\/silicone-acetico-311-sanitario-de-cura-rapida\/\" \/>\n<meta property=\"og:locale\" content=\"pt_PT\" \/>\n<meta property=\"og:type\" content=\"article\" \/>\n<meta property=\"og:title\" content=\"PENOSIL Silicone Ac\u00e9tico 311 Sanit\u00e1rio de cura R\u00e1pida\" \/>\n<meta property=\"og:description\" content=\"PENOSIL Silicone Ac\u00e9tico S-11 Sani\u00e1rio de cura R\u00e1pida em aplica\u00e7\u00f5es sanit\u00e1rias de casas de banho e cozinhas, resiste aos fungos e aos raios UV.\" \/>\n<meta property=\"og:url\" content=\"https:\/\/penosil.com\/pt\/produto\/silicone-acetico-311-sanitario-de-cura-rapida\/\" \/>\n<meta property=\"og:site_name\" content=\"Penosil Portugal\" \/>\n<meta property=\"article:modified_time\" content=\"2026-03-03T14:14:11+00:00\" \/>\n<meta property=\"og:image\" content=\"https:\/\/penosil.com\/pt\/wp-content\/uploads\/sites\/10\/2022\/12\/Silicone-Acetico-Cura-Rapida-Penosil-311-branco.png\" \/>\n\t<meta property=\"og:image:width\" content=\"387\" \/>\n\t<meta property=\"og:image:height\" content=\"1080\" \/>\n\t<meta property=\"og:image:type\" content=\"image\/png\" \/>\n<meta name=\"twitter:card\" content=\"summary_large_image\" \/>\n<meta name=\"twitter:label1\" content=\"Tempo estimado de leitura\" \/>\n\t<meta name=\"twitter:data1\" content=\"3 minutos\" \/>\n<script type=\"application\/ld+json\" class=\"yoast-schema-graph\">{\"@context\":\"https:\/\/schema.org\",\"@graph\":[{\"@type\":\"WebPage\",\"@id\":\"https:\/\/penosil.com\/pt\/produto\/silicone-acetico-311-sanitario-de-cura-rapida\/\",\"url\":\"https:\/\/penosil.com\/pt\/produto\/silicone-acetico-311-sanitario-de-cura-rapida\/\",\"name\":\"PENOSIL Silicone Ac\u00e9tico 311 Sanit\u00e1rio de cura R\u00e1pida\",\"isPartOf\":{\"@id\":\"https:\/\/penosil.com\/pt\/#website\"},\"primaryImageOfPage\":{\"@id\":\"https:\/\/penosil.com\/pt\/produto\/silicone-acetico-311-sanitario-de-cura-rapida\/#primaryimage\"},\"image\":{\"@id\":\"https:\/\/penosil.com\/pt\/produto\/silicone-acetico-311-sanitario-de-cura-rapida\/#primaryimage\"},\"thumbnailUrl\":\"https:\/\/penosil.com\/pt\/wp-content\/uploads\/sites\/10\/2022\/12\/Silicone-Acetico-Cura-Rapida-Penosil-311-branco.png\",\"datePublished\":\"2022-12-22T12:10:43+00:00\",\"dateModified\":\"2026-03-03T14:14:11+00:00\",\"description\":\"PENOSIL Silicone Ac\u00e9tico S-11 Sani\u00e1rio de cura R\u00e1pida em aplica\u00e7\u00f5es sanit\u00e1rias de casas de banho e cozinhas, resiste aos fungos e aos raios UV.\",\"breadcrumb\":{\"@id\":\"https:\/\/penosil.com\/pt\/produto\/silicone-acetico-311-sanitario-de-cura-rapida\/#breadcrumb\"},\"inLanguage\":\"pt-PT\",\"potentialAction\":[{\"@type\":\"ReadAction\",\"target\":[\"https:\/\/penosil.com\/pt\/produto\/silicone-acetico-311-sanitario-de-cura-rapida\/\"]}]},{\"@type\":\"ImageObject\",\"inLanguage\":\"pt-PT\",\"@id\":\"https:\/\/penosil.com\/pt\/produto\/silicone-acetico-311-sanitario-de-cura-rapida\/#primaryimage\",\"url\":\"https:\/\/penosil.com\/pt\/wp-content\/uploads\/sites\/10\/2022\/12\/Silicone-Acetico-Cura-Rapida-Penosil-311-branco.png\",\"contentUrl\":\"https:\/\/penosil.com\/pt\/wp-content\/uploads\/sites\/10\/2022\/12\/Silicone-Acetico-Cura-Rapida-Penosil-311-branco.png\",\"width\":387,\"height\":1080,\"caption\":\"Silicone Ac\u00e9tico Sanit\u00e1rio de cura R\u00e1pida Penosil 311 Branco\"},{\"@type\":\"BreadcrumbList\",\"@id\":\"https:\/\/penosil.com\/pt\/produto\/silicone-acetico-311-sanitario-de-cura-rapida\/#breadcrumb\",\"itemListElement\":[{\"@type\":\"ListItem\",\"position\":1,\"name\":\"Home\",\"item\":\"https:\/\/penosil.com\/pt\/\"},{\"@type\":\"ListItem\",\"position\":2,\"name\":\"Produtos\",\"item\":\"https:\/\/penosil.com\/pt\/produtos\/\"},{\"@type\":\"ListItem\",\"position\":3,\"name\":\"Silicone Ac\u00e9tico 311\"}]},{\"@type\":\"WebSite\",\"@id\":\"https:\/\/penosil.com\/pt\/#website\",\"url\":\"https:\/\/penosil.com\/pt\/\",\"name\":\"Penosil Portugal\",\"description\":\"\",\"potentialAction\":[{\"@type\":\"SearchAction\",\"target\":{\"@type\":\"EntryPoint\",\"urlTemplate\":\"https:\/\/penosil.com\/pt\/?s={search_term_string}\"},\"query-input\":{\"@type\":\"PropertyValueSpecification\",\"valueRequired\":true,\"valueName\":\"search_term_string\"}}],\"inLanguage\":\"pt-PT\"}]}<\/script>\n<!-- \/ Yoast SEO plugin. -->","yoast_head_json":{"title":"PENOSIL Silicone Ac\u00e9tico 311 Sanit\u00e1rio de cura R\u00e1pida","description":"PENOSIL Silicone Ac\u00e9tico S-11 Sani\u00e1rio de cura R\u00e1pida em aplica\u00e7\u00f5es sanit\u00e1rias de casas de banho e cozinhas, resiste aos fungos e aos raios UV.","robots":{"index":"index","follow":"follow","max-snippet":"max-snippet:-1","max-image-preview":"max-image-preview:large","max-video-preview":"max-video-preview:-1"},"canonical":"https:\/\/penosil.com\/pt\/produto\/silicone-acetico-311-sanitario-de-cura-rapida\/","og_locale":"pt_PT","og_type":"article","og_title":"PENOSIL Silicone Ac\u00e9tico 311 Sanit\u00e1rio de cura R\u00e1pida","og_description":"PENOSIL Silicone Ac\u00e9tico S-11 Sani\u00e1rio de cura R\u00e1pida em aplica\u00e7\u00f5es sanit\u00e1rias de casas de banho e cozinhas, resiste aos fungos e aos raios UV.","og_url":"https:\/\/penosil.com\/pt\/produto\/silicone-acetico-311-sanitario-de-cura-rapida\/","og_site_name":"Penosil Portugal","article_modified_time":"2026-03-03T14:14:11+00:00","og_image":[{"width":387,"height":1080,"url":"https:\/\/penosil.com\/pt\/wp-content\/uploads\/sites\/10\/2022\/12\/Silicone-Acetico-Cura-Rapida-Penosil-311-branco.png","type":"image\/png"}],"twitter_card":"summary_large_image","twitter_misc":{"Tempo estimado de leitura":"3 minutos"},"schema":{"@context":"https:\/\/schema.org","@graph":[{"@type":"WebPage","@id":"https:\/\/penosil.com\/pt\/produto\/silicone-acetico-311-sanitario-de-cura-rapida\/","url":"https:\/\/penosil.com\/pt\/produto\/silicone-acetico-311-sanitario-de-cura-rapida\/","name":"PENOSIL Silicone Ac\u00e9tico 311 Sanit\u00e1rio de cura R\u00e1pida","isPartOf":{"@id":"https:\/\/penosil.com\/pt\/#website"},"primaryImageOfPage":{"@id":"https:\/\/penosil.com\/pt\/produto\/silicone-acetico-311-sanitario-de-cura-rapida\/#primaryimage"},"image":{"@id":"https:\/\/penosil.com\/pt\/produto\/silicone-acetico-311-sanitario-de-cura-rapida\/#primaryimage"},"thumbnailUrl":"https:\/\/penosil.com\/pt\/wp-content\/uploads\/sites\/10\/2022\/12\/Silicone-Acetico-Cura-Rapida-Penosil-311-branco.png","datePublished":"2022-12-22T12:10:43+00:00","dateModified":"2026-03-03T14:14:11+00:00","description":"PENOSIL Silicone Ac\u00e9tico S-11 Sani\u00e1rio de cura R\u00e1pida em aplica\u00e7\u00f5es sanit\u00e1rias de casas de banho e cozinhas, resiste aos fungos e aos raios UV.","breadcrumb":{"@id":"https:\/\/penosil.com\/pt\/produto\/silicone-acetico-311-sanitario-de-cura-rapida\/#breadcrumb"},"inLanguage":"pt-PT","potentialAction":[{"@type":"ReadAction","target":["https:\/\/penosil.com\/pt\/produto\/silicone-acetico-311-sanitario-de-cura-rapida\/"]}]},{"@type":"ImageObject","inLanguage":"pt-PT","@id":"https:\/\/penosil.com\/pt\/produto\/silicone-acetico-311-sanitario-de-cura-rapida\/#primaryimage","url":"https:\/\/penosil.com\/pt\/wp-content\/uploads\/sites\/10\/2022\/12\/Silicone-Acetico-Cura-Rapida-Penosil-311-branco.png","contentUrl":"https:\/\/penosil.com\/pt\/wp-content\/uploads\/sites\/10\/2022\/12\/Silicone-Acetico-Cura-Rapida-Penosil-311-branco.png","width":387,"height":1080,"caption":"Silicone Ac\u00e9tico Sanit\u00e1rio de cura R\u00e1pida Penosil 311 Branco"},{"@type":"BreadcrumbList","@id":"https:\/\/penosil.com\/pt\/produto\/silicone-acetico-311-sanitario-de-cura-rapida\/#breadcrumb","itemListElement":[{"@type":"ListItem","position":1,"name":"Home","item":"https:\/\/penosil.com\/pt\/"},{"@type":"ListItem","position":2,"name":"Produtos","item":"https:\/\/penosil.com\/pt\/produtos\/"},{"@type":"ListItem","position":3,"name":"Silicone Ac\u00e9tico 311"}]},{"@type":"WebSite","@id":"https:\/\/penosil.com\/pt\/#website","url":"https:\/\/penosil.com\/pt\/","name":"Penosil Portugal","description":"","potentialAction":[{"@type":"SearchAction","target":{"@type":"EntryPoint","urlTemplate":"https:\/\/penosil.com\/pt\/?s={search_term_string}"},"query-input":{"@type":"PropertyValueSpecification","valueRequired":true,"valueName":"search_term_string"}}],"inLanguage":"pt-PT"}]}},"featured_img":"https:\/\/penosil.com\/pt\/wp-content\/uploads\/sites\/10\/2022\/12\/Silicone-Acetico-Cura-Rapida-Penosil-311-branco.png","coauthors":[],"author_meta":{"author_link":"https:\/\/penosil.com\/pt\/author\/pedro\/","display_name":"pedro"},"relative_dates":{"created":"Posted 3 anos ago","modified":"Updated 1 m\u00eas ago"},"absolute_dates":{"created":"Posted on 22 de Dezembro, 2022","modified":"Updated on 3 de Mar\u00e7o, 2026"},"absolute_dates_time":{"created":"Posted on 22 de Dezembro, 2022 12:10","modified":"Updated on 3 de Mar\u00e7o, 2026 14:14"},"featured_img_caption":"Silicone Ac\u00e9tico Sanit\u00e1rio de cura R\u00e1pida Penosil 311 Branco","tax_additional":{"product_brand":{"linked":[],"unlinked":[],"slug":"product_brand","name":"Marcas"},"product_type":{"linked":["<a href=\"https:\/\/penosil.com\/pt\/?taxonomy=product_type&#038;term=variable\" class=\"advgb-post-tax-term\">variable<\/a>"],"unlinked":["<span class=\"advgb-post-tax-term\">variable<\/span>"],"slug":"product_type","name":"Tipo de produto"},"product_visibility":{"linked":[],"unlinked":[],"slug":"product_visibility","name":"Visibilidade do produto"},"product_cat":{"linked":["<a href=\"https:\/\/penosil.com\/pt\/categoria-produto\/areas-de-aplicacao\/\" class=\"advgb-post-tax-term\">\u00c1reas de aplica\u00e7\u00e3o<\/a>","<a href=\"https:\/\/penosil.com\/pt\/categoria-produto\/grupos-de-produtos\/\" class=\"advgb-post-tax-term\">Grupos de produtos<\/a>","<a href=\"https:\/\/penosil.com\/pt\/categoria-produto\/grupos-de-produtos\/selantes\/\" class=\"advgb-post-tax-term\">Selantes<\/a>","<a href=\"https:\/\/penosil.com\/pt\/en\/products\/product-groups\/sealants\/silicones\/\" class=\"advgb-post-tax-term\">Silicones<\/a>","<a href=\"https:\/\/penosil.com\/pt\/categoria-produto\/areas-de-aplicacao\/sanitario\/\" class=\"advgb-post-tax-term\">Sanit\u00e1rio<\/a>"],"unlinked":["<span class=\"advgb-post-tax-term\">\u00c1reas de aplica\u00e7\u00e3o<\/span>","<span class=\"advgb-post-tax-term\">Grupos de produtos<\/span>","<span class=\"advgb-post-tax-term\">Selantes<\/span>","<span class=\"advgb-post-tax-term\">Silicones<\/span>","<span class=\"advgb-post-tax-term\">Sanit\u00e1rio<\/span>"],"slug":"product_cat","name":"Categorias de produto"},"product_tag":{"linked":[],"unlinked":[],"slug":"product_tag","name":"Etiquetas de produto"},"product_shipping_class":{"linked":[],"unlinked":[],"slug":"product_shipping_class","name":"Classes de envio do produto"},"pos_product_visibility":{"linked":[],"unlinked":[],"slug":"pos_product_visibility","name":"POS Product visibility"},"pa_color":{"linked":["<a href=\"https:\/\/penosil.com\/pt\/?taxonomy=pa_color&#038;term=transparente\" class=\"advgb-post-tax-term\">Transparente<\/a>","<a href=\"https:\/\/penosil.com\/pt\/?taxonomy=pa_color&#038;term=branco\" class=\"advgb-post-tax-term\">Branco<\/a>"],"unlinked":["<span class=\"advgb-post-tax-term\">Transparente<\/span>","<span class=\"advgb-post-tax-term\">Branco<\/span>"],"slug":"pa_color","name":"Product Cor"},"pa_package":{"linked":["<a href=\"https:\/\/penosil.com\/pt\/?taxonomy=pa_package&#038;term=300-ml\" class=\"advgb-post-tax-term\">300 ml<\/a>"],"unlinked":["<span class=\"advgb-post-tax-term\">300 ml<\/span>"],"slug":"pa_package","name":"Product Package"},"translation_priority":{"linked":["<a href=\"https:\/\/penosil.com\/pt\/?taxonomy=translation_priority&#038;term=opcional\" class=\"advgb-post-tax-term\">Opcional<\/a>"],"unlinked":["<span class=\"advgb-post-tax-term\">Opcional<\/span>"],"slug":"translation_priority","name":"Prioridades da Tradu\u00e7\u00e3o"}},"series_order":"","_links":{"self":[{"href":"https:\/\/penosil.com\/pt\/wp-json\/wp\/v2\/product\/8858","targetHints":{"allow":["GET"]}}],"collection":[{"href":"https:\/\/penosil.com\/pt\/wp-json\/wp\/v2\/product"}],"about":[{"href":"https:\/\/penosil.com\/pt\/wp-json\/wp\/v2\/types\/product"}],"version-history":[{"count":4,"href":"https:\/\/penosil.com\/pt\/wp-json\/wp\/v2\/product\/8858\/revisions"}],"predecessor-version":[{"id":12162,"href":"https:\/\/penosil.com\/pt\/wp-json\/wp\/v2\/product\/8858\/revisions\/12162"}],"wp:featuredmedia":[{"embeddable":true,"href":"https:\/\/penosil.com\/pt\/wp-json\/wp\/v2\/media\/10125"}],"wp:attachment":[{"href":"https:\/\/penosil.com\/pt\/wp-json\/wp\/v2\/media?parent=8858"}],"wp:term":[{"taxonomy":"product_brand","embeddable":true,"href":"https:\/\/penosil.com\/pt\/wp-json\/wp\/v2\/product_brand?post=8858"},{"taxonomy":"product_cat","embeddable":true,"href":"https:\/\/penosil.com\/pt\/wp-json\/wp\/v2\/product_cat?post=8858"},{"taxonomy":"product_tag","embeddable":true,"href":"https:\/\/penosil.com\/pt\/wp-json\/wp\/v2\/product_tag?post=8858"}],"curies":[{"name":"wp","href":"https:\/\/api.w.org\/{rel}","templated":true}]}}