{"id":8869,"date":"2022-12-22T12:10:43","date_gmt":"2022-12-22T12:10:43","guid":{"rendered":"https:\/\/penosil.com\/pt\/?post_type=product&#038;p=8869"},"modified":"2026-03-03T13:54:51","modified_gmt":"2026-03-03T13:54:51","slug":"poliuretano-pu-40fc-cola-e-veda-cura-rapida","status":"publish","type":"product","link":"https:\/\/penosil.com\/pt\/produto\/poliuretano-pu-40fc-cola-e-veda-cura-rapida\/","title":{"rendered":"Poliuretano PU-40fc"},"content":{"rendered":"<p>Cola e veda de poliuretano certificado, para juntas el\u00e1sticas, e colagens exigentes dada a r\u00e1pida cura. Mant\u00e9m todas as propriedades de elasticidade e ader\u00eancia, permanecendo est\u00e1vel e sem envelhecer perante os agentes atmosf\u00e9ricos. Adequado para aplica\u00e7\u00f5es em constru\u00e7\u00f5es n\u00e1uticas.<\/p>\n","protected":false},"excerpt":{"rendered":"Cola e veda de poliuretano certificado, para juntas el\u00e1sticas, e colagens exigentes dada a r\u00e1pida cura. Mant\u00e9m todas as propriedades de elasticidade e ader\u00eancia, permanecendo est\u00e1vel e sem envelhecer perante os agentes atmosf\u00e9ricos. Adequado para aplica\u00e7\u00f5es em constru\u00e7\u00f5es n\u00e1uticas.","protected":false},"author":67,"featured_media":12157,"template":"","meta":{"_acf_changed":false,"advgb_blocks_editor_width":"","advgb_blocks_columns_visual_guide":"","footnotes":""},"product_brand":[],"product_cat":[2290,2302,1369,1611,2293],"product_tag":[],"class_list":{"0":"post-8869","1":"product","2":"type-product","3":"status-publish","4":"has-post-thumbnail","6":"product_cat-areas-de-aplicacao","7":"product_cat-poliuretanos","8":"product_cat-grupos-de-produtos","9":"product_cat-selantes","10":"product_cat-cola-e-veda","12":"first","13":"instock","14":"purchasable","15":"product-type-variable"},"acf":[],"yoast_head":"<!-- This site is optimized with the Yoast SEO plugin v27.2 - https:\/\/yoast.com\/product\/yoast-seo-wordpress\/ -->\n<title>PENOSIL Poliuretano PU-40fc Cola e veda cura r\u00e1pida e resistente<\/title>\n<meta name=\"description\" content=\"Cola e veda cura r\u00e1pida, de alto desempenho, grande elasticidade e resist\u00eancia. Pint\u00e1vel. Adequado para uso mar\u00edtimo. Excelente resist\u00eancia \u00e0s intemp\u00e9ries.\" \/>\n<meta name=\"robots\" content=\"index, follow, max-snippet:-1, max-image-preview:large, max-video-preview:-1\" \/>\n<link rel=\"canonical\" href=\"https:\/\/penosil.com\/pt\/produto\/poliuretano-pu-40fc-cola-e-veda-cura-rapida\/\" \/>\n<meta property=\"og:locale\" content=\"pt_PT\" \/>\n<meta property=\"og:type\" content=\"article\" \/>\n<meta property=\"og:title\" content=\"PENOSIL Poliuretano PU-40fc Cola e veda cura r\u00e1pida e resistente\" \/>\n<meta property=\"og:description\" content=\"Cola e veda cura r\u00e1pida, de alto desempenho, grande elasticidade e resist\u00eancia. Pint\u00e1vel. Adequado para uso mar\u00edtimo. Excelente resist\u00eancia \u00e0s intemp\u00e9ries.\" \/>\n<meta property=\"og:url\" content=\"https:\/\/penosil.com\/pt\/produto\/poliuretano-pu-40fc-cola-e-veda-cura-rapida\/\" \/>\n<meta property=\"og:site_name\" content=\"Penosil Portugal\" \/>\n<meta property=\"article:modified_time\" content=\"2026-03-03T13:54:51+00:00\" \/>\n<meta property=\"og:image\" content=\"https:\/\/penosil.com\/pt\/wp-content\/uploads\/sites\/10\/2022\/12\/Cola-e-veda-cura-rapida-PU-40fc-PENOSIL.png\" \/>\n\t<meta property=\"og:image:width\" content=\"387\" \/>\n\t<meta property=\"og:image:height\" content=\"1080\" \/>\n\t<meta property=\"og:image:type\" content=\"image\/png\" \/>\n<meta name=\"twitter:card\" content=\"summary_large_image\" \/>\n<meta name=\"twitter:label1\" content=\"Tempo estimado de leitura\" \/>\n\t<meta name=\"twitter:data1\" content=\"5 minutos\" \/>\n<script type=\"application\/ld+json\" class=\"yoast-schema-graph\">{\"@context\":\"https:\/\/schema.org\",\"@graph\":[{\"@type\":\"WebPage\",\"@id\":\"https:\/\/penosil.com\/pt\/produto\/poliuretano-pu-40fc-cola-e-veda-cura-rapida\/\",\"url\":\"https:\/\/penosil.com\/pt\/produto\/poliuretano-pu-40fc-cola-e-veda-cura-rapida\/\",\"name\":\"PENOSIL Poliuretano PU-40fc Cola e veda cura r\u00e1pida e resistente\",\"isPartOf\":{\"@id\":\"https:\/\/penosil.com\/pt\/#website\"},\"primaryImageOfPage\":{\"@id\":\"https:\/\/penosil.com\/pt\/produto\/poliuretano-pu-40fc-cola-e-veda-cura-rapida\/#primaryimage\"},\"image\":{\"@id\":\"https:\/\/penosil.com\/pt\/produto\/poliuretano-pu-40fc-cola-e-veda-cura-rapida\/#primaryimage\"},\"thumbnailUrl\":\"https:\/\/penosil.com\/pt\/wp-content\/uploads\/sites\/10\/2022\/12\/Cola-e-veda-cura-rapida-PU-40fc-PENOSIL.png\",\"datePublished\":\"2022-12-22T12:10:43+00:00\",\"dateModified\":\"2026-03-03T13:54:51+00:00\",\"description\":\"Cola e veda cura r\u00e1pida, de alto desempenho, grande elasticidade e resist\u00eancia. Pint\u00e1vel. Adequado para uso mar\u00edtimo. Excelente resist\u00eancia \u00e0s intemp\u00e9ries.\",\"breadcrumb\":{\"@id\":\"https:\/\/penosil.com\/pt\/produto\/poliuretano-pu-40fc-cola-e-veda-cura-rapida\/#breadcrumb\"},\"inLanguage\":\"pt-PT\",\"potentialAction\":[{\"@type\":\"ReadAction\",\"target\":[\"https:\/\/penosil.com\/pt\/produto\/poliuretano-pu-40fc-cola-e-veda-cura-rapida\/\"]}]},{\"@type\":\"ImageObject\",\"inLanguage\":\"pt-PT\",\"@id\":\"https:\/\/penosil.com\/pt\/produto\/poliuretano-pu-40fc-cola-e-veda-cura-rapida\/#primaryimage\",\"url\":\"https:\/\/penosil.com\/pt\/wp-content\/uploads\/sites\/10\/2022\/12\/Cola-e-veda-cura-rapida-PU-40fc-PENOSIL.png\",\"contentUrl\":\"https:\/\/penosil.com\/pt\/wp-content\/uploads\/sites\/10\/2022\/12\/Cola-e-veda-cura-rapida-PU-40fc-PENOSIL.png\",\"width\":387,\"height\":1080,\"caption\":\"Cola e veda cura r\u00e1pida PU 40fc PENOSIL\"},{\"@type\":\"BreadcrumbList\",\"@id\":\"https:\/\/penosil.com\/pt\/produto\/poliuretano-pu-40fc-cola-e-veda-cura-rapida\/#breadcrumb\",\"itemListElement\":[{\"@type\":\"ListItem\",\"position\":1,\"name\":\"Home\",\"item\":\"https:\/\/penosil.com\/pt\/\"},{\"@type\":\"ListItem\",\"position\":2,\"name\":\"Produtos\",\"item\":\"https:\/\/penosil.com\/pt\/produtos\/\"},{\"@type\":\"ListItem\",\"position\":3,\"name\":\"Poliuretano PU-40fc\"}]},{\"@type\":\"WebSite\",\"@id\":\"https:\/\/penosil.com\/pt\/#website\",\"url\":\"https:\/\/penosil.com\/pt\/\",\"name\":\"Penosil Portugal\",\"description\":\"\",\"potentialAction\":[{\"@type\":\"SearchAction\",\"target\":{\"@type\":\"EntryPoint\",\"urlTemplate\":\"https:\/\/penosil.com\/pt\/?s={search_term_string}\"},\"query-input\":{\"@type\":\"PropertyValueSpecification\",\"valueRequired\":true,\"valueName\":\"search_term_string\"}}],\"inLanguage\":\"pt-PT\"}]}<\/script>\n<!-- \/ Yoast SEO plugin. -->","yoast_head_json":{"title":"PENOSIL Poliuretano PU-40fc Cola e veda cura r\u00e1pida e resistente","description":"Cola e veda cura r\u00e1pida, de alto desempenho, grande elasticidade e resist\u00eancia. Pint\u00e1vel. Adequado para uso mar\u00edtimo. Excelente resist\u00eancia \u00e0s intemp\u00e9ries.","robots":{"index":"index","follow":"follow","max-snippet":"max-snippet:-1","max-image-preview":"max-image-preview:large","max-video-preview":"max-video-preview:-1"},"canonical":"https:\/\/penosil.com\/pt\/produto\/poliuretano-pu-40fc-cola-e-veda-cura-rapida\/","og_locale":"pt_PT","og_type":"article","og_title":"PENOSIL Poliuretano PU-40fc Cola e veda cura r\u00e1pida e resistente","og_description":"Cola e veda cura r\u00e1pida, de alto desempenho, grande elasticidade e resist\u00eancia. Pint\u00e1vel. Adequado para uso mar\u00edtimo. Excelente resist\u00eancia \u00e0s intemp\u00e9ries.","og_url":"https:\/\/penosil.com\/pt\/produto\/poliuretano-pu-40fc-cola-e-veda-cura-rapida\/","og_site_name":"Penosil Portugal","article_modified_time":"2026-03-03T13:54:51+00:00","og_image":[{"width":387,"height":1080,"url":"https:\/\/penosil.com\/pt\/wp-content\/uploads\/sites\/10\/2022\/12\/Cola-e-veda-cura-rapida-PU-40fc-PENOSIL.png","type":"image\/png"}],"twitter_card":"summary_large_image","twitter_misc":{"Tempo estimado de leitura":"5 minutos"},"schema":{"@context":"https:\/\/schema.org","@graph":[{"@type":"WebPage","@id":"https:\/\/penosil.com\/pt\/produto\/poliuretano-pu-40fc-cola-e-veda-cura-rapida\/","url":"https:\/\/penosil.com\/pt\/produto\/poliuretano-pu-40fc-cola-e-veda-cura-rapida\/","name":"PENOSIL Poliuretano PU-40fc Cola e veda cura r\u00e1pida e resistente","isPartOf":{"@id":"https:\/\/penosil.com\/pt\/#website"},"primaryImageOfPage":{"@id":"https:\/\/penosil.com\/pt\/produto\/poliuretano-pu-40fc-cola-e-veda-cura-rapida\/#primaryimage"},"image":{"@id":"https:\/\/penosil.com\/pt\/produto\/poliuretano-pu-40fc-cola-e-veda-cura-rapida\/#primaryimage"},"thumbnailUrl":"https:\/\/penosil.com\/pt\/wp-content\/uploads\/sites\/10\/2022\/12\/Cola-e-veda-cura-rapida-PU-40fc-PENOSIL.png","datePublished":"2022-12-22T12:10:43+00:00","dateModified":"2026-03-03T13:54:51+00:00","description":"Cola e veda cura r\u00e1pida, de alto desempenho, grande elasticidade e resist\u00eancia. Pint\u00e1vel. Adequado para uso mar\u00edtimo. Excelente resist\u00eancia \u00e0s intemp\u00e9ries.","breadcrumb":{"@id":"https:\/\/penosil.com\/pt\/produto\/poliuretano-pu-40fc-cola-e-veda-cura-rapida\/#breadcrumb"},"inLanguage":"pt-PT","potentialAction":[{"@type":"ReadAction","target":["https:\/\/penosil.com\/pt\/produto\/poliuretano-pu-40fc-cola-e-veda-cura-rapida\/"]}]},{"@type":"ImageObject","inLanguage":"pt-PT","@id":"https:\/\/penosil.com\/pt\/produto\/poliuretano-pu-40fc-cola-e-veda-cura-rapida\/#primaryimage","url":"https:\/\/penosil.com\/pt\/wp-content\/uploads\/sites\/10\/2022\/12\/Cola-e-veda-cura-rapida-PU-40fc-PENOSIL.png","contentUrl":"https:\/\/penosil.com\/pt\/wp-content\/uploads\/sites\/10\/2022\/12\/Cola-e-veda-cura-rapida-PU-40fc-PENOSIL.png","width":387,"height":1080,"caption":"Cola e veda cura r\u00e1pida PU 40fc PENOSIL"},{"@type":"BreadcrumbList","@id":"https:\/\/penosil.com\/pt\/produto\/poliuretano-pu-40fc-cola-e-veda-cura-rapida\/#breadcrumb","itemListElement":[{"@type":"ListItem","position":1,"name":"Home","item":"https:\/\/penosil.com\/pt\/"},{"@type":"ListItem","position":2,"name":"Produtos","item":"https:\/\/penosil.com\/pt\/produtos\/"},{"@type":"ListItem","position":3,"name":"Poliuretano PU-40fc"}]},{"@type":"WebSite","@id":"https:\/\/penosil.com\/pt\/#website","url":"https:\/\/penosil.com\/pt\/","name":"Penosil Portugal","description":"","potentialAction":[{"@type":"SearchAction","target":{"@type":"EntryPoint","urlTemplate":"https:\/\/penosil.com\/pt\/?s={search_term_string}"},"query-input":{"@type":"PropertyValueSpecification","valueRequired":true,"valueName":"search_term_string"}}],"inLanguage":"pt-PT"}]}},"featured_img":"https:\/\/penosil.com\/pt\/wp-content\/uploads\/sites\/10\/2022\/12\/Cola-e-veda-cura-rapida-PU-40fc-PENOSIL.png","coauthors":[],"author_meta":{"author_link":"https:\/\/penosil.com\/pt\/author\/pedro\/","display_name":"pedro"},"relative_dates":{"created":"Posted 3 anos ago","modified":"Updated 1 m\u00eas ago"},"absolute_dates":{"created":"Posted on 22 de Dezembro, 2022","modified":"Updated on 3 de Mar\u00e7o, 2026"},"absolute_dates_time":{"created":"Posted on 22 de Dezembro, 2022 12:10","modified":"Updated on 3 de Mar\u00e7o, 2026 13:54"},"featured_img_caption":"Cola e veda cura r\u00e1pida PU 40fc PENOSIL","tax_additional":{"product_brand":{"linked":[],"unlinked":[],"slug":"product_brand","name":"Marcas"},"product_type":{"linked":["<a href=\"https:\/\/penosil.com\/pt\/?taxonomy=product_type&#038;term=variable\" class=\"advgb-post-tax-term\">variable<\/a>"],"unlinked":["<span class=\"advgb-post-tax-term\">variable<\/span>"],"slug":"product_type","name":"Tipo de produto"},"product_visibility":{"linked":[],"unlinked":[],"slug":"product_visibility","name":"Visibilidade do produto"},"product_cat":{"linked":["<a href=\"https:\/\/penosil.com\/pt\/categoria-produto\/areas-de-aplicacao\/\" class=\"advgb-post-tax-term\">\u00c1reas de aplica\u00e7\u00e3o<\/a>","<a href=\"https:\/\/penosil.com\/pt\/categoria-produto\/grupos-de-produtos\/selantes\/poliuretanos\/\" class=\"advgb-post-tax-term\">Poliuretanos<\/a>","<a href=\"https:\/\/penosil.com\/pt\/categoria-produto\/grupos-de-produtos\/\" class=\"advgb-post-tax-term\">Grupos de produtos<\/a>","<a href=\"https:\/\/penosil.com\/pt\/categoria-produto\/grupos-de-produtos\/selantes\/\" class=\"advgb-post-tax-term\">Selantes<\/a>","<a href=\"https:\/\/penosil.com\/pt\/categoria-produto\/areas-de-aplicacao\/cola-e-veda\/\" class=\"advgb-post-tax-term\">Cola e Veda<\/a>"],"unlinked":["<span class=\"advgb-post-tax-term\">\u00c1reas de aplica\u00e7\u00e3o<\/span>","<span class=\"advgb-post-tax-term\">Poliuretanos<\/span>","<span class=\"advgb-post-tax-term\">Grupos de produtos<\/span>","<span class=\"advgb-post-tax-term\">Selantes<\/span>","<span class=\"advgb-post-tax-term\">Cola e Veda<\/span>"],"slug":"product_cat","name":"Categorias de produto"},"product_tag":{"linked":[],"unlinked":[],"slug":"product_tag","name":"Etiquetas de produto"},"product_shipping_class":{"linked":[],"unlinked":[],"slug":"product_shipping_class","name":"Classes de envio do produto"},"pos_product_visibility":{"linked":[],"unlinked":[],"slug":"pos_product_visibility","name":"POS Product visibility"},"pa_color":{"linked":["<a href=\"https:\/\/penosil.com\/pt\/?taxonomy=pa_color&#038;term=preto\" class=\"advgb-post-tax-term\">Preto<\/a>","<a href=\"https:\/\/penosil.com\/pt\/?taxonomy=pa_color&#038;term=cinzento\" class=\"advgb-post-tax-term\">Cinzento<\/a>","<a href=\"https:\/\/penosil.com\/pt\/?taxonomy=pa_color&#038;term=branco\" class=\"advgb-post-tax-term\">Branco<\/a>","<a href=\"https:\/\/penosil.com\/pt\/?taxonomy=pa_color&#038;term=castanho\" class=\"advgb-post-tax-term\">Castanho<\/a>"],"unlinked":["<span class=\"advgb-post-tax-term\">Preto<\/span>","<span class=\"advgb-post-tax-term\">Cinzento<\/span>","<span class=\"advgb-post-tax-term\">Branco<\/span>","<span class=\"advgb-post-tax-term\">Castanho<\/span>"],"slug":"pa_color","name":"Product Cor"},"pa_package":{"linked":["<a href=\"https:\/\/penosil.com\/pt\/?taxonomy=pa_package&#038;term=300-ml\" class=\"advgb-post-tax-term\">300 ml<\/a>","<a href=\"https:\/\/penosil.com\/pt\/?taxonomy=pa_package&#038;term=bolsa-600-ml\" class=\"advgb-post-tax-term\">Bolsa 600 ml<\/a>"],"unlinked":["<span class=\"advgb-post-tax-term\">300 ml<\/span>","<span class=\"advgb-post-tax-term\">Bolsa 600 ml<\/span>"],"slug":"pa_package","name":"Product Package"},"translation_priority":{"linked":["<a href=\"https:\/\/penosil.com\/pt\/?taxonomy=translation_priority&#038;term=opcional\" class=\"advgb-post-tax-term\">Opcional<\/a>"],"unlinked":["<span class=\"advgb-post-tax-term\">Opcional<\/span>"],"slug":"translation_priority","name":"Prioridades da Tradu\u00e7\u00e3o"}},"series_order":"","_links":{"self":[{"href":"https:\/\/penosil.com\/pt\/wp-json\/wp\/v2\/product\/8869","targetHints":{"allow":["GET"]}}],"collection":[{"href":"https:\/\/penosil.com\/pt\/wp-json\/wp\/v2\/product"}],"about":[{"href":"https:\/\/penosil.com\/pt\/wp-json\/wp\/v2\/types\/product"}],"version-history":[{"count":5,"href":"https:\/\/penosil.com\/pt\/wp-json\/wp\/v2\/product\/8869\/revisions"}],"predecessor-version":[{"id":12160,"href":"https:\/\/penosil.com\/pt\/wp-json\/wp\/v2\/product\/8869\/revisions\/12160"}],"wp:featuredmedia":[{"embeddable":true,"href":"https:\/\/penosil.com\/pt\/wp-json\/wp\/v2\/media\/12157"}],"wp:attachment":[{"href":"https:\/\/penosil.com\/pt\/wp-json\/wp\/v2\/media?parent=8869"}],"wp:term":[{"taxonomy":"product_brand","embeddable":true,"href":"https:\/\/penosil.com\/pt\/wp-json\/wp\/v2\/product_brand?post=8869"},{"taxonomy":"product_cat","embeddable":true,"href":"https:\/\/penosil.com\/pt\/wp-json\/wp\/v2\/product_cat?post=8869"},{"taxonomy":"product_tag","embeddable":true,"href":"https:\/\/penosil.com\/pt\/wp-json\/wp\/v2\/product_tag?post=8869"}],"curies":[{"name":"wp","href":"https:\/\/api.w.org\/{rel}","templated":true}]}}