{"id":8878,"date":"2022-12-22T12:10:43","date_gmt":"2022-12-22T12:10:43","guid":{"rendered":"https:\/\/penosil.com\/pt\/?post_type=product&#038;p=8878"},"modified":"2026-02-19T08:39:58","modified_gmt":"2026-02-19T08:39:58","slug":"espuma-mega-pu-45-easygun-alto-rendimento-2-em-1","status":"publish","type":"product","link":"https:\/\/penosil.com\/pt\/produto\/espuma-mega-pu-45-easygun-alto-rendimento-2-em-1\/","title":{"rendered":"Espuma Mega PU-45"},"content":{"rendered":"<p>Espuma de poliuretano de elevado rendimento, que incorpora o sistema EasyGun de dupla aplica\u00e7\u00e3o, manual e pistola. Exelente isolante t\u00e9rmico e ac\u00fastico.<\/p>\n","protected":false},"excerpt":{"rendered":"Espuma de poliuretano de elevado rendimento, que incorpora o sistema EasyGun de dupla aplica\u00e7\u00e3o, manual e pistola. Exelente isolante t\u00e9rmico e ac\u00fastico.","protected":false},"author":67,"featured_media":10083,"template":"","meta":{"_acf_changed":false,"advgb_blocks_editor_width":"","advgb_blocks_columns_visual_guide":"","footnotes":""},"product_brand":[],"product_cat":[2290,2291,1369,2267,2248],"product_tag":[],"class_list":{"0":"post-8878","1":"product","2":"type-product","3":"status-publish","4":"has-post-thumbnail","6":"product_cat-areas-de-aplicacao","7":"product_cat-construcao","8":"product_cat-grupos-de-produtos","9":"product_cat-espumas-de-construcao","10":"product_cat-espumas-com-aplicador-easygun-2-em-1","12":"first","13":"instock","14":"purchasable","15":"product-type-simple"},"acf":[],"yoast_head":"<!-- This site is optimized with the Yoast SEO plugin v27.2 - https:\/\/yoast.com\/product\/yoast-seo-wordpress\/ -->\n<title>PENOSIL Espuma Mega PU-45 Easygun Alto Rendimento 2 em 1<\/title>\n<meta name=\"description\" content=\"PENOSIL Espuma Mega PU-45 Easygun Alto Rendimento 2 em 1, 55 L., 4 janelas ou 20 m.l. Isolamento t\u00e9rmico e atenua\u00e7\u00e3o ac\u00fastica 62 dB. Validade 18 meses.\" \/>\n<meta name=\"robots\" content=\"index, follow, max-snippet:-1, max-image-preview:large, max-video-preview:-1\" \/>\n<link rel=\"canonical\" href=\"https:\/\/penosil.com\/pt\/produto\/espuma-mega-pu-45-easygun-alto-rendimento-2-em-1\/\" \/>\n<meta property=\"og:locale\" content=\"pt_PT\" \/>\n<meta property=\"og:type\" content=\"article\" \/>\n<meta property=\"og:title\" content=\"PENOSIL Espuma Mega PU-45 Easygun Alto Rendimento 2 em 1\" \/>\n<meta property=\"og:description\" content=\"PENOSIL Espuma Mega PU-45 Easygun Alto Rendimento 2 em 1, 55 L., 4 janelas ou 20 m.l. Isolamento t\u00e9rmico e atenua\u00e7\u00e3o ac\u00fastica 62 dB. Validade 18 meses.\" \/>\n<meta property=\"og:url\" content=\"https:\/\/penosil.com\/pt\/produto\/espuma-mega-pu-45-easygun-alto-rendimento-2-em-1\/\" \/>\n<meta property=\"og:site_name\" content=\"Penosil Portugal\" \/>\n<meta property=\"article:modified_time\" content=\"2026-02-19T08:39:58+00:00\" \/>\n<meta property=\"og:image\" content=\"https:\/\/penosil.com\/pt\/wp-content\/uploads\/sites\/10\/2022\/12\/Espuma-Mega-Penosil-PU-45-EasyGun-PT.png\" \/>\n\t<meta property=\"og:image:width\" content=\"523\" \/>\n\t<meta property=\"og:image:height\" content=\"1080\" \/>\n\t<meta property=\"og:image:type\" content=\"image\/png\" \/>\n<meta name=\"twitter:card\" content=\"summary_large_image\" \/>\n<meta name=\"twitter:label1\" content=\"Tempo estimado de leitura\" \/>\n\t<meta name=\"twitter:data1\" content=\"5 minutos\" \/>\n<script type=\"application\/ld+json\" class=\"yoast-schema-graph\">{\"@context\":\"https:\/\/schema.org\",\"@graph\":[{\"@type\":\"WebPage\",\"@id\":\"https:\/\/penosil.com\/pt\/produto\/espuma-mega-pu-45-easygun-alto-rendimento-2-em-1\/\",\"url\":\"https:\/\/penosil.com\/pt\/produto\/espuma-mega-pu-45-easygun-alto-rendimento-2-em-1\/\",\"name\":\"PENOSIL Espuma Mega PU-45 Easygun Alto Rendimento 2 em 1\",\"isPartOf\":{\"@id\":\"https:\/\/penosil.com\/pt\/#website\"},\"primaryImageOfPage\":{\"@id\":\"https:\/\/penosil.com\/pt\/produto\/espuma-mega-pu-45-easygun-alto-rendimento-2-em-1\/#primaryimage\"},\"image\":{\"@id\":\"https:\/\/penosil.com\/pt\/produto\/espuma-mega-pu-45-easygun-alto-rendimento-2-em-1\/#primaryimage\"},\"thumbnailUrl\":\"https:\/\/penosil.com\/pt\/wp-content\/uploads\/sites\/10\/2022\/12\/Espuma-Mega-Penosil-PU-45-EasyGun-PT.png\",\"datePublished\":\"2022-12-22T12:10:43+00:00\",\"dateModified\":\"2026-02-19T08:39:58+00:00\",\"description\":\"PENOSIL Espuma Mega PU-45 Easygun Alto Rendimento 2 em 1, 55 L., 4 janelas ou 20 m.l. Isolamento t\u00e9rmico e atenua\u00e7\u00e3o ac\u00fastica 62 dB. Validade 18 meses.\",\"breadcrumb\":{\"@id\":\"https:\/\/penosil.com\/pt\/produto\/espuma-mega-pu-45-easygun-alto-rendimento-2-em-1\/#breadcrumb\"},\"inLanguage\":\"pt-PT\",\"potentialAction\":[{\"@type\":\"ReadAction\",\"target\":[\"https:\/\/penosil.com\/pt\/produto\/espuma-mega-pu-45-easygun-alto-rendimento-2-em-1\/\"]}]},{\"@type\":\"ImageObject\",\"inLanguage\":\"pt-PT\",\"@id\":\"https:\/\/penosil.com\/pt\/produto\/espuma-mega-pu-45-easygun-alto-rendimento-2-em-1\/#primaryimage\",\"url\":\"https:\/\/penosil.com\/pt\/wp-content\/uploads\/sites\/10\/2022\/12\/Espuma-Mega-Penosil-PU-45-EasyGun-PT.png\",\"contentUrl\":\"https:\/\/penosil.com\/pt\/wp-content\/uploads\/sites\/10\/2022\/12\/Espuma-Mega-Penosil-PU-45-EasyGun-PT.png\",\"width\":523,\"height\":1080,\"caption\":\"Espuma Mega Penosil PU-45 EasyGun Constru\u00e7\u00e3o\"},{\"@type\":\"BreadcrumbList\",\"@id\":\"https:\/\/penosil.com\/pt\/produto\/espuma-mega-pu-45-easygun-alto-rendimento-2-em-1\/#breadcrumb\",\"itemListElement\":[{\"@type\":\"ListItem\",\"position\":1,\"name\":\"Home\",\"item\":\"https:\/\/penosil.com\/pt\/\"},{\"@type\":\"ListItem\",\"position\":2,\"name\":\"Produtos\",\"item\":\"https:\/\/penosil.com\/pt\/produtos\/\"},{\"@type\":\"ListItem\",\"position\":3,\"name\":\"Espuma Mega PU-45\"}]},{\"@type\":\"WebSite\",\"@id\":\"https:\/\/penosil.com\/pt\/#website\",\"url\":\"https:\/\/penosil.com\/pt\/\",\"name\":\"Penosil Portugal\",\"description\":\"\",\"potentialAction\":[{\"@type\":\"SearchAction\",\"target\":{\"@type\":\"EntryPoint\",\"urlTemplate\":\"https:\/\/penosil.com\/pt\/?s={search_term_string}\"},\"query-input\":{\"@type\":\"PropertyValueSpecification\",\"valueRequired\":true,\"valueName\":\"search_term_string\"}}],\"inLanguage\":\"pt-PT\"}]}<\/script>\n<!-- \/ Yoast SEO plugin. -->","yoast_head_json":{"title":"PENOSIL Espuma Mega PU-45 Easygun Alto Rendimento 2 em 1","description":"PENOSIL Espuma Mega PU-45 Easygun Alto Rendimento 2 em 1, 55 L., 4 janelas ou 20 m.l. Isolamento t\u00e9rmico e atenua\u00e7\u00e3o ac\u00fastica 62 dB. Validade 18 meses.","robots":{"index":"index","follow":"follow","max-snippet":"max-snippet:-1","max-image-preview":"max-image-preview:large","max-video-preview":"max-video-preview:-1"},"canonical":"https:\/\/penosil.com\/pt\/produto\/espuma-mega-pu-45-easygun-alto-rendimento-2-em-1\/","og_locale":"pt_PT","og_type":"article","og_title":"PENOSIL Espuma Mega PU-45 Easygun Alto Rendimento 2 em 1","og_description":"PENOSIL Espuma Mega PU-45 Easygun Alto Rendimento 2 em 1, 55 L., 4 janelas ou 20 m.l. Isolamento t\u00e9rmico e atenua\u00e7\u00e3o ac\u00fastica 62 dB. Validade 18 meses.","og_url":"https:\/\/penosil.com\/pt\/produto\/espuma-mega-pu-45-easygun-alto-rendimento-2-em-1\/","og_site_name":"Penosil Portugal","article_modified_time":"2026-02-19T08:39:58+00:00","og_image":[{"width":523,"height":1080,"url":"https:\/\/penosil.com\/pt\/wp-content\/uploads\/sites\/10\/2022\/12\/Espuma-Mega-Penosil-PU-45-EasyGun-PT.png","type":"image\/png"}],"twitter_card":"summary_large_image","twitter_misc":{"Tempo estimado de leitura":"5 minutos"},"schema":{"@context":"https:\/\/schema.org","@graph":[{"@type":"WebPage","@id":"https:\/\/penosil.com\/pt\/produto\/espuma-mega-pu-45-easygun-alto-rendimento-2-em-1\/","url":"https:\/\/penosil.com\/pt\/produto\/espuma-mega-pu-45-easygun-alto-rendimento-2-em-1\/","name":"PENOSIL Espuma Mega PU-45 Easygun Alto Rendimento 2 em 1","isPartOf":{"@id":"https:\/\/penosil.com\/pt\/#website"},"primaryImageOfPage":{"@id":"https:\/\/penosil.com\/pt\/produto\/espuma-mega-pu-45-easygun-alto-rendimento-2-em-1\/#primaryimage"},"image":{"@id":"https:\/\/penosil.com\/pt\/produto\/espuma-mega-pu-45-easygun-alto-rendimento-2-em-1\/#primaryimage"},"thumbnailUrl":"https:\/\/penosil.com\/pt\/wp-content\/uploads\/sites\/10\/2022\/12\/Espuma-Mega-Penosil-PU-45-EasyGun-PT.png","datePublished":"2022-12-22T12:10:43+00:00","dateModified":"2026-02-19T08:39:58+00:00","description":"PENOSIL Espuma Mega PU-45 Easygun Alto Rendimento 2 em 1, 55 L., 4 janelas ou 20 m.l. Isolamento t\u00e9rmico e atenua\u00e7\u00e3o ac\u00fastica 62 dB. Validade 18 meses.","breadcrumb":{"@id":"https:\/\/penosil.com\/pt\/produto\/espuma-mega-pu-45-easygun-alto-rendimento-2-em-1\/#breadcrumb"},"inLanguage":"pt-PT","potentialAction":[{"@type":"ReadAction","target":["https:\/\/penosil.com\/pt\/produto\/espuma-mega-pu-45-easygun-alto-rendimento-2-em-1\/"]}]},{"@type":"ImageObject","inLanguage":"pt-PT","@id":"https:\/\/penosil.com\/pt\/produto\/espuma-mega-pu-45-easygun-alto-rendimento-2-em-1\/#primaryimage","url":"https:\/\/penosil.com\/pt\/wp-content\/uploads\/sites\/10\/2022\/12\/Espuma-Mega-Penosil-PU-45-EasyGun-PT.png","contentUrl":"https:\/\/penosil.com\/pt\/wp-content\/uploads\/sites\/10\/2022\/12\/Espuma-Mega-Penosil-PU-45-EasyGun-PT.png","width":523,"height":1080,"caption":"Espuma Mega Penosil PU-45 EasyGun Constru\u00e7\u00e3o"},{"@type":"BreadcrumbList","@id":"https:\/\/penosil.com\/pt\/produto\/espuma-mega-pu-45-easygun-alto-rendimento-2-em-1\/#breadcrumb","itemListElement":[{"@type":"ListItem","position":1,"name":"Home","item":"https:\/\/penosil.com\/pt\/"},{"@type":"ListItem","position":2,"name":"Produtos","item":"https:\/\/penosil.com\/pt\/produtos\/"},{"@type":"ListItem","position":3,"name":"Espuma Mega PU-45"}]},{"@type":"WebSite","@id":"https:\/\/penosil.com\/pt\/#website","url":"https:\/\/penosil.com\/pt\/","name":"Penosil Portugal","description":"","potentialAction":[{"@type":"SearchAction","target":{"@type":"EntryPoint","urlTemplate":"https:\/\/penosil.com\/pt\/?s={search_term_string}"},"query-input":{"@type":"PropertyValueSpecification","valueRequired":true,"valueName":"search_term_string"}}],"inLanguage":"pt-PT"}]}},"featured_img":"https:\/\/penosil.com\/pt\/wp-content\/uploads\/sites\/10\/2022\/12\/Espuma-Mega-Penosil-PU-45-EasyGun-PT.png","coauthors":[],"author_meta":{"author_link":"https:\/\/penosil.com\/pt\/author\/pedro\/","display_name":"pedro"},"relative_dates":{"created":"Posted 3 anos ago","modified":"Updated 2 meses ago"},"absolute_dates":{"created":"Posted on 22 de Dezembro, 2022","modified":"Updated on 19 de Fevereiro, 2026"},"absolute_dates_time":{"created":"Posted on 22 de Dezembro, 2022 12:10","modified":"Updated on 19 de Fevereiro, 2026 8:39"},"featured_img_caption":"","tax_additional":{"product_brand":{"linked":[],"unlinked":[],"slug":"product_brand","name":"Marcas"},"product_type":{"linked":["<a href=\"https:\/\/penosil.com\/pt\/?taxonomy=product_type&#038;term=simple\" class=\"advgb-post-tax-term\">simple<\/a>"],"unlinked":["<span class=\"advgb-post-tax-term\">simple<\/span>"],"slug":"product_type","name":"Tipo de produto"},"product_visibility":{"linked":[],"unlinked":[],"slug":"product_visibility","name":"Visibilidade do produto"},"product_cat":{"linked":["<a href=\"https:\/\/penosil.com\/pt\/categoria-produto\/areas-de-aplicacao\/\" class=\"advgb-post-tax-term\">\u00c1reas de aplica\u00e7\u00e3o<\/a>","<a href=\"https:\/\/penosil.com\/pt\/categoria-produto\/areas-de-aplicacao\/construcao\/\" class=\"advgb-post-tax-term\">Constru\u00e7\u00e3o<\/a>","<a href=\"https:\/\/penosil.com\/pt\/categoria-produto\/grupos-de-produtos\/\" class=\"advgb-post-tax-term\">Grupos de produtos<\/a>","<a href=\"https:\/\/penosil.com\/pt\/categoria-produto\/grupos-de-produtos\/espumas-de-construcao\/\" class=\"advgb-post-tax-term\">Espumas de constru\u00e7\u00e3o<\/a>","<a href=\"https:\/\/penosil.com\/pt\/categoria-produto\/grupos-de-produtos\/espumas-de-construcao\/espumas-com-aplicador-easygun-2-em-1\/\" class=\"advgb-post-tax-term\">Espumas com aplicador EasyGun 2 em 1<\/a>"],"unlinked":["<span class=\"advgb-post-tax-term\">\u00c1reas de aplica\u00e7\u00e3o<\/span>","<span class=\"advgb-post-tax-term\">Constru\u00e7\u00e3o<\/span>","<span class=\"advgb-post-tax-term\">Grupos de produtos<\/span>","<span class=\"advgb-post-tax-term\">Espumas de constru\u00e7\u00e3o<\/span>","<span class=\"advgb-post-tax-term\">Espumas com aplicador EasyGun 2 em 1<\/span>"],"slug":"product_cat","name":"Categorias de produto"},"product_tag":{"linked":[],"unlinked":[],"slug":"product_tag","name":"Etiquetas de produto"},"product_shipping_class":{"linked":[],"unlinked":[],"slug":"product_shipping_class","name":"Classes de envio do produto"},"pos_product_visibility":{"linked":[],"unlinked":[],"slug":"pos_product_visibility","name":"POS Product visibility"},"pa_color":{"linked":["<a href=\"https:\/\/penosil.com\/pt\/?taxonomy=pa_color&#038;term=amarelo-claro\" class=\"advgb-post-tax-term\">Amarelo claro<\/a>"],"unlinked":["<span class=\"advgb-post-tax-term\">Amarelo claro<\/span>"],"slug":"pa_color","name":"Product Cor"},"pa_package":{"linked":["<a href=\"https:\/\/penosil.com\/pt\/?taxonomy=pa_package&#038;term=aerossol-750-ml\" class=\"advgb-post-tax-term\">Aerossol 750 ml<\/a>"],"unlinked":["<span class=\"advgb-post-tax-term\">Aerossol 750 ml<\/span>"],"slug":"pa_package","name":"Product Package"},"translation_priority":{"linked":["<a href=\"https:\/\/penosil.com\/pt\/?taxonomy=translation_priority&#038;term=opcional\" class=\"advgb-post-tax-term\">Opcional<\/a>"],"unlinked":["<span class=\"advgb-post-tax-term\">Opcional<\/span>"],"slug":"translation_priority","name":"Prioridades da Tradu\u00e7\u00e3o"}},"series_order":"","_links":{"self":[{"href":"https:\/\/penosil.com\/pt\/wp-json\/wp\/v2\/product\/8878","targetHints":{"allow":["GET"]}}],"collection":[{"href":"https:\/\/penosil.com\/pt\/wp-json\/wp\/v2\/product"}],"about":[{"href":"https:\/\/penosil.com\/pt\/wp-json\/wp\/v2\/types\/product"}],"version-history":[{"count":3,"href":"https:\/\/penosil.com\/pt\/wp-json\/wp\/v2\/product\/8878\/revisions"}],"predecessor-version":[{"id":12056,"href":"https:\/\/penosil.com\/pt\/wp-json\/wp\/v2\/product\/8878\/revisions\/12056"}],"wp:featuredmedia":[{"embeddable":true,"href":"https:\/\/penosil.com\/pt\/wp-json\/wp\/v2\/media\/10083"}],"wp:attachment":[{"href":"https:\/\/penosil.com\/pt\/wp-json\/wp\/v2\/media?parent=8878"}],"wp:term":[{"taxonomy":"product_brand","embeddable":true,"href":"https:\/\/penosil.com\/pt\/wp-json\/wp\/v2\/product_brand?post=8878"},{"taxonomy":"product_cat","embeddable":true,"href":"https:\/\/penosil.com\/pt\/wp-json\/wp\/v2\/product_cat?post=8878"},{"taxonomy":"product_tag","embeddable":true,"href":"https:\/\/penosil.com\/pt\/wp-json\/wp\/v2\/product_tag?post=8878"}],"curies":[{"name":"wp","href":"https:\/\/api.w.org\/{rel}","templated":true}]}}