{"id":8885,"date":"2022-12-22T12:10:43","date_gmt":"2022-12-22T12:10:43","guid":{"rendered":"https:\/\/penosil.com\/pt\/?post_type=product&#038;p=8885"},"modified":"2026-02-19T09:16:17","modified_gmt":"2026-02-19T09:16:17","slug":"espuma-telhas-pistola-pu-49p-para-colagem-de-telhas","status":"publish","type":"product","link":"https:\/\/penosil.com\/pt\/produto\/espuma-telhas-pistola-pu-49p-para-colagem-de-telhas\/","title":{"rendered":"Espuma Telhas Pistola PU-49p"},"content":{"rendered":"<p>Espuma de poliuretano especial para colagem de telhas, de aplica\u00e7\u00e3o com pistola, com expans\u00e3o controlada, forte poder de ades\u00e3o e elevada resist\u00eancia ao vento e ao envelhecimento EN 14437.<\/p>\n","protected":false},"excerpt":{"rendered":"Espuma de poliuretano especial para colagem de telhas, de aplica\u00e7\u00e3o com pistola, com expans\u00e3o controlada, forte poder de ades\u00e3o e elevada resist\u00eancia ao vento e ao envelhecimento EN 14437.","protected":false},"author":67,"featured_media":10078,"template":"","meta":{"_acf_changed":false,"advgb_blocks_editor_width":"","advgb_blocks_columns_visual_guide":"","footnotes":""},"product_brand":[],"product_cat":[2290,1549,1369,2267,2297],"product_tag":[],"class_list":{"0":"post-8885","1":"product","2":"type-product","3":"status-publish","4":"has-post-thumbnail","6":"product_cat-areas-de-aplicacao","7":"product_cat-espumas-de-pistola","8":"product_cat-grupos-de-produtos","9":"product_cat-espumas-de-construcao","10":"product_cat-telhados-e-fachadas","12":"first","13":"instock","14":"purchasable","15":"product-type-variable"},"acf":[],"yoast_head":"<!-- This site is optimized with the Yoast SEO plugin v27.2 - https:\/\/yoast.com\/product\/yoast-seo-wordpress\/ -->\n<title>PENOSIL Espuma Telhas Pistola PU-49p Para Colagem de telhas<\/title>\n<meta name=\"description\" content=\"PENOSIL Espuma Telhas Pistola PU-49p Para Colagem de telhas. Cura r\u00e1pida. Com poder de ader\u00eancia e resist\u00eancia ao vento e intemp\u00e9ries. Absorve movimentos.\" \/>\n<meta name=\"robots\" content=\"index, follow, max-snippet:-1, max-image-preview:large, max-video-preview:-1\" \/>\n<link rel=\"canonical\" href=\"https:\/\/penosil.com\/pt\/produto\/espuma-telhas-pistola-pu-49p-para-colagem-de-telhas\/\" \/>\n<meta property=\"og:locale\" content=\"pt_PT\" \/>\n<meta property=\"og:type\" content=\"article\" \/>\n<meta property=\"og:title\" content=\"PENOSIL Espuma Telhas Pistola PU-49p Para Colagem de telhas\" \/>\n<meta property=\"og:description\" content=\"PENOSIL Espuma Telhas Pistola PU-49p Para Colagem de telhas. Cura r\u00e1pida. Com poder de ader\u00eancia e resist\u00eancia ao vento e intemp\u00e9ries. Absorve movimentos.\" \/>\n<meta property=\"og:url\" content=\"https:\/\/penosil.com\/pt\/produto\/espuma-telhas-pistola-pu-49p-para-colagem-de-telhas\/\" \/>\n<meta property=\"og:site_name\" content=\"Penosil Portugal\" \/>\n<meta property=\"article:modified_time\" content=\"2026-02-19T09:16:17+00:00\" \/>\n<meta property=\"og:image\" content=\"https:\/\/penosil.com\/pt\/wp-content\/uploads\/sites\/10\/2022\/12\/Espuma-Telhas-Pistola-Gris-PU-49p-Penosil-PT.png\" \/>\n\t<meta property=\"og:image:width\" content=\"523\" \/>\n\t<meta property=\"og:image:height\" content=\"1080\" \/>\n\t<meta property=\"og:image:type\" content=\"image\/png\" \/>\n<meta name=\"twitter:card\" content=\"summary_large_image\" \/>\n<meta name=\"twitter:label1\" content=\"Tempo estimado de leitura\" \/>\n\t<meta name=\"twitter:data1\" content=\"5 minutos\" \/>\n<script type=\"application\/ld+json\" class=\"yoast-schema-graph\">{\"@context\":\"https:\/\/schema.org\",\"@graph\":[{\"@type\":\"WebPage\",\"@id\":\"https:\/\/penosil.com\/pt\/produto\/espuma-telhas-pistola-pu-49p-para-colagem-de-telhas\/\",\"url\":\"https:\/\/penosil.com\/pt\/produto\/espuma-telhas-pistola-pu-49p-para-colagem-de-telhas\/\",\"name\":\"PENOSIL Espuma Telhas Pistola PU-49p Para Colagem de telhas\",\"isPartOf\":{\"@id\":\"https:\/\/penosil.com\/pt\/#website\"},\"primaryImageOfPage\":{\"@id\":\"https:\/\/penosil.com\/pt\/produto\/espuma-telhas-pistola-pu-49p-para-colagem-de-telhas\/#primaryimage\"},\"image\":{\"@id\":\"https:\/\/penosil.com\/pt\/produto\/espuma-telhas-pistola-pu-49p-para-colagem-de-telhas\/#primaryimage\"},\"thumbnailUrl\":\"https:\/\/penosil.com\/pt\/wp-content\/uploads\/sites\/10\/2022\/12\/Espuma-Telhas-Pistola-Gris-PU-49p-Penosil-PT.png\",\"datePublished\":\"2022-12-22T12:10:43+00:00\",\"dateModified\":\"2026-02-19T09:16:17+00:00\",\"description\":\"PENOSIL Espuma Telhas Pistola PU-49p Para Colagem de telhas. Cura r\u00e1pida. Com poder de ader\u00eancia e resist\u00eancia ao vento e intemp\u00e9ries. Absorve movimentos.\",\"breadcrumb\":{\"@id\":\"https:\/\/penosil.com\/pt\/produto\/espuma-telhas-pistola-pu-49p-para-colagem-de-telhas\/#breadcrumb\"},\"inLanguage\":\"pt-PT\",\"potentialAction\":[{\"@type\":\"ReadAction\",\"target\":[\"https:\/\/penosil.com\/pt\/produto\/espuma-telhas-pistola-pu-49p-para-colagem-de-telhas\/\"]}]},{\"@type\":\"ImageObject\",\"inLanguage\":\"pt-PT\",\"@id\":\"https:\/\/penosil.com\/pt\/produto\/espuma-telhas-pistola-pu-49p-para-colagem-de-telhas\/#primaryimage\",\"url\":\"https:\/\/penosil.com\/pt\/wp-content\/uploads\/sites\/10\/2022\/12\/Espuma-Telhas-Pistola-Gris-PU-49p-Penosil-PT.png\",\"contentUrl\":\"https:\/\/penosil.com\/pt\/wp-content\/uploads\/sites\/10\/2022\/12\/Espuma-Telhas-Pistola-Gris-PU-49p-Penosil-PT.png\",\"width\":523,\"height\":1080,\"caption\":\"Espuma Telhas Pistola Penosil PU-49p Gris\"},{\"@type\":\"BreadcrumbList\",\"@id\":\"https:\/\/penosil.com\/pt\/produto\/espuma-telhas-pistola-pu-49p-para-colagem-de-telhas\/#breadcrumb\",\"itemListElement\":[{\"@type\":\"ListItem\",\"position\":1,\"name\":\"Home\",\"item\":\"https:\/\/penosil.com\/pt\/\"},{\"@type\":\"ListItem\",\"position\":2,\"name\":\"Produtos\",\"item\":\"https:\/\/penosil.com\/pt\/produtos\/\"},{\"@type\":\"ListItem\",\"position\":3,\"name\":\"Espuma Telhas Pistola PU-49p\"}]},{\"@type\":\"WebSite\",\"@id\":\"https:\/\/penosil.com\/pt\/#website\",\"url\":\"https:\/\/penosil.com\/pt\/\",\"name\":\"Penosil Portugal\",\"description\":\"\",\"potentialAction\":[{\"@type\":\"SearchAction\",\"target\":{\"@type\":\"EntryPoint\",\"urlTemplate\":\"https:\/\/penosil.com\/pt\/?s={search_term_string}\"},\"query-input\":{\"@type\":\"PropertyValueSpecification\",\"valueRequired\":true,\"valueName\":\"search_term_string\"}}],\"inLanguage\":\"pt-PT\"}]}<\/script>\n<!-- \/ Yoast SEO plugin. -->","yoast_head_json":{"title":"PENOSIL Espuma Telhas Pistola PU-49p Para Colagem de telhas","description":"PENOSIL Espuma Telhas Pistola PU-49p Para Colagem de telhas. Cura r\u00e1pida. Com poder de ader\u00eancia e resist\u00eancia ao vento e intemp\u00e9ries. Absorve movimentos.","robots":{"index":"index","follow":"follow","max-snippet":"max-snippet:-1","max-image-preview":"max-image-preview:large","max-video-preview":"max-video-preview:-1"},"canonical":"https:\/\/penosil.com\/pt\/produto\/espuma-telhas-pistola-pu-49p-para-colagem-de-telhas\/","og_locale":"pt_PT","og_type":"article","og_title":"PENOSIL Espuma Telhas Pistola PU-49p Para Colagem de telhas","og_description":"PENOSIL Espuma Telhas Pistola PU-49p Para Colagem de telhas. Cura r\u00e1pida. Com poder de ader\u00eancia e resist\u00eancia ao vento e intemp\u00e9ries. Absorve movimentos.","og_url":"https:\/\/penosil.com\/pt\/produto\/espuma-telhas-pistola-pu-49p-para-colagem-de-telhas\/","og_site_name":"Penosil Portugal","article_modified_time":"2026-02-19T09:16:17+00:00","og_image":[{"width":523,"height":1080,"url":"https:\/\/penosil.com\/pt\/wp-content\/uploads\/sites\/10\/2022\/12\/Espuma-Telhas-Pistola-Gris-PU-49p-Penosil-PT.png","type":"image\/png"}],"twitter_card":"summary_large_image","twitter_misc":{"Tempo estimado de leitura":"5 minutos"},"schema":{"@context":"https:\/\/schema.org","@graph":[{"@type":"WebPage","@id":"https:\/\/penosil.com\/pt\/produto\/espuma-telhas-pistola-pu-49p-para-colagem-de-telhas\/","url":"https:\/\/penosil.com\/pt\/produto\/espuma-telhas-pistola-pu-49p-para-colagem-de-telhas\/","name":"PENOSIL Espuma Telhas Pistola PU-49p Para Colagem de telhas","isPartOf":{"@id":"https:\/\/penosil.com\/pt\/#website"},"primaryImageOfPage":{"@id":"https:\/\/penosil.com\/pt\/produto\/espuma-telhas-pistola-pu-49p-para-colagem-de-telhas\/#primaryimage"},"image":{"@id":"https:\/\/penosil.com\/pt\/produto\/espuma-telhas-pistola-pu-49p-para-colagem-de-telhas\/#primaryimage"},"thumbnailUrl":"https:\/\/penosil.com\/pt\/wp-content\/uploads\/sites\/10\/2022\/12\/Espuma-Telhas-Pistola-Gris-PU-49p-Penosil-PT.png","datePublished":"2022-12-22T12:10:43+00:00","dateModified":"2026-02-19T09:16:17+00:00","description":"PENOSIL Espuma Telhas Pistola PU-49p Para Colagem de telhas. Cura r\u00e1pida. Com poder de ader\u00eancia e resist\u00eancia ao vento e intemp\u00e9ries. Absorve movimentos.","breadcrumb":{"@id":"https:\/\/penosil.com\/pt\/produto\/espuma-telhas-pistola-pu-49p-para-colagem-de-telhas\/#breadcrumb"},"inLanguage":"pt-PT","potentialAction":[{"@type":"ReadAction","target":["https:\/\/penosil.com\/pt\/produto\/espuma-telhas-pistola-pu-49p-para-colagem-de-telhas\/"]}]},{"@type":"ImageObject","inLanguage":"pt-PT","@id":"https:\/\/penosil.com\/pt\/produto\/espuma-telhas-pistola-pu-49p-para-colagem-de-telhas\/#primaryimage","url":"https:\/\/penosil.com\/pt\/wp-content\/uploads\/sites\/10\/2022\/12\/Espuma-Telhas-Pistola-Gris-PU-49p-Penosil-PT.png","contentUrl":"https:\/\/penosil.com\/pt\/wp-content\/uploads\/sites\/10\/2022\/12\/Espuma-Telhas-Pistola-Gris-PU-49p-Penosil-PT.png","width":523,"height":1080,"caption":"Espuma Telhas Pistola Penosil PU-49p Gris"},{"@type":"BreadcrumbList","@id":"https:\/\/penosil.com\/pt\/produto\/espuma-telhas-pistola-pu-49p-para-colagem-de-telhas\/#breadcrumb","itemListElement":[{"@type":"ListItem","position":1,"name":"Home","item":"https:\/\/penosil.com\/pt\/"},{"@type":"ListItem","position":2,"name":"Produtos","item":"https:\/\/penosil.com\/pt\/produtos\/"},{"@type":"ListItem","position":3,"name":"Espuma Telhas Pistola PU-49p"}]},{"@type":"WebSite","@id":"https:\/\/penosil.com\/pt\/#website","url":"https:\/\/penosil.com\/pt\/","name":"Penosil Portugal","description":"","potentialAction":[{"@type":"SearchAction","target":{"@type":"EntryPoint","urlTemplate":"https:\/\/penosil.com\/pt\/?s={search_term_string}"},"query-input":{"@type":"PropertyValueSpecification","valueRequired":true,"valueName":"search_term_string"}}],"inLanguage":"pt-PT"}]}},"featured_img":"https:\/\/penosil.com\/pt\/wp-content\/uploads\/sites\/10\/2022\/12\/Espuma-Telhas-Pistola-Gris-PU-49p-Penosil-PT.png","coauthors":[],"author_meta":{"author_link":"https:\/\/penosil.com\/pt\/author\/pedro\/","display_name":"pedro"},"relative_dates":{"created":"Posted 3 anos ago","modified":"Updated 2 meses ago"},"absolute_dates":{"created":"Posted on 22 de Dezembro, 2022","modified":"Updated on 19 de Fevereiro, 2026"},"absolute_dates_time":{"created":"Posted on 22 de Dezembro, 2022 12:10","modified":"Updated on 19 de Fevereiro, 2026 9:16"},"featured_img_caption":"","tax_additional":{"product_brand":{"linked":[],"unlinked":[],"slug":"product_brand","name":"Marcas"},"product_type":{"linked":["<a href=\"https:\/\/penosil.com\/pt\/?taxonomy=product_type&#038;term=variable\" class=\"advgb-post-tax-term\">variable<\/a>"],"unlinked":["<span class=\"advgb-post-tax-term\">variable<\/span>"],"slug":"product_type","name":"Tipo de produto"},"product_visibility":{"linked":[],"unlinked":[],"slug":"product_visibility","name":"Visibilidade do produto"},"product_cat":{"linked":["<a href=\"https:\/\/penosil.com\/pt\/categoria-produto\/areas-de-aplicacao\/\" class=\"advgb-post-tax-term\">\u00c1reas de aplica\u00e7\u00e3o<\/a>","<a href=\"https:\/\/penosil.com\/pt\/categoria-produto\/grupos-de-produtos\/espumas-de-construcao\/espumas-de-pistola\/\" class=\"advgb-post-tax-term\">Espumas de pistola<\/a>","<a href=\"https:\/\/penosil.com\/pt\/categoria-produto\/grupos-de-produtos\/\" class=\"advgb-post-tax-term\">Grupos de produtos<\/a>","<a href=\"https:\/\/penosil.com\/pt\/categoria-produto\/grupos-de-produtos\/espumas-de-construcao\/\" class=\"advgb-post-tax-term\">Espumas de constru\u00e7\u00e3o<\/a>","<a href=\"https:\/\/penosil.com\/pt\/categoria-produto\/areas-de-aplicacao\/telhados-e-fachadas\/\" class=\"advgb-post-tax-term\">Telhados e Fachadas<\/a>"],"unlinked":["<span class=\"advgb-post-tax-term\">\u00c1reas de aplica\u00e7\u00e3o<\/span>","<span class=\"advgb-post-tax-term\">Espumas de pistola<\/span>","<span class=\"advgb-post-tax-term\">Grupos de produtos<\/span>","<span class=\"advgb-post-tax-term\">Espumas de constru\u00e7\u00e3o<\/span>","<span class=\"advgb-post-tax-term\">Telhados e Fachadas<\/span>"],"slug":"product_cat","name":"Categorias de produto"},"product_tag":{"linked":[],"unlinked":[],"slug":"product_tag","name":"Etiquetas de produto"},"product_shipping_class":{"linked":[],"unlinked":[],"slug":"product_shipping_class","name":"Classes de envio do produto"},"pos_product_visibility":{"linked":[],"unlinked":[],"slug":"pos_product_visibility","name":"POS Product visibility"},"pa_color":{"linked":["<a href=\"https:\/\/penosil.com\/pt\/?taxonomy=pa_color&#038;term=cinza\" class=\"advgb-post-tax-term\">Cinza<\/a>","<a href=\"https:\/\/penosil.com\/pt\/?taxonomy=pa_color&#038;term=vermelho\" class=\"advgb-post-tax-term\">Vermelho<\/a>"],"unlinked":["<span class=\"advgb-post-tax-term\">Cinza<\/span>","<span class=\"advgb-post-tax-term\">Vermelho<\/span>"],"slug":"pa_color","name":"Product Cor"},"pa_package":{"linked":["<a href=\"https:\/\/penosil.com\/pt\/?taxonomy=pa_package&#038;term=aerossol-750-ml\" class=\"advgb-post-tax-term\">Aerossol 750 ml<\/a>"],"unlinked":["<span class=\"advgb-post-tax-term\">Aerossol 750 ml<\/span>"],"slug":"pa_package","name":"Product Package"},"translation_priority":{"linked":["<a href=\"https:\/\/penosil.com\/pt\/?taxonomy=translation_priority&#038;term=opcional\" class=\"advgb-post-tax-term\">Opcional<\/a>"],"unlinked":["<span class=\"advgb-post-tax-term\">Opcional<\/span>"],"slug":"translation_priority","name":"Prioridades da Tradu\u00e7\u00e3o"}},"series_order":"","_links":{"self":[{"href":"https:\/\/penosil.com\/pt\/wp-json\/wp\/v2\/product\/8885","targetHints":{"allow":["GET"]}}],"collection":[{"href":"https:\/\/penosil.com\/pt\/wp-json\/wp\/v2\/product"}],"about":[{"href":"https:\/\/penosil.com\/pt\/wp-json\/wp\/v2\/types\/product"}],"version-history":[{"count":2,"href":"https:\/\/penosil.com\/pt\/wp-json\/wp\/v2\/product\/8885\/revisions"}],"predecessor-version":[{"id":12059,"href":"https:\/\/penosil.com\/pt\/wp-json\/wp\/v2\/product\/8885\/revisions\/12059"}],"wp:featuredmedia":[{"embeddable":true,"href":"https:\/\/penosil.com\/pt\/wp-json\/wp\/v2\/media\/10078"}],"wp:attachment":[{"href":"https:\/\/penosil.com\/pt\/wp-json\/wp\/v2\/media?parent=8885"}],"wp:term":[{"taxonomy":"product_brand","embeddable":true,"href":"https:\/\/penosil.com\/pt\/wp-json\/wp\/v2\/product_brand?post=8885"},{"taxonomy":"product_cat","embeddable":true,"href":"https:\/\/penosil.com\/pt\/wp-json\/wp\/v2\/product_cat?post=8885"},{"taxonomy":"product_tag","embeddable":true,"href":"https:\/\/penosil.com\/pt\/wp-json\/wp\/v2\/product_tag?post=8885"}],"curies":[{"name":"wp","href":"https:\/\/api.w.org\/{rel}","templated":true}]}}