{"id":8908,"date":"2022-12-22T12:10:59","date_gmt":"2022-12-22T12:10:59","guid":{"rendered":"https:\/\/penosil.com\/pt\/?post_type=product&#038;p=8908"},"modified":"2025-03-06T13:43:16","modified_gmt":"2025-03-06T13:43:16","slug":"silicone-neutro-c-27-selagem-a-prova-de-agua","status":"publish","type":"product","link":"https:\/\/penosil.com\/pt\/produto\/silicone-neutro-c-27-selagem-a-prova-de-agua\/","title":{"rendered":"Silicone Neutro C-27"},"content":{"rendered":"<p>Silicone neutro de alta qualidade e baixo m\u00f3dulo que reage com a humidade atmosf\u00e9rica formando uma junta flex\u00edvel extremamente resistente. Selagem \u00e0 prova de \u00e1gua.<\/p>\n","protected":false},"excerpt":{"rendered":"Silicone neutro de alta qualidade e baixo m\u00f3dulo que reage com a humidade atmosf\u00e9rica formando uma junta flex\u00edvel extremamente resistente. Selagem \u00e0 prova de \u00e1gua.","protected":false},"author":67,"featured_media":10264,"template":"","meta":{"_acf_changed":false,"advgb_blocks_editor_width":"","advgb_blocks_columns_visual_guide":"","footnotes":""},"product_brand":[],"product_cat":[2290,2294],"product_tag":[],"class_list":{"0":"post-8908","1":"product","2":"type-product","3":"status-publish","4":"has-post-thumbnail","6":"product_cat-areas-de-aplicacao","7":"product_cat-janelas-e-portas-2","9":"first","10":"instock","11":"purchasable","12":"product-type-variable"},"acf":[],"yoast_head":"<!-- This site is optimized with the Yoast SEO plugin v27.4 - https:\/\/yoast.com\/product\/yoast-seo-wordpress\/ -->\n<title>PENOSIL Silicone Neutro C-27 Selagem \u00e0 prova de \u00e1gua<\/title>\n<meta name=\"description\" content=\"PENOSIL Silicone Neutro C-27 selagem \u00e0 prova de \u00e1gua, para juntas el\u00e1sticas em materiais porosos e n\u00e3o porosos. Com fungicida e resistente aos raios UV.\" \/>\n<meta name=\"robots\" content=\"index, follow, max-snippet:-1, max-image-preview:large, max-video-preview:-1\" \/>\n<link rel=\"canonical\" href=\"https:\/\/penosil.com\/pt\/produto\/silicone-neutro-c-27-selagem-a-prova-de-agua\/\" \/>\n<meta property=\"og:locale\" content=\"pt_PT\" \/>\n<meta property=\"og:type\" content=\"article\" \/>\n<meta property=\"og:title\" content=\"PENOSIL Silicone Neutro C-27 Selagem \u00e0 prova de \u00e1gua\" \/>\n<meta property=\"og:description\" content=\"PENOSIL Silicone Neutro C-27 selagem \u00e0 prova de \u00e1gua, para juntas el\u00e1sticas em materiais porosos e n\u00e3o porosos. Com fungicida e resistente aos raios UV.\" \/>\n<meta property=\"og:url\" content=\"https:\/\/penosil.com\/pt\/produto\/silicone-neutro-c-27-selagem-a-prova-de-agua\/\" \/>\n<meta property=\"og:site_name\" content=\"Penosil Portugal\" \/>\n<meta property=\"article:modified_time\" content=\"2025-03-06T13:43:16+00:00\" \/>\n<meta property=\"og:image\" content=\"https:\/\/penosil.com\/pt\/wp-content\/uploads\/sites\/10\/2022\/12\/Silicone-Neutro-C-27-Selagem-a-prova-de-agua_02.png\" \/>\n\t<meta property=\"og:image:width\" content=\"387\" \/>\n\t<meta property=\"og:image:height\" content=\"1080\" \/>\n\t<meta property=\"og:image:type\" content=\"image\/png\" \/>\n<meta name=\"twitter:card\" content=\"summary_large_image\" \/>\n<meta name=\"twitter:label1\" content=\"Tempo estimado de leitura\" \/>\n\t<meta name=\"twitter:data1\" content=\"3 minutos\" \/>\n<script type=\"application\/ld+json\" class=\"yoast-schema-graph\">{\"@context\":\"https:\\\/\\\/schema.org\",\"@graph\":[{\"@type\":\"WebPage\",\"@id\":\"https:\\\/\\\/penosil.com\\\/pt\\\/produto\\\/silicone-neutro-c-27-selagem-a-prova-de-agua\\\/\",\"url\":\"https:\\\/\\\/penosil.com\\\/pt\\\/produto\\\/silicone-neutro-c-27-selagem-a-prova-de-agua\\\/\",\"name\":\"PENOSIL Silicone Neutro C-27 Selagem \u00e0 prova de \u00e1gua\",\"isPartOf\":{\"@id\":\"https:\\\/\\\/penosil.com\\\/pt\\\/#website\"},\"primaryImageOfPage\":{\"@id\":\"https:\\\/\\\/penosil.com\\\/pt\\\/produto\\\/silicone-neutro-c-27-selagem-a-prova-de-agua\\\/#primaryimage\"},\"image\":{\"@id\":\"https:\\\/\\\/penosil.com\\\/pt\\\/produto\\\/silicone-neutro-c-27-selagem-a-prova-de-agua\\\/#primaryimage\"},\"thumbnailUrl\":\"https:\\\/\\\/penosil.com\\\/pt\\\/wp-content\\\/uploads\\\/sites\\\/10\\\/2022\\\/12\\\/Silicone-Neutro-C-27-Selagem-a-prova-de-agua_02.png\",\"datePublished\":\"2022-12-22T12:10:59+00:00\",\"dateModified\":\"2025-03-06T13:43:16+00:00\",\"description\":\"PENOSIL Silicone Neutro C-27 selagem \u00e0 prova de \u00e1gua, para juntas el\u00e1sticas em materiais porosos e n\u00e3o porosos. Com fungicida e resistente aos raios UV.\",\"breadcrumb\":{\"@id\":\"https:\\\/\\\/penosil.com\\\/pt\\\/produto\\\/silicone-neutro-c-27-selagem-a-prova-de-agua\\\/#breadcrumb\"},\"inLanguage\":\"pt-PT\",\"potentialAction\":[{\"@type\":\"ReadAction\",\"target\":[\"https:\\\/\\\/penosil.com\\\/pt\\\/produto\\\/silicone-neutro-c-27-selagem-a-prova-de-agua\\\/\"]}]},{\"@type\":\"ImageObject\",\"inLanguage\":\"pt-PT\",\"@id\":\"https:\\\/\\\/penosil.com\\\/pt\\\/produto\\\/silicone-neutro-c-27-selagem-a-prova-de-agua\\\/#primaryimage\",\"url\":\"https:\\\/\\\/penosil.com\\\/pt\\\/wp-content\\\/uploads\\\/sites\\\/10\\\/2022\\\/12\\\/Silicone-Neutro-C-27-Selagem-a-prova-de-agua_02.png\",\"contentUrl\":\"https:\\\/\\\/penosil.com\\\/pt\\\/wp-content\\\/uploads\\\/sites\\\/10\\\/2022\\\/12\\\/Silicone-Neutro-C-27-Selagem-a-prova-de-agua_02.png\",\"width\":387,\"height\":1080,\"caption\":\"Silicone Neutro C-27 Selagem \u00e0 prova de \u00e1gua\"},{\"@type\":\"BreadcrumbList\",\"@id\":\"https:\\\/\\\/penosil.com\\\/pt\\\/produto\\\/silicone-neutro-c-27-selagem-a-prova-de-agua\\\/#breadcrumb\",\"itemListElement\":[{\"@type\":\"ListItem\",\"position\":1,\"name\":\"Home\",\"item\":\"https:\\\/\\\/penosil.com\\\/pt\\\/\"},{\"@type\":\"ListItem\",\"position\":2,\"name\":\"Produtos\",\"item\":\"https:\\\/\\\/penosil.com\\\/pt\\\/produtos\\\/\"},{\"@type\":\"ListItem\",\"position\":3,\"name\":\"Silicone Neutro C-27\"}]},{\"@type\":\"WebSite\",\"@id\":\"https:\\\/\\\/penosil.com\\\/pt\\\/#website\",\"url\":\"https:\\\/\\\/penosil.com\\\/pt\\\/\",\"name\":\"Penosil Portugal\",\"description\":\"\",\"potentialAction\":[{\"@type\":\"SearchAction\",\"target\":{\"@type\":\"EntryPoint\",\"urlTemplate\":\"https:\\\/\\\/penosil.com\\\/pt\\\/?s={search_term_string}\"},\"query-input\":{\"@type\":\"PropertyValueSpecification\",\"valueRequired\":true,\"valueName\":\"search_term_string\"}}],\"inLanguage\":\"pt-PT\"}]}<\/script>\n<!-- \/ Yoast SEO plugin. -->","yoast_head_json":{"title":"PENOSIL Silicone Neutro C-27 Selagem \u00e0 prova de \u00e1gua","description":"PENOSIL Silicone Neutro C-27 selagem \u00e0 prova de \u00e1gua, para juntas el\u00e1sticas em materiais porosos e n\u00e3o porosos. Com fungicida e resistente aos raios UV.","robots":{"index":"index","follow":"follow","max-snippet":"max-snippet:-1","max-image-preview":"max-image-preview:large","max-video-preview":"max-video-preview:-1"},"canonical":"https:\/\/penosil.com\/pt\/produto\/silicone-neutro-c-27-selagem-a-prova-de-agua\/","og_locale":"pt_PT","og_type":"article","og_title":"PENOSIL Silicone Neutro C-27 Selagem \u00e0 prova de \u00e1gua","og_description":"PENOSIL Silicone Neutro C-27 selagem \u00e0 prova de \u00e1gua, para juntas el\u00e1sticas em materiais porosos e n\u00e3o porosos. Com fungicida e resistente aos raios UV.","og_url":"https:\/\/penosil.com\/pt\/produto\/silicone-neutro-c-27-selagem-a-prova-de-agua\/","og_site_name":"Penosil Portugal","article_modified_time":"2025-03-06T13:43:16+00:00","og_image":[{"width":387,"height":1080,"url":"https:\/\/penosil.com\/pt\/wp-content\/uploads\/sites\/10\/2022\/12\/Silicone-Neutro-C-27-Selagem-a-prova-de-agua_02.png","type":"image\/png"}],"twitter_card":"summary_large_image","twitter_misc":{"Tempo estimado de leitura":"3 minutos"},"schema":{"@context":"https:\/\/schema.org","@graph":[{"@type":"WebPage","@id":"https:\/\/penosil.com\/pt\/produto\/silicone-neutro-c-27-selagem-a-prova-de-agua\/","url":"https:\/\/penosil.com\/pt\/produto\/silicone-neutro-c-27-selagem-a-prova-de-agua\/","name":"PENOSIL Silicone Neutro C-27 Selagem \u00e0 prova de \u00e1gua","isPartOf":{"@id":"https:\/\/penosil.com\/pt\/#website"},"primaryImageOfPage":{"@id":"https:\/\/penosil.com\/pt\/produto\/silicone-neutro-c-27-selagem-a-prova-de-agua\/#primaryimage"},"image":{"@id":"https:\/\/penosil.com\/pt\/produto\/silicone-neutro-c-27-selagem-a-prova-de-agua\/#primaryimage"},"thumbnailUrl":"https:\/\/penosil.com\/pt\/wp-content\/uploads\/sites\/10\/2022\/12\/Silicone-Neutro-C-27-Selagem-a-prova-de-agua_02.png","datePublished":"2022-12-22T12:10:59+00:00","dateModified":"2025-03-06T13:43:16+00:00","description":"PENOSIL Silicone Neutro C-27 selagem \u00e0 prova de \u00e1gua, para juntas el\u00e1sticas em materiais porosos e n\u00e3o porosos. Com fungicida e resistente aos raios UV.","breadcrumb":{"@id":"https:\/\/penosil.com\/pt\/produto\/silicone-neutro-c-27-selagem-a-prova-de-agua\/#breadcrumb"},"inLanguage":"pt-PT","potentialAction":[{"@type":"ReadAction","target":["https:\/\/penosil.com\/pt\/produto\/silicone-neutro-c-27-selagem-a-prova-de-agua\/"]}]},{"@type":"ImageObject","inLanguage":"pt-PT","@id":"https:\/\/penosil.com\/pt\/produto\/silicone-neutro-c-27-selagem-a-prova-de-agua\/#primaryimage","url":"https:\/\/penosil.com\/pt\/wp-content\/uploads\/sites\/10\/2022\/12\/Silicone-Neutro-C-27-Selagem-a-prova-de-agua_02.png","contentUrl":"https:\/\/penosil.com\/pt\/wp-content\/uploads\/sites\/10\/2022\/12\/Silicone-Neutro-C-27-Selagem-a-prova-de-agua_02.png","width":387,"height":1080,"caption":"Silicone Neutro C-27 Selagem \u00e0 prova de \u00e1gua"},{"@type":"BreadcrumbList","@id":"https:\/\/penosil.com\/pt\/produto\/silicone-neutro-c-27-selagem-a-prova-de-agua\/#breadcrumb","itemListElement":[{"@type":"ListItem","position":1,"name":"Home","item":"https:\/\/penosil.com\/pt\/"},{"@type":"ListItem","position":2,"name":"Produtos","item":"https:\/\/penosil.com\/pt\/produtos\/"},{"@type":"ListItem","position":3,"name":"Silicone Neutro C-27"}]},{"@type":"WebSite","@id":"https:\/\/penosil.com\/pt\/#website","url":"https:\/\/penosil.com\/pt\/","name":"Penosil Portugal","description":"","potentialAction":[{"@type":"SearchAction","target":{"@type":"EntryPoint","urlTemplate":"https:\/\/penosil.com\/pt\/?s={search_term_string}"},"query-input":{"@type":"PropertyValueSpecification","valueRequired":true,"valueName":"search_term_string"}}],"inLanguage":"pt-PT"}]}},"featured_img":"https:\/\/penosil.com\/pt\/wp-content\/uploads\/sites\/10\/2022\/12\/Silicone-Neutro-C-27-Selagem-a-prova-de-agua_02.png","coauthors":[],"author_meta":{"author_link":"https:\/\/penosil.com\/pt\/author\/pedro\/","display_name":"pedro"},"relative_dates":{"created":"Posted 3 anos ago","modified":"Updated 1 ano ago"},"absolute_dates":{"created":"Posted on 22 de Dezembro, 2022","modified":"Updated on 6 de Mar\u00e7o, 2025"},"absolute_dates_time":{"created":"Posted on 22 de Dezembro, 2022 12:10","modified":"Updated on 6 de Mar\u00e7o, 2025 13:43"},"featured_img_caption":"","tax_additional":{"product_brand":{"linked":[],"unlinked":[],"slug":"product_brand","name":"Marcas"},"product_type":{"linked":["<a href=\"https:\/\/penosil.com\/pt\/?taxonomy=product_type&#038;term=variable\" class=\"advgb-post-tax-term\">variable<\/a>"],"unlinked":["<span class=\"advgb-post-tax-term\">variable<\/span>"],"slug":"product_type","name":"Tipo de produto"},"product_visibility":{"linked":[],"unlinked":[],"slug":"product_visibility","name":"Visibilidade do produto"},"product_cat":{"linked":["<a href=\"https:\/\/penosil.com\/pt\/categoria-produto\/areas-de-aplicacao\/\" class=\"advgb-post-tax-term\">\u00c1reas de aplica\u00e7\u00e3o<\/a>","<a href=\"https:\/\/penosil.com\/pt\/categoria-produto\/areas-de-aplicacao\/janelas-e-portas-2\/\" class=\"advgb-post-tax-term\">Janelas e Portas<\/a>"],"unlinked":["<span class=\"advgb-post-tax-term\">\u00c1reas de aplica\u00e7\u00e3o<\/span>","<span class=\"advgb-post-tax-term\">Janelas e Portas<\/span>"],"slug":"product_cat","name":"Categorias de produto"},"product_tag":{"linked":[],"unlinked":[],"slug":"product_tag","name":"Etiquetas de produto"},"product_shipping_class":{"linked":[],"unlinked":[],"slug":"product_shipping_class","name":"Classes de envio do produto"},"pos_product_visibility":{"linked":[],"unlinked":[],"slug":"pos_product_visibility","name":"POS Product visibility"},"pa_color":{"linked":["<a href=\"https:\/\/penosil.com\/pt\/?taxonomy=pa_color&#038;term=translucido\" class=\"advgb-post-tax-term\">Translucido<\/a>","<a href=\"https:\/\/penosil.com\/pt\/?taxonomy=pa_color&#038;term=ral-7011\" class=\"advgb-post-tax-term\">Ral 7011<\/a>","<a href=\"https:\/\/penosil.com\/pt\/?taxonomy=pa_color&#038;term=cinza-sombra-ral-7022\" class=\"advgb-post-tax-term\">Cinza sombra RAL 7022<\/a>","<a href=\"https:\/\/penosil.com\/pt\/?taxonomy=pa_color&#038;term=castanho-sepia-ral-8014\" class=\"advgb-post-tax-term\">Castanho s\u00e9pia RAL 8014<\/a>","<a href=\"https:\/\/penosil.com\/pt\/?taxonomy=pa_color&#038;term=preto\" class=\"advgb-post-tax-term\">Preto<\/a>","<a href=\"https:\/\/penosil.com\/pt\/?taxonomy=pa_color&#038;term=ral-7013\" class=\"advgb-post-tax-term\">Ral 7013<\/a>","<a href=\"https:\/\/penosil.com\/pt\/?taxonomy=pa_color&#038;term=branco\" class=\"advgb-post-tax-term\">Branco<\/a>","<a href=\"https:\/\/penosil.com\/pt\/?taxonomy=pa_color&#038;term=aluminio-branco-ral-9006\" class=\"advgb-post-tax-term\">Alum\u00ednio branco RAL 9006<\/a>","<a href=\"https:\/\/penosil.com\/pt\/?taxonomy=pa_color&#038;term=cinza-antracite-ral-7016\" class=\"advgb-post-tax-term\">Cinza antracite RAL 7016<\/a>","<a href=\"https:\/\/penosil.com\/pt\/?taxonomy=pa_color&#038;term=cinza\" class=\"advgb-post-tax-term\">Cinza<\/a>"],"unlinked":["<span class=\"advgb-post-tax-term\">Translucido<\/span>","<span class=\"advgb-post-tax-term\">Ral 7011<\/span>","<span class=\"advgb-post-tax-term\">Cinza sombra RAL 7022<\/span>","<span class=\"advgb-post-tax-term\">Castanho s\u00e9pia RAL 8014<\/span>","<span class=\"advgb-post-tax-term\">Preto<\/span>","<span class=\"advgb-post-tax-term\">Ral 7013<\/span>","<span class=\"advgb-post-tax-term\">Branco<\/span>","<span class=\"advgb-post-tax-term\">Alum\u00ednio branco RAL 9006<\/span>","<span class=\"advgb-post-tax-term\">Cinza antracite RAL 7016<\/span>","<span class=\"advgb-post-tax-term\">Cinza<\/span>"],"slug":"pa_color","name":"Product Cor"},"pa_package":{"linked":["<a href=\"https:\/\/penosil.com\/pt\/?taxonomy=pa_package&#038;term=300-ml\" class=\"advgb-post-tax-term\">300 ml<\/a>"],"unlinked":["<span class=\"advgb-post-tax-term\">300 ml<\/span>"],"slug":"pa_package","name":"Product Package"},"translation_priority":{"linked":["<a href=\"https:\/\/penosil.com\/pt\/?taxonomy=translation_priority&#038;term=opcional\" class=\"advgb-post-tax-term\">Opcional<\/a>"],"unlinked":["<span class=\"advgb-post-tax-term\">Opcional<\/span>"],"slug":"translation_priority","name":"Prioridades da Tradu\u00e7\u00e3o"}},"series_order":"","_links":{"self":[{"href":"https:\/\/penosil.com\/pt\/wp-json\/wp\/v2\/product\/8908","targetHints":{"allow":["GET"]}}],"collection":[{"href":"https:\/\/penosil.com\/pt\/wp-json\/wp\/v2\/product"}],"about":[{"href":"https:\/\/penosil.com\/pt\/wp-json\/wp\/v2\/types\/product"}],"version-history":[{"count":6,"href":"https:\/\/penosil.com\/pt\/wp-json\/wp\/v2\/product\/8908\/revisions"}],"predecessor-version":[{"id":10265,"href":"https:\/\/penosil.com\/pt\/wp-json\/wp\/v2\/product\/8908\/revisions\/10265"}],"wp:featuredmedia":[{"embeddable":true,"href":"https:\/\/penosil.com\/pt\/wp-json\/wp\/v2\/media\/10264"}],"wp:attachment":[{"href":"https:\/\/penosil.com\/pt\/wp-json\/wp\/v2\/media?parent=8908"}],"wp:term":[{"taxonomy":"product_brand","embeddable":true,"href":"https:\/\/penosil.com\/pt\/wp-json\/wp\/v2\/product_brand?post=8908"},{"taxonomy":"product_cat","embeddable":true,"href":"https:\/\/penosil.com\/pt\/wp-json\/wp\/v2\/product_cat?post=8908"},{"taxonomy":"product_tag","embeddable":true,"href":"https:\/\/penosil.com\/pt\/wp-json\/wp\/v2\/product_tag?post=8908"}],"curies":[{"name":"wp","href":"https:\/\/api.w.org\/{rel}","templated":true}]}}